{"id":4112,"date":"2019-04-18T21:56:25","date_gmt":"2019-04-18T19:56:25","guid":{"rendered":"http:\/\/blog.lesgrossesorchadeslesamplesthalameges.fr\/?page_id=4112"},"modified":"2019-04-18T21:56:25","modified_gmt":"2019-04-18T19:56:25","slug":"nous-autres-civilisations","status":"publish","type":"page","link":"https:\/\/blog.lesgrossesorchadeslesamplesthalameges.fr\/index.php\/nous-autres-civilisations\/","title":{"rendered":"Nous autres civilisations"},"content":{"rendered":"<p>&nbsp;<\/p>\n<p>&nbsp;<\/p>\n<p>&nbsp;<\/p>\n<p>&nbsp;<\/p>\n<p>&nbsp;<\/p>\n<p>&nbsp;<\/p>\n<p style=\"text-align: center;\"><span style=\"font-family: times new roman, times, serif; font-size: 36pt;\"><strong>\u00a0\u00ab Nous autres, civilisations\u2026 \u00bb<\/strong><\/span><\/p>\n<p style=\"text-align: center;\"><span style=\"font-family: times new roman, times, serif; font-size: 14pt;\"><strong>\u00a0<\/strong><\/span><\/p>\n<p style=\"text-align: center;\"><span style=\"font-family: times new roman, times, serif; font-size: 18pt;\"><strong>R\u00e9gis Debray \u2013 <em>Le Figaro<\/em> \u2013 17.4.2019<\/strong><\/span><\/p>\n<p style=\"text-align: center;\"><span style=\"font-family: times new roman, times, serif; font-size: 14pt;\"><strong>\u00a0<\/strong><\/span><\/p>\n<p style=\"padding-left: 450px;\"><span style=\"font-family: times new roman, times, serif; font-size: 14pt;\"><em>Notre-Dame de Paris est le lieu o\u00f9 convergent deux filiations souvent brouill\u00e9es, la religieuse et la politique, m\u00e9dite l\u2019\u00e9crivain*.<\/em><\/span><\/p>\n<p><span style=\"font-family: times new roman, times, serif; font-size: 14pt;\"><em>\u00a0<\/em><\/span><\/p>\n<p>&nbsp;<\/p>\n<p style=\"text-align: center;\"><span style=\"font-family: times new roman, times, serif; font-size: 14pt;\"><em>\u00a0<img loading=\"lazy\" class=\"alignnone wp-image-4080\" src=\"http:\/\/blog.lesgrossesorchadeslesamplesthalameges.fr\/wp-content\/uploads\/2019\/04\/Notre-Dame-de-Paris_-_rosace_sud-Copie-290x300.jpg\" alt=\"\" width=\"600\" height=\"621\" srcset=\"https:\/\/blog.lesgrossesorchadeslesamplesthalameges.fr\/wp-content\/uploads\/2019\/04\/Notre-Dame-de-Paris_-_rosace_sud-Copie-290x300.jpg 290w, https:\/\/blog.lesgrossesorchadeslesamplesthalameges.fr\/wp-content\/uploads\/2019\/04\/Notre-Dame-de-Paris_-_rosace_sud-Copie-768x795.jpg 768w, https:\/\/blog.lesgrossesorchadeslesamplesthalameges.fr\/wp-content\/uploads\/2019\/04\/Notre-Dame-de-Paris_-_rosace_sud-Copie.jpg 869w\" sizes=\"(max-width: 600px) 100vw, 600px\" \/><\/em><\/span><\/p>\n<p><span style=\"font-family: times new roman, times, serif; font-size: 14pt;\"><em>\u00a0<\/em><\/span><\/p>\n<p>&nbsp;<\/p>\n<p style=\"text-align: justify;\"><span style=\"font-family: times new roman, times, serif; font-size: 14pt;\">Difficile, f\u00fbt-ce \u00e0 son corps d\u00e9fendant, de ne pas se souvenir de Val\u00e9ry, de ne pas attacher une port\u00e9e symbolique \u00e0 la catastrophe. Plus qu\u2019une atteinte au patrimoine, \u00e0 l\u2019\u00e9conomie du tourisme et \u00e0 nos familiarit\u00e9s parisiennes, c\u2019est une blessure grave. Pas seulement pour les \u00e2mes pieuses et la tradition catholique, qui est \u00e0 la peine. Un souverain pontife renon\u00e7ant \u00e0 sa charge, un primat des Gaules condamn\u00e9 \u00e0 une peine de prison, les \u00e9minences ici et l\u00e0 inculp\u00e9es, les s\u00e9minaires d\u00e9sert\u00e9s, et maintenant Notre-Dame incendi\u00e9e : les \u00e9v\u00e9nements prennent pour l\u2019\u00c9glise romaine un tour calamiteux. Et pourquoi ne pas rappeler que la France, vou\u00e9e \u00e0 la Vierge Marie depuis Louis XIII, a la madone pour patronne traditionnelle. De Gaulle ne parle pas par hasard dans ses M\u00e9moires de guerre de la \u00ab madone aux fresques des murs \u00bb et de \u00ab Notre-Dame la France \u00bb. Quelle que soit notre perte de m\u00e9moire collective, c\u2019est une certaine substance populaire et nationale qui est atteinte, \u00e0 travers un point nodal de la communaut\u00e9 civique, un facteur de concorde et non de discorde, le point z\u00e9ro des routes de France, o\u00f9 ont pu converger deux filiations souvent brouill\u00e9es, la religieuse et la politique.<\/span><\/p>\n<p style=\"text-align: justify;\"><span style=\"font-family: times new roman, times, serif; font-size: 14pt;\">Plus que Reims ou Chartres, d\u2019\u00eatre situ\u00e9e au coeur de la capitale donne \u00e0 la basilique m\u00e9tropolitaine la r\u00e9sonance d\u2019un bourdon d\u2019orgue \u00e9trangement patriotique. La France ne se d\u00e9clare plus fille a\u00een\u00e9e de l\u2019\u00c9glise, mais si nous avons justement d\u00e9bout\u00e9 l\u2019alliance entre les \u00c9glises et l\u2019\u00c9tat, le plus la\u00efque d\u2019entre nous ne peut r\u00e9cuser cette continuit\u00e9 mill\u00e9naire. Apr\u00e8s tout, c\u2019est l\u00e0 que fut c\u00e9l\u00e9br\u00e9e sous la R\u00e9volution la prise de la Bastille, et ensuite la d\u00e9esse raison. Il y fut chant\u00e9 le Te Deum pour Charles VII et pour Charles de Gaulle, et c\u00e9l\u00e9br\u00e9 les fun\u00e9railles de Turenne comme du g\u00e9n\u00e9ral Leclerc. On y b\u00e9nissait les \u00e9tendards, on y suspendait nos drapeaux. Les rois de la Bible, au-dessus du portail, furent vandalis\u00e9s parce qu\u2019identifi\u00e9s \u00e0 tort aux rois de France. Le sacre de Napol\u00e9on eut le temple pour th\u00e9\u00e2tre. M\u00eame si les autorit\u00e9s de la R\u00e9publique se sont abstenues, par une interpr\u00e9tation stricte de la la\u00efcit\u00e9, d\u2019assister au Te Deum de 1918, personne n\u2019a manqu\u00e9 \u00e0 celui de 1944. Parce qu\u2019il y a une constance dans notre histoire, qui va de Philippe Auguste, voire des M\u00e9rovingiens, \u00e0 nos brefs monarques agnostiques, du XIIe au XXe si\u00e8cle. Le sanctuaire n\u2019a cess\u00e9 de vivre au rythme des deuils et des espoirs, des liesses et des d\u00e9tresses de la R\u00e9publique, comme r\u00e9compense et ultime recours.<\/span><\/p>\n<p style=\"text-align: justify;\"><span style=\"font-family: times new roman, times, serif; font-size: 14pt;\">Ab\u00eem\u00e9 par le feu mais sauv\u00e9 par la litt\u00e9rature, le lieu de m\u00e9moire restera une pr\u00e9sence tut\u00e9laire, avec Hugo bien s\u00fbr mais aussi P\u00e9guy, Claudel et Proust. \u00ab Ceci tuera cela \u00bb, a fait dire Hugo \u00e0 son archidiacre, devant Notre-Dame. Le petit livre imprim\u00e9, le gigantesque \u00e9difice. Le papier, le Pape. C\u2019\u00e9tait au Moyen \u00c2ge. Et si le livre de papier allait maintenant survivre au livre de pierre\u00a0?<\/span><\/p>\n<p style=\"text-align: justify;\"><span style=\"font-family: times new roman, times, serif; font-size: 14pt;\">N\u2019emp\u00eache qu\u2019on peut se poser la question de savoir ce qui va rester des trois arcs-boutants, des trois fonts baptismaux qui \u00e9taient pour Val\u00e9ry la source et le socle de notre Europe : La Gr\u00e8ce avec Hom\u00e8re et Platon, mais qui apprend encore le grec \u00e0 l\u2019\u00e9cole ? Rome, avec C\u00e9sar et Virgile, mais qui pratique encore, comme le jeune Rimbaud, les vers latins ? Et maintenant, le christianisme, avec sa charpente et ses fl\u00e8ches, ses secrets et ses rites ? Notre civilisation, en ce cas, passerait de l\u2019\u00e8re de la comm\u00e9moration \u00e0 celle de l\u2019arch\u00e9ologie. Ce qui irriguait va-t-il nous laisser \u00e0 sec ? Ce qui nous faisait lever les yeux, faudra-t-il le chercher dans nos sous-sols ? Une mauvaise pens\u00e9e, \u00e0 chasser de sa t\u00eate.<\/span><\/p>\n<p><span style=\"font-family: times new roman, times, serif; font-size: 14pt;\">_________________\u00a0<\/span><\/p>\n<p>&nbsp;<\/p>\n<p><span style=\"font-family: times new roman, times, serif; font-size: 14pt;\">* R\u00e9gis Debray a publi\u00e9 r\u00e9cemment <em>Bilan de faillite<\/em> (Gallimard, 2018).<\/span><\/p>\n<p>&nbsp;<\/p>\n<p>&nbsp;<\/p>\n<p>&nbsp;<\/p>\n<p><img loading=\"lazy\" class=\"alignnone size-full wp-image-4075 aligncenter\" src=\"http:\/\/blog.lesgrossesorchadeslesamplesthalameges.fr\/wp-content\/uploads\/2019\/04\/2.Marianne-pleurant-petit-xxx.gif\" alt=\"\" width=\"72\" height=\"86\" \/><\/p>\n<p>&nbsp;<\/p>\n<p>&nbsp;<\/p>\n<p style=\"text-align: right;\"><span style=\"font-family: comic sans ms, sans-serif; font-size: 14pt;\">18 avril 2019<\/span><\/p>\n<p>&nbsp;<\/p>\n<p>&nbsp;<\/p>\n<p>&nbsp;<\/p>\n","protected":false},"excerpt":{"rendered":"<p>&nbsp; &nbsp; &nbsp; &nbsp; &nbsp; &nbsp; \u00a0\u00ab Nous autres, civilisations\u2026 \u00bb \u00a0 R\u00e9gis Debray \u2013 Le Figaro \u2013 17.4.2019 \u00a0 Notre-Dame de Paris est le lieu o\u00f9 convergent deux filiations souvent brouill\u00e9es, la religieuse et la politique, m\u00e9dite l\u2019\u00e9crivain*. \u00a0 &nbsp; \u00a0 \u00a0 &nbsp; Difficile, f\u00fbt-ce \u00e0 son corps d\u00e9fendant, de ne pas se souvenir&#8230;<\/p>\n","protected":false},"author":1,"featured_media":0,"parent":0,"menu_order":0,"comment_status":"open","ping_status":"open","template":"","meta":[],"_links":{"self":[{"href":"https:\/\/blog.lesgrossesorchadeslesamplesthalameges.fr\/index.php\/wp-json\/wp\/v2\/pages\/4112"}],"collection":[{"href":"https:\/\/blog.lesgrossesorchadeslesamplesthalameges.fr\/index.php\/wp-json\/wp\/v2\/pages"}],"about":[{"href":"https:\/\/blog.lesgrossesorchadeslesamplesthalameges.fr\/index.php\/wp-json\/wp\/v2\/types\/page"}],"author":[{"embeddable":true,"href":"https:\/\/blog.lesgrossesorchadeslesamplesthalameges.fr\/index.php\/wp-json\/wp\/v2\/users\/1"}],"replies":[{"embeddable":true,"href":"https:\/\/blog.lesgrossesorchadeslesamplesthalameges.fr\/index.php\/wp-json\/wp\/v2\/comments?post=4112"}],"version-history":[{"count":0,"href":"https:\/\/blog.lesgrossesorchadeslesamplesthalameges.fr\/index.php\/wp-json\/wp\/v2\/pages\/4112\/revisions"}],"wp:attachment":[{"href":"https:\/\/blog.lesgrossesorchadeslesamplesthalameges.fr\/index.php\/wp-json\/wp\/v2\/media?parent=4112"}],"curies":[{"name":"wp","href":"https:\/\/api.w.org\/{rel}","templated":true}]}}