{"id":4118,"date":"2019-04-18T22:07:31","date_gmt":"2019-04-18T20:07:31","guid":{"rendered":"http:\/\/blog.lesgrossesorchadeslesamplesthalameges.fr\/?page_id=4118"},"modified":"2019-04-18T22:07:58","modified_gmt":"2019-04-18T20:07:58","slug":"bamiyan-babylone-palmyre-notre-dame","status":"publish","type":"page","link":"https:\/\/blog.lesgrossesorchadeslesamplesthalameges.fr\/index.php\/bamiyan-babylone-palmyre-notre-dame\/","title":{"rendered":"Bamiyan, Babylone, Palmyre, Notre-Dame"},"content":{"rendered":"<p><strong>\u00a0<\/strong><\/p>\n<p>&nbsp;<\/p>\n<p>&nbsp;<\/p>\n<p>&nbsp;<\/p>\n<p>&nbsp;<\/p>\n<p>&nbsp;<\/p>\n<p style=\"text-align: center;\"><span style=\"font-family: times new roman, times, serif; font-size: 36pt;\"><strong>Bamiyan, Babylone, Palmyre, Notre-Dame<\/strong><\/span><\/p>\n<p>&nbsp;<\/p>\n<p style=\"text-align: center;\"><span style=\"font-family: times new roman, times, serif; font-size: 18pt;\"><strong>Pepe Escobar \u2013 <em>I.C.H.<\/em> \u2013 16.4.2019<\/strong><\/span><\/p>\n<p style=\"text-align: center;\"><span style=\"font-family: times new roman, times, serif; font-size: 14pt;\"><strong>\u00a0<\/strong><\/span><\/p>\n<p>&nbsp;<\/p>\n<p><img loading=\"lazy\" class=\"aligncenter wp-image-4119\" src=\"http:\/\/blog.lesgrossesorchadeslesamplesthalameges.fr\/wp-content\/uploads\/2019\/04\/Palmyre-1-300x200.jpg\" alt=\"\" width=\"600\" height=\"400\" srcset=\"https:\/\/blog.lesgrossesorchadeslesamplesthalameges.fr\/wp-content\/uploads\/2019\/04\/Palmyre-1-300x200.jpg 300w, https:\/\/blog.lesgrossesorchadeslesamplesthalameges.fr\/wp-content\/uploads\/2019\/04\/Palmyre-1.jpg 625w\" sizes=\"(max-width: 600px) 100vw, 600px\" \/><\/p>\n<p>&nbsp;<\/p>\n<p>&nbsp;<\/p>\n<p style=\"text-align: justify;\"><strong><span style=\"font-family: tahoma, arial, helvetica, sans-serif; font-size: 12pt; color: #0b8a66;\">Dans son style ironique (voir ci-apr\u00e8s son article dont nous reproduisons le titre sobre et explicite) le grand journaliste international Pepe Escobar prend heureusement de la distance avec la clameur m\u00e9diatique et politique d\u00e9clench\u00e9e par l\u2019incendie de Notre Dame de Paris et il souligne le danger de l\u2019op\u00e9ration de manipulation de l\u2019opinion en cours. En effet, l\u2019\u00e9motion sinc\u00e8re de la population ne doit pas cacher :<\/span><\/strong><\/p>\n<p>&nbsp;<\/p>\n<p style=\"text-align: justify; padding-left: 90px;\"><strong><span style=\"font-family: tahoma, arial, helvetica, sans-serif; font-size: 12pt; color: #0b8a66;\">1- Que l\u2019Etat a failli en toute connaissance de cause \u00e0 ses obligations l\u00e9gales Issues de la loi de s\u00e9paration de l\u2019\u00e9glise et de l\u2019Etat de 1905.<\/span><\/strong><\/p>\n<p style=\"text-align: justify; padding-left: 90px;\"><strong><span style=\"font-family: tahoma, arial, helvetica, sans-serif; font-size: 12pt; color: #0b8a66;\">2- Que les projets tr\u00e8s dangereux et inqui\u00e9tants de Macron de modifier cette loi ouvrent la porte \u00e0 la privatisation du patrimoine architectural national.<\/span><\/strong><\/p>\n<p style=\"text-align: justify; padding-left: 90px;\"><strong><span style=\"font-family: tahoma, arial, helvetica, sans-serif; font-size: 12pt; color: #0b8a66;\">3- Que le grand capital et les grandes fortunes fran\u00e7aises (Arnault et Pinault) \u00e9taient d\u00e9j\u00e0 en embuscade , la promptitude de leur r\u00e9action permet de le penser, pour mettre la main sur le pactole et ont donc mis dans l\u2019instant sur la table de ce poker institutionnel 300 millions d\u2019euros face au petit joueur Macron qui est en fait leur comp\u00e8re et perd toujours. (Dans ce jeu truqu\u00e9 l\u2019Etat s\u2019endette et les milliardaires s\u2019enrichissent)<\/span><\/strong><\/p>\n<p style=\"text-align: justify; padding-left: 90px;\"><strong><span style=\"font-family: tahoma, arial, helvetica, sans-serif; font-size: 12pt; color: #0b8a66;\">4- Que le r\u00e9tablissement de l\u2019ISF (environ 4 milliards par an) qu\u2019Arnault et Pinault sont reconnaissants \u00e0 Macron de ne pas payer aurait permis \u00e0 l\u2019Etat de remplir cette obligation de r\u00e9novation de Notre Dame de Paris (150 millions d\u2019euros) et bien d\u2019autres.<\/span><\/strong><\/p>\n<p style=\"text-align: justify; padding-left: 90px;\"><strong><span style=\"font-family: tahoma, arial, helvetica, sans-serif; font-size: 12pt; color: #0b8a66;\">5- Qu\u2019il est de la plus extr\u00eame urgence que cet argent qui n\u2019est qu\u2019une toute petite partie de l\u2019immense patrimoine de ces donateurs soit vers\u00e9 dans un fonds public contr\u00f4l\u00e9 par les repr\u00e9sentants de la population. Ce fonds devrait s\u2019inspirer du principe qui r\u00e9git les coop\u00e9ratives : chaque donateur, qu\u2019il ait vers\u00e9 un euro ou 100 000, dispose d\u2019une voix. Dans la r\u00e9publique cela s\u2019appelle l\u2019EGALITE.<\/span><\/strong><\/p>\n<p style=\"text-align: justify; padding-left: 90px;\"><strong><span style=\"font-family: tahoma, arial, helvetica, sans-serif; font-size: 12pt; color: #0b8a66;\">6- Que la France soutient et arme l\u2019Arabie Saoudite qui, dans sa guerre meurtri\u00e8re contre le Y\u00e9men, s\u2019emploie \u00e0 d\u00e9truire les tr\u00e9sors arch\u00e9ologiques du pays largement pr\u00e9sents au patrimoine mondial de l\u2019UNESCO.<\/span><\/strong><\/p>\n<p>&nbsp;<\/p>\n<p style=\"text-align: justify;\"><strong><span style=\"font-family: tahoma, arial, helvetica, sans-serif; font-size: 12pt; color: #0b8a66;\">COMAGUER<\/span><\/strong><\/p>\n<p>&nbsp;<\/p>\n<p style=\"text-align: center;\"><span style=\"font-family: times new roman, times, serif; font-size: 14pt;\"><strong>\u00a0<img loading=\"lazy\" class=\"alignnone size-full wp-image-4075\" src=\"http:\/\/blog.lesgrossesorchadeslesamplesthalameges.fr\/wp-content\/uploads\/2019\/04\/2.Marianne-pleurant-petit-xxx.gif\" alt=\"\" width=\"72\" height=\"86\" \/><\/strong><\/span><\/p>\n<p>&nbsp;<\/p>\n<p style=\"text-align: center;\"><span style=\"font-family: times new roman, times, serif; font-size: 36pt;\"><strong>Bamiyan, Babylone, Palmyre, Notre-Dame<\/strong><\/span><\/p>\n<p>&nbsp;<\/p>\n<p style=\"text-align: center;\"><strong><span style=\"font-family: times new roman, times, serif; font-size: 18pt;\">Par Pepe Escobar<\/span><\/strong><br \/>\n<strong><span style=\"font-family: times new roman, times, serif; font-size: 18pt;\">Publi\u00e9 le 16 avril 2019 par <em>Information Clearing House<\/em> <\/span><\/strong><br \/>\n<span style=\"font-size: 18pt; font-family: times new roman, times, serif;\">Traduction <strong>Comaguer<\/strong><\/span><\/p>\n<p>&nbsp;<\/p>\n<p style=\"text-align: justify;\"><span style=\"font-family: times new roman, times, serif; font-size: 14pt;\">Les Bouddhas de Bamiyan ont \u00e9t\u00e9 d\u00e9truits par une secte intol\u00e9rante pr\u00e9tendant suivre l\u2019Islam. Dans toute l\u2019Asie le bouddhisme a \u00e9t\u00e9 afflig\u00e9. L\u2019Occident n\u2019y a gu\u00e8re pr\u00eat\u00e9 attention.<\/span><\/p>\n<p style=\"text-align: justify;\"><span style=\"font-family: times new roman, times, serif; font-size: 14pt;\">Les ruines restantes de Babylone, et le mus\u00e9e qui y \u00e9tait associ\u00e9, ont \u00e9t\u00e9 occup\u00e9s, pill\u00e9s et vandalis\u00e9es par une base des marines US pendant l\u2019op\u00e9ration \u00ab Shock and Awe \u00bb en 2003. L\u2019Occident n\u2019y a pas pr\u00eat\u00e9 attention.<\/span><\/p>\n<p style=\"text-align: justify;\"><span style=\"font-family: times new roman, times, serif; font-size: 14pt;\">De vastes secteurs de Palmyre \u2013 oasis l\u00e9gendaire sur la route de la soie \u2013 ont \u00e9t\u00e9 d\u00e9truits par une autre secte intol\u00e9rante qui pr\u00e9tendait suivre l\u2019Islam avec ses arri\u00e8res couverts par des couches de renseignement occidental. (ndt : il s\u2019agit des arri\u00e8res au sens militaire ce qui veut dire que les djihadistes qui n\u2019avaient ni drones ni satellites d\u2019observation recevaient des services de renseignement occidentaux des informations sur les mouvements de l\u2019arm\u00e9e arabe syrienne). L\u2019Occident n\u2019y a pas pr\u00eat\u00e9 attention.<\/span><\/p>\n<p style=\"text-align: justify;\"><span style=\"font-family: times new roman, times, serif; font-size: 14pt;\">En Syrie des dizaines d\u2019\u00e9glises catholiques et orthodoxes ont \u00e9t\u00e9 incendi\u00e9es par la m\u00eame secte intol\u00e9rante qui pr\u00e9tendait suivre l\u2019Islam avec ses arri\u00e8res sponsoris\u00e9s et arm\u00e9s, entre autres, par les \u00c9tats-Unis, la Grande-Bretagne et la France. L\u2019Occident n\u2019y a pr\u00eat\u00e9 aucune attention.<\/span><\/p>\n<p style=\"text-align: justify;\"><span style=\"font-family: times new roman, times, serif; font-size: 14pt;\">Notre-Dame, qui \u00e0 bien des \u00e9gards peut \u00eatre consid\u00e9r\u00e9e comme la matrice de l\u2019Occident, s\u2019est partiellement consum\u00e9e dans un feu th\u00e9oriquement aveugle.<\/span><\/p>\n<p style=\"text-align: justify;\"><span style=\"font-family: times new roman, times, serif; font-size: 14pt;\">Surtout le toit : des centaines de poutres en ch\u00eane, dont certaines datent du XIIIe si\u00e8cle.<\/span><\/p>\n<p style=\"text-align: justify;\"><span style=\"font-family: times new roman, times, serif; font-size: 14pt;\">M\u00e9taphoriquement, cela pourrait \u00eatre interpr\u00e9t\u00e9 comme la combustion du toit sur les t\u00eates collectives de l\u2019Ouest.<\/span><\/p>\n<p style=\"text-align: justify;\"><span style=\"font-family: times new roman, times, serif; font-size: 14pt;\">Mauvais karma ? Rien d\u2019autre ?<\/span><\/p>\n<p style=\"text-align: justify;\"><span style=\"font-family: times new roman, times, serif; font-size: 14pt;\">Revenons maintenant aux aspects concrets.<\/span><\/p>\n<p style=\"text-align: justify;\"><span style=\"font-family: times new roman, times, serif; font-size: 14pt;\">Notre-Dame de Paris appartient \u00e0 l\u2019\u00c9tat Fran\u00e7ais, qui n\u2019a pas beaucoup accord\u00e9 d\u2019attention \u00e0 un joyau gothique qui traversa huit si\u00e8cles.<\/span><\/p>\n<p style=\"text-align: justify;\"><span style=\"font-family: times new roman, times, serif; font-size: 14pt;\">Des fragments d\u2019arcades, de chim\u00e8res, de reliefs, de gargouilles tombaient toujours au sol et \u00e9taient conserv\u00e9s dans un d\u00e9p\u00f4t improvis\u00e9 \u00e0 l\u2019arri\u00e8re de la cath\u00e9drale. Il a fallu attendre l\u2019ann\u00e9e derni\u00e8re pour que Notre-Dame obtienne un ch\u00e8que de 2 millions d\u2019euros pour restaurer la fl\u00e8che \u2013 qui a br\u00fbl\u00e9 et est tomb\u00e9e hier.<\/span><\/p>\n<p style=\"text-align: justify;\"><span style=\"font-family: times new roman, times, serif; font-size: 14pt;\">Selon le meilleur expert du monde sur Notre-Dame, qui se trouve \u00eatre un Am\u00e9ricain, Andrew Tallon, (ndt : d\u00e9c\u00e9d\u00e9 r\u00e9cemment cet universitaire avait mis au point un syst\u00e8me de scanographie des monuments permettant leur reproduction en 3 D qu\u2019il a appliqu\u00e9 \u00e0 Notre-Dame de Paris dans sa totalit\u00e9) la restauration de l\u2019ensemble de la cath\u00e9drale aurait co\u00fbt\u00e9 150 millions d\u2019euros.<\/span><\/p>\n<p style=\"text-align: justify;\"><span style=\"font-family: times new roman, times, serif; font-size: 14pt;\">R\u00e9cemment, les gardiens de la cath\u00e9drale et l\u2019\u00c9tat Fran\u00e7ais \u00e9taient v\u00e9ritablement en guerre. L\u2019\u00c9tat Fran\u00e7ais gagnait au moins 4 millions d\u2019euros par an, en faisant payer aux touristes l\u2019entr\u00e9e aux tours mais reversait seulement 2 millions d\u2019euros pour l\u2019entretien de Notre-Dame. Le recteur de Notre-Dame a refus\u00e9 de faire payer l\u2019entr\u00e9e \u00e0 la cath\u00e9drale \u2013 comme cela se produit, par exemple, au <em>Duomo<\/em> (NDT la cath\u00e9drale) de Milan.<\/span><\/p>\n<p style=\"text-align: justify;\"><span style=\"font-family: times new roman, times, serif; font-size: 14pt;\">Notre-Dame survit essentiellement gr\u00e2ce aux dons \u2013 qui permettent de payer les salaires des 70 employ\u00e9s qui doivent non seulement superviser les masses de touristes, mais aussi organiser huit messes par jour.<\/span><\/p>\n<p style=\"text-align: justify;\"><span style=\"font-family: times new roman, times, serif; font-size: 14pt;\">La proposition de l\u2019\u00c9tat Fran\u00e7ais pour all\u00e9ger cette charge : organiser une loterie de bienfaisance. Ce qui veut dire : privatiser ce qui est un renoncement \u00e0 l\u2019engagement et aux obligations de l\u2019\u00c9tat. (NDT : en application de la loi de 1905)<\/span><\/p>\n<p style=\"text-align: justify;\"><span style=\"font-family: times new roman, times, serif; font-size: 14pt;\">Alors oui : Sarkozy et Macron, leurs gouvernements entiers sont directement et indirectement responsables de l\u2019incendie. Maintenant vient l\u2019heure de la Notre-Dame des milliardaires.<\/span><\/p>\n<p style=\"text-align: justify;\"><span style=\"font-family: times new roman, times, serif; font-size: 14pt;\">Pinault (Gucci, Saint-Laurent) a promis 100 millions euros de sa fortune personnelle pour la restauration. Arnault (Louis Vuitton Mo\u00ebt Hennessy) a doubl\u00e9, s\u2019engageant \u00e0 200 millions d\u2019euros. Alors pourquoi ne pas privatiser ce sacr\u00e9 patrimoine immobilier \u2013 dans le style<\/span><br \/>\n<span style=\"font-family: times new roman, times, serif; font-size: 14pt;\">\u00ab capitalisme d\u00e9sastre \u00bb ? Bienvenue \u00e0 Notre-Dame, r\u00e9sidence de luxe, h\u00f4tel et centre commercial rattach\u00e9.<\/span><\/p>\n<p><span style=\"font-family: times new roman, times, serif; font-size: 14pt;\">Pepe Escobar est correspondant r\u00e9gulier d\u2019<em>Asia Times<\/em>. Son dernier livre est <em>2030<\/em>.<\/span><\/p>\n<p><span style=\"font-family: times new roman, times, serif; font-size: 14pt;\">Source\u00a0: <\/span><a href=\"https:\/\/histoireetsociete.wordpress.com\/2019\/04\/18\/bamiyan-babylonepalmyre-notre-dame\/\"><span style=\"font-family: times new roman, times, serif; font-size: 14pt;\">https:\/\/histoireetsociete.wordpress.com\/2019\/04\/18\/bamiyan-babylonepalmyre-notre-dame\/<\/span><\/a><\/p>\n<p>&nbsp;<\/p>\n<p>&nbsp;<\/p>\n<p style=\"text-align: center;\"><strong><img loading=\"lazy\" class=\"alignnone size-full wp-image-4075\" src=\"http:\/\/blog.lesgrossesorchadeslesamplesthalameges.fr\/wp-content\/uploads\/2019\/04\/2.Marianne-pleurant-petit-xxx.gif\" alt=\"\" width=\"72\" height=\"86\" \/><\/strong><\/p>\n<p>&nbsp;<\/p>\n<p>&nbsp;<\/p>\n<p style=\"text-align: right;\"><span style=\"font-family: comic sans ms, sans-serif;\">18 avril 2019<\/span><\/p>\n<p>&nbsp;<\/p>\n<p>&nbsp;<\/p>\n<p>&nbsp;<\/p>\n","protected":false},"excerpt":{"rendered":"<p>\u00a0 &nbsp; &nbsp; &nbsp; &nbsp; &nbsp; Bamiyan, Babylone, Palmyre, Notre-Dame &nbsp; Pepe Escobar \u2013 I.C.H. \u2013 16.4.2019 \u00a0 &nbsp; &nbsp; &nbsp; Dans son style ironique (voir ci-apr\u00e8s son article dont nous reproduisons le titre sobre et explicite) le grand journaliste international Pepe Escobar prend heureusement de la distance avec la clameur m\u00e9diatique et politique d\u00e9clench\u00e9e&#8230;<\/p>\n","protected":false},"author":1,"featured_media":0,"parent":0,"menu_order":0,"comment_status":"open","ping_status":"open","template":"","meta":[],"_links":{"self":[{"href":"https:\/\/blog.lesgrossesorchadeslesamplesthalameges.fr\/index.php\/wp-json\/wp\/v2\/pages\/4118"}],"collection":[{"href":"https:\/\/blog.lesgrossesorchadeslesamplesthalameges.fr\/index.php\/wp-json\/wp\/v2\/pages"}],"about":[{"href":"https:\/\/blog.lesgrossesorchadeslesamplesthalameges.fr\/index.php\/wp-json\/wp\/v2\/types\/page"}],"author":[{"embeddable":true,"href":"https:\/\/blog.lesgrossesorchadeslesamplesthalameges.fr\/index.php\/wp-json\/wp\/v2\/users\/1"}],"replies":[{"embeddable":true,"href":"https:\/\/blog.lesgrossesorchadeslesamplesthalameges.fr\/index.php\/wp-json\/wp\/v2\/comments?post=4118"}],"version-history":[{"count":0,"href":"https:\/\/blog.lesgrossesorchadeslesamplesthalameges.fr\/index.php\/wp-json\/wp\/v2\/pages\/4118\/revisions"}],"wp:attachment":[{"href":"https:\/\/blog.lesgrossesorchadeslesamplesthalameges.fr\/index.php\/wp-json\/wp\/v2\/media?parent=4118"}],"curies":[{"name":"wp","href":"https:\/\/api.w.org\/{rel}","templated":true}]}}