{"id":4280,"date":"2019-04-22T23:22:31","date_gmt":"2019-04-22T21:22:31","guid":{"rendered":"http:\/\/blog.lesgrossesorchadeslesamplesthalameges.fr\/?page_id=4280"},"modified":"2019-04-22T23:22:31","modified_gmt":"2019-04-22T21:22:31","slug":"en-equateur-des-heurts-violents","status":"publish","type":"page","link":"https:\/\/blog.lesgrossesorchadeslesamplesthalameges.fr\/index.php\/en-equateur-des-heurts-violents\/","title":{"rendered":"En \u00c9quateur, des heurts violents"},"content":{"rendered":"<p>&nbsp;<\/p>\n<p>&nbsp;<\/p>\n<p>&nbsp;<\/p>\n<p>&nbsp;<\/p>\n<p>&nbsp;<\/p>\n<p style=\"text-align: center;\"><span style=\"font-family: times new roman, times, serif; font-size: 36pt;\"><strong>En \u00c9quateur, de violents heurts en marge des manifestations contre l&rsquo;arrestation de Julian Assange (Vid\u00e9o)<\/strong><\/span><\/p>\n<p>&nbsp;<\/p>\n<p style=\"text-align: center;\"><span style=\"font-family: times new roman, times, serif; font-size: 18pt;\"><strong><em>RT France<\/em><\/strong><strong> \u2013 17.4.2019<\/strong><\/span><\/p>\n<p style=\"text-align: center;\"><span style=\"font-family: times new roman, times, serif; font-size: 14pt;\"><strong><em>\u00a0<\/em><\/strong><\/span><\/p>\n<p>&nbsp;<\/p>\n<p style=\"text-align: center;\"><img loading=\"lazy\" class=\"alignnone wp-image-4182\" src=\"http:\/\/blog.lesgrossesorchadeslesamplesthalameges.fr\/wp-content\/uploads\/2019\/04\/QUITO-300x169.jpg\" alt=\"\" width=\"600\" height=\"337\" srcset=\"https:\/\/blog.lesgrossesorchadeslesamplesthalameges.fr\/wp-content\/uploads\/2019\/04\/QUITO-300x169.jpg 300w, https:\/\/blog.lesgrossesorchadeslesamplesthalameges.fr\/wp-content\/uploads\/2019\/04\/QUITO-768x432.jpg 768w, https:\/\/blog.lesgrossesorchadeslesamplesthalameges.fr\/wp-content\/uploads\/2019\/04\/QUITO.jpg 790w\" sizes=\"(max-width: 600px) 100vw, 600px\" \/><\/p>\n<p style=\"text-align: center;\"><span style=\"font-family: times new roman, times, serif; font-size: 12pt;\"><strong><em>Manifestants contre l&rsquo;arrestation de Julian Assange et contre le pouvoir face aux forces de police \u00e0 Quito en Equateur le 17 avril.<\/em><\/strong><\/span><\/p>\n<p>&nbsp;<\/p>\n<p>&nbsp;<\/p>\n<p style=\"text-align: justify;\"><span style=\"font-family: times new roman, times, serif; font-size: 14pt;\">\u00c0 Quito, des centaines de manifestants en soutien \u00e0 Julian Assange, oppos\u00e9s au pr\u00e9sident Lenin Moreno, se sont violemment heurt\u00e9s \u00e0 la police alors qu&rsquo;ils se rendaient vers le palais pr\u00e9sidentiel.<\/span><\/p>\n<p style=\"text-align: justify;\"><span style=\"font-family: times new roman, times, serif; font-size: 14pt;\">Le 17 avril, des centaines de personnes ont battu le pav\u00e9 \u00e0 Quito, capitale de l\u2019\u00c9quateur, pour manifester contre la d\u00e9cision du gouvernement de laisser la police britannique <a href=\"https:\/\/francais.rt.com\/international\/60877-equateur-retire-asile-julian-assange-police-britannique-arrete-ambassade\">arr\u00eater Julian Assange dans son ambassade de Londres le 11 avril<\/a>.\u00a0<\/span><\/p>\n<p style=\"text-align: justify;\"><span style=\"font-family: times new roman, times, serif; font-size: 14pt;\">Les protestataires, qui accusaient le pr\u00e9sident \u00e9quatorien Lenin Moreno de tra\u00eetrise, tentaient de se diriger vers le palais pr\u00e9sidentiel. Les forces de l\u2019ordre et la police mont\u00e9e ont men\u00e9 des charges violentes contre les manifestants. Selon le quotidien allemand <a href=\"https:\/\/www.dw.com\/en\/ecuador-assange-supporters-clash-with-police\/a-48366030\"><em>Deutsche Welle<\/em>,<\/a> deux photo-journalistes ont \u00e9t\u00e9 bless\u00e9s.<\/span><\/p>\n<p>&nbsp;<\/p>\n<p>&nbsp;<\/p>\n<p style=\"text-align: center;\"><span style=\"font-family: times new roman, times, serif; font-size: 14pt;\"><iframe loading=\"lazy\" src=\"\/\/www.youtube.com\/embed\/VNn1xo90v7A\" width=\"560\" height=\"315\" frameborder=\"0\" allowfullscreen=\"allowfullscreen\"><\/iframe><\/span><\/p>\n<p>&nbsp;<\/p>\n<p style=\"text-align: justify;\"><span style=\"font-family: times new roman, times, serif; font-size: 14pt;\">Les manifestants soutiennent le pr\u00e9sident sortant Rafael Correa, qui avait accord\u00e9 l&rsquo;asile au lanceur d&rsquo;alerte et l&rsquo;avait prot\u00e9g\u00e9 durant sept ans. L&rsquo;ancien chef d&rsquo;Etat et le nouveau pr\u00e9sident \u00e9quatorien Lenin Moreno ont depuis 2017, date des \u00e9lections, des divergences irr\u00e9conciliables. La manifestation visait aussi \u00e0 d\u00e9noncer la corruption suppos\u00e9e du nouveau chef d&rsquo;Etat et de son gouvernement, et le p<a href=\"https:\/\/francais.rt.com\/international\/60997-julian-assange-lache-par-equateur-violation-conditions-asile-accord-fmi\">r\u00eat fort opportun\u00e9ment accord\u00e9 par le Fonds mon\u00e9taire international (FMI) \u00e0 la suite de l&rsquo;arrestation<\/a>\u00a0<em>[mais non, pas \u00ab\u00a0\u00e0 la suite\u00a0\u00bb, juste avant, ndGO] <\/em>du fondateur de Wikileaks.<\/span><\/p>\n<p style=\"text-align: justify;\"><span style=\"font-family: times new roman, times, serif; font-size: 14pt;\">Lenin Moreno a justifi\u00e9 la r\u00e9vocation de l&rsquo;asile par le fait que Julian Assange se serait m\u00eal\u00e9 d&rsquo;affaires internationales, aurait install\u00e9 des \u00e9quipements \u00e9lectroniques interdits dans le b\u00e2timent et aurait acc\u00e9d\u00e9 aux fichiers de s\u00e9curit\u00e9 de l&rsquo;Ambassade sans leur permission. Mais les d\u00e9tracteurs du pr\u00e9sident suspectent plut\u00f4t le scandale li\u00e9 \u00e0 la divulgation de documents incriminant le chef de l&rsquo;Etat. Quelques jours avant l&rsquo;arrestation, un site anonyme avait d\u00e9voil\u00e9 des fichiers r\u00e9v\u00e9lant une suppos\u00e9e corruption de la famille de Lenin Moreno. Wikileaks avait repris l&rsquo;information le 4 avril, mais a ni\u00e9 \u00eatre l&rsquo;auteur de la fuite. Le pr\u00e9sident \u00e9quatorien en a attribu\u00e9 l&rsquo;origine \u00e0 Julian Assange.\u00a0<\/span><\/p>\n<p style=\"text-align: left;\"><span style=\"font-family: times new roman, times, serif; font-size: 14pt;\">Source\u00a0: <a href=\"https:\/\/francais.rt.com\/international\/61135-equateur-violents-heurts-marge-manifestations-soutien-assange\">https:\/\/francais.rt.com\/international\/61135-equateur-violents-heurts-marge-manifestations-soutien-assange<\/a><\/span><\/p>\n<p>&nbsp;<\/p>\n<p>&nbsp;<\/p>\n<p style=\"text-align: center;\"><img loading=\"lazy\" class=\"alignnone size-full wp-image-4192\" src=\"http:\/\/blog.lesgrossesorchadeslesamplesthalameges.fr\/wp-content\/uploads\/2019\/04\/2.-DangerousTimes-x-1.gif\" alt=\"\" width=\"70\" height=\"63\" \/><\/p>\n<p>&nbsp;<\/p>\n<p>&nbsp;<\/p>\n<p style=\"text-align: right;\"><span style=\"font-family: comic sans ms, sans-serif; font-size: 14pt;\">22 avril 2019<\/span><\/p>\n<p>&nbsp;<\/p>\n<p>&nbsp;<\/p>\n","protected":false},"excerpt":{"rendered":"<p>&nbsp; &nbsp; &nbsp; &nbsp; &nbsp; En \u00c9quateur, de violents heurts en marge des manifestations contre l&rsquo;arrestation de Julian Assange (Vid\u00e9o) &nbsp; RT France \u2013 17.4.2019 \u00a0 &nbsp; Manifestants contre l&rsquo;arrestation de Julian Assange et contre le pouvoir face aux forces de police \u00e0 Quito en Equateur le 17 avril. &nbsp; &nbsp; \u00c0 Quito, des centaines&#8230;<\/p>\n","protected":false},"author":1,"featured_media":0,"parent":0,"menu_order":0,"comment_status":"open","ping_status":"open","template":"","meta":[],"_links":{"self":[{"href":"https:\/\/blog.lesgrossesorchadeslesamplesthalameges.fr\/index.php\/wp-json\/wp\/v2\/pages\/4280"}],"collection":[{"href":"https:\/\/blog.lesgrossesorchadeslesamplesthalameges.fr\/index.php\/wp-json\/wp\/v2\/pages"}],"about":[{"href":"https:\/\/blog.lesgrossesorchadeslesamplesthalameges.fr\/index.php\/wp-json\/wp\/v2\/types\/page"}],"author":[{"embeddable":true,"href":"https:\/\/blog.lesgrossesorchadeslesamplesthalameges.fr\/index.php\/wp-json\/wp\/v2\/users\/1"}],"replies":[{"embeddable":true,"href":"https:\/\/blog.lesgrossesorchadeslesamplesthalameges.fr\/index.php\/wp-json\/wp\/v2\/comments?post=4280"}],"version-history":[{"count":0,"href":"https:\/\/blog.lesgrossesorchadeslesamplesthalameges.fr\/index.php\/wp-json\/wp\/v2\/pages\/4280\/revisions"}],"wp:attachment":[{"href":"https:\/\/blog.lesgrossesorchadeslesamplesthalameges.fr\/index.php\/wp-json\/wp\/v2\/media?parent=4280"}],"curies":[{"name":"wp","href":"https:\/\/api.w.org\/{rel}","templated":true}]}}