{"id":4306,"date":"2019-04-22T23:58:14","date_gmt":"2019-04-22T21:58:14","guid":{"rendered":"http:\/\/blog.lesgrossesorchadeslesamplesthalameges.fr\/?page_id=4306"},"modified":"2019-04-22T23:58:26","modified_gmt":"2019-04-22T21:58:26","slug":"les-malheurs-de-gribouille","status":"publish","type":"page","link":"https:\/\/blog.lesgrossesorchadeslesamplesthalameges.fr\/index.php\/les-malheurs-de-gribouille\/","title":{"rendered":"Les malheurs de Gribouille ?"},"content":{"rendered":"<p>&nbsp;<\/p>\n<p>&nbsp;<\/p>\n<p>&nbsp;<\/p>\n<p>&nbsp;<\/p>\n<p>&nbsp;<\/p>\n<p>&nbsp;<\/p>\n<p style=\"text-align: left;\"><span style=\"font-family: times new roman, times, serif; font-size: 24pt; color: #c00000;\"><strong><em>Les malheurs de Gribouille\u00a0?<\/em><\/strong><\/span><\/p>\n<p>&nbsp;<\/p>\n<p>&nbsp;<\/p>\n<p style=\"text-align: justify; padding-left: 210px;\"><span style=\"font-family: times new roman, times, serif; font-size: 14pt;\">Mais l\u2019Antipresse ne publie pas que le Drone. Il y a aussi \u00ab\u00a0Turbulences\u00a0\u00bb\u00a0: <\/span><span style=\"font-family: times new roman, times, serif; font-size: 14pt;\"><a href=\"https:\/\/log.antipresse.net\/notre-dame-la-chine-est-pour-le-moins-sceptique\/\"><strong><em>NOTRE-DAME |\u00a0La Chine est (pour le moins) sceptique<\/em><\/strong><\/a><\/span><\/p>\n<p>&nbsp;<\/p>\n<p style=\"text-align: justify; padding-left: 210px;\"><span style=\"font-family: times new roman, times, serif; font-size: 14pt;\"><strong><em>\u00a0<\/em><\/strong><\/span><\/p>\n<p style=\"text-align: center;\"><span style=\"font-family: times new roman, times, serif; font-size: 36pt;\"><strong>\u00ab\u00a0Il faut sauver le soldat Macron !\u00a0\u00bb Ou comment les m\u00e9dias chinois voient la trag\u00e9die parisienne du 15\u00a0avril.<\/strong><\/span><\/p>\n<p>&nbsp;<\/p>\n<p style=\"text-align: center;\"><img loading=\"lazy\" class=\"alignnone wp-image-4188\" src=\"http:\/\/blog.lesgrossesorchadeslesamplesthalameges.fr\/wp-content\/uploads\/2019\/04\/Allez-hop-GIF-300x223.gif\" alt=\"\" width=\"500\" height=\"372\" srcset=\"https:\/\/blog.lesgrossesorchadeslesamplesthalameges.fr\/wp-content\/uploads\/2019\/04\/Allez-hop-GIF-300x223.gif 300w, https:\/\/blog.lesgrossesorchadeslesamplesthalameges.fr\/wp-content\/uploads\/2019\/04\/Allez-hop-GIF-768x571.gif 768w, https:\/\/blog.lesgrossesorchadeslesamplesthalameges.fr\/wp-content\/uploads\/2019\/04\/Allez-hop-GIF-1024x761.gif 1024w\" sizes=\"(max-width: 500px) 100vw, 500px\" \/><\/p>\n<p>&nbsp;<\/p>\n<p style=\"text-align: justify;\"><span style=\"font-family: times new roman, times, serif; font-size: 14pt;\">La cha\u00eene des \u00e9v\u00e9nements menant \u00e0 et suivant l\u2019\u00abincendie involontaire d\u00fb \u00e0 un court-circuit\u00bb de Notre-Dame de Paris ne manque pas de susciter des interrogations quant au <em>timing<\/em> impeccable de cette trag\u00e9die. Si certains n\u2019ont pas h\u00e9sit\u00e9 \u00e0 la qualifier h\u00e2tivement et outrageusement de \u00ab11\u00a0septembre fran\u00e7ais\u00bb (sans pour avoir autant trouv\u00e9, pour le moment, mais soyons patients, de connexion \u00abterroriste\u00bb), elle n\u2019en soul\u00e8ve pas moins d\u2019autres questions, notamment \u00e0 l\u2019\u00e9tranger, qui seront forc\u00e9ment labellis\u00e9es \u00abconspirationnistes\u00bb, le terme consacr\u00e9 \u00e0 toute analyse ou information qui n\u2019\u00e9manerait pas de l\u2019AFP et des m\u00e9dias de grand chemin.<\/span><\/p>\n<p style=\"text-align: justify;\"><span style=\"font-family: times new roman, times, serif; font-size: 14pt;\">Puisque le champ de l\u2019analyse critique en France est la chasse gard\u00e9e des m\u00e9dias d\u00e9tenus par une dizaine de \u00abpatrons de presse du CAC40\u00bb, pas tous de nationalit\u00e9 fran\u00e7aise d\u2019ailleurs, pourquoi ne pas regarder \u00e0 l\u2019Est, vers la Chine, et \u00e9couter ce qui s\u2019y dit \u00e0 propos de la trag\u00e9die du 15\u00a0avril. La Chine est apr\u00e8s tout le berceau d\u2019une importante communaut\u00e9 chr\u00e9tienne (2,4\u00a0% de la population, soit entre 30 et 40\u00a0millions officiellement, et vraisemblablement 10\u00a0millions de plus si l\u2019on compte tous ceux qui ne souhaitent pas d\u00e9clarer leur foi publiquement), \u00e0 tel point que les grands m\u00e9dias \u00e9tatiques et un certain nombre de blogueurs politiques influents n\u2019ont pas manqu\u00e9 de couvrir l\u2019incendie de Notre-Dame.<\/span><\/p>\n<p style=\"text-align: justify;\"><span style=\"font-family: times new roman, times, serif; font-size: 14pt;\">Le tableau n\u2019est gu\u00e8re flatteur pour le gouvernement fran\u00e7ais.<\/span><\/p>\n<p style=\"text-align: justify;\"><span style=\"font-family: times new roman, times, serif; font-size: 14pt;\">La version anglaise du quotidien <em>Global Times<\/em>, publi\u00e9 sous les auspices du tr\u00e8s gouvernemental <em>Quotidien du Peuple<\/em>, souligne la responsabilit\u00e9 de la Mairie de Paris dans cette trag\u00e9die, pour avoir \u00e9chou\u00e9 dans son devoir de protection d\u2019un monument culturel et historique, et pr\u00e9cise que si l\u2019excuse officielle du \u00abcourt-circuit\u00bb est av\u00e9r\u00e9e, alors la faute est impardonnable.<\/span><\/p>\n<p style=\"text-align: justify;\"><span style=\"font-family: times new roman, times, serif; font-size: 14pt;\">L\u2019\u00e9ditorial du 16\u00a0avril, <a href=\"http:\/\/www.globaltimes.cn\/content\/1146205.shtml\"><strong><em>\u00ab\u00a0Notre Dame Fire provokes Deep Thoughts\u00a0\u00bb<\/em><\/strong><\/a> va plus loin, pointant du doigt l\u2019\u00e9chec du gouvernement fran\u00e7ais dans son \u00ab<em>obligation\u00bb<\/em> de prot\u00e9ger un site du patrimoine culturel mondial, mettant potentiellement en danger les autres sites du patrimoine mondial situ\u00e9s en France. Un peu d\u2019exag\u00e9ration taquine, certainement<\/span><\/p>\n<p style=\"text-align: justify;\"><span style=\"font-family: times new roman, times, serif; font-size: 14pt;\">Source\u00a0: <\/span><a href=\"https:\/\/log.antipresse.net\/notre-dame-la-chine-est-pour-le-moins-sceptique\/\"><span style=\"font-family: times new roman, times, serif; font-size: 14pt;\">https:\/\/log.antipresse.net\/notre-dame-la-chine-est-pour-le-moins-sceptique\/<\/span><\/a><\/p>\n<p>&nbsp;<\/p>\n<p>&nbsp;<\/p>\n<p style=\"text-align: center;\"><img loading=\"lazy\" class=\"alignnone size-full wp-image-4192\" src=\"http:\/\/blog.lesgrossesorchadeslesamplesthalameges.fr\/wp-content\/uploads\/2019\/04\/2.-DangerousTimes-x-1.gif\" alt=\"\" width=\"70\" height=\"63\" \/><\/p>\n<p>&nbsp;<\/p>\n<p style=\"text-align: right;\"><span style=\"font-family: comic sans ms, sans-serif;\">22 avril 2019<\/span><\/p>\n<p>&nbsp;<\/p>\n<p>&nbsp;<\/p>\n","protected":false},"excerpt":{"rendered":"<p>&nbsp; &nbsp; &nbsp; &nbsp; &nbsp; &nbsp; Les malheurs de Gribouille\u00a0? &nbsp; &nbsp; Mais l\u2019Antipresse ne publie pas que le Drone. Il y a aussi \u00ab\u00a0Turbulences\u00a0\u00bb\u00a0: NOTRE-DAME |\u00a0La Chine est (pour le moins) sceptique &nbsp; \u00a0 \u00ab\u00a0Il faut sauver le soldat Macron !\u00a0\u00bb Ou comment les m\u00e9dias chinois voient la trag\u00e9die parisienne du 15\u00a0avril. &nbsp; &nbsp;&#8230;<\/p>\n","protected":false},"author":1,"featured_media":0,"parent":0,"menu_order":0,"comment_status":"open","ping_status":"open","template":"","meta":[],"_links":{"self":[{"href":"https:\/\/blog.lesgrossesorchadeslesamplesthalameges.fr\/index.php\/wp-json\/wp\/v2\/pages\/4306"}],"collection":[{"href":"https:\/\/blog.lesgrossesorchadeslesamplesthalameges.fr\/index.php\/wp-json\/wp\/v2\/pages"}],"about":[{"href":"https:\/\/blog.lesgrossesorchadeslesamplesthalameges.fr\/index.php\/wp-json\/wp\/v2\/types\/page"}],"author":[{"embeddable":true,"href":"https:\/\/blog.lesgrossesorchadeslesamplesthalameges.fr\/index.php\/wp-json\/wp\/v2\/users\/1"}],"replies":[{"embeddable":true,"href":"https:\/\/blog.lesgrossesorchadeslesamplesthalameges.fr\/index.php\/wp-json\/wp\/v2\/comments?post=4306"}],"version-history":[{"count":0,"href":"https:\/\/blog.lesgrossesorchadeslesamplesthalameges.fr\/index.php\/wp-json\/wp\/v2\/pages\/4306\/revisions"}],"wp:attachment":[{"href":"https:\/\/blog.lesgrossesorchadeslesamplesthalameges.fr\/index.php\/wp-json\/wp\/v2\/media?parent=4306"}],"curies":[{"name":"wp","href":"https:\/\/api.w.org\/{rel}","templated":true}]}}