{"id":4310,"date":"2019-04-23T00:13:57","date_gmt":"2019-04-22T22:13:57","guid":{"rendered":"http:\/\/blog.lesgrossesorchadeslesamplesthalameges.fr\/?page_id=4310"},"modified":"2019-04-23T00:13:57","modified_gmt":"2019-04-22T22:13:57","slug":"du-point-de-vue-de-quasimodo","status":"publish","type":"page","link":"https:\/\/blog.lesgrossesorchadeslesamplesthalameges.fr\/index.php\/du-point-de-vue-de-quasimodo\/","title":{"rendered":"Du point de vue de Quasimodo"},"content":{"rendered":"<p>&nbsp;<\/p>\n<p>&nbsp;<\/p>\n<p>&nbsp;<\/p>\n<p>&nbsp;<\/p>\n<p>&nbsp;<\/p>\n<p style=\"text-align: justify;\"><span style=\"font-family: times new roman, times, serif; font-size: 24pt; color: #c00000;\"><strong><em>Sur Les 7 du Qu\u00e9bec\u00a0:<\/em><\/strong><\/span><\/p>\n<p>&nbsp;<\/p>\n<p style=\"text-align: center;\"><span style=\"font-family: times new roman, times, serif; font-size: 36pt;\"><strong>Du point de vue de Quasimodo<\/strong><\/span><\/p>\n<p>&nbsp;<\/p>\n<p style=\"text-align: center;\"><span style=\"font-family: times new roman, times, serif; font-size: 18pt;\"><a href=\"https:\/\/resistance71.wordpress.com\/2019\/04\/17\/du-point-de-vue-de-quasimodo\/\"><strong><em>R\u00e9sistance 71<\/em><\/strong><\/a><strong><em> \u2013<\/em><\/strong>\u00a0 17.4.2019.<\/span><\/p>\n<p>&nbsp;<\/p>\n<p><img loading=\"lazy\" class=\"aligncenter wp-image-4186\" src=\"http:\/\/blog.lesgrossesorchadeslesamplesthalameges.fr\/wp-content\/uploads\/2019\/04\/Quasimodo-GIF-263x300.gif\" alt=\"\" width=\"500\" height=\"571\" srcset=\"https:\/\/blog.lesgrossesorchadeslesamplesthalameges.fr\/wp-content\/uploads\/2019\/04\/Quasimodo-GIF-263x300.gif 263w, https:\/\/blog.lesgrossesorchadeslesamplesthalameges.fr\/wp-content\/uploads\/2019\/04\/Quasimodo-GIF-768x877.gif 768w\" sizes=\"(max-width: 500px) 100vw, 500px\" \/><\/p>\n<p style=\"text-align: justify;\"><span style=\"font-family: times new roman, times, serif; font-size: 14pt;\">Selon le vieil adage politicard de <em>\u00ab\u00a0<strong>ne jamais laisser se perdre une bonne crise<\/strong>\u00a0\u00bb<\/em>, la classe politique moribonde et les enfumeurs professionnels du gouvernement, flanqu\u00e9s de la clique oligarchique des milliardaires habituels, sont mont\u00e9s au cr\u00e9neau et ont pleurnich\u00e9 en ch\u0153ur sur le d\u00e9sastre \u00ab\u00a0<strong><em>Notre Dame de Paris\u00a0<\/em><\/strong>\u00bb.<\/span><\/p>\n<p style=\"text-align: justify;\"><span style=\"font-family: times new roman, times, serif; font-size: 14pt;\">L\u00e0 r\u00e9side le danger que les <strong><em>Gilets Jaunes<\/em><\/strong> (et tout le monde en fait) doivent identifier et contrer: la r\u00e9cup\u00e9ration de l\u2019\u00e9v\u00e8nement pour r\u00e9aliser une pseudo-union nationale. On n\u2019a pas encore vu les panneaux \u00ab\u00a0<strong>Je suis Notre Dame<\/strong>\u00a0\u00bb, mais \u00e7a ne saurait sans doute tarder\u2026<\/span><\/p>\n<p style=\"text-align: justify;\"><span style=\"font-family: times new roman, times, serif; font-size: 14pt;\">Micronus 1er a report\u00e9 sine die sa d\u00e9claration o\u00f9 il devait annoncer des mesures miettes de pain pour contrer l\u2019effet Gilets Jaunes qui devient un mouvement (r)\u00e9volutionnaire et il tente de rallier le peuple en se servant de cet \u00e9v\u00e8nement sans aucun doute opportun. Attention danger !<\/span><\/p>\n<p>&nbsp;<\/p>\n<p>&nbsp;<\/p>\n<p style=\"text-align: center;\"><img loading=\"lazy\" class=\"alignnone wp-image-4187\" src=\"http:\/\/blog.lesgrossesorchadeslesamplesthalameges.fr\/wp-content\/uploads\/2019\/04\/micronus-272x300.jpg\" alt=\"\" width=\"500\" height=\"551\" \/><\/p>\n<p>&nbsp;<\/p>\n<p>&nbsp;<\/p>\n<p style=\"text-align: justify;\"><span style=\"font-family: times new roman, times, serif; font-size: 14pt;\">Les merdias vocalisent \u00e0 l\u2019unisson sur les \u00ab\u00a0dons\u00a0\u00bb des milliardaires habituels qui ne sont pour eux qu\u2019\u00e9vasion fiscale suppl\u00e9mentaire, en effet quand un de ces oligarques fait un ch\u00e8que de 200 millions d\u2019Euros pour la \u00ab\u00a0cause Notre Dame\u00a0\u00bb, \u00a0alors qu\u2019il engrange pr\u00e8s de 9 milliards de b\u00e9n\u00e9fices par an, combien devrait-il casquer alors que l\u2019indulgence et la complaisance du syst\u00e8me l\u2019exon\u00e8re dans les grandes largeurs ?\u2026 200 millions pour ces personnes repr\u00e9sentent un infime pourcentage de ce qu\u2019ils devraient payer dans ce syst\u00e8me inique. On les fait passer pour des m\u00e9c\u00e8nes et de grands philanthropes alors qu\u2019ils ne font qu\u2019engranger les dividendes du pillage en r\u00e8gle de notre soci\u00e9t\u00e9 et lancent une aum\u00f4ne de temps \u00e0 autre.<\/span><\/p>\n<p style=\"text-align: justify;\"><span style=\"font-family: times new roman, times, serif; font-size: 14pt;\">D\u00e9plorons bien s\u00fbr la perte d\u2019un des joyaux de l\u2019intelligence humaine, d\u2019une structure architecturale qui a d\u00e9fi\u00e9 le temps, les guerres et l\u2019adversit\u00e9 pour ne succomber finalement que devant la veulerie de l\u2019exploitation financi\u00e8re et marchande de tout. On apprendra peut-\u00eatre (rien n\u2019est moins s\u00fbr) dans un futur plus ou moins proche, que tout cela ne fut que le triste r\u00e9sultat d\u2019une n\u00e9gligence parce qu\u2019un petit patron sous-contractant aura voulu \u00e9conomiser 3 francs six sous pour faire plus de profit au d\u00e9triment de la s\u00e9curit\u00e9 \u00e9l\u00e9mentaire en ce lieu ou autre fadaise similaire tout droit issue de la veulerie capitaliste bon teint ou alors qu\u2019un ouvrier a oubli\u00e9 d\u2019\u00e9teindre le gaz portable du caf\u00e9. La question est aussi: r\u00e9novation bien n\u00e9cessaire ou complaisance d\u2019attribution de contrats ? Maintenant il est clair que oui, le b\u00e2timent a s\u00e9rieusement besoin d\u2019une r\u00e9novation, pas du bidon l\u00e0 !<\/span><\/p>\n<p>&nbsp;<\/p>\n<p>&nbsp;<\/p>\n<p style=\"text-align: center;\"><img loading=\"lazy\" class=\"alignnone wp-image-4311\" src=\"http:\/\/blog.lesgrossesorchadeslesamplesthalameges.fr\/wp-content\/uploads\/2019\/04\/Quasimodo-2-300x200.jpg\" alt=\"\" width=\"600\" height=\"400\" \/><\/p>\n<p style=\"text-align: center;\"><span style=\"font-family: times new roman, times, serif; font-size: 12pt;\"><strong><em>(FILES) This photo taken on June 15, 2015 shows a view of the destruction in the UNESCO-listed heritage site in the old city of Yemeni capital Sanaa. The UN cultural agency on July 2, 2015 placed two ancient cities in conflict-torn Yemen, Sana\u2019a and Shibam, on its list of endangered World Heritage sites AFP PHOTO \/ MOHAMMED HUWAIS <\/em><\/strong><\/span><\/p>\n<p>&nbsp;<\/p>\n<p>&nbsp;<\/p>\n<p style=\"text-align: justify;\"><span style=\"font-family: times new roman, times, serif; font-size: 14pt;\">Alors bien entendu certains parlent \u00ab\u00a0d\u2019incendie volontaire\u00a0\u00bb, d\u2019\u00a0\u00bbattentat\u00a0\u00bb. Rien ne permet de le dire jusqu\u2019\u00e0 maintenant. Les accidents continuent de se produire, m\u00eame s\u2019il devient de plus en plus difficile d\u2019y croire lorsque sont concern\u00e9s de grandes trag\u00e9dies et que de gros enjeux politiques collat\u00e9raux existent.<\/span><\/p>\n<p style=\"text-align: justify;\"><span style=\"font-family: times new roman, times, serif; font-size: 14pt;\">Soyons positifs: pas de victimes, que des d\u00e9g\u00e2ts mat\u00e9riels, consid\u00e9rables et qui ne pourront certes jamais \u00eatre remplac\u00e9s. M\u00eame r\u00e9nov\u00e9e, Notre Dame de Paris ne sera plus jamais la m\u00eame et oui, une partie du patrimoine historique est parti en fum\u00e9e\u2026<\/span><\/p>\n<p>&nbsp;<\/p>\n<p>&nbsp;<\/p>\n<p style=\"text-align: center;\"><img loading=\"lazy\" class=\"alignnone wp-image-4312\" src=\"http:\/\/blog.lesgrossesorchadeslesamplesthalameges.fr\/wp-content\/uploads\/2019\/04\/Quasimodo-3-300x134.png\" alt=\"\" width=\"500\" height=\"223\" \/><\/p>\n<p>&nbsp;<\/p>\n<p>&nbsp;<\/p>\n<p style=\"text-align: justify;\"><span style=\"font-family: times new roman, times, serif; font-size: 14pt;\">J\u2019ai aid\u00e9 les pompiers et si vous observez bien, vous me verrez toujours prot\u00e9ger mes cloches\u2026 Je continue \u00e0 regarder d\u2019en haut, notre soci\u00e9t\u00e9 si basse qui continue de sombrer dans la folie du tout mercantile et de la volont\u00e9 de contr\u00f4le absolu, en attendant le retour d\u2019Esmeralda\u2026 Reste avec tes cloches l\u00e0-haut Quasimodo, elles sonnent moins creux que celles d\u2019en bas et leur cacophonie insupportable.<\/span><\/p>\n<p style=\"text-align: justify;\"><span style=\"font-family: times new roman, times, serif; font-size: 14pt;\">Nous sommes Quasimodo\u00a0!<\/span><\/p>\n<p>&nbsp;<\/p>\n<p style=\"text-align: justify;\"><span style=\"font-family: times new roman, times, serif; font-size: 14pt;\">Source\u00a0: <a href=\"https:\/\/resistance71.wordpress.com\/2019\/04\/17\/du-point-de-vue-de-quasimodo\/\">https:\/\/resistance71.wordpress.com\/2019\/04\/17\/du-point-de-vue-de-quasimodo\/<\/a><\/span><\/p>\n<p style=\"text-align: justify;\"><span style=\"font-family: times new roman, times, serif; font-size: 14pt;\">Via\u00a0: <\/span><a href=\"http:\/\/www.les7duquebec.com\/actualites-des-7\/du-point-de-vue-de-quasimodo\/\"><span style=\"font-family: times new roman, times, serif; font-size: 14pt;\">http:\/\/www.les7duquebec.com\/actualites-des-7\/du-point-de-vue-de-quasimodo\/<\/span><\/a><\/p>\n<p>&nbsp;<\/p>\n<p>&nbsp;<\/p>\n<p>&nbsp;<\/p>\n<p style=\"text-align: center;\"><img loading=\"lazy\" class=\"alignnone size-full wp-image-4192\" src=\"http:\/\/blog.lesgrossesorchadeslesamplesthalameges.fr\/wp-content\/uploads\/2019\/04\/2.-DangerousTimes-x-1.gif\" alt=\"\" width=\"70\" height=\"63\" \/><\/p>\n<p>&nbsp;<\/p>\n<p>&nbsp;<\/p>\n<p style=\"text-align: right;\"><span style=\"font-size: 14pt; font-family: comic sans ms, sans-serif;\">22 avril 2019<\/span><\/p>\n<p>&nbsp;<\/p>\n<p>&nbsp;<\/p>\n<p>&nbsp;<\/p>\n","protected":false},"excerpt":{"rendered":"<p>&nbsp; &nbsp; &nbsp; &nbsp; &nbsp; Sur Les 7 du Qu\u00e9bec\u00a0: &nbsp; Du point de vue de Quasimodo &nbsp; R\u00e9sistance 71 \u2013\u00a0 17.4.2019. &nbsp; Selon le vieil adage politicard de \u00ab\u00a0ne jamais laisser se perdre une bonne crise\u00a0\u00bb, la classe politique moribonde et les enfumeurs professionnels du gouvernement, flanqu\u00e9s de la clique oligarchique des milliardaires habituels,&#8230;<\/p>\n","protected":false},"author":1,"featured_media":0,"parent":0,"menu_order":0,"comment_status":"open","ping_status":"open","template":"","meta":[],"_links":{"self":[{"href":"https:\/\/blog.lesgrossesorchadeslesamplesthalameges.fr\/index.php\/wp-json\/wp\/v2\/pages\/4310"}],"collection":[{"href":"https:\/\/blog.lesgrossesorchadeslesamplesthalameges.fr\/index.php\/wp-json\/wp\/v2\/pages"}],"about":[{"href":"https:\/\/blog.lesgrossesorchadeslesamplesthalameges.fr\/index.php\/wp-json\/wp\/v2\/types\/page"}],"author":[{"embeddable":true,"href":"https:\/\/blog.lesgrossesorchadeslesamplesthalameges.fr\/index.php\/wp-json\/wp\/v2\/users\/1"}],"replies":[{"embeddable":true,"href":"https:\/\/blog.lesgrossesorchadeslesamplesthalameges.fr\/index.php\/wp-json\/wp\/v2\/comments?post=4310"}],"version-history":[{"count":0,"href":"https:\/\/blog.lesgrossesorchadeslesamplesthalameges.fr\/index.php\/wp-json\/wp\/v2\/pages\/4310\/revisions"}],"wp:attachment":[{"href":"https:\/\/blog.lesgrossesorchadeslesamplesthalameges.fr\/index.php\/wp-json\/wp\/v2\/media?parent=4310"}],"curies":[{"name":"wp","href":"https:\/\/api.w.org\/{rel}","templated":true}]}}