{"id":4318,"date":"2019-04-23T00:20:41","date_gmt":"2019-04-22T22:20:41","guid":{"rendered":"http:\/\/blog.lesgrossesorchadeslesamplesthalameges.fr\/?page_id=4318"},"modified":"2019-04-23T00:20:41","modified_gmt":"2019-04-22T22:20:41","slug":"entre-vague-de-suicides-et-recuperation","status":"publish","type":"page","link":"https:\/\/blog.lesgrossesorchadeslesamplesthalameges.fr\/index.php\/entre-vague-de-suicides-et-recuperation\/","title":{"rendered":"Entre vague de suicides et r\u00e9cup\u00e9ration"},"content":{"rendered":"<p>&nbsp;<\/p>\n<p>&nbsp;<\/p>\n<p>&nbsp;<\/p>\n<p>&nbsp;<\/p>\n<p>&nbsp;<\/p>\n<p>&nbsp;<\/p>\n<p style=\"text-align: center;\"><span style=\"font-family: times new roman, times, serif; font-size: 36pt;\"><strong>France : entre une vague de suicides sans pr\u00e9c\u00e9dent au sein des forces de l\u2019ordre et une r\u00e9cup\u00e9ration tr\u00e8s \u00e9motionnelle de l\u2019incendie de Notre Dame, l\u2019acte XXIII des Gilets Jaunes risque d\u2019\u00eatre chaud<\/strong><\/span><\/p>\n<p>&nbsp;<\/p>\n<p style=\"text-align: center;\"><span style=\"font-family: times new roman, times, serif; font-size: 18pt;\"><strong><em>Strategika 51<\/em><\/strong><strong> \u2013 19.4.2019<\/strong><\/span><\/p>\n<p>&nbsp;<\/p>\n<p>&nbsp;<\/p>\n<p style=\"text-align: center;\"><img loading=\"lazy\" class=\"alignnone wp-image-4189\" src=\"http:\/\/blog.lesgrossesorchadeslesamplesthalameges.fr\/wp-content\/uploads\/2019\/04\/Incendie-acte-23-300x190.jpg\" alt=\"\" width=\"600\" height=\"380\" srcset=\"https:\/\/blog.lesgrossesorchadeslesamplesthalameges.fr\/wp-content\/uploads\/2019\/04\/Incendie-acte-23-300x190.jpg 300w, https:\/\/blog.lesgrossesorchadeslesamplesthalameges.fr\/wp-content\/uploads\/2019\/04\/Incendie-acte-23-768x487.jpg 768w, https:\/\/blog.lesgrossesorchadeslesamplesthalameges.fr\/wp-content\/uploads\/2019\/04\/Incendie-acte-23.jpg 920w\" sizes=\"(max-width: 600px) 100vw, 600px\" \/><\/p>\n<p>&nbsp;<\/p>\n<p>&nbsp;<\/p>\n<p>&nbsp;<\/p>\n<p style=\"text-align: justify;\"><span style=\"font-family: times new roman, times, serif; font-size: 14pt;\">La vague sans pr\u00e9c\u00e9dent connu de suicides affectant les effectifs des forces de l\u2019ordre en France risque paradoxalement de relancer le mouvement de protestation initi\u00e9 par les Gilets Jaunes.<\/span><\/p>\n<p style=\"text-align: justify;\"><span style=\"font-family: times new roman, times, serif; font-size: 14pt;\">Les suicides de policier ont atteint une fr\u00e9quence fort inqui\u00e9tante au point de susciter un d\u00e9but de parano\u00efa au sein des professionnels de la s\u00e9curit\u00e9.<\/span><\/p>\n<p style=\"text-align: justify;\"><span style=\"font-family: times new roman, times, serif; font-size: 14pt;\">La situation est si grave que des syndicats de la police nationale en appellent \u00e0 des manifestations.<\/span><\/p>\n<p style=\"text-align: justify;\"><span style=\"font-family: times new roman, times, serif; font-size: 14pt;\">Autre \u00e9l\u00e9ment risquant de relancer le mouvement des Gilets Jaunes, la r\u00e9cup\u00e9ration et l\u2019exploitation tr\u00e8s \u00e9motionnelle et politicienne de l\u2019incendie de la cath\u00e9drale de Notre Dame de Paris, raison pour laquelle la pr\u00e9fecture de Paris a annonc\u00e9 l\u2019interdiction des manifestation de l\u2019acte XXIII aux abords du vieil \u00e9difice.<\/span><\/p>\n<p style=\"text-align: justify;\"><span style=\"font-family: times new roman, times, serif; font-size: 14pt;\">L\u2019annonce de plus d\u2019un milliard d\u2019euros issus de dons priv\u00e9s pour la r\u00e9fection de la cath\u00e9drale suscite \u00e9galement des interrogations et beaucoup de suspiscion concernant la corruption dans les march\u00e9s de r\u00e9habilitation du patrimoine culturel et historique, un march\u00e9 r\u00e9serv\u00e9 depuis longtemps et dont les d\u00e9rives connues ont men\u00e9 \u00e0 la destruction d\u2019une partie de Notre Dame par le feu.<\/span><\/p>\n<p style=\"text-align: justify;\"><span style=\"font-family: times new roman, times, serif; font-size: 14pt;\">L\u2019acte XXIII des Gilets jaunes risque d\u2019\u00eatre plus houleux que les pr\u00e9c\u00e9dents.<\/span><\/p>\n<p style=\"text-align: justify;\"><span style=\"font-family: times new roman, times, serif; font-size: 14pt;\">Source\u00a0: <\/span><a href=\"https:\/\/strategika51.org\/archives\/62558\"><span style=\"font-family: times new roman, times, serif; font-size: 14pt;\">https:\/\/strategika51.org\/archives\/62558<\/span><\/a><\/p>\n<p>&nbsp;<\/p>\n<p>&nbsp;<\/p>\n<p style=\"text-align: center;\"><img loading=\"lazy\" class=\"alignnone size-full wp-image-4192\" src=\"http:\/\/blog.lesgrossesorchadeslesamplesthalameges.fr\/wp-content\/uploads\/2019\/04\/2.-DangerousTimes-x-1.gif\" alt=\"\" width=\"70\" height=\"63\" \/><\/p>\n<p>&nbsp;<\/p>\n<p style=\"text-align: right;\"><span style=\"font-family: comic sans ms, sans-serif; font-size: 14pt;\">22 avril 2019<\/span><\/p>\n<p>&nbsp;<\/p>\n<p>&nbsp;<\/p>\n","protected":false},"excerpt":{"rendered":"<p>&nbsp; &nbsp; &nbsp; &nbsp; &nbsp; &nbsp; France : entre une vague de suicides sans pr\u00e9c\u00e9dent au sein des forces de l\u2019ordre et une r\u00e9cup\u00e9ration tr\u00e8s \u00e9motionnelle de l\u2019incendie de Notre Dame, l\u2019acte XXIII des Gilets Jaunes risque d\u2019\u00eatre chaud &nbsp; Strategika 51 \u2013 19.4.2019 &nbsp; &nbsp; &nbsp; &nbsp; &nbsp; La vague sans pr\u00e9c\u00e9dent connu de&#8230;<\/p>\n","protected":false},"author":1,"featured_media":0,"parent":0,"menu_order":0,"comment_status":"open","ping_status":"open","template":"","meta":[],"_links":{"self":[{"href":"https:\/\/blog.lesgrossesorchadeslesamplesthalameges.fr\/index.php\/wp-json\/wp\/v2\/pages\/4318"}],"collection":[{"href":"https:\/\/blog.lesgrossesorchadeslesamplesthalameges.fr\/index.php\/wp-json\/wp\/v2\/pages"}],"about":[{"href":"https:\/\/blog.lesgrossesorchadeslesamplesthalameges.fr\/index.php\/wp-json\/wp\/v2\/types\/page"}],"author":[{"embeddable":true,"href":"https:\/\/blog.lesgrossesorchadeslesamplesthalameges.fr\/index.php\/wp-json\/wp\/v2\/users\/1"}],"replies":[{"embeddable":true,"href":"https:\/\/blog.lesgrossesorchadeslesamplesthalameges.fr\/index.php\/wp-json\/wp\/v2\/comments?post=4318"}],"version-history":[{"count":0,"href":"https:\/\/blog.lesgrossesorchadeslesamplesthalameges.fr\/index.php\/wp-json\/wp\/v2\/pages\/4318\/revisions"}],"wp:attachment":[{"href":"https:\/\/blog.lesgrossesorchadeslesamplesthalameges.fr\/index.php\/wp-json\/wp\/v2\/media?parent=4318"}],"curies":[{"name":"wp","href":"https:\/\/api.w.org\/{rel}","templated":true}]}}