{"id":4329,"date":"2019-04-23T00:33:50","date_gmt":"2019-04-22T22:33:50","guid":{"rendered":"http:\/\/blog.lesgrossesorchadeslesamplesthalameges.fr\/?page_id=4329"},"modified":"2019-04-23T00:33:50","modified_gmt":"2019-04-22T22:33:50","slug":"treize-diplomates-francais-arretes-avec-des-armes","status":"publish","type":"page","link":"https:\/\/blog.lesgrossesorchadeslesamplesthalameges.fr\/index.php\/treize-diplomates-francais-arretes-avec-des-armes\/","title":{"rendered":"Treize diplomates fran\u00e7ais arr\u00eat\u00e9s avec des armes"},"content":{"rendered":"<p>&nbsp;<\/p>\n<p>&nbsp;<\/p>\n<p>&nbsp;<\/p>\n<p>&nbsp;<\/p>\n<p>&nbsp;<\/p>\n<p style=\"text-align: center;\"><span style=\"font-family: times new roman, times, serif; font-size: 36pt;\"><strong>Treize diplomates fran\u00e7ais arr\u00eat\u00e9s avec des armes et munitions \u00e0 la fronti\u00e8re entre la Tunisie et la Libye<\/strong><\/span><\/p>\n<p>&nbsp;<\/p>\n<p style=\"text-align: center;\"><span style=\"font-family: times new roman, times, serif; font-size: 18pt;\"><strong>Gilles Munier \u2013 <em>France-Irak Actualit\u00e9s<\/em> \u2013 18.4.2019<\/strong><\/span><\/p>\n<p style=\"text-align: justify;\"><span style=\"font-family: times new roman, times, serif; font-size: 14pt;\"><strong>\u00a0<\/strong><\/span><\/p>\n<p><img loading=\"lazy\" class=\"aligncenter wp-image-4194\" src=\"http:\/\/blog.lesgrossesorchadeslesamplesthalameges.fr\/wp-content\/uploads\/2019\/04\/Tunisie-300x224.jpg\" alt=\"\" width=\"600\" height=\"448\" srcset=\"https:\/\/blog.lesgrossesorchadeslesamplesthalameges.fr\/wp-content\/uploads\/2019\/04\/Tunisie-300x224.jpg 300w, https:\/\/blog.lesgrossesorchadeslesamplesthalameges.fr\/wp-content\/uploads\/2019\/04\/Tunisie-768x574.jpg 768w, https:\/\/blog.lesgrossesorchadeslesamplesthalameges.fr\/wp-content\/uploads\/2019\/04\/Tunisie-1024x765.jpg 1024w, https:\/\/blog.lesgrossesorchadeslesamplesthalameges.fr\/wp-content\/uploads\/2019\/04\/Tunisie.jpg 1107w\" sizes=\"(max-width: 600px) 100vw, 600px\" \/><\/p>\n<p style=\"text-align: center;\"><span style=\"font-family: times new roman, times, serif; font-size: 14pt;\"><strong><em>Poste fronti\u00e8re de Ras Adjair entre la Tunisie et la Libye<\/em><\/strong><\/span><\/p>\n<p style=\"text-align: justify;\"><span style=\"font-family: times new roman, times, serif; font-size: 14pt;\"><strong>\u00a0<\/strong><\/span><\/p>\n<p>&nbsp;<\/p>\n<p style=\"text-align: justify;\"><span style=\"font-family: tahoma, arial, helvetica, sans-serif; font-size: 14pt;\"><strong>Treize diplomates fran\u00e7ais arm\u00e9s ont \u00e9t\u00e9 arr\u00eat\u00e9s \u00e0 la fronti\u00e8re entre la Tunisie et la Libye, lors d\u2019une travers\u00e9e par route effectu\u00e9e dimanche 14 avril, selon le ministre tunisien de la d\u00e9fense Abdelkarim Zbidi.<\/strong><\/span><\/p>\n<p>&nbsp;<\/p>\n<p style=\"text-align: justify;\"><span style=\"font-family: times new roman, times, serif; font-size: 14pt;\"><em>\u00ab 13 individus de nationalit\u00e9 fran\u00e7aise, sous couvert diplomatique, ont tent\u00e9 de franchir les fronti\u00e8res tuniso-libyennes \u00e0 bord de six voitures tout-terrain et ont refus\u00e9 de rendre les armes dont ils disposaient \u00bb,<\/em> a soulign\u00e9 Abdelkarim Zbidi \u00e0 la radio <em>Shems FM<\/em>, qui pr\u00e9cise cependant que <em>\u00ab les munitions en leur possession ont \u00e9t\u00e9 r\u00e9cup\u00e9r\u00e9es mises en s\u00e9curit\u00e9 dans une caserne de Ben Guerdane \u00bb.<\/em><\/span><\/p>\n<p style=\"text-align: justify;\"><span style=\"font-family: times new roman, times, serif; font-size: 14pt;\">Selon le site tunisien <em>Mosaique FM<\/em> qui a donn\u00e9 l\u2019information avant la confirmation du ministre, les diplomates qui ont choisi de rallier la Tunisie par route, en raison de la situation s\u00e9curitaire critique \u00e0 Tripoli, avait accept\u00e9 de remettre leurs armes, mais les gardes-fronti\u00e8re ont d\u00e9couvert d\u2019autres armes, non d\u00e9clar\u00e9es, dans l\u2019un des v\u00e9hicules qui transportaient les diplomates.<\/span><\/p>\n<p style=\"text-align: justify;\"><span style=\"font-family: times new roman, times, serif; font-size: 14pt;\">\u00c0 ce titre, l\u2019ambassade de France a r\u00e9agi dans un communiqu\u00e9 dans lequel elle ne s\u2019exprime pas sur la pr\u00e9sence des armes dans les six v\u00e9hicules des diplomates fran\u00e7ais, se contentant de confirmer leur qualit\u00e9 de diplomates et pr\u00e9cisant que les autorit\u00e9s tunisiennes \u00e9taient au courant du d\u00e9placement de ce cort\u00e8ge.<\/span><\/p>\n<p style=\"text-align: justify;\"><span style=\"font-family: times new roman, times, serif; font-size: 14pt;\"><em>\u00ab Ce d\u00e9placement a \u00e9t\u00e9 organis\u00e9 en concertation avec les autorit\u00e9s tunisiennes. Des contr\u00f4les de routine ont \u00e9t\u00e9 effectu\u00e9s au passage de la fronti\u00e8re entre la Libye et la Tunisie, afin de dresser un inventaire des \u00e9quipements de ce d\u00e9tachement, qui a poursuivi sa route \u00bb <\/em>a affirm\u00e9 sans trop de d\u00e9tails, la repr\u00e9sentation diplomatique fran\u00e7aise \u00e0 Tunis.<\/span><\/p>\n<p style=\"text-align: justify;\"><span style=\"font-family: times new roman, times, serif; font-size: 14pt;\">Visiblement, les membres des repr\u00e9sentations diplomatiques, notamment occidentales, \u00e0 Tripoli sont en train de fuir le pays de Mouammar el Keddafi en raison de l\u2019instabilit\u00e9 qui r\u00e8gne depuis que le g\u00e9n\u00e9ral Haftar a d\u00e9cid\u00e9 de mobiliser ses troupes et de marcher sur la capitale libyenne.<\/span><\/p>\n<p style=\"text-align: justify;\"><span style=\"font-family: times new roman, times, serif; font-size: 14pt;\">D\u2019ailleurs, le ministre tunisien de la d\u00e9fense a fait savoir lors de son entretien avec <em>Shems FM<\/em> qu\u2019un premier groupe de diplomates fran\u00e7ais, onze au total, a \u00e9t\u00e9 intercept\u00e9 \u00e0 bord de deux zodiacs en essayant de traverser la fronti\u00e8re tuniso-libyenne par voie maritime. L\u00e0 encore, les occupants des zodiacs \u00e9taient arm\u00e9s.<\/span><\/p>\n<p style=\"text-align: left;\"><span style=\"font-family: times new roman, times, serif; font-size: 14pt;\"><strong>*Source\u00a0:<\/strong> <a href=\"https:\/\/www.observalgerie.com\/actualite-algerie\/treize-diplomates-francais-arretes-avec-armes-et-munitions-a-la-frontiere-entre-la-tunisie-et-la-libye\/\">Observalg\u00e9rie<\/a><u>\u00a0 <\/u>(revue de presse du 17.4 par Aylan B.)<\/span><\/p>\n<p style=\"text-align: left;\"><span style=\"font-family: times new roman, times, serif; font-size: 14pt;\">Source\u00a0: <\/span><a href=\"http:\/\/www.france-irak-actualite.com\/2019\/04\/treize-diplomates-francais-arretes-avec-des-armes-et-munitions-a-la-frontiere-entre-la-tunisie-et-la-libye.html\"><span style=\"font-family: times new roman, times, serif; font-size: 14pt;\">http:\/\/www.france-irak-actualite.com\/2019\/04\/treize-diplomates-francais-arretes-avec-des-armes-et-munitions-a-la-frontiere-entre-la-tunisie-et-la-libye.html<\/span><\/a><\/p>\n<p>&nbsp;<\/p>\n<p>&nbsp;<\/p>\n<p>&nbsp;<\/p>\n<p><img loading=\"lazy\" class=\"alignnone size-full wp-image-4192 aligncenter\" src=\"http:\/\/blog.lesgrossesorchadeslesamplesthalameges.fr\/wp-content\/uploads\/2019\/04\/2.-DangerousTimes-x-1.gif\" alt=\"\" width=\"70\" height=\"63\" \/><\/p>\n<p>&nbsp;<\/p>\n<p>&nbsp;<\/p>\n<p style=\"text-align: right;\"><span style=\"font-family: comic sans ms, sans-serif; font-size: 14pt;\">22 avril 2019<\/span><\/p>\n","protected":false},"excerpt":{"rendered":"<p>&nbsp; &nbsp; &nbsp; &nbsp; &nbsp; Treize diplomates fran\u00e7ais arr\u00eat\u00e9s avec des armes et munitions \u00e0 la fronti\u00e8re entre la Tunisie et la Libye &nbsp; Gilles Munier \u2013 France-Irak Actualit\u00e9s \u2013 18.4.2019 \u00a0 Poste fronti\u00e8re de Ras Adjair entre la Tunisie et la Libye \u00a0 &nbsp; Treize diplomates fran\u00e7ais arm\u00e9s ont \u00e9t\u00e9 arr\u00eat\u00e9s \u00e0 la fronti\u00e8re&#8230;<\/p>\n","protected":false},"author":1,"featured_media":0,"parent":0,"menu_order":0,"comment_status":"closed","ping_status":"closed","template":"","meta":[],"_links":{"self":[{"href":"https:\/\/blog.lesgrossesorchadeslesamplesthalameges.fr\/index.php\/wp-json\/wp\/v2\/pages\/4329"}],"collection":[{"href":"https:\/\/blog.lesgrossesorchadeslesamplesthalameges.fr\/index.php\/wp-json\/wp\/v2\/pages"}],"about":[{"href":"https:\/\/blog.lesgrossesorchadeslesamplesthalameges.fr\/index.php\/wp-json\/wp\/v2\/types\/page"}],"author":[{"embeddable":true,"href":"https:\/\/blog.lesgrossesorchadeslesamplesthalameges.fr\/index.php\/wp-json\/wp\/v2\/users\/1"}],"replies":[{"embeddable":true,"href":"https:\/\/blog.lesgrossesorchadeslesamplesthalameges.fr\/index.php\/wp-json\/wp\/v2\/comments?post=4329"}],"version-history":[{"count":0,"href":"https:\/\/blog.lesgrossesorchadeslesamplesthalameges.fr\/index.php\/wp-json\/wp\/v2\/pages\/4329\/revisions"}],"wp:attachment":[{"href":"https:\/\/blog.lesgrossesorchadeslesamplesthalameges.fr\/index.php\/wp-json\/wp\/v2\/media?parent=4329"}],"curies":[{"name":"wp","href":"https:\/\/api.w.org\/{rel}","templated":true}]}}