{"id":4407,"date":"2019-04-26T23:23:53","date_gmt":"2019-04-26T21:23:53","guid":{"rendered":"http:\/\/blog.lesgrossesorchadeslesamplesthalameges.fr\/?page_id=4407"},"modified":"2019-04-26T23:23:53","modified_gmt":"2019-04-26T21:23:53","slug":"la-palestine-a-paris","status":"publish","type":"page","link":"https:\/\/blog.lesgrossesorchadeslesamplesthalameges.fr\/index.php\/la-palestine-a-paris\/","title":{"rendered":"La Palestine \u00e0 Paris"},"content":{"rendered":"<p>&nbsp;<\/p>\n<p>&nbsp;<\/p>\n<p>&nbsp;<\/p>\n<p>&nbsp;<\/p>\n<p><img loading=\"lazy\" class=\"aligncenter wp-image-4363\" src=\"http:\/\/blog.lesgrossesorchadeslesamplesthalameges.fr\/wp-content\/uploads\/2019\/04\/Solivr.jpg\" alt=\"\" width=\"300\" height=\"360\" \/><\/p>\n<p>&nbsp;<\/p>\n<p style=\"text-align: center;\"><span style=\"font-family: times new roman, times, serif; font-size: 36pt;\"><strong>Les trois secrets pour faire de votre Ramadan la meilleure f\u00eate de l\u2019ann\u00e9e\u00a0!<\/strong><\/span><\/p>\n<p>&nbsp;<\/p>\n<p style=\"text-align: justify;\"><span style=\"font-family: tahoma, arial, helvetica, sans-serif; font-size: 14pt;\"><strong>\u00ab\u00a0En 2019, laissez Solivr vous accompagner pour r\u00e9ussir vos moments partag\u00e9s pour des <em>Iftars<\/em> inoubliables avec des produits sains, solidaires, naturels et en plus de grande qualit\u00e9 nutritive et gustative !\u00a0<\/strong><\/span><\/p>\n<p>&nbsp;<\/p>\n<p style=\"text-align: justify; padding-left: 120px;\"><span style=\"font-family: comic sans ms, sans-serif; font-size: 14pt;\">[Th\u00e9oriquement, le Ramadan, cette ann\u00e9e, commence le 5 mai et se termine le 5 juin.<\/span><\/p>\n<p style=\"text-align: justify; padding-left: 120px;\"><span style=\"font-family: comic sans ms, sans-serif; font-size: 14pt;\">Il s\u2019agit donc de manger \u00e0 cette occasion des dattes et deux ou trois autres merveilles en provenance de Palestine.<\/span><\/p>\n<p style=\"text-align: justify; padding-left: 120px;\"><span style=\"font-family: comic sans ms, sans-serif; font-size: 14pt;\">Et si vous ne faites pas le Ramadan, vous pouvez les manger (les dattes ne sont pas sectaires)\u00a0: le 1<sup>er<\/sup> mai, pour la F\u00e8te des M\u00e8res ou pour l\u2019Ascension. Ou n\u2019importe quel autre jour, par exemple si vous \u00eates n\u00e9s en mai ou si vous avez envie de dattes. Regardez-les, vous verrez ce qu\u2019on veut dire]<\/span><\/p>\n<p>&nbsp;<\/p>\n<p><img loading=\"lazy\" class=\"aligncenter wp-image-4364\" src=\"http:\/\/blog.lesgrossesorchadeslesamplesthalameges.fr\/wp-content\/uploads\/2019\/04\/Dattes-Medjoul-213x300.jpg\" alt=\"\" width=\"350\" height=\"493\" srcset=\"https:\/\/blog.lesgrossesorchadeslesamplesthalameges.fr\/wp-content\/uploads\/2019\/04\/Dattes-Medjoul-213x300.jpg 213w, https:\/\/blog.lesgrossesorchadeslesamplesthalameges.fr\/wp-content\/uploads\/2019\/04\/Dattes-Medjoul.jpg 650w\" sizes=\"(max-width: 350px) 100vw, 350px\" \/><\/p>\n<p style=\"text-align: justify;\"><span style=\"font-family: times new roman, times, serif; font-size: 14pt;\"><strong>\u00a0<\/strong><\/span><\/p>\n<p style=\"text-align: justify;\"><span style=\"font-family: times new roman, times, serif; font-size: 14pt;\"><strong>\u00a0<\/strong><\/span><\/p>\n<p style=\"text-align: center;\"><span style=\"font-family: tahoma, arial, helvetica, sans-serif; font-size: 18pt;\"><strong>Regardez donc comment ils les r\u00e9coltent et essayez de r\u00e9sister\u00a0! <\/strong><\/span><\/p>\n<p>&nbsp;<\/p>\n<p>&nbsp;<\/p>\n<p style=\"text-align: center;\"><span style=\"font-family: times new roman, times, serif; font-size: 14pt;\"><iframe loading=\"lazy\" src=\"\/\/www.youtube.com\/embed\/AYswiGQlde4\" width=\"560\" height=\"315\" frameborder=\"0\" allowfullscreen=\"allowfullscreen\"><\/iframe><\/span><\/p>\n<p style=\"text-align: justify;\"><span style=\"font-family: times new roman, times, serif; font-size: 14pt;\"><strong>\u00a0<\/strong><\/span><\/p>\n<p>&nbsp;<\/p>\n<p style=\"text-align: justify;\"><span style=\"font-family: tahoma, arial, helvetica, sans-serif; font-size: 14pt;\">Les rues dans les villes palestiniennes sont d\u00e9cor\u00e9es ! A J\u00e9rusalem, Ramallah Henbron, Naplouse, Bethl\u00e9em, &#8230; Des Fanous, des \u00e9toiles et des croissants, sont partout et les sommets des minarets sont par\u00e9s de vert (la couleur de Ramadan) !<\/span><\/p>\n<p style=\"text-align: justify;\"><span style=\"font-family: tahoma, arial, helvetica, sans-serif; font-size: 14pt;\">Ramadan, c&rsquo;est un moment de grande joie, de partage et de rencontres malgr\u00e9 l&rsquo;occupation et toutes les douleurs et drames li\u00e9es \u00e0 cette occupation!<\/span><\/p>\n<p style=\"text-align: justify;\"><span style=\"font-family: tahoma, arial, helvetica, sans-serif; font-size: 14pt;\">Vous \u00eates tr\u00e8s nombreux \u00e0 passer commande de dattes medjoul depuis quelques semaines et c\u2019est tant mieux. Tant mieux pour nous mais tant mieux pour les producteurs\u00a0palestiniens surtout\u00a0! Nous avons les dattes medjoul en stock comme l&rsquo;ann\u00e9e derni\u00e8re,<\/span><\/p>\n<p style=\"text-align: justify;\"><span style=\"font-family: tahoma, arial, helvetica, sans-serif; font-size: 14pt;\">Nous avons des dattes made in Palestine,\u00a0100 % palestiniennes, d\u00e9licieuses, solidaires pour la rupture du je\u00fbne, Alors qu&rsquo;attendez-vous pour demander les v\u00f4tres :\u00a0<a href=\"https:\/\/solivr.us9.list-manage.com\/track\/click?u=64494b9783dd296361e79926a&amp;id=7327306923&amp;e=b557a076f7\">solivr.fr<\/a>\u00a0\ud83d\ude42\u00a0\u00bb<\/span><\/p>\n<table width=\"100%\">\n<tbody>\n<tr>\n<td width=\"697\">\n<table width=\"100%\">\n<tbody>\n<tr>\n<td>\n<p style=\"text-align: justify;\"><span style=\"font-family: tahoma, arial, helvetica, sans-serif; font-size: 14pt;\">Cette ann\u00e9e pour le Ramadan et Eid Al Fitr, ajouter les couleurs de la Palestine \u00e0 votre maison ou \u00e0 celle de vos amis et ceux que vous aimez ! Faites le choix des produits et d&rsquo;un cadeau solidaire d&rsquo;une grande valeur ajout\u00e9e, et qui en plus vient de Palestine ! Faites le choix d&rsquo;un produit unique, fabriqu\u00e9 de mani\u00e8re artisanale, ou d&rsquo;un produit naturel, b\u00e9n\u00e9fique pour votre sant\u00e9 !<\/span><\/p>\n<p style=\"text-align: justify;\"><span style=\"font-family: tahoma, arial, helvetica, sans-serif; font-size: 14pt;\">Les id\u00e9es ne manquent pas, et le plaisir de la d\u00e9couverte non plus !<\/span><\/p>\n<p style=\"text-align: justify;\"><span style=\"font-family: times new roman, times, serif; font-size: 14pt;\"><span style=\"font-family: tahoma, arial, helvetica, sans-serif;\">Il y a les <a href=\"https:\/\/solivr.us9.list-manage.com\/track\/click?u=64494b9783dd296361e79926a&amp;id=b8d6d0fd7b&amp;e=b557a076f7\">dattes medjoul<\/a>, <a href=\"https:\/\/solivr.us9.list-manage.com\/track\/click?u=64494b9783dd296361e79926a&amp;id=14472c8fcb&amp;e=b557a076f7\">les \u00e9pices<\/a>, les <a href=\"https:\/\/solivr.us9.list-manage.com\/track\/click?u=64494b9783dd296361e79926a&amp;id=6bb53cfb6b&amp;e=b557a076f7\">p\u00e2tisseries orientales<\/a>, <a href=\"https:\/\/solivr.us9.list-manage.com\/track\/click?u=64494b9783dd296361e79926a&amp;id=de422cc565&amp;e=b557a076f7\">les savons <\/a>de Naplouse, les <a href=\"https:\/\/solivr.us9.list-manage.com\/track\/click?u=64494b9783dd296361e79926a&amp;id=dce9f3930a&amp;e=b557a076f7\">produits brod\u00e9s<\/a>, les <a href=\"https:\/\/solivr.us9.list-manage.com\/track\/click?u=64494b9783dd296361e79926a&amp;id=8f85281e4c&amp;e=b557a076f7\">colliers b\u00e9douins<\/a>, <a href=\"https:\/\/solivr.us9.list-manage.com\/track\/click?u=64494b9783dd296361e79926a&amp;id=edf2791f6c&amp;e=b557a076f7\">les keffiehs<\/a> de toutes les couleurs, le <a href=\"https:\/\/solivr.us9.list-manage.com\/track\/click?u=64494b9783dd296361e79926a&amp;id=bf81bba5fb&amp;e=b557a076f7\">bois d&rsquo;olivier<\/a>, la <a href=\"https:\/\/solivr.us9.list-manage.com\/track\/click?u=64494b9783dd296361e79926a&amp;id=745c365670&amp;e=b557a076f7\">c\u00e9ramique d&rsquo;H\u00e9bron<\/a> ou le guide pour partir \u00e0 la <a href=\"https:\/\/solivr.us9.list-manage.com\/track\/click?u=64494b9783dd296361e79926a&amp;id=313a8e813f&amp;e=b557a076f7\">d\u00e9couverte de la Palestine !<\/a> Mais il y a aussi la solidarit\u00e9 et le partage en proposant les produits des paysans et producteurs palestiniens ou en d\u00e9cidant de <\/span><a href=\"https:\/\/solivr.us9.list-manage.com\/track\/click?u=64494b9783dd296361e79926a&amp;id=0270737be2&amp;e=b557a076f7\"><span style=\"font-family: tahoma, arial, helvetica, sans-serif;\">planter un olivier en Pale<\/span>stine !<\/a><\/span><\/p>\n<p><span style=\"font-family: times new roman, times, serif; font-size: 14pt;\"><em><br \/>\n<\/em>\u00a0<\/span><\/p>\n<p style=\"text-align: center;\"><span style=\"font-family: tahoma, arial, helvetica, sans-serif; font-size: 18pt;\"><strong>Allez vous promener sur leur site. C\u2019est d\u00e9j\u00e0 tout un voyage<\/strong><\/span><\/p>\n<p style=\"text-align: center;\"><img loading=\"lazy\" class=\"alignnone size-full wp-image-4375\" src=\"http:\/\/blog.lesgrossesorchadeslesamplesthalameges.fr\/wp-content\/uploads\/2019\/04\/0.-freccia-nera-piccola-xx-2.gif\" alt=\"\" width=\"46\" height=\"46\" \/><\/p>\n<\/td>\n<\/tr>\n<\/tbody>\n<\/table>\n<\/td>\n<\/tr>\n<\/tbody>\n<\/table>\n<p style=\"text-align: center;\"><span style=\"font-family: times new roman, times, serif; font-size: 14pt;\"><a href=\"https:\/\/solivr.fr\/\"><strong><span style=\"font-size: 18pt;\"><span style=\"font-size: 24pt;\">https:\/\/solivr.fr\/<\/span><\/span><\/strong><\/a><\/span><\/p>\n<p style=\"text-align: center;\"><span style=\"font-family: times new roman, times, serif; font-size: 14pt;\"><strong>\u00a0<\/strong><\/span><\/p>\n<p style=\"text-align: center;\"><span style=\"font-family: tahoma, arial, helvetica, sans-serif; font-size: 18pt;\"><strong>Ils sont \u00e0 Paris\u00a0:<\/strong><\/span><\/p>\n<p style=\"text-align: center;\"><span style=\"font-family: times new roman, times, serif; font-size: 14pt;\"><strong>\u00a0<\/strong><\/span><\/p>\n<p style=\"text-align: center;\"><span style=\"font-family: tahoma, arial, helvetica, sans-serif; font-size: 14pt;\">10, Rue de Penthi\u00e8vre<\/span><\/p>\n<p style=\"text-align: center;\"><span style=\"font-family: tahoma, arial, helvetica, sans-serif; font-size: 14pt;\">75008 &#8211; Paris<\/span><\/p>\n<p style=\"text-align: center;\"><span style=\"font-family: tahoma, arial, helvetica, sans-serif; font-size: 14pt;\"><a href=\"https:\/\/www.google.com\/search?client=firefox-b-d&amp;q=soliv%27r+horaires&amp;ludocid=12343945694879836469&amp;sa=X&amp;ved=2ahUKEwi00oL6k-7hAhVQK1AKHc6LCGYQ6BMwEHoECAsQAw\">Horaires<\/a>\u00a0:<\/span><\/p>\n<p style=\"text-align: center;\"><span style=\"font-family: tahoma, arial, helvetica, sans-serif; font-size: 14pt;\"><strong>Ouvert 24\u00a0h\/24<\/strong><\/span><\/p>\n<table>\n<tbody>\n<tr>\n<td style=\"text-align: center;\"><\/td>\n<td style=\"text-align: center;\"><\/td>\n<\/tr>\n<\/tbody>\n<\/table>\n<p style=\"text-align: center;\"><span style=\"font-family: tahoma, arial, helvetica, sans-serif; font-size: 14pt;\"><a href=\"https:\/\/www.google.com\/search?client=firefox-b-d&amp;q=soliv%27r+t%C3%A9l%C3%A9phone&amp;ludocid=12343945694879836469&amp;sa=X&amp;ved=2ahUKEwi00oL6k-7hAhVQK1AKHc6LCGYQ6BMwEXoECAsQDA\">T\u00e9l\u00e9phone<\/a>\u00a0: +33 9 70 46 46 42<\/span><\/p>\n<p>&nbsp;<\/p>\n<p style=\"text-align: center;\"><img loading=\"lazy\" class=\"alignnone wp-image-4365\" src=\"http:\/\/blog.lesgrossesorchadeslesamplesthalameges.fr\/wp-content\/uploads\/2019\/04\/6.-Palestine-flag-map-2-xxx.gif\" alt=\"\" width=\"100\" height=\"141\" \/><\/p>\n<p>&nbsp;<\/p>\n<p style=\"text-align: right;\"><span style=\"font-family: comic sans ms, sans-serif;\">\u00a026 avril 2019<\/span><strong><br \/>\n<\/strong><\/p>\n<p>&nbsp;<\/p>\n<p>&nbsp;<\/p>\n","protected":false},"excerpt":{"rendered":"<p>&nbsp; &nbsp; &nbsp; &nbsp; &nbsp; Les trois secrets pour faire de votre Ramadan la meilleure f\u00eate de l\u2019ann\u00e9e\u00a0! &nbsp; \u00ab\u00a0En 2019, laissez Solivr vous accompagner pour r\u00e9ussir vos moments partag\u00e9s pour des Iftars inoubliables avec des produits sains, solidaires, naturels et en plus de grande qualit\u00e9 nutritive et gustative !\u00a0 &nbsp; [Th\u00e9oriquement, le Ramadan, cette&#8230;<\/p>\n","protected":false},"author":1,"featured_media":0,"parent":0,"menu_order":0,"comment_status":"open","ping_status":"open","template":"","meta":[],"_links":{"self":[{"href":"https:\/\/blog.lesgrossesorchadeslesamplesthalameges.fr\/index.php\/wp-json\/wp\/v2\/pages\/4407"}],"collection":[{"href":"https:\/\/blog.lesgrossesorchadeslesamplesthalameges.fr\/index.php\/wp-json\/wp\/v2\/pages"}],"about":[{"href":"https:\/\/blog.lesgrossesorchadeslesamplesthalameges.fr\/index.php\/wp-json\/wp\/v2\/types\/page"}],"author":[{"embeddable":true,"href":"https:\/\/blog.lesgrossesorchadeslesamplesthalameges.fr\/index.php\/wp-json\/wp\/v2\/users\/1"}],"replies":[{"embeddable":true,"href":"https:\/\/blog.lesgrossesorchadeslesamplesthalameges.fr\/index.php\/wp-json\/wp\/v2\/comments?post=4407"}],"version-history":[{"count":0,"href":"https:\/\/blog.lesgrossesorchadeslesamplesthalameges.fr\/index.php\/wp-json\/wp\/v2\/pages\/4407\/revisions"}],"wp:attachment":[{"href":"https:\/\/blog.lesgrossesorchadeslesamplesthalameges.fr\/index.php\/wp-json\/wp\/v2\/media?parent=4407"}],"curies":[{"name":"wp","href":"https:\/\/api.w.org\/{rel}","templated":true}]}}