{"id":4417,"date":"2019-04-26T23:48:39","date_gmt":"2019-04-26T21:48:39","guid":{"rendered":"http:\/\/blog.lesgrossesorchadeslesamplesthalameges.fr\/?page_id=4417"},"modified":"2019-04-26T23:48:39","modified_gmt":"2019-04-26T21:48:39","slug":"les-tortures-en-images-du-belgo-marocain-ali-aarrass","status":"publish","type":"page","link":"https:\/\/blog.lesgrossesorchadeslesamplesthalameges.fr\/index.php\/les-tortures-en-images-du-belgo-marocain-ali-aarrass\/","title":{"rendered":"Les tortures en images du belgo-marocain Ali Aarrass"},"content":{"rendered":"<p>&nbsp;<\/p>\n<p>&nbsp;<\/p>\n<p>&nbsp;<\/p>\n<p>&nbsp;<\/p>\n<p>&nbsp;<\/p>\n<p>&nbsp;<\/p>\n<p style=\"text-align: center;\"><span style=\"font-family: times new roman, times, serif; font-size: 36pt;\"><strong>Les tortures en images du belgo-marocain Ali Aarrass dans une prison au Maroc<\/strong><\/span><span style=\"font-family: times new roman, times, serif; font-size: 36pt;\"><strong>\u00a0<\/strong><\/span><\/p>\n<p>&nbsp;<\/p>\n<p style=\"text-align: center;\"><span style=\"font-family: times new roman, times, serif; font-size: 18pt;\"><strong><em>RTBF INFO<\/em><\/strong><strong> \u2013 <\/strong><span style=\"color: #c00000;\"><strong>5 octobre 2015<\/strong><\/span><\/span><\/p>\n<p>&nbsp;<\/p>\n<p><img loading=\"lazy\" class=\"aligncenter wp-image-4367\" src=\"http:\/\/blog.lesgrossesorchadeslesamplesthalameges.fr\/wp-content\/uploads\/2019\/04\/ALI-300x169.jpg\" alt=\"\" width=\"600\" height=\"337\" srcset=\"https:\/\/blog.lesgrossesorchadeslesamplesthalameges.fr\/wp-content\/uploads\/2019\/04\/ALI-300x169.jpg 300w, https:\/\/blog.lesgrossesorchadeslesamplesthalameges.fr\/wp-content\/uploads\/2019\/04\/ALI.jpg 370w\" sizes=\"(max-width: 600px) 100vw, 600px\" \/><\/p>\n<p style=\"text-align: center;\"><strong><span style=\"font-family: times new roman, times, serif; font-size: 12pt;\"><em>Ali Aarrass, citoyen belgo-marocain emprisonn\u00e9 au Maroc &#8211; \u00a9 Capture d&rsquo;\u00e9cran de la vid\u00e9o fournie par la LDH et le MRAX<\/em><\/span><\/strong><\/p>\n<p>&nbsp;<\/p>\n<p>&nbsp;<\/p>\n<p style=\"text-align: justify;\"><strong><span style=\"font-family: tahoma, arial, helvetica, sans-serif; font-size: 14pt;\">Droits de l&rsquo;Homme et Amnesty International ont lanc\u00e9 un nouvel appel, lundi, en faveur de la lib\u00e9ration d&rsquo;Ali Aarrass, un citoyen belgo-marocain extrad\u00e9 en 2010 par l&rsquo;Espagne vers le Maroc, o\u00f9 il a \u00e9t\u00e9 condamn\u00e9 en 2012 \u00e0 douze ann\u00e9es de prison. Aarrass, soulignent les trois associations, a \u00e9t\u00e9 tortur\u00e9 par les autorit\u00e9s marocaines en vue de lui extorquer des aveux de complicit\u00e9s terroristes.<\/span><\/strong><\/p>\n<p>&nbsp;<\/p>\n<p style=\"text-align: justify;\"><span style=\"font-family: times new roman, times, serif; font-size: 14pt;\">L&rsquo;homme, \u00e2g\u00e9 de 53 ans, a entam\u00e9<span style=\"color: #c00000;\"> <strong>sa sixi\u00e8me gr\u00e8ve de la faim le 25 ao\u00fbt dernier <\/strong><\/span>\u00e0 la prison de Sal\u00e9 II, au Maroc, pour d\u00e9noncer les s\u00e9vices et les conditions de d\u00e9tention qui lui sont inflig\u00e9s. Ses jours sont en danger, selon le MRAX et la Ligue des Droits de l&rsquo;Homme.<\/span><\/p>\n<p style=\"text-align: justify;\"><span style=\"font-family: times new roman, times, serif; font-size: 14pt;\">Mais les conditions de d\u00e9tention le placent dans une situation de violence psychologique et physique telle qu&rsquo;il est d\u00e9cid\u00e9 \u00e0 continuer sa gr\u00e8ve jusqu&rsquo;\u00e0 ce que les autorit\u00e9s belges r\u00e9pondent \u00e0 ses demandes, ont expliqu\u00e9 les deux organisations, lundi, au cours d&rsquo;une conf\u00e9rence de presse.<\/span><\/p>\n<p>&nbsp;<\/p>\n<p>&nbsp;<\/p>\n<p style=\"text-align: center;\"><iframe loading=\"lazy\" src=\"\/\/www.youtube.com\/embed\/0sG4kXHOiOw\" width=\"604\" height=\"483\" frameborder=\"0\" allowfullscreen=\"allowfullscreen\"><\/iframe><\/p>\n<p style=\"text-align: center;\"><strong><span style=\"font-size: 14pt; font-family: times new roman, times, serif;\"><em>Vid\u00e9o d&rsquo;Ali Aarrass apr\u00e8s une s\u00e9ance de torture<\/em><\/span><\/strong><\/p>\n<p>&nbsp;<\/p>\n<p>&nbsp;<\/p>\n<p style=\"text-align: justify;\"><span style=\"font-family: times new roman, times, serif; font-size: 14pt;\">Ali Aarrass, qui est repr\u00e9sent\u00e9 par Me Christophe Marchand, avocat belge sp\u00e9cialis\u00e9 dans les droits de l&rsquo;homme, a la double nationalit\u00e9, belge et marocaine. Les autorit\u00e9s marocaines demeurent r\u00e9solument herm\u00e9tiques \u00e0 ses requ\u00eates. Ali Aarrass demande notamment que le gouvernement belge r\u00e9clame et obtienne le rapport ou les conclusions de l&rsquo;enqu\u00eate sur les tortures qui lui ont \u00e9t\u00e9 inflig\u00e9es, incluant un examen m\u00e9dical, exig\u00e9e par le Comit\u00e9 contre la torture de l&rsquo;ONU au Maroc le 27 mai 2014.<\/span><\/p>\n<p style=\"text-align: justify;\"><span style=\"font-family: times new roman, times, serif; font-size: 14pt;\">Le gouvernement, poursuivent le Mrax, Amnesty et la Ligue des Droits de l&rsquo;Homme, doit faire pression sur les autorit\u00e9s marocaines qui, apr\u00e8s un an, n&rsquo;ont toujours pas donn\u00e9 suite \u00e0 la demande du minist\u00e8re des Affaires \u00e9trang\u00e8res d&rsquo;autoriser la visite consulaire de la Belgique aupr\u00e8s de son ressortissant d\u00e9tenu.<\/span><\/p>\n<p style=\"text-align: justify;\"><span style=\"font-family: times new roman, times, serif; font-size: 14pt;\">Le gouvernement belge, enfin, doit exiger la mise en libert\u00e9 imm\u00e9diate en conformit\u00e9 avec les recommandations venant du Groupe de travail des Nations unies sur la d\u00e9tention arbitraire.<\/span><\/p>\n<p style=\"text-align: justify;\"><span style=\"font-family: times new roman, times, serif; font-size: 14pt;\">Ali Aarrass n&rsquo;a toujours pas \u00e9t\u00e9 d\u00e9finitivement jug\u00e9 ou condamn\u00e9 et la d\u00e9tention provisoire d\u00e9passe aujourd&rsquo;hui tout d\u00e9lai raisonnable pr\u00e9vu par la loi. Sa mise en libert\u00e9 imm\u00e9diate apr\u00e8s bient\u00f4t 8 ans de d\u00e9tention est la moindre des choses en attendant la r\u00e9ouverture d&rsquo;un proc\u00e8s (en cassation) \u00e9quitable, lancent les associations qu soutiennent notre compatriote.<\/span><\/p>\n<p style=\"text-align: justify;\"><span style=\"font-family: times new roman, times, serif; font-size: 14pt;\">Les humiliations, coups, insultes, provocations et autres traitements d\u00e9gradants, sont r\u00e9v\u00e9l\u00e9s en partie par un document vid\u00e9o \u00ab\u00a0tourn\u00e9\u00a0\u00bb en 2012.<\/span><\/p>\n<p style=\"text-align: justify;\"><span style=\"font-family: times new roman, times, serif; font-size: 14pt;\">Le belgo-marocain Ali Aarrass a \u00e9t\u00e9 condamn\u00e9 \u00e0 12 ans de prison au Maroc \u00e0 la suite d&rsquo;accusations port\u00e9es directement contre lui par Abdelkkader Belliraj, qui faisait du premier un membre de son r\u00e9seau. Il a \u00e9t\u00e9 condamn\u00e9 pour avoir introduit des armes au Maroc, armes destin\u00e9es \u00e0 des groupes djihadistes actifs notamment en Alg\u00e9rie.<\/span><\/p>\n<p style=\"text-align: justify;\"><span style=\"font-family: times new roman, times, serif; font-size: 14pt;\">Ali Aarrass nie formellement les accusations port\u00e9es par Belliraj, \u00e9galement obtenues, semble-t-il, sous la torture.<\/span><\/p>\n<p style=\"text-align: justify;\"><span style=\"font-family: times new roman, times, serif; font-size: 14pt;\">Belliraj, Belgo-Marocain lui aussi, a \u00e9t\u00e9 condamn\u00e9 en 2011 au Maroc \u00e0 la perp\u00e9tuit\u00e9 pour appartenance \u00e0 une organisation terroriste et pour six assassinats commis \u00e0 Bruxelles \u00e0 la fin des ann\u00e9es 80. Ce dossier portait sur six assassinats qualifi\u00e9s de politiques, mais aussi sur des pr\u00e9ventions de terrorisme.<\/span><\/p>\n<p style=\"text-align: justify;\"><span style=\"font-family: times new roman, times, serif; font-size: 14pt;\">Le profil de l&rsquo;int\u00e9ress\u00e9 apporte des arguments aux d\u00e9fenseurs d&rsquo;Ali Aarrass, qui font d\u00e8s lors valoir l&rsquo;absence de fondement des charges retenues contre celui-ci.<\/span><\/p>\n<p style=\"text-align: justify;\"><span style=\"font-family: times new roman, times, serif; font-size: 14pt;\"><strong>\u00a0<\/strong><\/span><\/p>\n<p style=\"text-align: justify;\"><span style=\"font-family: times new roman, times, serif; font-size: 18pt;\"><strong>De la x\u00e9nophobie d&rsquo;\u00c9tat<\/strong><\/span><\/p>\n<p style=\"text-align: justify;\"><span style=\"font-family: times new roman, times, serif; font-size: 14pt;\">Pour Carlos Crespo, pr\u00e9sident du MRAX, \u00ab\u00a0la Belgique donne des le\u00e7ons de civilisation \u00e0 la tribune des Nations-Unies mais est incapable de prot\u00e9ger ses citoyens nationaux. Le d\u00e9sint\u00e9r\u00eat total manifest\u00e9 envers le sort d&rsquo;Ali Aarrass est embl\u00e9matique d&rsquo;une certaine x\u00e9nophobie d&rsquo;Etat.\u00a0\u00bb<\/span><\/p>\n<p style=\"text-align: justify;\"><span style=\"font-family: times new roman, times, serif; font-size: 14pt;\">Alexis Deswaef, pr\u00e9sident de la Ligue des Droits de l&rsquo;Homme, d\u00e9plore l&rsquo;existence de citoyens de seconde zone. \u00ab\u00a0Celui qui poss\u00e8de la double nationalit\u00e9 &#8211; m\u00eame s&rsquo;il ne l&rsquo;a pas souhait\u00e9 comme c&rsquo;est le cas d&rsquo;Ali Aarrass &#8211; sera toujours un citoyen de seconde zone, ce qui est inacceptable\u00a0\u00bb. Enfin, pour Amnesty, Zo\u00e9 Spiret rappelle qu&rsquo;Ali Aarrass a \u00e9t\u00e9 choisi comme embl\u00e8me pour la campagne de l&rsquo;association contre la torture et que le Maroc fait partie des cinq pays choisis comme cible de cette campagne.<\/span><\/p>\n<p>&nbsp;<\/p>\n<p>&nbsp;<\/p>\n<h3><img loading=\"lazy\" class=\"alignnone wp-image-4418 aligncenter\" src=\"http:\/\/blog.lesgrossesorchadeslesamplesthalameges.fr\/wp-content\/uploads\/2019\/04\/Cha\u00eenes-rompues-2.gif\" alt=\"\" width=\"100\" height=\"88\" \/><\/h3>\n<p>&nbsp;<\/p>\n<p><span style=\"font-family: times new roman, times, serif; font-size: 18pt;\"><strong>Sur le m\u00eame sujet\u00a0:<\/strong><\/span><\/p>\n<p><span style=\"font-family: times new roman, times, serif; font-size: 18pt;\">20\/04\/2016<\/span><\/p>\n<h3><span style=\"font-family: times new roman, times, serif; font-size: 18pt;\"><a href=\"https:\/\/www.rtbf.be\/info\/belgique\/detail_une-bd-pour-la-neuvieme-annee-de-detention-d-ali-aarrass?id=9274129\">Une BD pour la neuvi\u00e8me ann\u00e9e de d\u00e9tention d&rsquo;Ali Aarrass <\/a><\/span><\/h3>\n<h3><span style=\"font-family: times new roman, times, serif; font-size: 18pt;\">15\/12\/2015<\/span><\/h3>\n<h3><span style=\"font-family: times new roman, times, serif; font-size: 18pt;\"><a href=\"https:\/\/www.rtbf.be\/info\/belgique\/detail_des-manifestants-brandissent-du-pain-et-de-l-eau-a-d-reynders-pour-a-aarrass?id=9165681\" aria-hidden=\"true\">Des manifestants brandissent du pain et de l&rsquo;eau \u00e0 D. Reynders pour A. Aarrass <\/a><\/span><\/h3>\n<p><span style=\"font-family: times new roman, times, serif; font-size: 18pt;\">04\/11\/2015<\/span><\/p>\n<h3><span style=\"font-family: times new roman, times, serif; font-size: 18pt;\"><a href=\"https:\/\/www.rtbf.be\/info\/belgique\/detail_zoe-genot-reynders-trouve-toutes-sortes-d-excuses-pour-ne-pas-aider-ali-aarrass?id=9126951\">Zo\u00e9 Genot: \u00ab\u00a0Reynders trouve toutes sortes d&rsquo;excuses pour ne pas aider Ali Aarrass\u00a0\u00bb <\/a><\/span><\/h3>\n<p><span style=\"font-family: times new roman, times, serif; font-size: 18pt;\">31\/10\/2015<\/span><\/p>\n<h3><span style=\"font-family: times new roman, times, serif; font-size: 18pt;\"><a href=\"https:\/\/www.rtbf.be\/info\/belgique\/detail_affaire-ali-aarrass-trois-deputes-bruxellois-rejoignent-la-greve-de-la-faim?id=9124170\">Affaire Ali Aarrass: trois d\u00e9put\u00e9s bruxellois rejoignent la gr\u00e8ve de la faim <\/a><\/span><\/h3>\n<p><span style=\"font-family: times new roman, times, serif; font-size: 18pt;\">28\/10\/2015<\/span><\/p>\n<h3><span style=\"font-size: 18pt;\"><a href=\"https:\/\/www.rtbf.be\/info\/belgique\/detail_manifestation-devant-l-ambassade-du-maroc-en-belgique-pour-ali-aarrass?id=9121184\"><span style=\"font-family: times new roman, times, serif;\">Manifestation devant l&rsquo;ambassade du Maroc en Belgique pour Ali Aarrass<\/span> <\/a><\/span><\/h3>\n<h3><\/h3>\n<p>&nbsp;<\/p>\n<h3 style=\"text-align: center;\"><img loading=\"lazy\" class=\"alignnone wp-image-4418\" src=\"http:\/\/blog.lesgrossesorchadeslesamplesthalameges.fr\/wp-content\/uploads\/2019\/04\/Cha\u00eenes-rompues-2.gif\" alt=\"\" width=\"100\" height=\"88\" \/><\/h3>\n<p>&nbsp;<\/p>\n<h3><\/h3>\n<h3 style=\"text-align: right;\"><span style=\"font-family: comic sans ms, sans-serif; color: #c00000; font-size: 18pt;\">On est le 26 avril 2019 !<br \/>\n<\/span><\/h3>\n<p>&nbsp;<\/p>\n<p>&nbsp;<\/p>\n","protected":false},"excerpt":{"rendered":"<p>&nbsp; &nbsp; &nbsp; &nbsp; &nbsp; &nbsp; Les tortures en images du belgo-marocain Ali Aarrass dans une prison au Maroc\u00a0 &nbsp; RTBF INFO \u2013 5 octobre 2015 &nbsp; Ali Aarrass, citoyen belgo-marocain emprisonn\u00e9 au Maroc &#8211; \u00a9 Capture d&rsquo;\u00e9cran de la vid\u00e9o fournie par la LDH et le MRAX &nbsp; &nbsp; Droits de l&rsquo;Homme et Amnesty&#8230;<\/p>\n","protected":false},"author":1,"featured_media":0,"parent":0,"menu_order":0,"comment_status":"open","ping_status":"open","template":"","meta":[],"_links":{"self":[{"href":"https:\/\/blog.lesgrossesorchadeslesamplesthalameges.fr\/index.php\/wp-json\/wp\/v2\/pages\/4417"}],"collection":[{"href":"https:\/\/blog.lesgrossesorchadeslesamplesthalameges.fr\/index.php\/wp-json\/wp\/v2\/pages"}],"about":[{"href":"https:\/\/blog.lesgrossesorchadeslesamplesthalameges.fr\/index.php\/wp-json\/wp\/v2\/types\/page"}],"author":[{"embeddable":true,"href":"https:\/\/blog.lesgrossesorchadeslesamplesthalameges.fr\/index.php\/wp-json\/wp\/v2\/users\/1"}],"replies":[{"embeddable":true,"href":"https:\/\/blog.lesgrossesorchadeslesamplesthalameges.fr\/index.php\/wp-json\/wp\/v2\/comments?post=4417"}],"version-history":[{"count":0,"href":"https:\/\/blog.lesgrossesorchadeslesamplesthalameges.fr\/index.php\/wp-json\/wp\/v2\/pages\/4417\/revisions"}],"wp:attachment":[{"href":"https:\/\/blog.lesgrossesorchadeslesamplesthalameges.fr\/index.php\/wp-json\/wp\/v2\/media?parent=4417"}],"curies":[{"name":"wp","href":"https:\/\/api.w.org\/{rel}","templated":true}]}}