{"id":4424,"date":"2019-04-26T23:52:28","date_gmt":"2019-04-26T21:52:28","guid":{"rendered":"http:\/\/blog.lesgrossesorchadeslesamplesthalameges.fr\/?page_id=4424"},"modified":"2019-04-27T22:11:54","modified_gmt":"2019-04-27T20:11:54","slug":"anatole-atlas-invite-a-santiago-du-chili","status":"publish","type":"page","link":"https:\/\/blog.lesgrossesorchadeslesamplesthalameges.fr\/index.php\/anatole-atlas-invite-a-santiago-du-chili\/","title":{"rendered":"Anatole Atlas invit\u00e9 \u00e0 Santiago du Chili"},"content":{"rendered":"<p>&nbsp;<\/p>\n<p>&nbsp;<\/p>\n<p>&nbsp;<\/p>\n<p>&nbsp;<\/p>\n<p>&nbsp;<\/p>\n<p>&nbsp;<\/p>\n<p style=\"text-align: center;\"><span style=\"font-family: times new roman, times, serif; font-size: 40pt;\"><strong>Anatole Atlas invit\u00e9 \u00e0 Santiago du Chili<\/strong><\/span><\/p>\n<p>&nbsp;<\/p>\n<p>&nbsp;<\/p>\n<p style=\"text-align: center;\"><span style=\"font-family: times new roman, times, serif; font-size: 14pt;\"><strong>\u00a0<img loading=\"lazy\" class=\"alignnone wp-image-4378\" src=\"http:\/\/blog.lesgrossesorchadeslesamplesthalameges.fr\/wp-content\/uploads\/2019\/04\/Invitacion-243x300.jpg\" alt=\"\" width=\"600\" height=\"740\" srcset=\"https:\/\/blog.lesgrossesorchadeslesamplesthalameges.fr\/wp-content\/uploads\/2019\/04\/Invitacion-243x300.jpg 243w, https:\/\/blog.lesgrossesorchadeslesamplesthalameges.fr\/wp-content\/uploads\/2019\/04\/Invitacion.jpg 600w\" sizes=\"(max-width: 600px) 100vw, 600px\" \/><\/strong><\/span><\/p>\n<p>&nbsp;<\/p>\n<p>&nbsp;<\/p>\n<p style=\"text-align: center;\"><img loading=\"lazy\" class=\"alignnone size-full wp-image-4373\" src=\"http:\/\/blog.lesgrossesorchadeslesamplesthalameges.fr\/wp-content\/uploads\/2019\/04\/000.-russep-x.gif\" alt=\"\" width=\"50\" height=\"50\" \/><\/p>\n<p>&nbsp;<\/p>\n<p style=\"text-align: center;\"><span style=\"font-family: times new roman, times, serif; font-size: 36pt; color: #ff0000;\"><strong><em>Offrande \u00e0 la Parole Am\u00e9lior\u00e9e<\/em><\/strong><\/span><\/p>\n<p>&nbsp;<\/p>\n<p>&nbsp;<\/p>\n<p style=\"text-align: justify;\"><span style=\"font-family: times new roman, times, serif; font-size: 14pt;\">Tout rapport avec MUMMY (Minist\u00e8res-Universit\u00e9s-M\u00e9dias), douairi\u00e8re de TINA (<em>There Is No Alternative<\/em>) est un voyage dans les amygdales d&rsquo;une mygale. Qui s&rsquo;y aventure explore un palais de venimeuses f\u00e9eries : c&rsquo;est en\u00a0un tel gosier que\u00a0le scribe\u00a0recueille\u00a0son poison-pharmakon&#8230;<\/span><\/p>\n<p style=\"text-align: justify;\"><span style=\"font-family: times new roman, times, serif; font-size: 14pt;\">Qu&rsquo;est d&rsquo;autre\u00a0cet insecte s&rsquo;enqu\u00e9rant de ses droits dans l&rsquo;actuelle toile d&rsquo;araign\u00e9e communautaire, identitaire et s\u00e9curitaire, qu&rsquo;une mouche importune &#8211; d\u00e8s lors qu&rsquo;il\u00a0met en question le syst\u00e8me de\u00a0la Valeur\u00a0?&#8230;<\/span><\/p>\n<p style=\"text-align: justify;\"><span style=\"font-family: times new roman, times, serif; font-size: 14pt;\">Vue depuis l&rsquo;avenir, au-del\u00e0 des logiques arachn\u00e9ennes du capitalisme, la contemporaine TVA\u00a0sera comprise comme trace archa\u00efque d&rsquo;une \u00e8re soumise aux crit\u00e8res exclusifs du quantifiable, quand outre l&rsquo;extorsion de la plus-value sur leur travail, l&rsquo;\u00c9tat pr\u00e9levait sa d\u00eeme sur les bestioles consommatrices par une taxe portant sur\u00a0leur valeur ajout\u00e9e&#8230;<\/span><\/p>\n<p style=\"text-align: justify;\"><span style=\"font-family: times new roman, times, serif; font-size: 14pt;\">La conscience de l&rsquo;humanit\u00e9 future avivera son indulgence pour les contemporaines\u00a0barbaries du march\u00e9 de la guerre et de la guerre du march\u00e9. Nos descendants percevront combien les t\u00e9n\u00e8bres du pr\u00e9sent Moyen-\u00c2ge, usurpant le prestige de fallacieuses Lumi\u00e8res, furent inaptes \u00e0\u00a0produire une socialit\u00e9 fond\u00e9e sur la Parole\u00a0;\u00a0o\u00f9 le qualitatif aurait force de loi sur le quantitatif, o\u00f9\u00a0l&rsquo;offrande supplanterait la taxe&#8230;<\/span><\/p>\n<p style=\"text-align: justify;\"><span style=\"font-family: times new roman, times, serif; font-size: 14pt;\">Qu&rsquo;en faisait-il donc, l&rsquo;\u00c9tat, des tr\u00e9sors amass\u00e9s\u00a0par ses\u00a0TVA (tandis que l&rsquo;\u00e9cot des aragnes prosp\u00e9rait \u00e0 l&rsquo;abri de tout regard), pour entretenir l&rsquo;illusion d&rsquo;une civilisation gr\u00e2ce \u00e0 des minist\u00e8res de la Culture\u00a0?&#8230;<\/span><\/p>\n<p style=\"text-align: justify;\"><span style=\"font-family: times new roman, times, serif; font-size: 14pt;\">S&rsquo;il fournissait des aides \u00e0 l&rsquo;industrie du livre, c&rsquo;\u00e9tait \u00e0 condition qu&rsquo;elle ne s&rsquo;avis\u00e2t jamais d&rsquo;imaginer quelque <em>Offrande \u00e0 la Parole Am\u00e9lior\u00e9e<\/em>&#8230;<\/span><\/p>\n<p style=\"text-align: justify;\"><span style=\"font-family: times new roman, times, serif; font-size: 14pt;\">Ce qui, depuis Gilgamesh, est pourtant le signifi\u00e9 de toute litt\u00e9rature&#8230;<\/span><\/p>\n<p style=\"text-align: justify;\"><span style=\"font-family: times new roman, times, serif; font-size: 14pt;\">Mon travail entier\u00a0se veut dans la filiation d&rsquo;une publication qui, voici juste\u00a0cent\u00a0ans, s&rsquo;\u00e9tait par\u00a0ironie donn\u00e9 ce titre : <em>Litt\u00e9rature<\/em>.\u00a0Qui donc en rendra compte, si\u00a0c&rsquo;est pr\u00e9cis\u00e9ment l&rsquo;esprit de ces aventuriers dont la Toile\u00a0croit avoir nettoy\u00e9 ses recoins par la poussi\u00e8re du bavardage ?&#8230;<\/span><\/p>\n<p style=\"text-align: justify;\"><span style=\"font-family: times new roman, times, serif; font-size: 14pt;\">Il fallut, pour s&rsquo;en aviser, que prov\u00eent un message depuis les confins du monde :\u00a0l&rsquo;invitation que j&rsquo;ai re\u00e7ue venant des environs de la Patagonie. Ne pouvais-je, vu ma tr\u00e8s longue m\u00e9lop\u00e9e, b\u00e9n\u00e9ficier d&rsquo;une aide pour accomplir ce voyage \u00e0 Santiago de Chili ? Qu\u00e9mander pareille obole imposait un redoutable passage par les amygdales de la mygale&#8230;<\/span><\/p>\n<p style=\"text-align: justify;\"><span style=\"font-family: times new roman, times, serif; font-size: 14pt;\">Que r\u00e9pondrait MUMMY, dame d&rsquo;honneur de TINA ? Sans surprise ne me parvinrent que des borborygmes automatiques, en ce\u00a0langage cod\u00e9 propre aux ordinateurs.\u00a0M\u00eame si j&rsquo;ai tent\u00e9 d&rsquo;y d\u00e9chiffrer quelque trace humaine, l&rsquo;arachnide exprimait un m\u00e9pris d\u00e9go\u00fbt\u00e9 pour ma d\u00e9marche, arguant du fait que j&rsquo;appartenais \u00e0 l&rsquo;esp\u00e8ce des nuisibles m\u00e9t\u00e8ques et autres migrants disqualifi\u00e9s comme \u00e9trangers \u00e0 la Communaut\u00e9, pour habiter du mauvais c\u00f4t\u00e9 de la fronti\u00e8re linguistique. Ce qui se trouvait sommairement exprim\u00e9,\u00a0je me suis permis de le traduire ici pour offrir, en sus d&rsquo;une parole am\u00e9lior\u00e9e, quelque rigolade \u00e0 la post\u00e9rit\u00e9&#8230;<\/span><\/p>\n<p style=\"text-align: justify;\"><span style=\"font-family: times new roman, times, serif; font-size: 14pt;\">Car celle-ci ne manquera pas d&rsquo;observer qu&rsquo;au d\u00e9part d&rsquo;un personnage travaillant dans la firme CIGRASA (Ciment-Gravier-Sable) sur le canal de Bruxelles, mon \u0153uvre s&rsquo;\u00e9labora d&rsquo;un triple point de vue <strong>prol\u00e9taire<\/strong>, <strong>sovi\u00e9tique<\/strong> et <strong>tiers-mondiste <\/strong>(signifiants frapp\u00e9s d&rsquo;infamie par la contre-r\u00e9volution anticommuniste en cours depuis un demi-si\u00e8cle)&#8230;<\/span><\/p>\n<p style=\"text-align: justify;\"><span style=\"font-family: times new roman, times, serif; font-size: 14pt;\">Comment\u00a0ce travail pouvait-il avoir l&rsquo;aval des amygdales d&rsquo;une mygale ? Comment cette cath\u00e9drale de mots pouvait-elle conna\u00eetre les faveurs d&rsquo;un bunker ? Si, par temps de guerre (nous armons l&rsquo;Arabie saoudite, qui an\u00e9antit le Y\u00e9men et massacre quotidiennement depuis l&rsquo;Afrique occidentale jusqu&rsquo;\u00e0 l&rsquo;Asie orientale en passant par le Sri Lanka), nos superstructures id\u00e9ologiques ont pour principal mat\u00e9riau le b\u00e9ton barbel\u00e9, celui-ci ne se peut exhiber sans garnitures ni fioritures faisant la plus grande part des gadg\u00e9teries livresques&#8230;<\/span><\/p>\n<p style=\"text-align: justify;\"><span style=\"font-family: times new roman, times, serif; font-size: 14pt;\">C&rsquo;est le tableau du couple fatal unissant un rapport social d&rsquo;exploitation \u00e9conomique, de domination politique et d&rsquo;ali\u00e9nation id\u00e9ologique \u00e0 ses repr\u00e9sentations invers\u00e9es, que j&rsquo;ai bross\u00e9 sous les traits de Kapitotal et de la tour Panoptic :\u00a0pareille description\u00a0pouvait-elle \u00eatre dig\u00e9r\u00e9e ?&#8230;<\/span><\/p>\n<p style=\"text-align: justify;\"><span style=\"font-family: times new roman, times, serif; font-size: 14pt;\">Qu&rsquo;une\u00a0toile d&rsquo;araign\u00e9e bunk\u00e9ris\u00e9e, malgr\u00e9 sa propagande,\u00a0ne go\u00fbte gu\u00e8re les cath\u00e9drales, il fallait le prouver.\u00a0Cet art d&rsquo;illuminer les si\u00e8cles par leur br\u00fblure m\u00eame est secret bien gard\u00e9 des architectes et ma\u00e7ons. De temps \u00e0 autre une fl\u00e8che rend visibles ses flammes et cela frappe de sid\u00e9ration les\u00a0populations face \u00e0 leurs \u00e9crans. Rien de plus interdit de divulgation que le sens du gothique flamboyant&#8230;<\/span><\/p>\n<p style=\"text-align: justify;\"><span style=\"font-family: times new roman, times, serif; font-size: 14pt;\">C&rsquo;est un contre-r\u00e9cit du storytelling\u00a0occidental qu&rsquo;il s&rsquo;agit d&rsquo;inventer.\u00a0La n\u00e9gation du discours dominant, Aragon Brecht C\u00e9saire en sont l&rsquo;ABC. Qui lit encore Vladimir\u00a0Ma\u00efakovski, Nazim Hikmet, Yannis R\u00edtsos,\u00a0Rafael Alberti, Nicolas Guill\u00e9n, Kateb Yacine, Pablo Neruda, Sony Labou Tansi ?<\/span><\/p>\n<p style=\"text-align: justify;\"><span style=\"font-family: times new roman, times, serif; font-size: 14pt;\">La plus haute voix de Sion ne s&rsquo;appelle-t-elle pas\u00a0Mahmoud Darwich ? La plus g\u00e9niale interpr\u00e9tation du sionisme\u00a0&#8211; comme un renversement de la conscience malheureuse &#8211; n&rsquo;est-elle pas l&rsquo;\u0153uvre d&rsquo;un <strong><em>\u00e9tranger professionnel <\/em><\/strong>ignor\u00e9 de tous : Abdelk\u00e9bir Khatibi ?&#8230;<\/span><\/p>\n<p style=\"text-align: justify;\"><span style=\"font-family: times new roman, times, serif; font-size: 14pt;\">Leur \u00e9limination de la Toile flatte les amygdales de la mygale&#8230;<\/span><\/p>\n<p style=\"text-align: justify;\"><span style=\"font-family: times new roman, times, serif; font-size: 14pt;\">Cette\u00a0moderne pl\u00e9iade illuminerait le globe sans\u00a0brouillards toxiques\u00a0et stars factices au service de TINA. MUMMY ne peut donc ingurgiter qui s&rsquo;en r\u00e9clame, les agents de la culture\u00a0ayant pour principale\u00a0fonction\u00a0de perp\u00e9tuer\u00a0leur propre structure : <em>No Alternative <\/em>oblige&#8230;<\/span><\/p>\n<p style=\"text-align: justify;\"><span style=\"font-family: times new roman, times, serif; font-size: 14pt;\">Que tout \u00eatre puisse, de naissance, \u00eatre assur\u00e9 d&rsquo;une vie digne : tel est le v\u0153u des astres inspirant les a\u00e8des \u00e0 travers l&rsquo;histoire. Durant le XXe si\u00e8cle,\u00a0cette constellation brilla d&rsquo;une magnitude sans pr\u00e9c\u00e9dent contre fascisme et nazisme, \u00e0 l&rsquo;appel d&rsquo;une \u00e9toile rouge incitant aux\u00a0spasmes psychiques davantage que physiques&#8230;<\/span><\/p>\n<p style=\"text-align: justify;\"><span style=\"font-family: times new roman, times, serif; font-size: 14pt;\">Plus que les crimes staliniens, n&rsquo;est-ce pas la forclusion de ce message, la condamnation d&rsquo;une dialectique historique et le verrouillage de toute esp\u00e9rance\u00a0au-del\u00e0 d&rsquo;un horizon bouch\u00e9 par TINA qui, gr\u00e2ce \u00e0 la parfaite soumission de MUMMY, provoquent les convulsions r\u00e9gressives sous forme d&rsquo;insolubles conflits identitaires, communautaires et s\u00e9curitaires dont prosp\u00e8re une race \u00e9lective en s\u00e9cession des damn\u00e9s de la terre ? Dans son <em>Discours sur le colonialisme <\/em>(1950),\u00a0Aim\u00e9 C\u00e9saire osait \u00e9crire : \u00a0\u00bb\u00a0<em>Au bout du capitalisme, d\u00e9sireux de survivre, il y a Hitler.<\/em> <em>Au bout de l&rsquo;humanisme formel et du renoncement philosophique, il y a Hitler <\/em>\u00ab\u00a0&#8230;\u00a0\u00a0\u00a0<\/span><\/p>\n<p style=\"text-align: justify;\"><span style=\"font-family: times new roman, times, serif; font-size: 14pt;\">Aucun <em>Nacht und Nebel<\/em> pourtant n&rsquo;occultera jamais ce fait que\u00a0le projet communiste (h\u00e9ritier des plus hautes traditions de toutes les religions, de toutes les philosophies, de tous les arts ; de toutes les fois, de toutes les raisons, de toutes les imaginations ; de toutes les illuminations, de toutes les convictions, de toutes les inspirations), demeure le plus beau r\u00eave de l&rsquo;humanit\u00e9.<\/span><\/p>\n<p style=\"text-align: justify;\"><span style=\"font-family: times new roman, times, serif; font-size: 14pt;\">Anatole Atlas, Ambassadeur de Gilgamesh en Atlantide<\/span><\/p>\n<p style=\"text-align: justify;\"><span style=\"font-family: times new roman, times, serif; font-size: 14pt;\">\u00a0\u00a0\u00a0\u00a0\u00a0\u00a0\u00a0\u00a0\u00a0\u00a0\u00a0\u00a0<\/span><\/p>\n<p style=\"text-align: justify;\"><span style=\"font-family: times new roman, times, serif; font-size: 14pt;\"><a href=\"http:\/\/www.spherisme.be\/\">www.spherisme.be<\/a><\/span><\/p>\n<p style=\"text-align: center;\"><span style=\"font-family: times new roman, times, serif; font-size: 14pt;\"><strong><img loading=\"lazy\" class=\"alignnone size-full wp-image-4373\" src=\"http:\/\/blog.lesgrossesorchadeslesamplesthalameges.fr\/wp-content\/uploads\/2019\/04\/000.-russep-x.gif\" alt=\"\" width=\"50\" height=\"50\" \/><\/strong><\/span><\/p>\n<p style=\"text-align: justify;\"><span style=\"font-family: times new roman, times, serif; font-size: 14pt;\"><strong><em>\u00a0<\/em><\/strong><\/span><\/p>\n<p style=\"text-align: justify;\"><span style=\"font-family: times new roman, times, serif; font-size: 24pt; color: #c00000;\"><strong><em>Et d\u2019ailleurs\u2026<\/em><\/strong><\/span><\/p>\n<p>&nbsp;<\/p>\n<p>&nbsp;<\/p>\n<p style=\"text-align: center;\"><span style=\"font-family: times new roman, times, serif; font-size: 14pt;\"><strong><em>\u00a0<img loading=\"lazy\" class=\"alignnone wp-image-4427\" src=\"http:\/\/blog.lesgrossesorchadeslesamplesthalameges.fr\/wp-content\/uploads\/2019\/04\/L\u00e9nine-284x300.jpg\" alt=\"\" width=\"600\" height=\"633\" srcset=\"https:\/\/blog.lesgrossesorchadeslesamplesthalameges.fr\/wp-content\/uploads\/2019\/04\/L\u00e9nine-284x300.jpg 284w, https:\/\/blog.lesgrossesorchadeslesamplesthalameges.fr\/wp-content\/uploads\/2019\/04\/L\u00e9nine-768x811.jpg 768w, https:\/\/blog.lesgrossesorchadeslesamplesthalameges.fr\/wp-content\/uploads\/2019\/04\/L\u00e9nine.jpg 847w\" sizes=\"(max-width: 600px) 100vw, 600px\" \/><\/em><\/strong><\/span><\/p>\n<p>&nbsp;<\/p>\n<p style=\"text-align: right;\"><span style=\"font-family: times new roman, times, serif; font-size: 24pt; color: #c00000;\"><strong><em>\u00c0 vos dictionnaires\u00a0!<\/em><\/strong><\/span><\/p>\n<p style=\"text-align: justify;\"><span style=\"font-family: times new roman, times, serif; font-size: 14pt;\"><strong><em>\u00a0<\/em><\/strong><\/span><\/p>\n<p>&nbsp;<\/p>\n<p style=\"text-align: center;\"><strong><img loading=\"lazy\" class=\"alignnone size-full wp-image-4373\" src=\"http:\/\/blog.lesgrossesorchadeslesamplesthalameges.fr\/wp-content\/uploads\/2019\/04\/000.-russep-x.gif\" alt=\"\" width=\"50\" height=\"50\" \/><\/strong><\/p>\n<p>&nbsp;<\/p>\n<p style=\"text-align: right;\"><span style=\"font-family: comic sans ms, sans-serif; font-size: 14pt;\">26 avril 2019<\/span><\/p>\n<p>&nbsp;<\/p>\n<p style=\"text-align: center;\"><strong><em>\u00a0\u00a0\u00a0\u00a0<span style=\"font-size: 36pt; font-family: times new roman, times, serif; color: #000000;\">\u00a0\u00a0\u00a0 <span style=\"color: #ff0000;\">Offrande&#8230; (conclusion)<\/span><\/span><\/em><\/strong><\/p>\n<p>&nbsp;<\/p>\n<p style=\"text-align: justify;\"><span style=\"font-family: times new roman, times, serif; font-size: 14pt;\">MUMMY pr\u00e9tend qu&rsquo;un tel r\u00eave n\u00e9cessairement tourne au cauchemar, que TINA ne survivrait pas \u00e0 son accomplissement. Tautologie nucl\u00e9aire dans le logiciel des propri\u00e9taires du Logos&#8230;<\/span><\/p>\n<p style=\"text-align: justify;\"><span style=\"font-family: times new roman, times, serif; font-size: 14pt;\">De quoi s&rsquo;agirait-il, sinon d&rsquo;un renversement des rapports entre valeur d&rsquo;usage et valeur d&rsquo;\u00e9change ; entre travail mort et travail vivant\u00a0?&#8230;\u00a0<\/span><\/p>\n<p style=\"text-align: justify;\"><span style=\"font-family: times new roman, times, serif; font-size: 14pt;\">La vie est un chaos merdique et l&rsquo;histoire est d\u00e9pourvue de sens, clame la vulgate contemporaine d\u00e9clin\u00e9e dans tous les best-sellers.\u00a0Vulgate\u00a0 r\u00e9sum\u00e9e par\u00a0la baronne Am\u00e9lie dans son discours de r\u00e9ception \u00e0 l&rsquo;Acad\u00e9mie quand, \u00e0 propos du communisme, elle \u00e9ructe ces mots tout droit sortis des amygdales de la mygale : \u00a0\u00bb <em>\u00e9lucubrations obscures qui ont accouch\u00e9 de livres indigestes et d&rsquo;id\u00e9ologies monstrueuses <\/em>\u00ab\u00a0&#8230;<\/span><\/p>\n<p style=\"text-align: justify;\"><span style=\"font-family: times new roman, times, serif; font-size: 14pt;\">Condamnation incluant tous les noms plus haut cit\u00e9s&#8230;<\/span><\/p>\n<p style=\"text-align: justify;\"><span style=\"font-family: times new roman, times, serif; font-size: 14pt;\">Serais-je invit\u00e9 \u00e0 Santiago pour promotionner\u00a0ce racontar imprim\u00e9 sur des barres de chocolat belge :\u00a0les amygdales de la mygale aussit\u00f4t feraient diligence pour me fournir les billets sans n\u00e9gliger la TVA&#8230;<\/span><\/p>\n<p style=\"text-align: justify;\"><span style=\"font-family: times new roman, times, serif; font-size: 14pt;\">Mais\u00a0la pr\u00e9sente\u00a0<em>Offrande<\/em> s&rsquo;inscrit dans une vision globale qui faisait \u00e0 Antonio Gramsci, pour d\u00e9jouer la censure depuis sa ge\u00f4le, d\u00e9signer le marxisme comme une <strong><em>th\u00e9orie de la praxis<\/em><\/strong>&#8230;<\/span><\/p>\n<p style=\"text-align: justify;\"><span style=\"font-family: times new roman, times, serif; font-size: 14pt;\">Aujourd&rsquo;hui, les experts de Kapitotal et de la tour Panoptic ne sont-ils pas r\u00e9put\u00e9s propri\u00e9taires de toute la th\u00e9orie, face aux gueux rel\u00e9gu\u00e9s dans la contingence des pratiques subalternes ?&#8230;<\/span><\/p>\n<p style=\"text-align: justify;\"><span style=\"font-family: times new roman, times, serif; font-size: 14pt;\">Sans dialectique entre praxis et th\u00e9orie &#8211; raison d&rsquo;\u00eatre de l&rsquo;art et de la litt\u00e9rature &#8211;\u00a0les autorit\u00e9s seigneuriales et eccl\u00e9siastiques, les fonctions\u00a0 r\u00e9galiennes et sacerdotales\u00a0ne sont-elles pas pr\u00e9sum\u00e9es fusionner dans la personne d&rsquo;un Baby Mac ?&#8230;<\/span><\/p>\n<p style=\"text-align: justify;\"><span style=\"font-family: times new roman, times, serif; font-size: 14pt;\">\u00ab <em>On verra que le monde nourrit depuis longtemps le r\u00eave d&rsquo;une chose dont il lui suffit de prendre conscience pour la poss\u00e9der r\u00e9ellement <\/em>\u00bb proph\u00e9tise Karl Marx dans une lettre \u00e0 Ruge \u00e9crite cent ans avant Stalingrad&#8230;<\/span><\/p>\n<p style=\"text-align: justify;\"><span style=\"font-family: times new roman, times, serif; font-size: 14pt;\"><em>Il Sogno di una cosa <\/em>: titre d&rsquo;un roman de Pasolini, peu d&rsquo;ann\u00e9es apr\u00e8s son po\u00e8me <em>Le Ceneri di Gramsci<\/em>.<\/span><\/p>\n<p style=\"text-align: justify;\"><span style=\"font-family: times new roman, times, serif; font-size: 14pt;\">A.A.<\/span><\/p>\n<p style=\"text-align: justify;\"><span style=\"font-family: times new roman, times, serif; font-size: 14pt;\"><a href=\"http:\/\/www.sph\u00e9risme.be\">www.sph\u00e9risme.be<\/a>\u00a0\u00a0<\/span><\/p>\n<p>&nbsp;<\/p>\n<p><img class=\"alignnone wp-image-4446\" src=\"http:\/\/blog.lesgrossesorchadeslesamplesthalameges.fr\/wp-content\/uploads\/2019\/04\/ppp-lES-CENDRES-182x300.jpg\" alt=\"\" height=\"300\" srcset=\"https:\/\/blog.lesgrossesorchadeslesamplesthalameges.fr\/wp-content\/uploads\/2019\/04\/ppp-lES-CENDRES-182x300.jpg 182w, https:\/\/blog.lesgrossesorchadeslesamplesthalameges.fr\/wp-content\/uploads\/2019\/04\/ppp-lES-CENDRES.jpg 303w\" sizes=\"(max-width: 182px) 100vw, 182px\" \/><\/p>\n<p><span style=\"font-family: times new roman, times, serif; font-size: 14pt;\">Pier Paolo Pasolini<\/span><\/p>\n<p><strong><em><span style=\"font-family: times new roman, times, serif; font-size: 18pt;\">Les cendres de Gramsci<\/span><\/em><\/strong><\/p>\n<p><span style=\"font-family: times new roman, times, serif; font-size: 14pt;\">suivi de <strong><em><span style=\"font-size: 18pt;\">La religion de notre temps<\/span><\/em><\/strong><\/span><\/p>\n<p><span style=\"font-family: times new roman, times, serif; font-size: 14pt;\">et de <strong><em><span style=\"font-size: 18pt;\">Po\u00e9sie en forme de rose<\/span><\/em><\/strong><\/span><\/p>\n<p><span style=\"font-family: times new roman, times, serif; font-size: 14pt;\">Gallimard (Bilingual), 2017<\/span><\/p>\n<p><span style=\"font-family: times new roman, times, serif; font-size: 14pt;\">320 pages<\/span><\/p>\n<p style=\"padding-left: 180px;\"><strong><span style=\"font-family: times new roman, times, serif; font-size: 14pt;\">Pr\u00e9sentation de l&rsquo;\u00e9diteur :<\/span><\/strong><\/p>\n<p style=\"text-align: justify; padding-left: 180px;\"><span style=\"font-family: times new roman, times, serif; font-size: 14pt;\">Ces po\u00e8mes issus de trois recueils diff\u00e9rents et dont la composition s&rsquo;\u00e9chelonne sur plus de dix ann\u00e9es ont \u00e9t\u00e9 choisis, en accord avec Pasolini, dans le souci de retracer aussi compl\u00e8tement que possible un itin\u00e9raire id\u00e9ologique et po\u00e9tique tourment\u00e9. C&rsquo;est tout le bilan d&rsquo;une \u00e9poque li\u00e9e aux luttes et aux retomb\u00e9es du mouvement ouvrier qui se trouve ici consign\u00e9. Le cin\u00e9ma a contribu\u00e9 \u00e0 divulguer le message de Pasolini. Mais l&rsquo;\u00e9criture po\u00e9tique qui le fit d&rsquo;abord conna\u00eetre constitue son mode d&rsquo;expression privil\u00e9gi\u00e9.<\/span><\/p>\n<p>&nbsp;<\/p>\n<p><img loading=\"lazy\" class=\"alignnone wp-image-4444\" src=\"http:\/\/blog.lesgrossesorchadeslesamplesthalameges.fr\/wp-content\/uploads\/2019\/04\/Pasolini-192x300.jpg\" alt=\"\" width=\"200\" height=\"312\" srcset=\"https:\/\/blog.lesgrossesorchadeslesamplesthalameges.fr\/wp-content\/uploads\/2019\/04\/Pasolini-192x300.jpg 192w, https:\/\/blog.lesgrossesorchadeslesamplesthalameges.fr\/wp-content\/uploads\/2019\/04\/Pasolini.jpg 320w\" sizes=\"(max-width: 200px) 100vw, 200px\" \/><\/p>\n<p><span style=\"font-family: times new roman, times, serif; font-size: 14pt;\">Pier Paolo PASOLINI<\/span><\/p>\n<p><strong><em><span style=\"font-family: times new roman, times, serif; font-size: 18pt;\">Le r\u00eave d&rsquo;une chose<\/span><\/em><\/strong><\/p>\n<p><span style=\"font-family: times new roman, times, serif; font-size: 14pt;\">Gallimard (L&rsquo;Imaginaire), 1988<\/span><\/p>\n<p><span style=\"font-family: times new roman, times, serif; font-size: 14pt;\">224 pages<\/span><\/p>\n<p style=\"padding-left: 180px;\"><strong><span style=\"font-family: times new roman, times, serif; font-size: 14pt;\">Pr\u00e9sentation de l&rsquo;\u00e9diteur<\/span><\/strong><\/p>\n<p style=\"text-align: justify; padding-left: 180px;\"><span style=\"font-family: times new roman, times, serif; font-size: 14pt;\">Nini Infant, Eligio Pereisson et Milio Bortolus se lient d&rsquo;amiti\u00e9 pendant la f\u00eate du lundi de P\u00e2ques 1948, dans un village du Frioul. Ils se sont rencontr\u00e9s sous le signe de l&rsquo;ivresse, ils se retrouveront plus tard sous celui des illusions perdues : Nini et Eligio reviennent de Yougoslavie, Milio de Suisse. La nostalgie de l&rsquo;Italie et la faim les ont fait rentrer au pays. Ils participent aux manifestations organis\u00e9es par les communistes contre les grands propri\u00e9taires terriens, remportent une victoire provisoire et vivent ainsi une alternance de moments de joie et de drame. Avec eux et la famille Faedis, avec les histoires d&rsquo;amour et les deuils, c&rsquo;est une double chronique que Pasolini nous livre &#8211; celle des petites gens du Frioul, celle de la jeunesse, habit\u00e9e par un r\u00eave impr\u00e9cis : le r\u00eave d&rsquo;une chose. <\/span><\/p>\n<p>&nbsp;<\/p>\n<p>&nbsp;<\/p>\n<p style=\"text-align: center;\"><img loading=\"lazy\" class=\"alignnone size-full wp-image-4373\" src=\"http:\/\/blog.lesgrossesorchadeslesamplesthalameges.fr\/wp-content\/uploads\/2019\/04\/000.-russep-x.gif\" alt=\"\" width=\"50\" height=\"50\" \/><\/p>\n<p>&nbsp;<\/p>\n<p style=\"text-align: right;\"><span style=\"font-family: comic sans ms, sans-serif; font-size: 14pt;\">Mis \u00e0 jour le 27.4.2019<\/span><\/p>\n<p>&nbsp;<\/p>\n<p>&nbsp;<\/p>\n<p style=\"text-align: center;\">\n","protected":false},"excerpt":{"rendered":"<p>&nbsp; &nbsp; &nbsp; &nbsp; &nbsp; &nbsp; Anatole Atlas invit\u00e9 \u00e0 Santiago du Chili &nbsp; &nbsp; \u00a0 &nbsp; &nbsp; &nbsp; Offrande \u00e0 la Parole Am\u00e9lior\u00e9e &nbsp; &nbsp; Tout rapport avec MUMMY (Minist\u00e8res-Universit\u00e9s-M\u00e9dias), douairi\u00e8re de TINA (There Is No Alternative) est un voyage dans les amygdales d&rsquo;une mygale. Qui s&rsquo;y aventure explore un palais de venimeuses f\u00e9eries&#8230;<\/p>\n","protected":false},"author":1,"featured_media":0,"parent":0,"menu_order":0,"comment_status":"open","ping_status":"open","template":"","meta":[],"_links":{"self":[{"href":"https:\/\/blog.lesgrossesorchadeslesamplesthalameges.fr\/index.php\/wp-json\/wp\/v2\/pages\/4424"}],"collection":[{"href":"https:\/\/blog.lesgrossesorchadeslesamplesthalameges.fr\/index.php\/wp-json\/wp\/v2\/pages"}],"about":[{"href":"https:\/\/blog.lesgrossesorchadeslesamplesthalameges.fr\/index.php\/wp-json\/wp\/v2\/types\/page"}],"author":[{"embeddable":true,"href":"https:\/\/blog.lesgrossesorchadeslesamplesthalameges.fr\/index.php\/wp-json\/wp\/v2\/users\/1"}],"replies":[{"embeddable":true,"href":"https:\/\/blog.lesgrossesorchadeslesamplesthalameges.fr\/index.php\/wp-json\/wp\/v2\/comments?post=4424"}],"version-history":[{"count":0,"href":"https:\/\/blog.lesgrossesorchadeslesamplesthalameges.fr\/index.php\/wp-json\/wp\/v2\/pages\/4424\/revisions"}],"wp:attachment":[{"href":"https:\/\/blog.lesgrossesorchadeslesamplesthalameges.fr\/index.php\/wp-json\/wp\/v2\/media?parent=4424"}],"curies":[{"name":"wp","href":"https:\/\/api.w.org\/{rel}","templated":true}]}}