{"id":4483,"date":"2019-05-02T23:51:26","date_gmt":"2019-05-02T21:51:26","guid":{"rendered":"http:\/\/blog.lesgrossesorchadeslesamplesthalameges.fr\/?page_id=4483"},"modified":"2019-05-02T23:51:26","modified_gmt":"2019-05-02T21:51:26","slug":"francois-asselineau-sur-lincendie-de-notre-dame","status":"publish","type":"page","link":"https:\/\/blog.lesgrossesorchadeslesamplesthalameges.fr\/index.php\/francois-asselineau-sur-lincendie-de-notre-dame\/","title":{"rendered":"Fran\u00e7ois Asselineau sur l&rsquo;incendie de Notre-Dame"},"content":{"rendered":"<p>&nbsp;<\/p>\n<p>&nbsp;<\/p>\n<p>&nbsp;<\/p>\n<p>&nbsp;<\/p>\n<p>&nbsp;<\/p>\n<p>&nbsp;<\/p>\n<p style=\"text-align: center;\"><span style=\"font-family: times new roman, times, serif; font-size: 36pt;\"><strong>Fran\u00e7ois Asselineau sur Notre-Dame de Paris le 18 avril 2019<\/strong><\/span><\/p>\n<p style=\"text-align: justify;\"><span style=\"font-family: times new roman, times, serif; font-size: 14pt;\"><strong>\u00a0<\/strong><\/span><\/p>\n<p>&nbsp;<\/p>\n<p style=\"text-align: justify;\"><span style=\"font-family: comic sans ms, sans-serif; font-size: 14pt;\">Dans la vid\u00e9o qui suit, M. Fran\u00e7ois Asselineau (Union Populaire R\u00e9publicaine), mettant \u00e0 honte l\u2019ENA, Sciences Po et quelques autres, parle de l\u2019incendie de Notre-Dame et d\u2019un certain nombre de probl\u00e8mes qu\u2019il pose, mais donne aussi une magistrale le\u00e7on d\u2019histoire de France et de politique dont les plus jeunes des Fran\u00e7ais, quelle que soit leur origine, auraient grand tort de ne pas faire leur profit. Passer pr\u00e8s d\u2019une heure en sa compagnie n\u2019est pas perdre son temps.<\/span><\/p>\n<p style=\"text-align: justify;\"><span style=\"font-family: comic sans ms, sans-serif; font-size: 14pt;\">\u00c0 notre connaissance, il\u00a0 est aussi le seul \u00e0 mentionner le fait troublant qu\u2019\u00e0 l\u2019heure o\u00f9 s\u2019allumait l\u2019incendie de Notre-Dame, un autre incendie d\u00e9butait\u2026 \u00e0 la Mosqu\u00e9e Al Aqsa de J\u00e9rusalem (incendie rapidement ma\u00eetris\u00e9, sans doute en partie gr\u00e2ce au fait que les visiteurs non-croyants n\u2019y sont pas admis et que la mosqu\u00e9e n\u2019est pas en travaux comme l\u2019\u00e9tait Notre-Dame).<\/span><\/p>\n<p style=\"text-align: justify;\"><span style=\"font-family: comic sans ms, sans-serif; font-size: 14pt;\">Cette inqui\u00e9tante concordance ne peut que susciter un certain nombre d\u2019interrogations\u00a0:<\/span><\/p>\n<p>&nbsp;<\/p>\n<p style=\"text-align: justify; padding-left: 60px;\"><span style=\"font-family: comic sans ms, sans-serif; font-size: 14pt;\">\u2013 Les deux incendies s\u2019allumant \u00e0 la m\u00eame heure ont-ils \u00e9t\u00e9 le fait d\u2019une co\u00efncidence rare mais toujours possible\u00a0?<\/span><\/p>\n<p style=\"text-align: justify; padding-left: 60px;\"><span style=\"font-family: comic sans ms, sans-serif; font-size: 14pt;\">\u2013 Dans le cas contraire, QUI les a voulus, organis\u00e9s, et POURQUOI\u00a0?<\/span><\/p>\n<p style=\"text-align: justify; padding-left: 60px;\"><span style=\"font-family: comic sans ms, sans-serif; font-size: 14pt;\">\u2013 Au cas o\u00f9 il y aurait, derri\u00e8re ce parall\u00e8le, une volont\u00e9 d\u00e9lib\u00e9r\u00e9e, c\u2019est-\u00e0-dire un plan (on peut aussi dire un complot) comment les chr\u00e9tiens, les musulmans et ceux qui ne sont ni l\u2019un ni l\u2019autre, peuvent-ils s\u2019y prendre pour le faire avorter\u00a0? Quelles mesures pratiques pourraient \u00eatre prises au niveau des populations, \u00e9tant entendu qu\u2019il n\u2019y a rien de s\u00e9rieux \u00e0 attendre de la plupart des gouvernements\u00a0?<\/span><\/p>\n<p style=\"text-align: justify;\"><span style=\"font-family: times new roman, times, serif; font-size: 14pt;\"><strong>\u00a0<\/strong><\/span><\/p>\n<p>&nbsp;<\/p>\n<p style=\"text-align: center;\"><span style=\"font-family: times new roman, times, serif; font-size: 14pt;\"><iframe loading=\"lazy\" src=\"\/\/www.youtube.com\/embed\/qp2E7A0-Af0\" width=\"560\" height=\"315\" frameborder=\"0\" allowfullscreen=\"allowfullscreen\"><\/iframe><\/span><\/p>\n<p>&nbsp;<\/p>\n<p>&nbsp;<\/p>\n<p style=\"text-align: justify;\"><span style=\"font-family: times new roman, times, serif; font-size: 14pt;\"><span style=\"font-family: comic sans ms, sans-serif;\">\u00c0 la lumi\u00e8re de ce qui pr\u00e9c\u00e8de, on ne peut que lire avec appr\u00e9hension l\u2019article mis en ligne les 29\/30 avril par Information Clearing House, que voici en anglais. Peut-\u00eatre n\u2019y a-t-il aucun rapport :<\/span><br \/>\n<\/span><\/p>\n<p>&nbsp;<\/p>\n<p>&nbsp;<\/p>\n<p style=\"text-align: center;\"><span style=\"font-family: times new roman, times, serif; font-size: 36pt;\">\u00a0<strong>Will New Netanyahu Coalition and Kushner\u2019s \u201cDeal\u201d Bring Destruction to Jerusalem\u2019s Golden Dome?<\/strong><\/span><\/p>\n<p>&nbsp;<\/p>\n<p style=\"text-align: center;\"><span style=\"font-family: times new roman, times, serif; font-size: 18pt;\"><em><strong>Miko Peled \u2013 I.C.H. \u2013 29.4.2019<\/strong><\/em><\/span><\/p>\n<p style=\"text-align: justify;\"><span style=\"font-family: times new roman, times, serif; font-size: 14pt;\"><em><strong>\u00a0<\/strong><\/em><\/span><\/p>\n<p style=\"text-align: center;\"><span style=\"font-family: times new roman, times, serif; font-size: 14pt;\"><em><strong>\u00a0<img loading=\"lazy\" class=\"alignnone wp-image-4484\" src=\"http:\/\/blog.lesgrossesorchadeslesamplesthalameges.fr\/wp-content\/uploads\/2019\/05\/Dome.jpg\" alt=\"\" width=\"600\" height=\"349\" \/><\/strong><\/em><\/span><\/p>\n<p>&nbsp;<\/p>\n<p>&nbsp;<\/p>\n<p style=\"text-align: justify;\"><span style=\"font-family: times new roman, times, serif; font-size: 14pt;\"><strong><span style=\"font-family: tahoma, arial, helvetica, sans-serif;\">Unless action is taken swiftly \u2014 and Israel with its anti-Arab, anti-Islamic policies is forced to stop \u2014 the world risks losing the most iconic symbol of Jerusalem, and one of the oldest and most beautiful religious structures ever<\/span><\/strong> <span style=\"font-family: tahoma, arial, helvetica, sans-serif;\"><strong>created<\/strong><\/span><em><strong>.<\/strong><\/em><\/span><\/p>\n<p>&nbsp;<\/p>\n<p style=\"text-align: justify;\"><span style=\"font-family: times new roman, times, serif; font-size: 14pt;\">April 29, 2019 \u00ab\u00a0<a href=\"http:\/\/www.informationclearinghouse.info\/\">Information Clearing House<\/a>\u00a0\u00bb &#8211; \u00a0<em>There is a story about the Khalifa Umar bin al-Khattab, the Muslim leader who conquered Jerusalem in 637 C.E. It is said that upon entering the city he asked to see the site of the temple built by King Solomon, but could find no one who knew where it was. According to the story, he then came across a poor Jewish beggar sitting in the street. The beggar told the Kalifa that he could take him to the site where the temple once stood. When they arrived at the site Umar realized that the site had been used as the city trash dump. He then went down on his knees and, together with the Jewish beggar, cleaned the site and vowed to build a sanctuary that would for all eternity protect the holy site. <\/em><\/span><\/p>\n<p style=\"text-align: justify;\"><span style=\"font-family: times new roman, times, serif; font-size: 14pt;\">This sanctuary is the Dome of the Rock and with its golden dome it has become the most iconic symbol of Jerusalem. Today, Zionists in Israel plan to destroy it and replace it with what amounts to no more than a slaughterhouse where Jewish fanatics will sacrifice animals in rituals whose time has long past.<\/span><\/p>\n<h2 style=\"text-align: justify;\"><span style=\"font-family: times new roman, times, serif; font-size: 18pt;\">The Zionist system of takeovers<\/span><\/h2>\n<p style=\"text-align: justify;\"><span style=\"font-family: times new roman, times, serif; font-size: 14pt;\">If we observe what is happening at the Haram Al-Sharif \u2014 the Holy Sanctuary in Jerusalem, where the Al-Aqsa mosque and the Dome of the Rock are situated \u2014 and compare it to the history of Zionist takeovers of land, towns, neighborhoods and homes elsewhere in Palestine, the only possible conclusion that can be reached is that Israel is intending to push Palestinians and Muslims out and allow more Zionist zealots in. In case it is not abundantly clear at the outset, all people should treat this issue with the gravest concern.<\/span><\/p>\n<p style=\"text-align: right;\"><strong><span style=\"font-family: arial black, sans-serif; font-size: 14pt;\">Read more\u2026<\/span><\/strong><\/p>\n<p style=\"text-align: justify;\"><span style=\"font-family: times new roman, times, serif; font-size: 14pt;\">Source : <\/span><a href=\"http:\/\/www.informationclearinghouse.info\/51513.htm\"><span style=\"font-family: times new roman, times, serif; font-size: 14pt;\">http:\/\/www.informationclearinghouse.info\/51513.htm<\/span><\/a><\/p>\n<p>&nbsp;<\/p>\n<p>&nbsp;<\/p>\n<p style=\"text-align: justify;\"><span style=\"font-family: comic sans ms, sans-serif; font-size: 14pt;\">En gros, les Isra\u00e9liens, <em>\u00ab\u00a0boost\u00e9s\u00a0\u00bb<\/em> par leur copinage avec Jared Kushner, ont l\u2019intention \u2013 dans un proche avenir \u2013 de s\u2019emparer du D\u00f4me de J\u00e9rusalem pour en faire un \u00ab\u00a0lieu de sacrifice\u00a0\u00bb juif orthodoxe, autrement dit un abattoir.\u00a0 LGO<br \/>\n<\/span><\/p>\n<p>&nbsp;<\/p>\n<p>&nbsp;<\/p>\n<p style=\"text-align: center;\"><img loading=\"lazy\" class=\"alignnone size-full wp-image-4485\" src=\"http:\/\/blog.lesgrossesorchadeslesamplesthalameges.fr\/wp-content\/uploads\/2019\/05\/2.-DangerousTimes-x.gif\" alt=\"\" width=\"70\" height=\"63\" \/><\/p>\n<p style=\"text-align: right;\"><span style=\"font-family: comic sans ms, sans-serif;\">Le 2 mai 2019<\/span><\/p>\n","protected":false},"excerpt":{"rendered":"<p>&nbsp; &nbsp; &nbsp; &nbsp; &nbsp; &nbsp; Fran\u00e7ois Asselineau sur Notre-Dame de Paris le 18 avril 2019 \u00a0 &nbsp; Dans la vid\u00e9o qui suit, M. Fran\u00e7ois Asselineau (Union Populaire R\u00e9publicaine), mettant \u00e0 honte l\u2019ENA, Sciences Po et quelques autres, parle de l\u2019incendie de Notre-Dame et d\u2019un certain nombre de probl\u00e8mes qu\u2019il pose, mais donne aussi une&#8230;<\/p>\n","protected":false},"author":1,"featured_media":0,"parent":0,"menu_order":0,"comment_status":"open","ping_status":"open","template":"","meta":[],"_links":{"self":[{"href":"https:\/\/blog.lesgrossesorchadeslesamplesthalameges.fr\/index.php\/wp-json\/wp\/v2\/pages\/4483"}],"collection":[{"href":"https:\/\/blog.lesgrossesorchadeslesamplesthalameges.fr\/index.php\/wp-json\/wp\/v2\/pages"}],"about":[{"href":"https:\/\/blog.lesgrossesorchadeslesamplesthalameges.fr\/index.php\/wp-json\/wp\/v2\/types\/page"}],"author":[{"embeddable":true,"href":"https:\/\/blog.lesgrossesorchadeslesamplesthalameges.fr\/index.php\/wp-json\/wp\/v2\/users\/1"}],"replies":[{"embeddable":true,"href":"https:\/\/blog.lesgrossesorchadeslesamplesthalameges.fr\/index.php\/wp-json\/wp\/v2\/comments?post=4483"}],"version-history":[{"count":0,"href":"https:\/\/blog.lesgrossesorchadeslesamplesthalameges.fr\/index.php\/wp-json\/wp\/v2\/pages\/4483\/revisions"}],"wp:attachment":[{"href":"https:\/\/blog.lesgrossesorchadeslesamplesthalameges.fr\/index.php\/wp-json\/wp\/v2\/media?parent=4483"}],"curies":[{"name":"wp","href":"https:\/\/api.w.org\/{rel}","templated":true}]}}