{"id":4495,"date":"2019-05-02T23:52:31","date_gmt":"2019-05-02T21:52:31","guid":{"rendered":"http:\/\/blog.lesgrossesorchadeslesamplesthalameges.fr\/?page_id=4495"},"modified":"2019-05-03T01:06:55","modified_gmt":"2019-05-02T23:06:55","slug":"la-victoire-de-julian-assange","status":"publish","type":"page","link":"https:\/\/blog.lesgrossesorchadeslesamplesthalameges.fr\/index.php\/la-victoire-de-julian-assange\/","title":{"rendered":"La victoire de Julian Assange"},"content":{"rendered":"<p>&nbsp;<\/p>\n<p>&nbsp;<\/p>\n<p>&nbsp;<\/p>\n<p>&nbsp;<\/p>\n<p>&nbsp;<\/p>\n<p>&nbsp;<\/p>\n<p>&nbsp;<\/p>\n<p><img loading=\"lazy\" class=\"alignnone wp-image-4467\" src=\"http:\/\/blog.lesgrossesorchadeslesamplesthalameges.fr\/wp-content\/uploads\/2019\/05\/OFF-GUARDIAN-GIF-300x89.gif\" alt=\"\" width=\"300\" height=\"89\" srcset=\"https:\/\/blog.lesgrossesorchadeslesamplesthalameges.fr\/wp-content\/uploads\/2019\/05\/OFF-GUARDIAN-GIF-300x89.gif 300w, https:\/\/blog.lesgrossesorchadeslesamplesthalameges.fr\/wp-content\/uploads\/2019\/05\/OFF-GUARDIAN-GIF-768x228.gif 768w\" sizes=\"(max-width: 300px) 100vw, 300px\" \/><\/p>\n<p style=\"text-align: justify;\"><span style=\"color: #c00000;\"><strong><span style=\"font-family: times new roman, times, serif; font-size: 18pt;\"><em>(Notez cette adresse)<\/em><\/span><\/strong><\/span><\/p>\n<p style=\"text-align: justify;\"><span style=\"font-family: times new roman, times, serif; font-size: 14pt;\"><em>\u00a0<\/em><\/span><\/p>\n<p>&nbsp;<\/p>\n<p style=\"text-align: center;\"><span style=\"font-family: times new roman, times, serif; font-size: 36pt;\"><strong>La victoire de Julian Assange<\/strong><\/span><\/p>\n<p style=\"text-align: center;\"><span style=\"font-family: times new roman, times, serif; font-size: 24pt;\">Julian Assange \u00e9tait le \u00ab\u00a0commandant\u00a0\u00bb d\u2019une \u00e9quipe d\u2019experts et d\u2019activistes fervents.<\/span><\/p>\n<p>&nbsp;<\/p>\n<p style=\"text-align: center;\"><strong><span style=\"font-family: times new roman, times, serif; font-size: 18pt;\">Andre Vltchek \u2013 <a href=\"http:\/\/theduran.com\/author\/off-guardian\/\"><em>Off-Guardian<\/em><\/a> \u2013 24.4.2019<\/span><\/strong><\/p>\n<p>&nbsp;<\/p>\n<p>&nbsp;<\/p>\n<p><img loading=\"lazy\" class=\"aligncenter wp-image-4469\" src=\"http:\/\/blog.lesgrossesorchadeslesamplesthalameges.fr\/wp-content\/uploads\/2019\/05\/assange-300x169.jpg\" alt=\"\" width=\"600\" height=\"338\" srcset=\"https:\/\/blog.lesgrossesorchadeslesamplesthalameges.fr\/wp-content\/uploads\/2019\/05\/assange-300x169.jpg 300w, https:\/\/blog.lesgrossesorchadeslesamplesthalameges.fr\/wp-content\/uploads\/2019\/05\/assange-768x432.jpg 768w, https:\/\/blog.lesgrossesorchadeslesamplesthalameges.fr\/wp-content\/uploads\/2019\/05\/assange.jpg 910w\" sizes=\"(max-width: 600px) 100vw, 600px\" \/><\/p>\n<p>&nbsp;<\/p>\n<p>&nbsp;<\/p>\n<p style=\"text-align: justify;\"><span style=\"font-family: times new roman, times, serif; font-size: 14pt;\">Tout au long de l\u2019histoire, des forces obscures et r\u00e9actionnaires ont toujours tent\u00e9 de contr\u00f4ler le monde\u00a0; par la violence,\u00a0 par la tromperie,\u00a0 en kidnappant et en pervertissant les r\u00e9alit\u00e9s pour en faire des tissus de sornettes <em>mainstream<\/em>, ou en r\u00e9pandant la peur dans les masses.<\/span><\/p>\n<p style=\"text-align: justify;\"><span style=\"font-family: times new roman, times, serif; font-size: 14pt;\">Toujours, de braves et honn\u00eates individus se sont dress\u00e9s contre tout cela, mettant \u00e0 nu les mensonges, s\u2019opposant \u00e0 la brutalit\u00e9 et \u00e0 la d\u00e9pravation. Certains se sont battus contre des dirigeants insanes et corrompus, par l\u2019\u00e9p\u00e9e ou le fusil, d\u2019autres ont choisi les mots pour armes.<\/span><\/p>\n<p style=\"text-align: justify;\"><span style=\"font-family: times new roman, times, serif; font-size: 14pt;\">Beaucoup ont \u00e9t\u00e9 abattus. La plupart d\u2019entre eux l\u2019ont \u00e9t\u00e9. De nouveaux camarades se sont lev\u00e9s, de nouveaux \u00e9tendards de r\u00e9sistance ont \u00e9t\u00e9 dress\u00e9s.<\/span><\/p>\n<p style=\"text-align: justify;\"><span style=\"font-family: times new roman, times, serif; font-size: 14pt;\">R\u00e9sister, c\u2019est r\u00eaver d\u2019un monde meilleur. Et r\u00eaver, c\u2019est vivre.<\/span><\/p>\n<p style=\"text-align: justify;\"><span style=\"font-family: times new roman, times, serif; font-size: 14pt;\">Les plus braves d\u2019entre les braves ne se sont jamais battus seulement pour leurs propres pays et leurs cultures; ils se sont battus pour l\u2019humanit\u00e9 tout enti\u00e8re. Ils ont \u00e9t\u00e9 et ils sont encore ce qu\u2019on pourrait d\u00e9finir comme \u00ab\u00a0des internationalistes intuitifs\u00a0\u00bb.<\/span><\/p>\n<p style=\"text-align: justify;\"><span style=\"font-family: times new roman, times, serif; font-size: 14pt;\">Julian Assange, un expert en informatique australien, penseur et humaniste, avait choisi une forme de combat nouvelle et pratiquement encore intest\u00e9e\u00a0: il avait lanc\u00e9 un bataillon entier de lettres et de mots, des centaines de milliers de documents, contre l\u2019empire occidental. Il avait p\u00e9n\u00e9tr\u00e9 dans des bases de donn\u00e9es o\u00f9 \u00e9taient stock\u00e9es les preuves des crimes les plus atroces que l\u2019Occident commet depuis des ann\u00e9es et m\u00eame des d\u00e9cennies. Des secrets toxiques avaient \u00e9t\u00e9\u00a0 expos\u00e9s, des v\u00e9rit\u00e9s r\u00e9v\u00e9l\u00e9es. \u00c0 ceux qui avaient souffert en silence, visage et dignit\u00e9 avaient \u00e9t\u00e9 rendus.<\/span><span style=\"font-family: times new roman, times, serif; font-size: 14pt;\">.<\/span><\/p>\n<p style=\"text-align: justify;\"><span style=\"font-family: times new roman, times, serif; font-size: 14pt;\">Julian Assange \u00e9tait le \u00ab\u00a0commandant\u00a0\u00bb d\u2019une petite \u00e9quipe d\u2019experts et d\u2019activistes fervents. J\u2019ai rencontr\u00e9 certains d\u2019entre eux et en ai \u00e9t\u00e9 terriblement impressionn\u00e9. Quelque petit que soit leur nombre, ces gens ont r\u00e9ussi \u00e0 changer le monde, ou du moins \u00e0 donner au public occidental l\u2019occasion de savoir, et par cons\u00e9quent d\u2019agir.<\/span><\/p>\n<p style=\"text-align: justify;\"><span style=\"font-family: times new roman, times, serif; font-size: 14pt;\">Apr\u00e8s Wikileaks, plus personne \u00e0 New York, \u00e0 Berlin, \u00e0 Londres ou \u00e0 Paris n\u2019a le droit de dire \u00ab\u00a0je ne savais pas\u00a0\u00bb. S\u2019ils ne savent pas maintenant, c\u2019est qu\u2019ils ont d\u00e9cid\u00e9 de ne pas savoir, cyniquement, par opportunisme.<\/span><\/p>\n<p style=\"text-align: justify;\"><span style=\"font-family: times new roman, times, serif; font-size: 14pt;\">Julian Assange et ses camarades ont publi\u00e9 tout ce que l\u2019Occident faisait au peuple afghan, comme \u00e0 ceux qui souffrent du n\u00e9o-colonialisme et de l\u2019imp\u00e9rialisme dans tout le Moyen-Orient, l\u2019Afrique, l\u2019Asie et l\u2019Am\u00e9rique Latine.<\/span><\/p>\n<p style=\"text-align: justify;\"><span style=\"font-family: times new roman, times, serif; font-size: 14pt;\">Qu\u2019est-ce que ceux qui critiquent Wikileaks reprochent \u00e0 M. Assange\u00a0? Que les mouchards et les agents de l\u2019empire occidental ont \u00e9t\u00e9 \u00ab\u00a0expos\u00e9s\u00a0\u00bb\u00a0? Est-ce que le monde est cens\u00e9 \u00e9prouver pour eux de la piti\u00e9\u00a0? Sommes-nous cens\u00e9s oublier des dizaines de millions de leurs victimes, rien que pour que les membres des services secrets occidentaux et leurs laquais se sentent \u00e0 l\u2019abri et prot\u00e9g\u00e9s\u00a0?<\/span><\/p>\n<p>&nbsp;<\/p>\n<p style=\"text-align: center;\"><span style=\"font-family: times new roman, times, serif; font-size: 14pt;\"><img loading=\"lazy\" class=\"alignnone wp-image-4509\" src=\"http:\/\/blog.lesgrossesorchadeslesamplesthalameges.fr\/wp-content\/uploads\/2019\/05\/3-\u00e9toiles-GIF.gif\" alt=\"\" width=\"100\" height=\"35\" \/><\/span><\/p>\n<p>&nbsp;<\/p>\n<p style=\"text-align: justify;\"><span style=\"font-family: times new roman, times, serif; font-size: 14pt;\">Quelques jours avant que cet essai parte \u00e0 l\u2019impression, Julian Assange a \u00e9t\u00e9 trahi avec le plus parfait cynisme par un pays nagu\u00e8re gouvern\u00e9 par une administration socialiste, qui lui avait donn\u00e9 non seulement l\u2019asile politique mais aussi la citoyennet\u00e9. Son dirigeant actuel, Len\u00edn Moreno, sera jug\u00e9 tr\u00e8s durement par l\u2019histoire\u00a0: on se souviendra de lui comme d\u2019un homme qui a commenc\u00e9 par d\u00e9manteler la structure socialiste de l\u2019\u00c9quateur, et qui ensuite aura litt\u00e9ralement vendu (aux retors syst\u00e8mes judiciaires US et britannique) un homme qui avait d\u00e9j\u00e0 sacrifi\u00e9 plus que sa vie pour la v\u00e9rit\u00e9, comme pour la survie de notre plan\u00e8te.<\/span><\/p>\n<p style=\"text-align: justify;\"><span style=\"font-family: times new roman, times, serif; font-size: 14pt;\">Tandis que la Police M\u00e9tropolitaine tra\u00eenait Julian Assange de l\u2019ambassade d\u2019\u00c9quateur dans un car de police, le monde entier a eu un aper\u00e7u de l\u2019essence nue du r\u00e9gime occidental\u00a0; du r\u00e9gime en action\u00a0: oppressif, gangreneux, meurtrier et vindicatif.<\/span><\/p>\n<p style=\"text-align: justify;\"><span style=\"font-family: times new roman, times, serif; font-size: 14pt;\">Mais nous ne devons pas l\u2019oublier\u00a0: le r\u00e9gime ne fait pas cela parce qu\u2019il a confiance en lui et qu\u2019il est fort. Il est en r\u00e9alit\u00e9 terrifi\u00e9. Il est en mode panique. Il est en train de perdre. Et il assassine partout o\u00f9 il se sent vuln\u00e9rable, c\u2019est-\u00e0-dire dans le monde entier.<\/span><\/p>\n<p style=\"text-align: justify;\"><span style=\"font-family: times new roman, times, serif; font-size: 14pt;\">Pourquoi\u00a0? Parce que des millions de gens, sur tous les continents, se r\u00e9veillent, pr\u00eats \u00e0 affronter la terreur occidentale et pr\u00eats \u00e0 la combattre s\u2019il n\u2019y a pas d\u2019autre moyen d\u2019en avoir raison.<\/span><\/p>\n<p style=\"text-align: justify;\"><span style=\"font-family: times new roman, times, serif; font-size: 14pt;\">Et cela, c\u2019est parce qu\u2019\u00e0 pr\u00e9sent ils savent la v\u00e9rit\u00e9. Parce que la r\u00e9alit\u00e9 ne peut plus leur \u00eatre cach\u00e9e\u00a0; parce que la brutalit\u00e9 des diktats mondialistes occidentaux ne peut plus \u00eatre ignor\u00e9e ou ni\u00e9e par personne. Gr\u00e2ce aux nouveaux m\u00e9dias, dans les pays qui ont r\u00e9ussi \u00e0 se d\u00e9livrer de l\u2019influence occidentale. Et, bien s\u00fbr, gr\u00e2ce \u00e0 des h\u00e9ros comme Julian Assange et ses camarades.<\/span><\/p>\n<p>&nbsp;<\/p>\n<p style=\"text-align: center;\"><span style=\"font-family: times new roman, times, serif; font-size: 14pt;\"><img loading=\"lazy\" class=\"alignnone wp-image-4509\" src=\"http:\/\/blog.lesgrossesorchadeslesamplesthalameges.fr\/wp-content\/uploads\/2019\/05\/3-\u00e9toiles-GIF.gif\" alt=\"\" width=\"100\" height=\"35\" \/><\/span><\/p>\n<p>&nbsp;<\/p>\n<p style=\"text-align: justify;\"><span style=\"font-family: times new roman, times, serif; font-size: 14pt;\">Julian A1ssang n\u2019a pas \u00e9t\u00e9 vaincu. Il a \u00e9t\u00e9 poignard\u00e9 dans le dos, trahi.\u00a0Mais il est l\u00e0, il est vivant, avec nous, avec les millions de ceux qui le soutiennent, qui l\u2019admirent, qui lui sont reconnaissants de son honn\u00eatet\u00e9, de son courage et de son int\u00e9grit\u00e9.<\/span><\/p>\n<p style=\"text-align: justify;\"><span style=\"font-family: times new roman, times, serif; font-size: 14pt;\">Il s\u2019est mesur\u00e9 \u00e0 l\u2019empire tout entier, \u00e0 la force la plus puissante, la plus malfaisante, la plus destructive et la plus brutale qu\u2019il y ait sur terre. Et il a r\u00e9ussi \u00e0 endommager ses organisations secr\u00e8tes, donc \u00e0 les d\u00e9pouiller de leurs plans, et par l\u00e0 \u00e0 sauver des vies.<\/span><\/p>\n<p style=\"text-align: justify;\"><span style=\"font-family: times new roman, times, serif; font-size: 14pt;\">Tout \u00e7a peut \u00eatre appel\u00e9 une victoire. Pas la victoire finale mais une victoire quand m\u00eame.<\/span><\/p>\n<p style=\"text-align: justify;\"><span style=\"font-family: times new roman, times, serif; font-size: 14pt;\">En arr\u00eatant Assange, l\u2019empire a montr\u00e9 sa faiblesse. En le tra\u00eenant d\u2019une ambassade dans un car de police, il a reconnu qu\u2019il avait d\u00e9j\u00e0 commenc\u00e9 \u00e0 coudre son propre linceul.<\/span><\/p>\n<p style=\"text-align: justify;\"><span style=\"font-family: times new roman, times, serif; font-size: 14pt;\"><em>Source : <\/em><a href=\"http:\/\/theduran.com\/julian-assanges-victory\/\"><em>http:\/\/theduran.com\/julian-assanges-victory\/<\/em><\/a><\/span><\/p>\n<p>Source d&rsquo;origine : <em>NEO \u2013 New Eastern Outlook<\/em><\/p>\n<p>&nbsp;<\/p>\n<p style=\"text-align: right;\">Traduction : c.l. pour Les Grosses Orchades<\/p>\n<p>&nbsp;<\/p>\n<p style=\"text-align: left;\"><span style=\"font-family: times new roman, times, serif; font-size: 18pt; color: #c00000;\"><strong><em>Il est vrai que le 15 avril 2019 nous a am\u00e8rement rappel\u00e9 le 9 octobre 1967 et que les deux dates devront d\u00e9sormais \u00eatre comm\u00e9mor\u00e9es comme des s\u0153urs jumelles<\/em><\/strong><em>.<\/em><\/span><\/p>\n<p>&nbsp;<\/p>\n<p>&nbsp;<\/p>\n<p style=\"text-align: center;\"><img loading=\"lazy\" class=\"alignnone size-full wp-image-4485\" src=\"http:\/\/blog.lesgrossesorchadeslesamplesthalameges.fr\/wp-content\/uploads\/2019\/05\/2.-DangerousTimes-x.gif\" alt=\"\" width=\"70\" height=\"63\" \/><\/p>\n<p>&nbsp;<\/p>\n<p>&nbsp;<\/p>\n<p style=\"text-align: right;\"><span style=\"font-family: comic sans ms, sans-serif; font-size: 14pt;\">Le 2 mai 2019<\/span><\/p>\n<p>&nbsp;<\/p>\n<p>&nbsp;<\/p>\n<p>&nbsp;<\/p>\n","protected":false},"excerpt":{"rendered":"<p>&nbsp; &nbsp; &nbsp; &nbsp; &nbsp; &nbsp; &nbsp; (Notez cette adresse) \u00a0 &nbsp; La victoire de Julian Assange Julian Assange \u00e9tait le \u00ab\u00a0commandant\u00a0\u00bb d\u2019une \u00e9quipe d\u2019experts et d\u2019activistes fervents. &nbsp; Andre Vltchek \u2013 Off-Guardian \u2013 24.4.2019 &nbsp; &nbsp; &nbsp; &nbsp; Tout au long de l\u2019histoire, des forces obscures et r\u00e9actionnaires ont toujours tent\u00e9 de contr\u00f4ler le&#8230;<\/p>\n","protected":false},"author":1,"featured_media":0,"parent":0,"menu_order":0,"comment_status":"open","ping_status":"open","template":"","meta":[],"_links":{"self":[{"href":"https:\/\/blog.lesgrossesorchadeslesamplesthalameges.fr\/index.php\/wp-json\/wp\/v2\/pages\/4495"}],"collection":[{"href":"https:\/\/blog.lesgrossesorchadeslesamplesthalameges.fr\/index.php\/wp-json\/wp\/v2\/pages"}],"about":[{"href":"https:\/\/blog.lesgrossesorchadeslesamplesthalameges.fr\/index.php\/wp-json\/wp\/v2\/types\/page"}],"author":[{"embeddable":true,"href":"https:\/\/blog.lesgrossesorchadeslesamplesthalameges.fr\/index.php\/wp-json\/wp\/v2\/users\/1"}],"replies":[{"embeddable":true,"href":"https:\/\/blog.lesgrossesorchadeslesamplesthalameges.fr\/index.php\/wp-json\/wp\/v2\/comments?post=4495"}],"version-history":[{"count":0,"href":"https:\/\/blog.lesgrossesorchadeslesamplesthalameges.fr\/index.php\/wp-json\/wp\/v2\/pages\/4495\/revisions"}],"wp:attachment":[{"href":"https:\/\/blog.lesgrossesorchadeslesamplesthalameges.fr\/index.php\/wp-json\/wp\/v2\/media?parent=4495"}],"curies":[{"name":"wp","href":"https:\/\/api.w.org\/{rel}","templated":true}]}}