{"id":4551,"date":"2019-05-02T23:46:12","date_gmt":"2019-05-02T21:46:12","guid":{"rendered":"http:\/\/blog.lesgrossesorchadeslesamplesthalameges.fr\/?page_id=4551"},"modified":"2019-05-03T00:45:31","modified_gmt":"2019-05-02T22:45:31","slug":"en-route-vers-lamerique-belmarsh","status":"publish","type":"page","link":"https:\/\/blog.lesgrossesorchadeslesamplesthalameges.fr\/index.php\/en-route-vers-lamerique-belmarsh\/","title":{"rendered":"En route vers l&rsquo;Am\u00e9rique : Belmarsh"},"content":{"rendered":"<p>&nbsp;<\/p>\n<p>&nbsp;<\/p>\n<p>&nbsp;<\/p>\n<p>&nbsp;<\/p>\n<p>&nbsp;<\/p>\n<p style=\"text-align: center;\"><span style=\"font-family: times new roman, times, serif; font-size: 36pt; color: #c00000;\">En route vers l\u2019Am\u00e9rique<\/span><\/p>\n<p>&nbsp;<\/p>\n<p style=\"text-align: center;\"><span style=\"font-family: times new roman, times, serif; font-size: 36pt;\"><strong>BELMARSH<\/strong><\/span><\/p>\n<p>&nbsp;<\/p>\n<p>&nbsp;<\/p>\n<p style=\"text-align: center;\"><img loading=\"lazy\" class=\"alignnone wp-image-4542\" src=\"http:\/\/blog.lesgrossesorchadeslesamplesthalameges.fr\/wp-content\/uploads\/2019\/05\/martin-mcguinnessholloway-G46H1M-1-300x229.jpg\" alt=\"\" width=\"500\" height=\"381\" srcset=\"https:\/\/blog.lesgrossesorchadeslesamplesthalameges.fr\/wp-content\/uploads\/2019\/05\/martin-mcguinnessholloway-G46H1M-1-300x229.jpg 300w, https:\/\/blog.lesgrossesorchadeslesamplesthalameges.fr\/wp-content\/uploads\/2019\/05\/martin-mcguinnessholloway-G46H1M-1-768x585.jpg 768w, https:\/\/blog.lesgrossesorchadeslesamplesthalameges.fr\/wp-content\/uploads\/2019\/05\/martin-mcguinnessholloway-G46H1M-1.jpg 899w\" sizes=\"(max-width: 500px) 100vw, 500px\" \/><\/p>\n<p>&nbsp;<\/p>\n<p style=\"text-align: justify;\"><span style=\"font-family: times new roman, times, serif; font-size: 14pt;\"><strong>\u00a0<\/strong><\/span><\/p>\n<p style=\"text-align: justify;\"><span style=\"font-family: times new roman, times, serif; font-size: 14pt;\"><a href=\"https:\/\/fr.wikipedia.org\/wiki\/Prison_de_haute_s%C3%A9curit%C3%A9_de_Belmarsh\"><span style=\"font-family: comic sans ms, sans-serif;\"><span style=\"font-family: tahoma, arial, helvetica, sans-serif;\">Belmarsh<\/span><\/span><\/a><span style=\"font-family: tahoma, arial, helvetica, sans-serif;\">, <a href=\"https:\/\/fr.wikipedia.org\/wiki\/Prison_de_haute_s%C3%A9curit%C3%A9_de_Belmarsh\">Borstal<\/a>, <a href=\"https:\/\/fr.wikipedia.org\/wiki\/Prison_de_Holloway\">Holloway<\/a>\u2026 les prisons de Sa Majest\u00e9 n\u2019ont rien \u00e0 envier \u00e0 l\u2019Alcatraz des Rocheuses, d\u2019innombrables Irlandais pourraient en t\u00e9moigner, et notamment R\u00f3is\u00edn McAliskey, la fille a\u00een\u00e9e de Bernadette Devlin.<\/span><\/span><\/p>\n<p>&nbsp;<\/p>\n<p>&nbsp;<\/p>\n<p><img loading=\"lazy\" class=\"wp-image-4552 aligncenter\" src=\"http:\/\/blog.lesgrossesorchadeslesamplesthalameges.fr\/wp-content\/uploads\/2019\/05\/Free-R.-McAliskey-300x200.jpg\" alt=\"\" width=\"600\" height=\"399\" srcset=\"https:\/\/blog.lesgrossesorchadeslesamplesthalameges.fr\/wp-content\/uploads\/2019\/05\/Free-R.-McAliskey-300x200.jpg 300w, https:\/\/blog.lesgrossesorchadeslesamplesthalameges.fr\/wp-content\/uploads\/2019\/05\/Free-R.-McAliskey-768x511.jpg 768w, https:\/\/blog.lesgrossesorchadeslesamplesthalameges.fr\/wp-content\/uploads\/2019\/05\/Free-R.-McAliskey.jpg 1024w\" sizes=\"(max-width: 600px) 100vw, 600px\" \/><\/p>\n<p>&nbsp;<\/p>\n<p style=\"text-align: justify;\"><span style=\"font-family: comic sans ms, sans-serif; font-size: 14pt;\"><strong>\u00a0<\/strong><\/span><\/p>\n<p style=\"text-align: justify;\"><span style=\"font-family: tahoma, arial, helvetica, sans-serif; font-size: 14pt;\">Vous ne vous souvenez pas de Bernadette Devlin\u00a0? \u00c9lue \u00e0 21 ans \u2013 en 1970 \u2013 plus jeune membre du Parlement de Grande Bretagne,\u00a0par les catholiques d\u2019Ulster (donc pas des terroristes islamistes post 9\/11&#8230;) ?<\/span><\/p>\n<p>&nbsp;<\/p>\n<p style=\"text-align: center;\"><span style=\"font-family: comic sans ms, sans-serif; font-size: 14pt;\"><strong>\u00a0<\/strong><\/span><\/p>\n<p><img loading=\"lazy\" class=\"aligncenter wp-image-4518\" src=\"http:\/\/blog.lesgrossesorchadeslesamplesthalameges.fr\/wp-content\/uploads\/2019\/05\/bernadette-devlin-mcaliskey-8ec1683b-afec-400a-915f-d1d7342fc33-resize-750-200x300.jpeg\" alt=\"\" width=\"400\" height=\"600\" srcset=\"https:\/\/blog.lesgrossesorchadeslesamplesthalameges.fr\/wp-content\/uploads\/2019\/05\/bernadette-devlin-mcaliskey-8ec1683b-afec-400a-915f-d1d7342fc33-resize-750-200x300.jpeg 200w, https:\/\/blog.lesgrossesorchadeslesamplesthalameges.fr\/wp-content\/uploads\/2019\/05\/bernadette-devlin-mcaliskey-8ec1683b-afec-400a-915f-d1d7342fc33-resize-750-683x1024.jpeg 683w, https:\/\/blog.lesgrossesorchadeslesamplesthalameges.fr\/wp-content\/uploads\/2019\/05\/bernadette-devlin-mcaliskey-8ec1683b-afec-400a-915f-d1d7342fc33-resize-750.jpeg 750w\" sizes=\"(max-width: 400px) 100vw, 400px\" \/><\/p>\n<p>&nbsp;<\/p>\n<p>&nbsp;<\/p>\n<p style=\"text-align: justify;\"><span style=\"font-family: comic sans ms, sans-serif; font-size: 14pt;\">Et de sa fille R\u00f3is\u00edn<\/span><\/p>\n<p>&nbsp;<\/p>\n<p style=\"text-align: center;\"><img loading=\"lazy\" class=\"alignnone wp-image-4519\" src=\"http:\/\/blog.lesgrossesorchadeslesamplesthalameges.fr\/wp-content\/uploads\/2019\/05\/Roisin-Mc.jpg\" alt=\"\" width=\"250\" height=\"269\" \/><\/p>\n<p style=\"text-align: justify;\"><span style=\"font-family: comic sans ms, sans-serif; font-size: 14pt;\"><strong>\u00a0<\/strong><\/span><\/p>\n<p style=\"text-align: justify;\"><span style=\"font-family: tahoma, arial, helvetica, sans-serif; font-size: 14pt;\">arr\u00eat\u00e9e en 1996 tout \u00e0 fait \u00e0 la mani\u00e8re de Julian Assange, alors qu\u2019elle \u00e9tait enceinte de quatre mois, pour \u00eatre extrad\u00e9e vers l\u2019Allemagne, o\u00f9 elle n\u2019avait jamais mis les pieds, mais o\u00f9 \u00ab\u00a0les autorit\u00e9s\u00a0\u00bb britanniques pr\u00e9tendaient qu\u2019elle avait organis\u00e9 un attentat ? Entreprise tordue, certes, bien entendu destin\u00e9e \u00e0 neutraliser sa m\u00e8re\u2026<\/span><\/p>\n<p style=\"text-align: justify;\"><span style=\"font-family: tahoma, arial, helvetica, sans-serif; font-size: 14pt;\">Qui se souvient que R\u00f3is\u00edn a pass\u00e9 18 mois en prison sans \u00eatre jamais accus\u00e9e formellement d\u2019aucun crime ni jug\u00e9e, mais <strong>qu\u2019elle y a accouch\u00e9 &#8211; au bout de cinq mois de fouilles corporelles quotidiennes au milieu de la nuit &#8211; encha\u00een\u00e9e des quatre membres \u00e0 un lit, sous l\u2019\u0153il de ses tortionnaires\u00a0?<\/strong><\/span><\/p>\n<p>&nbsp;<\/p>\n<p>&nbsp;<\/p>\n<p style=\"text-align: center;\"><img loading=\"lazy\" class=\"alignnone wp-image-4553\" src=\"http:\/\/blog.lesgrossesorchadeslesamplesthalameges.fr\/wp-content\/uploads\/2019\/05\/roisin-mcaliskeyheathrow-2-g44n5w-300x200.jpg\" alt=\"\" width=\"600\" height=\"400\" srcset=\"https:\/\/blog.lesgrossesorchadeslesamplesthalameges.fr\/wp-content\/uploads\/2019\/05\/roisin-mcaliskeyheathrow-2-g44n5w-300x200.jpg 300w, https:\/\/blog.lesgrossesorchadeslesamplesthalameges.fr\/wp-content\/uploads\/2019\/05\/roisin-mcaliskeyheathrow-2-g44n5w-768x513.jpg 768w, https:\/\/blog.lesgrossesorchadeslesamplesthalameges.fr\/wp-content\/uploads\/2019\/05\/roisin-mcaliskeyheathrow-2-g44n5w.jpg 998w\" sizes=\"(max-width: 600px) 100vw, 600px\" \/><\/p>\n<p style=\"text-align: justify;\"><span style=\"font-family: comic sans ms, sans-serif; font-size: 14pt;\"><strong>\u00a0<\/strong><\/span><\/p>\n<p style=\"text-align: justify;\"><span style=\"font-family: tahoma, arial, helvetica, sans-serif; font-size: 14pt;\">Et qu&rsquo;elle ne fut rel\u00e2ch\u00e9e qu\u2019au terme d\u2019une longue et vigoureuse campagne d\u2019associations f\u00e9ministes et d\u2019hommes de bonne volont\u00e9 (les <em>MeToo <\/em>et les <em>femen<\/em> \u00e9taient en vacances), mais aussi gr\u00e2ce \u00e0 un documentaire de la t\u00e9l\u00e9vision allemande et \u00e0 quelques avocats d\u2019Outre-Rhin, qui ont fini par d\u00e9bloquer la situation en prouvant qu\u2019il n\u2019y avait mati\u00e8re ni \u00e0 poursuites ni \u00e0 jugement, ce qui for\u00e7a les Britanniques \u00e0 renoncer \u00e0 l\u2019extrader vers l\u2019Allemagne<strong>. ?<br \/>\n<\/strong><\/span><\/p>\n<p>&nbsp;<\/p>\n<p>&nbsp;<\/p>\n<p style=\"text-align: center;\"><img loading=\"lazy\" class=\"alignnone wp-image-4554\" src=\"http:\/\/blog.lesgrossesorchadeslesamplesthalameges.fr\/wp-content\/uploads\/2019\/05\/Save-Roisin-201x300.jpeg\" alt=\"\" width=\"350\" height=\"523\" srcset=\"https:\/\/blog.lesgrossesorchadeslesamplesthalameges.fr\/wp-content\/uploads\/2019\/05\/Save-Roisin-201x300.jpeg 201w, https:\/\/blog.lesgrossesorchadeslesamplesthalameges.fr\/wp-content\/uploads\/2019\/05\/Save-Roisin.jpeg 482w\" sizes=\"(max-width: 350px) 100vw, 350px\" \/><\/p>\n<p>&nbsp;<\/p>\n<p>&nbsp;<\/p>\n<p style=\"text-align: justify;\"><span style=\"font-family: times new roman, times, serif; font-size: 18pt; color: #c00000;\"><strong><em>Bernadette a encore une autre fille, Deirdre, qui milite elle aussi pour les m\u00eames causes que sa m\u00e8re (pas exactement les \u00ab\u00a0valeurs d\u00e9mocratiques occidentales\u00a0\u00bb)\u00a0:<\/em><\/strong><\/span><\/p>\n<p style=\"text-align: justify;\"><span style=\"font-family: times new roman, times, serif; font-size: 18pt; color: #c00000;\"><strong><em>En anglais, pour les raisons habituelles\u00a0:<\/em><\/strong><\/span><\/p>\n<p style=\"text-align: justify;\"><span style=\"font-family: times new roman, times, serif; font-size: 14pt;\"><strong><em>\u00a0<\/em><\/strong><\/span><\/p>\n<p style=\"text-align: center;\"><span style=\"font-family: times new roman, times, serif; font-size: 36pt;\"><strong>Irish Activist Deirdre McAliskey on International Women\u2019s Day &amp; Role of Women in Irish Peace Process<\/strong><\/span><\/p>\n<p style=\"text-align: center;\"><span style=\"font-family: times new roman, times, serif; font-size: 14pt; color: #c00000;\">(Oui, c\u2019est en 2008\u2026 on le sait, non, que la lutte n\u2019est jamais finie\u00a0!)<\/span><\/p>\n<p>&nbsp;<\/p>\n<p>&nbsp;<\/p>\n<p style=\"text-align: center;\"><span style=\"font-family: times new roman, times, serif; font-size: 14pt;\"><iframe loading=\"lazy\" src=\"https:\/\/www.democracynow.org\/embed\/story\/2008\/3\/7\/irish_activist_deirdre_mcaliskey_on_international\" width=\"640\" height=\"360\" frameborder=\"0\" allowfullscreen=\"allowfullscreen\"><\/iframe><\/span><\/p>\n<p>&nbsp;<\/p>\n<p>&nbsp;<\/p>\n<p style=\"text-align: left;\"><span style=\"font-family: times new roman, times, serif; font-size: 18pt; color: #c00000;\"><strong><em><span style=\"font-size: 24pt;\">Et pour ceux qui ne savent pas ce que c\u2019est qu\u2019une fouille au corps (en anglais, sorry) :<\/span><br \/>\n<\/em><\/strong><\/span><\/p>\n<p>&nbsp;<\/p>\n<p>&nbsp;<\/p>\n<p><span style=\"font-family: times new roman, times, serif; font-size: 14pt;\"><strong><span style=\"font-size: 18pt;\"><a href=\"https:\/\/republican-news.org\">Irish Republican News<\/a> \u00b7 <\/span><\/strong><a href=\"https:\/\/republican-news.org\/current\/news\/2013\/09\/index.html\"><strong><span style=\"font-size: 18pt;\">September 6, 2013<\/span><\/strong>\u00a0<\/a><\/span><\/p>\n<p><span style=\"font-family: comic sans ms, sans-serif; font-size: 14pt;\">(Oui, c&rsquo;\u00e9tait en 2013. Quelqu&rsquo;un se figure-t-il que quelque chose a chang\u00e9 ?)<\/span><\/p>\n<p>&nbsp;<\/p>\n<p style=\"text-align: center;\"><span style=\"font-family: times new roman, times, serif; font-size: 36pt;\"><strong>Strip-search \u2018had impact of sexual assault\u2019<\/strong><\/span><\/p>\n<p>&nbsp;<\/p>\n<p style=\"text-align: center;\"><span style=\"font-family: times new roman, times, serif; font-size: 24pt;\"><strong>Details have emerged this week about the brutal strip-searching of a female republican prisoner at Hydebank Wood Prison. <\/strong><\/span><\/p>\n<p>&nbsp;<\/p>\n<p>&nbsp;<\/p>\n<p><span style=\"font-family: times new roman, times, serif; font-size: 14pt;\"><img loading=\"lazy\" class=\"aligncenter wp-image-4555\" src=\"http:\/\/blog.lesgrossesorchadeslesamplesthalameges.fr\/wp-content\/uploads\/2019\/05\/hydebank-300x206.jpg\" alt=\"\" width=\"600\" height=\"413\" srcset=\"https:\/\/blog.lesgrossesorchadeslesamplesthalameges.fr\/wp-content\/uploads\/2019\/05\/hydebank-300x206.jpg 300w, https:\/\/blog.lesgrossesorchadeslesamplesthalameges.fr\/wp-content\/uploads\/2019\/05\/hydebank.jpg 400w\" sizes=\"(max-width: 600px) 100vw, 600px\" \/><\/span><\/p>\n<p>&nbsp;<\/p>\n<p>&nbsp;<\/p>\n<p style=\"text-align: justify;\"><span style=\"font-family: times new roman, times, serif; font-size: 18pt;\"><strong>Sharon Rafferty, of Pomeroy in County Tyrone, was ordered to remove her clothes before and after making a court appearance last month. <\/strong><\/span><\/p>\n<p style=\"text-align: justify;\"><span style=\"font-family: times new roman, times, serif; font-size: 14pt;\"><strong><span style=\"font-size: 18pt;\">When the mother-of-three refused, female prison staff assaulted her and forcibly removed her clothes.<\/span> <\/strong><\/span><\/p>\n<p style=\"text-align: justify;\"><span style=\"font-family: times new roman, times, serif; font-size: 14pt;\">Ms Rafferty has been held for sixteen months at Hydebank Wood women\u2019s prison on the outskirts of Belfast.<\/span><\/p>\n<p style=\"text-align: justify;\"><span style=\"font-family: times new roman, times, serif; font-size: 14pt;\">It has also emerged that a second republican prisoner, Christine Connor, missed a hospital appointment last month after refusing to be strip searched.<\/span><\/p>\n<p style=\"text-align: justify;\"><span style=\"font-family: times new roman, times, serif; font-size: 14pt;\">Both women have said they will not voluntarily submit to strip searches in future.<\/span><\/p>\n<p style=\"text-align: justify;\"><span style=\"font-family: times new roman, times, serif; font-size: 14pt;\">Mandy Duffy from the Irish Republican Prisoners Welfare Association said Ms Rafferty felt like she had been \u201csexually assaulted\u201d after the search<\/span><\/p>\n<p style=\"text-align: justify;\"><span style=\"font-family: times new roman, times, serif; font-size: 14pt;\">\u201cShe feels very strongly she should not have to remove any clothing,\u201d she said.<\/span><\/p>\n<p style=\"text-align: justify;\"><span style=\"font-family: times new roman, times, serif; font-size: 14pt;\">Describing the procedure as \u201cdegrading and humiliating\u201d, Ms Duffy said the Pomeroy woman had not reported any physical injuries, but had been left \u201cdistressed\u201d by the ordeal.<\/span><\/p>\n<p style=\"text-align: justify;\"><span style=\"font-family: times new roman, times, serif; font-size: 14pt;\">The incidents recall the British treatment of Roisin McAliskey, daughter of former Mid Ulster MP Bernadette McAliskey, who was searched more than 70 times while pregnant in custody awaiting extradition to Germany in connection.<\/span><\/p>\n<p style=\"text-align: justify;\"><span style=\"font-family: times new roman, times, serif; font-size: 14pt;\">She was ultimately released without charge in 1998. In 2005, a High Court judgement found that the existing policy of strip searches \u201ccannot be demonstrated to be proportionate and necessary\u201d.<\/span><\/p>\n<p style=\"text-align: justify;\"><span style=\"font-family: times new roman, times, serif; font-size: 14pt;\">Despite this, the practice has continued. The Northern Ireland Human Rights Commission (NIHRC) said it intends to raise the issue with the Prison Service later this month.<\/span><\/p>\n<p style=\"text-align: justify;\"><span style=\"font-family: times new roman, times, serif; font-size: 14pt;\">Mandy Duffy said both male and female republican prisoners refuse to submit to strip searching, pointing out that scanners exist that make the practice unnecessary. She said three male republicans being held at Maghaberry Prison were also forcibly strip searched last month.<\/span><\/p>\n<p>&nbsp;<\/p>\n<p style=\"text-align: justify;\"><span style=\"font-family: times new roman, times, serif; font-size: 14pt;\"><strong><span style=\"font-size: 18pt;\">PROTEST<\/span> <\/strong><\/span><\/p>\n<p style=\"text-align: justify;\"><span style=\"font-family: times new roman, times, serif; font-size: 14pt;\">Previously, violent strip searching resulted in male prisoners at Maghaberry Prison staging a dirty protest over 18 months, which came to an end last year with the trial of two body scanners at Hydebank. However in February, the British government said the scanners would not replace full body searches.<\/span><\/p>\n<p style=\"text-align: justify;\"><span style=\"font-family: times new roman, times, serif; font-size: 14pt;\">Republican prisoners at both Hydebank and Maghaberry are currently held in separate wings from the main prison population.<\/span><\/p>\n<p style=\"text-align: justify;\"><span style=\"font-family: times new roman, times, serif; font-size: 14pt;\">The separation resulted in Ms Rafferty, as the only republican prisoner in Hydebank, spending more than one year in effective isolation, until she was joined in June this year by Christine Connor.<\/span><\/p>\n<p style=\"text-align: justify;\"><span style=\"font-family: times new roman, times, serif; font-size: 14pt;\">Ms Connor was denied a hospital appointment on August 23 after she refused to comply with a strip search on departure from the prison.<\/span><\/p>\n<p style=\"text-align: justify;\"><span style=\"font-family: times new roman, times, serif; font-size: 14pt;\">\u201cWith the policy now that they are going to be asking republican prisoners to comply with strip searches, that they will refuse, this is going to have an impact on hospital appointments and doctors appointments,\u201d she claimed.<\/span><\/p>\n<p style=\"text-align: justify;\"><span style=\"font-family: times new roman, times, serif; font-size: 14pt;\">\u201cChristine does have medical concerns. She has kidney problems and she does need to attend her appointments. Therefore she is being denied her rights to medical attention.\u201d<\/span><\/p>\n<p>&nbsp;<\/p>\n<p style=\"text-align: justify;\"><span style=\"font-family: times new roman, times, serif; font-size: 14pt;\"><strong><span style=\"font-size: 18pt;\">ECHOES OF ARMAGH<\/span> <\/strong><\/span><\/p>\n<p style=\"text-align: justify;\"><span style=\"font-family: times new roman, times, serif; font-size: 14pt;\">The introduction of strip searching at the all female Armagh jail in November 1982 became one of the most controversial features of the troubles, sparking widespread protests.<\/span><\/p>\n<p style=\"text-align: justify;\"><span style=\"font-family: times new roman, times, serif; font-size: 14pt;\">During the first full year of the policy, 1,218 searches were carried out on 358 women. Armagh jail closed in 1986 with all female prisoners transferred to Maghaberry, where the practice continued.<\/span><\/p>\n<p style=\"text-align: justify;\"><span style=\"font-family: times new roman, times, serif; font-size: 14pt;\">In 1985 Bishop of Derry Edward Daly described the practice as \u201crevolting and fruitless\u201d. Three years later Cardinal Tomas O\u2019Fiaich called for an end to the \u201chumiliating and degrading\u201d practice at Armagh jail.<\/span><\/p>\n<p>&nbsp;<\/p>\n<p>&nbsp;<\/p>\n<p><img loading=\"lazy\" class=\"aligncenter wp-image-4568\" src=\"http:\/\/blog.lesgrossesorchadeslesamplesthalameges.fr\/wp-content\/uploads\/2019\/05\/Cha\u00eenes-rompues.gif\" alt=\"\" width=\"100\" height=\"88\" \/><\/p>\n<p>&nbsp;<\/p>\n<p>&nbsp;<\/p>\n<p style=\"text-align: justify;\"><span style=\"font-family: times new roman, times, serif; font-size: 24pt; color: #c00000;\"><strong><em>Ce que vous ne verrez pas, nulle part, c\u2019est \u00a0Bobby Seale et Bernadette Devlin levant le poing de concert aux USA lors d\u2019une manifestation de soutien \u00e0 la Palestine\u2026 Car ce ne sont pas l\u00e0 des choses \u00e0 \u00e9taler sur Internet. Circulez\u00a0!<\/em><\/strong><\/span><\/p>\n<p>&nbsp;<\/p>\n<p>&nbsp;<\/p>\n<p style=\"text-align: center;\"><img loading=\"lazy\" class=\"alignnone wp-image-4568\" src=\"http:\/\/blog.lesgrossesorchadeslesamplesthalameges.fr\/wp-content\/uploads\/2019\/05\/Cha\u00eenes-rompues.gif\" alt=\"\" width=\"100\" height=\"88\" \/><\/p>\n<p>&nbsp;<\/p>\n<p>&nbsp;<\/p>\n<p style=\"text-align: right;\"><span style=\"font-family: comic sans ms, sans-serif; font-size: 14pt;\">Le 2 mai 2019<\/span><strong><em><br \/>\n<\/em><\/strong><\/p>\n<p>&nbsp;<\/p>\n<p>&nbsp;<\/p>\n<p>&nbsp;<\/p>\n","protected":false},"excerpt":{"rendered":"<p>&nbsp; &nbsp; &nbsp; &nbsp; &nbsp; En route vers l\u2019Am\u00e9rique &nbsp; BELMARSH &nbsp; &nbsp; &nbsp; \u00a0 Belmarsh, Borstal, Holloway\u2026 les prisons de Sa Majest\u00e9 n\u2019ont rien \u00e0 envier \u00e0 l\u2019Alcatraz des Rocheuses, d\u2019innombrables Irlandais pourraient en t\u00e9moigner, et notamment R\u00f3is\u00edn McAliskey, la fille a\u00een\u00e9e de Bernadette Devlin. &nbsp; &nbsp; &nbsp; \u00a0 Vous ne vous souvenez pas&#8230;<\/p>\n","protected":false},"author":1,"featured_media":0,"parent":0,"menu_order":0,"comment_status":"open","ping_status":"open","template":"","meta":[],"_links":{"self":[{"href":"https:\/\/blog.lesgrossesorchadeslesamplesthalameges.fr\/index.php\/wp-json\/wp\/v2\/pages\/4551"}],"collection":[{"href":"https:\/\/blog.lesgrossesorchadeslesamplesthalameges.fr\/index.php\/wp-json\/wp\/v2\/pages"}],"about":[{"href":"https:\/\/blog.lesgrossesorchadeslesamplesthalameges.fr\/index.php\/wp-json\/wp\/v2\/types\/page"}],"author":[{"embeddable":true,"href":"https:\/\/blog.lesgrossesorchadeslesamplesthalameges.fr\/index.php\/wp-json\/wp\/v2\/users\/1"}],"replies":[{"embeddable":true,"href":"https:\/\/blog.lesgrossesorchadeslesamplesthalameges.fr\/index.php\/wp-json\/wp\/v2\/comments?post=4551"}],"version-history":[{"count":0,"href":"https:\/\/blog.lesgrossesorchadeslesamplesthalameges.fr\/index.php\/wp-json\/wp\/v2\/pages\/4551\/revisions"}],"wp:attachment":[{"href":"https:\/\/blog.lesgrossesorchadeslesamplesthalameges.fr\/index.php\/wp-json\/wp\/v2\/media?parent=4551"}],"curies":[{"name":"wp","href":"https:\/\/api.w.org\/{rel}","templated":true}]}}