{"id":4576,"date":"2019-05-02T23:50:26","date_gmt":"2019-05-02T21:50:26","guid":{"rendered":"http:\/\/blog.lesgrossesorchadeslesamplesthalameges.fr\/?page_id=4576"},"modified":"2019-05-03T00:48:03","modified_gmt":"2019-05-02T22:48:03","slug":"ben-oui-la-chine-sest-eveillee-mais-pas-le-maroc","status":"publish","type":"page","link":"https:\/\/blog.lesgrossesorchadeslesamplesthalameges.fr\/index.php\/ben-oui-la-chine-sest-eveillee-mais-pas-le-maroc\/","title":{"rendered":"Ben, oui, la Chine s&rsquo;est \u00e9veill\u00e9e, mais pas le Maroc"},"content":{"rendered":"<p>&nbsp;<\/p>\n<p>&nbsp;<\/p>\n<p>&nbsp;<\/p>\n<p>&nbsp;<\/p>\n<p>&nbsp;<\/p>\n<p>&nbsp;<\/p>\n<p style=\"text-align: left;\"><span style=\"font-family: times new roman, times, serif; font-size: 36pt; color: #c00000;\"><strong><em>Ben, oui, quoi, la Chine s\u2019est \u00e9veill\u00e9e\u2026<\/em><\/strong><\/span><\/p>\n<p>&nbsp;<\/p>\n<p style=\"text-align: justify;\"><span style=\"font-family: comic sans ms, sans-serif; font-size: 14pt;\">Sur un site que nous lisons depuis des ann\u00e9es avec int\u00e9r\u00eat (<em>L\u2019Antipresse<\/em>) et plus pr\u00e9cis\u00e9ment sur son extension <em>Le Drone<\/em>, nous venons de lire, dans un article intitul\u00e9 \u00ab\u00a0Hong Kong une anarchie bienfaisante\u00a0\u00bb, ce qui suit\u00a0:<\/span><\/p>\n<p>&nbsp;<\/p>\n<p style=\"padding-left: 120px; text-align: justify;\"><span style=\"font-family: times new roman, times, serif; font-size: 14pt;\">\u00ab\u00a0Nous avons d\u00e9barqu\u00e9 hier soir samedi, tard, dans une gare immense, rutilante et pratiquement vide. West Kowloon annonce la couleur: elle a \u00e9t\u00e9 cyniquement implant\u00e9e comme une <a href=\"https:\/\/mondafrique.com\/patron-de-dst-marocaine-recu-a-lelysee\/\">\u00abt\u00eate de pont\u00bb de la R\u00e9publique populaire<\/a> dans ce territoire qui ne lui appartient pas encore. La nouvelle gare compense la transgression par la commodit\u00e9 apport\u00e9e \u2014 du moins d\u2019un point de vue chinois. De <em>notre <\/em>point de vue d\u2019Occidentaux d\u00e9mo\u00adcrates et libertaires, on inverserait la proposition. Elle \u00f4te en libert\u00e9 ce qu\u2019elle donne en confort. Quoi qu\u2019il en soit, elle r\u00e9sume \u00e0 elle seule le pacte faustien de la Chine moderne.\u00a0\u00bb<\/span><\/p>\n<p>&nbsp;<\/p>\n<p style=\"text-align: justify;\"><span style=\"font-family: comic sans ms, sans-serif; font-size: 14pt;\">Or, si on clique sur \u00ab\u00a0t\u00eate de pont de la R\u00e9publique populaire\u00a0\u00bb, on ouvre ceci\u00a0:<\/span><\/p>\n<p>&nbsp;<\/p>\n<p style=\"text-align: left; padding-left: 120px;\"><span style=\"font-family: times new roman, times, serif; font-size: 24pt;\"><strong>Abdellatif Hammouchi (DST Maroc) re\u00e7u \u00e0\u00a0 l\u2019Elys\u00e9e\u00a0<\/strong><\/span><\/p>\n<p style=\"text-align: justify; padding-left: 120px;\"><span style=\"font-family: times new roman, times, serif; font-size: 14pt;\">By <a href=\"https:\/\/mondafrique.com\/author\/la-redaction-de-mondafrique\/\">La redaction de Mondafrique<\/a> \u2013 9 juillet 2017<\/span><\/p>\n<p>&nbsp;<\/p>\n<p style=\"padding-left: 120px;\"><img loading=\"lazy\" class=\"alignnone size-medium wp-image-4578\" src=\"http:\/\/blog.lesgrossesorchadeslesamplesthalameges.fr\/wp-content\/uploads\/2019\/05\/Abdellatif-300x182.jpg\" alt=\"\" width=\"300\" height=\"182\" srcset=\"https:\/\/blog.lesgrossesorchadeslesamplesthalameges.fr\/wp-content\/uploads\/2019\/05\/Abdellatif-300x182.jpg 300w, https:\/\/blog.lesgrossesorchadeslesamplesthalameges.fr\/wp-content\/uploads\/2019\/05\/Abdellatif.jpg 696w\" sizes=\"(max-width: 300px) 100vw, 300px\" \/><\/p>\n<p style=\"text-align: justify; padding-left: 120px;\"><span style=\"font-family: times new roman, times, serif; font-size: 14pt;\">Le patron de la DST marocaine, Abdellatif Hammouchi, que des m\u00e9dias fran\u00e7ais et des ONG voulaient pr\u00e9senter, il y a deux ans, comme la source d\u2019une grave crise diplomatique entre Rabat et Paris, \u00e0 la suite d\u2019accusations non d\u00e9montr\u00e9es de mauvais traitements \u00e0 l\u2019\u00e9gard de d\u00e9tenus, est devenu aujourd\u2019hui l\u2019interlocuteur privil\u00e9gi\u00e9 de la France au Maroc sur les dossiers s\u00e9curitaires.<\/span><\/p>\n<p>&nbsp;<\/p>\n<p style=\"text-align: justify; padding-left: 120px;\"><span style=\"font-family: times new roman, times, serif; font-size: 14pt;\"><strong>Hospitalit\u00e9 \u00e9lys\u00e9enne<\/strong><\/span><\/p>\n<p style=\"text-align: justify; padding-left: 120px;\"><span style=\"font-family: times new roman, times, serif; font-size: 14pt;\">Selon des sources fran\u00e7aises bien inform\u00e9es, le directeur g\u00e9n\u00e9ral des services de renseignements et de la police marocains a \u00e9t\u00e9 re\u00e7u il y a deux semaines \u00e0\u00a0 l\u2019\u00c9lys\u00e9e.<\/span><\/p>\n<p>&nbsp;<\/p>\n<p style=\"padding-left: 120px;\"><img loading=\"lazy\" class=\"alignnone size-full wp-image-4579\" src=\"http:\/\/blog.lesgrossesorchadeslesamplesthalameges.fr\/wp-content\/uploads\/2019\/05\/Avec-le-roi.jpg\" alt=\"\" width=\"263\" height=\"192\" \/><\/p>\n<p style=\"text-align: justify; padding-left: 120px;\"><span style=\"font-family: times new roman, times, serif; font-size: 14pt;\">Ce grand flic qui jouit de la confiance totale de Mohammed VI, a eu de longues discussions avec les proches collaborateurs du pr\u00e9sident fran\u00e7ais, Emmanuel Macron, notamment sur des dossiers se rapportant \u00e0 la lutte contre le terrorisme.<\/span><\/p>\n<p style=\"text-align: justify; padding-left: 120px;\"><span style=\"font-family: times new roman, times, serif; font-size: 14pt;\">Inform\u00e9 de cette visite, le pr\u00e9sident fran\u00e7ais aurait tenu \u00e0 passer une t\u00e8te chez ses collaborateurs et \u00e0 s\u2019entretenir sur les dossiers s\u00e9curitaires \u00a0avec \u00a0Abdellatif Hammouchi.<\/span><\/p>\n<p>&nbsp;<\/p>\n<p style=\"text-align: justify; padding-left: 120px;\"><span style=\"font-family: times new roman, times, serif; font-size: 14pt;\"><strong>Collaboration sur le terrorisme<\/strong><\/span><\/p>\n<p style=\"text-align: justify; padding-left: 120px;\"><span style=\"font-family: times new roman, times, serif; font-size: 14pt;\">C\u2019est que le num\u00e9ro un de la lutte anti terroriste au Maroc n\u2019est pas un inconnu pour le pr\u00e9sident fran\u00e7ais que l\u2019on voit tr\u00e8s investi dans ses contacts \u00e0 l\u2019\u00e9tranger sur la lutte contre le terrorisme. Lors de sa r\u00e9cente visite \u00e0 Rabat, Emmanuel Macron avait eu un entretien avec Abdellatif Hammouchi juste apr\u00e8s son d\u00eener avec le souverain marocain, Mohamed VI. \u00ab\u00a0Le pr\u00e9sident a \u00e9t\u00e9 impressionn\u00e9 par la ma\u00eetrise des dossiers s\u00e9curitaires dont a fait preuve le patron des renseignements ch\u00e9rifiens\u00a0\u00bb, avait confi\u00e9 un membre de la d\u00e9l\u00e9gation fran\u00e7aise, pr\u00e9sent lors de cette entrevue.<\/span><\/p>\n<p style=\"padding-left: 120px; text-align: left;\"><span style=\"font-family: times new roman, times, serif; font-size: 14pt;\">Source\u00a0: <a href=\"https:\/\/mondafrique.com\/patron-de-dst-marocaine-recu-a-lelysee\/\">https:\/\/mondafrique.com\/patron-de-dst-marocaine-recu-a-lelysee\/<\/a><\/span><\/p>\n<p>&nbsp;<\/p>\n<p style=\"text-align: justify;\"><span style=\"font-family: comic sans ms, sans-serif; font-size: 14pt;\">Erreur de re-direction\u00a0? Probable. Mais liaisons dangereuses ? Probable aussi.<\/span><\/p>\n<p>&nbsp;<\/p>\n<p style=\"text-align: justify;\"><span style=\"font-family: comic sans ms, sans-serif; font-size: 14pt;\">Quoi qu\u2019il en soit, d\u2019une autre de nos sources de longue date\u00a0 nous arrive justement aujourd\u2019hui, ceci\u00a0:<\/span><\/p>\n<p>&nbsp;<\/p>\n<p><img loading=\"lazy\" class=\"alignnone wp-image-4534\" src=\"http:\/\/blog.lesgrossesorchadeslesamplesthalameges.fr\/wp-content\/uploads\/2019\/05\/logo-S-R-300x67.jpg\" alt=\"\" width=\"750\" height=\"168\" srcset=\"https:\/\/blog.lesgrossesorchadeslesamplesthalameges.fr\/wp-content\/uploads\/2019\/05\/logo-S-R-300x67.jpg 300w, https:\/\/blog.lesgrossesorchadeslesamplesthalameges.fr\/wp-content\/uploads\/2019\/05\/logo-S-R-768x172.jpg 768w, https:\/\/blog.lesgrossesorchadeslesamplesthalameges.fr\/wp-content\/uploads\/2019\/05\/logo-S-R-1024x229.jpg 1024w, https:\/\/blog.lesgrossesorchadeslesamplesthalameges.fr\/wp-content\/uploads\/2019\/05\/logo-S-R.jpg 1170w\" sizes=\"(max-width: 750px) 100vw, 750px\" \/><\/p>\n<p>&nbsp;<\/p>\n<p style=\"text-align: justify;\"><strong><span style=\"font-family: times new roman, times, serif; font-size: 18pt;\">28 avril 2019<\/span><\/strong><\/p>\n<p>&nbsp;<\/p>\n<p style=\"text-align: center;\"><span style=\"font-family: times new roman, times, serif; font-size: 36pt;\"><strong>Maroc\u00a0: R\u00e9pression d\u2019une manifestation d\u2019enseignants<\/strong><\/span><\/p>\n<p>&nbsp;<\/p>\n<p style=\"text-align: justify;\"><span style=\"font-family: times new roman, times, serif; font-size: 14pt;\">Pour faire entendre leur voix, les enseignants contractuels ont lanc\u00e9 d\u00e9but mars un mouvement de gr\u00e8ve accompagn\u00e9 d\u2019importantes manifestations pour r\u00e9clamer le statut de fonctionnaire au sein du minist\u00e8re de l\u2018\u00c9ducation. Une r\u00e9union avec le minist\u00e8re de tutelle cens\u00e9e aboutir \u00e0 des solutions a \u00e9t\u00e9 finalement annul\u00e9e. Au total, ils sont 55.000 enseignants recrut\u00e9s en 2016 sur la base de contrats \u00e0 dur\u00e9e d\u00e9termin\u00e9e \u00e0 demander une s\u00e9curisation de leur emploi en obtenant le statut de fonctionnaire. Ils \u00e9taient nombreux \u00e0 \u00eatre venus camper dans le centre-ville de Rabat pr\u00e8s du Parlement marocain, pour faire entendre leur revendication. La manifestation a \u00e9t\u00e9 dispers\u00e9e par la police \u00e0 coups de canon \u00e0 eau.<\/span><\/p>\n<p>&nbsp;<\/p>\n<p>&nbsp;<\/p>\n<p style=\"text-align: center;\"><img loading=\"lazy\" class=\"alignnone wp-image-4580\" src=\"http:\/\/blog.lesgrossesorchadeslesamplesthalameges.fr\/wp-content\/uploads\/2019\/05\/R\u00e9pression-Maroc-300x169.jpg\" alt=\"\" width=\"600\" height=\"338\" srcset=\"https:\/\/blog.lesgrossesorchadeslesamplesthalameges.fr\/wp-content\/uploads\/2019\/05\/R\u00e9pression-Maroc-300x169.jpg 300w, https:\/\/blog.lesgrossesorchadeslesamplesthalameges.fr\/wp-content\/uploads\/2019\/05\/R\u00e9pression-Maroc-768x432.jpg 768w, https:\/\/blog.lesgrossesorchadeslesamplesthalameges.fr\/wp-content\/uploads\/2019\/05\/R\u00e9pression-Maroc.jpg 1024w\" sizes=\"(max-width: 600px) 100vw, 600px\" \/><\/p>\n<p>&nbsp;<\/p>\n<p style=\"text-align: justify;\"><span style=\"font-family: times new roman, times, serif; font-size: 14pt;\">Source\u00a0: <a href=\"https:\/\/secoursrouge.org\/Maroc-Repression-d-une-manifestation-d-enseignants\">https:\/\/secoursrouge.org\/Maroc-Repression-d-une-manifestation-d-enseignants<\/a><\/span><\/p>\n<p>&nbsp;<\/p>\n<p style=\"text-align: justify;\"><span style=\"color: #c00000;\"><strong><em><span style=\"font-family: times new roman, times, serif; font-size: 18pt;\">Il va falloir choisir entre le num\u00e9ro un de la lutte anti-terroriste et le num\u00e9ro un de la lutte anti-enseignants.<\/span><\/em><\/strong><\/span><\/p>\n<p style=\"text-align: justify;\"><span style=\"color: #c00000;\"><strong><em><span style=\"font-family: times new roman, times, serif; font-size: 18pt;\">Et entre nos sources d\u2019information\u00a0?<\/span><\/em><\/strong><\/span><\/p>\n<p>&nbsp;<\/p>\n<p>&nbsp;<\/p>\n<p style=\"text-align: right;\"><span style=\"font-family: comic sans ms, sans-serif; font-size: 14pt;\">\u00a02 mai 2019<\/span><\/p>\n<p>&nbsp;<\/p>\n<p>&nbsp;<\/p>\n","protected":false},"excerpt":{"rendered":"<p>&nbsp; &nbsp; &nbsp; &nbsp; &nbsp; &nbsp; Ben, oui, quoi, la Chine s\u2019est \u00e9veill\u00e9e\u2026 &nbsp; Sur un site que nous lisons depuis des ann\u00e9es avec int\u00e9r\u00eat (L\u2019Antipresse) et plus pr\u00e9cis\u00e9ment sur son extension Le Drone, nous venons de lire, dans un article intitul\u00e9 \u00ab\u00a0Hong Kong une anarchie bienfaisante\u00a0\u00bb, ce qui suit\u00a0: &nbsp; \u00ab\u00a0Nous avons d\u00e9barqu\u00e9 hier&#8230;<\/p>\n","protected":false},"author":1,"featured_media":0,"parent":0,"menu_order":0,"comment_status":"open","ping_status":"open","template":"","meta":[],"_links":{"self":[{"href":"https:\/\/blog.lesgrossesorchadeslesamplesthalameges.fr\/index.php\/wp-json\/wp\/v2\/pages\/4576"}],"collection":[{"href":"https:\/\/blog.lesgrossesorchadeslesamplesthalameges.fr\/index.php\/wp-json\/wp\/v2\/pages"}],"about":[{"href":"https:\/\/blog.lesgrossesorchadeslesamplesthalameges.fr\/index.php\/wp-json\/wp\/v2\/types\/page"}],"author":[{"embeddable":true,"href":"https:\/\/blog.lesgrossesorchadeslesamplesthalameges.fr\/index.php\/wp-json\/wp\/v2\/users\/1"}],"replies":[{"embeddable":true,"href":"https:\/\/blog.lesgrossesorchadeslesamplesthalameges.fr\/index.php\/wp-json\/wp\/v2\/comments?post=4576"}],"version-history":[{"count":0,"href":"https:\/\/blog.lesgrossesorchadeslesamplesthalameges.fr\/index.php\/wp-json\/wp\/v2\/pages\/4576\/revisions"}],"wp:attachment":[{"href":"https:\/\/blog.lesgrossesorchadeslesamplesthalameges.fr\/index.php\/wp-json\/wp\/v2\/media?parent=4576"}],"curies":[{"name":"wp","href":"https:\/\/api.w.org\/{rel}","templated":true}]}}