{"id":5050,"date":"2019-06-08T23:17:45","date_gmt":"2019-06-08T21:17:45","guid":{"rendered":"http:\/\/blog.lesgrossesorchadeslesamplesthalameges.fr\/?page_id=5050"},"modified":"2019-06-08T23:18:00","modified_gmt":"2019-06-08T21:18:00","slug":"deuxieme-guerre-mondiale","status":"publish","type":"page","link":"https:\/\/blog.lesgrossesorchadeslesamplesthalameges.fr\/index.php\/deuxieme-guerre-mondiale\/","title":{"rendered":"Deuxi\u00e8me guerre mondiale"},"content":{"rendered":"<p style=\"text-align: justify;\"><span style=\"font-family: times new roman, times, serif; font-size: 14pt;\"><strong>\u00a0<\/strong><\/span><\/p>\n<p>&nbsp;<\/p>\n<p>&nbsp;<\/p>\n<p>&nbsp;<\/p>\n<p>&nbsp;<\/p>\n<p style=\"text-align: center;\"><span style=\"font-family: arial black, sans-serif; font-size: 24pt; color: #c00000;\"><strong><em>Do<\/em><\/strong><\/span><\/p>\n<p style=\"text-align: justify;\"><span style=\"font-family: times new roman, times, serif; font-size: 14pt;\"><strong>\u00a0<\/strong><\/span><\/p>\n<p style=\"text-align: center;\"><strong><span style=\"font-family: arial black, sans-serif; font-size: 24pt;\">Deuxi\u00e8me guerre mondiale<\/span><\/strong><\/p>\n<p style=\"text-align: center;\"><span style=\"font-family: arial, helvetica, sans-serif; font-size: 18pt;\"><strong>URSS =\u00a025 000 000 de morts &#8211; USA =\u00a0350 000 morts<\/strong><\/span><\/p>\n<p style=\"text-align: center;\"><span style=\"font-family: arial, helvetica, sans-serif; font-size: 18pt;\"><strong>\u00a0<\/strong><\/span><\/p>\n<p style=\"text-align: center;\"><img loading=\"lazy\" class=\"alignnone wp-image-5051\" src=\"http:\/\/blog.lesgrossesorchadeslesamplesthalameges.fr\/wp-content\/uploads\/2019\/06\/Stalingrad-1-300x225.jpg\" alt=\"\" width=\"400\" height=\"300\" srcset=\"https:\/\/blog.lesgrossesorchadeslesamplesthalameges.fr\/wp-content\/uploads\/2019\/06\/Stalingrad-1-300x225.jpg 300w, https:\/\/blog.lesgrossesorchadeslesamplesthalameges.fr\/wp-content\/uploads\/2019\/06\/Stalingrad-1.jpg 500w\" sizes=\"(max-width: 400px) 100vw, 400px\" \/><\/p>\n<p style=\"text-align: center;\"><img loading=\"lazy\" class=\"alignnone size-full wp-image-5017\" src=\"http:\/\/blog.lesgrossesorchadeslesamplesthalameges.fr\/wp-content\/uploads\/2019\/06\/0.-freccia-nera-piccola-xx-1.gif\" alt=\"\" width=\"46\" height=\"46\" \/><\/p>\n<p style=\"text-align: center;\"><span style=\"font-family: times new roman, times, serif; font-size: 14pt;\"><a href=\"http:\/\/mai68.org\/spip2\/spip.php?article3803\"><strong>http:\/\/mai68.org\/spip2\/spip.php?article3803<\/strong><\/a><\/span><\/p>\n<p>&nbsp;<\/p>\n<p>&nbsp;<\/p>\n<p style=\"text-align: justify;\"><span style=\"font-family: arial, helvetica, sans-serif; font-size: 12pt;\">Bonjour \u00e0 toutes et \u00e0 tous,<\/span><\/p>\n<p style=\"text-align: justify;\"><span style=\"font-family: arial, helvetica, sans-serif; font-size: 12pt;\">\u00c0 l&rsquo;\u00e9cole, on apprenait quand j&rsquo;\u00e9tais gosse que l&rsquo;URSS avait eu 25 millions de morts pendant la deuxi\u00e8me guerre mondiale. Plus tard, apr\u00e8s Tchernobyl en 1986, sous Gorbatchev, un nouveau chiffre venu de Russie en donnait 30 millions, et m\u00eame 33 millions.<\/span><\/p>\n<p style=\"text-align: justify;\"><span style=\"font-family: arial, helvetica, sans-serif; font-size: 12pt;\">\u00c0 c\u00f4t\u00e9 de \u00e7a, avec leur 350 000 morts, les Am\u00e9ricains n&rsquo;ont pas \u00e0 la ramener, et on sait tr\u00e8s bien que c&rsquo;est aux sovi\u00e9tiques qu&rsquo;on doit dire merci de s&rsquo;\u00eatre sacrifier en si grand nombre pour nous lib\u00e9rer du nazisme.<\/span><\/p>\n<p style=\"text-align: justify;\"><span style=\"font-family: arial, helvetica, sans-serif; font-size: 12pt;\">Ce qui prouve par ailleurs que le r\u00e9gime staliniste, malgr\u00e9 ses \u00e9normes d\u00e9fauts, n&rsquo;\u00e9tait pas si mauvais que \u00e7a puisqu&rsquo;il n&rsquo;y aurait pas eu, sinon, autant de sovi\u00e9tiques \u00e0 se sacrifier pour le sauver. <a href=\"http:\/\/mai68.org\/spip2\/spip.php?article3789#forum3373\">Luniterre<\/a> fait remarquer par ailleurs que ce sont les \u00ab\u00a0meilleurs stalinistes\u00a0\u00bb qui sont morts pendant la guerre, ce qui a permis ensuite \u00e0 l&rsquo;aile droite (Krouchtchev) du Parti Communiste russe d&rsquo;arriver au pouvoir.<\/span><\/p>\n<p style=\"text-align: justify;\"><span style=\"font-family: arial, helvetica, sans-serif; font-size: 12pt;\">Bien \u00e0 vous, <\/span><br \/>\n<span style=\"font-family: arial, helvetica, sans-serif; font-size: 12pt;\">VIVE L&rsquo;ANARCHIE\u00a0! <\/span><br \/>\n<span style=\"font-family: arial, helvetica, sans-serif; font-size: 12pt;\">do <\/span><br \/>\n<span style=\"font-family: arial, helvetica, sans-serif; font-size: 12pt;\">3 juin 2019<\/span><br \/>\n<span style=\"font-family: arial, helvetica, sans-serif; font-size: 12pt;\"><a href=\"http:\/\/mai68.org\/spip2\">http:\/\/mai68.org\/spip2<\/a><\/span><\/p>\n<p>&nbsp;<\/p>\n<p style=\"text-align: justify;\"><span style=\"font-family: arial, helvetica, sans-serif; font-size: 12pt;\"><strong>LA CONTRIBUTION SOVI\u00c9TIQUE \u00c0 LA VICTOIRE DE 1945<\/strong><\/span><\/p>\n<p style=\"text-align: justify;\"><span style=\"font-family: arial, helvetica, sans-serif; font-size: 12pt;\">Pendant pr\u00e8s de 4 ans, du 22 juin 1941 au 9 mai 1945, le front germano-sovi\u00e9tique fut le front principal de la Seconde Guerre mondiale. Il s&rsquo;\u00e9tendait sur 6.200 kms. Sur ce front immense, l&rsquo;Union sovi\u00e9tique, dirig\u00e9e par le Parti Communiste et Joseph Staline, y affronta seule \u00e0 seule l&rsquo;Allemagne hitl\u00e9rienne, r\u00e9sista aux coups des hordes fascistes, stoppa leur avance et les refoula.<\/span><\/p>\n<p style=\"text-align: justify;\"><span style=\"font-family: arial, helvetica, sans-serif; font-size: 12pt;\"><u>ROOSEVELT,<\/u> Pr\u00e9sident des USA\u00a0:<\/span><\/p>\n<p style=\"text-align: justify; padding-left: 60px;\"><span style=\"font-family: arial, helvetica, sans-serif; font-size: 12pt;\">\u00ab\u00a0Il m&rsquo;est difficile d&rsquo;ignorer ce simple fait que les Russes tuent plus de soldats ennemis et d\u00e9truisent plus d&rsquo;armement ennemi que tous les autres 25 \u00c9tats des Nations Unies pris ensemble\u00a0!\u00a0\u00bb\u00a0<\/span><\/p>\n<p style=\"text-align: justify;\"><span style=\"font-family: arial, helvetica, sans-serif; font-size: 12pt;\"><u>CHURCHILL,<\/u> premier ministre britannique\u00a0:<\/span><\/p>\n<p style=\"text-align: justify; padding-left: 60px;\"><span style=\"font-family: arial, helvetica, sans-serif; font-size: 12pt;\">\u00ab\u00a0\u2026 C&rsquo;est l&rsquo;arm\u00e9e russe qui a bris\u00e9 la machine de guerre allemande\u2026\u00a0\u00bb<\/span><\/p>\n<p style=\"text-align: justify;\"><span style=\"font-family: arial, helvetica, sans-serif; font-size: 12pt;\"><u>DE GAULLE\u00a0:<\/u><\/span><\/p>\n<p style=\"text-align: justify; padding-left: 60px;\"><span style=\"font-family: arial, helvetica, sans-serif; font-size: 12pt;\">\u00ab\u00a0Les Fran\u00e7ais savent ce qu&rsquo;a fait la Russie sovi\u00e9tique et ils savent que c&rsquo;est elle qui a jou\u00e9 le r\u00f4le principal dans leur lib\u00e9ration\u00a0!\u00a0\u00bb<\/span><\/p>\n<p style=\"text-align: justify;\"><span style=\"font-family: arial, helvetica, sans-serif; font-size: 12pt;\"><u>EISENHOWER,<\/u> commandant en chef des arm\u00e9es alli\u00e9es en Afrique du Nord et en Europe\u00a0:<\/span><\/p>\n<p style=\"text-align: justify; padding-left: 60px;\"><span style=\"font-family: arial, helvetica, sans-serif; font-size: 12pt;\">\u00ab\u00a0Les campagnes effectu\u00e9es par l&rsquo;Arm\u00e9e Rouge ont jou\u00e9 un r\u00f4le d\u00e9cisif dans la d\u00e9faite de l&rsquo;Allemagne.\u00a0\u00bb<\/span><\/p>\n<p style=\"text-align: justify;\"><span style=\"font-family: arial, helvetica, sans-serif; font-size: 12pt;\"><u>MONTGOMERY,<\/u> mar\u00e9chal de Grande-Bretagne\u00a0:<\/span><\/p>\n<p style=\"text-align: justify; padding-left: 60px;\"><span style=\"font-family: arial, helvetica, sans-serif; font-size: 12pt;\">\u00ab\u00a0La Russie a accompli un grand exploit militaire\u2026 Livrant un combat singulier, presque un contre un contre les arm\u00e9es hitl\u00e9riennes pass\u00e9es \u00e0 l&rsquo;offensive, la Russie a support\u00e9 toute la force de l&rsquo;agression allemande et a su tenir bon. Nous, les Anglais, nous n&rsquo;oublierons jamais l&rsquo;exploit de la Russie.\u00a0\u00bb<\/span><\/p>\n<p style=\"text-align: justify;\"><span style=\"font-family: arial, helvetica, sans-serif; font-size: 12pt;\"><u>HEMINGWAY,<\/u> \u00e9crivain\u00a0:<\/span><\/p>\n<p style=\"text-align: justify; padding-left: 60px;\"><span style=\"font-family: arial, helvetica, sans-serif; font-size: 12pt;\">\u00ab\u00a0Chaque \u00eatre humain qui aime la libert\u00e9 doit plus de remerciements \u00e0 l&rsquo;Arm\u00e9e Rouge qu&rsquo;il ne puisse payer durant toute une vie\u00a0!\u00a0\u00bb<\/span><\/p>\n<p style=\"text-align: justify;\"><span style=\"font-family: arial, helvetica, sans-serif; font-size: 12pt;\"><strong><u>Article complet\u00a0:<\/u><\/strong> <a href=\"http:\/\/mai68.org\/spip\/spip.php?article4888\"><strong>http:\/\/mai68.org\/spip\/spip.php?article4888<\/strong><\/a><\/span><\/p>\n<p>&nbsp;<\/p>\n<p style=\"text-align: justify;\"><span style=\"font-family: arial, helvetica, sans-serif; font-size: 12pt;\"><strong><u>_______________________<\/u><\/strong><\/span><\/p>\n<p>&nbsp;<\/p>\n<p style=\"text-align: justify;\"><span style=\"font-family: arial, helvetica, sans-serif; font-size: 12pt;\"><strong>Le 3\u00b0 Reich a \u00e9t\u00e9 vaincu dans les plaines de la Russie\u00a0!<\/strong><\/span><\/p>\n<p style=\"text-align: justify;\"><span style=\"font-family: arial, helvetica, sans-serif; font-size: 12pt;\">Par leur accumulation et par leur caract\u00e8re unilat\u00e9ral, les comm\u00e9morations des anniversaires du D\u00e9barquement sont en train d&rsquo;installer, dans la conscience collective des jeunes g\u00e9n\u00e9rations, une vision mythique, mais largement inexacte, concernant le r\u00f4le des Etats-Unis dans la victoire sur l&rsquo;Allemagne nazie. L&rsquo;image v\u00e9hicul\u00e9e par les innombrables reportages, interviews d&rsquo;anciens combattants am\u00e9ricains, films et documentaires sur le 6 juin, est celle d&rsquo;un tournant d\u00e9cisif de la guerre. Or, tous les historiens vous le diront\u00a0: le Reich n&rsquo;a pas \u00e9t\u00e9 vaincu sur les plages de Normandie mais bien dans les plaines de Russie.<\/span><\/p>\n<p style=\"text-align: justify;\"><span style=\"font-family: arial, helvetica, sans-serif; font-size: 12pt;\"><strong><u>Article complet\u00a0:<\/u><\/strong> <a href=\"http:\/\/mai68.org\/spip\/spip.php?article4887\"><strong>http:\/\/mai68.org\/spip\/spip.php?article4887<\/strong><\/a><\/span><\/p>\n<p>&nbsp;<\/p>\n<p style=\"text-align: justify;\"><span style=\"font-family: arial, helvetica, sans-serif; font-size: 12pt;\"><strong><u>__________________<\/u><\/strong><\/span><\/p>\n<p>&nbsp;<\/p>\n<p style=\"text-align: justify;\"><span style=\"font-family: arial, helvetica, sans-serif; font-size: 12pt;\"><strong>DEUXI\u00c8ME GUERRE MONDIALE (vid\u00e9os Annie Lacroix-Riz et Jacques R. Pauwels)<\/strong><\/span><\/p>\n<p style=\"text-align: justify;\"><span style=\"font-family: arial, helvetica, sans-serif; font-size: 12pt;\">La \u00ab\u00a0deuxi\u00e8me guerre mondiale\u00a0\u00bb fut en r\u00e9alit\u00e9 <\/span><br \/>\n<span style=\"font-family: arial, helvetica, sans-serif; font-size: 12pt;\">une guerre contre la r\u00e9volution, <\/span><br \/>\n<span style=\"font-family: arial, helvetica, sans-serif; font-size: 12pt;\">une guerre qui commen\u00e7a en 1936 en Espagne, <\/span><br \/>\n<span style=\"font-family: arial, helvetica, sans-serif; font-size: 12pt;\">une guerre qui d\u00e9truisit le Front populaire en France, <\/span><br \/>\n<span style=\"font-family: arial, helvetica, sans-serif; font-size: 12pt;\">une guerre qui voulut d\u00e9truire aussi l&rsquo;URSS <\/span><br \/>\n<span style=\"font-family: arial, helvetica, sans-serif; font-size: 12pt;\">mais une guerre o\u00f9 les nazis furent vaincus par l&rsquo;URSS\u00a0!<\/span><\/p>\n<p style=\"text-align: justify;\"><span style=\"font-family: arial, helvetica, sans-serif; font-size: 12pt;\">N&rsquo;oublions jamais que Rockefeller, Ford, Prescott Bush, etc. ont financ\u00e9 Hitler.<\/span><\/p>\n<p style=\"text-align: justify;\"><span style=\"font-family: times new roman, times, serif; font-size: 14pt;\"><span style=\"font-family: arial, helvetica, sans-serif; font-size: 12pt;\"><strong><u>Article complet\u00a0:<\/u><\/strong> <\/span><a href=\"http:\/\/mai68.org\/spip\/spip.php?article3490\"><strong><span style=\"font-family: arial black, sans-serif;\"><span style=\"font-size: 12pt; font-family: arial, helvetica, sans-serif;\">http:\/\/mai68.org\/spip\/spip.php?article3490<\/span><\/span><\/strong><\/a><\/span><\/p>\n<p>&nbsp;<\/p>\n<p>&nbsp;<\/p>\n<p style=\"text-align: justify;\"><img loading=\"lazy\" class=\"wp-image-5052 aligncenter\" src=\"http:\/\/blog.lesgrossesorchadeslesamplesthalameges.fr\/wp-content\/uploads\/2019\/06\/mains-silhouette-GIF-1-300x161.gif\" alt=\"\" width=\"80\" height=\"43\" \/><\/p>\n<p>&nbsp;<\/p>\n<p>&nbsp;<\/p>\n<p style=\"text-align: center;\"><span style=\"font-size: 24pt;\"><strong><span style=\"font-family: arial black, sans-serif;\">Rothschild et le complot Macron<\/span><\/strong><\/span><\/p>\n<p>&nbsp;<\/p>\n<p style=\"text-align: center;\"><img loading=\"lazy\" class=\"alignnone wp-image-5053\" src=\"http:\/\/blog.lesgrossesorchadeslesamplesthalameges.fr\/wp-content\/uploads\/2019\/06\/DO-2-300x210.jpg\" alt=\"\" width=\"400\" height=\"280\" srcset=\"https:\/\/blog.lesgrossesorchadeslesamplesthalameges.fr\/wp-content\/uploads\/2019\/06\/DO-2-300x210.jpg 300w, https:\/\/blog.lesgrossesorchadeslesamplesthalameges.fr\/wp-content\/uploads\/2019\/06\/DO-2.jpg 500w\" sizes=\"(max-width: 400px) 100vw, 400px\" \/><\/p>\n<p style=\"text-align: center;\"><img loading=\"lazy\" class=\"alignnone size-full wp-image-5017\" src=\"http:\/\/blog.lesgrossesorchadeslesamplesthalameges.fr\/wp-content\/uploads\/2019\/06\/0.-freccia-nera-piccola-xx-1.gif\" alt=\"\" width=\"46\" height=\"46\" \/><\/p>\n<p style=\"text-align: center;\"><span style=\"font-family: times new roman, times, serif; font-size: 14pt;\"><a href=\"http:\/\/mai68.org\/spip2\/spip.php?article3799\"><strong>http:\/\/mai68.org\/spip2\/spip.php?article3799<\/strong><\/a><\/span><\/p>\n<p>&nbsp;<\/p>\n<p>&nbsp;<\/p>\n<p style=\"text-align: justify;\"><span style=\"font-family: arial, helvetica, sans-serif; font-size: 12pt;\">Bonjour \u00e0 toutes et \u00e0 tous,<\/span><\/p>\n<p style=\"text-align: justify;\"><span style=\"font-family: arial, helvetica, sans-serif; font-size: 12pt;\">Quand Macron est sorti des urnes aux pr\u00e9sidentielles 2017, on s&rsquo;est dit que c&rsquo;\u00e9tait un accident, et qu&rsquo;il allait \u00eatre tout seul. Mais, non\u00a0! il a \u00e9t\u00e9 accompagn\u00e9 par tout un tas de gens sortis d&rsquo;on ne sait o\u00f9. De gens qui savaient parler\u00a0; notamment la langue de bois, et tr\u00e8s adroitement de surcro\u00eet. Ces gens, il y en a eu non seulement suffisamment pour nommer des ministres, mais aussi pour faire \u00e9lire des d\u00e9put\u00e9s, nommer des portes-paroles etc. Et nul ne sait d&rsquo;o\u00f9 sont sortis ces tr\u00e8s nombreux individus dont personne n&rsquo;avait entendu parler auparavant. Ils sont comme qui dirait sortis tout droit du chapeau du prestidigitateur Macron.<\/span><\/p>\n<p style=\"text-align: justify;\"><span style=\"font-family: arial, helvetica, sans-serif; font-size: 12pt;\">Et bien, pour \u00eatre aussi nombreux, aussi adroits, tout en \u00e9tant auparavant aussi inconnus, ces gens ont forc\u00e9ment \u00e9t\u00e9 form\u00e9s en secret. Ils ont eu une formation de grande qualit\u00e9, en douce, sans que personne ne s&rsquo;en rende compte. Et ceci n&rsquo;a pas pu se faire instantan\u00e9ment, cela a forc\u00e9ment prix beaucoup de temps pour former tous ces gens, et parmi eux s\u00e9lectionner en suffisamment grand nombre les meilleurs. Et pendant tout ce temps tout est rest\u00e9 secret.<\/span><\/p>\n<p style=\"text-align: justify;\"><span style=\"font-family: arial, helvetica, sans-serif; font-size: 12pt;\">C&rsquo;est tr\u00e8s pr\u00e9cis\u00e9ment ce qu&rsquo;on appelle un complot.<\/span><\/p>\n<p style=\"text-align: justify;\"><span style=\"font-family: arial, helvetica, sans-serif; font-size: 12pt;\">Qui est derri\u00e8re\u00a0? on le sait, c&rsquo;est Rothschild. <a href=\"http:\/\/mai68.org\/spip\/spip.php?article7834\">Macron travaille pour Rothschild<\/a> qui a d&rsquo;ailleurs financ\u00e9 sa premi\u00e8re prestation publique destin\u00e9e \u00e0 <a href=\"http:\/\/mai68.org\/spip2\/spip.php?article170\">recueillir des fonds<\/a>.<\/span><\/p>\n<p style=\"text-align: justify;\"><span style=\"font-family: arial, helvetica, sans-serif; font-size: 12pt;\">Mais, me direz-vous, il \u00e9tait pr\u00e9vu que Jupp\u00e9 repr\u00e9sente la droite et soit largement \u00e9lu. Vous avez raison, on peut donc penser que c&rsquo;est par accident que Macron a \u00e9t\u00e9 \u00e9lu. Cependant, la secr\u00e8te et massive pr\u00e9paration de toute l&rsquo;\u00e9quipe Macron a forc\u00e9ment \u00e9t\u00e9 pr\u00e9par\u00e9e longtemps \u00e0 l&rsquo;avance, car \u00e7a prend du temps. Elle a \u00e9t\u00e9 pr\u00e9par\u00e9e peut-\u00eatre seulement au cas o\u00f9, et si \u00e7a n&rsquo;avait pas \u00e9t\u00e9 pour ce coup-ci, je veux dire pour les pr\u00e9sidentielles 2017, le travail aurait \u00e9t\u00e9 fait pour les pr\u00e9sidentielles suivantes.<\/span><\/p>\n<p style=\"text-align: justify;\"><span style=\"font-family: arial, helvetica, sans-serif; font-size: 12pt;\">Il se trouve que c&rsquo;est finalement Fillon qui a repr\u00e9sent\u00e9 la droite. Ce qui a permis \u00e0 l&rsquo;\u00e9quipe Macron de l&rsquo;\u00e9liminer d\u00e8s le premier tour parce qu&rsquo;elle \u00e9tait tr\u00e8s bien renseign\u00e9e sur ses diverses casseroles. Notez bien que Jupp\u00e9 aussi avait peut-\u00eatre des casseroles tout aussi graves mais qu&rsquo;il \u00e9tait inutile \u00e0 l&rsquo;\u00e9quipe Macron de les r\u00e9v\u00e9ler puisque c&rsquo;\u00e9tait Fillon qui repr\u00e9sentait la droite.<\/span><\/p>\n<p style=\"text-align: justify;\"><span style=\"font-family: arial, helvetica, sans-serif; font-size: 12pt;\">Vous remarquerez le tempo\u00a0: il n&rsquo;\u00e9tait pas question de r\u00e9v\u00e9ler avant le premier tour les casseroles de la Le Pen, parce que sinon elle n&rsquo;aurait probablement pas \u00e9t\u00e9 pr\u00e9sente au second tour, et cela risquait fort d&rsquo;\u00eatre Fillon ou pire M\u00e9lenchon. Courir un tel risque \u00e9tait inutile\u00a0; par cons\u00e9quent, les casseroles de la Le Pen n&rsquo;ont \u00e9t\u00e9 d\u00e9voil\u00e9es que pour le second tour, qu&rsquo;ainsi Macron ne pouvait que gagner.<\/span><\/p>\n<p style=\"text-align: justify;\"><span style=\"font-family: arial, helvetica, sans-serif; font-size: 12pt;\">Bien \u00e0 vous, <\/span><br \/>\n<span style=\"font-family: arial, helvetica, sans-serif; font-size: 12pt;\">do <\/span><br \/>\n<span style=\"font-family: arial, helvetica, sans-serif; font-size: 12pt;\">2 juin 2019<\/span><br \/>\n<span style=\"font-family: arial, helvetica, sans-serif; font-size: 12pt;\"><a href=\"http:\/\/mai68.org\/spip2\">http:\/\/mai68.org\/spip2<\/a><\/span><\/p>\n<p>&nbsp;<\/p>\n<p style=\"text-align: justify;\"><span style=\"font-family: arial, helvetica, sans-serif; font-size: 12pt;\"><strong>France &#8211; 26 ao\u00fbt 2014 &#8211; Hollande et Valls nomment un gouvernement Rothschild (vid\u00e9os 1&rsquo;57 et 3&rsquo;36 et 35\u00a0\u00bb)\u00a0:<\/strong><\/span><\/p>\n<p style=\"text-align: justify;\"><span style=\"font-family: arial, helvetica, sans-serif; font-size: 12pt;\"><a href=\"http:\/\/mai68.org\/spip\/spip.php?article7834\">http:\/\/mai68.org\/spip\/spip.php?article7834<\/a><\/span><\/p>\n<p>&nbsp;<\/p>\n<p style=\"text-align: justify;\"><span style=\"font-family: arial, helvetica, sans-serif; font-size: 12pt;\"><strong>Rothschild sponsorise en toute discr\u00e9tion le menteur Macron (Valeurs Actuelles &#8211; 9 mars 2017)\u00a0:<\/strong><\/span><\/p>\n<p style=\"text-align: justify;\"><span style=\"font-family: arial, helvetica, sans-serif; font-size: 12pt;\"><a href=\"http:\/\/mai68.org\/spip2\/spip.php?article170\">http:\/\/mai68.org\/spip2\/spip.php?article170<\/a><\/span><\/p>\n<p style=\"text-align: justify;\"><span style=\"font-family: arial, helvetica, sans-serif; font-size: 12pt;\"><strong>\u00a0<\/strong><\/span><\/p>\n<p>&nbsp;<\/p>\n<p style=\"text-align: right;\"><span style=\"font-family: comic sans ms, sans-serif;\">Le 8 juin 2019<\/span><\/p>\n<p>&nbsp;<\/p>\n<p>&nbsp;<\/p>\n","protected":false},"excerpt":{"rendered":"<p>\u00a0 &nbsp; &nbsp; &nbsp; &nbsp; Do \u00a0 Deuxi\u00e8me guerre mondiale URSS =\u00a025 000 000 de morts &#8211; USA =\u00a0350 000 morts \u00a0 http:\/\/mai68.org\/spip2\/spip.php?article3803 &nbsp; &nbsp; Bonjour \u00e0 toutes et \u00e0 tous, \u00c0 l&rsquo;\u00e9cole, on apprenait quand j&rsquo;\u00e9tais gosse que l&rsquo;URSS avait eu 25 millions de morts pendant la deuxi\u00e8me guerre mondiale. Plus tard, apr\u00e8s Tchernobyl&#8230;<\/p>\n","protected":false},"author":1,"featured_media":0,"parent":0,"menu_order":0,"comment_status":"open","ping_status":"open","template":"","meta":[],"_links":{"self":[{"href":"https:\/\/blog.lesgrossesorchadeslesamplesthalameges.fr\/index.php\/wp-json\/wp\/v2\/pages\/5050"}],"collection":[{"href":"https:\/\/blog.lesgrossesorchadeslesamplesthalameges.fr\/index.php\/wp-json\/wp\/v2\/pages"}],"about":[{"href":"https:\/\/blog.lesgrossesorchadeslesamplesthalameges.fr\/index.php\/wp-json\/wp\/v2\/types\/page"}],"author":[{"embeddable":true,"href":"https:\/\/blog.lesgrossesorchadeslesamplesthalameges.fr\/index.php\/wp-json\/wp\/v2\/users\/1"}],"replies":[{"embeddable":true,"href":"https:\/\/blog.lesgrossesorchadeslesamplesthalameges.fr\/index.php\/wp-json\/wp\/v2\/comments?post=5050"}],"version-history":[{"count":0,"href":"https:\/\/blog.lesgrossesorchadeslesamplesthalameges.fr\/index.php\/wp-json\/wp\/v2\/pages\/5050\/revisions"}],"wp:attachment":[{"href":"https:\/\/blog.lesgrossesorchadeslesamplesthalameges.fr\/index.php\/wp-json\/wp\/v2\/media?parent=5050"}],"curies":[{"name":"wp","href":"https:\/\/api.w.org\/{rel}","templated":true}]}}