{"id":5061,"date":"2019-06-08T23:31:37","date_gmt":"2019-06-08T21:31:37","guid":{"rendered":"http:\/\/blog.lesgrossesorchadeslesamplesthalameges.fr\/?page_id=5061"},"modified":"2019-06-08T23:35:59","modified_gmt":"2019-06-08T21:35:59","slug":"5061-2","status":"publish","type":"page","link":"https:\/\/blog.lesgrossesorchadeslesamplesthalameges.fr\/index.php\/5061-2\/","title":{"rendered":"\u00catre a-t-il raison d&rsquo;\u00catre ?"},"content":{"rendered":"<p>&nbsp;<\/p>\n<p>&nbsp;<\/p>\n<p>&nbsp;<\/p>\n<p>&nbsp;<\/p>\n<p style=\"text-align: center;\"><span style=\"font-family: times new roman, times, serif; font-size: 36pt; color: #ff0000;\"><strong><em>\u00caTRE A-T-IL RAISON D&rsquo;\u00caTRE ?<\/em><\/strong><\/span><\/p>\n<p>&nbsp;<\/p>\n<p style=\"text-align: center;\"><span style=\"font-family: times new roman, times, serif; font-size: 18pt;\"><strong>Anatole Atla<\/strong><\/span><span style=\"font-family: times new roman, times, serif; font-size: 18pt;\"><strong>s \u2013 <em>spherisme.be<\/em> \u2013 2.6.2019<\/strong><\/span><\/p>\n<p><span style=\"font-family: times new roman, times, serif; font-size: 14pt;\"><strong>\u00a0<\/strong><\/span><\/p>\n<p>&nbsp;<\/p>\n<p style=\"text-align: center;\"><img loading=\"lazy\" class=\"alignnone size-full wp-image-5063\" src=\"http:\/\/blog.lesgrossesorchadeslesamplesthalameges.fr\/wp-content\/uploads\/2019\/06\/0.-Globe-xxxx-1.gif\" alt=\"\" width=\"40\" height=\"40\" \/><\/p>\n<p>&nbsp;<\/p>\n<p>&nbsp;<\/p>\n<p style=\"text-align: justify;\"><span style=\"font-family: times new roman, times, serif; font-size: 14pt;\">L&rsquo;\u00catre est <strong>ET<\/strong> n&rsquo;est pas ; l&rsquo;\u00c9tat existe <strong>OU<\/strong> n&rsquo;existe pas.<\/span><\/p>\n<p style=\"text-align: justify;\"><span style=\"font-family: times new roman, times, serif; font-size: 14pt;\">\u00ab\u00a0<em>L&rsquo;\u00c9tat, c&rsquo;est l&rsquo;\u00c9tat<\/em>\u00a0\u00bb, proclame l&rsquo;\u00c9tat pour justifier sa guerre contre l&rsquo;\u00catre : aujourd&rsquo;hui, le massacre des populations du Y\u00e9men par les armes fran\u00e7aises et l&rsquo;agression programm\u00e9e de l&rsquo;Iran par l&rsquo;axe J\u00e9rusalem-Washington-Riyad, avec l&rsquo;appui de l&rsquo;Europe.<\/span><\/p>\n<p style=\"text-align: justify;\"><span style=\"font-family: times new roman, times, serif; font-size: 14pt;\">Depuis l&rsquo;humanisme de la Renaissance, en passant par les Lumi\u00e8res, le processus de la modernit\u00e9 conduisait \u00e0 un d\u00e9passement dialectique du capitalisme. S&rsquo;il s&rsquo;agissait bien s\u00fbr d&rsquo;une vue de l&rsquo;Esprit &#8212; lequel baptisa \u00ab\u00a0<em>communisme\u00a0\u00bb <\/em>cette hypoth\u00e8se &#8212; n&rsquo;\u00e9tait-ce pas la plus haute vue de l&rsquo;Esprit de tous les temps, pr\u00e9tendant r\u00e9aliser <em>libert\u00e9<\/em> <em>\u00e9galit\u00e9<\/em> et <em>fraternit\u00e9<\/em> ?<\/span><\/p>\n<p style=\"text-align: justify;\"><span style=\"font-family: times new roman, times, serif; font-size: 14pt;\">N&rsquo;\u00e9tait-il pas des plus l\u00e9gitimes pour l&rsquo;humanit\u00e9 de concevoir, outre l&rsquo;au-del\u00e0 m\u00e9taphysique, un au-del\u00e0 historique ?&#8230;<\/span><\/p>\n<p style=\"text-align: justify;\"><span style=\"font-family: times new roman, times, serif; font-size: 14pt;\">L&rsquo;ironie de l&rsquo;histoire voulut que se revendiqu\u00e2t du \u00ab\u00a0<em>mat\u00e9rialisme\u00a0\u00bb<\/em>\u00a0cette vue de l&rsquo;Esprit, quand le pr\u00e9tendu \u00ab\u00a0<em>id\u00e9alisme<\/em>\u00a0\u00bb philosophique sous-tendait un capitalisme qui ne fut jamais rien d&rsquo;autre que vue de la mati\u00e8re ayant la plus-value pour ultime id\u00e9al, o\u00f9 toute Parole est soumise \u00e0 la Valeur&#8230;<\/span><\/p>\n<p style=\"text-align: justify;\"><span style=\"font-family: times new roman, times, serif; font-size: 14pt;\">Ce processus r\u00e9volutionnaire fut stopp\u00e9 par trois contre-r\u00e9volutions, ayant dispos\u00e9 de moyens mat\u00e9riels incommensurables pour s&rsquo;imposer :\u00a0 <em>fascisme\/nazisme<\/em> ; <em>social-d\u00e9mocratie<\/em> ; <em>n\u00e9o-lib\u00e9ralisme ;<\/em>\u00a0les trois id\u00e9ologies ne se combinant qu&rsquo;en feignant de s&rsquo;opposer&#8230;<\/span><\/p>\n<p style=\"text-align: justify;\"><span style=\"font-family: times new roman, times, serif; font-size: 14pt;\">L&rsquo;\u00e9radication de toute conscience historique est au coeur de ces trois r\u00e9gressions qui \u00e9liminent la conflictualit\u00e9 d\u00e9mocratique, donc les contradictions dialectiques \u00e0 l&rsquo;oeuvre dans l&rsquo;histoire, pour ne laisser plus subsister que pr\u00e9- et post-modernismes, symbolis\u00e9s par l&rsquo;axe J\u00e9rusalem-Washington-Riyad.<\/span><\/p>\n<p style=\"text-align: justify;\"><span style=\"font-family: times new roman, times, serif; font-size: 14pt;\">Le sujet de l&rsquo;histoire humaine est la Parole ; son objet, la Valeur.<\/span><\/p>\n<p style=\"text-align: justify;\"><span style=\"font-family: times new roman, times, serif; font-size: 14pt;\">Entre le \u00ab\u00a0<em>Je<\/em>\u00a0\u00bb des sujets dou\u00e9s de parole et le \u00ab\u00a0<em>Il<\/em>\u00a0\u00bb des objets investis d&rsquo;une valeur, se d\u00e9ploie le \u00ab\u00a0<em>Tu<\/em>\u00a0\u00bb des relations intersubjectives. Celles-ci pourraient se d\u00e9ployer de mani\u00e8re universelle, gr\u00e2ce \u00e0 la conscience de cette conjugaison, si les instances psychiques n&rsquo;\u00e9taient tenues s\u00e9par\u00e9es par une dictature de valeur d&rsquo;\u00e9change et travail mort sur valeur d&rsquo;usage et travail vivant : la d\u00e9finition m\u00eame du capitalisme, o\u00f9 les \u00eatres dou\u00e9s de parole sont des marchandises d\u00e9termin\u00e9es par leur valeur&#8230;<\/span><\/p>\n<p style=\"text-align: justify;\"><span style=\"font-family: times new roman, times, serif; font-size: 14pt;\">\u00c9non\u00e7ant cette subjugaison de la Parole par la Valeur, je traduis en langage pour demain les constats anciens de Marx et de Rimbaud.<\/span><\/p>\n<p style=\"text-align: justify;\"><span style=\"font-family: times new roman, times, serif; font-size: 14pt;\">Si l&rsquo;exote exprime ce que nul ne veut entendre, ce n&rsquo;est pas pour le plaisir de d\u00e9plaire, mais par n\u00e9cessit\u00e9 vitale de nager \u00e0 contre-courant de chutes id\u00e9ologiques plus puissantes que celles du Niagara&#8230;<\/span><\/p>\n<p style=\"text-align: justify;\"><span style=\"font-family: times new roman, times, serif; font-size: 14pt;\">Celles-ci pr\u00e9tendent : <em>inutile d&rsquo;essayer, ce n&rsquo;est pas possible<\/em>. Je r\u00e9ponds : <em>j&rsquo;appartiens au cycle des eaux qui m&rsquo;appellent vers les nuages<\/em>. Tel est le pouvoir de la dimension symbolique. M\u00eame si nul ne veut l&rsquo;entendre, la Parole se rit de la Valeur, le qualitatif du quantitatif, l&rsquo;infini du fini quand le fini pr\u00e9tend \u00e0 l&rsquo;infini, le quantitatif au qualitatif ; et que la Valeur croit pouvoir fabriquer \u00e0 son gr\u00e9 des ersatz de proph\u00e8tes et de philosophes, d&rsquo;artistes et d&rsquo;\u00e9crivains, s&rsquo;appropriant toutes les modalit\u00e9s de la Parole.\u00a0 \u00a0\u00a0<\/span><\/p>\n<p style=\"text-align: justify;\"><span style=\"font-family: times new roman, times, serif; font-size: 14pt;\">Hegel, dans sa <em>Ph\u00e9nom\u00e9nologie<\/em>, pr\u00e9voyait un av\u00e8nement de l&rsquo;Esprit qui ne pouvait manquer d&rsquo;accomplir les virtualit\u00e9s propres \u00e0 la dialectique du ma\u00eetre et de l&rsquo;esclave, dans un\u00a0 processus historique d&rsquo;\u00e9mancipation favorable aux classes opprim\u00e9es. Cette fable s&rsquo;\u00e9croule aux yeux des contemporains, davantage instruits par magazines d\u00e9guis\u00e9s en livres et s\u00e9ries t\u00e9l\u00e9vis\u00e9es, que par tous les penseurs depuis l&rsquo;Antiquit\u00e9&#8230;<\/span><\/p>\n<p style=\"text-align: justify;\"><span style=\"font-family: times new roman, times, serif; font-size: 14pt;\">Dans l&rsquo;\u00e8re post-moderne, apr\u00e8s la post-philosophie lanc\u00e9e voici quarante ans par BHL et Glucksman, l&rsquo;universel pouvoir de cette <em>B\u00eate Sauvage<\/em> \u00e0 quoi le m\u00eame Hegel compara\u00eet un march\u00e9 non jugul\u00e9, fait triompher post-art de Jeff Koons, post-litt\u00e9rature de Houellebecq, post-politique de Killer Donald et Baby Mac. Sans oublier la rel\u00e8ve assur\u00e9e par le rejeton Glucksman (comme son p\u00e8re agent de Central Intelligence), dont la seule existence comme leader de \u00ab\u00a0la gauche\u00a0\u00bb, encourag\u00e9e par un silence de mort de l&rsquo;intelligentsia, signifie complicit\u00e9 veule et couarde avec le pire.<\/span><\/p>\n<p style=\"text-align: justify;\"><span style=\"font-family: times new roman, times, serif; font-size: 14pt;\">Contre la vaine illusion d&rsquo;un quelconque devenir historique pour classes et races damn\u00e9es, classes et races \u00e9lues fixent le r\u00e9quisit exig\u00e9 de tout ce qui fait commerce de signes : insignifiance et absence de sens. Les carri\u00e8res sur estrades, podiums et plateaux, n&rsquo;ont d&rsquo;autre choix qu&rsquo;ob\u00e9ir.<\/span><\/p>\n<p style=\"text-align: justify;\"><span style=\"font-family: times new roman, times, serif; font-size: 14pt;\">Qui peut-il \u00eatre assez superstitieux pour croire \u00e0 l&rsquo;existence de cette chim\u00e8re omnipotente, omnivoyante et omnisciente, qu&rsquo;un proph\u00e8te biblique \u00e9gar\u00e9 dans le XIXe si\u00e8cle et se r\u00e9clamant de Hegel avait cru bon de baptiser<em>\u00a0Kapital<\/em>, posant par un tel geste les fondations du Goulag ? Cette n\u00e9buleuse entit\u00e9 fut-elle jamais davantage aper\u00e7ue que Yahv\u00e9 ? Ne voit-on pas d&rsquo;autre part les prol\u00e9taires se m\u00e9tamorphoser en <em>start-upers<\/em>, et les miracles de la technologie, lib\u00e9rant partout\u00a0 les anciens esclaves, remplacer la notion surann\u00e9e de <em>travail <\/em>?<\/span><\/p>\n<p style=\"text-align: justify;\"><span style=\"font-family: times new roman, times, serif; font-size: 14pt;\">La pertinence d&rsquo;un tel sch\u00e9ma th\u00e9orique s&rsquo;est d\u00e9finitivement impos\u00e9e, sans possibilit\u00e9 de remise en question, la vieille dialectique ayant assur\u00e9 aux classes d\u00e9poss\u00e9d\u00e9es l&rsquo;illusion d&rsquo;un \u00ab\u00a0<em>Principe Esp\u00e9rance<\/em>\u00a0\u00bb\u00a0 \u00e9tant jet\u00e9e au rebut. Toute dynamique historique appartient aux propri\u00e9taires !&#8230;<\/span><\/p>\n<p style=\"text-align: justify;\"><span style=\"font-family: times new roman, times, serif; font-size: 14pt;\">Les agents m\u00e9diatiques de la tour Panoptic furent donc unanimes pour saluer la ru\u00e9e des \u00e9lecteurs europ\u00e9ens vers les m\u00e2choires nouvelles au service du personnel politique de Kapitotal. Un clivage obsol\u00e8te entre \u00ab\u00a0gauche\u00a0\u00bb et \u00ab\u00a0droite\u00a0\u00bb sugg\u00e9rait encore quelque antagonisme d&rsquo;un autre \u00e2ge entre capital et travail. L&rsquo;Europe nouvelle, fid\u00e8le \u00e0 sa devanci\u00e8re du Reich, abolit d&rsquo;aussi st\u00e9riles et artificielles conflictualit\u00e9s. Le mythe de la lutte des classes a v\u00e9cu, remplac\u00e9 par la seule division sociale qui vaille en d\u00e9mocratie : celle entre progressisme et conservatisme&#8230;<\/span><\/p>\n<p style=\"text-align: justify;\"><span style=\"font-family: times new roman, times, serif; font-size: 14pt;\">Si tout ce qui s&rsquo;apparente \u00e0 Hegel ou \u00e0 Marx illustre le conservatisme, nul ne repr\u00e9sente mieux le progressisme depuis cinquante ans qu&rsquo;un Cohn-Bendit. \u00c0 lui seul, il incarne Kapitotal et la tour Panoptic.\u00a0\u00a0<\/span><\/p>\n<p style=\"text-align: justify;\"><span style=\"font-family: times new roman, times, serif; font-size: 14pt;\">L&rsquo;exote r\u00e9torque pourtant que, sans une cat\u00e9gorie de la m\u00e9diation, dont l&rsquo;invention est une n\u00e9cessit\u00e9 historique, m\u00eame si les formes de sa r\u00e9alisation sont contingentes, le capitalisme constitue une contradiction antagonique. Il ne doit son apparence de l\u00e9gitimit\u00e9 qu&rsquo;\u00e0 la forclusion de la logique formelle d&rsquo;Aristote et de la dialectique socratique ; lesquelles, associ\u00e9es, constitu\u00e8rent un \u00a0\u00bb <em>mat\u00e9rialisme historique et dialectique<\/em> \u00a0\u00bb sans doute \u00e9minemment critiquable, mais \u00e0 ce jour jamais r\u00e9fut\u00e9\u00a0 &#8230;<\/span><\/p>\n<p style=\"text-align: justify;\"><span style=\"font-family: times new roman, times, serif; font-size: 14pt;\">Les int\u00e9r\u00eats de Kapitotal sont, par n\u00e9cessit\u00e9 logique, oppos\u00e9s \u00e0 ceux de la force de travail : extr\u00eame accumulation de richesses \u00e0 un p\u00f4le et extr\u00eame accumulation de mis\u00e8res \u00e0 l&rsquo;autre p\u00f4le est une loi ne pouvant \u00eatre contredite. Comme osait l&rsquo;avouer Warren Buffett, la lutte des classes ne peut ne pas \u00eatre ; ajoutant que sa classe avait triomph\u00e9.<\/span><\/p>\n<p style=\"text-align: justify;\"><span style=\"font-family: times new roman, times, serif; font-size: 14pt;\">Les formes du combat, quant \u00e0 elles, sont contingentes. Occulter cette articulation &#8211; fonction de la tour Panoptic &#8211; revient \u00e0 fermer la cat\u00e9gorie du possible, donc d&rsquo;un devenir historique : territoire de la dialectique, r\u00e9sum\u00e9e par Antonio Gramsci dans la formule \u00ab\u00a0<em>Th\u00e9orie de la Praxis<\/em>\u00a0\u00bb\u2026<\/span><\/p>\n<p style=\"text-align: justify;\"><span style=\"font-family: times new roman, times, serif; font-size: 14pt;\">Un tel processus a pour unit\u00e9s de mesure les si\u00e8cles. Ses ingr\u00e9dients furent analys\u00e9s par Georg Lukacs dans <em>Histoire et conscience de classe<\/em>, livre jet\u00e9 aux ordures par les m\u00eames agents qui consacr\u00e8rent champion de la pens\u00e9e du XXe si\u00e8cle Heidegger, l&rsquo;id\u00e9ologue du nazisme.<\/span><\/p>\n<p style=\"text-align: justify;\"><span style=\"font-family: times new roman, times, serif; font-size: 14pt;\">Le sens unique impos\u00e9 par crime organis\u00e9, finance et gouvernement plan\u00e9taire fusionne anciennes logiques oppos\u00e9es du sommet de la pyramide et de ses bas-fonds, dans une putr\u00e9faction de l&rsquo;histoire qui fait planer un parfum de cadavre jusqu&rsquo;en Atlantide&#8230;<\/span><\/p>\n<p style=\"text-align: justify;\"><span style=\"font-family: times new roman, times, serif; font-size: 14pt;\">A l&rsquo;heure d&rsquo;une crise de la Parole et de la Valeur insoluble dans et par la pyramide capitaliste,\u00a0 Il n&rsquo;est d&rsquo;autre issue que d&rsquo;acc\u00e9der \u00e0 la Sph\u00e8re.<\/span><\/p>\n<p style=\"text-align: justify;\"><span style=\"font-family: times new roman, times, serif; font-size: 14pt;\">Anatole Atlas<\/span><\/p>\n<p><span style=\"font-family: times new roman, times, serif; font-size: 14pt;\"><a href=\"http:\/\/www.spherisme.be\">www.spherisme.be<\/a><\/span><\/p>\n<p>&nbsp;<\/p>\n<p>&nbsp;<\/p>\n<p style=\"text-align: center;\"><img loading=\"lazy\" class=\"alignnone wp-image-5052\" src=\"http:\/\/blog.lesgrossesorchadeslesamplesthalameges.fr\/wp-content\/uploads\/2019\/06\/mains-silhouette-GIF-1-300x161.gif\" alt=\"\" width=\"100\" height=\"54\" \/><\/p>\n<p>&nbsp;<\/p>\n<p>&nbsp;<\/p>\n<p><span style=\"font-family: times new roman, times, serif; font-size: 24pt; color: #c00000;\"><strong><em>On ne lit jamais trop\u00a0!<\/em><\/strong><\/span><\/p>\n<p>&nbsp;<\/p>\n<p><img loading=\"lazy\" class=\"alignnone wp-image-5064\" src=\"http:\/\/blog.lesgrossesorchadeslesamplesthalameges.fr\/wp-content\/uploads\/2019\/06\/Lucaks-Histoire-et-conscience-183x300.jpg\" alt=\"\" width=\"200\" height=\"327\" srcset=\"https:\/\/blog.lesgrossesorchadeslesamplesthalameges.fr\/wp-content\/uploads\/2019\/06\/Lucaks-Histoire-et-conscience-183x300.jpg 183w, https:\/\/blog.lesgrossesorchadeslesamplesthalameges.fr\/wp-content\/uploads\/2019\/06\/Lucaks-Histoire-et-conscience.jpg 305w\" sizes=\"(max-width: 200px) 100vw, 200px\" \/><\/p>\n<p><span style=\"font-family: times new roman, times, serif; font-size: 14pt;\">Georg Lukacs, Kostas AXELOS<\/span><\/p>\n<p><span style=\"font-family: times new roman, times, serif; font-size: 18pt;\"><strong><em>Histoire et conscience de classe<\/em><\/strong><\/span><\/p>\n<p><span style=\"font-family: times new roman, times, serif; font-size: 14pt;\">\u00c9ditions de Minuit ; \u00c9d. Nouv. \u00e9d. augm. (1974)<\/span><\/p>\n<p><span style=\"font-family: times new roman, times, serif; font-size: 14pt;\">Collection\u00a0: Arguments<\/span><\/p>\n<p><span style=\"font-family: times new roman, times, serif; font-size: 14pt;\">417 pages<\/span><\/p>\n<p>&nbsp;<\/p>\n<p><img loading=\"lazy\" class=\"alignnone wp-image-5065\" src=\"http:\/\/blog.lesgrossesorchadeslesamplesthalameges.fr\/wp-content\/uploads\/2019\/06\/Lucaks-La-destruction-de-la-raison-201x300.jpg\" alt=\"\" width=\"200\" height=\"299\" srcset=\"https:\/\/blog.lesgrossesorchadeslesamplesthalameges.fr\/wp-content\/uploads\/2019\/06\/Lucaks-La-destruction-de-la-raison-201x300.jpg 201w, https:\/\/blog.lesgrossesorchadeslesamplesthalameges.fr\/wp-content\/uploads\/2019\/06\/Lucaks-La-destruction-de-la-raison.jpg 334w\" sizes=\"(max-width: 200px) 100vw, 200px\" \/><\/p>\n<p><span style=\"font-family: times new roman, times, serif; font-size: 14pt;\">Georg LUKACS<\/span><\/p>\n<p><span style=\"font-family: times new roman, times, serif; font-size: 18pt;\"><strong><em>La destruction de la raison : De l&rsquo;apr\u00e8s-Nietzsche \u00e0 Heidegger et Hitler<\/em><\/strong><\/span><\/p>\n<p><span style=\"font-family: times new roman, times, serif; font-size: 14pt;\">Pr\u00e9face de Domenico LOSURDO<\/span><\/p>\n<p><span style=\"font-family: times new roman, times, serif; font-size: 14pt;\">Editions Delga (2017)<\/span><\/p>\n<p><span style=\"font-family: times new roman, times, serif; font-size: 14pt;\">Collection\u00a0: Philosophie<\/span><\/p>\n<p><span style=\"font-family: times new roman, times, serif; font-size: 14pt;\">465 pages<\/span><\/p>\n<p>&nbsp;<\/p>\n<p style=\"text-align: center;\"><img loading=\"lazy\" class=\"alignnone wp-image-5052\" src=\"http:\/\/blog.lesgrossesorchadeslesamplesthalameges.fr\/wp-content\/uploads\/2019\/06\/mains-silhouette-GIF-1-300x161.gif\" alt=\"\" width=\"100\" height=\"54\" \/><\/p>\n<p>&nbsp;<\/p>\n<p>&nbsp;<\/p>\n<p>&nbsp;<\/p>\n<p style=\"text-align: right;\"><span style=\"font-family: comic sans ms, sans-serif;\">Le 8 juin 2019<\/span><\/p>\n<p>&nbsp;<\/p>\n<p>&nbsp;<\/p>\n","protected":false},"excerpt":{"rendered":"<p>&nbsp; &nbsp; &nbsp; &nbsp; \u00caTRE A-T-IL RAISON D&rsquo;\u00caTRE ? &nbsp; Anatole Atlas \u2013 spherisme.be \u2013 2.6.2019 \u00a0 &nbsp; &nbsp; &nbsp; L&rsquo;\u00catre est ET n&rsquo;est pas ; l&rsquo;\u00c9tat existe OU n&rsquo;existe pas. \u00ab\u00a0L&rsquo;\u00c9tat, c&rsquo;est l&rsquo;\u00c9tat\u00a0\u00bb, proclame l&rsquo;\u00c9tat pour justifier sa guerre contre l&rsquo;\u00catre : aujourd&rsquo;hui, le massacre des populations du Y\u00e9men par les armes fran\u00e7aises et&#8230;<\/p>\n","protected":false},"author":1,"featured_media":0,"parent":0,"menu_order":0,"comment_status":"open","ping_status":"open","template":"","meta":[],"_links":{"self":[{"href":"https:\/\/blog.lesgrossesorchadeslesamplesthalameges.fr\/index.php\/wp-json\/wp\/v2\/pages\/5061"}],"collection":[{"href":"https:\/\/blog.lesgrossesorchadeslesamplesthalameges.fr\/index.php\/wp-json\/wp\/v2\/pages"}],"about":[{"href":"https:\/\/blog.lesgrossesorchadeslesamplesthalameges.fr\/index.php\/wp-json\/wp\/v2\/types\/page"}],"author":[{"embeddable":true,"href":"https:\/\/blog.lesgrossesorchadeslesamplesthalameges.fr\/index.php\/wp-json\/wp\/v2\/users\/1"}],"replies":[{"embeddable":true,"href":"https:\/\/blog.lesgrossesorchadeslesamplesthalameges.fr\/index.php\/wp-json\/wp\/v2\/comments?post=5061"}],"version-history":[{"count":0,"href":"https:\/\/blog.lesgrossesorchadeslesamplesthalameges.fr\/index.php\/wp-json\/wp\/v2\/pages\/5061\/revisions"}],"wp:attachment":[{"href":"https:\/\/blog.lesgrossesorchadeslesamplesthalameges.fr\/index.php\/wp-json\/wp\/v2\/media?parent=5061"}],"curies":[{"name":"wp","href":"https:\/\/api.w.org\/{rel}","templated":true}]}}