{"id":5472,"date":"2019-07-08T21:15:38","date_gmt":"2019-07-08T19:15:38","guid":{"rendered":"http:\/\/blog.lesgrossesorchadeslesamplesthalameges.fr\/?page_id=5472"},"modified":"2019-07-08T21:15:38","modified_gmt":"2019-07-08T19:15:38","slug":"la-perte-de-reseaux-despionnage-en-russie-et-en-chine","status":"publish","type":"page","link":"https:\/\/blog.lesgrossesorchadeslesamplesthalameges.fr\/index.php\/la-perte-de-reseaux-despionnage-en-russie-et-en-chine\/","title":{"rendered":"La perte de r\u00e9seaux d&rsquo;espionnage en Russie et en Chine&#8230;"},"content":{"rendered":"<p>&nbsp;<\/p>\n<p>&nbsp;<\/p>\n<p>&nbsp;<\/p>\n<p>&nbsp;<\/p>\n<p>&nbsp;<\/p>\n<p>&nbsp;<\/p>\n<p>&nbsp;<\/p>\n<p style=\"text-align: center;\"><span style=\"font-family: times new roman, times, serif; font-size: 36pt;\"><strong>La perte de r\u00e9seaux d\u2019espionnage en Iran et en Chine derri\u00e8re le pic de tension entre Washington et T\u00e9h\u00e9ran<\/strong><\/span><\/p>\n<p>&nbsp;<\/p>\n<p style=\"text-align: center;\"><span style=\"font-family: times new roman, times, serif; font-size: 14pt;\"><a href=\"https:\/\/strategika51.org\/author\/strategika51\"><strong><em><span style=\"font-size: 18pt;\">Strategika51<\/span><\/em><\/strong><\/a><span style=\"font-size: 18pt;\"> \u2013 7.7.2019<\/span><\/span><\/p>\n<p>&nbsp;<\/p>\n<p>&nbsp;<\/p>\n<p style=\"text-align: center;\"><a href=\"http:\/\/blog.lesgrossesorchadeslesamplesthalameges.fr\/wp-content\/uploads\/2019\/07\/R\u00e9seaux-iran-1.png\"><img loading=\"lazy\" class=\"alignnone wp-image-5473\" src=\"http:\/\/blog.lesgrossesorchadeslesamplesthalameges.fr\/wp-content\/uploads\/2019\/07\/R\u00e9seaux-iran-1-300x159.png\" alt=\"\" width=\"600\" height=\"318\" srcset=\"https:\/\/blog.lesgrossesorchadeslesamplesthalameges.fr\/wp-content\/uploads\/2019\/07\/R\u00e9seaux-iran-1-300x159.png 300w, https:\/\/blog.lesgrossesorchadeslesamplesthalameges.fr\/wp-content\/uploads\/2019\/07\/R\u00e9seaux-iran-1-768x407.png 768w, https:\/\/blog.lesgrossesorchadeslesamplesthalameges.fr\/wp-content\/uploads\/2019\/07\/R\u00e9seaux-iran-1-1024x543.png 1024w, https:\/\/blog.lesgrossesorchadeslesamplesthalameges.fr\/wp-content\/uploads\/2019\/07\/R\u00e9seaux-iran-1.png 1331w\" sizes=\"(max-width: 600px) 100vw, 600px\" \/><\/a><\/p>\n<p>&nbsp;<\/p>\n<p>&nbsp;<\/p>\n<p style=\"text-align: justify;\"><span style=\"font-family: times new roman, times, serif; font-size: 14pt;\">La crispation subite des tensions entre les \u00c9tats-Unis et la R\u00e9publique islamique d\u2019Iran ont co\u00efncid\u00e9 avec le d\u00e9mant\u00e8lement d\u2019un immense r\u00e9seau d\u2019espionnage s\u2019\u00e9tendant de T\u00e9h\u00e9ran jusqu\u2019\u00e0 P\u00e9kin, et \u00e0 l\u2019issue duquel une dizaine de r\u00e9seaux souterrains ont \u00e9t\u00e9 an\u00e9antis.<\/span><\/p>\n<p style=\"text-align: justify;\"><span style=\"font-family: times new roman, times, serif; font-size: 14pt;\">Apr\u00e8s la formidable cyber-attaque de <strong>Stuxnet<\/strong>, en 2009, qui fut implant\u00e9 en Iran, au moyen d\u2019une cl\u00e9 USB, par un ing\u00e9nieur de Siemens travaillant avec le renseignement US, la communaut\u00e9 du renseignement occidental s\u2019\u00e9tait \u00e0 nouveau focalis\u00e9e sur le renseignement humain ou HUMINT en exploitant la tr\u00e8s grave crise \u00e9conomique que subit l\u2019Iran jusqu\u2019\u00e0 pr\u00e9sent. Comme pr\u00e9vu, cette crise \u00e9conomique a ali\u00e9n\u00e9 des millions d\u2019Iraniens au gouvernement domin\u00e9 par le clan mod\u00e9r\u00e9 du pr\u00e9sident Rouhani. Sur le terrain, cela a rendu possible une tentative de r\u00e9volution color\u00e9e (la R\u00e9volution verte) qui a \u00e9t\u00e9 neutralis\u00e9e \u00a0par le redoutable minist\u00e8re iranien du Renseignement et gr\u00e2ce au refus de larges fractions de la population de suivre un mouvement sponsoris\u00e9 par les ennemis de la R\u00e9publique .<\/span><\/p>\n<p style=\"text-align: justify;\"><span style=\"font-family: times new roman, times, serif; font-size: 14pt;\">Les sanctions \u00e9conomiques impos\u00e9es sur l\u2019Iran ont aggrav\u00e9 les clivages sociaux et pr\u00e9cipit\u00e9 des dizaines de millions d\u2019iraniens dans la pauvret\u00e9 et quasiment an\u00e9anti les classes moyennes. Cela a cr\u00e9\u00e9 un terrain fort propice pour les d\u00e9fections et l\u2019infiltration et pour un moment les renseignements britanniques, allemands et US, second\u00e9s par les fran\u00e7ais avaient cru au miracle irakien : assurer \u00e0 l\u2019avance la d\u00e9fection de l\u2019ensemble de l\u2019appareil s\u00e9curitaire et militaire avant m\u00eame le d\u00e9but d\u2019une intervention militaire classique ou hybride comme ce fut le cas dans l\u2019Irak de 2003.<\/span><\/p>\n<p style=\"text-align: justify;\"><span style=\"font-family: times new roman, times, serif; font-size: 14pt;\">Les op\u00e9rations d\u2019infiltration en Iran se sont \u00e9tendues aux r\u00e9seaux strat\u00e9giques que ce pays entretient avec la Syrie, le Liban, la Turquie et la Chine. Des officiers iraniens travaillant dans des secteurs fort sensibles ont \u00e9t\u00e9 recrut\u00e9s de diverses mani\u00e8res et des r\u00e9seaux ont pu \u00eatre \u00e9tablis. L\u2019un de ses r\u00e9seaux, focalis\u00e9s sur la coop\u00e9ration bilat\u00e9rale avec la Chine en mati\u00e8re de missiles a pu s\u2019\u00e9tendre jusqu\u2019\u00e0 Beijing ou op\u00e8rent des r\u00e9seaux dormants \u201ctol\u00e9r\u00e9s\u201d pilot\u00e9s par de faux hommes d\u2019affaires canadiens.<\/span><\/p>\n<p style=\"text-align: justify;\"><span style=\"font-family: times new roman, times, serif; font-size: 14pt;\">C\u2019est le d\u00e9mant\u00e8lement spectaculaire de ces r\u00e9seaux avec une dizaine d\u2019ex\u00e9cutions et des centaines d\u2019arrestations, qui a mis le feu aux poudre et exacerb\u00e9 les tensions entre Washington et T\u00e9h\u00e9ran au point critique.<\/span><\/p>\n<p style=\"text-align: justify;\"><span style=\"font-family: times new roman, times, serif; font-size: 14pt;\">Les officiers iraniens compromis travaillaient au sein du minist\u00e8re de la D\u00e9fense. Ils ont tous \u00e9t\u00e9 condamn\u00e9s \u00e0 mort. Les autres cellules d\u2019Isphahan, Machhed et Bandar Abbas sont alors tomb\u00e9es tr\u00e8s rapidement. T\u00e9h\u00e9ran a fourni des informations pr\u00e9cises \u00e0 P\u00e9kin sur le r\u00e9seau souterrain chinois et ce dernier a \u00e9t\u00e9 int\u00e9gralement an\u00e9anti en moins de 48 heures, y compris dans ses derniers retranchements de Hong-Kong et Macao.<\/span><\/p>\n<p style=\"text-align: justify;\"><span style=\"font-family: times new roman, times, serif; font-size: 14pt;\">La guerre de l\u2019ombre est rarement m\u00e9diatis\u00e9e et m\u00eame si elle fait l\u2019objet d\u2019une quelconque m\u00e9diatisation, les d\u00e9tails choisis pour \u00eatre r\u00e9v\u00e9l\u00e9s ne refl\u00e8tent pas forc\u00e9ment la r\u00e9alit\u00e9.<\/span><\/p>\n<p style=\"text-align: justify;\"><span style=\"font-family: times new roman, times, serif; font-size: 14pt;\">Il semble que la perte de r\u00e9seaux d\u2019espionnage importants en Iran ne soit qu\u2019un autre \u00e9pisode de la longue guerre qui dure depuis 1953 (ann\u00e9e o\u00f9 la CIA avait renvers\u00e9 le Premier ministre Mossadegh) et que cette fois-ci plus que jamais, T\u00e9h\u00e9ran soit bien d\u00e9termin\u00e9 \u00e0 \u00e9viter la r\u00e9p\u00e9tition de tels sc\u00e9narii.<\/span><\/p>\n<p style=\"text-align: justify;\"><span style=\"font-family: times new roman, times, serif; font-size: 14pt;\">Source\u00a0: <\/span><a href=\"https:\/\/strategika51.org\/archives\/64428\"><span style=\"font-family: times new roman, times, serif; font-size: 14pt;\">https:\/\/strategika51.org\/archives\/64428<\/span><\/a><\/p>\n<p>&nbsp;<\/p>\n<p>&nbsp;<\/p>\n<p style=\"text-align: right;\"><span style=\"font-family: comic sans ms, sans-serif; font-size: 14pt;\">Juillet 2019<\/span><\/p>\n<p>&nbsp;<\/p>\n<p>&nbsp;<\/p>\n","protected":false},"excerpt":{"rendered":"<p>&nbsp; &nbsp; &nbsp; &nbsp; &nbsp; &nbsp; &nbsp; La perte de r\u00e9seaux d\u2019espionnage en Iran et en Chine derri\u00e8re le pic de tension entre Washington et T\u00e9h\u00e9ran &nbsp; Strategika51 \u2013 7.7.2019 &nbsp; &nbsp; &nbsp; &nbsp; La crispation subite des tensions entre les \u00c9tats-Unis et la R\u00e9publique islamique d\u2019Iran ont co\u00efncid\u00e9 avec le d\u00e9mant\u00e8lement d\u2019un immense r\u00e9seau&#8230;<\/p>\n","protected":false},"author":1,"featured_media":0,"parent":0,"menu_order":0,"comment_status":"open","ping_status":"open","template":"","meta":[],"_links":{"self":[{"href":"https:\/\/blog.lesgrossesorchadeslesamplesthalameges.fr\/index.php\/wp-json\/wp\/v2\/pages\/5472"}],"collection":[{"href":"https:\/\/blog.lesgrossesorchadeslesamplesthalameges.fr\/index.php\/wp-json\/wp\/v2\/pages"}],"about":[{"href":"https:\/\/blog.lesgrossesorchadeslesamplesthalameges.fr\/index.php\/wp-json\/wp\/v2\/types\/page"}],"author":[{"embeddable":true,"href":"https:\/\/blog.lesgrossesorchadeslesamplesthalameges.fr\/index.php\/wp-json\/wp\/v2\/users\/1"}],"replies":[{"embeddable":true,"href":"https:\/\/blog.lesgrossesorchadeslesamplesthalameges.fr\/index.php\/wp-json\/wp\/v2\/comments?post=5472"}],"version-history":[{"count":0,"href":"https:\/\/blog.lesgrossesorchadeslesamplesthalameges.fr\/index.php\/wp-json\/wp\/v2\/pages\/5472\/revisions"}],"wp:attachment":[{"href":"https:\/\/blog.lesgrossesorchadeslesamplesthalameges.fr\/index.php\/wp-json\/wp\/v2\/media?parent=5472"}],"curies":[{"name":"wp","href":"https:\/\/api.w.org\/{rel}","templated":true}]}}