{"id":5564,"date":"2019-07-20T23:50:00","date_gmt":"2019-07-20T21:50:00","guid":{"rendered":"http:\/\/blog.lesgrossesorchadeslesamplesthalameges.fr\/?page_id=5564"},"modified":"2019-07-20T23:50:00","modified_gmt":"2019-07-20T21:50:00","slug":"nouvelle-traite-humaine-le-capital-et-ceux-qui-le-servent","status":"publish","type":"page","link":"https:\/\/blog.lesgrossesorchadeslesamplesthalameges.fr\/index.php\/nouvelle-traite-humaine-le-capital-et-ceux-qui-le-servent\/","title":{"rendered":"Nouvelle traite humaine : le Capital et ceux qui le servent"},"content":{"rendered":"<p>&nbsp;<\/p>\n<p>&nbsp;<\/p>\n<p>&nbsp;<\/p>\n<p>&nbsp;<\/p>\n<p>&nbsp;<\/p>\n<p>&nbsp;<\/p>\n<p style=\"text-align: center;\"><span style=\"font-family: times new roman, times, serif; font-size: 36pt;\"><strong>Nouvelle traite humaine\u00a0: le Capital et ceux qui le servent<\/strong><\/span><\/p>\n<p>&nbsp;<\/p>\n<p style=\"text-align: center;\"><span style=\"font-family: times new roman, times, serif; font-size: 18pt;\"><strong>R\u00e9gis de Castelnau \u2013 Vu du droit \u2013 16.7.2019<\/strong><\/span><\/p>\n<p>&nbsp;<\/p>\n<p>&nbsp;<\/p>\n<p style=\"text-align: center;\"><a href=\"http:\/\/blog.lesgrossesorchadeslesamplesthalameges.fr\/wp-content\/uploads\/2019\/07\/RoutesMIgrations@Global1505.png\"><img loading=\"lazy\" class=\"alignnone wp-image-5543\" src=\"http:\/\/blog.lesgrossesorchadeslesamplesthalameges.fr\/wp-content\/uploads\/2019\/07\/RoutesMIgrations@Global1505-300x175.png\" alt=\"\" width=\"700\" height=\"408\" srcset=\"https:\/\/blog.lesgrossesorchadeslesamplesthalameges.fr\/wp-content\/uploads\/2019\/07\/RoutesMIgrations@Global1505-300x175.png 300w, https:\/\/blog.lesgrossesorchadeslesamplesthalameges.fr\/wp-content\/uploads\/2019\/07\/RoutesMIgrations@Global1505.png 712w\" sizes=\"(max-width: 700px) 100vw, 700px\" \/><\/a><\/p>\n<p style=\"text-align: justify;\"><span style=\"font-family: times new roman, times, serif; font-size: 18pt;\"><strong>\u00a0<\/strong><\/span><\/p>\n<p style=\"text-align: justify;\"><span style=\"font-family: times new roman, times, serif; font-size: 14pt;\"><strong>\u00a0<\/strong><\/span><\/p>\n<p style=\"text-align: justify;\"><span style=\"font-family: times new roman, times, serif; font-size: 14pt;\"><em>\u00c0<\/em> la suite des incidents cons\u00e9cutifs aux victoires de l\u2019Alg\u00e9rie dans la coupe africaine des nations et de l\u2019envahissement par des travailleurs clandestins du Panth\u00e9on, j\u2019avais publi\u00e9 un petit statut agac\u00e9 sur Facebook. Qui m\u2019avait valu des soutiens et quelques insultes, l\u2019accusation de \u00ab rouge brun \u00bb revenant le plus fr\u00e9quemment. Je vais donc publier ici ce \u00ab statut\/mouvement d\u2019humeur \u00bb en rappelant tout d\u2019abord que j\u2019ai toujours soutenu l\u2019\u00e9quipe d\u2019Alg\u00e9rie de foot. Et en particulier \u00e0 la coupe du monde 1982 de triste m\u00e9moire, quand elle fut victime d\u2019une tricherie \u00e9hont\u00e9e des \u00e9quipes d\u2019Allemagne et d\u2019Autriche (tiens tiens\u2026) qui naturellement ne fut suivie d\u2019aucune sanction de la FIFA. Et en rappelant \u00e9galement que je consid\u00e8re que les \u00ab migrants \u00bb sont d\u2019abord et avant tout les victimes d\u2019un trafic odieux, voulu et organis\u00e9 par l\u2019alliance de l\u2019oligarchie n\u00e9olib\u00e9rale et de la \u00ab gauche du capital \u00bb comme l\u2019appelle Jean-Claude Michea.<\/span><\/p>\n<p>&nbsp;<\/p>\n<p style=\"text-align: justify; padding-left: 90px;\"><span style=\"font-family: times new roman, times, serif; font-size: 14pt;\">\u00ab <em>L\u2019Alg\u00e9rie gagne un match de foot (aux p\u00e9nos en plus, pas glorieux) c\u2019est le pr\u00e9texte pour des \u00e9meutes, des pillages, et des rod\u00e9os mortels dans les rues des villes fran\u00e7aises. Le tout en brandissant les drapeaux d\u2019un pays \u00e9tranger.<\/em><\/span><\/p>\n<p style=\"text-align: justify; padding-left: 90px;\"><span style=\"font-family: times new roman, times, serif; font-size: 14pt;\"><em>Normal quoi. <\/em><\/span><\/p>\n<p style=\"text-align: justify; padding-left: 90px;\"><span style=\"font-family: times new roman, times, serif; font-size: 14pt;\">I<em>maginons une seconde faire la m\u00eame chose dans les rues d\u2019Alger. Les autorit\u00e9s alg\u00e9riennes seraient fort normalement contrari\u00e9es. La population aussi. Les petits malins qui s\u2019amuseraient \u00e0 \u00e7a auraient int\u00e9r\u00eats \u00e0 num\u00e9roter leurs abattis, et courir vite, tr\u00e8s tr\u00e8s vite.<\/em><\/span><\/p>\n<p style=\"text-align: justify; padding-left: 90px;\"><span style=\"font-family: times new roman, times, serif; font-size: 14pt;\"><em>Des clandestins ill\u00e9galement en France donc d\u00e9linquants, \u00ab exigent \u00bb de rencontrer le Premier Ministre pour \u00ab exiger \u00bb d\u2019\u00eatre r\u00e9gularis\u00e9s. Ben ouais. Alors ils envahissent le Panth\u00e9on.<\/em><\/span><\/p>\n<p style=\"text-align: justify; padding-left: 90px;\"><span style=\"font-family: times new roman, times, serif; font-size: 14pt;\"><em>Ils profanent un cimeti\u00e8re, qui contient les restes des h\u00e9ros de la Nation Fran\u00e7aise et que celle-ci a entendu sp\u00e9cialement honorer. Un des lieux les plus sacr\u00e9s de la R\u00e9publique. <\/em><\/span><\/p>\n<p style=\"text-align: justify; padding-left: 90px;\"><span style=\"font-family: times new roman, times, serif; font-size: 14pt;\"><em>Normal quoi.<\/em><\/span><\/p>\n<p style=\"text-align: justify; padding-left: 90px;\"><span style=\"font-family: times new roman, times, serif; font-size: 14pt;\"><em>Imaginons des \u00e9trangers en situation irr\u00e9guli\u00e8re envahir le cimeti\u00e8re d\u2019Arlington en Virginie en \u00ab exigeant \u00bb de rencontrer le Pr\u00e9sident US pour \u00ab exiger \u00bb qu\u2019on leur d\u00e9livre une carte verte. Ou bien le Mausol\u00e9e de L\u00e9nine sur la place Rouge. On pourrait avoir quelques inqui\u00e9tudes sur ce qui risquerait de leur arriver. Dans le meilleur des cas ce serait un s\u00e9jour carc\u00e9ral cons\u00e9quent dans un \u00e9tablissement dont tout le monde a entendu parler du confort.<\/em><\/span><\/p>\n<p style=\"text-align: justify; padding-left: 90px;\"><span style=\"font-family: times new roman, times, serif; font-size: 14pt;\">A<em>u lieu de cela chez nous un vague froncement de sourcil et le soutien des belles \u00e2mes dont c\u2019est le m\u00e9tier. Bons les \u00e9meutiers et les clandestins ne sont pas fous, ils n\u2019ont pas mis de gilets jaunes, sinon ils se seraient fait d\u00e9foncer. Ils le savent. Badiou leur a expliqu\u00e9 les GJ c\u2019est tout des nazis.<\/em><\/span><\/p>\n<p style=\"text-align: justify; padding-left: 90px;\"><span style=\"font-family: times new roman, times, serif; font-size: 14pt;\">\u00ab <em>Mais dis donc, tu es racissse toi ! Tu n\u2019es plus solidaire des justes luttes des larges masses.<\/em><\/span><\/p>\n<p style=\"text-align: justify; padding-left: 90px;\"><span style=\"font-family: times new roman, times, serif; font-size: 14pt;\">\u2013 <em>oh non pas racissse et toujours solidaire. Mais l\u00e0 j\u2019ai pas trop vu de larges masses. Et j\u2019en ai beaucoup marre qu\u2019on s\u2019essuie les pieds en permanence sur mon pays. Je me sens humili\u00e9 qu\u2019on le traite de cette fa\u00e7on et par la veulerie de ses dirigeants. Et \u00eatre humili\u00e9 j\u2019aime pas trop. C\u2019est con hein ? \u00bb<\/em><\/span><\/p>\n<p style=\"text-align: justify;\"><span style=\"font-family: times new roman, times, serif; font-size: 14pt;\"><em>\u00a0<\/em><\/span><\/p>\n<p style=\"text-align: justify;\"><span style=\"font-family: times new roman, times, serif; font-size: 14pt;\">Je ne le r\u00e9digerais pas n\u00e9cessairement comme cela aujourd\u2019hui. Tout d\u2019abord l\u2019accident mortel de Montpellier semble sans lien avec le bazar post-football, et la dimension provocatrice et profanatrice s\u2019est encore aggrav\u00e9e apr\u00e8s la victoire (largement m\u00e9rit\u00e9e) de l\u2019Alg\u00e9rie contre le Nig\u00e9ria. Ensuite l\u2019initiative du Panth\u00e9on a \u00e9t\u00e9 organis\u00e9e par des irresponsables qui dans leur souci compulsif de prendre la pose, ont expos\u00e9 les sans-papiers. Enfin j\u2019insisterais plus sur ce qui \u00e9tait l\u2019objet de mon statut : la complaisance du pouvoir et des belles \u00e2mes face \u00e0 ces provocations.<\/span><\/p>\n<p style=\"text-align: justify;\"><span style=\"font-family: times new roman, times, serif; font-size: 14pt;\">Mais comme sur ces questions les malentendus peuvent rapidement survenir, je vais continuer mon petit patchwork en relayant un texte qui me semble coller \u00e0 ma propre analyse. Cela me dispensera de me d\u00e9fouler sur l\u2019imposture Rackete, vulgaire trafiquante de main-d\u2019\u0153uvre <a href=\"https:\/\/francais.rt.com\/opinions\/21361-carayon-ong-soros-ue\">financ\u00e9e par le Capital<\/a> pour faire un sale boulot. <a href=\"https:\/\/www.youtube.com\/watch?v=RLZ56rnQyZU&amp;feature=share\">La t\u00e9l\u00e9vision allemande vient de cracher le morceau<\/a> en montrant \u00e0 quel point toute cette op\u00e9ration \u00e9tait purement et simplement un montage. Cette dame ne sauve personne, elle est le dernier maillon de la nouvelle traite humaine, et se sert d\u2019un chantage \u00e0 l\u2019\u00e9motion mensonger, qui masque le sort futur des malheureux qu\u2019elle va chercher pr\u00e8s des c\u00f4tes libyennes pour les d\u00e9barquer ensuite en Italie pour qu\u2019ils soient pris en charge par les mafias locales et deviennent les victimes <a href=\"https:\/\/www.lejdd.fr\/Societe\/libye-un-journaliste-guineen-denonce-la-nouvelle-traite-des-noirs-3855803\">des pires trafics<\/a> : <a href=\"http:\/\/www.leparisien.fr\/faits-divers\/les-vendangeurs-de-champagne-etaient-traites-comme-des-esclaves-26-06-2019-8103519.php\">exploitation esclavagiste<\/a> pour les hommes et <a href=\"http:\/\/www.lefigaro.fr\/actualite-france\/2018\/10\/05\/01016-20181005ARTFIG00302-un-vaste-reseau-de-prostitution-nigeriane-demantele-en-france.php\">prostitution pour les femmes.<\/a><\/span><\/p>\n<p style=\"text-align: justify;\"><span style=\"font-family: times new roman, times, serif; font-size: 14pt;\"><strong>\u00a0<\/strong><\/span><\/p>\n<p style=\"text-align: justify;\"><span style=\"font-family: times new roman, times, serif; font-size: 24pt;\"><strong>N\u00e9griers d\u2019une nouvelle traite\u00a0?<\/strong><\/span><\/p>\n<p>&nbsp;<\/p>\n<p>&nbsp;<\/p>\n<p style=\"text-align: center;\"><a href=\"http:\/\/blog.lesgrossesorchadeslesamplesthalameges.fr\/wp-content\/uploads\/2019\/07\/Esclavage.jpg\"><img loading=\"lazy\" class=\"alignnone wp-image-5566\" src=\"http:\/\/blog.lesgrossesorchadeslesamplesthalameges.fr\/wp-content\/uploads\/2019\/07\/Esclavage-300x169.jpg\" alt=\"\" width=\"600\" height=\"338\" srcset=\"https:\/\/blog.lesgrossesorchadeslesamplesthalameges.fr\/wp-content\/uploads\/2019\/07\/Esclavage-300x169.jpg 300w, https:\/\/blog.lesgrossesorchadeslesamplesthalameges.fr\/wp-content\/uploads\/2019\/07\/Esclavage.jpg 624w\" sizes=\"(max-width: 600px) 100vw, 600px\" \/><\/a><\/p>\n<p style=\"text-align: justify;\"><span style=\"font-family: times new roman, times, serif; font-size: 14pt;\"><strong><em>\u00a0<\/em><\/strong><\/span><\/p>\n<p style=\"text-align: justify;\"><span style=\"font-family: times new roman, times, serif; font-size: 18pt;\"><strong><em>Pr\u00e9sentation de ce texte par l\u2019un de mes amis Facebook<\/em><\/strong><\/span><\/p>\n<p>&nbsp;<\/p>\n<p style=\"text-align: justify; padding-left: 90px;\"><span style=\"font-family: times new roman, times, serif; font-size: 14pt;\"><em>Ce tr\u00e8s bon commentaire d\u2019un ami professeur de philosophie. Je ne suis pas marxiste, dans la mesure o\u00f9 je n\u2019adh\u00e8re pas aux \u00ab solutions \u00bb pr\u00e9conis\u00e9es par Marx (sa philosophie est tout sauf abstraite, mais au contraire tr\u00e8s concr\u00e8te, programmatique), mais force est de reconna\u00eetre qu\u2019une lecture marxienne serait la bienvenue ! Celle-ci permettrait \u00e0 nombre de nos gauchistes d\u2019op\u00e9rette de r\u00e9aliser que ce qu\u2019ils d\u00e9fendent est l\u2019hyper-lib\u00e9ralisme, voire le libertarianisme, ce qui ne peut pas \u00eatre plus oppos\u00e9 \u00e0 la vision de Marx ; vision tout de m\u00eame d\u2019une puissance intellectuelle impressionnante pour comprendre comment notre soci\u00e9t\u00e9 fonctionne.<\/em><\/span><\/p>\n<p style=\"text-align: justify; padding-left: 90px;\"><span style=\"font-family: times new roman, times, serif; font-size: 14pt;\"><em>J\u2019ajouterais plus pr\u00e9cis\u00e9ment une dimension qui n\u2019est soulev\u00e9e qu\u2019en filigrane dans le texte qui suit : cette mise en concurrence victimaire des communaut\u00e9s permet aussi de casser les solidarit\u00e9s nationales, y compris du point de vue culturel, en fragmentant les soci\u00e9t\u00e9s, chaque \u00ab communaut\u00e9 \u00bb pensant \u00e0 ses int\u00e9r\u00eats de groupe au m\u00e9pris du Bien commun, brisant \u00e0 l\u2019avenir toute vell\u00e9it\u00e9 de r\u00e9sistance publique face \u00e0 des multinationales dont la puissance, par le truchement de cette supercherie qu\u2019est le droit du commerce international, se trouve d\u00e9cupl\u00e9e et bien plus grande que nombre d\u2019\u00c9tats.<\/em><\/span><\/p>\n<p>&nbsp;<\/p>\n<p style=\"text-align: justify;\"><span style=\"font-family: times new roman, times, serif; font-size: 14pt;\">\u00ab <strong>Je<\/strong> ne sais si les n\u00e9griers \u00e9taient applaudis par la noblesse et la bourgeoisie naissante au XVIIe si\u00e8cle, mais il est s\u00fbr que ceux du XXIe sont ovationn\u00e9s par la bourgeoisie dominante de notre \u00e9poque. Mais pas pour les raisons morales affich\u00e9es, mais plut\u00f4t pour des raisons mat\u00e9rialistes. Ces auxiliaires des mafias de passeurs ne font que participer \u00e0 un commerce d\u2019\u00eatres humains, en effectuant la derni\u00e8re \u00e9tape du business pour eux.<\/span><\/p>\n<p style=\"text-align: justify;\"><span style=\"font-family: times new roman, times, serif; font-size: 14pt;\">Nous savons que les passeurs am\u00e8nent en bateau les migrants au large des \u00eeles italiennes, pour ensuite les transborder dans des canots et <a href=\"https:\/\/www.lexpress.fr\/actualite\/monde\/europe\/mediterranee-un-bateau-filme-en-train-de-debarquer-des-migrants-en-pleine-mer_2085899.html\">ainsi justifier l\u2019intervention des ONG financ\u00e9es par le Grand Capital.<\/a>\u00c0 grands coups de pathos et de moraline lacrymale, on recouvre cette odieuse exploitation mafieuse de la mis\u00e8re humaine de g\u00e9n\u00e9reuses couches d\u2019humanisme hypocrite.<\/span><\/p>\n<p style=\"text-align: justify;\"><span style=\"font-family: times new roman, times, serif; font-size: 14pt;\">Et on nous pr\u00e9sente comme h\u00e9ro\u00efques, les dealers de force de travail pas ch\u00e8re et docile. Pour justifier et encourager leurs activit\u00e9s.Cela ne signifie pas qu\u2019il faut arr\u00eater les \u00ab\u00a0sauvetages\u00a0\u00bb en mer. Mais pourquoi faire d\u00e9barquer ces gens en Europe ?Cela ne fait qu\u2019encourager les mafieux \u00e0 continuer ce business lucratif. Si les migrants \u00e9taient d\u00e9barqu\u00e9s sur leurs lieux de d\u00e9part, les flux ralentiraient, faute d\u2019opportunit\u00e9s. Nous avons l\u00e0 un retournement dialectique complet, o\u00f9 l\u2019abject est travesti en vertueux, par la magie du discours performatif.<\/span><\/p>\n<p style=\"text-align: justify;\"><span style=\"font-family: times new roman, times, serif; font-size: 14pt;\">Mais qui soutient cela ?<\/span><\/p>\n<p style=\"text-align: justify;\"><span style=\"font-family: times new roman, times, serif; font-size: 14pt;\">Il y a, bien s\u00fbr, les petits esprits trop faibles pour sortir de l\u2019empire des \u00e9motions, et qui sont ais\u00e9ment manipulables par le truchement d\u2019une agit-prop destin\u00e9e \u00e0 les persuader par le pathos. Mais ce ne sont que des idiots inutiles. Non, les v\u00e9ritables auteurs sont les membres de la classe dominante : la bourgeoisie lib\u00e9rale mondialis\u00e9e.<\/span><\/p>\n<p style=\"text-align: justify;\"><span style=\"font-family: times new roman, times, serif; font-size: 14pt;\">Comme je l\u2019ai dit dans un pr\u00e9c\u00e9dent texte, j\u2019ai montr\u00e9 que dans les m\u00e9tiers pas ou peu qualifi\u00e9s et \u00e9reintants, le salaire propos\u00e9 \u00e9tait d\u00e9risoire, compte tenu des profits r\u00e9alis\u00e9s, ce qui provoquait une p\u00e9nurie de main-d\u2019\u0153uvre locale, celle-ci, vivant dans une soci\u00e9t\u00e9 d\u2019abondance, sait que cela rel\u00e8ve de l\u2019exploitation quasi-f\u00e9odale, et refuse donc de vivre pour travailler pour le profit d\u2019un seul : l\u2019exploitant\/exploiteur. Or, plut\u00f4t que d\u2019augmenter les salaires \u00e0 un niveau d\u00e9cent, donc sacrifier du profit, la classe bourgeoise va plut\u00f4t jeter son d\u00e9volu sur une arm\u00e9e de r\u00e9serve : les migrants. La m\u00eame bourgeoisie, qui a fait fortune en exploitant les ressources du tiers-monde, avec la complicit\u00e9 de la bourgeoisie compradore locale, au nom du lib\u00e9ralisme, et de son laisser-faire, laisser-aller, laisse venir \u00e0 elle les mis\u00e9reux qu\u2019elle a elle-m\u00eame fabriqu\u00e9s, pour les exploiter, non plus \u00e0 l\u2019autre bout du monde, mais sur son sol national. Elle b\u00e9n\u00e9ficie ainsi d\u2019une main-d\u2019\u0153uvre pas ch\u00e8re, docile et surtout d\u00e9racin\u00e9e.<\/span><\/p>\n<p style=\"text-align: justify;\"><span style=\"font-family: times new roman, times, serif; font-size: 14pt;\">De pauvres \u00e2mes qui vont avoir leur \u00e9nergie vitale siphonn\u00e9e contre une poign\u00e9e de miettes, pour le plus grand b\u00e9n\u00e9fice de nos g\u00e9n\u00e9reux humanistes. Ces gens, vivant dans la menace permanente de l\u2019expulsion et sans accroches telluriques dans le pays pour s\u2019organiser, sont totalement inf\u00e9od\u00e9s \u00e0 leurs patrons. De plus, \u00e9tant mis en concurrence avec la main-d\u2019\u0153uvre locale, dans une situation de ch\u00f4mage de masse, cela contribue \u00e0 augmenter ledit ch\u00f4mage et \u00e0 la baisse des salaires. Plus le d\u00e9calage culturel qui m\u00e8ne automatiquement \u00e0 des tensions communautaires, source de violence dans la soci\u00e9t\u00e9.<\/span><\/p>\n<p style=\"text-align: justify;\"><span style=\"font-family: times new roman, times, serif; font-size: 14pt;\">Mais le bourgeois n\u2019en a cure, il ne voit que son int\u00e9r\u00eat boutiquier imm\u00e9diat et personnel. Il voit des saisonniers, des serveurs, des livreurs, des femmes de m\u00e9nage, des plongeurs, des balayeurs, des manutentionnaires, disponibles en grand nombre, pour un faible co\u00fbt, dociles, peu ou pas syndiqu\u00e9s, et surtout : corv\u00e9ables \u00e0 merci. Voil\u00e0 pourquoi nos trop ch\u00e8res \u00e9lites nous sortent les violons du pathos, pour faire pleurer dans les chaumi\u00e8res, sur la question des migrants. Derri\u00e8re l\u2019illusion path\u00e9tique et \u00e9motionnelle, il y a la r\u00e9alit\u00e9 \u00e9conomique : exploiter la mis\u00e8re du tiers-monde, contribuer \u00e0 la mis\u00e8re des travailleurs fran\u00e7ais, le sacro-saint march\u00e9 qui met en comp\u00e9tition les pauvres entre eux, pour le plus grand profit des sangsues improductives, qui r\u00e8gnent sur notre soci\u00e9t\u00e9 marchande.<\/span><\/p>\n<p style=\"text-align: justify;\"><span style=\"font-family: times new roman, times, serif; font-size: 14pt;\">Mais l\u2019hypocrisie et le discours officiel sirupeux de bons sentiments de notre soci\u00e9t\u00e9 emp\u00eachent d\u2019assumer publiquement ce fait. Donc il faut recouvrir cela d\u2019un pr\u00e9texte humaniste, pour faire passer l\u2019ignominie pour de la bienfaisance. Ce ne sont pas des h\u00e9ros, mais des collabos.<\/span><\/p>\n<p style=\"text-align: justify;\"><span style=\"font-family: times new roman, times, serif; font-size: 14pt;\">Des collabos de l\u2019esclavage moderne. \u00bb<\/span><\/p>\n<p style=\"text-align: left;\"><span style=\"font-family: times new roman, times, serif; font-size: 14pt;\">Source\u00a0: <a href=\"https:\/\/www.vududroit.com\/2019\/07\/nouvelle-traite-humaine-le-capital-et-ceux-qui-le-servent\/\">https:\/\/www.vududroit.com\/2019\/07\/nouvelle-traite-humaine-le-capital-et-ceux-qui-le-servent\/<\/a><\/span><\/p>\n<p>&nbsp;<\/p>\n<p>&nbsp;<\/p>\n<p style=\"text-align: right;\"><span style=\"font-family: comic sans ms, sans-serif; font-size: 14pt;\">Juillet 2019<\/span><\/p>\n<p>&nbsp;<\/p>\n<p>&nbsp;<\/p>\n<p>&nbsp;<\/p>\n","protected":false},"excerpt":{"rendered":"<p>&nbsp; &nbsp; &nbsp; &nbsp; &nbsp; &nbsp; Nouvelle traite humaine\u00a0: le Capital et ceux qui le servent &nbsp; R\u00e9gis de Castelnau \u2013 Vu du droit \u2013 16.7.2019 &nbsp; &nbsp; \u00a0 \u00a0 \u00c0 la suite des incidents cons\u00e9cutifs aux victoires de l\u2019Alg\u00e9rie dans la coupe africaine des nations et de l\u2019envahissement par des travailleurs clandestins du Panth\u00e9on,&#8230;<\/p>\n","protected":false},"author":1,"featured_media":0,"parent":0,"menu_order":0,"comment_status":"open","ping_status":"open","template":"","meta":[],"_links":{"self":[{"href":"https:\/\/blog.lesgrossesorchadeslesamplesthalameges.fr\/index.php\/wp-json\/wp\/v2\/pages\/5564"}],"collection":[{"href":"https:\/\/blog.lesgrossesorchadeslesamplesthalameges.fr\/index.php\/wp-json\/wp\/v2\/pages"}],"about":[{"href":"https:\/\/blog.lesgrossesorchadeslesamplesthalameges.fr\/index.php\/wp-json\/wp\/v2\/types\/page"}],"author":[{"embeddable":true,"href":"https:\/\/blog.lesgrossesorchadeslesamplesthalameges.fr\/index.php\/wp-json\/wp\/v2\/users\/1"}],"replies":[{"embeddable":true,"href":"https:\/\/blog.lesgrossesorchadeslesamplesthalameges.fr\/index.php\/wp-json\/wp\/v2\/comments?post=5564"}],"version-history":[{"count":0,"href":"https:\/\/blog.lesgrossesorchadeslesamplesthalameges.fr\/index.php\/wp-json\/wp\/v2\/pages\/5564\/revisions"}],"wp:attachment":[{"href":"https:\/\/blog.lesgrossesorchadeslesamplesthalameges.fr\/index.php\/wp-json\/wp\/v2\/media?parent=5564"}],"curies":[{"name":"wp","href":"https:\/\/api.w.org\/{rel}","templated":true}]}}