{"id":5656,"date":"2019-07-23T23:01:08","date_gmt":"2019-07-23T21:01:08","guid":{"rendered":"http:\/\/blog.lesgrossesorchadeslesamplesthalameges.fr\/?page_id=5656"},"modified":"2019-07-24T10:40:37","modified_gmt":"2019-07-24T08:40:37","slug":"pourquoi-la-iie-internationale-defend-trotski","status":"publish","type":"page","link":"https:\/\/blog.lesgrossesorchadeslesamplesthalameges.fr\/index.php\/pourquoi-la-iie-internationale-defend-trotski\/","title":{"rendered":"Pourquoi la IIe Internationale d\u00e9fend Trotski"},"content":{"rendered":"<p><strong>\u00a0<\/strong><\/p>\n<p>&nbsp;<\/p>\n<p>&nbsp;<\/p>\n<p>&nbsp;<\/p>\n<p>&nbsp;<\/p>\n<p style=\"text-align: center;\"><a href=\"http:\/\/blog.lesgrossesorchadeslesamplesthalameges.fr\/wp-content\/uploads\/2019\/07\/banniere-marxistes-l\u00e9ninistes.be_.png\"><img loading=\"lazy\" class=\"alignnone wp-image-5635\" src=\"http:\/\/blog.lesgrossesorchadeslesamplesthalameges.fr\/wp-content\/uploads\/2019\/07\/banniere-marxistes-l\u00e9ninistes.be_-300x60.png\" alt=\"\" width=\"750\" height=\"150\" srcset=\"https:\/\/blog.lesgrossesorchadeslesamplesthalameges.fr\/wp-content\/uploads\/2019\/07\/banniere-marxistes-l\u00e9ninistes.be_-300x60.png 300w, https:\/\/blog.lesgrossesorchadeslesamplesthalameges.fr\/wp-content\/uploads\/2019\/07\/banniere-marxistes-l\u00e9ninistes.be_-768x154.png 768w, https:\/\/blog.lesgrossesorchadeslesamplesthalameges.fr\/wp-content\/uploads\/2019\/07\/banniere-marxistes-l\u00e9ninistes.be_.png 1000w\" sizes=\"(max-width: 750px) 100vw, 750px\" \/><\/a><\/p>\n<p>&nbsp;<\/p>\n<p style=\"text-align: center;\"><span style=\"font-family: times new roman, times, serif; font-size: 36pt;\"><strong>Nadejda Kroupska\u00efa\u00a0: Pourquoi la deuxi\u00e8me internationale d\u00e9fend Trotski &#8211; 1937<\/strong><\/span><\/p>\n<p>&nbsp;<\/p>\n<p>&nbsp;<\/p>\n<p style=\"text-align: center;\"><a href=\"http:\/\/blog.lesgrossesorchadeslesamplesthalameges.fr\/wp-content\/uploads\/2019\/07\/Kroupskaia.png\"><img loading=\"lazy\" class=\"alignnone wp-image-5637\" src=\"http:\/\/blog.lesgrossesorchadeslesamplesthalameges.fr\/wp-content\/uploads\/2019\/07\/Kroupskaia-218x300.png\" alt=\"\" width=\"500\" height=\"689\" srcset=\"https:\/\/blog.lesgrossesorchadeslesamplesthalameges.fr\/wp-content\/uploads\/2019\/07\/Kroupskaia-218x300.png 218w, https:\/\/blog.lesgrossesorchadeslesamplesthalameges.fr\/wp-content\/uploads\/2019\/07\/Kroupskaia.png 363w\" sizes=\"(max-width: 500px) 100vw, 500px\" \/><\/a><\/p>\n<p>&nbsp;<\/p>\n<p>&nbsp;<\/p>\n<p style=\"text-align: justify;\"><span style=\"font-family: times new roman, times, serif; font-size: 18pt; color: #c00000;\">[L\u2019article de N. Kroupska\u00efa \u00e9t\u00e9 publi\u00e9 \u00e0 Paris en 1937, par le Bureau d\u2019\u00e9ditions de l\u2019Internationale Communiste, dans l\u2019ouvrage intitul\u00e9 \u00ab\u00a0Le complot contre la R\u00e9volution russe. Les enseignements du Proc\u00e8s de Moscou contre le centre terroriste trotskiste-zinovi\u00e9viste.\u00a0\u00bb]<\/span><\/p>\n<p>&nbsp;<\/p>\n<p style=\"text-align: justify;\"><span style=\"font-family: times new roman, times, serif; font-size: 14pt;\">Le socialisme ne s\u2019\u00e9rige pas par des ordres venant d\u2019en haut. L\u2019automatisme bureaucratique est incompatible \u00e0 son essence\u00a0: le socialisme vivant et cr\u00e9ateur est l\u2019\u0153uvre des masses populaires elles-m\u00eames, disait L\u00e9nine aux premiers jours de notre r\u00e9volution socialiste d\u2019octobre.<\/span><\/p>\n<p style=\"text-align: justify;\"><span style=\"font-family: times new roman, times, serif; font-size: 14pt;\">Le 6 mai 1919, dans son discours au 1er congr\u00e8s russe de l\u2019instruction post-scolaire, L\u00e9nine d\u00e9clarait\u00a0:<\/span><\/p>\n<p>&nbsp;<\/p>\n<p style=\"text-align: justify; padding-left: 120px;\"><span style=\"font-family: times new roman, times, serif; font-size: 14pt;\">\u00ab\u00a0Si nous nous appelons Parti des communistes, nous devons comprendre que ce n\u2019est que maintenant, alors que nous sommes venus \u00e0 bout des obstacles d\u2019ordre ext\u00e9rieur et que nous avons bris\u00e9 les vieilles institutions, que pour la premi\u00e8re fois, se pose r\u00e9ellement et dans toute son ampleur la premi\u00e8re t\u00e2che de la vraie r\u00e9volution prol\u00e9tarienne, \u00e0 savoir l\u2019organisation de dizaines et de centaines de \u00b7millions d\u2019hommes\u00a0!\u00a0\u00bb<\/span><\/p>\n<p>&nbsp;<\/p>\n<p style=\"text-align: justify;\"><span style=\"font-family: times new roman, times, serif; font-size: 14pt;\">Apr\u00e8s la mort de L\u00e9nine, les masses se rassembl\u00e8rent encore plus \u00e9troitement autour du Parti. \u00ab\u00a0L\u00e9nine est mort, mais son \u0153uvre vit\u00a0\u00bb.<\/span><\/p>\n<p style=\"text-align: justify;\"><span style=\"font-family: times new roman, times, serif; font-size: 14pt;\">Des ann\u00e9es se sont \u00e9coul\u00e9es et nous avons \u00e9t\u00e9 \u00e0 m\u00eame de voir combien, de jour en jour, s\u2019accroissait et se renfor\u00e7ait l\u2019organisation de dizaines de millions de travailleurs, appel\u00e9s en masse toujours plus grandes \u00e0 l\u2019administration du pays, \u00e0 l\u2019\u00e9dification du socialisme. Le caract\u00e8re social de notre pays sovi\u00e9tique s\u2019est enti\u00e8rement modifi\u00e9\u00a0; des milliers et des dizaines de milliers d\u2019organisateurs sont sortis du sein des masses populaires. Et comme preuves \u00e9loquentes nous avons le mouvement stakhanoviste, les conf\u00e9rences de l\u2019hiver dernier entre les dirigeants du Parti et du gouvernement et les organisateurs du travail dans les diff\u00e9rentes branches de production, kolkhoziens, ouvriers, conducteurs de moissonneuses-batteuses, paysannes r\u00e9coltant plus de 500 quintaux de betteraves \u00e0 l\u2019hectare, etc. Chacun a pu voir comment, sur la base de l\u2019organisation \u00e9conomique, l\u2019amiti\u00e9 entre les peuples du pays des Soviets s\u2019est renforc\u00e9e et combien le niveau culturel des masses s\u2019est \u00e9lev\u00e9. Et les innombrables masses de travailleurs voient comment Staline se voue enti\u00e8rement et sans r\u00e9serve \u00e0 leur cause, \u00e0 la cause de L\u00e9nine, \u00e0 la cause de l\u2019\u00e9dification socialiste, comment il les m\u00e8ne vers une vie meilleure. Ils le voient et ils ont confiance en lui, ils l\u2019entourent d\u2019une confiance et d\u2019un amour absolus.<\/span><\/p>\n<p style=\"text-align: justify;\"><span style=\"font-family: times new roman, times, serif; font-size: 14pt;\">Les trotskistes et les zinovi\u00e9vistes ne se souciaient pas des masses, ne s\u2019int\u00e9ressaient pas \u00e0 elles\u00a0; ils ne pensaient qu\u2019\u00e0 s\u2019emparer du pouvoir, m\u00eame au prix d\u2019une alliance avec la Gestapo, avec les pires ennemis de la dictature du prol\u00e9tariat, avec ceux qui cherchent \u00e0 r\u00e9tablir dans le pays des Soviets l\u2019ordre bourgeois, l\u2019exploitation capitaliste des masses travailleuses.<\/span><\/p>\n<p style=\"text-align: justify;\"><span style=\"font-family: times new roman, times, serif; font-size: 14pt;\">Une discussion s\u2019\u00e9tait engag\u00e9e \u00e0 la fin de 1920, sur le r\u00f4le des syndicats. Et L\u00e9nine \u00e9crivait au sujet de la position de Trotski\u00a0:<\/span><\/p>\n<p>&nbsp;<\/p>\n<p style=\"text-align: justify; padding-left: 120px;\"><span style=\"font-family: times new roman, times, serif; font-size: 14pt;\">\u00ab\u00a0Il (Trotski) est tomb\u00e9 dans une s\u00e9rie d\u2019erreurs quant \u00e0 l\u2019essence m\u00eame de la question de la dictature du prol\u00e9tariat. Mais, ind\u00e9pendamment de cela, l\u2019on se demande pourquoi un travail de collaboration amicale dont nous aurions tant besoin fait d\u00e9faut parmi nous\u00a0? Cela tient \u00e0 nos divergences dans la question des m\u00e9thodes \u00e0 adopter pour aborder les masses, pour exercer une influence pr\u00e9pond\u00e9rante sur les masses, pour se lier avec les masses. L\u2019essentiel est l\u00e0\u00a0!\u00a0\u00bb<\/span><\/p>\n<p>&nbsp;<\/p>\n<p style=\"text-align: justify;\"><span style=\"font-family: times new roman, times, serif; font-size: 14pt;\">Et ce n\u2019est pas par hasard que Trotski, qui n\u2019a jamais compris ce qui fait l\u2019essence m\u00eame de la dictature du prol\u00e9tariat, qui n\u2019a jamais compris le r\u00f4le que jouent les masses dans la construction socialiste et qui croyait que le socialisme peut \u00eatre \u00e9rig\u00e9 par des ordres venant d\u2019en haut, s\u2019est engag\u00e9 dans la voie de l\u2019organisation d\u2019attentats terroristes contre Staline, Vorochilov et les autres membres du Bureau politique qui aident les masses \u00e0 \u00e9difier le socialisme. Ce n\u2019est pas par hasard que le bloc sans principe que Zinoviev et Kamenev avaient form\u00e9 avec Trotski, les a pouss\u00e9s, graduellement, vers l\u2019ab\u00eeme profond de la pire des trahi sons de la cause de L\u00e9nine, de la cause des masses travailleuses, de la cause du socialisme. Trotski, Zinoviev, Kamenev et toute leur bande d\u2019assassins ont agi de concert avec le fascisme allemand, conclu une alliance avec la Gestapo. Voil\u00e0 pourquoi le pays a \u00e9t\u00e9 si unanime \u00e0 r\u00e9clamer que ces chiens enrag\u00e9s soient fusill\u00e9s.<\/span><\/p>\n<p style=\"text-align: justify;\"><span style=\"font-family: times new roman, times, serif; font-size: 14pt;\">Quand ils lurent dans les journaux les aveux des accus\u00e9s au proc\u00e8s, les ouvriers se dirent\u00a0: \u00ab\u00a0Ils voulaient restaurer la dictature bourgeoise\u00a0; quant \u00e0 nous, les masses, ils nous avaient oubli\u00e9es\u00a0; les aurions-nous jamais laiss\u00e9 arriver au pouvoir\u00a0?\u00a0\u00bb En effet, ils ont oubli\u00e9 que \u00ab\u00a0le socialisme vivant et cr\u00e9ateur est l\u2019\u0153uvre des masses populaires elles-m\u00eames\u00a0\u00bb et ils se sont mis aux premiers rangs de la bourgeoisie contre-r\u00e9volutionnaire.<\/span><\/p>\n<p style=\"text-align: justify;\"><span style=\"font-family: times new roman, times, serif; font-size: 14pt;\">Ils voulaient porter la d\u00e9sorganisation parmi les masses, ils voulaient tuer le cerveau et le c\u0153ur de la r\u00e9volution, Staline. Ils n\u2019ont pas r\u00e9ussi. Cette bande mis\u00e9rable, inf\u00e2me a \u00e9t\u00e9 fusill\u00e9e.<\/span><\/p>\n<p style=\"text-align: justify;\"><span style=\"font-family: times new roman, times, serif; font-size: 14pt;\">Et plus \u00e9troitement encore les masses se rassemblent autour du C.C., plus grand encore est leur amour pour Staline. Des sans-parti nous \u00e9crivent qu\u2019on devrait publier \u00e0 titre de suppl\u00e9ment les \u0153uvres compl\u00e8tes de L\u00e9nine et de Staline dans les journaux \u00e0 fort tirage. Le degr\u00e9 de conscience la soif d\u2019apprendre augmentent. \u00ab\u00a0Ah\u00a0! qu\u2019elle est magnifique l\u2019\u00e9cole d\u2019adultes construite \u00e0 Pouchkine\u00a0: on ne se lasse pas de l\u2019admirer\u00a0!\u00a0\u00bb me disait l\u2019autre jour un vieux camarade, dirigeant d\u2019une entreprise qui, il y a quarante ans, avait suivi mes cours du dimanche. Il avait aussi connu la prison.<\/span><\/p>\n<p style=\"text-align: justify;\"><span style=\"font-family: times new roman, times, serif; font-size: 14pt;\">D\u00e8s 1918, il organisa dans son village natal un kolkhoz mara\u00eecher et re\u00e7u une prime d\u2019\u00ab\u00a0un million de roubles\u00a0\u00bb pour son travail mod\u00e8le comme directeur d\u2019un sovkhoz.<\/span><\/p>\n<p style=\"text-align: justify;\"><span style=\"font-family: times new roman, times, serif; font-size: 14pt;\">L\u2019\u00e9dification socialiste se d\u00e9veloppe et avec elle grandissent les besoins culturels des masses. Nous devons satisfaire ces besoins, renforcer les \u00e9coles d\u2019adultes, \u00e9largir le r\u00e9seau de ces \u00e9coles, celui des biblioth\u00e8ques, cr\u00e9er des maisons de culture, des clubs dans les kolkhoz, des mus\u00e9es. A l\u2019\u00e9tape actuelle, on doit surtout porter son attention sur la qualit\u00e9 de l\u2019enseignement, la qualit\u00e9 du travail des biblioth\u00e8ques, des salles de lecture, des clubs et des maisons de culture.<\/span><\/p>\n<p style=\"text-align: justify;\"><span style=\"font-family: times new roman, times, serif; font-size: 14pt;\">Nous disposons d\u00e9j\u00e0 d\u2019une riche exp\u00e9rience dans ce domaine. Depuis la R\u00e9volution socialiste d\u2019Octobre, l\u2019initiative des ouvriers s\u2019est grandement manifest\u00e9e dans le domaine culturel. Et les tentatives qui n\u2019aboutirent pas parce qu\u2019on ne sut pas toujours tenir compte des difficult\u00e9s et parce que l\u2019on prenait ses \u00ab\u00a0d\u00e9sirs pour des r\u00e9alit\u00e9s\u00a0\u00bb, m\u00eame ces tentatives-l\u00e0 n\u2019ont pas \u00e9t\u00e9 perdues, elles ont port\u00e9 leurs fruits. Elles nous ont enseign\u00e9 \u00e0 mieux envisager le pr\u00e9sent, \u00e0 ha\u00efr encore plus les vestiges du pass\u00e9, elles nous rendent encore plus conscients de la n\u00e9cessit\u00e9 d\u2019\u00e9largir et d\u2019approfondir nos connaissances et de savoir les appliquer \u00e0 la vie m\u00eame. Nous voyons que l\u2019\u00e9dification socialiste va sans cesse en progressant et que le travail se poursuit encore plus intense, en plus \u00e9troite collaboration.<\/span><\/p>\n<p style=\"text-align: justify;\"><span style=\"font-family: times new roman, times, serif; font-size: 14pt;\">Ce n\u2019est pas non plus par un effet du hasard que la IIe Internationale vocif\u00e8re, s\u2019acharne, \u00e9l\u00e8ve sur le pavois la bande d\u2019assassins trotskistes-zinovi\u00e9vistes, cherche \u00e0 briser le Front populaire. Les De Brouck\u00e8re, les Citrine soutiennent toutes les vilenies des ennemis de la classe ouvri\u00e8re de l\u2019U.R.S.S. de notre Parti et de ses chefs. Ils tiennent la premi\u00e8re place dans la meute des ennemis du pays des Soviets que la bourgeoisie a rassembl\u00e9e.<\/span><\/p>\n<p style=\"text-align: justify;\"><span style=\"font-family: times new roman, times, serif; font-size: 14pt;\">La IIIe Internationale est n\u00e9e dans la lutte contre la IIe Internationale. Avec l\u2019aide du ren\u00e9gat Kautsky et de ses complices, la IIe Internationale a men\u00e9 contre la dictature du prol\u00e9tariat et le pouvoir sovi\u00e9tique une lutte acharn\u00e9e. La IIe Internationale veut d\u00e9 fendre et justifier l\u2019ordre capitaliste tromper les masses travailleuses. C\u2019est pourquoi elle d\u00e9fend maintenant Trotski, l\u2019agent de la Gestapo. Elle n\u2019a pas r\u00e9ussi. Notre pays sovi\u00e9tique est devenu un pays puissant qui l\u00e8ve toujours plus haut l\u2019\u00e9tendard du communisme, qui avance d\u2019une marche assur\u00e9e sur le chemin trac\u00e9 par Marx, Engels, L\u00e9nine.<\/span><\/p>\n<p style=\"text-align: justify;\"><span style=\"font-family: times new roman, times, serif; font-size: 14pt;\">On ne pourra pas taire cela, ni les trotskistes, ni les zinovi\u00e9vistes, ni les gens de la IIe Internationale n\u2019arriveront \u00e0 tromper les travailleurs.<\/span><\/p>\n<p style=\"text-align: justify;\"><span style=\"font-family: times new roman, times, serif; font-size: 14pt;\">L\u2019atmosph\u00e8re tendue qui r\u00e8gne sur le front international, le danger de guerre qui menace, rendent les travailleurs encore plus clairvoyants. Le Front populaire des travailleurs grandira et prosp\u00e8rera dans le monde entier.<\/span><\/p>\n<p>&nbsp;<\/p>\n<p style=\"text-align: left;\"><span style=\"font-family: times new roman, times, serif; font-size: 14pt;\">Source\u00a0: <a href=\"http:\/\/www.centremlm.be\/Nadejda-Kroupskaia-Pourquoi-la-deuxieme-internationale-defend-Trotski-1937\">http:\/\/www.centremlm.be\/Nadejda-Kroupskaia-Pourquoi-la-deuxieme-internationale-defend-Trotski-1937<\/a><\/span><\/p>\n<p>&nbsp;<\/p>\n<p>&nbsp;<\/p>\n<p style=\"text-align: center;\"><a href=\"http:\/\/blog.lesgrossesorchadeslesamplesthalameges.fr\/wp-content\/uploads\/2019\/07\/\u00e9toile-rouge-1.gif\"><img loading=\"lazy\" class=\"alignnone size-full wp-image-5636\" src=\"http:\/\/blog.lesgrossesorchadeslesamplesthalameges.fr\/wp-content\/uploads\/2019\/07\/\u00e9toile-rouge-1.gif\" alt=\"\" width=\"50\" height=\"50\" \/><\/a><\/p>\n<p>&nbsp;<\/p>\n<p>&nbsp;<\/p>\n<p style=\"text-align: right;\"><span style=\"font-family: comic sans ms, sans-serif;\">Juillet 2019<\/span><\/p>\n<p style=\"text-align: right;\"><span style=\"font-family: comic sans ms, sans-serif;\">sur Les Grosses Orchades<\/span><\/p>\n<p>&nbsp;<\/p>\n<p>&nbsp;<\/p>\n","protected":false},"excerpt":{"rendered":"<p>\u00a0 &nbsp; &nbsp; &nbsp; &nbsp; &nbsp; Nadejda Kroupska\u00efa\u00a0: Pourquoi la deuxi\u00e8me internationale d\u00e9fend Trotski &#8211; 1937 &nbsp; &nbsp; &nbsp; &nbsp; [L\u2019article de N. Kroupska\u00efa \u00e9t\u00e9 publi\u00e9 \u00e0 Paris en 1937, par le Bureau d\u2019\u00e9ditions de l\u2019Internationale Communiste, dans l\u2019ouvrage intitul\u00e9 \u00ab\u00a0Le complot contre la R\u00e9volution russe. Les enseignements du Proc\u00e8s de Moscou contre le centre&#8230;<\/p>\n","protected":false},"author":1,"featured_media":0,"parent":0,"menu_order":0,"comment_status":"open","ping_status":"open","template":"","meta":[],"_links":{"self":[{"href":"https:\/\/blog.lesgrossesorchadeslesamplesthalameges.fr\/index.php\/wp-json\/wp\/v2\/pages\/5656"}],"collection":[{"href":"https:\/\/blog.lesgrossesorchadeslesamplesthalameges.fr\/index.php\/wp-json\/wp\/v2\/pages"}],"about":[{"href":"https:\/\/blog.lesgrossesorchadeslesamplesthalameges.fr\/index.php\/wp-json\/wp\/v2\/types\/page"}],"author":[{"embeddable":true,"href":"https:\/\/blog.lesgrossesorchadeslesamplesthalameges.fr\/index.php\/wp-json\/wp\/v2\/users\/1"}],"replies":[{"embeddable":true,"href":"https:\/\/blog.lesgrossesorchadeslesamplesthalameges.fr\/index.php\/wp-json\/wp\/v2\/comments?post=5656"}],"version-history":[{"count":0,"href":"https:\/\/blog.lesgrossesorchadeslesamplesthalameges.fr\/index.php\/wp-json\/wp\/v2\/pages\/5656\/revisions"}],"wp:attachment":[{"href":"https:\/\/blog.lesgrossesorchadeslesamplesthalameges.fr\/index.php\/wp-json\/wp\/v2\/media?parent=5656"}],"curies":[{"name":"wp","href":"https:\/\/api.w.org\/{rel}","templated":true}]}}