{"id":5665,"date":"2019-07-23T23:21:27","date_gmt":"2019-07-23T21:21:27","guid":{"rendered":"http:\/\/blog.lesgrossesorchadeslesamplesthalameges.fr\/?page_id=5665"},"modified":"2019-07-23T23:21:27","modified_gmt":"2019-07-23T21:21:27","slug":"buonarroti-conspiration-pour-legalite","status":"publish","type":"page","link":"https:\/\/blog.lesgrossesorchadeslesamplesthalameges.fr\/index.php\/buonarroti-conspiration-pour-legalite\/","title":{"rendered":"BUONARROTI &#8211; Conspiration pour l&rsquo;\u00c9galit\u00e9"},"content":{"rendered":"<p>&nbsp;<\/p>\n<p>&nbsp;<\/p>\n<p>&nbsp;<\/p>\n<p>&nbsp;<\/p>\n<p>&nbsp;<\/p>\n<p>&nbsp;<\/p>\n<p style=\"text-align: center;\"><a href=\"http:\/\/blog.lesgrossesorchadeslesamplesthalameges.fr\/wp-content\/uploads\/2019\/07\/Conspiration-image.jpg\"><img loading=\"lazy\" class=\"alignnone wp-image-5667\" src=\"http:\/\/blog.lesgrossesorchadeslesamplesthalameges.fr\/wp-content\/uploads\/2019\/07\/Conspiration-image-191x300.jpg\" alt=\"\" width=\"400\" height=\"628\" srcset=\"https:\/\/blog.lesgrossesorchadeslesamplesthalameges.fr\/wp-content\/uploads\/2019\/07\/Conspiration-image-191x300.jpg 191w, https:\/\/blog.lesgrossesorchadeslesamplesthalameges.fr\/wp-content\/uploads\/2019\/07\/Conspiration-image.jpg 317w\" sizes=\"(max-width: 400px) 100vw, 400px\" \/><\/a><\/p>\n<p>&nbsp;<\/p>\n<p>&nbsp;<\/p>\n<p><span style=\"font-family: times new roman, times, serif; font-size: 14pt;\">Philippe Buonarroti<\/span><\/p>\n<p><strong><em><span style=\"font-size: 18pt; font-family: times new roman, times, serif;\">Conspiration pour l&rsquo;\u00c9galit\u00e9 dite de Babeuf<\/span><\/em><\/strong><\/p>\n<p><span style=\"font-family: times new roman, times, serif; font-size: 14pt;\">\u00c9ditions La Fabrique, 2015<\/span><\/p>\n<p>&nbsp;<\/p>\n<p style=\"text-align: justify; padding-left: 180px;\"><span style=\"font-family: times new roman, times, serif; font-size: 18pt;\"><strong>Pr\u00e9sentation de l\u2019\u00c9diteur\u00a0:<\/strong><\/span><\/p>\n<p style=\"text-align: justify; padding-left: 180px;\"><span style=\"font-family: times new roman, times, serif; font-size: 14pt;\">Le premier r\u00e9volutionnaire professionnel, l&rsquo;essentiel cha\u00eenon entre Robespierre et Blanqui, l&rsquo;infatigable monteur de soci\u00e9t\u00e9s secr\u00e8tes : tel est Philippe Buonarroti, l&rsquo;auteur de \u00ab La Conspiration pour l&rsquo;\u00c9galit\u00e9 \u00bb. En 1828, lors de la sortie du livre, ce perp\u00e9tuel exil\u00e9 gagne sa vie \u00e0 Bruxelles en donnant des le\u00e7ons de musique. Un auteur inconnu, un \u00e9diteur marginal : on pouvait s&rsquo;attendre \u00e0 une sortie discr\u00e8te. Or, \u00ab La Conspiration \u00bb devient rapidement le grand livre des r\u00e9volutionnaires de l&rsquo;\u00e9poque, non seulement en France o\u00f9 il para\u00eet apr\u00e8s la r\u00e9volution de 1830, mais en Allemagne o\u00f9 Marx tente de le faire traduire, et en Angleterre o\u00f9 il diffuse dans le mouvement chartiste. Apr\u00e8s le r\u00e9cit \u00e0 grands traits de la R\u00e9volution fran\u00e7aise, le livre raconte l&rsquo;histoire de ce groupe d&rsquo;hommes, r\u00e9unis autour de Babeuf, qui furent une s\u00e9rieuse menace pour le r\u00e9gime du Directoire : travail clandestin, pr\u00e9paration de l&rsquo;insurrection, trahison, arrestation, proc\u00e8s \u00e0 Vend\u00f4me, Babeuf et Darth\u00e9 condamn\u00e9s \u00e0 mort et guillotin\u00e9s. Outre l&rsquo;historique, Buonarroti expose le programme des \u00c9gaux, o\u00f9 \u00ab \u2026les richesses particuli\u00e8res disparaissent, et le droit de propri\u00e9t\u00e9 est remplac\u00e9 par celui de chaque individu \u00e0 une existence aussi heureuse que celle de tous les membres du corps social\u2026 \u00bb. Un livre anim\u00e9 par la passion de l&rsquo;\u00e9galit\u00e9, \u0153uvre d&rsquo;un personnage parmi les plus originaux des r\u00e9volutionnaires du XIXe si\u00e8cle.<\/span><\/p>\n<p>&nbsp;<\/p>\n<p>&nbsp;<\/p>\n<p style=\"text-align: center;\"><a href=\"http:\/\/blog.lesgrossesorchadeslesamplesthalameges.fr\/wp-content\/uploads\/2019\/07\/\u00e9toile-rouge-1.gif\"><img loading=\"lazy\" class=\"alignnone size-full wp-image-5636\" src=\"http:\/\/blog.lesgrossesorchadeslesamplesthalameges.fr\/wp-content\/uploads\/2019\/07\/\u00e9toile-rouge-1.gif\" alt=\"\" width=\"50\" height=\"50\" \/><\/a><\/p>\n<p>&nbsp;<\/p>\n<p>&nbsp;<\/p>\n<p style=\"text-align: center;\"><span style=\"font-family: times new roman, times, serif; font-size: 36pt;\"><strong>Extraits\u00a0d\u2019une \u00e9dition ant\u00e9rieure<\/strong><\/span><\/p>\n<p>&nbsp;<\/p>\n<p>&nbsp;<\/p>\n<p style=\"text-align: center;\"><a href=\"http:\/\/blog.lesgrossesorchadeslesamplesthalameges.fr\/wp-content\/uploads\/2019\/07\/Buonarroti-1.jpg\"><img loading=\"lazy\" class=\"alignnone wp-image-5668\" src=\"http:\/\/blog.lesgrossesorchadeslesamplesthalameges.fr\/wp-content\/uploads\/2019\/07\/Buonarroti-1-226x300.jpg\" alt=\"\" width=\"600\" height=\"797\" srcset=\"https:\/\/blog.lesgrossesorchadeslesamplesthalameges.fr\/wp-content\/uploads\/2019\/07\/Buonarroti-1-226x300.jpg 226w, https:\/\/blog.lesgrossesorchadeslesamplesthalameges.fr\/wp-content\/uploads\/2019\/07\/Buonarroti-1-768x1020.jpg 768w, https:\/\/blog.lesgrossesorchadeslesamplesthalameges.fr\/wp-content\/uploads\/2019\/07\/Buonarroti-1-771x1024.jpg 771w, https:\/\/blog.lesgrossesorchadeslesamplesthalameges.fr\/wp-content\/uploads\/2019\/07\/Buonarroti-1.jpg 1216w\" sizes=\"(max-width: 600px) 100vw, 600px\" \/><\/a><\/p>\n<p>&nbsp;<\/p>\n<p>&nbsp;<\/p>\n<p style=\"text-align: center;\"><a href=\"http:\/\/blog.lesgrossesorchadeslesamplesthalameges.fr\/wp-content\/uploads\/2019\/07\/Buonarroti-2.jpg\"><img loading=\"lazy\" class=\"alignnone wp-image-5669\" src=\"http:\/\/blog.lesgrossesorchadeslesamplesthalameges.fr\/wp-content\/uploads\/2019\/07\/Buonarroti-2-215x300.jpg\" alt=\"\" width=\"600\" height=\"838\" srcset=\"https:\/\/blog.lesgrossesorchadeslesamplesthalameges.fr\/wp-content\/uploads\/2019\/07\/Buonarroti-2-215x300.jpg 215w, https:\/\/blog.lesgrossesorchadeslesamplesthalameges.fr\/wp-content\/uploads\/2019\/07\/Buonarroti-2-768x1072.jpg 768w, https:\/\/blog.lesgrossesorchadeslesamplesthalameges.fr\/wp-content\/uploads\/2019\/07\/Buonarroti-2-733x1024.jpg 733w, https:\/\/blog.lesgrossesorchadeslesamplesthalameges.fr\/wp-content\/uploads\/2019\/07\/Buonarroti-2.jpg 1196w\" sizes=\"(max-width: 600px) 100vw, 600px\" \/><\/a><\/p>\n<p>&nbsp;<\/p>\n<p>&nbsp;<\/p>\n<p style=\"text-align: center;\"><a href=\"http:\/\/blog.lesgrossesorchadeslesamplesthalameges.fr\/wp-content\/uploads\/2019\/07\/Buonarroti-3.jpg\"><img loading=\"lazy\" class=\"alignnone wp-image-5670\" src=\"http:\/\/blog.lesgrossesorchadeslesamplesthalameges.fr\/wp-content\/uploads\/2019\/07\/Buonarroti-3-219x300.jpg\" alt=\"\" width=\"600\" height=\"821\" srcset=\"https:\/\/blog.lesgrossesorchadeslesamplesthalameges.fr\/wp-content\/uploads\/2019\/07\/Buonarroti-3-219x300.jpg 219w, https:\/\/blog.lesgrossesorchadeslesamplesthalameges.fr\/wp-content\/uploads\/2019\/07\/Buonarroti-3-768x1051.jpg 768w, https:\/\/blog.lesgrossesorchadeslesamplesthalameges.fr\/wp-content\/uploads\/2019\/07\/Buonarroti-3-748x1024.jpg 748w, https:\/\/blog.lesgrossesorchadeslesamplesthalameges.fr\/wp-content\/uploads\/2019\/07\/Buonarroti-3.jpg 1220w\" sizes=\"(max-width: 600px) 100vw, 600px\" \/><\/a><\/p>\n<p>&nbsp;<\/p>\n<p>&nbsp;<\/p>\n<p style=\"text-align: center;\"><a href=\"http:\/\/blog.lesgrossesorchadeslesamplesthalameges.fr\/wp-content\/uploads\/2019\/07\/Buonarroti-4.jpg\"><img loading=\"lazy\" class=\"alignnone wp-image-5671\" src=\"http:\/\/blog.lesgrossesorchadeslesamplesthalameges.fr\/wp-content\/uploads\/2019\/07\/Buonarroti-4-218x300.jpg\" alt=\"\" width=\"600\" height=\"824\" srcset=\"https:\/\/blog.lesgrossesorchadeslesamplesthalameges.fr\/wp-content\/uploads\/2019\/07\/Buonarroti-4-218x300.jpg 218w, https:\/\/blog.lesgrossesorchadeslesamplesthalameges.fr\/wp-content\/uploads\/2019\/07\/Buonarroti-4-768x1055.jpg 768w, https:\/\/blog.lesgrossesorchadeslesamplesthalameges.fr\/wp-content\/uploads\/2019\/07\/Buonarroti-4-746x1024.jpg 746w, https:\/\/blog.lesgrossesorchadeslesamplesthalameges.fr\/wp-content\/uploads\/2019\/07\/Buonarroti-4.jpg 1216w\" sizes=\"(max-width: 600px) 100vw, 600px\" \/><\/a><\/p>\n<p>&nbsp;<\/p>\n<p style=\"text-align: center;\"><span style=\"font-family: times new roman, times, serif; font-size: 14pt;\"><strong><em>Cliquer sur les images pour les agrandir<\/em><\/strong><\/span><\/p>\n<p>&nbsp;<\/p>\n<p>&nbsp;<\/p>\n<p>&nbsp;<\/p>\n<p style=\"text-align: center;\"><a href=\"http:\/\/blog.lesgrossesorchadeslesamplesthalameges.fr\/wp-content\/uploads\/2019\/07\/\u00e9toile-rouge-1.gif\"><img loading=\"lazy\" class=\"alignnone size-full wp-image-5636\" src=\"http:\/\/blog.lesgrossesorchadeslesamplesthalameges.fr\/wp-content\/uploads\/2019\/07\/\u00e9toile-rouge-1.gif\" alt=\"\" width=\"50\" height=\"50\" \/><\/a><\/p>\n<p>&nbsp;<\/p>\n<p style=\"text-align: right;\"><span style=\"font-family: comic sans ms, sans-serif; font-size: 14pt;\">Juillet 2019<\/span><\/p>\n<p>&nbsp;<\/p>\n<p>&nbsp;<\/p>\n<p>&nbsp;<\/p>\n","protected":false},"excerpt":{"rendered":"<p>&nbsp; &nbsp; &nbsp; &nbsp; &nbsp; &nbsp; &nbsp; &nbsp; Philippe Buonarroti Conspiration pour l&rsquo;\u00c9galit\u00e9 dite de Babeuf \u00c9ditions La Fabrique, 2015 &nbsp; Pr\u00e9sentation de l\u2019\u00c9diteur\u00a0: Le premier r\u00e9volutionnaire professionnel, l&rsquo;essentiel cha\u00eenon entre Robespierre et Blanqui, l&rsquo;infatigable monteur de soci\u00e9t\u00e9s secr\u00e8tes : tel est Philippe Buonarroti, l&rsquo;auteur de \u00ab La Conspiration pour l&rsquo;\u00c9galit\u00e9 \u00bb. En 1828, lors&#8230;<\/p>\n","protected":false},"author":1,"featured_media":0,"parent":0,"menu_order":0,"comment_status":"open","ping_status":"open","template":"","meta":[],"_links":{"self":[{"href":"https:\/\/blog.lesgrossesorchadeslesamplesthalameges.fr\/index.php\/wp-json\/wp\/v2\/pages\/5665"}],"collection":[{"href":"https:\/\/blog.lesgrossesorchadeslesamplesthalameges.fr\/index.php\/wp-json\/wp\/v2\/pages"}],"about":[{"href":"https:\/\/blog.lesgrossesorchadeslesamplesthalameges.fr\/index.php\/wp-json\/wp\/v2\/types\/page"}],"author":[{"embeddable":true,"href":"https:\/\/blog.lesgrossesorchadeslesamplesthalameges.fr\/index.php\/wp-json\/wp\/v2\/users\/1"}],"replies":[{"embeddable":true,"href":"https:\/\/blog.lesgrossesorchadeslesamplesthalameges.fr\/index.php\/wp-json\/wp\/v2\/comments?post=5665"}],"version-history":[{"count":0,"href":"https:\/\/blog.lesgrossesorchadeslesamplesthalameges.fr\/index.php\/wp-json\/wp\/v2\/pages\/5665\/revisions"}],"wp:attachment":[{"href":"https:\/\/blog.lesgrossesorchadeslesamplesthalameges.fr\/index.php\/wp-json\/wp\/v2\/media?parent=5665"}],"curies":[{"name":"wp","href":"https:\/\/api.w.org\/{rel}","templated":true}]}}