{"id":5867,"date":"2019-08-02T12:48:51","date_gmt":"2019-08-02T10:48:51","guid":{"rendered":"http:\/\/blog.lesgrossesorchadeslesamplesthalameges.fr\/?page_id=5867"},"modified":"2019-08-02T12:48:51","modified_gmt":"2019-08-02T10:48:51","slug":"qui-a-tue-steve-canico","status":"publish","type":"page","link":"https:\/\/blog.lesgrossesorchadeslesamplesthalameges.fr\/index.php\/qui-a-tue-steve-canico\/","title":{"rendered":"Qui a tu\u00e9 Steve Canico ?"},"content":{"rendered":"<p><span style=\"font-family: times new roman, times, serif; font-size: 14pt;\"><strong>\u00a0<\/strong><\/span><\/p>\n<p>&nbsp;<\/p>\n<p>&nbsp;<\/p>\n<p>&nbsp;<\/p>\n<p>&nbsp;<\/p>\n<p>&nbsp;<\/p>\n<p style=\"text-align: center;\"><span style=\"font-family: times new roman, times, serif; font-size: 36pt;\"><strong>Qui a tu\u00e9 Steve Canico? Qui est responsable et pourquoi est-il mort ?<\/strong><\/span><\/p>\n<p>&nbsp;<\/p>\n<p style=\"text-align: center;\"><span style=\"font-family: times new roman, times, serif; font-size: 18pt;\"><strong>R\u00e9gis de Castelnau \u2013 <em>Vu du droit<\/em> \u2013 1.8.2019<\/strong><\/span><\/p>\n<p>&nbsp;<\/p>\n<p>&nbsp;<\/p>\n<p style=\"text-align: center;\"><a href=\"http:\/\/blog.lesgrossesorchadeslesamplesthalameges.fr\/wp-content\/uploads\/2019\/08\/Canico.jpg\"><img loading=\"lazy\" class=\"alignnone wp-image-5855\" src=\"http:\/\/blog.lesgrossesorchadeslesamplesthalameges.fr\/wp-content\/uploads\/2019\/08\/Canico-300x169.jpg\" alt=\"\" width=\"700\" height=\"394\" srcset=\"https:\/\/blog.lesgrossesorchadeslesamplesthalameges.fr\/wp-content\/uploads\/2019\/08\/Canico-300x169.jpg 300w, https:\/\/blog.lesgrossesorchadeslesamplesthalameges.fr\/wp-content\/uploads\/2019\/08\/Canico-768x432.jpg 768w, https:\/\/blog.lesgrossesorchadeslesamplesthalameges.fr\/wp-content\/uploads\/2019\/08\/Canico.jpg 1024w\" sizes=\"(max-width: 700px) 100vw, 700px\" \/><\/a><\/p>\n<p>&nbsp;<\/p>\n<p>&nbsp;<\/p>\n<p style=\"text-align: justify;\"><span style=\"font-family: times new roman, times, serif; font-size: 14pt;\">Depuis la d\u00e9couverte du corps du malheureux Steve Canico dans la Loire, on peut assister \u00e0 l\u2019\u00e9c\u0153urant spectacle d\u2019une course au mensonge et \u00e0 la d\u00e9fausse sous la conduite d\u2019un premier ministre dont on a la confirmation que de toute la bande actuellement au pouvoir, il est le plus dangereux pour nos libert\u00e9s.<\/span><\/p>\n<p style=\"text-align: justify;\"><span style=\"font-family: times new roman, times, serif; font-size: 14pt;\">De fa\u00e7on ent\u00eatante m\u2019est revenue \u00e0 l\u2019esprit l\u2019extraordinaire chanson de Bob Dylan superbement reprise en fran\u00e7ais par Graeme Allwright et entendue dans ma jeunesse : <a href=\"https:\/\/www.youtube.com\/watch?v=R1q1WHqg9l4\">\u00ab Qui a tu\u00e9 Davy Moore ?<\/a> \u00bb Le refrain lancinant pose et repose la question de savoir pourquoi le boxeur Davy Moore est mort sur le ring au cours d\u2019un combat. Chaque couplet imagine la r\u00e9ponse de tous ceux qui sont responsables mais se justifient et se d\u00e9faussent, concluant leurs propos d\u2019un terrible : \u00ab vous ne pouvez pas m\u2019accuser ! \u00bb<\/span><\/p>\n<p style=\"text-align: justify;\"><span style=\"font-family: times new roman, times, serif; font-size: 14pt;\">Eh bien, \u00e0 tous ceux, menteurs, enfumeurs, matraqueurs, et autres nervis politiques du syst\u00e8me macronien, on va r\u00e9torquer : \u00ab si on peut ! \u00bb. Et voici pourquoi.<\/span><\/p>\n<p style=\"text-align: justify;\"><span style=\"font-family: times new roman, times, serif; font-size: 14pt;\">On ne reviendra pas en d\u00e9tail sur les faits sinon pour rappeler que le soir de la f\u00eate de la musique, un concert techno qui se d\u00e9roulait comme tous les ans au bord de la Loire a \u00e9t\u00e9 interrompu par une intervention polici\u00e8re, que <a href=\"https:\/\/www.liberation.fr\/france\/2019\/07\/30\/steve-canico-un-mort-et-des-zones-d-ombre_1742931\">tous les t\u00e9moignages et surtout les vid\u00e9os<\/a> en d\u00e9montrent l\u2019inutilit\u00e9, particuli\u00e8rement violente, et dangereuse pour les participants. On ne s\u2019\u00e9tendra pas non plus sur l\u2019attitude du pouvoir <a href=\"http:\/\/www.europe-solidaire.org\/spip.php?article49640\">qui a ni\u00e9 le probl\u00e8me<\/a> de la disparition du jeune homme, le b\u00e9tonnage de la presse aux ordres pour en faire autant, les ignominies d\u00e9vers\u00e9es par certains, la palme revenant au chef de l\u2019Observatoire national de la d\u00e9linquance disant sur un plateau :<a href=\"https:\/\/www.lesinrocks.com\/2019\/07\/22\/actualite\/societe\/steve-canico-a-pu-se-jeter-a-leau-volontairement-selon-le-chef-de-lobservatoire-national-de-la-delinquance\/\"> \u00ab Il a pu plonger volontairement dans l\u2019eau \u00bb.<\/a><\/span><\/p>\n<p style=\"text-align: justify;\"><span style=\"font-family: times new roman, times, serif; font-size: 14pt;\">Mais pour r\u00e9pondre \u00e0 la question de savoir qui a tu\u00e9 Steve Canico, il faut faire parler le droit.<\/span><\/p>\n<p style=\"text-align: justify;\"><span style=\"font-family: times new roman, times, serif; font-size: 14pt;\">Incontestablement, il a \u00e9t\u00e9 victime de ce que l\u2019on appelle dans le code p\u00e9nal un \u00ab <em>homicide involontaire<\/em> \u00bb, pr\u00e9vu et r\u00e9prim\u00e9 par <a href=\"https:\/\/www.legifrance.gouv.fr\/affichCodeArticle.do?cidTexte=LEGITEXT000006070719&amp;idArticle=LEGIARTI000006417580&amp;dateTexte=20091206\">l\u2019article 221\u20136 du code p\u00e9na<\/a>l, compl\u00e9t\u00e9 ce qui est indispensable par <a href=\"https:\/\/www.legifrance.gouv.fr\/affichCodeArticle.do?cidTexte=LEGITEXT000006070719&amp;idArticle=LEGIARTI000006417206&amp;dateTexte=&amp;categorieLien=cid\">l\u2019article 121\u20133<\/a> qui d\u00e9taille les conditions dans lesquelles l\u2019infraction peut \u00eatre consid\u00e9r\u00e9e comme r\u00e9alis\u00e9e. En effet, en droit fran\u00e7ais, le principe est qu\u2019il n\u2019y a normalement pas d\u2019infractions p\u00e9nales involontaires c\u2019est-\u00e0-dire sans intention de la commettre. Et comme tout principe on a pr\u00e9vu des exceptions, et notamment tout ce qui rel\u00e8ve de l\u2019homicide des blessures involontaires, ce qui explique le d\u00e9tail de l\u2019article 121\u20133. Une autre donn\u00e9e essentielle doit \u00eatre connue, celle de la th\u00e9orie juridique utilis\u00e9e par notre jurisprudence pour appr\u00e9hender et traiter ces infractions involontaires. Lorsque des dommages corporels surviennent, il y a deux possibilit\u00e9s pour identifier ceux qui seront consid\u00e9r\u00e9s comme responsables et pourront \u00eatre ainsi poursuivis. Tout d\u2019abord une vision restreinte appel\u00e9e <em>\u00ab la causalit\u00e9 ad\u00e9quate \u00bb<\/em> qui implique que ne peuvent \u00eatre jug\u00e9s que les auteurs d\u2019actes ayant <strong>un lien direct<\/strong> avec la r\u00e9alisation du dommage. L\u2019autre approche est celle <em>de \u00ab l\u2019\u00e9quivalence des conditions<\/em> \u00bb qui consid\u00e8re que sont responsables tous ceux qui par leurs agissements ou leur abstention ont favoris\u00e9, m\u00eame <strong>indirectement <\/strong>la survenance de la mort ou des blessures. Depuis fort longtemps la jurisprudence fran\u00e7aise a adopt\u00e9 et appliqu\u00e9 la th\u00e9orie de<em> \u00ab l\u2019\u00e9quivalence des conditions <\/em>\u00bb. Prenons un exemple tr\u00e8s simple, celui d\u2019un accident de la circulation dans une petite agglom\u00e9ration o\u00f9 un conducteur circulant trop vite renverse un pi\u00e9ton. Le conducteur sera bien \u00e9videmment poursuivi, mais \u00e9galement le maire qui aurait omis de faire installer les panneaux obligatoires signalant la limitation de vitesse \u00e0 50 km\/h. Cette question a suscit\u00e9 beaucoup de d\u00e9bats avec la multiplication des poursuites intent\u00e9es contre les \u00e9lus locaux et en particulier les maires. Le l\u00e9gislateur a donc adopt\u00e9 un certain nombre de pr\u00e9cisions concernant les possibilit\u00e9s de mise en \u0153uvre de responsabilit\u00e9s des auteurs indirects. Aujourd\u2019hui pour \u00eatre poursuivi pour homicide involontaire, il faut que le d\u00e9c\u00e8s ait \u00e9t\u00e9 produit \u00ab<em> par une maladresse, imprudence, inattention, n\u00e9gligence ou manquement \u00e0 une obligation de prudence ou de s\u00e9curit\u00e9 impos\u00e9e par la loi ou le r\u00e8glement <\/em>\u00bb (article 221\u20136). Et pour les personnes auteurs \u00ab indirects \u00bb l\u2019article 121\u20133 pr\u00e9cise qu\u2019elles \u00ab <em>sont responsables p\u00e9nalement s\u2019il est \u00e9tabli qu\u2019elles ont, soit viol\u00e9 de fa\u00e7on manifestement d\u00e9lib\u00e9r\u00e9e une obligation particuli\u00e8re de prudence ou de s\u00e9curit\u00e9 pr\u00e9vue par la loi ou le r\u00e8glement, soit commis une faute caract\u00e9ris\u00e9e et qui exposait autrui \u00e0 un risque d\u2019une particuli\u00e8re gravit\u00e9 qu\u2019elles ne pouvaient ignorer.<\/em> \u00bb Il y a donc l\u00e0 deux conditions, soit avoir viol\u00e9 un texte pr\u00e9voyant des mesures de s\u00e9curit\u00e9 particuli\u00e8re, soit avoir su que son attitude \u00e9tait dangereuse et n\u2019en avoir pas tenu compte.<\/span><\/p>\n<p style=\"text-align: justify;\"><span style=\"font-family: times new roman, times, serif; font-size: 14pt;\">Ce d\u00e9veloppement fastidieux permet de voir \u00e0 quel point toutes les d\u00e9fenses mises en avant par le pouvoir et ses s\u00e9ides ne sont que la n\u00e9gation d\u2019\u00e9vidences. Ce qui saute aux yeux, \u00e0 l\u2019examen des \u00e9l\u00e9ments d\u2019ores et d\u00e9j\u00e0 irr\u00e9futables dont on dispose, c\u2019est que cette intervention \u00e9tait intempestive, dangereuse, et qu\u2019elle a pris des formes de brutalit\u00e9 totalement injustifi\u00e9e. Et que malgr\u00e9 l\u2019\u00e9vidence du danger d\u00fb \u00e0 la proximit\u00e9 de la Loire rappel\u00e9 plusieurs fois aux policiers, ceux-ci ont expos\u00e9 les participants au concert \u00e0 \u00ab <em>un risque d\u2019une particuli\u00e8re gravit\u00e9 qu\u2019ils ne pouvaient ignorer<\/em> \u00bb. Cela vaut \u00e9videmment pour toute la cha\u00eene de commandement op\u00e9rationnel de cette intervention. Mais aussi pour leurs sup\u00e9rieurs jusqu\u2019au premier ministre qui a organis\u00e9 depuis le 17 novembre 2018 une r\u00e9pression polici\u00e8re massive, d\u2019une violence sans pr\u00e9c\u00e9dent depuis la guerre d\u2019Alg\u00e9rie, o\u00f9 se sont multipli\u00e9es les bavures, les exactions, les mutilations, l\u2019\u00e9tranger assistant effar\u00e9 aux agissements d\u2019une police fran\u00e7aise pour qui la violence est devenue open bar. Et il ne faut pas dire qu\u2019elle serait aujourd\u2019hui \u00ab hors de contr\u00f4le \u00bb, c\u2019est exactement le contraire puisqu\u2019elle ex\u00e9cute docilement les ordres de r\u00e9pression massive et violente donn\u00e9s par ce pouvoir pour casser un mouvement social.<\/span><\/p>\n<p style=\"text-align: justify;\"><span style=\"font-family: times new roman, times, serif; font-size: 14pt;\">\u00ab <a href=\"https:\/\/www.marianne.net\/societe\/justice-mort-steve-canico-igpn-police-philippe\">C\u2019est pas la police dit l\u2019IGPN<\/a>, c\u2019est pas elle qui l\u2019a fait tomber vous ne pouvez pas l\u2019accuser ! \u00bb<\/span><\/p>\n<p style=\"text-align: justify;\"><span style=\"font-family: times new roman, times, serif; font-size: 14pt;\">\u00ab <a href=\"https:\/\/www.cnews.fr\/france\/2019-07-18\/disparition-de-steve-le-commissaire-responsable-de-la-charge-de-la-police-decore\">C\u2019est pas moi dit le commissaire Chassaing<\/a> qui a command\u00e9 l\u2019assaut, c\u2019est pas moi qui l\u2019ai fait tomber vous ne pouvez pas m\u2019accuser ! \u00bb<\/span><\/p>\n<p style=\"text-align: justify;\"><span style=\"font-family: times new roman, times, serif; font-size: 14pt;\">\u00a0\u00ab <a href=\"https:\/\/www.lesinrocks.com\/2019\/07\/29\/actualite\/actualite\/un-rapport-revele-par-mediapart-alourdit-la-responsabilite-du-prefet-dans-la-disparition-de-steve\/\">C\u2019est pas moi dit le pr\u00e9fet d\u2019Harcourt,<\/a> c\u2019est pas moi qui l\u2019ai fait tomber vous ne pouvez pas m\u2019accuser ! \u00bb<\/span><\/p>\n<p style=\"text-align: justify;\"><span style=\"font-family: times new roman, times, serif; font-size: 14pt;\">\u00a0\u00ab <a href=\"https:\/\/www.tf1.fr\/tf1\/jt-20h\/videos\/disparition-de-steve-canico-la-police-hors-de-cause-77688710.html\">C\u2019est pas nous dit le ch\u0153ur des ministres \u00ab int\u00e8gres \u00bb,<\/a> c\u2019est pas nous qui l\u2019avons fait tomber, vous ne pouvez pas nous accuser ! \u00bb<\/span><\/p>\n<p style=\"text-align: justify;\"><span style=\"font-family: times new roman, times, serif; font-size: 14pt;\">Eh bien si ! Vous avez viol\u00e9 de fa\u00e7on manifestement d\u00e9lib\u00e9r\u00e9e des obligations particuli\u00e8res de prudence ou de s\u00e9curit\u00e9 pr\u00e9vue par la loi ou le r\u00e8glement, et vous avez tous commis des fautes caract\u00e9ris\u00e9es qui exposaient autrui \u00e0 des risques d\u2019une particuli\u00e8re gravit\u00e9 que vous ne pouviez ignorer.<\/span><\/p>\n<p style=\"text-align: justify;\"><span style=\"font-family: times new roman, times, serif; font-size: 14pt;\">Eh bien si, <strong>vous<\/strong> l\u2019avez fait tomber, <strong>vous<\/strong> l\u2019avez pouss\u00e9, c\u2019est <strong>vous <\/strong>qui avez tu\u00e9 ce jeune homme de 24 ans. <strong>Vous<\/strong>, ce pouvoir minoritaire, qui se permet tout, transforme la police nationale en milice, instrumentalise une magistrature docile et prot\u00e8ge les voyous dans ses rangs.<\/span><\/p>\n<p style=\"text-align: justify;\"><span style=\"font-family: times new roman, times, serif; font-size: 14pt;\">Eh bien si, c\u2019est vous qui l\u2019avez tu\u00e9 !<\/span><\/p>\n<p style=\"text-align: justify;\"><span style=\"font-family: times new roman, times, serif; font-size: 14pt;\">Et nous n\u2019allons pas cesser de vous en accuser.<\/span><\/p>\n<p style=\"text-align: justify;\"><span style=\"font-family: times new roman, times, serif; font-size: 14pt;\">Source\u00a0: <a href=\"https:\/\/www.vududroit.com\/2019\/08\/qui-a-tue-steve-canico-qui-est-responsable-et-pourquoi-est-il-mort\/\">https:\/\/www.vududroit.com\/2019\/08\/qui-a-tue-steve-canico-qui-est-responsable-et-pourquoi-est-il-mort\/<\/a><\/span><\/p>\n<p style=\"text-align: justify;\"><span style=\"font-family: times new roman, times, serif; font-size: 14pt; color: #c00000;\"><strong><em>Et nous, on ne va pas cesser de relayer R\u00e9gis de Castelnau<\/em><\/strong><\/span><\/p>\n<p>&nbsp;<\/p>\n<p>&nbsp;<\/p>\n<p style=\"text-align: center;\"><a href=\"http:\/\/blog.lesgrossesorchadeslesamplesthalameges.fr\/wp-content\/uploads\/2019\/08\/Justice-bleue-GIF.gif\"><img loading=\"lazy\" class=\"alignnone wp-image-5854\" src=\"http:\/\/blog.lesgrossesorchadeslesamplesthalameges.fr\/wp-content\/uploads\/2019\/08\/Justice-bleue-GIF-300x143.gif\" alt=\"\" width=\"100\" height=\"48\" \/><\/a><\/p>\n<p style=\"text-align: justify;\"><span style=\"font-family: times new roman, times, serif; font-size: 14pt;\"><strong><em>\u00a0<\/em><\/strong><\/span><\/p>\n<p>&nbsp;<\/p>\n<p style=\"text-align: right;\"><span style=\"font-family: comic sans ms, sans-serif; font-size: 14pt;\">Ao\u00fbt 2019<\/span><\/p>\n<p>&nbsp;<\/p>\n<p>&nbsp;<\/p>\n","protected":false},"excerpt":{"rendered":"<p>\u00a0 &nbsp; &nbsp; &nbsp; &nbsp; &nbsp; Qui a tu\u00e9 Steve Canico? Qui est responsable et pourquoi est-il mort ? &nbsp; R\u00e9gis de Castelnau \u2013 Vu du droit \u2013 1.8.2019 &nbsp; &nbsp; &nbsp; &nbsp; Depuis la d\u00e9couverte du corps du malheureux Steve Canico dans la Loire, on peut assister \u00e0 l\u2019\u00e9c\u0153urant spectacle d\u2019une course au mensonge&#8230;<\/p>\n","protected":false},"author":1,"featured_media":0,"parent":0,"menu_order":0,"comment_status":"open","ping_status":"open","template":"","meta":[],"_links":{"self":[{"href":"https:\/\/blog.lesgrossesorchadeslesamplesthalameges.fr\/index.php\/wp-json\/wp\/v2\/pages\/5867"}],"collection":[{"href":"https:\/\/blog.lesgrossesorchadeslesamplesthalameges.fr\/index.php\/wp-json\/wp\/v2\/pages"}],"about":[{"href":"https:\/\/blog.lesgrossesorchadeslesamplesthalameges.fr\/index.php\/wp-json\/wp\/v2\/types\/page"}],"author":[{"embeddable":true,"href":"https:\/\/blog.lesgrossesorchadeslesamplesthalameges.fr\/index.php\/wp-json\/wp\/v2\/users\/1"}],"replies":[{"embeddable":true,"href":"https:\/\/blog.lesgrossesorchadeslesamplesthalameges.fr\/index.php\/wp-json\/wp\/v2\/comments?post=5867"}],"version-history":[{"count":0,"href":"https:\/\/blog.lesgrossesorchadeslesamplesthalameges.fr\/index.php\/wp-json\/wp\/v2\/pages\/5867\/revisions"}],"wp:attachment":[{"href":"https:\/\/blog.lesgrossesorchadeslesamplesthalameges.fr\/index.php\/wp-json\/wp\/v2\/media?parent=5867"}],"curies":[{"name":"wp","href":"https:\/\/api.w.org\/{rel}","templated":true}]}}