{"id":5973,"date":"2019-08-05T21:29:40","date_gmt":"2019-08-05T19:29:40","guid":{"rendered":"http:\/\/blog.lesgrossesorchadeslesamplesthalameges.fr\/?page_id=5973"},"modified":"2019-08-05T21:29:40","modified_gmt":"2019-08-05T19:29:40","slug":"leurope-utilisera-t-elle-les-drones-israeliens-contre-les-refugies","status":"publish","type":"page","link":"https:\/\/blog.lesgrossesorchadeslesamplesthalameges.fr\/index.php\/leurope-utilisera-t-elle-les-drones-israeliens-contre-les-refugies\/","title":{"rendered":"L&rsquo;Europe utilisera-t-elle les drones isra\u00e9liens contre les r\u00e9fugi\u00e9s ?"},"content":{"rendered":"<p>&nbsp;<\/p>\n<p>&nbsp;<\/p>\n<p>&nbsp;<\/p>\n<p>&nbsp;<\/p>\n<p>&nbsp;<\/p>\n<p style=\"text-align: justify;\"><span style=\"color: #c00000;\"><em><span style=\"font-family: times new roman, times, serif; font-size: 18pt;\"><strong>Pour m\u00e9moire\u00a0:<\/strong><\/span><\/em><\/span><\/p>\n<p style=\"text-align: justify;\"><span style=\"font-family: times new roman, times, serif; font-size: 14pt;\"><strong>\u00a0<\/strong><\/span><\/p>\n<p style=\"text-align: center;\"><span style=\"font-family: times new roman, times, serif; font-size: 36pt;\"><strong>L\u2019Europe utilisera-t-elle les drones isra\u00e9liens contre les r\u00e9fugi\u00e9s ?<\/strong><\/span><\/p>\n<p>&nbsp;<\/p>\n<p>&nbsp;<\/p>\n<p style=\"text-align: center;\"><span style=\"font-family: times new roman, times, serif; font-size: 18pt;\"><a href=\"https:\/\/www.investigaction.net\/fr\/author\/mark-akkerman\/\"><strong>Mark Akkerman<\/strong><\/a><strong> \u2013 <em>Investig\u2019Action<\/em> \u2013 8.11.2018<\/strong><\/span><\/p>\n<p>&nbsp;<\/p>\n<p style=\"text-align: center;\"><img loading=\"lazy\" class=\"alignnone wp-image-5947\" src=\"http:\/\/blog.lesgrossesorchadeslesamplesthalameges.fr\/wp-content\/uploads\/2019\/08\/DRONES-1-GIF-300x290.gif\" alt=\"\" width=\"500\" height=\"484\" \/><\/p>\n<p>&nbsp;<\/p>\n<p>&nbsp;<\/p>\n<p style=\"text-align: justify;\"><span style=\"font-family: times new roman, times, serif; font-size: 14pt;\"><strong>En mati\u00e8re de s\u00e9curit\u00e9, Isra\u00ebl en connait un rayon. Ses entreprises sont particuli\u00e8rement actives sur ce march\u00e9 lucratif et peuvent d\u00e9montrer l\u2019efficacit\u00e9 de leurs produits en prenant les Palestiniens comme cobayes. Pour contr\u00f4ler l\u2019arriv\u00e9e de r\u00e9fugi\u00e9s, l\u2019agence europ\u00e9enne Frontex s\u2019int\u00e9resse ainsi de pr\u00e8s au drone Heron. L\u2019engin a fait ses \u00ab\u00a0preuves au combat\u00a0\u00bb durant l\u2019op\u00e9ration Plomb durci. (IGA)<\/strong><\/span><\/p>\n<p>&nbsp;<\/p>\n<p style=\"text-align: justify;\"><span style=\"font-family: times new roman, times, serif; font-size: 14pt;\">En septembre, l\u2019Agence de surveillance des fronti\u00e8res de l\u2019Union europ\u00e9enne Frontex\u00a0<a href=\"https:\/\/frontex.europa.eu\/media-centre\/news-release\/frontex-begins-testing-unmanned-aircraft-for-border-surveillance-zSQ26A\">a annonc\u00e9<\/a>\u00a0le d\u00e9marrage de vols d\u2019essais de drones en Italie, en Gr\u00e8ce et au Portugal. Il y avait une omission majeure dans la d\u00e9claration de Frontex : le type de drones test\u00e9 avait \u00e9t\u00e9 utilis\u00e9 auparavant pour attaquer Gaza.<\/span><\/p>\n<p style=\"text-align: justify;\"><span style=\"font-family: times new roman, times, serif; font-size: 14pt;\">Certains d\u00e9tails sur les compagnies impliqu\u00e9es dans ces essais ont \u00e9t\u00e9 publi\u00e9s plus t\u00f4t cette ann\u00e9e. Un \u00ab\u00a0<a href=\"https:\/\/ted.europa.eu\/TED\/notice\/udl?uri=TED:NOTICE:10629-2018:TEXT:EN:HTML\">avis d\u2019attribution de march\u00e9<\/a>\u00a0\u00bb a r\u00e9v\u00e9l\u00e9 qu\u2019Israel Aerospace Industries \u00e9tait l\u2019un des deux fournisseurs s\u00e9lectionn\u00e9s.<\/span><\/p>\n<p style=\"text-align: justify;\"><span style=\"font-family: times new roman, times, serif; font-size: 14pt;\">Israel Aerospace Industries a re\u00e7u 5.,5 millions de dollars pour jusqu\u2019\u00e0 600 heures de vols d\u2019essais.<\/span><\/p>\n<p style=\"text-align: justify;\"><span style=\"font-family: times new roman, times, serif; font-size: 14pt;\">Le drone qu\u2019Israel Aerospace Industries\u00a0<a href=\"http:\/\/www.iai.co.il\/2013\/35738-en\/Groups_Military_Aircraft_MALAT.aspx\">offre<\/a>\u00a0pour la surveillance maritime s\u2019appelle le\u00a0<em>Heron<\/em>.<\/span><\/p>\n<p>&nbsp;<\/p>\n<p>&nbsp;<\/p>\n<p style=\"text-align: center;\"><a href=\"http:\/\/blog.lesgrossesorchadeslesamplesthalameges.fr\/wp-content\/uploads\/2019\/08\/DRONE-2.jpg\"><img loading=\"lazy\" class=\"alignnone wp-image-5976\" src=\"http:\/\/blog.lesgrossesorchadeslesamplesthalameges.fr\/wp-content\/uploads\/2019\/08\/DRONE-2-300x208.jpg\" alt=\"\" width=\"600\" height=\"416\" srcset=\"https:\/\/blog.lesgrossesorchadeslesamplesthalameges.fr\/wp-content\/uploads\/2019\/08\/DRONE-2-300x208.jpg 300w, https:\/\/blog.lesgrossesorchadeslesamplesthalameges.fr\/wp-content\/uploads\/2019\/08\/DRONE-2.jpg 480w\" sizes=\"(max-width: 600px) 100vw, 600px\" \/><\/a><\/p>\n<p style=\"text-align: center;\"><span style=\"font-family: times new roman, times, serif; font-size: 12pt;\"><strong><em>Le drone Heron, qui p\u00e8se plus de 1 000 kilos et a une envergure de plus de 16 m\u00e8tres, peut voler jusqu\u2019\u00e0 52 heures \u00e0 une altitude de 10 000 m\u00e8tres (35 000 pieds) \u2013 \u00e0 peu pr\u00e8s la m\u00eame hauteur qu\u2019un avion de ligne commercial. Les \u00c9tats-Unis, le Canada, l\u2019Inde, la Turquie, l\u2019Australie et le Maroc ont tous achet\u00e9 des Heron \u00e0 des fins tactiques et de reconnaissance. Destin\u00e9 \u00e0 la collecte de renseignements, le drone peut \u00e9galement \u00eatre arm\u00e9 : une v\u00e9ritable arme de guerre hybride ! [Note de Tlaxcala]<\/em><\/strong><\/span><\/p>\n<p>&nbsp;<\/p>\n<p>&nbsp;<\/p>\n<p style=\"text-align: justify;\"><span style=\"font-family: times new roman, times, serif; font-size: 14pt;\">Selon le propre site web de la compagnie, le\u00a0<em>Heron<\/em>\u00a0a \u00ab\u00a0fait ses preuves au combat\u00a0\u00bb. C\u2019est une expression cod\u00e9e signifiant qu\u2019il a \u00e9t\u00e9 employ\u00e9 pendant trois attaques majeures d\u2019Isra\u00ebl contre Gaza pendant la derni\u00e8re d\u00e9cennie.<\/span><\/p>\n<p style=\"text-align: justify;\"><span style=\"font-family: times new roman, times, serif; font-size: 14pt;\">Apr\u00e8s l\u2019op\u00e9ration Plomb durci, l\u2019attaque isra\u00e9lienne sur Gaza de fin 2008 et d\u00e9but 2009, une enqu\u00eate de\u00a0<em>Human Rights Watch<\/em>\u00a0<a href=\"https:\/\/www.hrw.org\/report\/2009\/06\/30\/precisely-wrong\/gaza-civilians-killed-israeli-drone-launched-missiles\">a conclu<\/a>\u00a0que des dizaines de civils avaient \u00e9t\u00e9 tu\u00e9s par des missiles lanc\u00e9s \u00e0 partir de drones. Le\u00a0<em>Heron<\/em>\u00a0a \u00e9t\u00e9 identifi\u00e9 comme l\u2019un des principaux drones d\u00e9ploy\u00e9s dans cette offensive.<\/span><\/p>\n<p style=\"text-align: justify;\"><span style=\"font-family: times new roman, times, serif; font-size: 14pt;\">Frontex \u2013 qui\u00a0<a href=\"https:\/\/frontex.europa.eu\/media-centre\/news-release\/frontex-marks-two-years-as-the-european-border-and-coast-guard-agency-ECWley\">expulse<\/a>\u00a0fr\u00e9quemment des r\u00e9fugi\u00e9s d\u2019Europe \u2013 a \u00e9tudi\u00e9 les drones depuis un certain temps. D\u00e9j\u00e0 en 2012, Israel Aerospace Industries\u00a0<a href=\"https:\/\/electronicintifada.net\/blogs\/david-cronin\/eu-border-agency-shops-around-israeli-warplanes\">avait pr\u00e9sent\u00e9<\/a>\u00a0le\u00a0<em>Heron<\/em>\u00a0\u00e0 un \u00e9v\u00e9nement organis\u00e9 par Frontex.<\/span><\/p>\n<p style=\"text-align: justify;\"><span style=\"font-family: times new roman, times, serif; font-size: 14pt;\">Par ses vols d\u2019essais, Frontex permet \u00e0 l\u2019industrie de guerre isra\u00e9lienne d\u2019adapter la technologie test\u00e9e sur les Palestiniens \u00e0 des fins de surveillance. Alors que les dirigeants de l\u2019Union europ\u00e9enne\u00a0<a href=\"https:\/\/eeas.europa.eu\/headquarters\/headquarters-homepage\/50406\/speech-hrvp-mogherini-cases-breaches-human-rights-democracy-and-rule-law-%E2%80%93-situation-uganda_en\">professent<\/a>\u00a0couramment leur souci des droits humains, l\u2019implication de fabricants d\u2019armes pour surveiller les fronti\u00e8res partage plus que quelques similitudes avec les politiques belliqueuses poursuivies par le gouvernement de Donald Trump aux USA.<\/span><\/p>\n<p>&nbsp;<\/p>\n<p style=\"text-align: justify;\"><span style=\"font-family: times new roman, times, serif; font-size: 18pt;\"><strong>Des opportunit\u00e9s commerciales<\/strong><\/span><\/p>\n<p style=\"text-align: justify;\"><span style=\"font-family: times new roman, times, serif; font-size: 14pt;\">Les entreprises isra\u00e9liennes b\u00e9n\u00e9ficient des d\u00e9cisions prises des deux c\u00f4t\u00e9s de l\u2019Atlantique.<\/span><\/p>\n<p style=\"text-align: justify;\"><span style=\"font-family: times new roman, times, serif; font-size: 14pt;\">L\u2019ann\u00e9e derni\u00e8re, Elta \u2013 une filiale d\u2019Israel Aerospace Industries \u2013 a \u00e9t\u00e9\u00a0<a href=\"https:\/\/electronicintifada.net\/blogs\/ali-abunimah\/israeli-arms-maker-picked-build-prototype-trumps-border-wall\">engag\u00e9e<\/a>\u00a0pour dessiner un prototype pour le mur controvers\u00e9 que Trump a propos\u00e9 d\u2019\u00e9tablir le long de la fronti\u00e8re USA- Mexique. Elbit, un autre fabricant isra\u00e9lien de drones, a gagn\u00e9 en 2014 un contrat pour\u00a0<a href=\"https:\/\/www.jpost.com\/International\/Elbit-to-build-surveillance-towers-on-Arizonas-border-with-Mexico-344005\">construire<\/a>des tours de surveillance entre l\u2019Arizona et le Mexique.<\/span><\/p>\n<p style=\"text-align: justify;\"><span style=\"font-family: times new roman, times, serif; font-size: 14pt;\">Les m\u00eames compagnies poursuivent les opportunit\u00e9s commerciales en Europe.<\/span><\/p>\n<p style=\"text-align: justify;\"><span style=\"font-family: times new roman, times, serif; font-size: 14pt;\">Elta a \u00e9t\u00e9 en contact avec divers gouvernements \u00e0 propos de leur syst\u00e8me \u00ab\u00a0de patrouille virtuelle des fronti\u00e8res\u00a0\u00bb \u2013 qui est bas\u00e9 sur l\u2019interception des communications t\u00e9l\u00e9phoniques des mobiles et l\u2019espionnage des usagers d\u2019internet. Pour fournir un pr\u00e9texte \u00e0 une telle intrusion, la compagnie joue sur la politique de la peur. Amnon Sofrin, un dirigeant d\u2019Elta qui occupait auparavant une position de premier plan dans l\u2019agence isra\u00e9lienne d\u2019espionnage et d\u2019assassinat du Mossad, a\u00a0<a href=\"https:\/\/www.jpost.com\/Israel-News\/Europe-in-talks-with-IAI-to-find-border-security-solution-438251\">recommand\u00e9<\/a>\u00a0que l\u2019Europe choisisse en priorit\u00e9 la \u00ab\u00a0s\u00e9curit\u00e9\u00a0\u00bb plut\u00f4t que les libert\u00e9s civiles.<\/span><\/p>\n<p style=\"text-align: justify;\"><span style=\"font-family: times new roman, times, serif; font-size: 14pt;\">L\u2019entreprise isra\u00e9lienne Magal Systems cherche aussi des contrats en Europe. Magal a install\u00e9 ce qu\u2019elle appelle une barri\u00e8re \u00ab\u00a0intelligente\u00a0\u00bb \u2014 livr\u00e9e avec des capteurs et un \u00e9quipement avanc\u00e9 de cam\u00e9ras \u2013 le long de la fronti\u00e8re d\u2019Isra\u00ebl avec Gaza.<\/span><\/p>\n<p style=\"text-align: justify;\"><span style=\"font-family: times new roman, times, serif; font-size: 14pt;\">Saar Koush, jusqu\u2019\u00e0 r\u00e9cemment le PDG de Magal, a argu\u00e9 que le r\u00f4le de l\u2019entreprise dans la mise en place d\u2019un si\u00e8ge des deux millions d\u2019habitants de Gaza leur donnait un argument commercial unique \u2013 ou au moins rare. \u00ab\u00a0Tout le monde peut vous donner un tr\u00e8s joli Powerpoint, mais peu de gens peuvent vous montrer un projet aussi complexe que Gaza, qui est constamment test\u00e9 en combat \u00bb,\u00a0<a href=\"https:\/\/forward.com\/news\/israel\/346734\/israeli-builders-behind-gaza-wall-see-growth-in-europe-africa-and-trump\/\">a dit<\/a>\u00a0Koush.<\/span><\/p>\n<p>&nbsp;<\/p>\n<p style=\"text-align: justify;\"><span style=\"font-family: times new roman, times, serif; font-size: 18pt;\"><strong>Apprendre d\u2019Isra\u00ebl ?<\/strong><\/span><\/p>\n<p style=\"text-align: justify;\"><span style=\"font-family: times new roman, times, serif; font-size: 14pt;\">Frontex est en contact avec d\u2019autres entreprises isra\u00e9liennes.<\/span><\/p>\n<p style=\"text-align: justify;\"><span style=\"font-family: times new roman, times, serif; font-size: 14pt;\">En juin de cette ann\u00e9e, l\u2019Union europ\u00e9enne a publi\u00e9 une\u00a0<a href=\"https:\/\/ted.europa.eu\/TED\/notice\/udl?uri=TED:NOTICE:249435-2018:TEXT:NL:HTML&amp;tabId=1\">notice<\/a>\u00a0montrant que la compagnie isra\u00e9lienne Windward avait gagn\u00e9 un contrat de pr\u00e8s d\u2019 1 million de dollars pour travailler \u00e0 un projet d\u2019\u00ab\u00a0analyse maritime\u00a0\u00bb organis\u00e9 par Frontex. Gabi Ashkenazi, un ancien chef de l\u2019arm\u00e9e isra\u00e9lienne, est\u00a0<a href=\"https:\/\/en.globes.co.il\/en\/article-windward-raises-165m-1001243973\">conseiller<\/a>\u00a0\u00e0 Windward ; David Petraeus, qui a command\u00e9 les troupes US occupant l\u2019Irak et l\u2019Afghanistan, est l\u2019un de ses investisseurs.<\/span><\/p>\n<p style=\"text-align: justify;\"><span style=\"font-family: times new roman, times, serif; font-size: 14pt;\">Dans son\u00a0<a href=\"https:\/\/frontex.europa.eu\/assets\/Key_Documents\/Annual_report\/2016\/Annual_Activity_Report_2016.pdf\">rapport annuel 2016<\/a>, Frontex d\u00e9clarait que \u00ab\u00a0les premiers pas avaient \u00e9t\u00e9 faits afin de d\u00e9velopper des relations \u201cstrat\u00e9giques\u201d avec Isra\u00ebl\u00a0\u00bb. Frontex a ult\u00e9rieurement\u00a0<a href=\"https:\/\/frontex.europa.eu\/assets\/Management_Board\/decisions\/MB_Decision_38_2017_on_Frontex_Programming_Document_2018-2020.pdf\">exprim\u00e9<\/a>\u00a0son intention d\u2019accro\u00eetre cette coop\u00e9ration d\u2019ici 2020.<\/span><\/p>\n<p style=\"text-align: justify;\"><span style=\"font-family: times new roman, times, serif; font-size: 14pt;\">Un point cl\u00e9 est \u00ab\u00a0l\u2019apprentissage mutuel\u00a0\u00bb. Il est plus que probable qu\u2019il s\u2019agisse d\u2019un euph\u00e9misme pour \u00e9changer des notes sur les tactiques qui devraient \u00eatre utilis\u00e9es contre les gens fuyant la pauvret\u00e9 ou la pers\u00e9cution.<\/span><\/p>\n<p style=\"text-align: justify;\"><span style=\"font-family: times new roman, times, serif; font-size: 14pt;\">Isra\u00ebl a une r\u00e9putation effroyable en ce qui concerne le traitement des r\u00e9fugi\u00e9s. Des Africains vivant en Isra\u00ebl ont \u00e9t\u00e9 sujets \u00e0 des mauvais traitements racistes de la part des plus hauts niveaux du gouvernement. Benjamin Netanyahou, le Premier ministre, les a\u00a0<a href=\"https:\/\/electronicintifada.net\/content\/african-refugees-get-no-reprieve-israels-racist-rage\/23866\">\u00e9tiquet\u00e9s<\/a>\u00a0comme des \u00ab\u00a0infiltr\u00e9s \u00bb.<\/span><\/p>\n<p style=\"text-align: justify;\"><span style=\"font-family: times new roman, times, serif; font-size: 14pt;\">Un autre ministre du gouvernement a\u00a0<a href=\"https:\/\/electronicintifada.net\/blogs\/ali-abunimah\/israeli-lawmaker-miri-regev-heaven-forbid-we-compare-africans-human-beings\">soutenu<\/a>\u00a0que les Africains ne peuvent \u00eatre consid\u00e9r\u00e9s comme des humains.<\/span><\/p>\n<p style=\"text-align: justify;\"><span style=\"font-family: times new roman, times, serif; font-size: 14pt;\">Selon l\u2019institut de sondage Gallup, Isra\u00ebl est l\u2019un des pays\u00a0<a href=\"https:\/\/news.gallup.com\/poll\/216377\/new-index-shows-least-accepting-countries-migrants.aspx\">les moins hospitaliers<\/a>\u00a0du monde pour les demandeurs d\u2019asile. Malgr\u00e9 sa proximit\u00e9 g\u00e9ographique avec la Syrie, Isra\u00ebl a\u00a0<a href=\"https:\/\/www.reuters.com\/article\/us-mideast-crisis-syria-israel\/israel-will-not-accept-any-syrian-refugees-on-its-territory-defense-minister-idUSKBN1JP10E\">refus\u00e9<\/a>\u00a0l\u2019entr\u00e9e aux victimes de la guerre en cours.<\/span><\/p>\n<p style=\"text-align: justify;\"><span style=\"font-family: times new roman, times, serif; font-size: 14pt;\">L\u2019an dernier, Netanyahou a \u00e9t\u00e9\u00a0<a href=\"https:\/\/www.timesofisrael.com\/in-overheard-comments-netanyahu-lashes-eus-crazy-policy-on-israel\/\">entendu<\/a>\u00a0disant aux dirigeants du groupe de Visegrad (ou Visegrad 4) \u2013 la Hongrie, la Pologne, la R\u00e9publique tch\u00e8que et la Slovaquie \u2013 qu\u2019ils devraient fermer leurs fronti\u00e8res aux r\u00e9fugi\u00e9s. Il a aussi d\u00e9clar\u00e9 qu\u2019Isra\u00ebl joue un r\u00f4le important dans la r\u00e9duction de la migration vers l\u2019Europe et sugg\u00e9r\u00e9 qu\u2019Isra\u00ebl devrait \u00eatre r\u00e9compens\u00e9 pour cela.<\/span><\/p>\n<p style=\"text-align: justify;\"><span style=\"font-family: times new roman, times, serif; font-size: 14pt;\">L\u2019identification d\u2019Isra\u00ebl comme partenaire pour une \u00ab\u00a0coop\u00e9ration str\u00e9at\u00e9gique\u00a0\u00bb\u00a0 avec Frontex est inqui\u00e9tante en soi. Les pr\u00e9paratifs pour utiliser les outils de r\u00e9pression d\u2019Isra\u00ebl contre les r\u00e9fugi\u00e9s faisant route vers l\u2019Europe le sont encore plus.<\/span><\/p>\n<p>&nbsp;<\/p>\n<p>&nbsp;<\/p>\n<p style=\"text-align: center;\"><a href=\"http:\/\/blog.lesgrossesorchadeslesamplesthalameges.fr\/wp-content\/uploads\/2019\/08\/DRONE-3-1.jpg\"><img loading=\"lazy\" class=\"alignnone wp-image-5977\" src=\"http:\/\/blog.lesgrossesorchadeslesamplesthalameges.fr\/wp-content\/uploads\/2019\/08\/DRONE-3-1-300x273.jpg\" alt=\"\" width=\"600\" height=\"546\" srcset=\"https:\/\/blog.lesgrossesorchadeslesamplesthalameges.fr\/wp-content\/uploads\/2019\/08\/DRONE-3-1-300x273.jpg 300w, https:\/\/blog.lesgrossesorchadeslesamplesthalameges.fr\/wp-content\/uploads\/2019\/08\/DRONE-3-1.jpg 700w\" sizes=\"(max-width: 600px) 100vw, 600px\" \/><\/a><\/p>\n<p style=\"text-align: center;\"><span style=\"font-family: times new roman, times, serif; font-size: 12pt;\"><strong><em>En novembre 2010, lors d\u2019une visite officielle de Shimon Peres, le Br\u00e9sil et Isra\u00ebl ont sign\u00e9 un accord pour la fourniture de 14 drones Heron, d\u2019une valeur de 350 millions de $, destin\u00e9s aux forces de s\u00e9curit\u00e9 br\u00e9siliennes :\u00a0\u00ab\u00a0Maintenant, on va pouvoir tuer les pauvres au Br\u00e9sil aussi efficacement que vous tuez les Palestiniens !\u00a0\u00bb &#8211; Dessin de Carlos Latuff<\/em><\/strong><\/span><\/p>\n<p>&nbsp;<\/p>\n<p>&nbsp;<\/p>\n<p style=\"text-align: justify;\"><span style=\"font-family: times new roman, times, serif; font-size: 14pt;\">Source\u00a0: <\/span><a href=\"https:\/\/www.investigaction.net\/fr\/leurope-utilisera-t-elle-les-drones-israeliens-contre-les-refugies\/\"><span style=\"font-family: times new roman, times, serif; font-size: 14pt;\">https:\/\/www.investigaction.net\/fr\/leurope-utilisera-t-elle-les-drones-israeliens-contre-les-refugies\/<\/span><\/a><\/p>\n<p>&nbsp;<\/p>\n<p>&nbsp;<\/p>\n<p>&nbsp;<\/p>\n<p style=\"text-align: center;\"><a href=\"http:\/\/blog.lesgrossesorchadeslesamplesthalameges.fr\/wp-content\/uploads\/2019\/08\/Hydre-deux-GIF.gif\"><img loading=\"lazy\" class=\"alignnone wp-image-5936\" src=\"http:\/\/blog.lesgrossesorchadeslesamplesthalameges.fr\/wp-content\/uploads\/2019\/08\/Hydre-deux-GIF.gif\" alt=\"\" width=\"100\" height=\"84\" \/><\/a><\/p>\n<p>&nbsp;<\/p>\n<p>&nbsp;<\/p>\n<p style=\"text-align: right;\"><span style=\"font-family: comic sans ms, sans-serif; font-size: 14pt;\">Ao\u00fbt 2019<\/span><\/p>\n<p>&nbsp;<\/p>\n<p>&nbsp;<\/p>\n<p>&nbsp;<\/p>\n","protected":false},"excerpt":{"rendered":"<p>&nbsp; &nbsp; &nbsp; &nbsp; &nbsp; Pour m\u00e9moire\u00a0: \u00a0 L\u2019Europe utilisera-t-elle les drones isra\u00e9liens contre les r\u00e9fugi\u00e9s ? &nbsp; &nbsp; Mark Akkerman \u2013 Investig\u2019Action \u2013 8.11.2018 &nbsp; &nbsp; &nbsp; En mati\u00e8re de s\u00e9curit\u00e9, Isra\u00ebl en connait un rayon. Ses entreprises sont particuli\u00e8rement actives sur ce march\u00e9 lucratif et peuvent d\u00e9montrer l\u2019efficacit\u00e9 de leurs produits en prenant&#8230;<\/p>\n","protected":false},"author":1,"featured_media":0,"parent":0,"menu_order":0,"comment_status":"open","ping_status":"open","template":"","meta":[],"_links":{"self":[{"href":"https:\/\/blog.lesgrossesorchadeslesamplesthalameges.fr\/index.php\/wp-json\/wp\/v2\/pages\/5973"}],"collection":[{"href":"https:\/\/blog.lesgrossesorchadeslesamplesthalameges.fr\/index.php\/wp-json\/wp\/v2\/pages"}],"about":[{"href":"https:\/\/blog.lesgrossesorchadeslesamplesthalameges.fr\/index.php\/wp-json\/wp\/v2\/types\/page"}],"author":[{"embeddable":true,"href":"https:\/\/blog.lesgrossesorchadeslesamplesthalameges.fr\/index.php\/wp-json\/wp\/v2\/users\/1"}],"replies":[{"embeddable":true,"href":"https:\/\/blog.lesgrossesorchadeslesamplesthalameges.fr\/index.php\/wp-json\/wp\/v2\/comments?post=5973"}],"version-history":[{"count":0,"href":"https:\/\/blog.lesgrossesorchadeslesamplesthalameges.fr\/index.php\/wp-json\/wp\/v2\/pages\/5973\/revisions"}],"wp:attachment":[{"href":"https:\/\/blog.lesgrossesorchadeslesamplesthalameges.fr\/index.php\/wp-json\/wp\/v2\/media?parent=5973"}],"curies":[{"name":"wp","href":"https:\/\/api.w.org\/{rel}","templated":true}]}}