{"id":6174,"date":"2019-08-18T18:40:26","date_gmt":"2019-08-18T16:40:26","guid":{"rendered":"http:\/\/blog.lesgrossesorchadeslesamplesthalameges.fr\/?page_id=6174"},"modified":"2019-08-18T18:41:24","modified_gmt":"2019-08-18T16:41:24","slug":"comment-teheran-sinsere-dans-la-strategie-russie-chine","status":"publish","type":"page","link":"https:\/\/blog.lesgrossesorchadeslesamplesthalameges.fr\/index.php\/comment-teheran-sinsere-dans-la-strategie-russie-chine\/","title":{"rendered":"Comment T\u00e9h\u00e9ran s&rsquo;ins\u00e8re dans la strat\u00e9gie Russie-Chine"},"content":{"rendered":"<p>&nbsp;<\/p>\n<p>&nbsp;<\/p>\n<p>&nbsp;<\/p>\n<p>&nbsp;<\/p>\n<p>&nbsp;<\/p>\n<p style=\"text-align: center;\"><span style=\"font-family: times new roman, times, serif; font-size: 36pt;\"><strong>Comment T\u00e9h\u00e9ran s\u2019ins\u00e8re dans la strat\u00e9gie Russie-Chine<\/strong><\/span><\/p>\n<p style=\"text-align: center;\"><span style=\"font-family: times new roman, times, serif;\"><u>\u00a0<\/u><\/span><\/p>\n<p style=\"text-align: center;\"><span style=\"font-family: times new roman, times, serif; font-size: 18pt;\"><strong>Pepe Escobar \u2013 <em>The Saker.is<\/em> \u2013 12.8.2019<\/strong><\/span><\/p>\n<p style=\"text-align: center;\"><span style=\"font-family: times new roman, times, serif; font-size: 18pt;\"><strong>pos\u00e9 avec permission<\/strong><\/span><\/p>\n<p>&nbsp;<\/p>\n<p>&nbsp;<\/p>\n<p style=\"text-align: center;\"><a href=\"http:\/\/blog.lesgrossesorchadeslesamplesthalameges.fr\/wp-content\/uploads\/2019\/08\/Stena-Impero.jpg\"><img loading=\"lazy\" class=\"alignnone wp-image-6157\" src=\"http:\/\/blog.lesgrossesorchadeslesamplesthalameges.fr\/wp-content\/uploads\/2019\/08\/Stena-Impero-300x181.jpg\" alt=\"\" width=\"600\" height=\"361\" srcset=\"https:\/\/blog.lesgrossesorchadeslesamplesthalameges.fr\/wp-content\/uploads\/2019\/08\/Stena-Impero-300x181.jpg 300w, https:\/\/blog.lesgrossesorchadeslesamplesthalameges.fr\/wp-content\/uploads\/2019\/08\/Stena-Impero.jpg 354w\" sizes=\"(max-width: 600px) 100vw, 600px\" \/><\/a><\/p>\n<p>&nbsp;<\/p>\n<p>&nbsp;<\/p>\n<p style=\"text-align: justify;\"><span style=\"font-family: times new roman, times, serif; font-size: 14pt;\">Une image pr\u00e9lev\u00e9e dans une \u00e9mission de la t\u00e9l\u00e9vision\u00a0 de la R\u00e9publique Islamique d\u2019Iran le 22 juillet montre des vedettes rapides des Gardiens de laz R\u00e9volution patrouillant a utour du tanker <em>Stena Impero<\/em>, \u00e0 l\u2019ancre au large du port iranien de Bandar Abbas (Photo AFP\/HD\/IRIB)<\/span><\/p>\n<p style=\"text-align: justify;\"><span style=\"font-family: times new roman, times, serif; font-size: 14pt;\">Le mot \u201ccomplexe\u201d ne commence m\u00eame pas \u00e0 d\u00e9crire le positionnement Iran-Russie sur l\u2019\u00e9chiquier g\u00e9opolitique. Ce qui est clair, en ce volatile moment, c\u2019est qu\u2019ils sont partenaires, <a href=\"http:\/\/blog.lesgrossesorchadeslesamplesthalameges.fr\/index.php\/une-attaque-contre-liran-serait-une-attaque-contre-la-russie\/\">ainsi que je l\u2019ai pr\u00e9c\u00e9demment rapport\u00e9<\/a>. Bien qu\u2019ils ne soient pas des partenaires strat\u00e9giques, comme dans le cas du lien Russie-Chine, l\u2019alliance Russie-Chine-Iran reste la triade cruciale dans le processus \u00e0 facettes multiples du processus \u00e0 long terme en cours de l\u2019int\u00e9gration eurasiatique.<\/span><\/p>\n<p style=\"text-align: justify;\"><span style=\"font-family: times new roman, times, serif; font-size: 14pt;\">Quelques jours apr\u00e8s notre reportage de l\u2019<em>Asia Times<\/em>, un <a href=\"https:\/\/oilprice.com\/Energy\/Energy-General\/Russia-Gains-Stranglehold-Over-Persian-Gulf.html\">article<\/a> \u2013 se basant sur \u00ab\u00a0des sources autoris\u00e9es proches du r\u00e9gime iranien\u00a0\u00bb et bourr\u00e9 d\u2019accusations de corruption alarmistes autant qu\u2019infond\u00e9es et sur une ignorance absolue des questions militaires-cl\u00e9s \u2013 a pr\u00e9tendu que la Russie allait faire, des ports de Bandar Abbas et de Chabahar, des bases militaires avanc\u00e9es, avec sous-marins, forces Spetsnaz sp\u00e9ciales, avions de chasse polyvalents SU-57 et tout et tout, appliquant de la sorte une \u00ab\u00a0mainmise russe\u00a0\u00bb sur le Golfe Persique.<span style=\"color: #c00000;\">*<\/span><\/span><\/p>\n<p style=\"text-align: justify;\"><span style=\"font-family: times new roman, times, serif; font-size: 14pt;\">Pour commencer, des \u201csources autoris\u00e9es proches du r\u00e9gime iranien\u201d ne r\u00e9v\u00e9leraient jamais des d\u00e9tails aussi sensibles se rapportant \u00e0 la s\u00e9curit\u00e9 nationale, et surtout pas \u00e0 des m\u00e9dias \u00e9tranger, anglo-saxons de surcro\u00eet. Pour ma part, et bien que j\u2019aie fait plusieurs s\u00e9jours en Iran, lors de reportages pour l\u2019<em>Asia Times<\/em>, alors que les autorit\u00e9s \u00e0 tous les niveaux imaginables savent parfaitement d\u2019o\u00f9 je viens, je n\u2019ai jamais r\u00e9ussi \u00e0 obtenir des r\u00e9ponses aux 16 questions d\u00e9taill\u00e9es que j\u2019ai pos\u00e9es au Corps des Gardiens de la R\u00e9volution islamique il y a \u00e0 peu pr\u00e8s un mois. D\u2019apr\u00e8s mes interlocuteurs, elles sont estim\u00e9es \u00ab\u00a0trop sensibles\u00a0\u00bb et \u2013 oui \u2013 affaire de s\u00e9curit\u00e9 nationale.<\/span><\/p>\n<p style=\"text-align: justify;\"><span style=\"font-family: times new roman, times, serif; font-size: 14pt;\">Comme c\u2019\u00e9tait \u00e0 pr\u00e9voir, le reportage susmentionn\u00e9 a \u00e9t\u00e9 <a href=\"https:\/\/www.moonofalabama.org\/2019\/08\/no-there-will-be-no-russian-base-in-iran.html#comments\">enti\u00e8rement d\u00e9menti<\/a>. Une de mes sources au sommet, \u00e0 T\u00e9h\u00e9ran, a \u00e9t\u00e9 cat\u00e9gorique\u00a0: \u00ab\u00a0absolument faux\u00a0!\u00a0\u00bb Apr\u00e8s tout, la Constitution interdit formellement la pr\u00e9sence de troupes \u00e9trang\u00e8res sur le territoire national. Le Majlis \u2013 Parlement iranien \u2013 n\u2019approuverait jamais une telle d\u00e9marche, \u00e0 moins d\u2019un cas extr\u00eame comme pourrait l\u2019\u00eatre une attaque militaire US.<\/span><\/p>\n<p style=\"text-align: justify;\"><span style=\"font-family: times new roman, times, serif; font-size: 14pt;\">Tout comme dans la coop\u00e9ration militaire Russie-Iran, les prochains exercices militaires conjoints, \u00ab\u00a0dans la partie nord de l\u2019Oc\u00e9an Indien\u00a0\u00bb y compris le D\u00e9troit d\u2019Ortmuz, sont une premi\u00e8re absolue, qui n\u2019a pu \u00eatre rendue possible que par un accord exceptionnel.<\/span><\/p>\n<p style=\"text-align: justify;\"><span style=\"font-family: times new roman, times, serif; font-size: 14pt;\">L\u2019analyste Gennady Nechaev est plus pr\u00e8s de la r\u00e9alit\u00e9 quand il note que, dans l\u2019\u00e9ventualit\u00e9 d\u2019une augmentation de la coop\u00e9ration Russie-Iran, il pourrait devenir possible qu\u2019une base permanente soit am\u00e9nag\u00e9e dans un des ports iraniens, pour permettre \u00e0 la flotte russe d\u2019y stationner, \u00e0 proximit\u00e9 d\u2019un a\u00e9roport, arrangement qui serait identique \u00e0 celui de Tartus &amp; Hmeimin, sur la c\u00f4te m\u00e9diterran\u00e9enne de la Syrie. On n\u2019en arriverait l\u00e0, cependant, qu\u2019au bout d\u2019une route longue et sinueuse..<\/span><\/p>\n<p style=\"text-align: justify;\"><span style=\"font-family: times new roman, times, serif; font-size: 14pt;\">Et ceci nous am\u00e8ne \u00e0 Chabahar, qui pose une question int\u00e9ressante. Chabahar est un port de haute mer du Golfe d\u2019Oman et un point-cl\u00e9 dans la mini-route de la soie envisag\u00e9e par l\u2019Inde. L\u2019Inde a beaucoup investi \u00e0 Chabahar, pour que ce port soit connect\u00e9 \u00e0 l\u2019Afghanistan et \u00e0 l\u2019Asie Centrale par des autoroutes, et au Caucase, plus tard, par des voies ferr\u00e9es. Tout cela afin d\u2019avoir ses propres routes commerciales pour contourner le Pakistan.<\/span><\/p>\n<p style=\"text-align: justify;\"><span style=\"font-family: times new roman, times, serif; font-size: 14pt;\">Chabahar, cependant, peut \u00e9galement devenir un n\u0153ud important des Nouvelles Routes de la Soie, ou <em>Belt &amp; Road Initiative<\/em> (OBOR). L\u2019Inde et la Chine sont \u2013 tout comme la Russie \u2013membres de l\u2019Organisation de coop\u00e9ration de Shangha\u00ef (OSC). T\u00f4t ou tard l\u2019Iran en deviendra aussi un membre \u00e0 part enti\u00e8re. C\u2019est seulement alors qu\u2019une possibilit\u00e9 \u00ab\u00a0pourrait\u00a0\u00bb survenir \u2013 et il faut insister sur le conditionnel \u2013 pour que la flotte russe (ou la flotte chinoise) soit occasionnellement autoris\u00e9e \u00e0 s\u2019amarrer \u00e0 Chandagar, mais toujours pas \u00e0 l\u2019utiliser comme base militaire avanc\u00e9e.<\/span><\/p>\n<p>&nbsp;<\/p>\n<p style=\"text-align: justify;\"><span style=\"font-family: times new roman, times, serif; font-size: 18pt;\"><strong>Y&rsquo;a du p\u00e9trole, et il voyage<\/strong><\/span><\/p>\n<p style=\"text-align: justify;\"><span style=\"font-family: times new roman, times, serif; font-size: 14pt;\">Sur l\u2019Iran, le partenariat strat\u00e9gique Russie-Chine fonctionne en parall\u00e8le. La priorit\u00e9 de la Chine est son approvisionnement en \u00e9nergie \u2013 et P\u00e9kin joue ses coups sur l\u2019\u00e9chiquier en cons\u00e9quence. L\u2019ambassadeur de Chine aupr\u00e8s des \u00c9mirats Arabes Unis vient tout juste de lancer un ballon d\u2019essai, en faisant savoir que P\u00e9kin pourrait envisager d\u2019escorter des p\u00e9troliers traversant le Golfe Persique et le D\u00e9troit d\u2019Ormuz. Cela pourrait se faire en toute ind\u00e9pendance ou \u2013 et c\u2019est la carotte qu\u2019on lui prom\u00e8ne sous le nez \u2013 dans le cadre de l\u2019Op\u00e9ration Sentinelle de Washington qui, pour le moment, n\u2019a r\u00e9ussi \u00e0 enr\u00f4ler qu\u2019un seul membre dans sa \u00ab\u00a0coalition des volontaires\u00a0\u00bb\u00a0: le Royaume Uni.<\/span><\/p>\n<p style=\"text-align: justify;\"><span style=\"font-family: times new roman, times, serif; font-size: 14pt;\">Ce qui est r\u00e9ellement en train de se passer, en ce moment pr\u00e9cis, dans le Golfe Persique, est de loin ce qu\u2019il y a de plus amusant. Comme j\u2019en ai eu confirmation par les n\u00e9gociants en \u00e9nergie \u00e0 Doha, le mois dernier, la demande actuelle en p\u00e9trole est plus forte qu\u2019en 2018. En cons\u00e9quence, l\u2019Iran continue \u00e0 vendre la plus grande partie du sien.<\/span><\/p>\n<p style=\"text-align: justify;\"><span style=\"font-family: times new roman, times, serif; font-size: 14pt;\">Un tanker quitte l\u2019Iran avec son transpondeur \u00e9teint; le p\u00e9trole est transf\u00e9r\u00e9 en haute mer sur un autre tanker et r\u00e9-\u00e9tiquet\u00e9. Comme me l\u2019a dit un <em>trader<\/em>\u00a0: \u00ab\u00a0Si vous retirez du march\u00e9 un ou deux millions de barils par jour, que ce soit du Venezuela ou de l\u2019Iran, en leur imposant des sanctions, et si vous y ajoutez les r\u00e9ductions de l\u2019OPEP, vous verrez monter les prix.\u00a0\u00bb<\/span><\/p>\n<p style=\"text-align: justify;\"><span style=\"font-family: times new roman, times, serif; font-size: 14pt;\">Or, il n\u2019y a pas de hausse des prix. Le prix du Brent brut reste au m\u00eame niveau depuis sept mois, \u00e0 peu pr\u00e8s \u00e0 60 US $ le baril. Ce qui signifie que l\u2019Iran continue \u00e0 vendre, principalement \u00e0 la Chine. Et ce ballon d\u2019essai lanc\u00e9 aux EAU pourrait bien \u00eatre la Chine en train de camoufler ses incessants achats de p\u00e9trole iranien.<\/span><\/p>\n<p style=\"text-align: justify;\"><span style=\"font-family: times new roman, times, serif; font-size: 14pt;\">Le ministre des Affaires \u00e9trang\u00e8res iranien, Javad Zarif n\u2019en finit pas de prouver encore et encore sa ma\u00eetrise diplomatique en faisant somptueusement marcher l\u2019administration Trump. Mais toutes les d\u00e9cisions capitales, en Iran, sont prises par le Guide Supr\u00eame, l\u2019ayatollah Khamenei, et cela s\u2019applique \u00e0 la position de T\u00e9h\u00e9ran vis-\u00e0-vis des formes de soutien \u00e0 couches multiples du partenariat strat\u00e9gique Russie-Chine.<\/span><\/p>\n<p style=\"text-align: justify;\"><span style=\"font-family: times new roman, times, serif; font-size: 14pt;\">Ce que les quelques derniers mois ont mis particuli\u00e8rement en \u00e9vidence, c\u2019est comment la force d\u2019attraction magn\u00e9tique Russie-Chine s\u2019exerce sur les acteurs-cl\u00e9s de l\u2019Eurasie, l\u2019Iran, la Turquie et le Pakistan. Autant l\u2019Iran peut \u00eatre extr\u00eamement fier de son ind\u00e9pendance politique, autant il est rassurant de savoir qu\u2019il est, et continue d\u2019\u00eatre, pour la Russie et pour la Chine, une ligne rouge \u00e0 ne pas d\u00e9passer.<\/span><\/p>\n<p style=\"text-align: justify;\"><span style=\"font-family: times new roman, times, serif; font-size: 14pt;\">___________________\u00a0\u00a0<\/span><\/p>\n<p style=\"text-align: justify;\"><span style=\"font-family: times new roman, times, serif; font-size: 14pt;\"><span style=\"color: #c00000;\">*<\/span> Observatus Geopoliticus s\u2019en \u00e9tait fait l\u2019\u00e9cho, sur les Chroniques du Grand jeu (<a href=\"http:\/\/www.chroniquesdugrandjeu.com\/2019\/08\/le-coup-de-maitre-de-moscou.html\">http:\/\/www.chroniquesdugrandjeu.com\/2019\/08\/le-coup-de-maitre-de-moscou.html<\/a>) et ici m\u00eame.<\/span><\/p>\n<p style=\"text-align: justify;\"><span style=\"font-family: times new roman, times, serif; font-size: 14pt;\">Source\u00a0: <a href=\"https:\/\/thesaker.is\/how-tehran-fits-into-russia-china-strategy\/\">https:\/\/thesaker.is\/how-tehran-fits-into-russia-china-strategy\/<\/a><\/span><\/p>\n<p style=\"text-align: left;\"><span style=\"font-family: times new roman, times, serif; font-size: 14pt;\"><strong>URL de cet article\u00a0: <\/strong>http:\/\/blog.lesgrossesorchadeslesamplesthalameges.fr\/index.php\/comment-teheran-sinsere-dans-la-strategie-russie-chine\/<\/span><\/p>\n<p style=\"text-align: right;\"><span style=\"font-family: times new roman, times, serif; font-size: 14pt;\">Traduction\u00a0: c.l. pour Les Grosses Orchades<\/span><\/p>\n<p>&nbsp;<\/p>\n<p style=\"text-align: right;\"><span style=\"font-family: comic sans ms, sans-serif; font-size: 14pt;\">Ao\u00fbt 2019<\/span><\/p>\n<p>&nbsp;<\/p>\n<p>&nbsp;<\/p>\n","protected":false},"excerpt":{"rendered":"<p>&nbsp; &nbsp; &nbsp; &nbsp; &nbsp; Comment T\u00e9h\u00e9ran s\u2019ins\u00e8re dans la strat\u00e9gie Russie-Chine \u00a0 Pepe Escobar \u2013 The Saker.is \u2013 12.8.2019 pos\u00e9 avec permission &nbsp; &nbsp; &nbsp; &nbsp; Une image pr\u00e9lev\u00e9e dans une \u00e9mission de la t\u00e9l\u00e9vision\u00a0 de la R\u00e9publique Islamique d\u2019Iran le 22 juillet montre des vedettes rapides des Gardiens de laz R\u00e9volution patrouillant a&#8230;<\/p>\n","protected":false},"author":1,"featured_media":0,"parent":0,"menu_order":0,"comment_status":"open","ping_status":"open","template":"","meta":[],"_links":{"self":[{"href":"https:\/\/blog.lesgrossesorchadeslesamplesthalameges.fr\/index.php\/wp-json\/wp\/v2\/pages\/6174"}],"collection":[{"href":"https:\/\/blog.lesgrossesorchadeslesamplesthalameges.fr\/index.php\/wp-json\/wp\/v2\/pages"}],"about":[{"href":"https:\/\/blog.lesgrossesorchadeslesamplesthalameges.fr\/index.php\/wp-json\/wp\/v2\/types\/page"}],"author":[{"embeddable":true,"href":"https:\/\/blog.lesgrossesorchadeslesamplesthalameges.fr\/index.php\/wp-json\/wp\/v2\/users\/1"}],"replies":[{"embeddable":true,"href":"https:\/\/blog.lesgrossesorchadeslesamplesthalameges.fr\/index.php\/wp-json\/wp\/v2\/comments?post=6174"}],"version-history":[{"count":0,"href":"https:\/\/blog.lesgrossesorchadeslesamplesthalameges.fr\/index.php\/wp-json\/wp\/v2\/pages\/6174\/revisions"}],"wp:attachment":[{"href":"https:\/\/blog.lesgrossesorchadeslesamplesthalameges.fr\/index.php\/wp-json\/wp\/v2\/media?parent=6174"}],"curies":[{"name":"wp","href":"https:\/\/api.w.org\/{rel}","templated":true}]}}