{"id":6184,"date":"2019-08-18T18:49:49","date_gmt":"2019-08-18T16:49:49","guid":{"rendered":"http:\/\/blog.lesgrossesorchadeslesamplesthalameges.fr\/?page_id=6184"},"modified":"2019-08-18T18:51:25","modified_gmt":"2019-08-18T16:51:25","slug":"brigitte-bardot-appelle-edouard-philippe-a-supprimer-le-ministere-de-lecologie","status":"publish","type":"page","link":"https:\/\/blog.lesgrossesorchadeslesamplesthalameges.fr\/index.php\/brigitte-bardot-appelle-edouard-philippe-a-supprimer-le-ministere-de-lecologie\/","title":{"rendered":"Brigitte Bardot appelle \u00c9douard Philippe \u00e0 supprimer le minist\u00e8re de l&rsquo;\u00c9cologie"},"content":{"rendered":"<p>&nbsp;<\/p>\n<p>&nbsp;<\/p>\n<p>&nbsp;<\/p>\n<p>&nbsp;<\/p>\n<p>&nbsp;<\/p>\n<p>&nbsp;<\/p>\n<p style=\"text-align: center;\"><span style=\"font-family: times new roman, times, serif; font-size: 36pt;\"><strong>Brigitte Bardot appelle \u00c9douard Philippe \u00e0 supprimer le minist\u00e8re de l\u2019\u00c9cologie<\/strong><\/span><\/p>\n<p>&nbsp;<\/p>\n<p style=\"text-align: center;\"><span style=\"font-family: times new roman, times, serif; font-size: 18pt;\"><strong><em>Sputnik.fr<\/em><\/strong><strong> \u2013 16.8.2019<\/strong><\/span><\/p>\n<p style=\"text-align: justify;\"><span style=\"font-family: times new roman, times, serif; font-size: 14pt;\"><strong>\u00a0<\/strong><\/span><\/p>\n<p>&nbsp;<\/p>\n<p style=\"text-align: center;\"><a href=\"http:\/\/blog.lesgrossesorchadeslesamplesthalameges.fr\/wp-content\/uploads\/2019\/08\/B.B..jpg\"><img loading=\"lazy\" class=\"alignnone wp-image-6160\" src=\"http:\/\/blog.lesgrossesorchadeslesamplesthalameges.fr\/wp-content\/uploads\/2019\/08\/B.B.-300x162.jpg\" alt=\"\" width=\"600\" height=\"325\" srcset=\"https:\/\/blog.lesgrossesorchadeslesamplesthalameges.fr\/wp-content\/uploads\/2019\/08\/B.B.-300x162.jpg 300w, https:\/\/blog.lesgrossesorchadeslesamplesthalameges.fr\/wp-content\/uploads\/2019\/08\/B.B.-768x415.jpg 768w, https:\/\/blog.lesgrossesorchadeslesamplesthalameges.fr\/wp-content\/uploads\/2019\/08\/B.B..jpg 1000w\" sizes=\"(max-width: 600px) 100vw, 600px\" \/><\/a><\/p>\n<p>&nbsp;<\/p>\n<p>&nbsp;<\/p>\n<p style=\"text-align: justify;\"><span style=\"font-family: times new roman, times, serif; font-size: 14pt;\">Brigitte Bardot a publi\u00e9 une lettre ouverte destin\u00e9e au Premier ministre Philippe. Dans celle-ci, elle r\u00e9clame la suppression du minist\u00e8re de l\u2019\u00c9cologie qui \u00ab\u00a0n\u2019a rien d\u2019\u00e9cologique\u00a0\u00bb.<\/span><\/p>\n<p style=\"text-align: justify;\"><span style=\"font-family: times new roman, times, serif; font-size: 14pt;\">Apr\u00e8s <a href=\"https:\/\/fr.sputniknews.com\/france\/201908151041934978-deux-ministres-francais-provoquent-une-polemique-apres-avoir-assiste-a-une-corrida-sanglante\/\">la r\u00e9cente visite d\u2019une corrida par deux ministres LREM<\/a>, Brigitte Bardot a publi\u00e9 sur son compte Twitter le texte de sa lettre ouverte adress\u00e9e \u00e0 \u00c9douard Philippe.<\/span><\/p>\n<p style=\"text-align: justify;\"><span style=\"font-family: times new roman, times, serif; font-size: 14pt;\"><strong><em>\u00ab\u00a0Scandalis\u00e9e\u00a0\u00bb<\/em><\/strong> par la r\u00e9cente pr\u00e9sence de Didier Guillaume, ministre de l\u2019Agriculture et de ce fait charg\u00e9 du bien-\u00eatre animal, \u00e0 une corrida le 14 ao\u00fbt aussi bien que par l\u2019invitation de la \u00ab\u00a0minorit\u00e9 meurtri\u00e8re\u00a0\u00bb des chasseurs par <a href=\"https:\/\/fr.sputniknews.com\/france\/201907171041687295-elisabeth-borne-nommee-pour-succeder-a-francois-de-rugy\/\">\u00c9lisabeth Borne, ministre de la Transition \u00e9cologique<\/a>, Brigitte Bardot a critiqu\u00e9 les actions du gouvernement en d\u00e9plorant que celles-ci se moquent <strong><em>\u00ab\u00a0de la condition animale\u00a0\u00bb<\/em><\/strong> alors que les Fran\u00e7ais \u00ab\u00a0sont tr\u00e8s majoritairement soucieux du respect de l\u2019animal\u00a0\u00bb.<\/span><\/p>\n<p style=\"text-align: justify;\"><span style=\"font-family: times new roman, times, serif; font-size: 14pt;\"><strong><em>\u00ab\u00a0Les organisations fran\u00e7aises de d\u00e9fense des animaux, dont ma Fondation, demandent en vain \u00e0 \u00c9lisabeth Borne d\u2019\u00eatre re\u00e7ues, elle fait la morte mais ouvre sa porte aux lobbyistes de la chasse et des armes, Thierry Coste et Willy Schraen\u00a0\u00bb,<\/em><\/strong> a fustig\u00e9 Mme Bardot.<\/span><\/p>\n<p style=\"text-align: justify;\"><span style=\"font-family: times new roman, times, serif; font-size: 14pt;\">Vu que <strong><em>\u00ab\u00a0le ministre de l\u2019Agriculture est indigne de d\u00e9fendre la condition animale\u00a0\u00bb<\/em><\/strong>, l\u2019actrice a sugg\u00e9r\u00e9 \u00e0 \u00c9douard Philippe de le supprimer et de cr\u00e9er un minist\u00e8re sp\u00e9cial pour se soucier uniquement des animaux.<\/span><\/p>\n<p>&nbsp;<\/p>\n<p>&nbsp;<\/p>\n<p style=\"text-align: center;\"><a href=\"http:\/\/blog.lesgrossesorchadeslesamplesthalameges.fr\/wp-content\/uploads\/2019\/08\/Lettre-de-BB.jpg\"><img loading=\"lazy\" class=\"alignnone wp-image-6185\" src=\"http:\/\/blog.lesgrossesorchadeslesamplesthalameges.fr\/wp-content\/uploads\/2019\/08\/Lettre-de-BB-213x300.jpg\" alt=\"\" width=\"600\" height=\"846\" srcset=\"https:\/\/blog.lesgrossesorchadeslesamplesthalameges.fr\/wp-content\/uploads\/2019\/08\/Lettre-de-BB-213x300.jpg 213w, https:\/\/blog.lesgrossesorchadeslesamplesthalameges.fr\/wp-content\/uploads\/2019\/08\/Lettre-de-BB-768x1083.jpg 768w, https:\/\/blog.lesgrossesorchadeslesamplesthalameges.fr\/wp-content\/uploads\/2019\/08\/Lettre-de-BB-726x1024.jpg 726w, https:\/\/blog.lesgrossesorchadeslesamplesthalameges.fr\/wp-content\/uploads\/2019\/08\/Lettre-de-BB.jpg 851w\" sizes=\"(max-width: 600px) 100vw, 600px\" \/><\/a><\/p>\n<p>&nbsp;<\/p>\n<p>&nbsp;<\/p>\n<p style=\"text-align: justify;\"><span style=\"font-family: times new roman, times, serif; font-size: 14pt;\">La lettre a \u00e9t\u00e9 r\u00e9dig\u00e9e deux jours apr\u00e8s la publication d\u2019une photo de deux ministres qui avaient assist\u00e9 \u00e0 une corrida. Le clich\u00e9 a \u00e9t\u00e9 largement critiqu\u00e9 par les internautes, embarrass\u00e9s par\u00a0\u00ab\u00a0l\u2019hypocrisie\u00bb des fonctionnaires luttant contre la maltraitance des animaux\u00a0\u00bb.<\/span><\/p>\n<p>&nbsp;<\/p>\n<p style=\"text-align: left;\"><span style=\"font-family: times new roman, times, serif; font-size: 14pt;\">Source\u00a0: <\/span><a href=\"https:\/\/fr.sputniknews.com\/france\/201908161041940275-brigitte-bardot-appelle-philippe-a-supprimer-le-ministere-de-lecologie\/\"><span style=\"font-family: times new roman, times, serif; font-size: 14pt;\">https:\/\/fr.sputniknews.com\/france\/201908161041940275-brigitte-bardot-appelle-philippe-a-supprimer-le-ministere-de-lecologie\/<\/span><\/a><\/p>\n<p style=\"text-align: left;\"><strong><span style=\"font-family: times new roman, times, serif; font-size: 14pt;\">URL de cet article :\u00a0 <\/span><\/strong><span style=\"font-family: times new roman, times, serif; font-size: 14pt;\">http:\/\/blog.lesgrossesorchadeslesamplesthalameges.fr\/index.php\/brigitte-bardot-appelle-edouard-philippe-a-supprimer-le-ministere-de-lecologie\/<\/span><\/p>\n<p>&nbsp;<\/p>\n<p style=\"text-align: right;\">.<span style=\"font-family: comic sans ms, sans-serif;\">Ao\u00fbt 2019<\/span><\/p>\n<p>&nbsp;<\/p>\n<p>&nbsp;<\/p>\n","protected":false},"excerpt":{"rendered":"<p>&nbsp; &nbsp; &nbsp; &nbsp; &nbsp; &nbsp; Brigitte Bardot appelle \u00c9douard Philippe \u00e0 supprimer le minist\u00e8re de l\u2019\u00c9cologie &nbsp; Sputnik.fr \u2013 16.8.2019 \u00a0 &nbsp; &nbsp; &nbsp; Brigitte Bardot a publi\u00e9 une lettre ouverte destin\u00e9e au Premier ministre Philippe. Dans celle-ci, elle r\u00e9clame la suppression du minist\u00e8re de l\u2019\u00c9cologie qui \u00ab\u00a0n\u2019a rien d\u2019\u00e9cologique\u00a0\u00bb. Apr\u00e8s la r\u00e9cente visite&#8230;<\/p>\n","protected":false},"author":1,"featured_media":0,"parent":0,"menu_order":0,"comment_status":"open","ping_status":"open","template":"","meta":[],"_links":{"self":[{"href":"https:\/\/blog.lesgrossesorchadeslesamplesthalameges.fr\/index.php\/wp-json\/wp\/v2\/pages\/6184"}],"collection":[{"href":"https:\/\/blog.lesgrossesorchadeslesamplesthalameges.fr\/index.php\/wp-json\/wp\/v2\/pages"}],"about":[{"href":"https:\/\/blog.lesgrossesorchadeslesamplesthalameges.fr\/index.php\/wp-json\/wp\/v2\/types\/page"}],"author":[{"embeddable":true,"href":"https:\/\/blog.lesgrossesorchadeslesamplesthalameges.fr\/index.php\/wp-json\/wp\/v2\/users\/1"}],"replies":[{"embeddable":true,"href":"https:\/\/blog.lesgrossesorchadeslesamplesthalameges.fr\/index.php\/wp-json\/wp\/v2\/comments?post=6184"}],"version-history":[{"count":0,"href":"https:\/\/blog.lesgrossesorchadeslesamplesthalameges.fr\/index.php\/wp-json\/wp\/v2\/pages\/6184\/revisions"}],"wp:attachment":[{"href":"https:\/\/blog.lesgrossesorchadeslesamplesthalameges.fr\/index.php\/wp-json\/wp\/v2\/media?parent=6184"}],"curies":[{"name":"wp","href":"https:\/\/api.w.org\/{rel}","templated":true}]}}