{"id":6255,"date":"2019-09-01T01:19:25","date_gmt":"2019-08-31T23:19:25","guid":{"rendered":"http:\/\/blog.lesgrossesorchadeslesamplesthalameges.fr\/?page_id=6255"},"modified":"2019-09-01T01:19:25","modified_gmt":"2019-08-31T23:19:25","slug":"israel-en-palestine","status":"publish","type":"page","link":"https:\/\/blog.lesgrossesorchadeslesamplesthalameges.fr\/index.php\/israel-en-palestine\/","title":{"rendered":"Isra\u00ebl en Palestine"},"content":{"rendered":"<p>&nbsp;<\/p>\n<p>&nbsp;<\/p>\n<p>&nbsp;<\/p>\n<p>&nbsp;<\/p>\n<p>&nbsp;<\/p>\n<p style=\"text-align: center;\"><span style=\"font-family: times new roman, times, serif; font-size: 54pt; color: #c00000;\">Isra\u00ebl en Palestine<\/span><\/p>\n<p>&nbsp;<\/p>\n<p>&nbsp;<\/p>\n<p style=\"text-align: center;\"><a href=\"http:\/\/blog.lesgrossesorchadeslesamplesthalameges.fr\/wp-content\/uploads\/2019\/09\/BDS-GIF.gif\"><img loading=\"lazy\" class=\"alignnone wp-image-6257\" src=\"http:\/\/blog.lesgrossesorchadeslesamplesthalameges.fr\/wp-content\/uploads\/2019\/09\/BDS-GIF.gif\" alt=\"\" width=\"250\" height=\"250\" \/><\/a><\/p>\n<p>&nbsp;<\/p>\n<p>&nbsp;<\/p>\n<p style=\"text-align: center;\"><span style=\"font-family: times new roman, times, serif; font-size: 36pt;\"><strong>Relay\u00e9 par principe.<\/strong><\/span><\/p>\n<p style=\"text-align: center;\"><span style=\"font-family: times new roman, times, serif; font-size: 36pt;\"><strong>M\u00eame si c\u2019est trop tard pour l\u2019appel au rassemblement du 31\/<\/strong><\/span><span style=\"font-family: times new roman, times, serif; font-size: 36pt;\"><strong>8 \u00e0 Paris<\/strong><\/span><\/p>\n<p>&nbsp;<\/p>\n<p>&nbsp;<\/p>\n<p>&nbsp;<\/p>\n<p style=\"text-align: center;\"><span style=\"font-family: times new roman, times, serif; font-size: 14pt;\"><strong>\u00a0<span style=\"font-family: arial, helvetica, sans-serif;\"><a href=\"http:\/\/blog.lesgrossesorchadeslesamplesthalameges.fr\/wp-content\/uploads\/2019\/08\/Logo-CAPJPO.png\"><img loading=\"lazy\" class=\"alignnone wp-image-6204\" src=\"http:\/\/blog.lesgrossesorchadeslesamplesthalameges.fr\/wp-content\/uploads\/2019\/08\/Logo-CAPJPO.png\" alt=\"\" width=\"200\" height=\"153\" \/><\/a><\/span><\/strong><\/span><span style=\"font-family: arial, helvetica, sans-serif; font-size: 12pt;\"><strong id=\"nom_site_spip\"><a title=\"Accueil\" href=\"https:\/\/www.europalestine.com\/\" rel=\"start home\">\u00a0 <span style=\"font-size: 24pt; font-family: times new roman, times, serif;\">CAPJPO EuroPalestine<\/span><\/a><\/strong><\/span><\/p>\n<p>&nbsp;<\/p>\n<p>&nbsp;<\/p>\n<p style=\"text-align: justify;\"><span style=\"font-family: arial, helvetica, sans-serif; font-size: 12pt;\">Ch\u00e8res amies, chers amis,<\/span><\/p>\n<p style=\"text-align: justify;\"><span style=\"font-family: arial, helvetica, sans-serif; font-size: 12pt;\">L\u2019\u00e9t\u00e9 aura \u00e9t\u00e9 terriblement difficile pour le peuple palestinien :\u00a0 bombardements sur Gaza, assassinats et bless\u00e9s lors des marches pour la libert\u00e9 qui ont continu\u00e9 tous les vendredis, d\u00e9molitions de maisons \u00e0 J\u00e9rusalem-Est, attaques de la Mosqu\u00e9e Al-Aqsa, arrestations d\u2019enfants et interrogatoires (comme vous le savez, ils ont m\u00eame convoqu\u00e9 un enfant de 4 ans pour l\u2019interroger !), r\u00e9pression et agressions physiques d\u2019opposants isra\u00e9liens, expulsion par Isra\u00ebl ou interdiction d\u2019entr\u00e9e pour tous les t\u00e9moins g\u00eanants, du directeur de Human Rights Watch aux deux \u00e9lues am\u00e9ricaines Ilhan Omar et Rashida Tlaib, en passant par des universitaires internationaux venus pour enseigner dans des universit\u00e9s palestiniennes.<\/span><\/p>\n<p style=\"text-align: justify;\"><span style=\"font-family: arial, helvetica, sans-serif; font-size: 12pt;\">A l\u2019approche des \u00e9lections l\u00e9gislatives isra\u00e9liennes, la surench\u00e8re des candidats dans la brutalit\u00e9, le racisme et la pers\u00e9cution des Palestiniens bat son plein, et permet de faire oublier que certains, comme Netanyahou pour ne pas le nommer, sont impliqu\u00e9s jusqu\u2019au cou dans des affaires de corruption.<\/span><\/p>\n<p style=\"text-align: justify;\"><span style=\"font-family: arial, helvetica, sans-serif; font-size: 12pt;\">Pour faire bonne mesure, les dirigeants de ce r\u00e9gime va-t-en guerre multiplient les agressions militaires dans tout le Proche-Orient, au Liban (attaque de drones contre un centre du Hezbollah dans le sud de Beyrouth), comme en Syrie et en Irak, sous pr\u00e9texte de contrecarrer l\u2019Iran, alors que Trump lui-m\u00eame semble se d\u00e9tourner d\u2019un affrontement avec ce pays.<\/span><\/p>\n<p style=\"text-align: justify;\"><span style=\"font-family: arial, helvetica, sans-serif; font-size: 12pt;\">A Gaza, l\u2019\u00e9tau ne cesse de se resserrer, Isra\u00ebl ayant r\u00e9duit de moiti\u00e9 ses ventes de fioul la semaine derni\u00e8re, ce qui a pour effet imm\u00e9diat de r\u00e9duire la production d\u2019\u00e9lectricit\u00e9 du Ghetto.<\/span><\/p>\n<p style=\"text-align: justify;\"><span style=\"font-family: arial, helvetica, sans-serif; font-size: 12pt;\">Plus d\u2019\u00e9clairage, plus de ventilateurs, plus de r\u00e9frig\u00e9rateurs, alors que la temp\u00e9rature fr\u00f4le les 40\u00b0C. Sans parler de la malnutrition, de la faim qui s\u2019\u00e9tendent parmi la population, priv\u00e9e de ressources et de possibilit\u00e9 de travailler.<\/span><\/p>\n<p style=\"text-align: justify;\"><span style=\"font-family: arial, helvetica, sans-serif; font-size: 12pt;\"><strong>C\u2019EST POURQUOI NOUS LAN\u00c7ONS UN<\/strong> <strong>APPEL \u00c0 RASSEMBLEMENT \u00c0 PARIS<\/strong><\/span><\/p>\n<p style=\"text-align: justify;\"><span style=\"font-family: arial, helvetica, sans-serif; font-size: 12pt;\"><strong>CE SAMEDI 31 AO\u00dbT \u00c0 PARTIR DE 15 H \u00c0 BEAUBOURG<\/strong><strong>\u00a0<\/strong><\/span><\/p>\n<p style=\"text-align: justify;\"><span style=\"font-family: arial, helvetica, sans-serif; font-size: 12pt;\"><strong>(Place Edmond Michelet) EN FACE DU CENTRE GEORGES POMPIDOU<\/strong><strong>\u00a0<\/strong><\/span><\/p>\n<p style=\"text-align: justify;\"><span style=\"font-family: arial, helvetica, sans-serif; font-size: 12pt;\"><strong>(M\u00b0 CH\u00c2TELET, LES HALLES OU H\u00d4TEL DE VILLE)<\/strong><strong>\u00a0<\/strong><\/span><\/p>\n<p style=\"text-align: justify;\"><span style=\"font-family: arial, helvetica, sans-serif; font-size: 12pt;\"><strong>POUR D\u00c9NONCER CETTE SITUATION SCANDALEUSE.<\/strong><\/span><\/p>\n<p style=\"text-align: justify;\"><span style=\"font-family: arial, helvetica, sans-serif; font-size: 12pt;\"><strong>ET NOUS VOUS DEMANDONS DE VENIR TR\u00c8S NOMBREUX !<\/strong><\/span><\/p>\n<p style=\"text-align: justify;\"><span style=\"font-family: arial, helvetica, sans-serif; font-size: 12pt;\"><strong>Le r\u00e9gime d\u2019apartheid est conscient que son image ne cesse de se d\u00e9grader dans l\u2019opinion publique internationale.<\/strong><\/span><\/p>\n<p style=\"text-align: justify;\"><span style=\"font-family: arial, helvetica, sans-serif; font-size: 12pt;\"><strong>Il a subi plusieurs camouflets r\u00e9cemment, avec les critiques virulentes de sa politique de colonisation et de sa volont\u00e9 de d\u00e9porter les Palestiniens ou de les faire mourir \u00e0 petit feu, qui se sont exprim\u00e9es notamment aux USA, gr\u00e2ce aux interventions de ces deux courageuses parlementaires am\u00e9ricaines.<\/strong><\/span><\/p>\n<p>&nbsp;<\/p>\n<p>&nbsp;<\/p>\n<p style=\"text-align: center;\"><a href=\"http:\/\/blog.lesgrossesorchadeslesamplesthalameges.fr\/wp-content\/uploads\/2019\/09\/deux-mp-us.jpg\"><img loading=\"lazy\" class=\"alignnone wp-image-6258\" src=\"http:\/\/blog.lesgrossesorchadeslesamplesthalameges.fr\/wp-content\/uploads\/2019\/09\/deux-mp-us-300x157.jpg\" alt=\"\" width=\"600\" height=\"315\" srcset=\"https:\/\/blog.lesgrossesorchadeslesamplesthalameges.fr\/wp-content\/uploads\/2019\/09\/deux-mp-us-300x157.jpg 300w, https:\/\/blog.lesgrossesorchadeslesamplesthalameges.fr\/wp-content\/uploads\/2019\/09\/deux-mp-us.jpg 425w\" sizes=\"(max-width: 600px) 100vw, 600px\" \/><\/a><\/p>\n<p>&nbsp;<\/p>\n<p>&nbsp;<\/p>\n<p style=\"text-align: justify;\"><span style=\"font-family: arial, helvetica, sans-serif; font-size: 12pt;\">&#8211; \u00c0 New York, mais aussi au Canada, des tribunaux ont refus\u00e9 de criminaliser le boycott d\u2019Isra\u00ebl et de ses produits.<\/span><\/p>\n<p style=\"text-align: justify;\"><span style=\"font-family: arial, helvetica, sans-serif; font-size: 12pt;\">&#8211; Pour la premi\u00e8re fois, une association acad\u00e9mique europ\u00e9enne a annul\u00e9 une conf\u00e9rence pr\u00e9vue en Isra\u00ebl.<\/span><\/p>\n<p style=\"text-align: justify;\"><span style=\"font-family: arial, helvetica, sans-serif; font-size: 12pt;\">&#8211; Des acteurs am\u00e9ricains ont refus\u00e9 de participer \u00e0 des s\u00e9ries sponsoris\u00e9es par Isra\u00ebl.\u00a0<\/span><\/p>\n<p style=\"text-align: justify;\"><span style=\"font-family: arial, helvetica, sans-serif; font-size: 12pt;\"><strong>&#8211; <\/strong>Une grande centrale syndicale britannique a vot\u00e9 le boycott de Hewlett-Packard en raison de sa participation \u00e0 la r\u00e9pression des Palestiniens<\/span><\/p>\n<p style=\"text-align: justify;\"><span style=\"font-family: arial, helvetica, sans-serif; font-size: 12pt;\">&#8211; Des militants britanniques ont occup\u00e9 pendant 3 jours le toit de l\u2019usine isra\u00e9lienne d\u2019armement de Manchester, obligeant Elbit a fermer ses portes pendant toute la dur\u00e9e de cette occupation<\/span><\/p>\n<p style=\"text-align: justify;\"><span style=\"font-family: arial, helvetica, sans-serif; font-size: 12pt;\">&#8211; Et le gouvernement fran\u00e7ais lui-m\u00eame, par la bouche de son ministre de l\u2019int\u00e9rieur, a fait savoir au d\u00e9put\u00e9 et agent isra\u00e9lien Meyer Habib qui r\u00e9clamait l\u2019interdiction des manifestations du mouvement BDS, que \u00ab les mesures portant interdiction g\u00e9n\u00e9rale et absolue \u00bb ne pouvaient \u00ab \u00eatre prises en l\u2019esp\u00e8ce \u00bb, \u00ab le droit de se rassembler et de manifester \u00e9tant une libert\u00e9 fondamentale constitutionnellement prot\u00e9g\u00e9e \u00bb.<\/span><\/p>\n<p style=\"text-align: justify;\"><span style=\"font-family: arial, helvetica, sans-serif; font-size: 12pt;\">Plus que jamais, nous avons le devoir de sanctionner l\u2019occupant isra\u00e9lien, en tant que consommateurs, et celui de ne pas nous laisser intimider par le chantage \u00e0 l\u2019antis\u00e9mitisme.<\/span><\/p>\n<p style=\"text-align: justify;\"><span style=\"font-family: arial, helvetica, sans-serif; font-size: 12pt;\"><strong>TOUS AU RASSEMBLEMENT CE SAMEDI \u00c0 PARTIR DE 15 H \u00c0 BEAUBOURG !<\/strong><\/span><\/p>\n<p style=\"text-align: justify;\"><span style=\"font-family: arial, helvetica, sans-serif; font-size: 12pt;\">Premiers signataires : CAPJPO-EuroPalestine, Droits Devant !!, Campagne<\/span><\/p>\n<p style=\"text-align: justify;\"><span style=\"font-family: arial, helvetica, sans-serif; font-size: 12pt;\">Europ\u00e9enne pour la lev\u00e9e du blocus de Gaza, Association \u00ab Avec Naplouse \u00bb,<\/span><\/p>\n<p style=\"text-align: justify;\"><span style=\"font-family: arial, helvetica, sans-serif; font-size: 12pt;\">Campagne pour la lib\u00e9ration de Georges Abdallah, Les D\u00e9sob\u00e9issants, Collectif<\/span><\/p>\n<p style=\"text-align: justify;\"><span style=\"font-family: arial, helvetica, sans-serif; font-size: 12pt;\">Palestine Nord Essonne\u2026<\/span><\/p>\n<p style=\"text-align: justify;\"><span style=\"font-family: arial, helvetica, sans-serif; font-size: 12pt;\">Amicalement,<\/span><\/p>\n<p style=\"text-align: justify;\"><span style=\"font-family: arial, helvetica, sans-serif; font-size: 12pt;\">CAPJPO-EuroPalestine<\/span><\/p>\n<p style=\"text-align: justify;\"><span style=\"font-family: arial, helvetica, sans-serif; font-size: 12pt;\"><a href=\"http:\/\/www.europalestine.com\/\">http:\/\/www.europalestine.com<\/a><\/span><\/p>\n<p>&nbsp;<\/p>\n<p>&nbsp;<\/p>\n<p style=\"text-align: center;\"><a href=\"http:\/\/blog.lesgrossesorchadeslesamplesthalameges.fr\/wp-content\/uploads\/2019\/09\/BDS-GIF.gif\"><img loading=\"lazy\" class=\"alignnone wp-image-6257\" src=\"http:\/\/blog.lesgrossesorchadeslesamplesthalameges.fr\/wp-content\/uploads\/2019\/09\/BDS-GIF.gif\" alt=\"\" width=\"60\" height=\"60\" \/><\/a><\/p>\n<p>&nbsp;<\/p>\n<p>&nbsp;<\/p>\n<p style=\"text-align: right;\"><span style=\"font-family: comic sans ms, sans-serif; font-size: 14pt;\">Ao\u00fbt 2019<\/span><\/p>\n<p>&nbsp;<\/p>\n","protected":false},"excerpt":{"rendered":"<p>&nbsp; &nbsp; &nbsp; &nbsp; &nbsp; Isra\u00ebl en Palestine &nbsp; &nbsp; &nbsp; &nbsp; Relay\u00e9 par principe. M\u00eame si c\u2019est trop tard pour l\u2019appel au rassemblement du 31\/8 \u00e0 Paris &nbsp; &nbsp; &nbsp; \u00a0\u00a0 CAPJPO EuroPalestine &nbsp; &nbsp; Ch\u00e8res amies, chers amis, L\u2019\u00e9t\u00e9 aura \u00e9t\u00e9 terriblement difficile pour le peuple palestinien :\u00a0 bombardements sur Gaza, assassinats et&#8230;<\/p>\n","protected":false},"author":1,"featured_media":0,"parent":0,"menu_order":0,"comment_status":"open","ping_status":"open","template":"","meta":[],"_links":{"self":[{"href":"https:\/\/blog.lesgrossesorchadeslesamplesthalameges.fr\/index.php\/wp-json\/wp\/v2\/pages\/6255"}],"collection":[{"href":"https:\/\/blog.lesgrossesorchadeslesamplesthalameges.fr\/index.php\/wp-json\/wp\/v2\/pages"}],"about":[{"href":"https:\/\/blog.lesgrossesorchadeslesamplesthalameges.fr\/index.php\/wp-json\/wp\/v2\/types\/page"}],"author":[{"embeddable":true,"href":"https:\/\/blog.lesgrossesorchadeslesamplesthalameges.fr\/index.php\/wp-json\/wp\/v2\/users\/1"}],"replies":[{"embeddable":true,"href":"https:\/\/blog.lesgrossesorchadeslesamplesthalameges.fr\/index.php\/wp-json\/wp\/v2\/comments?post=6255"}],"version-history":[{"count":0,"href":"https:\/\/blog.lesgrossesorchadeslesamplesthalameges.fr\/index.php\/wp-json\/wp\/v2\/pages\/6255\/revisions"}],"wp:attachment":[{"href":"https:\/\/blog.lesgrossesorchadeslesamplesthalameges.fr\/index.php\/wp-json\/wp\/v2\/media?parent=6255"}],"curies":[{"name":"wp","href":"https:\/\/api.w.org\/{rel}","templated":true}]}}