{"id":631,"date":"2018-11-11T20:38:15","date_gmt":"2018-11-11T19:38:15","guid":{"rendered":"http:\/\/blog.lesgrossesorchadeslesamplesthalameges.fr\/?page_id=631"},"modified":"2018-11-11T20:38:15","modified_gmt":"2018-11-11T19:38:15","slug":"lettre-dun-soldat-a-sa-fiancee-absente","status":"publish","type":"page","link":"https:\/\/blog.lesgrossesorchadeslesamplesthalameges.fr\/index.php\/lettre-dun-soldat-a-sa-fiancee-absente\/","title":{"rendered":"Lettre d&rsquo;un soldat \u00e0 sa fianc\u00e9e absente"},"content":{"rendered":"<p>&nbsp;<\/p>\n<p>&nbsp;<\/p>\n<p>&nbsp;<\/p>\n<p>&nbsp;<\/p>\n<p style=\"text-align: center;\"><img loading=\"lazy\" class=\"alignnone wp-image-583\" src=\"http:\/\/blog.lesgrossesorchadeslesamplesthalameges.fr\/wp-content\/uploads\/2018\/11\/front-de-Notre-Dame-de-Lorette-300x144.jpg\" alt=\"\" width=\"600\" height=\"288\" srcset=\"https:\/\/blog.lesgrossesorchadeslesamplesthalameges.fr\/wp-content\/uploads\/2018\/11\/front-de-Notre-Dame-de-Lorette-300x144.jpg 300w, https:\/\/blog.lesgrossesorchadeslesamplesthalameges.fr\/wp-content\/uploads\/2018\/11\/front-de-Notre-Dame-de-Lorette-768x369.jpg 768w, https:\/\/blog.lesgrossesorchadeslesamplesthalameges.fr\/wp-content\/uploads\/2018\/11\/front-de-Notre-Dame-de-Lorette.jpg 937w\" sizes=\"(max-width: 600px) 100vw, 600px\" \/><\/p>\n<p>&nbsp;<\/p>\n<p style=\"text-align: justify;\"><span style=\"font-family: comic sans ms, sans-serif; font-size: 14pt; color: #000000;\">Un soldat fran\u00e7ais, rendu \u00e0 moiti\u00e9 fou par les explosions en premi\u00e8re ligne et surtout par la vue des bless\u00e9s et des agonisants qu\u2019il sait condamn\u00e9s mais qu\u2019on n\u2019a pas le droit d\u2019achever parce que <em>\u00ab Tu ne tueras point \u00bb<\/em>\u2026, se retrouve brancardier dans un h\u00f4pital parisien. Incapable de supporter le spectacle qu\u2019il a quotidiennement sous les yeux, il succombe \u00e0 la tentation d\u2019en tuer subrepticement, pour abr\u00e9ger leurs indicibles souffrances, \u00ab au moins un par jour \u00bb, mais incapable aussi de porter seul le poids de ces meurtres r\u00e9p\u00e9t\u00e9s, il a \u00e9crit \u00e0 sa fianc\u00e9e, lui racontant tout et la suppliant de venir l\u2019aider\u2026<\/span><\/p>\n<p>&nbsp;<\/p>\n<p>&nbsp;<\/p>\n<p><img loading=\"lazy\" class=\"alignnone size-full wp-image-581 aligncenter\" src=\"http:\/\/blog.lesgrossesorchadeslesamplesthalameges.fr\/wp-content\/uploads\/2018\/11\/2.-Aigle-au-chapeau-2.gif\" alt=\"\" width=\"51\" height=\"75\" \/><\/p>\n<p>&nbsp;<\/p>\n<p>&nbsp;<\/p>\n<p style=\"text-align: center;\"><span style=\"font-family: times new roman, times, serif; font-size: 36pt; color: #000000;\"><strong>Lettre d\u2019un soldat \u00e0 sa fianc\u00e9e absente<\/strong><\/span><\/p>\n<p style=\"text-align: justify;\">\n<p style=\"text-align: justify;\"><span style=\"font-family: times new roman, times, serif; font-size: 14pt; color: #000000;\"><em> Ch\u00e8re Zo\u00e9, amour de ma vie,<\/em><\/span><\/p>\n<p style=\"text-align: justify;\"><span style=\"font-family: times new roman, times, serif; font-size: 14pt; color: #000000;\"><em> Tu n\u2019es pas venue, tu n\u2019as pas pu. Nana t\u2019a emp\u00each\u00e9e. Tu n\u2019as pas os\u00e9 affronter un monstre qui en 1914 jouait aux cartes avec les morts pr\u00e8s de Lun\u00e9ville et qui n\u2019a pas h\u00e9sit\u00e9 \u00e0 tuer impitoyablement des malades condamn\u00e9s \u00e0 l\u2019h\u00f4pital Vaugirard de Montparnasse. Tu n\u2019as pas cru qu\u2019il \u00e9tait possible de r\u00e9veiller dans celui que je suis devenu l\u2019\u00eatre que j\u2019ai \u00e9t\u00e9 autrefois, de refaire un homme de moi. Je ne peux pas te le reprocher. Peut-\u00eatre as-tu raison. Maintenant je te dis adieu. Je pars en enfer. Acte un : je prends le r\u00e9volver ; acte deux : je charge une balle dans le canon ; acte trois : je signe.<\/em><\/span><\/p>\n<p style=\"text-align: right;\"><span style=\"font-family: times new roman, times, serif; font-size: 14pt; color: #000000;\"><em>Ton Germain Desparbes\u2026<\/em><\/span><\/p>\n<p style=\"text-align: justify;\">\n<p style=\"text-align: right;\"><span style=\"font-family: times new roman, times, serif; font-size: 14pt; color: #000000;\"><em>\u00c0 la guerre comme \u00e0 la guerre !, <\/em>p. 220<\/span><\/p>\n<p>&nbsp;<\/p>\n<p style=\"text-align: center;\"><em> <img loading=\"lazy\" class=\"alignnone size-full wp-image-581 aligncenter\" src=\"http:\/\/blog.lesgrossesorchadeslesamplesthalameges.fr\/wp-content\/uploads\/2018\/11\/2.-Aigle-au-chapeau-2.gif\" alt=\"\" width=\"51\" height=\"75\" \/><br \/>\n<\/em><\/p>\n<p>&nbsp;<\/p>\n<p style=\"text-align: right;\"><span style=\"font-family: comic sans ms, sans-serif; font-size: 14pt;\"> Novembre 2018<\/span><em><br \/>\n<\/em><\/p>\n","protected":false},"excerpt":{"rendered":"<p>&nbsp; &nbsp; &nbsp; &nbsp; &nbsp; Un soldat fran\u00e7ais, rendu \u00e0 moiti\u00e9 fou par les explosions en premi\u00e8re ligne et surtout par la vue des bless\u00e9s et des agonisants qu\u2019il sait condamn\u00e9s mais qu\u2019on n\u2019a pas le droit d\u2019achever parce que \u00ab Tu ne tueras point \u00bb\u2026, se retrouve brancardier dans un h\u00f4pital parisien. Incapable de&#8230;<\/p>\n","protected":false},"author":1,"featured_media":0,"parent":0,"menu_order":0,"comment_status":"closed","ping_status":"closed","template":"","meta":[],"_links":{"self":[{"href":"https:\/\/blog.lesgrossesorchadeslesamplesthalameges.fr\/index.php\/wp-json\/wp\/v2\/pages\/631"}],"collection":[{"href":"https:\/\/blog.lesgrossesorchadeslesamplesthalameges.fr\/index.php\/wp-json\/wp\/v2\/pages"}],"about":[{"href":"https:\/\/blog.lesgrossesorchadeslesamplesthalameges.fr\/index.php\/wp-json\/wp\/v2\/types\/page"}],"author":[{"embeddable":true,"href":"https:\/\/blog.lesgrossesorchadeslesamplesthalameges.fr\/index.php\/wp-json\/wp\/v2\/users\/1"}],"replies":[{"embeddable":true,"href":"https:\/\/blog.lesgrossesorchadeslesamplesthalameges.fr\/index.php\/wp-json\/wp\/v2\/comments?post=631"}],"version-history":[{"count":0,"href":"https:\/\/blog.lesgrossesorchadeslesamplesthalameges.fr\/index.php\/wp-json\/wp\/v2\/pages\/631\/revisions"}],"wp:attachment":[{"href":"https:\/\/blog.lesgrossesorchadeslesamplesthalameges.fr\/index.php\/wp-json\/wp\/v2\/media?parent=631"}],"curies":[{"name":"wp","href":"https:\/\/api.w.org\/{rel}","templated":true}]}}