{"id":6492,"date":"2019-09-15T23:35:39","date_gmt":"2019-09-15T21:35:39","guid":{"rendered":"http:\/\/blog.lesgrossesorchadeslesamplesthalameges.fr\/?page_id=6492"},"modified":"2019-09-15T23:36:40","modified_gmt":"2019-09-15T21:36:40","slug":"we-want-georges-ibrahim-abdallah-in-jail","status":"publish","type":"page","link":"https:\/\/blog.lesgrossesorchadeslesamplesthalameges.fr\/index.php\/we-want-georges-ibrahim-abdallah-in-jail\/","title":{"rendered":"We want Georges Ibrahim Abdallah in Jail !"},"content":{"rendered":"<p>&nbsp;<\/p>\n<p>&nbsp;<\/p>\n<p>&nbsp;<\/p>\n<p>&nbsp;<\/p>\n<p>&nbsp;<\/p>\n<p>&nbsp;<\/p>\n<p style=\"text-align: center;\"><span style=\"font-family: times new roman, times, serif; font-size: 36pt; color: #c00000;\"><strong><em>\u00abWe want Georges Ibrahim Abdallah in jail\u00a0!\u00bb<\/em><\/strong><\/span><\/p>\n<p>&nbsp;<\/p>\n<p style=\"text-align: justify;\"><span style=\"font-family: comic sans ms, sans-serif; font-size: 14pt; color: #c00000;\"><strong>Et tout le monde a obtemp\u00e9r\u00e9, et obtemp\u00e8re depuis 35 ans, dont, au premier rang : Fran\u00e7ois Mitterrand, Jacques Chirac, Nicolas Sarkozy, Fran\u00e7ois Hollande, Emmanuel Macron\u2026<\/strong><\/span><\/p>\n<p style=\"text-align: justify;\"><span style=\"font-family: comic sans ms, sans-serif; font-size: 14pt; color: #c00000;\"><strong>\u00a0<\/strong><\/span><\/p>\n<p>&nbsp;<\/p>\n<p style=\"text-align: center;\"><span style=\"font-family: times new roman, times, serif; font-size: 36pt;\"><strong>Souscription pour le tournage d\u2019un film sur le plus vieux prisonnier politique en Europe<\/strong><\/span><\/p>\n<p>&nbsp;<\/p>\n<p style=\"text-align: center;\"><span style=\"font-family: times new roman, times, serif; font-size: 18pt;\"><strong><em>Le Grand Soir<\/em><\/strong><strong> \u2013 10.9.2019<\/strong><\/span><\/p>\n<p style=\"text-align: justify;\"><span style=\"font-family: times new roman, times, serif; font-size: 14pt;\"><strong>\u00a0<\/strong><\/span><\/p>\n<p>&nbsp;<\/p>\n<p style=\"text-align: justify;\"><span style=\"font-family: tahoma, arial, helvetica, sans-serif; font-size: 14pt;\"><strong>Gr\u00e2ce \u00e0 une souscription lanc\u00e9e ici, un livre sur les Gilets Jaunes (\u00ab\u00a0La rue \u00e9tait noire de jaune\u00a0\u00bb) va \u00eatre bient\u00f4t en librairie. Le Grand Soir a \u00e9t\u00e9 pressenti pour aider de la m\u00eame mani\u00e8re au tournage d\u2019un film sur GEORGES IBRAHIM ABDALLAH.<\/strong><\/span><\/p>\n<p style=\"text-align: justify;\"><span style=\"font-family: tahoma, arial, helvetica, sans-serif; font-size: 14pt;\"><strong>Le r\u00e9alisateur est Pierre Carles.<\/strong><\/span><\/p>\n<p>&nbsp;<\/p>\n<p style=\"text-align: justify;\"><span style=\"font-family: times new roman, times, serif; font-size: 14pt;\"><strong>\u00a0<\/strong><\/span><\/p>\n<p style=\"text-align: center;\"><span style=\"font-family: times new roman, times, serif; font-size: 14pt;\"><strong>\u00a0<a href=\"http:\/\/blog.lesgrossesorchadeslesamplesthalameges.fr\/wp-content\/uploads\/2019\/09\/Georges-Abdallah.jpg\"><img loading=\"lazy\" class=\"alignnone wp-image-6439\" src=\"http:\/\/blog.lesgrossesorchadeslesamplesthalameges.fr\/wp-content\/uploads\/2019\/09\/Georges-Abdallah-300x211.jpg\" alt=\"\" width=\"600\" height=\"422\" srcset=\"https:\/\/blog.lesgrossesorchadeslesamplesthalameges.fr\/wp-content\/uploads\/2019\/09\/Georges-Abdallah-300x211.jpg 300w, https:\/\/blog.lesgrossesorchadeslesamplesthalameges.fr\/wp-content\/uploads\/2019\/09\/Georges-Abdallah.jpg 350w\" sizes=\"(max-width: 600px) 100vw, 600px\" \/><\/a><\/strong><\/span><\/p>\n<p>&nbsp;<\/p>\n<p style=\"text-align: justify;\"><span style=\"font-family: times new roman, times, serif; font-size: 14pt;\"><strong>\u00a0<\/strong><\/span><\/p>\n<p style=\"text-align: justify;\"><span style=\"font-family: times new roman, times, serif; font-size: 18pt;\"><strong>Le r\u00e9alisateur<\/strong><\/span><\/p>\n<p style=\"text-align: justify;\"><span style=\"font-family: times new roman, times, serif; font-size: 14pt;\">Journaliste qui a travaill\u00e9 pour plusieurs cha\u00eenes de t\u00e9l\u00e9vision, Pierre Carles s\u2019est fait conna\u00eetre en d\u00e9non\u00e7ant par l\u2019image en 1992 la fausse interview de Fidel Castro par Patrick Poivre d\u2019Arvor.<\/span><\/p>\n<p style=\"text-align: justify;\"><span style=\"font-family: times new roman, times, serif; font-size: 14pt;\">En 1995, il r\u00e9alise un documentaire pour Canal+, intitul\u00e9 <strong>\u00ab\u00a0Pas vu \u00e0 la t\u00e9l\u00e9\u00a0\u00bb<\/strong> dans lequel il d\u00e9montre spectaculairement les connivences entre nos journalistes et les personnalit\u00e9s politiques. Son reportage sera diffus\u00e9 en 1996 par la t\u00e9l\u00e9vision\u2026belge.<\/span><\/p>\n<p style=\"text-align: justify;\"><span style=\"font-family: times new roman, times, serif; font-size: 14pt;\">En 1998, son film <strong>\u00ab\u00a0Pas vu pas pris\u00a0\u00bb,<\/strong> fait \u00e0 partir du documentaire censur\u00e9 \u00e0 la t\u00e9l\u00e9 fran\u00e7aise, sort dans les salles de cin\u00e9ma.<\/span><\/p>\n<p style=\"text-align: justify;\"><span style=\"font-family: times new roman, times, serif; font-size: 14pt;\">En 2019, Pierre Carles s\u2019attaque \u00e0 un interminable scandale politico-judiciaire m\u00e9connu. Par neuf fois, faisant fi de la d\u00e9cision du tribunal d\u2019application des peines, le Parquet (sous l\u2019autorit\u00e9 des gardes des sceaux successifs, se pliant au veto des USA) a refus\u00e9 la lib\u00e9ration et l\u2019expulsion du prisonnier Georges Ibrahim Abdallah.<\/span><\/p>\n<p style=\"text-align: justify;\"><span style=\"font-family: times new roman, times, serif; font-size: 14pt;\">Chers lecteurs, merci d\u2019aider \u00e0 la r\u00e9alisation de ce film en versant votre contribution (m\u00eame modeste) \u00e0\u00a0: Le Pot commun\u00a0 <\/span><span style=\"font-family: times new roman, times, serif; font-size: 14pt;\">: <a href=\"https:\/\/www.lepotcommun.fr\/pot\/q49nxyby\">https:\/\/www.lepotcommun.fr\/pot\/q49nxyby<\/a><\/span><br \/>\n<span style=\"font-family: times new roman, times, serif; font-size: 14pt;\"><strong>Le Grand Soir<\/strong><\/span><\/p>\n<p>&nbsp;<\/p>\n<p>&nbsp;<\/p>\n<p style=\"text-align: center;\"><span style=\"font-family: times new roman, times, serif; font-size: 20pt;\"><strong>Film de Pierre Carles sur Georges Ibrahim Abdallah<\/strong><\/span><\/p>\n<p style=\"text-align: center;\"><span style=\"font-family: times new roman, times, serif; font-size: 18pt;\"><strong>Pr\u00e9sentation du projet par Pierre Carles<\/strong><\/span><span style=\"font-family: times new roman, times, serif; font-size: 14pt;\"><strong>\u00a0<\/strong><\/span><\/p>\n<p style=\"text-align: justify;\"><span style=\"font-family: times new roman, times, serif; font-size: 14pt;\"><strong>\u00a0<\/strong><\/span><\/p>\n<p style=\"text-align: justify;\"><span style=\"font-family: times new roman, times, serif; font-size: 14pt; color: #c00000;\"><span style=\"font-family: arial black, sans-serif;\"><strong>WE WANT GEORGES IBRAHIM ABDALLAH I<\/strong><\/span><strong><span style=\"font-family: arial black, sans-serif;\">N JAIL<\/span> <\/strong><\/span><\/p>\n<p style=\"text-align: justify;\"><span style=\"font-family: times new roman, times, serif; font-size: 14pt;\">(Nous voulons Georges Ibrahim Abdallah en prison)<\/span><\/p>\n<p style=\"text-align: justify;\"><span style=\"font-family: times new roman, times, serif; font-size: 14pt;\">Le 25 octobre 2019, cela fera 35 ans que le militant communiste libanais Georges Ibrahim Abdallah croupit en prison en France pour&#8230; complicit\u00e9 d\u2019homicide volontaire. Oui, on a bien lu\u00a0: cet homme a accompli une peine d\u2019une telle longueur pour complicit\u00e9 d\u2019assassinat (et non pour avoir tu\u00e9 des gens). Les actions en question ont \u00e9t\u00e9 commises par son groupe les FARL (Fractions Arm\u00e9es R\u00e9volutionnaires Libanaises) contre des militaires \u00e9tasuniens et isra\u00e9liens en poste dans l\u2019Hexagone, complices de l\u2019invasion du sud-Liban par Isra\u00ebl \u00e0 la fin des ann\u00e9es 70\/d\u00e9but des ann\u00e9es 80.<\/span><\/p>\n<p style=\"text-align: justify;\"><span style=\"font-family: times new roman, times, serif; font-size: 14pt;\">En dehors de Georges Ibrahim Abdallah, nul \u00eatre humain n\u2019est actuellement d\u00e9tenu en Europe depuis pr\u00e8s de 40 ans pour des faits \u00e0 caract\u00e8re politiques. Ainsi, Georges Ibrahim Abdallah d\u00e9tient le triste record de plus vieux prisonnier politique du vieux continent. Neuf demandes de lib\u00e9ration conditionnelle ont \u00e9t\u00e9 d\u00e9pos\u00e9es par ses avocats depuis le d\u00e9but des ann\u00e9es 2000, la derni\u00e8re en 2015. Sans succ\u00e8s. D\u00e8s qu\u2019un tribunal d\u2019application des peines consid\u00e8re qu\u2019il n\u2019a plus sa place en prison, le parquet, qui est inf\u00e9od\u00e9 au pouvoir politique (contrairement aux juges d\u2019application des peines) fait appel de la d\u00e9cision quand ce n\u2019est pas le ministre de l\u2019Int\u00e9rieur qui refuse de signer l\u2019arr\u00eat\u00e9 d\u2019expulsion vers le Liban, o\u00f9 Georges Ibrahim Abdallah est consid\u00e9r\u00e9 comme un r\u00e9sistant \u00e0 l\u2019invasion de son pays par une puissance \u00e9trang\u00e8re. Mais pourquoi un tel acharnement\u00a0?<\/span><\/p>\n<p style=\"text-align: justify;\"><span style=\"font-family: times new roman, times, serif; font-size: 14pt;\">En 2012, Me Jacques Verg\u00e8s, l\u2019avocat de Georges Ibrahim Abdallah, affirmait\u00a0: \u00ab\u00a0C\u2019est le gouvernement des \u00c9tats-Unis qui oppose un veto intol\u00e9rable \u00e0 sa lib\u00e9ration.\u00a0\u00bb La r\u00e9v\u00e9lation par WikiLeaks, en 2016, de propos \u00e9chang\u00e9s par Hillary Clinton, la secr\u00e9taire d\u2019\u00c9tat des USA et Laurent Fabius, le ministre des affaires \u00e9trang\u00e8res fran\u00e7ais, accr\u00e9dite cette hypoth\u00e8se.<\/span><\/p>\n<p style=\"text-align: justify;\"><span style=\"font-family: times new roman, times, serif; font-size: 14pt;\">Il n\u2019est pas inhabituel que des puissances \u00e9trang\u00e8res tentent d\u2019interf\u00e9rer dans les affaires internes d\u2019un pays. En 2017, la Colombie a r\u00e9clam\u00e9 \u00e0 la Chine pour qu\u2019un de ses ressortissants condamn\u00e9 \u00e0 la peine de mort pour trafic de stup\u00e9fiants voie sa peine commu\u00e9e. Cela n\u2019a pas pour autant emp\u00each\u00e9 qu\u2019Enrique Arciniegas soit ex\u00e9cut\u00e9. Le gouvernement cubain, quant \u00e0 lui, a longtemps r\u00e9clam\u00e9 aux USA l\u2019extradition de Luis Posada Carriles, un militant anticastriste tenu pour responsable d\u2019un attentat terroriste contre un avion cubain qui fit 73 morts en 1976. Sans succ\u00e8s, l\u00e0 encore. Carriles a v\u00e9cu jusqu\u2019\u00e0 l\u2019\u00e2ge de 90 ans en Floride, o\u00f9 il est d\u00e9c\u00e9d\u00e9 en 2018 sans jamais avoir eu affaire \u00e0 la justice cubaine. En revanche, lorsque les \u00c9tats-Unis d\u2019Am\u00e9rique ordonnent, en 2013, \u00e0 la France et \u00e0 trois autres pays europ\u00e9ens (Espagne, Italie, Portugal) de fermer leur espace a\u00e9rien \u00e0 l\u2019avion du pr\u00e9sident bolivien Evo Morales soup\u00e7onn\u00e9 de transporter le lanceur d\u2019alerte Edouard Snowden, ces quatre pays pr\u00e9sum\u00e9s souverains obtemp\u00e8rent sans se poser de questions. \u00c0 l\u2019\u00e9vidence, le scandale de la non-lib\u00e9ration de Georges Ibrahim Abdallah t\u00e9moigne d\u2019un manque d\u2019ind\u00e9pendance de la France vis \u00e0 vis des USA. Cet acharnement s\u00e9curitaire \u00e0 l\u2019\u00e9gard de ce militant communiste ne trouve pas d\u2019autres explications.<\/span><\/p>\n<p style=\"text-align: justify;\"><span style=\"font-family: times new roman, times, serif; font-size: 14pt;\">Chaque ann\u00e9e, devant la prison de Lannemezan, des centaines d\u2019hommes et de femmes se r\u00e9unissent pour r\u00e9clamer la lib\u00e9ration de Georges Ibrahim Abdallah. Avec le documentaire <strong>\u00ab\u00a0We want Georges Ibrahim Abdallah in jail\u00a0\u00bb<\/strong> nous tenterons d\u2019alerter un public plus nombreux sur ce scandale afin &#8211; qui sait\u00a0? \u2013 de r\u00e9ussir \u00e0 faire bouger les lignes sur la question de la lib\u00e9ration de Georges Ibrahim Abdallah. Pour fabriquer un documentaire se distinguant du simple tract vid\u00e9o militant (qui a son utilit\u00e9 mais aussi des limites), il est pr\u00e9f\u00e9rable de disposer d\u2019un minimum de ressources pour couvrir les frais de tournage, de montage, de mixage, d\u2019\u00e9talonnage&#8230; Gr\u00e2ce \u00e0 Gilbert Hanna (radio La Cl\u00e9 des Ondes), \u00e0 Isabelle Vallade (comit\u00e9 de soutien de Bordeaux) et \u00e0 une douzaine de membres des comit\u00e9s de soutien \u00e0 travers la France, environ 3500 \u20ac ont \u00e9t\u00e9 collect\u00e9s et le tournage du film a pu d\u00e9marrer. Mais cette somme est bien insuffisante pour fabriquer un film de qualit\u00e9. Aussi, nous lan\u00e7ons un appel \u00e0 dons pour tenter de r\u00e9unir les 10.000 \u20ac n\u00e9cessaires permettant d\u2019\u00eatre en mesure d\u2019avancer plus rapidement sur ce projet. Un tout premier \u00e9tat de ce travail sera pr\u00e9sent\u00e9 le 24 octobre prochain au cin\u00e9ma Utopia \u00e0 Bordeaux. Ce jour-l\u00e0, Georges Ibrahim Abdallah attaquera sa 36\u00e8me ann\u00e9e de d\u00e9tention.<\/span><\/p>\n<p style=\"text-align: justify;\"><span style=\"font-family: times new roman, times, serif; font-size: 14pt;\"><strong>Pierre CARLES<\/strong><\/span><\/p>\n<p style=\"text-align: left;\"><span style=\"font-family: times new roman, times, serif; font-size: 14pt;\"><strong>URL de cet article\u00a0: <\/strong><a href=\"http:\/\/blog.lesgrossesorchadeslesamplesthalameges.fr\/index.php\/we-want-georges-ibrahim-abdallah-in-jail\/\">http:\/\/blog.lesgrossesorchadeslesamplesthalameges.fr\/index.php\/we-want-georges-ibrahim-abdallah-in-jail\/<\/a><\/span><\/p>\n<p style=\"text-align: left;\"><span style=\"font-family: times new roman, times, serif; font-size: 14pt;\">Source\u00a0: <a href=\"https:\/\/www.legrandsoir.info\/souscription-pour-le-tournage-d-un-film-sur-le-plus-vieux-prisonnier-politique-en-europe.html\">https:\/\/www.legrandsoir.info\/souscription-pour-le-tournage-d-un-film-sur-le-plus-vieux-prisonnier-politique-en-europe.html<\/a><\/span><\/p>\n<p>&nbsp;<\/p>\n<p>&nbsp;<\/p>\n<p style=\"text-align: center;\"><a href=\"http:\/\/blog.lesgrossesorchadeslesamplesthalameges.fr\/wp-content\/uploads\/2019\/09\/7.gif\"><img loading=\"lazy\" class=\"alignnone wp-image-6440\" src=\"http:\/\/blog.lesgrossesorchadeslesamplesthalameges.fr\/wp-content\/uploads\/2019\/09\/7.gif\" alt=\"\" width=\"80\" height=\"85\" \/><\/a><\/p>\n<p>&nbsp;<\/p>\n<p>&nbsp;<\/p>\n<p style=\"text-align: right;\"><span style=\"font-family: comic sans ms, sans-serif; font-size: 14pt;\">Septembre 2019<\/span><\/p>\n","protected":false},"excerpt":{"rendered":"<p>&nbsp; &nbsp; &nbsp; &nbsp; &nbsp; &nbsp; \u00abWe want Georges Ibrahim Abdallah in jail\u00a0!\u00bb &nbsp; Et tout le monde a obtemp\u00e9r\u00e9, et obtemp\u00e8re depuis 35 ans, dont, au premier rang : Fran\u00e7ois Mitterrand, Jacques Chirac, Nicolas Sarkozy, Fran\u00e7ois Hollande, Emmanuel Macron\u2026 \u00a0 &nbsp; Souscription pour le tournage d\u2019un film sur le plus vieux prisonnier politique en&#8230;<\/p>\n","protected":false},"author":1,"featured_media":0,"parent":0,"menu_order":0,"comment_status":"open","ping_status":"open","template":"","meta":[],"_links":{"self":[{"href":"https:\/\/blog.lesgrossesorchadeslesamplesthalameges.fr\/index.php\/wp-json\/wp\/v2\/pages\/6492"}],"collection":[{"href":"https:\/\/blog.lesgrossesorchadeslesamplesthalameges.fr\/index.php\/wp-json\/wp\/v2\/pages"}],"about":[{"href":"https:\/\/blog.lesgrossesorchadeslesamplesthalameges.fr\/index.php\/wp-json\/wp\/v2\/types\/page"}],"author":[{"embeddable":true,"href":"https:\/\/blog.lesgrossesorchadeslesamplesthalameges.fr\/index.php\/wp-json\/wp\/v2\/users\/1"}],"replies":[{"embeddable":true,"href":"https:\/\/blog.lesgrossesorchadeslesamplesthalameges.fr\/index.php\/wp-json\/wp\/v2\/comments?post=6492"}],"version-history":[{"count":0,"href":"https:\/\/blog.lesgrossesorchadeslesamplesthalameges.fr\/index.php\/wp-json\/wp\/v2\/pages\/6492\/revisions"}],"wp:attachment":[{"href":"https:\/\/blog.lesgrossesorchadeslesamplesthalameges.fr\/index.php\/wp-json\/wp\/v2\/media?parent=6492"}],"curies":[{"name":"wp","href":"https:\/\/api.w.org\/{rel}","templated":true}]}}