{"id":6524,"date":"2019-09-16T00:52:00","date_gmt":"2019-09-15T22:52:00","guid":{"rendered":"http:\/\/blog.lesgrossesorchadeslesamplesthalameges.fr\/?page_id=6524"},"modified":"2019-09-16T03:23:59","modified_gmt":"2019-09-16T01:23:59","slug":"6524-2","status":"publish","type":"page","link":"https:\/\/blog.lesgrossesorchadeslesamplesthalameges.fr\/index.php\/6524-2\/","title":{"rendered":"Sire de Geenland"},"content":{"rendered":"<p>&nbsp;<\/p>\n<p>&nbsp;<\/p>\n<p>&nbsp;<\/p>\n<p>&nbsp;<\/p>\n<p>&nbsp;<\/p>\n<p style=\"text-align: center;\"><span style=\"font-family: times new roman, times, serif; font-size: 48pt; color: #ff0000;\"><strong><em>Sire de Geenland<\/em><\/strong><\/span><\/p>\n<p>&nbsp;<\/p>\n<p style=\"text-align: center;\"><span style=\"font-family: times new roman, times, serif; font-size: 16pt;\"><strong>Anatole Atlas \u2013 <\/strong><a href=\"http:\/\/www.spherisme.be\/Texte\/Geenland.htm\"><strong><em>spherisme.be<\/em><\/strong><\/a><strong> \u2013 19.8.2019<\/strong><\/span><\/p>\n<p>&nbsp;<\/p>\n<p>&nbsp;<\/p>\n<p style=\"text-align: center;\"><span style=\"font-family: times new roman, times, serif; font-size: 18pt;\">\u00ab\u00a0 <strong><em>Toute po\u00e9sie se meut dans un cadre, pour ainsi dire, apocalyptique<\/em><\/strong>.\u00a0\u00bb<\/span><\/p>\n<p style=\"text-align: justify;\"><span style=\"font-family: times new roman, times, serif; font-size: 14pt;\">Cette citation du po\u00e8te communiste grec Yannis R\u00edtsos, je l&rsquo;avais mise en exergue de <em>Tango tabou de l&rsquo;Ombu<\/em>, paru l&rsquo;ann\u00e9e m\u00eame (2002) o\u00f9 Richard Miller, ministre de la Culture,\u00a0affichait\u00a0son accord pour inviter en Belgique mon fr\u00e8re de loin Patrick Chamoiseau&#8230;<\/span><\/p>\n<p style=\"text-align: justify;\"><span style=\"font-family: times new roman, times, serif; font-size: 14pt;\">Le th\u00e8me de l&rsquo;Apocalypse hante explicitement mon\u00a0\u0153uvre\u00a0romanesque depuis <em>Pleine lune sur l&rsquo;existence du jeune bougre <\/em>(1990) &#8211;\u00a0et\u00a0Yannis R\u00edtsos fut l&rsquo;inspirateur d&rsquo;une figure\u00a0a\u00e9dique la traversant de part en part&#8230;<\/span><\/p>\n<p style=\"text-align: justify;\"><span style=\"font-family: times new roman, times, serif; font-size: 14pt;\">(R\u00edtsos dont Aragon suffoquait, au printemps 1981, \u00e0 me d\u00e9crire le sort dans un ancien camp nazi r\u00e9am\u00e9nag\u00e9 par les Colonels\u00a0du monde libre.)<\/span><\/p>\n<p>&nbsp;<\/p>\n<p>&nbsp;<\/p>\n<p style=\"text-align: center;\"><a href=\"http:\/\/blog.lesgrossesorchadeslesamplesthalameges.fr\/wp-content\/uploads\/2019\/09\/Ritsos-et-Aragon.jpg\"><img loading=\"lazy\" class=\"alignnone wp-image-6446\" src=\"http:\/\/blog.lesgrossesorchadeslesamplesthalameges.fr\/wp-content\/uploads\/2019\/09\/Ritsos-et-Aragon.jpg\" alt=\"\" width=\"500\" height=\"332\" \/><\/a><\/p>\n<p style=\"text-align: center;\"><strong><em><span style=\"font-family: times new roman, times, serif; font-size: 14pt;\">Yannis Ritsos et Louis Aragon<\/span><\/em><\/strong><\/p>\n<p>&nbsp;<\/p>\n<p>&nbsp;<\/p>\n<p style=\"text-align: justify;\"><span style=\"font-family: times new roman, times, serif; font-size: 14pt;\">Un roi boiteux se cramponne \u00e0 son chambellan borgne : ils\u00a0ne croient pas former\u00a0le couple de l&rsquo;aveugle et du paralytique.\u00a0Ne jouissent-ils pas d&rsquo;omnipotence, omnivoyance et omniscience bibliques, sous les formes de Kapitotal et de la tour Panoptic\u00a0\u00a0? Ce qui devait d\u00e9cider le m\u00eame Richard \u00e0 me solliciter pour collaborer \u00e0 une revue litt\u00e9raire usurpant le nom d&rsquo;<em>Ulenspiegel<\/em>, dont le th\u00e8me du premier num\u00e9ro serait Isra\u00ebl&#8230;<\/span><\/p>\n<p>&nbsp;<\/p>\n<p>&nbsp;<\/p>\n<p style=\"text-align: center;\"><a href=\"http:\/\/blog.lesgrossesorchadeslesamplesthalameges.fr\/wp-content\/uploads\/2019\/09\/Charles-DE-COSTER.jpg\"><img loading=\"lazy\" class=\"alignnone wp-image-6526\" src=\"http:\/\/blog.lesgrossesorchadeslesamplesthalameges.fr\/wp-content\/uploads\/2019\/09\/Charles-DE-COSTER.jpg\" alt=\"\" width=\"250\" height=\"376\" \/><\/a><\/p>\n<p style=\"text-align: center;\"><strong><em><span style=\"font-family: times new roman, times, serif; font-size: 14pt;\">Charles de Coster<\/span><\/em><\/strong><\/p>\n<p>&nbsp;<\/p>\n<p>&nbsp;<\/p>\n<p style=\"text-align: justify;\"><span style=\"font-family: times new roman, times, serif; font-size: 14pt;\">Comment n&rsquo;y aurais-je pas sp\u00e9cifi\u00e9 que le chef d&rsquo;\u0153uvre\u00a0de Charles De Coster, dirig\u00e9 de son propre aveu\u00a0contre l&#8217;empire de Napol\u00e9on III sous couvert d&rsquo;une\u00a0\u00e9pop\u00e9e se d\u00e9roulant au XVIe si\u00e8cle, portait en\u00a0lui une critique radicale de tous les colonialismes, donc du sionisme ? Il \u00e9tait certain, d\u00e8s son \u00e9criture, que <em>Fr\u00e8res en la Sph\u00e8re <\/em>ne passerait pas la <strong><em>S<\/em><\/strong>ensure d&rsquo;une Propaganda Staffel aux ordres de la Kommandantur&#8230; Ces derniers mots, pour outranciers qu&rsquo;ils paraissent, traduisent bien l&rsquo;esprit de Thijl,\u00a0ce gueux revendiqu\u00e9 s&rsquo;attribuant pour titre de noblesse une souverainet\u00e9 sans pr\u00e9c\u00e9dent : celle d&rsquo;Aucun Pays.\u00a0D&rsquo;Hom\u00e8re \u00e0 Aim\u00e9 C\u00e9saire,\u00a0l&rsquo;a\u00e8de n&rsquo;est-il pas toujours un\u00a0<em>Sire de Geenland <\/em>?&#8230;<\/span><\/p>\n<p style=\"text-align: justify;\"><span style=\"font-family: times new roman, times, serif; font-size: 14pt;\">Je me permis donc d&rsquo;\u00e9noncer les identit\u00e9s congolaise, russe, mexicaine, cubaine, maghr\u00e9bine et Palestinienne dont s&rsquo;honore ma <em>carte d&rsquo;alt\u00e9rit\u00e9. <\/em>Se trouve-t-il quelqu&rsquo;un\u00a0en Belgique (o\u00f9 nul n&rsquo;a lu la <em>L\u00e9gende h\u00e9ro\u00efque de Thijl Ulenspiegel<\/em>, dont la meilleure \u00e9dition demeure celle de Moscou), pour signaler que De Coster a g\u00e9nialement glorifi\u00e9, dans une langue fran\u00e7aise cr\u00e9olis\u00e9e de flamand, l&rsquo;<em>esprit de la Flandre <\/em>? Ce rappel\u00a0suffirait \u00e0 y d\u00e9samorcer l&rsquo;interminable querelle tribale entre Nord et Sud&#8230;<\/span><\/p>\n<p>&nbsp;<\/p>\n<p>&nbsp;<\/p>\n<p>&nbsp;<\/p>\n<p style=\"text-align: center;\"><a href=\"http:\/\/blog.lesgrossesorchadeslesamplesthalameges.fr\/wp-content\/uploads\/2019\/09\/CouvertureUlenspiegel1973.gif\">\u00a0<\/a><a href=\"http:\/\/blog.lesgrossesorchadeslesamplesthalameges.fr\/wp-content\/uploads\/2019\/09\/CouvertureUlenspiegel1973.gif\"><img loading=\"lazy\" class=\"alignnone wp-image-6527\" src=\"http:\/\/blog.lesgrossesorchadeslesamplesthalameges.fr\/wp-content\/uploads\/2019\/09\/CouvertureUlenspiegel1973-231x300.gif\" alt=\"\" width=\"400\" height=\"520\" \/><\/a><\/p>\n<p style=\"text-align: justify;\"><strong><em>\u00a0 <\/em><\/strong><\/p>\n<p>&nbsp;<\/p>\n<p>&nbsp;<\/p>\n<p style=\"text-align: justify;\"><span style=\"font-family: times new roman, times, serif; font-size: 14pt;\">Et son Thijl n&rsquo;est-il pas la plus flamboyante incarnation d&rsquo;un esprit de r\u00e9sistance \u00e0 l&rsquo;Empire ? Ce pourquoi mon texte refus\u00e9 ne pouvait avoir d&rsquo;autre conclusion qu&rsquo;un vers de l&rsquo;a\u00e8de palestinien Mahmoud Darwich.<\/span><\/p>\n<p style=\"text-align: justify;\"><span style=\"font-family: times new roman, times, serif; font-size: 14pt;\">Entre C\u00e9sar et C\u00e9saire il faut choisir, ai-je cru bon de rappeler dans un exercice de libert\u00e9 sans limite o\u00f9 s&rsquo;enfilent perles et pierres pr\u00e9cieuses verbales cueillies au fond de l&rsquo;Atlantique et au sommet de l&rsquo;Atlas, dans des cr\u00e2nes all\u00e9goriques auxquels j&rsquo;avais associ\u00e9 De Coster et Simenon. Sans myst\u00e8re \u00e9taient les allusions au plus vieux cr\u00e2ne d&rsquo;homo sapiens (300.00O ans) d\u00e9couvert dans l&rsquo;Atlas, et \u00e0 ceux tapissant l&rsquo;oc\u00e9an entre trois continents, vestiges du commerce triangulaire&#8230;<\/span><\/p>\n<p style=\"text-align: justify;\"><span style=\"font-family: times new roman, times, serif; font-size: 14pt;\">Plus que jamais l&rsquo;humanit\u00e9 n&rsquo;est-elle pas livr\u00e9e \u00e0 une traite n\u00e9gri\u00e8re, et les \u00e9crivains charg\u00e9s d&rsquo;\u00e9clairer toutes les colonisations de l&rsquo;imaginaire ? Je m&rsquo;attendais \u00e0\u00a0ce\u00a0d\u00e9cret de mal\u00e9diction contre\u00a0un texte\u00a0qui <em>dit le mal <\/em>; mais fus sid\u00e9r\u00e9\u00a0par le fait qu&rsquo;il soit\u00a0maudit au pr\u00e9texte\u00a0d&rsquo;\u00eatre <em>mal dit<\/em>&#8230;<\/span><\/p>\n<p style=\"text-align: justify;\"><span style=\"font-family: times new roman, times, serif; font-size: 14pt;\">C&rsquo;est pourquoi vient comme une b\u00e9n\u00e9diction la r\u00e9cente affirmation du philosophe camerounais Achille Mbembe : \u00ab\u00a0&#8230;<em>l&rsquo;un des enjeux de ce d\u00e9bat est de savoir comment cr\u00e9er les conditions pour que les spoliateurs d&rsquo;hier apprennent \u00e0 dire la v\u00e9rit\u00e9 au sujet des gains frauduleux dont ils sont les b\u00e9n\u00e9ficiaires. Cette dette de v\u00e9rit\u00e9 est la plus urgente dont l&rsquo;Occident doit s&rsquo;acquitter envers l&rsquo;humanit\u00e9, et pas seulement\u00a0envers\u00a0l&rsquo;Afrique <\/em>\u00ab\u00a0&#8230;<\/span><\/p>\n<p style=\"text-align: justify;\"><span style=\"font-family: times new roman, times, serif; font-size: 14pt;\">Le\u00a0processus meurtrier qui, lors de la traite n\u00e9gri\u00e8re, a fait des Africains les objets d&rsquo;un trafic intercontinental sur quoi s&rsquo;est fond\u00e9e la richesse occidentale, avait une justification biblique. Ce d\u00e9ni d&rsquo;humanit\u00e9\u00a0lanc\u00e9 \u00e0 une descendance maudite, celle de Cham et de Canaan, frappa mon enfance au Congo d&rsquo;une blessure ingu\u00e9rissable,\u00a0qui d\u00e9termina toute mon existence comme celle d&rsquo;un <em>Sire de Geenland<\/em>.\u00a0\u00a0\u00a0\u00a0<em>\u00a0\u00a0\u00a0\u00a0<\/em><\/span><\/p>\n<p>&nbsp;<\/p>\n<p><span style=\"font-family: times new roman, times, serif; font-size: 14pt;\">A.A.<\/span><\/p>\n<p><span style=\"font-family: times new roman, times, serif; font-size: 14pt;\"><a href=\"http:\/\/www.spherisme.be\">www.spherisme.be<\/a><\/span><\/p>\n<p>&nbsp;<\/p>\n<p>&nbsp;<\/p>\n<p style=\"text-align: center;\"><a href=\"http:\/\/blog.lesgrossesorchadeslesamplesthalameges.fr\/wp-content\/uploads\/2019\/09\/el-viejo-desencantado-GIF.gif\"><img loading=\"lazy\" class=\"alignnone wp-image-6444\" src=\"http:\/\/blog.lesgrossesorchadeslesamplesthalameges.fr\/wp-content\/uploads\/2019\/09\/el-viejo-desencantado-GIF.gif\" alt=\"\" width=\"90\" height=\"90\" \/><\/a><\/p>\n<p>&nbsp;<\/p>\n<p>&nbsp;<\/p>\n<p>&nbsp;<\/p>\n<p><span style=\"font-family: times new roman, times, serif; font-size: 18pt; color: #c00000;\"><strong><em>Le seul film r\u00e9alis\u00e9 par G\u00e9rard Philippe\u00a0:<\/em><\/strong><\/span><\/p>\n<p><span style=\"font-family: times new roman, times, serif; font-size: 14pt;\"><strong><em>\u00a0<\/em><\/strong><\/span><\/p>\n<p style=\"text-align: center;\"><span style=\"font-family: times new roman, times, serif; font-size: 24pt;\"><strong>Les aventures de Till l\u2019Espi\u00e8gle<\/strong><\/span><\/p>\n<p style=\"text-align: center;\"><span style=\"font-family: times new roman, times, serif; font-size: 24pt;\"><strong>1956<\/strong><\/span><\/p>\n<p>&nbsp;<\/p>\n<p><span style=\"font-family: comic sans ms, sans-serif; font-size: 12pt; color: #c00000;\"><strong>Il n\u2019eut pas de succ\u00e8s commercial. Peut-\u00eatre n\u2019\u00e9tait-il pas ce qu\u2019il aurait pu \u00eatre. Sans doute G\u00e9rard Philippe cin\u00e9aste aurait-il fait des progr\u00e8s si le sort ne l\u2019avait fauch\u00e9 si vite. <\/strong><strong>Souvenirs, souvenirs\u2026<\/strong><\/span><\/p>\n<p><span style=\"font-family: comic sans ms, sans-serif; font-size: 14pt; color: #c00000;\"><strong>\u00a0<\/strong><\/span><\/p>\n<p style=\"text-align: center;\"><span style=\"font-family: times new roman, times, serif; font-size: 18pt;\"><strong>Trailer<\/strong><\/span><\/p>\n<p style=\"text-align: center;\"><span style=\"font-family: times new roman, times, serif; font-size: 14pt;\">\u00a0<iframe loading=\"lazy\" src=\"\/\/www.youtube.com\/embed\/Fbj4fO1imfI\" width=\"560\" height=\"315\" frameborder=\"0\" allowfullscreen=\"allowfullscreen\"><\/iframe> <\/span><\/p>\n<p>&nbsp;<\/p>\n<p>&nbsp;<\/p>\n<p style=\"text-align: center;\"><span style=\"font-size: 18pt;\"><strong>Film <\/strong><\/span><\/p>\n<p style=\"text-align: center;\"><iframe loading=\"lazy\" src=\"\/\/www.youtube.com\/embed\/V8MJPXA74B4\" width=\"560\" height=\"315\" frameborder=\"0\" allowfullscreen=\"allowfullscreen\"><\/iframe><\/p>\n<p>&nbsp;<\/p>\n<p>&nbsp;<\/p>\n<p>&nbsp;<\/p>\n<p style=\"text-align: center;\"><a href=\"http:\/\/blog.lesgrossesorchadeslesamplesthalameges.fr\/wp-content\/uploads\/2019\/09\/el-viejo-desencantado-GIF.gif\"><img loading=\"lazy\" class=\"alignnone wp-image-6444\" src=\"http:\/\/blog.lesgrossesorchadeslesamplesthalameges.fr\/wp-content\/uploads\/2019\/09\/el-viejo-desencantado-GIF.gif\" alt=\"\" width=\"90\" height=\"90\" \/><\/a><\/p>\n<p>&nbsp;<\/p>\n<p>&nbsp;<\/p>\n<p>&nbsp;<\/p>\n<p><span style=\"font-size: 18pt; font-family: times new roman, times, serif; color: #c00000;\"><strong><em>\u00e0 lire par ceux qui ne le connaissent pas\u00a0:<\/em><\/strong><\/span><\/p>\n<p><strong><em>\u00a0<\/em><\/strong><\/p>\n<p style=\"text-align: center;\"><span style=\"font-family: times new roman, times, serif; font-size: 18pt;\"><strong>Yannis Ritsos, fr\u00e8re d\u2019humanit\u00e9<\/strong><\/span><\/p>\n<p style=\"text-align: center;\"><strong><em>\u00a0<a href=\"http:\/\/blog.lesgrossesorchadeslesamplesthalameges.fr\/wp-content\/uploads\/2019\/09\/0.-freccia-nera-piccola-xx-1.gif\"><img loading=\"lazy\" class=\"alignnone size-full wp-image-6431\" src=\"http:\/\/blog.lesgrossesorchadeslesamplesthalameges.fr\/wp-content\/uploads\/2019\/09\/0.-freccia-nera-piccola-xx-1.gif\" alt=\"\" width=\"46\" height=\"46\" \/><\/a><\/em><\/strong><\/p>\n<p style=\"text-align: center;\"><a href=\"http:\/\/www.les-lettres-francaises.fr\/2011\/11\/yannis-ritsos-frere-d%E2%80%99humanite\/\"><strong><span style=\"font-family: times new roman, times, serif;\"><span style=\"font-size: 14pt;\">http:\/\/www.les-lettres-francaises.fr\/2011\/11\/yannis-ritsos-frere-d%E2%80%99humanite\/<\/span><\/span><\/strong><\/a><\/p>\n<p>&nbsp;<\/p>\n<p><strong><em>\u00a0<\/em><\/strong><\/p>\n<p>&nbsp;<\/p>\n<p style=\"text-align: center;\"><a href=\"http:\/\/blog.lesgrossesorchadeslesamplesthalameges.fr\/wp-content\/uploads\/2019\/09\/el-viejo-desencantado-GIF.gif\"><img loading=\"lazy\" class=\"alignnone wp-image-6444\" src=\"http:\/\/blog.lesgrossesorchadeslesamplesthalameges.fr\/wp-content\/uploads\/2019\/09\/el-viejo-desencantado-GIF.gif\" alt=\"\" width=\"90\" height=\"90\" \/><\/a><\/p>\n<p>&nbsp;<\/p>\n<p><strong><em>\u00a0<\/em><\/strong><\/p>\n<p>&nbsp;<\/p>\n<p><span style=\"font-family: times new roman, times, serif; font-size: 18pt; color: #c00000;\"><strong><em>\u00e0 lire aussi, c\u2019est de l\u2019an dernier :<\/em><\/strong><\/span><\/p>\n<p>&nbsp;<\/p>\n<p style=\"text-align: center;\"><a href=\"http:\/\/blog.lesgrossesorchadeslesamplesthalameges.fr\/wp-content\/uploads\/2019\/09\/chamoiseaufm.jpg\"><img loading=\"lazy\" class=\"alignnone wp-image-6528\" src=\"http:\/\/blog.lesgrossesorchadeslesamplesthalameges.fr\/wp-content\/uploads\/2019\/09\/chamoiseaufm-300x149.jpg\" alt=\"\" width=\"600\" height=\"298\" srcset=\"https:\/\/blog.lesgrossesorchadeslesamplesthalameges.fr\/wp-content\/uploads\/2019\/09\/chamoiseaufm-300x149.jpg 300w, https:\/\/blog.lesgrossesorchadeslesamplesthalameges.fr\/wp-content\/uploads\/2019\/09\/chamoiseaufm.jpg 661w\" sizes=\"(max-width: 600px) 100vw, 600px\" \/><\/a><\/p>\n<p style=\"text-align: center;\"><span style=\"font-family: times new roman, times, serif; font-size: 18pt;\"><strong>Causerie avec Patrick Chamoiseau autour de son ouvrage <em>Fr\u00e8res migrants<\/em><\/strong><\/span><\/p>\n<p style=\"text-align: center;\"><a href=\"http:\/\/blog.lesgrossesorchadeslesamplesthalameges.fr\/wp-content\/uploads\/2019\/09\/0.-freccia-nera-piccola-xx-1.gif\"><img loading=\"lazy\" class=\"alignnone size-full wp-image-6431\" src=\"http:\/\/blog.lesgrossesorchadeslesamplesthalameges.fr\/wp-content\/uploads\/2019\/09\/0.-freccia-nera-piccola-xx-1.gif\" alt=\"\" width=\"46\" height=\"46\" \/><\/a><\/p>\n<p style=\"text-align: center;\"><span style=\"font-family: times new roman, times, serif; font-size: 14pt;\"><a href=\"https:\/\/www.nofi.media\/2018\/02\/patrick-chamoiseau\/48886\"><strong>https:\/\/www.nofi.media\/2018\/02\/patrick-chamoiseau\/48886<\/strong><\/a><\/span><\/p>\n<p>&nbsp;<\/p>\n<p><span style=\"font-family: times new roman, times, serif; font-size: 18pt; color: #c00000;\"><strong><em>Et l\u2019Internet est fait pour qu\u2019on l\u2019explore.<\/em><\/strong><\/span><\/p>\n<p><strong><em>\u00a0<\/em><\/strong><\/p>\n<p><strong><span style=\"font-family: times new roman, times, serif;\"><span style=\"font-size: 14pt;\">\u00a0URL de cet article : <\/span><\/span><\/strong><a href=\"http:\/\/blog.lesgrossesorchadeslesamplesthalameges.fr\/index.php\/6524-2\/\"><span style=\"font-family: times new roman, times, serif;\"><span style=\"font-size: 14pt;\">http:\/\/blog.lesgrossesorchadeslesamplesthalameges.fr\/index.php\/6524-2\/<\/span><\/span><\/a><strong><em><br \/>\n<\/em><\/strong><\/p>\n<p>&nbsp;<\/p>\n<p>&nbsp;<\/p>\n<p>&nbsp;<\/p>\n<p style=\"text-align: center;\"><a href=\"http:\/\/blog.lesgrossesorchadeslesamplesthalameges.fr\/wp-content\/uploads\/2019\/09\/el-viejo-desencantado-GIF.gif\"><img loading=\"lazy\" class=\"alignnone wp-image-6444\" src=\"http:\/\/blog.lesgrossesorchadeslesamplesthalameges.fr\/wp-content\/uploads\/2019\/09\/el-viejo-desencantado-GIF.gif\" alt=\"\" width=\"90\" height=\"90\" \/><\/a><\/p>\n<p><strong><em>\u00a0<\/em><\/strong><\/p>\n<p>&nbsp;<\/p>\n<p style=\"text-align: right;\"><span style=\"font-family: comic sans ms, sans-serif; font-size: 14pt;\">Septembre 2019<\/span><\/p>\n<p>&nbsp;<\/p>\n<p>&nbsp;<\/p>\n","protected":false},"excerpt":{"rendered":"<p>&nbsp; &nbsp; &nbsp; &nbsp; &nbsp; Sire de Geenland &nbsp; Anatole Atlas \u2013 spherisme.be \u2013 19.8.2019 &nbsp; &nbsp; \u00ab\u00a0 Toute po\u00e9sie se meut dans un cadre, pour ainsi dire, apocalyptique.\u00a0\u00bb Cette citation du po\u00e8te communiste grec Yannis R\u00edtsos, je l&rsquo;avais mise en exergue de Tango tabou de l&rsquo;Ombu, paru l&rsquo;ann\u00e9e m\u00eame (2002) o\u00f9 Richard Miller, ministre&#8230;<\/p>\n","protected":false},"author":1,"featured_media":0,"parent":0,"menu_order":0,"comment_status":"open","ping_status":"open","template":"","meta":[],"_links":{"self":[{"href":"https:\/\/blog.lesgrossesorchadeslesamplesthalameges.fr\/index.php\/wp-json\/wp\/v2\/pages\/6524"}],"collection":[{"href":"https:\/\/blog.lesgrossesorchadeslesamplesthalameges.fr\/index.php\/wp-json\/wp\/v2\/pages"}],"about":[{"href":"https:\/\/blog.lesgrossesorchadeslesamplesthalameges.fr\/index.php\/wp-json\/wp\/v2\/types\/page"}],"author":[{"embeddable":true,"href":"https:\/\/blog.lesgrossesorchadeslesamplesthalameges.fr\/index.php\/wp-json\/wp\/v2\/users\/1"}],"replies":[{"embeddable":true,"href":"https:\/\/blog.lesgrossesorchadeslesamplesthalameges.fr\/index.php\/wp-json\/wp\/v2\/comments?post=6524"}],"version-history":[{"count":0,"href":"https:\/\/blog.lesgrossesorchadeslesamplesthalameges.fr\/index.php\/wp-json\/wp\/v2\/pages\/6524\/revisions"}],"wp:attachment":[{"href":"https:\/\/blog.lesgrossesorchadeslesamplesthalameges.fr\/index.php\/wp-json\/wp\/v2\/media?parent=6524"}],"curies":[{"name":"wp","href":"https:\/\/api.w.org\/{rel}","templated":true}]}}