{"id":6541,"date":"2019-09-16T01:05:15","date_gmt":"2019-09-15T23:05:15","guid":{"rendered":"http:\/\/blog.lesgrossesorchadeslesamplesthalameges.fr\/?page_id=6541"},"modified":"2019-09-16T01:06:58","modified_gmt":"2019-09-15T23:06:58","slug":"6541-2","status":"publish","type":"page","link":"https:\/\/blog.lesgrossesorchadeslesamplesthalameges.fr\/index.php\/6541-2\/","title":{"rendered":"Naus\u00e9abondieuseries"},"content":{"rendered":"<p>&nbsp;<\/p>\n<p>&nbsp;<\/p>\n<p>&nbsp;<\/p>\n<p>&nbsp;<\/p>\n<p>&nbsp;<\/p>\n<p>&nbsp;<\/p>\n<p style=\"text-align: center;\"><span style=\"font-family: times new roman, times, serif; font-size: 48pt; color: #ff0000;\"><strong><em>Naus\u00e9abondieuseries<\/em><\/strong><\/span><\/p>\n<p>&nbsp;<\/p>\n<p style=\"text-align: center;\"><span style=\"font-family: times new roman, times, serif; font-size: 16pt;\"><strong>Anatole Atlas \u2013 <\/strong><a href=\"http:\/\/www.spherisme.be\/Spherisme.htm\"><strong><em>spherisme.be<\/em><\/strong><\/a><strong> \u2013 7.9.2019<\/strong><\/span><\/p>\n<p>&nbsp;<\/p>\n<p>&nbsp;<\/p>\n<p style=\"text-align: justify;\"><span style=\"font-family: times new roman, times, serif; font-size: 14pt;\">Tel graphomane entame-t-il sa carri\u00e8re en d\u00e9f\u00e9quant des abominations contre les Juifs ? Rep\u00e9r\u00e9 par BHL, celui qui le d\u00e9crivait en 1990 comme un \u00ab\u00a0<em>youpin dont le cr\u00e2ne n&rsquo;a, h\u00e9las, pas \u00e9t\u00e9 ras\u00e9 par les amis d&rsquo;Adolf\u00a0\u00bb<\/em> est\u00a0bient\u00f4t recrut\u00e9 par l&rsquo;insult\u00e9, pour mettre ses immondices aux gages du juda\u00efsme et de l&rsquo;Etat d&rsquo;Isra\u00ebl. On lui reproche d&rsquo;appartenir aux milices de l&rsquo;extr\u00eame-droite la plus moisie\u00a0? Quelle importance ! L&rsquo;Etat-nation du peuple \u00e9lu n&rsquo;exhale-t-il pas de comparables pestilences ?&#8230;<\/span><\/p>\n<p style=\"text-align: justify;\"><span style=\"font-family: times new roman, times, serif; font-size: 14pt;\">Ainsi se comprend la magnanime absolution prodigu\u00e9e par BHL \u00e0 son prot\u00e9g\u00e9 dans un article du <em>Point<\/em> (guett\u00e9 comme un oracle par tous les clans rivaux au sein\u00a0de la tour Panoptic) : <em>Ce que je sais de Yann Moix.<\/em><\/span><\/p>\n<p style=\"text-align: justify;\"><span style=\"font-family: times new roman, times, serif; font-size: 14pt;\">Cela prend la forme d&rsquo;une bienveillante hom\u00e9lie (non sans r\u00e9f\u00e9rences \u00e0 l&rsquo;Eternel et au <em>Testament de Dieu <\/em>nagu\u00e8re sign\u00e9 par BHL), sacralisant le long chemin de croix accompli par le p\u00e9nitent\u00a0repenti, pour aboutir \u00e0 une\u00a0 \u00ab\u00a0<em>d\u00e9couverte \u00e9merveill\u00e9e de l&rsquo;\u00eatre-juif\u00a0\u00bb.<\/em>\u00a0De sorte que le pontife (dont nul n&rsquo;oublie les bombardements salvateurs en Libye et ailleurs) \u00a0puisse lui accorder sa mis\u00e9ricordieuse\u00a0b\u00e9n\u00e9diction&#8230;<\/span><\/p>\n<p>&nbsp;<\/p>\n<p>&nbsp;<\/p>\n<p style=\"text-align: center;\"><a href=\"http:\/\/blog.lesgrossesorchadeslesamplesthalameges.fr\/wp-content\/uploads\/2019\/09\/Stoll-MOIX.jpg\"><img loading=\"lazy\" class=\"alignnone wp-image-6543\" src=\"http:\/\/blog.lesgrossesorchadeslesamplesthalameges.fr\/wp-content\/uploads\/2019\/09\/Stoll-MOIX-227x300.jpg\" alt=\"\" width=\"400\" height=\"529\" srcset=\"https:\/\/blog.lesgrossesorchadeslesamplesthalameges.fr\/wp-content\/uploads\/2019\/09\/Stoll-MOIX-227x300.jpg 227w, https:\/\/blog.lesgrossesorchadeslesamplesthalameges.fr\/wp-content\/uploads\/2019\/09\/Stoll-MOIX.jpg 467w\" sizes=\"(max-width: 400px) 100vw, 400px\" \/><\/a><\/p>\n<p>&nbsp;<\/p>\n<p>&nbsp;<\/p>\n<p style=\"text-align: justify;\"><span style=\"font-family: times new roman, times, serif; font-size: 14pt;\">La notion de \u00ab\u00a0<em>r\u00e9demption<\/em>\u00a0\u00bb fait-elle aussi\u00a0partie du lexique mafieux, caract\u00e9risant les activit\u00e9s l\u00e9gales gr\u00e2ce auxquelles est recycl\u00e9 l&rsquo;argent du crime organis\u00e9 ? C&rsquo;est donc le terme choisi par BHL quand il salue la reconversion de son prot\u00e9g\u00e9 (qui ne s&rsquo;est pas fait prier pour arborer une kippa sur un plateau t\u00e9l\u00e9vis\u00e9).\u00a0Ses logorrh\u00e9es d&rsquo;hier, justiciables des tribunaux, ne requi\u00e8rent en effet que minimes accommodements &#8212; moyennant un travail de r\u00e9\u00e9ducation passant par la fr\u00e9quentation du Talmud &#8212; pour se conformer aux normes du CRIF&#8230;<\/span><\/p>\n<p style=\"text-align: justify;\"><span style=\"font-family: times new roman, times, serif; font-size: 14pt;\">Quand la domination seule exprime la voix des domin\u00e9s, quelle ruse meilleure qu&#8217;embaucher quelque looser damn\u00e9 sur estrades, podiums et tribunes au grand show des winners \u00e9lus ?&#8230;<\/span><\/p>\n<p>&nbsp;<\/p>\n<p>&nbsp;<\/p>\n<p style=\"text-align: center;\"><a href=\"http:\/\/blog.lesgrossesorchadeslesamplesthalameges.fr\/wp-content\/uploads\/2019\/09\/Xav_dessin_Moix_Toutou_Beber_BHL-247b5-94919.jpg\"><img loading=\"lazy\" class=\"alignnone wp-image-6544\" src=\"http:\/\/blog.lesgrossesorchadeslesamplesthalameges.fr\/wp-content\/uploads\/2019\/09\/Xav_dessin_Moix_Toutou_Beber_BHL-247b5-94919-300x203.jpg\" alt=\"\" width=\"600\" height=\"407\" srcset=\"https:\/\/blog.lesgrossesorchadeslesamplesthalameges.fr\/wp-content\/uploads\/2019\/09\/Xav_dessin_Moix_Toutou_Beber_BHL-247b5-94919-300x203.jpg 300w, https:\/\/blog.lesgrossesorchadeslesamplesthalameges.fr\/wp-content\/uploads\/2019\/09\/Xav_dessin_Moix_Toutou_Beber_BHL-247b5-94919.jpg 630w\" sizes=\"(max-width: 600px) 100vw, 600px\" \/><\/a><\/p>\n<p>&nbsp;<\/p>\n<p>&nbsp;<\/p>\n<p style=\"text-align: justify;\"><span style=\"font-family: times new roman, times, serif; font-size: 14pt;\">Ces contorsions j\u00e9suitiques ont pour postulat une r\u00e9versibilit\u00e9 des antagonismes, stratag\u00e8me oblig\u00e9\u00a0de la social-d\u00e9mocratie n\u00e9olib\u00e9rale. <strong><em>Une industrie du bavardage insignifiant\u00a0s&rsquo;y approprie l&rsquo;espace public, ses productions excr\u00e9mentielles faisant office de gaz asphyxiants&#8230;\u00a0<\/em><\/strong><\/span><\/p>\n<p style=\"text-align: justify;\"><span style=\"font-family: times new roman, times, serif; font-size: 14pt;\">L&rsquo;occupation militaire des cerveaux par la tour Panoptic occulte les contradictions essentielles dans un <em>Nacht und Nebel <\/em>aux ordres de la <em>Propaganda Staffel<\/em>, d&rsquo;une mani\u00e8re telle que Thyl Ulenspiegel puisse appara\u00eetre comme un agent d&rsquo;Isra\u00ebl, et les victimes des multinationales sacrifier\u00a0aux bals cannibales de Kapitotal&#8230;<\/span><\/p>\n<p style=\"text-align: justify;\"><span style=\"font-family: times new roman, times, serif; font-size: 14pt;\">Mais, comme le message de Charles De Coster demeure \u00e0 d\u00e9couvrir (car le Gueux \u00a0\u00bb <em>partit avec elle en chantant sa dixi\u00e8me chanson, mais nul ne sait o\u00f9 il chanta la derni\u00e8re <\/em>\u00ab\u00a0), \u00a0le sommet de la Pyramide jamais n&rsquo;imagine sa repr\u00e9sentation du point de vue de la Sph\u00e8re.<\/span><\/p>\n<p style=\"text-align: justify;\"><span style=\"font-family: times new roman, times, serif; font-size: 14pt;\"><a href=\"http:\/\/www.spherisme.be\">www.spherisme.be<\/a><\/span><\/p>\n<p>&nbsp;<\/p>\n<p><span style=\"font-family: times new roman, times, serif;\"><strong><span style=\"font-size: 14pt;\">URL de cet article :<\/span><\/strong><a href=\"http:\/\/blog.lesgrossesorchadeslesamplesthalameges.fr\/index.php\/6541-2\/\"><span style=\"font-size: 14pt;\"> http:\/\/blog.lesgrossesorchadeslesamplesthalameges.fr\/index.php\/6541-2\/<\/span><\/a><\/span><\/p>\n<p>&nbsp;<\/p>\n<p>&nbsp;<\/p>\n<p style=\"text-align: center;\"><a href=\"http:\/\/blog.lesgrossesorchadeslesamplesthalameges.fr\/wp-content\/uploads\/2019\/09\/el-viejo-desencantado-GIF.gif\"><img loading=\"lazy\" class=\"alignnone wp-image-6444\" src=\"http:\/\/blog.lesgrossesorchadeslesamplesthalameges.fr\/wp-content\/uploads\/2019\/09\/el-viejo-desencantado-GIF.gif\" alt=\"\" width=\"90\" height=\"90\" \/><\/a><\/p>\n<p>&nbsp;<\/p>\n<p>&nbsp;<\/p>\n<p style=\"text-align: right;\"><span style=\"font-family: comic sans ms, sans-serif; font-size: 14pt;\">Septembre 2019<\/span><\/p>\n<p>&nbsp;<\/p>\n<p>&nbsp;<\/p>\n","protected":false},"excerpt":{"rendered":"<p>&nbsp; &nbsp; &nbsp; &nbsp; &nbsp; &nbsp; Naus\u00e9abondieuseries &nbsp; Anatole Atlas \u2013 spherisme.be \u2013 7.9.2019 &nbsp; &nbsp; Tel graphomane entame-t-il sa carri\u00e8re en d\u00e9f\u00e9quant des abominations contre les Juifs ? Rep\u00e9r\u00e9 par BHL, celui qui le d\u00e9crivait en 1990 comme un \u00ab\u00a0youpin dont le cr\u00e2ne n&rsquo;a, h\u00e9las, pas \u00e9t\u00e9 ras\u00e9 par les amis d&rsquo;Adolf\u00a0\u00bb est\u00a0bient\u00f4t recrut\u00e9&#8230;<\/p>\n","protected":false},"author":1,"featured_media":0,"parent":0,"menu_order":0,"comment_status":"open","ping_status":"open","template":"","meta":[],"_links":{"self":[{"href":"https:\/\/blog.lesgrossesorchadeslesamplesthalameges.fr\/index.php\/wp-json\/wp\/v2\/pages\/6541"}],"collection":[{"href":"https:\/\/blog.lesgrossesorchadeslesamplesthalameges.fr\/index.php\/wp-json\/wp\/v2\/pages"}],"about":[{"href":"https:\/\/blog.lesgrossesorchadeslesamplesthalameges.fr\/index.php\/wp-json\/wp\/v2\/types\/page"}],"author":[{"embeddable":true,"href":"https:\/\/blog.lesgrossesorchadeslesamplesthalameges.fr\/index.php\/wp-json\/wp\/v2\/users\/1"}],"replies":[{"embeddable":true,"href":"https:\/\/blog.lesgrossesorchadeslesamplesthalameges.fr\/index.php\/wp-json\/wp\/v2\/comments?post=6541"}],"version-history":[{"count":0,"href":"https:\/\/blog.lesgrossesorchadeslesamplesthalameges.fr\/index.php\/wp-json\/wp\/v2\/pages\/6541\/revisions"}],"wp:attachment":[{"href":"https:\/\/blog.lesgrossesorchadeslesamplesthalameges.fr\/index.php\/wp-json\/wp\/v2\/media?parent=6541"}],"curies":[{"name":"wp","href":"https:\/\/api.w.org\/{rel}","templated":true}]}}