{"id":6625,"date":"2019-09-22T21:08:46","date_gmt":"2019-09-22T19:08:46","guid":{"rendered":"http:\/\/blog.lesgrossesorchadeslesamplesthalameges.fr\/?page_id=6625"},"modified":"2019-09-22T21:31:06","modified_gmt":"2019-09-22T19:31:06","slug":"la-septieme-identite","status":"publish","type":"page","link":"https:\/\/blog.lesgrossesorchadeslesamplesthalameges.fr\/index.php\/la-septieme-identite\/","title":{"rendered":"La septi\u00e8me identit\u00e9"},"content":{"rendered":"<p>&nbsp;<\/p>\n<p>&nbsp;<\/p>\n<p>&nbsp;<\/p>\n<p>&nbsp;<\/p>\n<p>&nbsp;<\/p>\n<p>&nbsp;<\/p>\n<p>&nbsp;<\/p>\n<p style=\"text-align: center;\"><span style=\"font-family: times new roman, times, serif; color: #ff0000;\"><strong><em><span style=\"font-size: 48pt;\">ULENSPIEGEL<\/span><\/em><\/strong><\/span><\/p>\n<p>&nbsp;<\/p>\n<p style=\"text-align: center;\"><span style=\"font-family: times new roman, times, serif; color: #ff0000;\"><strong><em><span style=\"font-size: 44pt;\">La septi\u00e8me identit\u00e9<\/span><\/em><\/strong><\/span><\/p>\n<p>&nbsp;<\/p>\n<p>&nbsp;<\/p>\n<p style=\"text-align: center;\"><span style=\"font-family: times new roman, times, serif; font-size: 18pt;\"><strong>Anatole Atlas \u2013 <em><a href=\"Source%20:%20http:\/www.spherisme.be\/Texte\/Septident.htm\">spherisme.be<\/a><\/em> \u2013 19.9.2019<\/strong><\/span><\/p>\n<p>&nbsp;<\/p>\n<p>&nbsp;<\/p>\n<p style=\"text-align: justify;\"><span style=\"font-family: times new roman, times, serif; font-size: 14pt;\">\u00ab <em>La litt\u00e9rature authentique est prom\u00e9th\u00e9enne<\/em>\u00a0\u00bb prof\u00e8re Georges Bataille dans <em>La Litt\u00e9rature et le Mal<\/em>. Nul n\u2019est plus apte \u00e0 traduire le message de Prom\u00e9th\u00e9e que son fr\u00e8re Atlas. Quelle autre ambition que d\u2019assumer ses liens fraternels avec un lointain pass\u00e9, pour fraterniser avec la post\u00e9rit\u00e9\u00a0? C\u2019est sous l\u2019effigie du titan qui d\u00e9roba le feu sacr\u00e9 aux dieux pour l\u2019offrir \u00e0 l\u2019humanit\u00e9, que j\u2019ai rencontr\u00e9 Richard Miller voici quatre d\u00e9cennies\u2026<\/span><\/p>\n<p style=\"text-align: justify;\"><span style=\"font-family: times new roman, times, serif; font-size: 14pt;\">Lors de sa carri\u00e8re politique ult\u00e9rieure, jamais je n\u2019ai cru que les fards de la social-d\u00e9mocratie lib\u00e9rale avaient estomp\u00e9 son fond de teint marxiste. Il me faut ici le remercier d\u2019avoir accord\u00e9 cr\u00e9dit \u00e0 mes \u00e9critures, m\u00eame si je ne crois gu\u00e8re qu\u2019il ait jamais voulu concr\u00e9tiser le projet, lorsqu\u2019il \u00e9tait ministre, d\u2019inviter en Belgique mon autre fr\u00e8re Patrick Chamoiseau\u2026<\/span><\/p>\n<p>&nbsp;<\/p>\n<p>&nbsp;<\/p>\n<p style=\"text-align: center;\"><a href=\"http:\/\/blog.lesgrossesorchadeslesamplesthalameges.fr\/wp-content\/uploads\/2019\/09\/Atlas-1.jpg\"><img loading=\"lazy\" class=\"alignnone wp-image-6627\" src=\"http:\/\/blog.lesgrossesorchadeslesamplesthalameges.fr\/wp-content\/uploads\/2019\/09\/Atlas-1-300x188.jpg\" alt=\"\" width=\"600\" height=\"375\" srcset=\"https:\/\/blog.lesgrossesorchadeslesamplesthalameges.fr\/wp-content\/uploads\/2019\/09\/Atlas-1-300x188.jpg 300w, https:\/\/blog.lesgrossesorchadeslesamplesthalameges.fr\/wp-content\/uploads\/2019\/09\/Atlas-1.jpg 400w\" sizes=\"(max-width: 600px) 100vw, 600px\" \/><\/a><\/p>\n<p>&nbsp;<\/p>\n<p>&nbsp;<\/p>\n<p style=\"text-align: justify;\"><span style=\"font-family: times new roman, times, serif; font-size: 14pt;\">Si quiconque s\u2019int\u00e9ressait encore aux r\u00e9flexions du <em>marqueur de paroles<\/em> sur les cr\u00e9olisations de l\u2019\u00e9criture, il conviendrait du fait que l\u2019\u0153uvre sans \u00e9gale de Charles De Coster en est une pr\u00e9figuration g\u00e9niale \u2013 salu\u00e9e par Romain Rolland, t\u00e9moin de la copulation de deux langues nationales en <em>Thijl Ulenspiegel<\/em> \u2013 comme de la cr\u00e9ation d\u2019une \u00ab\u00a0<em>patrie nouvelle<\/em>\u00a0\u00bb\u2026 Survivrait-il une flamme intellectuelle dans ce pays colonisateur autant que colonis\u00e9 (l\u2019uranium du Congo livr\u00e9 \u00e0 l\u2019Am\u00e9rique permit Hiroshima, puis l\u2019\u00e9limination du P\u00e9ril Rouge, non sans irradiation culturelle), que le brasier des conflits communautaires s\u2019\u00e9teindrait \u00e0 la seule \u00e9vocation de ce h\u00e9ros universel des lettres fran\u00e7aises incarnant \u2013 l\u2019esprit de la Flandre. Le seul \u00e9crivain belge assumant l\u2019h\u00e9ritage de Charles De Coster au XXe si\u00e8cle \u2013 par d\u2019autres cr\u00e9olisations \u2013 partage avec son devancier culs de basse-fosse et opprobres sociaux pour m\u00eame crime de l\u00e8se-imp\u00e9rialisme. Ces oubliettes sont un pr\u00e9cieux refuge pour voir en Thijl Ulenspiegel une all\u00e9gorie prom\u00e9th\u00e9enne. Il faut cette amicale complicit\u00e9 de l\u2019ombre hors les projecteurs des vitrines, pour mesurer ce que signifie la prise en otage de Thijl par des instances ayant cautionn\u00e9 la subordination de l\u2019int\u00e9r\u00eat g\u00e9n\u00e9ral et de l\u2019espace public \u00e0 l\u2019empire de Kapitotal et aux astres de la tour Panoptic. Sans limite \u00e9tant la colonisation des cerveaux, pourquoi ne pas user d\u2019Ulenspiegel comme d\u2019un label publicitaire d\u2019Isra\u00ebl\u00a0? Ne voit-on pas Jupiter (ayant baptis\u00e9 <em>R\u00e9volution<\/em> son programme de pouvoir) enr\u00f4ler la voix des titans mythologiques au service de son Olympe\u00a0?&#8230;<\/span><\/p>\n<p>&nbsp;<\/p>\n<p>&nbsp;<\/p>\n<p style=\"text-align: center;\"><a href=\"http:\/\/blog.lesgrossesorchadeslesamplesthalameges.fr\/wp-content\/uploads\/2019\/09\/Atlas-2.jpg\"><img loading=\"lazy\" class=\"alignnone wp-image-6629\" src=\"http:\/\/blog.lesgrossesorchadeslesamplesthalameges.fr\/wp-content\/uploads\/2019\/09\/Atlas-2-300x191.jpg\" alt=\"\" width=\"600\" height=\"383\" srcset=\"https:\/\/blog.lesgrossesorchadeslesamplesthalameges.fr\/wp-content\/uploads\/2019\/09\/Atlas-2-300x191.jpg 300w, https:\/\/blog.lesgrossesorchadeslesamplesthalameges.fr\/wp-content\/uploads\/2019\/09\/Atlas-2.jpg 470w\" sizes=\"(max-width: 600px) 100vw, 600px\" \/><\/a><\/p>\n<p>&nbsp;<\/p>\n<p>&nbsp;<\/p>\n<p style=\"text-align: justify;\"><span style=\"font-family: times new roman, times, serif; font-size: 14pt;\">Chaque jour accentue ces forfaitures du sommet de la pyramide attisant les passions des bas-fonds pour aggraver, au nom de la libert\u00e9, une tyrannie sans visage. Richard Miller crut ainsi bon de m\u2019inviter \u00e0 \u00eatre le complice d\u2019un tel stratag\u00e8me. Je ne pouvais r\u00e9pondre que par un texte impubliable. Son incipit \u00e9tait la derni\u00e8re phrase de <em>Nadja<\/em> d\u2019Andr\u00e9 Breton (LA BEAUTE SERA CONVULSIVE OU NE SERA PAS)\u00a0; je rappelais que le premier manifeste <em>convulsiviste<\/em> avait juste quarante ans, comme \u00e9tait centenaire l\u2019inaugurale revue surr\u00e9aliste <em>Litt\u00e9rature<\/em>, ce qu\u2019aucun larbin de la valetaille culturelle n\u2019a permission de signaler\u00a0; je concluais par un vers de Mahmoud Darwish (plus haute voix qui se soit \u00e9lev\u00e9e en Isra\u00ebl depuis la cr\u00e9ation de ce pays) le r\u00e9cit d\u2019une condamnation des plus ulenspiegelesques, \u00e0 l\u2019occasion de laquelle s\u2019exprimaient les six identit\u00e9s (congolaise et russe, mexicaine et cubaine, maghr\u00e9bine et palestinienne) de ma <em>carte d\u2019alt\u00e9rit\u00e9<\/em>\u2026<\/span><\/p>\n<p style=\"text-align: justify;\"><span style=\"font-family: times new roman, times, serif; font-size: 14pt;\">Mais il ne suffisait pas que ce texte, fid\u00e8le \u00e0 l\u2019esprit de Thijl, f\u00fbt \u00e9vacu\u00e9. Tel un contrema\u00eetre isra\u00e9lien m\u00e9content de son boy goy, Richard croyait pouvoir juger ma copie indigne de publication, selon les crit\u00e8res de son comit\u00e9 de r\u00e9daction, parce qu\u2019elle ne m\u2019aurait pas suffisamment fait suer le burnous. Ainsi se bouclait la boucle de l\u2019id\u00e9ologie coloniale&#8230;<\/span><\/p>\n<p style=\"text-align: justify;\"><span style=\"font-family: times new roman, times, serif; font-size: 14pt;\">Encore n\u2019avais-je rien r\u00e9v\u00e9l\u00e9 de ma septi\u00e8me \u2013 et tr\u00e8s secr\u00e8te \u2013 identit\u00e9\u00a0! Celle n\u2019ayant jamais eu de meilleur chantre que le proph\u00e8te Isa\u00efe\u00a0: \u00ab\u00a0<em>Ah\u00a0! nation p\u00e9cheresse, peuple charg\u00e9 d\u2019iniquit\u00e9, race de m\u00e9chants, fils criminels\u00a0! Toute la t\u00eate est malade et tout le c\u0153ur est languissant. Ne continuez pas de m\u2019apporter de vaines oblations\u00a0; l\u2019encens m\u2019est en abomination. Comment est-elle devenue une prostitu\u00e9e, la cit\u00e9 fid\u00e8le dans laquelle habitait la justice et maintenant\u2026 des meurtriers\u00a0!\u00a0<\/em>\u00bb\u2026<\/span><\/p>\n<p style=\"text-align: justify;\"><span style=\"font-family: times new roman, times, serif; font-size: 14pt;\">J\u2019aime que dans ses visions de lointain avenir, mon fr\u00e8re Isa\u00efe pr\u00e9figure presque l\u2019embl\u00e8me de la faucille et du marteau\u00a0: \u00ab\u00a0<em>Ils forgeront leurs \u00e9p\u00e9es en socs de charrue et leurs lances en faucilles\u00a0<\/em>\u00bb. Au lieu de quoi le parti de Richard Miller fut fer de lance id\u00e9ologique et bras arm\u00e9 politique pour, sans consultation des citoyens, renouveler notre assujettissement aux bombes nucl\u00e9aires am\u00e9ricaines et truquer le march\u00e9 des avions F35. C\u2019est donc un <em>hasard objectif<\/em> cher \u00e0 mon autre fr\u00e8re Andr\u00e9 Breton, qui fit publier <em>Ulenspiegel en Isra\u00ebl<\/em> au lendemain de la derni\u00e8re supercherie \u00e9lectorale en Terre promise, o\u00f9 les mafias concurrentes rivalis\u00e8rent de sc\u00e9l\u00e9ratesse pour se partager le pouvoir au nom de l\u2019Eternel\u2026<\/span><\/p>\n<p>&nbsp;<\/p>\n<p>&nbsp;<\/p>\n<p style=\"text-align: center;\"><a href=\"http:\/\/blog.lesgrossesorchadeslesamplesthalameges.fr\/wp-content\/uploads\/2019\/09\/Atlas-3.jpg\"><img loading=\"lazy\" class=\"alignnone wp-image-6631\" src=\"http:\/\/blog.lesgrossesorchadeslesamplesthalameges.fr\/wp-content\/uploads\/2019\/09\/Atlas-3-208x300.jpg\" alt=\"\" width=\"500\" height=\"720\" srcset=\"https:\/\/blog.lesgrossesorchadeslesamplesthalameges.fr\/wp-content\/uploads\/2019\/09\/Atlas-3-208x300.jpg 208w, https:\/\/blog.lesgrossesorchadeslesamplesthalameges.fr\/wp-content\/uploads\/2019\/09\/Atlas-3.jpg 239w\" sizes=\"(max-width: 500px) 100vw, 500px\" \/><\/a><\/p>\n<p>&nbsp;<\/p>\n<p>&nbsp;<\/p>\n<p style=\"text-align: justify;\"><span style=\"font-family: times new roman, times, serif; font-size: 14pt;\">Qu\u2019e\u00fbt prof\u00e9r\u00e9 Isa\u00efe dans ce poste avanc\u00e9 de la civilisation occidentale face aux barbaries orientales\u00a0? Quel cri contre cette casemate militaire et religieuse, aux fronti\u00e8res d\u2019un vaste d\u00e9sert peupl\u00e9 de b\u00eates venimeuses\u00a0?<\/span><\/p>\n<p style=\"text-align: justify;\"><span style=\"font-family: times new roman, times, serif; font-size: 14pt;\">Comment son indignation se f\u00fbt-elle exprim\u00e9e devant l\u2019iniquit\u00e9 r\u00e9gnant sur un territoire appartenant de plein droit davantage aux \u00e9lus de Buenos Aires ou de Johannesburg n\u2019y ayant jamais mis les pieds, qu\u2019aux damn\u00e9s vivant l\u00e0 depuis des si\u00e8cles, sans compter Canan\u00e9ens et Philistins d\u2019avant le g\u00e9nocide originel\u00a0?&#8230;<\/span><\/p>\n<p style=\"text-align: justify;\"><span style=\"font-family: times new roman, times, serif; font-size: 14pt;\">Isra\u00ebl est d\u2019abord une id\u00e9ocratie. Tout empire et colonialisme fonctionne au nom d\u2019une Id\u00e9e l\u00e9gitimant les plus criminelles exactions conqu\u00e9rantes selon le vieux principe aristot\u00e9licien d\u2019une soumission des contingences aux lois de la n\u00e9cessit\u00e9. Que la transcendance divine s\u2019en m\u00eale autorise \u00e0 psalmodier les r\u00e9f\u00e9rences au Tr\u00e8s-Haut, tout en bafouant justice et v\u00e9rit\u00e9 (principes supr\u00eames invoqu\u00e9s par les proph\u00e8tes), de m\u00eame que les plus \u00e9l\u00e9mentaires normes de l\u2019humanisme et du <em>droit des gens<\/em> qui en d\u00e9coule. Ces \u00ab\u00a0gens\u00a0\u00bb (<em>gentes<\/em> en latin, fondement du droit international) ne sont-ils pas identifi\u00e9s aux <em>Gentils<\/em>\u00a0(peuples non \u00e9lus) ? C\u2019est donc \u00e0 r\u00e9sidence identitaire stricte que se trouvent assign\u00e9es les communaut\u00e9s, comme il en allait dans le Congo belge de mon enfance, o\u00f9 les N\u00e8gres se voyaient refuser l\u2019acc\u00e8s \u00e0 la cath\u00e9drale en surplomb du fleuve, sur le parvis de laquelle, au dimanche des Rameaux, se massaient les Blancs agitant des palmes et chantant en ch\u0153ur <em>Lauda J\u00e9rusalem Gl\u00f4-\u00f4-ria<\/em>\u00a0!&#8230; \u00a0\u00a0\u00a0\u00a0\u00a0\u00a0\u00a0\u00a0\u00a0\u00a0<\/span><\/p>\n<p>&nbsp;<\/p>\n<p>&nbsp;<\/p>\n<p style=\"text-align: center;\"><span style=\"font-family: times new roman, times, serif; font-size: 14pt;\"><a href=\"http:\/\/blog.lesgrossesorchadeslesamplesthalameges.fr\/wp-content\/uploads\/2019\/09\/Atlas-4.jpg\"><img loading=\"lazy\" class=\"alignnone wp-image-6632\" src=\"http:\/\/blog.lesgrossesorchadeslesamplesthalameges.fr\/wp-content\/uploads\/2019\/09\/Atlas-4-300x253.jpg\" alt=\"\" width=\"600\" height=\"507\" srcset=\"https:\/\/blog.lesgrossesorchadeslesamplesthalameges.fr\/wp-content\/uploads\/2019\/09\/Atlas-4-300x253.jpg 300w, https:\/\/blog.lesgrossesorchadeslesamplesthalameges.fr\/wp-content\/uploads\/2019\/09\/Atlas-4.jpg 450w\" sizes=\"(max-width: 600px) 100vw, 600px\" \/><\/a>\u00a0\u00a0\u00a0<\/span><\/p>\n<p style=\"text-align: center;\"><strong><em><span style=\"font-family: times new roman, times, serif; font-size: 14pt;\">Kisangani, Notre Dame du Tr\u00e8s Saint Rosaire<\/span><\/em><\/strong><br \/>\n<span style=\"font-family: times new roman, times, serif; font-size: 14pt;\">By Piet Clement &#8211; Own work, <a href=\"https:\/\/creativecommons.org\/licenses\/by-sa\/3.0\">CC BY-SA 3.0<\/a>, <\/span><a href=\"https:\/\/commons.wikimedia.org\/w\/index.php?curid=17291777\"><span style=\"font-family: times new roman, times, serif; font-size: 14pt;\">Link<\/span><\/a><\/p>\n<p>&nbsp;<\/p>\n<p>&nbsp;<\/p>\n<p style=\"text-align: justify;\"><span style=\"font-family: times new roman, times, serif; font-size: 14pt;\">Car tout <em>White Colonialism<\/em> (Afrique du Sud, Congo, Maghreb ou Isra\u00ebl) se fonde \u2013 \u00e0 l\u2019instar des U.S.A \u2013 sur l\u2019Id\u00e9e de Terre promise. Apr\u00e8s quoi Thijl Ulenspiegel oserait poser la question\u00a0: Madoff, Weinstein, Epstein\u00a0: pourquoi tant de Palestiniens impliqu\u00e9s dans les scandales de ce temps\u00a0? L\u2019humour n\u2019\u00e9tait pas la moindre des armes employ\u00e9es par Charles de Coster pour fustiger, derri\u00e8re l\u2019empire espagnol du XVIe si\u00e8cle, ceux de son \u00e9poque. Lui qui d\u00e9signait nomm\u00e9ment Napol\u00e9on III (dont il raillerait les multiples tr\u00f4nes actuels), sa verve aurait pour cibles ces robots de la Silicon Valley par\u00e9s de prestiges prom\u00e9th\u00e9ens, quand une puissante industrie culturelle n\u2019a d\u2019autre fonction que de plonger dans le sommeil les facult\u00e9s mentales des populations soumises. Je ne doute pas qu\u2019il aurait les mots ad\u00e9quats pour vitup\u00e9rer la mani\u00e8re dont Kapitotal investit dans l\u2019intelligence artificielle, \u00e0 mesure que toute intelligence naturelle est \u00a0d\u00e9truite par les bombardements id\u00e9ologiques de la tour Panoptic\u2026<\/span><\/p>\n<p style=\"text-align: justify;\"><span style=\"font-family: times new roman, times, serif; font-size: 14pt;\">Si De Coster n\u2019a pas connu le cin\u00e9ma, je devine en Thijl un admirateur des films italiens de la seconde moiti\u00e9 du XXe si\u00e8cle. Quel constat fait-il, sinon qu\u2019il n\u2019y a plus de Fellini, de Visconti, de Pasolini\u00a0? Qui a pris leur place dans l\u2019art et la litt\u00e9rature, sinon les personnages caricaturaux du <em>Satiricon<\/em>, des <em>Damn\u00e9s<\/em>, de <em>Salo ou les 120 journ\u00e9es de Sodome<\/em>\u00a0? Ainsi ne prolif\u00e8rent plus gu\u00e8re que simulacres d\u2019artistes et d\u2019\u00e9crivains&#8230;<\/span><\/p>\n<p>&nbsp;<\/p>\n<p>&nbsp;<\/p>\n<p style=\"text-align: center;\"><a href=\"http:\/\/blog.lesgrossesorchadeslesamplesthalameges.fr\/wp-content\/uploads\/2019\/09\/Atlas-5.jpg\"><img loading=\"lazy\" class=\"alignnone wp-image-6633\" src=\"http:\/\/blog.lesgrossesorchadeslesamplesthalameges.fr\/wp-content\/uploads\/2019\/09\/Atlas-5-300x200.jpg\" alt=\"\" width=\"600\" height=\"400\" srcset=\"https:\/\/blog.lesgrossesorchadeslesamplesthalameges.fr\/wp-content\/uploads\/2019\/09\/Atlas-5-300x200.jpg 300w, https:\/\/blog.lesgrossesorchadeslesamplesthalameges.fr\/wp-content\/uploads\/2019\/09\/Atlas-5.jpg 500w\" sizes=\"(max-width: 600px) 100vw, 600px\" \/><\/a><\/p>\n<p>&nbsp;<\/p>\n<p>&nbsp;<\/p>\n<p style=\"text-align: justify;\"><span style=\"font-family: times new roman, times, serif; font-size: 14pt;\">Cette saison, chacun put voir la baronne Am\u00e9lie soudoyer comme jamais chroniqueurs des gazettes et bonimenteurs des plateaux, pour assurer la promotion m\u00e9diatique de niaiseries et platitudes bourgeoises travesties en excentricit\u00e9s sulfureuses. D\u2019o\u00f9 sa cons\u00e9cration par le jury du Nobel. Dans son discours de r\u00e9ception du prix, elle n\u2019a pas manqu\u00e9 de rappeler son horreur de toutes les r\u00e9volutions, n\u00e9es d\u2019 \u00ab <em>\u00e9lucubrations obscures qui ont accouch\u00e9 de livres indigestes et d\u2019id\u00e9ologies monstrueuses<\/em>\u00a0\u00bb\u2026<\/span><\/p>\n<p>&nbsp;<\/p>\n<p>&nbsp;<\/p>\n<p style=\"text-align: center;\"><a href=\"http:\/\/blog.lesgrossesorchadeslesamplesthalameges.fr\/wp-content\/uploads\/2019\/09\/Atlas-6.jpg\"><img loading=\"lazy\" class=\"alignnone wp-image-6634\" src=\"http:\/\/blog.lesgrossesorchadeslesamplesthalameges.fr\/wp-content\/uploads\/2019\/09\/Atlas-6-300x213.jpg\" alt=\"\" width=\"600\" height=\"427\" srcset=\"https:\/\/blog.lesgrossesorchadeslesamplesthalameges.fr\/wp-content\/uploads\/2019\/09\/Atlas-6-300x213.jpg 300w, https:\/\/blog.lesgrossesorchadeslesamplesthalameges.fr\/wp-content\/uploads\/2019\/09\/Atlas-6.jpg 450w\" sizes=\"(max-width: 600px) 100vw, 600px\" \/><\/a><\/p>\n<p>&nbsp;<\/p>\n<p>&nbsp;<\/p>\n<p style=\"text-align: justify;\"><span style=\"font-family: times new roman, times, serif; font-size: 14pt;\">De tels bavardages ne craignent pas de prendre n\u2019importe quel sujet pour alibi, m\u00ealant flots de t\u00e9n\u00e8bres et brouillards toxiques afin de substituer leur insignifiance \u00e0 l\u2019invention du sens. D\u00e8s lors que sont \u00e9vacu\u00e9es les contradictions intrins\u00e8ques \u00e0 un syst\u00e8me \u00e0 l\u2019agonie \u2013 donc toute pens\u00e9e dialectique \u2013, se d\u00e9ploie une d\u00e9mence monologique entretenue par mille bateleurs du micro. Comment, s\u2019interrogent Thijl et Charles De Coster, les charognards faisant profession de cadav\u00e9riser le monde, r\u00e9ussiraient-ils \u00e0 maintenir leurs dupes dans une passive servitude, sans recours \u00e0 ces artifices hypnotiques\u00a0? S\u2019opposent en effet deux races incompatibles\u00a0: ceux qui chiffrent et ceux qui d\u00e9chiffrent. Cet antagonisme est d\u2019autant plus exacerb\u00e9 que les chiffreurs ont pris soin d\u2019\u00e9vacuer les d\u00e9chiffreurs des lieux o\u00f9 se fabrique l\u2019opinion. L\u2019empire de la Kulturindustrie, pour occulter les questions essentielles, se devait d\u2019absorber l\u2019ancien royaume de la litt\u00e9rature. Un m\u00eame <em>pitch<\/em> (argumentaire de vente) se distribue par pages publicitaires enti\u00e8res et r\u00e9clames t\u00e9l\u00e9vis\u00e9es, selon des strat\u00e9gies de marketing \u00e9prouv\u00e9es, dont l\u2019efficacit\u00e9 d\u00e9pend d\u2019un matraquage ad\u00e9quat. La tour Panoptic g\u00e8re une esth\u00e9tique de l\u2019anesth\u00e9sie indispensable aux profits de Kapitotal. Ce pseudocosme seul autorise la carri\u00e8re d\u2019Am\u00e9lie. Dans une telle falsification doubl\u00e9e d\u2019infantilisation g\u00e9n\u00e9ralis\u00e9e, peut-on vivre encore l\u2019exp\u00e9rience du rapport (formul\u00e9 par Jean l\u2019Evang\u00e9liste), entre libert\u00e9 et v\u00e9rit\u00e9\u00a0: \u00ab <em>La v\u00e9rit\u00e9 vous lib\u00e9rera<\/em>\u00a0\u00bb\u00a0?\u2026<\/span><\/p>\n<p>&nbsp;<\/p>\n<p>&nbsp;<\/p>\n<p style=\"text-align: center;\"><iframe loading=\"lazy\" src=\"\/\/www.youtube.com\/embed\/XgK-0JG5Auc\" width=\"560\" height=\"315\" frameborder=\"0\" allowfullscreen=\"allowfullscreen\"><\/iframe><\/p>\n<p>&nbsp;<\/p>\n<p>&nbsp;<\/p>\n<p style=\"text-align: justify;\"><span style=\"font-family: times new roman, times, serif; font-size: 14pt;\">Quand la baronne Am\u00e9lie fait son chiffre d\u2019affaires en commercialisant des radotages \u00e0 propos de la figure christique, demeure \u00e0 d\u00e9chiffrer cette parole de Jean le Baptiste\u00a0: \u00ab\u00a0<em>Je suis la voix de celui qui crie dans le d\u00e9sert\u00a0: <\/em>Rendez droit le chemin<em>, selon ce qu\u2019a dit le proph\u00e8te Isa\u00efe<\/em>\u00a0\u00bb\u2026<\/span><\/p>\n<p style=\"text-align: justify;\"><span style=\"font-family: times new roman, times, serif; font-size: 14pt;\">Proph\u00e9tique parole, aussi prom\u00e9th\u00e9enne que celle de Charles De Coster, dont <em>Ulenspiegel en Isra\u00ebl<\/em> reste \u00e0 d\u00e9couvrir. Dans les si\u00e8cles \u00e0 venir.<\/span><\/p>\n<p><span style=\"font-size: 14pt;\">Source\u00a0: <a href=\"http:\/\/www.spherisme.be\/Texte\/Septident.htm\">spherisme.be<\/a><\/span><\/p>\n<p>&nbsp;<\/p>\n<p>&nbsp;<\/p>\n<p style=\"text-align: center;\"><a href=\"http:\/\/blog.lesgrossesorchadeslesamplesthalameges.fr\/wp-content\/uploads\/2019\/09\/coq-1-GIF.gif\"><img loading=\"lazy\" class=\"alignnone wp-image-6659\" src=\"http:\/\/blog.lesgrossesorchadeslesamplesthalameges.fr\/wp-content\/uploads\/2019\/09\/coq-1-GIF-289x300.gif\" alt=\"\" width=\"90\" height=\"94\" \/><\/a><\/p>\n<p>&nbsp;<\/p>\n<p>&nbsp;<\/p>\n<p>&nbsp;<\/p>\n<p style=\"text-align: justify;\"><span style=\"font-family: comic sans ms, sans-serif; color: #c00000;\"><strong>L\u2019internaute non averti peut se demander d\u2019o\u00f9 vient ce qui peut passer, de la part d\u2019Anatole Atlas, pour de l\u2019acharnement sur un bas-bleu qui a la faveur des \u00e9diteurs <em>mainstream<\/em> et d\u2019un large public, non averti non plus. Oh, mais, eh, attendez\u2026 ce n\u2019est pas lui qui a commenc\u00e9\u00a0! Lorsque l\u2019<em>establishment<\/em> bourgeois belge lui a offert, \u00e0 son acad\u00e9mie, le si\u00e8ge d\u2019un auteur g\u00e9nial et n\u00e9anmoins si modeste que, pour venir l\u2019occuper, il avait rappliqu\u00e9 du fin fond des \u00c9tats-Unis, la dame, au lieu de remercier le Ciel pour cette gr\u00e2ce imm\u00e9rit\u00e9e, ne s\u2019est pas fait scrupule de profiter de l\u2019occasion pour crachoter sur les vrais \u00e9crivains qu\u2019on lui d\u00e9signait (sinon, comment les e\u00fbt-elle identifi\u00e9s ?). Croire que la haine de classe ne puisse \u00eatre qu\u2019ascendante est une erreur aussi profonde que r\u00e9pandue.<\/strong><\/span><\/p>\n<p style=\"text-align: right;\"><span style=\"font-family: comic sans ms, sans-serif; color: #c00000;\"><strong>L.G.O.<\/strong><\/span><\/p>\n<p>&nbsp;<\/p>\n<p>&nbsp;<\/p>\n<p>&nbsp;<\/p>\n<p style=\"text-align: center;\"><a href=\"http:\/\/blog.lesgrossesorchadeslesamplesthalameges.fr\/wp-content\/uploads\/2019\/09\/coq-1-GIF.gif\"><img loading=\"lazy\" class=\"alignnone wp-image-6659\" src=\"http:\/\/blog.lesgrossesorchadeslesamplesthalameges.fr\/wp-content\/uploads\/2019\/09\/coq-1-GIF-289x300.gif\" alt=\"\" width=\"90\" height=\"94\" \/><\/a><\/p>\n<p>&nbsp;<\/p>\n<p>&nbsp;<\/p>\n<p style=\"text-align: right;\"><span style=\"font-family: comic sans ms, sans-serif; font-size: 14pt;\">Septembre 2019<\/span><\/p>\n<p>&nbsp;<\/p>\n<p style=\"text-align: left;\">\n","protected":false},"excerpt":{"rendered":"<p>&nbsp; &nbsp; &nbsp; &nbsp; &nbsp; &nbsp; &nbsp; ULENSPIEGEL &nbsp; La septi\u00e8me identit\u00e9 &nbsp; &nbsp; Anatole Atlas \u2013 spherisme.be \u2013 19.9.2019 &nbsp; &nbsp; \u00ab La litt\u00e9rature authentique est prom\u00e9th\u00e9enne\u00a0\u00bb prof\u00e8re Georges Bataille dans La Litt\u00e9rature et le Mal. Nul n\u2019est plus apte \u00e0 traduire le message de Prom\u00e9th\u00e9e que son fr\u00e8re Atlas. Quelle autre ambition que&#8230;<\/p>\n","protected":false},"author":1,"featured_media":0,"parent":0,"menu_order":0,"comment_status":"open","ping_status":"open","template":"","meta":[],"_links":{"self":[{"href":"https:\/\/blog.lesgrossesorchadeslesamplesthalameges.fr\/index.php\/wp-json\/wp\/v2\/pages\/6625"}],"collection":[{"href":"https:\/\/blog.lesgrossesorchadeslesamplesthalameges.fr\/index.php\/wp-json\/wp\/v2\/pages"}],"about":[{"href":"https:\/\/blog.lesgrossesorchadeslesamplesthalameges.fr\/index.php\/wp-json\/wp\/v2\/types\/page"}],"author":[{"embeddable":true,"href":"https:\/\/blog.lesgrossesorchadeslesamplesthalameges.fr\/index.php\/wp-json\/wp\/v2\/users\/1"}],"replies":[{"embeddable":true,"href":"https:\/\/blog.lesgrossesorchadeslesamplesthalameges.fr\/index.php\/wp-json\/wp\/v2\/comments?post=6625"}],"version-history":[{"count":0,"href":"https:\/\/blog.lesgrossesorchadeslesamplesthalameges.fr\/index.php\/wp-json\/wp\/v2\/pages\/6625\/revisions"}],"wp:attachment":[{"href":"https:\/\/blog.lesgrossesorchadeslesamplesthalameges.fr\/index.php\/wp-json\/wp\/v2\/media?parent=6625"}],"curies":[{"name":"wp","href":"https:\/\/api.w.org\/{rel}","templated":true}]}}