{"id":6757,"date":"2019-10-02T15:23:24","date_gmt":"2019-10-02T13:23:24","guid":{"rendered":"http:\/\/blog.lesgrossesorchadeslesamplesthalameges.fr\/?page_id=6757"},"modified":"2019-10-02T15:24:47","modified_gmt":"2019-10-02T13:24:47","slug":"eux","status":"publish","type":"page","link":"https:\/\/blog.lesgrossesorchadeslesamplesthalameges.fr\/index.php\/eux\/","title":{"rendered":"EUX"},"content":{"rendered":"<p>&nbsp;<\/p>\n<p>&nbsp;<\/p>\n<p>&nbsp;<\/p>\n<p>&nbsp;<\/p>\n<p>&nbsp;<\/p>\n<p>&nbsp;<\/p>\n<p>&nbsp;<\/p>\n<p style=\"text-align: center;\"><span style=\"font-family: times new roman, times, serif; font-size: 48pt;\"><strong><em>EUX<\/em><\/strong><\/span><\/p>\n<p style=\"text-align: center;\"><span style=\"font-family: times new roman, times, serif; font-size: 14pt;\"><strong>\u00a0<\/strong><\/span><\/p>\n<p style=\"text-align: center;\"><span style=\"font-family: times new roman, times, serif; font-size: 18pt;\"><strong>Jean-Paul Brighelli \u2013 <em>Bonnet d\u2019\u00e2ne<\/em> \u2013 19.9.2019<\/strong><\/span><\/p>\n<p>&nbsp;<\/p>\n<p>&nbsp;<\/p>\n<p style=\"text-align: justify;\"><span style=\"font-family: times new roman, times, serif; font-size: 14pt;\">Pour Guy Morel<\/span><\/p>\n<p>&nbsp;<\/p>\n<p style=\"text-align: justify;\"><span style=\"font-family: times new roman, times, serif; font-size: 14pt;\">Je crois que je n\u2019ai plus pour eux que de la haine.<\/span><\/p>\n<p style=\"text-align: justify;\"><span style=\"font-family: times new roman, times, serif; font-size: 14pt;\">Il fut un temps o\u00f9 j\u2019acceptais le d\u00e9bat. O\u00f9 je pensais qu\u2019ils \u00e9taient de la m\u00eame esp\u00e8ce que moi. Avec des convictions erron\u00e9es, certes, mais qu\u2019un argumentaire s\u00e9rieux, \u00e9tay\u00e9 d\u2019\u00e9vidences palpables \u2014 le niveau des \u00e9l\u00e8ves \u2014 convaincrait en deux coups de cuill\u00e8re \u00e0 pot.<\/span><\/p>\n<p style=\"text-align: justify;\"><span style=\"font-family: times new roman, times, serif; font-size: 14pt;\">Ma plus grande erreur a \u00e9t\u00e9 de ne pas comprendre tout de suite que le p\u00e9dagogisme \u00e9tait l\u2019un des sympt\u00f4mes multiples de ce fameux \u00ab retour du religieux \u00bb. Ces gens ne sont pas des roseaux pensants : ce sont des missionnaires. Des Crois\u00e9s.<\/span><\/p>\n<p style=\"text-align: justify;\"><span style=\"font-family: times new roman, times, serif; font-size: 14pt;\">Et j\u2019aurais d\u00fb, d\u00e8s le d\u00e9part, les traiter comme tels : par l\u2019\u00e9p\u00e9e.<\/span><\/p>\n<p>&nbsp;<\/p>\n<p>&nbsp;<\/p>\n<p style=\"text-align: center;\"><a href=\"http:\/\/blog.lesgrossesorchadeslesamplesthalameges.fr\/wp-content\/uploads\/2019\/10\/Eux-1.jpg\"><img loading=\"lazy\" class=\"alignnone wp-image-6726\" src=\"http:\/\/blog.lesgrossesorchadeslesamplesthalameges.fr\/wp-content\/uploads\/2019\/10\/Eux-1.jpg\" alt=\"\" width=\"600\" height=\"348\" \/><\/a><\/p>\n<p>&nbsp;<\/p>\n<p style=\"text-align: justify;\"><span style=\"font-family: times new roman, times, serif; font-size: 14pt;\">\u00a0 \u00a0 \u00a0 \u00a0 \u00a0 \u00a0 \u00a0 \u00a0 \u00a0<\/span><\/p>\n<p style=\"text-align: justify;\"><span style=\"font-family: times new roman, times, serif; font-size: 14pt;\">Ils m\u2019ont d\u2019ailleurs trouv\u00e9 agressif, d\u00e8s le d\u00e9part. C\u2019est qu\u2019ils ont une sensibilit\u00e9 \u00e0 fleur de peau. J\u2019\u00e9tais indign\u00e9, et cela remontait \u00e0 loin. Apr\u00e8s tout, les premiers \u00e9crits qui d\u00e9noncent l\u2019emprise de ces Khmers rouges-l\u00e0 sur l\u2019Ecole ont \u00e9t\u00e9 publi\u00e9s dans les ann\u00e9es 1980. <em>De l\u2019\u00e9cole<\/em>, de Jean-Claude Milner, remonte \u00e0 1984. <em>L\u2019Enseignement de l\u2019ignorance<\/em>, de Jean-Claude Mich\u00e9a, c\u2019est 1999 \u2014 vingt ans d\u00e9j\u00e0 ! Vingt ans de luttes au couteau \u2014 pour rien : le mouvement qu\u2019ils ont initi\u00e9, perp\u00e9tu\u00e9 par le r\u00e9seau de copains recrut\u00e9s \u00e0 tous les \u00e9tages, et si possibles aux \u00e9tages sup\u00e9rieurs, n\u2019a fait que s\u2019amplifier. Ils ont gangren\u00e9 le syst\u00e8me \u00e9ducatif de la Maternelle \u00e0 l\u2019Universit\u00e9, o\u00f9 ils se sont infiltr\u00e9s, quelques-uns d\u2019abord, puis les portes se sont ouvertes et d\u00e9sormais ils tiennent l\u2019essentiel du syst\u00e8me. Ils ont ainsi st\u00e9rilis\u00e9 la recherche dans tous les autres domaines, parce que 80% des postes ont \u00e9t\u00e9 consacr\u00e9s \u00e0 la didactique. \u00ab\u00a0Apprendre \u00e0 apprendre \u00bb ! Beau slogan ! Il fallait l\u2019inventer. Il a \u00e9t\u00e9 le mot d\u2019ordre de tous les m\u00e9diocres, qui ne r\u00e9ussissaient pas dans leur domaine sp\u00e9cifique, et qui ont trouv\u00e9 l\u00e0 un merveilleux cheval de Troie. Il n\u2019y a gu\u00e8re que les classes pr\u00e9paratoires qui ont \u00e9chapp\u00e9 \u00e0 cette table rase. Pas faute d\u2019avoir essay\u00e9 de les supprimer. D\u00e9sormais, ils s\u2019acharnent \u00e0 vider les Grandes Ecoles de leur contenu, en s\u2019attaquant aux concours. \u00ab Trop \u00e9litistes \u00bb ! Oh ! Comme on sent bien, dans ce genre de reproche, la haine qu\u2019ils vouent \u00e0 ce joli mot r\u00e9publicain, \u00ab l\u2019\u00e9lite \u00bb ! Eux, ils sont le peuple de l\u2019ab\u00eeme p\u00e9dagogique. Le n\u00e9ant qui ronge. Les minables qui grignotent, qui mordent, qui d\u00e9vorent.<\/span><\/p>\n<p>&nbsp;<\/p>\n<p>&nbsp;<\/p>\n<p style=\"text-align: center;\"><a href=\"http:\/\/blog.lesgrossesorchadeslesamplesthalameges.fr\/wp-content\/uploads\/2019\/10\/EUX-2.jpg\"><img loading=\"lazy\" class=\"alignnone wp-image-6759\" src=\"http:\/\/blog.lesgrossesorchadeslesamplesthalameges.fr\/wp-content\/uploads\/2019\/10\/EUX-2-169x300.jpg\" alt=\"\" width=\"450\" height=\"799\" srcset=\"https:\/\/blog.lesgrossesorchadeslesamplesthalameges.fr\/wp-content\/uploads\/2019\/10\/EUX-2-169x300.jpg 169w, https:\/\/blog.lesgrossesorchadeslesamplesthalameges.fr\/wp-content\/uploads\/2019\/10\/EUX-2.jpg 170w\" sizes=\"(max-width: 450px) 100vw, 450px\" \/><\/a><\/p>\n<p>&nbsp;<\/p>\n<p>&nbsp;<\/p>\n<p style=\"text-align: justify;\"><span style=\"font-family: times new roman, times, serif; font-size: 14pt;\">Cr\u00e9tin que je suis de n\u2019avoir pas saisi plus t\u00f4t que leur passage, dans les ann\u00e9es 1960, par les Jeunesses Ouvri\u00e8res Chr\u00e9tiennes \u00e9tait un signe s\u00fbr d\u2019embrigadement mental. C\u2019est Savonarole multipli\u00e9 par mille \u2014 car leur nom est l\u00e9gion.<\/span><\/p>\n<p style=\"text-align: justify;\"><span style=\"font-family: times new roman, times, serif; font-size: 14pt;\">Preuve s\u2019il en fallait, tous ces incapables port\u00e9s au pouvoir par l\u2019incapacit\u00e9 de tant de ministres sont tous de G\u00f4che ! Ils n\u2019ont \u00e0 la bouche que la d\u00e9fense des plus d\u00e9munis, que leurs pratiques accablent encore, ce qui renforce la spirale descendante \u2014 et leurs ambitions : si le niveau des plus faibles descend, c\u2019est que l\u2019on n\u2019a pas appliqu\u00e9 \u00e0 fond les consignes. C\u2019est qu\u2019il reste encore quelques enseignants qui pr\u00e9tendent \u2014 une pr\u00e9tention imp\u00e9rialiste, certainement, un reste d\u2019instinct colonisateur \u2014 apprendre quelque chose \u00e0 leurs \u00e9l\u00e8ves. Alors que les savoirs, d\u2019essence bourgeoise, doivent \u00eatre partout remplac\u00e9s par des \u00ab comp\u00e9tences \u00bb, si floues qu\u2019elles m\u00e9ritent d\u2019\u00eatre sans cesse red\u00e9finies. Creusons encore\u00a0!<\/span><\/p>\n<p style=\"text-align: justify;\"><span style=\"font-family: times new roman, times, serif; font-size: 14pt;\">Oui, de g\u00f4che. Ils ont caricatur\u00e9 la Gauche, \u00e0 vous donner envie d\u2019\u00eatre de droite \u2014 sauf qu\u2019ils ont bern\u00e9 aussi la droite, qui trouvait dans leur libertarisme de quoi alimenter les envies d\u2019\u00e9conomies de son lib\u00e9ralisme. Les heures de Fran\u00e7ais en moins, les postes en moins, c\u2019est eux \u2014 admirablement relay\u00e9s par des ministres aussi incomp\u00e9tents que pr\u00e9tentieux \u2014 ou tout simplement aveugles. Et quand le syst\u00e8me n\u2019en put plus, ils ont impos\u00e9 la cr\u00e9ation brutale de milliers de postes sur lesquels ont \u00e9t\u00e9 nomm\u00e9s des gens qu\u2019ils avaient form\u00e9s \u00e0 ne rien faire. Essayez un peu d\u2019imposer de l\u2019orthographe et de la grammaire s\u00e9rieusement en classe de Sixi\u00e8me ! Aussit\u00f4t le ch\u0153ur des militants de la pens\u00e9e z\u00e9ro s\u2019\u00e9l\u00e8ve pour fustiger vos m\u00e9thodes coercitives.<\/span><\/p>\n<p style=\"text-align: justify;\"><span style=\"font-family: times new roman, times, serif; font-size: 14pt;\">Ils ont tu\u00e9 l\u2019\u00c9cole. Ils ont tu\u00e9 la Gauche. Pour la plus grande gloire de Philippe Meirieu \u2014 et de quelques autres, c\u2019est une religion \u00e0 messies diversifi\u00e9s.<\/span><\/p>\n<p style=\"text-align: justify;\"><span style=\"font-family: times new roman, times, serif; font-size: 14pt;\">Et ils ont appliqu\u00e9 des \u0153ill\u00e8res \u00e0 tous leurs affid\u00e9s, afin qu\u2019ils ne r\u00e9agissent pas devant les catastrophes qui s\u2019annon\u00e7aient, puis se pr\u00e9cipitaient. Vingt ans que l\u2019on d\u00e9nonce l\u2019emprise islamiste \u2014 <em>les Territoires perdus de la R\u00e9publique<\/em>, c\u2019\u00e9tait en 2002. Mais vingt ans de d\u00e9ni. Au point qu\u2019une l\u00e9g\u00e8re inflexion \u00e9lectoraliste de la marionnette \u00e9lys\u00e9enne suffit pour qu\u2019ils crient au martyre, \u00e0 la discrimination, \u00e0 la lep\u00e9nisation des Marcheurs.<\/span><\/p>\n<p style=\"text-align: justify;\"><span style=\"font-family: times new roman, times, serif; font-size: 14pt;\">Ils ont gagn\u00e9 et nous avons perdu, m\u2019a dit un jour une agr\u00e9g\u00e9e de Lettres r\u00e9fugi\u00e9e dans le journalisme, apr\u00e8s avoir d\u00e9nonc\u00e9 la mani\u00e8re dont ils g\u00e2chaient nos enfants. Elle avait raison. La nouvelle religion a tout grignot\u00e9 dans les cervelles, parce qu\u2019elle s\u2019accommodait fort bien du narcissisme g\u00e9n\u00e9ral des ilotes et des idiots. Ainsi meurent les civilisations.<\/span><\/p>\n<p>&nbsp;<\/p>\n<p>&nbsp;<\/p>\n<p style=\"text-align: center;\"><a href=\"http:\/\/blog.lesgrossesorchadeslesamplesthalameges.fr\/wp-content\/uploads\/2019\/10\/Eux-3.jpg\"><img loading=\"lazy\" class=\"alignnone wp-image-6760\" src=\"http:\/\/blog.lesgrossesorchadeslesamplesthalameges.fr\/wp-content\/uploads\/2019\/10\/Eux-3.jpg\" alt=\"\" width=\"600\" height=\"374\" \/><\/a><\/p>\n<p>&nbsp;<\/p>\n<p>&nbsp;<\/p>\n<p style=\"text-align: justify;\"><span style=\"font-family: times new roman, times, serif; font-size: 14pt;\">Peut-\u00eatre vous rappelez-vous le conte du pauvre p\u00eacheur et du g\u00e9nie ? C\u2019est dans les <em>Mille et une nuits<\/em>. Tout ce qu\u2019il a ramen\u00e9 dans son filet, c\u2019est une petite bouteille de plomb. Il l\u2019ouvre, un filet de fum\u00e9e s\u2019en \u00e9chappe, qui devient un monstrueux g\u00e9nie. \u00ab Je te remercie, dit la cr\u00e9ature, et maintenant, dis-moi comment tu veux mourir \u00bb. Le p\u00eacheur se r\u00e9crie, et le g\u00e9nie explique. \u00ab Pendant les mille premi\u00e8res ann\u00e9es de mon incarc\u00e9ration, je me suis promis de faire de celui qui me d\u00e9livrerait l\u2019\u00eatre le plus heureux de la terre. Mais rien n\u2019est venu et je me suis aigri. Alors, j\u2019ai dit que je lui accorderais trois v\u0153ux \u2014 mais rien n\u2019est venu\u2026 Si bien que je me suis jur\u00e9, finalement, de lui laisser le choix de sa mort. \u00bb<\/span><\/p>\n<p style=\"text-align: justify;\"><span style=\"font-family: times new roman, times, serif; font-size: 14pt;\">J\u2019en suis l\u00e0. Je n\u2019ai plus que de la haine. Je me suis battu comme un chien, d\u00e9faite apr\u00e8s d\u00e9faite. Je ne me bats plus que par habitude, mais je vais bient\u00f4t laisser la place, abandonner cette \u00c9cole en lambeaux et ces \u00e9l\u00e8ves livr\u00e9s aux\u00a0monstres.<\/span><\/p>\n<p style=\"text-align: justify;\"><span style=\"font-family: times new roman, times, serif; font-size: 14pt;\">Ils ont gagn\u00e9 sur tous les plans. Ils ont investi la formation, l\u2019inspection, le minist\u00e8re. Ils connaissent toutes les m\u00e9thodes d\u2019atermoiement, ils ont des r\u00e9seaux infinis, tiss\u00e9s de minable \u00e0 minable \u2014 et on ne manque jamais de bras cass\u00e9s. Leur p\u00e9dagogie se r\u00e9sume \u00e0 \u00e9crire \u00ab professeure \u00bb et \u00ab auteure \u00bb \u2014 parce qu\u2019ils pratiquent l\u2019intersectionnalit\u00e9, croyez-moi ! Ils ont impos\u00e9 au minist\u00e8re la cr\u00e9ation de 250 000 relais de la greluche su\u00e9doise, des gardes verts de l\u2019\u00e9cologie profonde, qui veilleront d\u00e9sormais aux bonnes pratiques et au conformisme g\u00e9n\u00e9ral. <a href=\"http:\/\/www.lefigaro.fr\/vox\/societe\/luc-ferry-eco-delegues-250-000-greta-thunberg-20190918\">Luc Ferry n\u2019en est pas\u00a0revenu<\/a>\u2026<\/span><\/p>\n<p style=\"text-align: justify;\"><span style=\"font-family: times new roman, times, serif; font-size: 14pt;\">Et rien d\u2019autre. Les \u00e9colos aussi sont des croyants. Nous sommes farcis de sectes, en cet \u00e9tat d\u00e9liquescent d\u2019une civilisation qui se meurt. Le p\u00e9dagogisme \u00e9tait la doctrine scolaire qui manquait \u00e0 notre d\u00e9cadence annonc\u00e9e. Tout comme l\u2019\u00e9cologisme \u2014 et faute de faire du grec ou des Sciences naturelles, il n\u2019y en a pas un seul qui sache vraiment ce que signifie le mot \u2014 est l\u2019incantation qu\u2019il lui fallait. Saint Meirieu \u00e0 gauche, sainte Greta \u00e0 droite. Entre les deux, un ab\u00eeme, et des ruines.<\/span><\/p>\n<p style=\"text-align: justify;\"><span style=\"font-family: times new roman, times, serif; font-size: 14pt;\">Source\u00a0: <a href=\"https:\/\/blog.causeur.fr\/bonnetdane\/eux-002825\"><em>Bonnet d\u2019\u00e2ne<\/em><\/a><em>.<\/em><\/span><\/p>\n<p><span style=\"font-family: times new roman, times, serif; font-size: 14pt;\">URL de cet article :\u00a0 <a href=\"http:\/\/blog.lesgrossesorchadeslesamplesthalameges.fr\/index.php\/eux\/\">http:\/\/blog.lesgrossesorchadeslesamplesthalameges.fr\/index.php\/eux\/<\/a><\/span><\/p>\n<p>&nbsp;<\/p>\n<p>&nbsp;<\/p>\n<p style=\"text-align: center;\"><a href=\"http:\/\/blog.lesgrossesorchadeslesamplesthalameges.fr\/wp-content\/uploads\/2019\/10\/Eux-4.gif\"><img loading=\"lazy\" class=\"alignnone wp-image-6761\" src=\"http:\/\/blog.lesgrossesorchadeslesamplesthalameges.fr\/wp-content\/uploads\/2019\/10\/Eux-4-200x300.gif\" alt=\"\" width=\"100\" height=\"150\" \/><\/a><\/p>\n<p>&nbsp;<\/p>\n<p>&nbsp;<\/p>\n<p style=\"text-align: right;\"><span style=\"font-family: comic sans ms, sans-serif; font-size: 14pt;\">Octobre 2019<\/span><\/p>\n<p>&nbsp;<\/p>\n<p>&nbsp;<\/p>\n<p>&nbsp;<\/p>\n","protected":false},"excerpt":{"rendered":"<p>&nbsp; &nbsp; &nbsp; &nbsp; &nbsp; &nbsp; &nbsp; EUX \u00a0 Jean-Paul Brighelli \u2013 Bonnet d\u2019\u00e2ne \u2013 19.9.2019 &nbsp; &nbsp; Pour Guy Morel &nbsp; Je crois que je n\u2019ai plus pour eux que de la haine. Il fut un temps o\u00f9 j\u2019acceptais le d\u00e9bat. O\u00f9 je pensais qu\u2019ils \u00e9taient de la m\u00eame esp\u00e8ce que moi. Avec des&#8230;<\/p>\n","protected":false},"author":1,"featured_media":0,"parent":0,"menu_order":0,"comment_status":"open","ping_status":"open","template":"","meta":[],"_links":{"self":[{"href":"https:\/\/blog.lesgrossesorchadeslesamplesthalameges.fr\/index.php\/wp-json\/wp\/v2\/pages\/6757"}],"collection":[{"href":"https:\/\/blog.lesgrossesorchadeslesamplesthalameges.fr\/index.php\/wp-json\/wp\/v2\/pages"}],"about":[{"href":"https:\/\/blog.lesgrossesorchadeslesamplesthalameges.fr\/index.php\/wp-json\/wp\/v2\/types\/page"}],"author":[{"embeddable":true,"href":"https:\/\/blog.lesgrossesorchadeslesamplesthalameges.fr\/index.php\/wp-json\/wp\/v2\/users\/1"}],"replies":[{"embeddable":true,"href":"https:\/\/blog.lesgrossesorchadeslesamplesthalameges.fr\/index.php\/wp-json\/wp\/v2\/comments?post=6757"}],"version-history":[{"count":0,"href":"https:\/\/blog.lesgrossesorchadeslesamplesthalameges.fr\/index.php\/wp-json\/wp\/v2\/pages\/6757\/revisions"}],"wp:attachment":[{"href":"https:\/\/blog.lesgrossesorchadeslesamplesthalameges.fr\/index.php\/wp-json\/wp\/v2\/media?parent=6757"}],"curies":[{"name":"wp","href":"https:\/\/api.w.org\/{rel}","templated":true}]}}