{"id":6828,"date":"2019-10-07T17:45:43","date_gmt":"2019-10-07T15:45:43","guid":{"rendered":"http:\/\/blog.lesgrossesorchadeslesamplesthalameges.fr\/?page_id=6828"},"modified":"2019-10-07T19:48:02","modified_gmt":"2019-10-07T17:48:02","slug":"le-livre-de-michel-raimbaud-sur-la-syrie","status":"publish","type":"page","link":"https:\/\/blog.lesgrossesorchadeslesamplesthalameges.fr\/index.php\/le-livre-de-michel-raimbaud-sur-la-syrie\/","title":{"rendered":"Le livre de MIchel Raimbaud sur la Syrie"},"content":{"rendered":"<p>&nbsp;<\/p>\n<p>&nbsp;<\/p>\n<p>&nbsp;<\/p>\n<p>&nbsp;<\/p>\n<p>&nbsp;<\/p>\n<p>&nbsp;<\/p>\n<p style=\"text-align: center;\"><span style=\"font-family: times new roman, times, serif; font-size: 36pt;\"><strong>Le livre de Michel Raimbaud sur la Syrie fracasse les mensonges<\/strong><\/span><span style=\"font-family: times new roman, times, serif; font-size: 36pt;\"><strong>\u00a0<\/strong><\/span><\/p>\n<p>&nbsp;<\/p>\n<p style=\"text-align: center;\"><span style=\"font-family: times new roman, times, serif; font-size: 18pt;\"><strong>Jacques-Marie Bourget \u2013<em> LGS<\/em> \u2013 3.10.2019<\/strong><\/span><\/p>\n<p style=\"text-align: center;\"><span style=\"font-family: times new roman, times, serif; font-size: 18pt;\"><strong>\u00a0<\/strong><\/span><\/p>\n<p>&nbsp;<\/p>\n<p style=\"text-align: center;\"><a href=\"http:\/\/blog.lesgrossesorchadeslesamplesthalameges.fr\/wp-content\/uploads\/2019\/10\/Raimbaud-couverture.jpg\"><img loading=\"lazy\" class=\"alignnone wp-image-6792\" src=\"http:\/\/blog.lesgrossesorchadeslesamplesthalameges.fr\/wp-content\/uploads\/2019\/10\/Raimbaud-couverture-202x300.jpg\" alt=\"\" width=\"500\" height=\"742\" srcset=\"https:\/\/blog.lesgrossesorchadeslesamplesthalameges.fr\/wp-content\/uploads\/2019\/10\/Raimbaud-couverture-202x300.jpg 202w, https:\/\/blog.lesgrossesorchadeslesamplesthalameges.fr\/wp-content\/uploads\/2019\/10\/Raimbaud-couverture.jpg 225w\" sizes=\"(max-width: 500px) 100vw, 500px\" \/><\/a><\/p>\n<p style=\"text-align: justify;\"><span style=\"font-family: times new roman, times, serif; font-size: 14pt;\"><strong>\u00a0<\/strong><\/span><\/p>\n<p>&nbsp;<\/p>\n<p style=\"text-align: justify;\"><strong><span style=\"font-family: tahoma, arial, helvetica, sans-serif; font-size: 14pt;\">Impossible de parler de la Syrie sans \u00eatre accus\u00e9 d&rsquo;\u00eatre le complice attard\u00e9 de Gengis Khan. Pourtant l&rsquo;ancien diplomate Michel Raimbaud, dans une \u00e9tude (avec distance et humour) sur l&rsquo;accumulation des mensonges qui sont tomb\u00e9s sur ce pays comme autant d&rsquo;autres bombes, r\u00e9ussit \u00e0 exprimer sa rage tranquille de fa\u00e7on lumineuse.<\/span><\/strong><\/p>\n<p>&nbsp;<\/p>\n<p style=\"text-align: justify;\"><span style=\"font-family: times new roman, times, serif; font-size: 14pt;\">Soyons s\u00fbr que le mot \u00ab\u00a0gauche\u00a0\u00bb ne d\u00e9signe plus rien qu\u2019un chevron tordu, une pi\u00e8ce de bois quittant le droit pour le tordu. Car, pour ce qui est de l\u2019id\u00e9ologie ou de l\u2019engagement politique, trouver un peu de gauche est aussi difficile que de la douceur dans un LBD. La preuve que le vocable est mort, c\u2019est qu\u2019au Parlement europ\u00e9en des d\u00e9put\u00e9s de \u00ab\u00a0gauche\u00a0\u00bb viennent de voter un texte qui impose l\u2019\u00e9quivalence entre le nazisme est le communisme. La prochaine \u00e9tape, c\u2019est l\u2019adoption d\u2019une autre fantasmagorie appelant \u00e0 l\u2019interdiction de l\u2019exposition de tout symbole ou embl\u00e8me communiste dans l\u2019ensemble de l\u2019Europe. Tr\u00e8s difficile dans cette ambiance de r\u00e9vision\u00a0\u2013\u00a0par d\u00e9crets\u00a0\u2013\u00a0de l\u2019histoire, d\u2019\u00e9voquer le destin de la Syrie. Sans risquer la corde, le peloton ou pour le moins un stage de r\u00e9\u00e9ducation d\u00e9mocratique que le Parlement de Bruxelles ne va pas manquer de rendre obligatoire. Pourtant peu de mots pertinents ont \u00e9t\u00e9 \u00e9crits sur le drame syrien. Je veux dire des phrases qui rel\u00e8vent de la v\u00e9rit\u00e9 des choses, de la sagesse et non du baratin kouchn\u00e9rien ou de l\u2019analyse cousue main par les n\u00e9oconservateurs de Washington. Macron n\u2019\u00e9tant dans ce dossier qu\u2019un fonctionnaire d\u2019ex\u00e9cution du D\u00e9partement d\u2019\u00c9tat des \u00c9tats-Unis.<\/span><\/p>\n<p style=\"text-align: justify;\"><span style=\"font-family: times new roman, times, serif; font-size: 14pt;\">Casque lourd et gilet pare-balles, un honn\u00eate homme vient pourtant de mettre sa r\u00e9putation en jeu en publiant un livre d\u2019histoire. Histoire vivante sur les tombes de tant de morts, le h\u00e9ros est Michel Raimbaud et son <em>Guerres de Syrie<\/em>, aux \u00e9ditions Glyphe. Un d\u00e9tail qui pour moi compte beaucoup, cet ouvrage est remarquablement \u00e9crit. Avec une plume tremp\u00e9e dans l\u2019humour, qui est la politesse du d\u00e9sespoir. Ancien ambassadeur, longtemps diplomate en Syrie, Raimbaud a le grave d\u00e9faut, pour les amateurs de l\u2019histoire <em>ready made<\/em>, de parler de ce qu\u2019il connait, jusqu\u2019au fond, o\u00f9 l\u2019on croise ses tripes.<\/span><\/p>\n<p style=\"text-align: justify;\"><span style=\"font-family: times new roman, times, serif; font-size: 14pt;\">En Raimbaud, n\u2019imaginez pas l\u2019un de ces p\u00e8lerins tendeurs de s\u00e9bile, tr\u00e8s souvent d\u2019extr\u00eame droite, habitu\u00e9s de la visite \u00e0 Bachar comme ma vieille m\u00e8re le fut de la grotte de Lourdes. Pas du tout. Michel Raimbaud est un homme de Lumi\u00e8re et de progr\u00e8s. C\u2019est sans doute pourquoi l\u2019histoire de Syrie, mise en pi\u00e8ces et reconstruite dans une mosa\u00efque \u00e0 l\u2019envers, \u00e9nerve gravement notre auteur. Si, pour d\u00eener avec le diable, il faut une cuiller XXL, pour parler sereinement de la Syrie il faut une tr\u00e8s longue rame \u00e0 remonter le courant. Ou tenter de le faire. Soyons clair, <em>Les guerres de Syrie<\/em> est le contraire de ces bouquins qui viennent orner les rayons des biblioth\u00e8ques vert de gris, moisies. Ici nous sommes avec Malraux en Espagne et non en compagnie de Brasillach sur le front de l\u2019Est. C\u2019est le pari de l\u2019opus de Raimbaud, mais il est tenu.<\/span><\/p>\n<p style=\"text-align: justify;\"><span style=\"font-family: times new roman, times, serif; font-size: 14pt;\">Personnellement, si ma connaissance de la Syrie est modeste, celle du mensonge \u00ab\u00a0n\u00e9ocon\u00a0\u00bb est grande. Je l\u2019ai \u00e9prouv\u00e9 partout dans le monde investi par les conqu\u00eates \u00e9tasuniennes. Par exemple, pour en rester au proche XXe si\u00e8cle, en Irak par l\u2019agitation de la fiole de Colin Powell \u00e0 l\u2019Assembl\u00e9e de l\u2019ONU, les voleurs de couveuses pour b\u00e9b\u00e9s par Saddam, les cormorans mazout\u00e9s \u00e0 Bassorah, dont les images provenaient de Bretagne. Ou au Kosovo sous les bombes de l\u2019OTAN, qui ne tuaient que des m\u00e9chants. D\u2019exp\u00e9rience je sais que la premi\u00e8re victime de la guerre est la v\u00e9rit\u00e9. Mais aussi que, m\u00eame avec son pays dans un sale \u00e9tat, mais ayant surv\u00e9cu au choc de Daech (horreur invent\u00e9e, cr\u00e9\u00e9e par l\u2019Occident), Bachar el-Assad sera \u00e0 nouveau invit\u00e9 \u00e0 la Maison Blanche. Si la n\u00e9cessit\u00e9 p\u00e9troli\u00e8re l\u2019exige.<\/span><\/p>\n<p style=\"text-align: justify;\"><span style=\"font-family: times new roman, times, serif; font-size: 14pt;\">L\u2019histoire racont\u00e9e par l\u2019\u00e9rudit Raimbaud fait un saut rapide dans les si\u00e8cles d\u2019avant. Pour comprendre le pr\u00e9sent, \u00e9tudions le pass\u00e9, quitte \u00e0 en faire table rase. Ce d\u00e9but du livre nous rappelle que nier les temps qui ont constitu\u00e9 les grandes nations est une profonde b\u00eatise, m\u00eame si elle est \u00e9tudi\u00e9e \u00e0 Harvard. M\u00eame Trump a fini par apprendre que l\u2019Iran n\u2019\u00e9tait pas la marque d\u2019un jeu t\u00e9l\u00e9vis\u00e9, mais celui d\u2019un vieil empire. Et Bush, g\u00e9n\u00e9rateur de chaos, a su trop tard qu\u2019avant le r\u00e8gne de Saddam, l\u2019Irak \u00e9tait la M\u00e9sopotamie, une m\u00e8re de l\u2019univers. Ainsi Raimbaud nous rappelle que la Syrie n\u2019est pas une fabrique de savon, \u00e0 Alep, mais un lieu o\u00f9 fut invent\u00e9e l\u2019\u00e9criture et, en musique, la premi\u00e8re\u00a0 gamme (\u00e0 sept tons).<\/span><\/p>\n<p style=\"text-align: justify;\"><span style=\"font-family: times new roman, times, serif; font-size: 14pt;\">J\u2019entends les quolibets et ressens le vent des tomates\u00a0: est-ce parce que tout cela est n\u00e9 en Syrie que Bachar el-Assad est un homme fr\u00e9quentable\u00a0? La r\u00e9ponse, je la retourne \u00e0 tous ceux qui se pr\u00e9cipitent aux colloques et aux \u00ab\u00a0<em>honoris causa<\/em>\u00a0\u00bb du criminel de guerre Henry Kissinger, \u00e0 ceux qui r\u00eavent de danser le tango avec Obama, assassin chic, mais de masse. Dans ce monde des ma\u00eetres on est toujours le criminel d\u2019un autre. L\u2019objet de ces <em>Guerres de Syrie<\/em> n\u2019est pas de situer Bachar dans l\u2019orchestre de notre fabuleuse d\u00e9mocratie&#8230; Mais de parler d\u2019une vieille nation la\u00efque avec ses fautes et surtout les attaques de ceux qui voulaient, au pr\u00e9texte que leur printemps \u00e9tait aussi leurs Galeries Lafayette (avec tiroir-caisse), d\u00e9truire un pays pour se partager les morceaux du puzzle. Apr\u00e8s le pillage de la Libye, enrichissant <em>Far-West,<\/em> pourquoi pas le tour de la Syrie\u00a0? Le plan de destruction (pardon de remodelage) du Proche et Moyen Orient jusqu\u2019au Maroc, \u00e9tant depuis des ann\u00e9es, dans les cartons de Washington. En fait, Rimbaud me fait penser \u00e0 un tireur de <em>ball trap<\/em>\u00a0: d\u00e8s qu\u2019un mensonge vole, il le flingue. Voil\u00e0 le boulot de notre diplomate, trappeur de Pinocchio. Rigolo et sportif si le champ de tir n\u2019\u00e9tait aussi de ruines, avec les morts entass\u00e9s et pas tous \u00ab\u00a0extermin\u00e9s dans les prisons de Bachar\u00a0\u00bb. Bien plus par les missiles d\u00e9mocratiques, ayant la valeur de ces coups de r\u00e8gles que les ma\u00eetres d\u2019\u00e9coles distribuaient jadis sur les doigts des enfants turbulents. Donc des missiles p\u00e9dagogiques. Peints de tricolore, de drapeaux \u00e9toil\u00e9s, d\u2019<em>Union Jack<\/em> o\u00f9 de banni\u00e8res \u00e9miraties. Raimbaud nous montre la diplomatie (ou plut\u00f4t son absence) comme des armes de destruction massive.<\/span><\/p>\n<p style=\"text-align: justify;\"><span style=\"font-family: times new roman, times, serif; font-size: 14pt;\">Si vous voulez avoir honte avant les autres, pour ce que le \u00ab\u00a0monde libre\u00a0\u00bb a fait \u00e0 la Syrie, et lire un livre sans qu\u2019il soit besoin d\u2019en cacher la couverture derri\u00e8re un portrait de Rafa\u00ebl Glucksmann (\u00e9vitant ainsi d\u2019\u00eatre conduit au commissariat de la Bien pensance), lisez <em>Les Guerres de Syrie<\/em> et nous serons alors plusieurs \u00e0 ne pas mourir idiots. Avec son cauchemar d\u2019un promeneur solitaire le camarade Raimbaud est un magnifique compagnon d\u2019histoire.<\/span><\/p>\n<p>&nbsp;<\/p>\n<p style=\"text-align: justify;\"><span style=\"font-family: times new roman, times, serif; font-size: 14pt;\"><strong><em>Les guerres de Syrie<\/em><\/strong><strong>, par Michel Raimbaud, pr\u00e9face de Philippe de Saint Robert, \u00e9ditions Glyphe, 20 euros.<\/strong><\/span><\/p>\n<p>&nbsp;<\/p>\n<p style=\"text-align: left;\"><span style=\"font-family: times new roman, times, serif; font-size: 14pt;\">Source\u00a0: <a href=\"https:\/\/www.legrandsoir.info\/le-livre-de-michel-raimbaud-sur-la-syrie-fracasse-les-mensonges.html\">https:\/\/www.legrandsoir.info\/le-livre-de-michel-raimbaud-sur-la-syrie-fracasse-les-mensonges.html<\/a><\/span><\/p>\n<p><span style=\"font-family: times new roman, times, serif; font-size: 18pt;\"><span style=\"font-size: 14pt;\">URL de cet article : <a href=\"http:\/\/blog.lesgrossesorchadeslesamplesthalameges.fr\/index.php\/le-livre-de-michel-raimbaud-sur-la-syrie\/\">http:\/\/blog.lesgrossesorchadeslesamplesthalameges.fr\/index.php\/le-livre-de-michel-raimbaud-sur-la-syrie\/<\/a><\/span> <\/span><\/p>\n<p>&nbsp;<\/p>\n<p>&nbsp;<\/p>\n<p style=\"text-align: center;\"><a href=\"http:\/\/blog.lesgrossesorchadeslesamplesthalameges.fr\/wp-content\/uploads\/2019\/10\/000.-faucille-marteau.gif\"><img loading=\"lazy\" class=\"alignnone size-full wp-image-6782\" src=\"http:\/\/blog.lesgrossesorchadeslesamplesthalameges.fr\/wp-content\/uploads\/2019\/10\/000.-faucille-marteau.gif\" alt=\"\" width=\"41\" height=\"36\" \/><\/a><\/p>\n<p>&nbsp;<\/p>\n<p>&nbsp;<\/p>\n<p style=\"text-align: justify;\"><span style=\"font-family: times new roman, times, serif; font-size: 18pt;\"><strong>Commentaires<\/strong><\/span><\/p>\n<p>&nbsp;<\/p>\n<p style=\"text-align: justify; padding-left: 90px;\"><span style=\"font-family: times new roman, times, serif; font-size: 14pt;\">03\/10\/2019 \u00e0 17:28 par <strong>Antar<\/strong><\/span><\/p>\n<p style=\"text-align: justify; padding-left: 90px;\"><span style=\"font-family: times new roman, times, serif; font-size: 14pt;\">Merci M.\u00a0Bourget d\u2019avoir partag\u00e9 cette information. J\u2019ai suivi \u00e0 quelques reprises Michel Raimbaud comme invit\u00e9 de RT et son \u00e9loquence, ses connaisances de la Syrie et surtout son courage m\u2019avaient marqu\u00e9. J\u2019ai h\u00e2te de lire son bouquin. Une petite coquille dans le texte\u00a0: \u00ab\u00a0&#8230;lire un livre sans qu\u2019il soit besoin <strong>(dans)<\/strong> <strong>d\u2019en <\/strong>cacher la couverture derri\u00e8re un portrait de Rafa\u00ebl Glucksmann &#8230;\u00a0\u00bb<\/span><\/p>\n<p>&nbsp;<\/p>\n<p style=\"text-align: justify;\"><span style=\"font-family: times new roman, times, serif; font-size: 14pt;\">03\/10\/2019 \u00e0 22:13 <strong>legrandsoir<\/strong><\/span><\/p>\n<p style=\"text-align: justify;\"><span style=\"font-family: times new roman, times, serif; font-size: 14pt;\">Merci, c\u2019est corrig\u00e9.<\/span><\/p>\n<p>&nbsp;<\/p>\n<p style=\"text-align: justify; padding-left: 90px;\"><span style=\"font-family: times new roman, times, serif; font-size: 14pt;\">03\/10\/2019 \u00e0 19:20 par <strong>AF30<\/strong><\/span><\/p>\n<p style=\"text-align: justify; padding-left: 90px;\"><span style=\"font-family: times new roman, times, serif; font-size: 14pt;\">Pour ce qui concerne notre pays, les bombardements d\u00e9cid\u00e9s par Macron sont parmi les faits les plus r\u00e9voltants. Voil\u00e0 une d\u00e9cision d\u2019une gravit\u00e9 extr\u00eame car elle se fait au nom des citoyens fran\u00e7ais, elle engage une strat\u00e9gie qui remet en cause d\u2019autres, elle se traduit par la mort d\u2019hommes et certainement de femmes et d\u2019enfants et par dessus tout elle est prise par un homme seul dont des conditions qui ne rel\u00e8vent pas de l\u2019urgence comme le serait une attaque ext\u00e9rieure qui viserait la destruction imminente du territoire national et conduirait \u00e0 la mort de nos concitoyens. Cette violence d\u00e9montre s\u2019il \u00e9tait encore n\u00e9cessaire que nous ne sommes pas en d\u00e9mocratie &#8211; o\u00f9 sont les consultation des assembl\u00e9es\u00a0?\u00a0&#8211; Enfin d\u00e9j\u00e0 pour ces faits cet individu est m\u00e9prisable. Son cynisme, son insensibilit\u00e9, son m\u00e9pris de tout ce qui n\u2019est pas lui rendent ce personnage dangereux.<\/span><\/p>\n<p>&nbsp;<\/p>\n<p style=\"text-align: justify;\"><span style=\"font-family: times new roman, times, serif; font-size: 14pt;\">04\/10\/2019 \u00e0 08:16 par <strong>Julien D.<\/strong><\/span><\/p>\n<p style=\"text-align: justify;\"><span style=\"font-family: times new roman, times, serif; font-size: 14pt;\">Merci pour cet excellent article.<\/span><\/p>\n<p style=\"text-align: justify;\"><span style=\"font-family: times new roman, times, serif; font-size: 14pt;\">Je sais, pour \u00eatre un lecteur assidu du GS, que Jacques-Marie Bourget y a publi\u00e9 plusieurs articles sur le Liban et sur Georges Ibrahim Abdallah.<\/span><br \/>\n<span style=\"font-family: times new roman, times, serif; font-size: 14pt;\">J\u2019aimerais savoir ce qu\u2019il pense de la Cagnotte ouverte par LGS d\u00e9but septembre pour aider Pierre Carles a faire un film sur le sujet. J\u2019ai l\u2019impression que le recueil des dons p\u00e9dale comme le recueil des signatures pour le r\u00e9f\u00e9rendum sur ADP.Tout le monde, ou presque, s\u2019en fout, dirait-on (auteurs, lecteurs commentateurs). J\u2019ai cru comprendre que si les auteurs du GS et ceux qui commentent les articles avaient vers\u00e9 2 euros, la cagnotte aurait atteint ses objectifs. Si tous les lecteurs avaient fait de m\u00eame, la cagnotte aurait \u00e9t\u00e9 close dans les jours qui ont suivi son ouverture. PS. Pour LGS\u00a0: on peut avoir les chiffres\u00a0?<\/span><\/p>\n<p>&nbsp;<\/p>\n<p style=\"text-align: justify; padding-left: 90px;\"><span style=\"font-family: times new roman, times, serif; font-size: 14pt;\">04\/10\/2019 \u00e0 08:23 <strong>legrandsoir<\/strong><\/span><\/p>\n<p style=\"text-align: justify; padding-left: 90px;\"><span style=\"font-family: times new roman, times, serif; font-size: 14pt;\">Les chiffres et le nombre de donateurs sont r\u00e9guli\u00e8rement donn\u00e9s en bas de l\u2019article appelant aux dons, en une du GS.<\/span><\/p>\n<p>&nbsp;<\/p>\n<p style=\"text-align: justify;\"><span style=\"font-family: times new roman, times, serif; font-size: 14pt;\">04\/10\/2019 \u00e0 11:13 par <strong>JM Bourget<\/strong><\/span><\/p>\n<p style=\"text-align: justify;\"><span style=\"font-family: times new roman, times, serif; font-size: 14pt;\">Je n\u2019ai pas encore vers\u00e9 les sous pr\u00e9vus car, au premier regard, le syst\u00e8me me semblait exiger un talent informatique qui me fait d\u00e9faut. Je vais insister.<\/span><\/p>\n<p>&nbsp;<\/p>\n<p>&nbsp;<\/p>\n<p style=\"text-align: center;\"><a href=\"http:\/\/blog.lesgrossesorchadeslesamplesthalameges.fr\/wp-content\/uploads\/2019\/10\/000.-faucille-marteau.gif\"><img loading=\"lazy\" class=\"alignnone size-full wp-image-6782\" src=\"http:\/\/blog.lesgrossesorchadeslesamplesthalameges.fr\/wp-content\/uploads\/2019\/10\/000.-faucille-marteau.gif\" alt=\"\" width=\"41\" height=\"36\" \/><\/a><\/p>\n<p>&nbsp;<\/p>\n<p>&nbsp;<\/p>\n<p style=\"text-align: right;\"><span style=\"font-family: comic sans ms, sans-serif;\">Octobre 2019<\/span><\/p>\n<p>&nbsp;<\/p>\n","protected":false},"excerpt":{"rendered":"<p>&nbsp; &nbsp; &nbsp; &nbsp; &nbsp; &nbsp; Le livre de Michel Raimbaud sur la Syrie fracasse les mensonges\u00a0 &nbsp; Jacques-Marie Bourget \u2013 LGS \u2013 3.10.2019 \u00a0 &nbsp; \u00a0 &nbsp; Impossible de parler de la Syrie sans \u00eatre accus\u00e9 d&rsquo;\u00eatre le complice attard\u00e9 de Gengis Khan. Pourtant l&rsquo;ancien diplomate Michel Raimbaud, dans une \u00e9tude (avec distance et&#8230;<\/p>\n","protected":false},"author":1,"featured_media":0,"parent":0,"menu_order":0,"comment_status":"open","ping_status":"open","template":"","meta":[],"_links":{"self":[{"href":"https:\/\/blog.lesgrossesorchadeslesamplesthalameges.fr\/index.php\/wp-json\/wp\/v2\/pages\/6828"}],"collection":[{"href":"https:\/\/blog.lesgrossesorchadeslesamplesthalameges.fr\/index.php\/wp-json\/wp\/v2\/pages"}],"about":[{"href":"https:\/\/blog.lesgrossesorchadeslesamplesthalameges.fr\/index.php\/wp-json\/wp\/v2\/types\/page"}],"author":[{"embeddable":true,"href":"https:\/\/blog.lesgrossesorchadeslesamplesthalameges.fr\/index.php\/wp-json\/wp\/v2\/users\/1"}],"replies":[{"embeddable":true,"href":"https:\/\/blog.lesgrossesorchadeslesamplesthalameges.fr\/index.php\/wp-json\/wp\/v2\/comments?post=6828"}],"version-history":[{"count":0,"href":"https:\/\/blog.lesgrossesorchadeslesamplesthalameges.fr\/index.php\/wp-json\/wp\/v2\/pages\/6828\/revisions"}],"wp:attachment":[{"href":"https:\/\/blog.lesgrossesorchadeslesamplesthalameges.fr\/index.php\/wp-json\/wp\/v2\/media?parent=6828"}],"curies":[{"name":"wp","href":"https:\/\/api.w.org\/{rel}","templated":true}]}}