{"id":6849,"date":"2019-10-07T18:10:34","date_gmt":"2019-10-07T16:10:34","guid":{"rendered":"http:\/\/blog.lesgrossesorchadeslesamplesthalameges.fr\/?page_id=6849"},"modified":"2019-10-07T18:12:02","modified_gmt":"2019-10-07T16:12:02","slug":"coup-de-gueule-du-saker","status":"publish","type":"page","link":"https:\/\/blog.lesgrossesorchadeslesamplesthalameges.fr\/index.php\/coup-de-gueule-du-saker\/","title":{"rendered":"Coup de gueule du Saker"},"content":{"rendered":"<h1><\/h1>\n<p>&nbsp;<\/p>\n<p>&nbsp;<\/p>\n<p>&nbsp;<\/p>\n<p>&nbsp;<\/p>\n<p>&nbsp;<\/p>\n<p>&nbsp;<\/p>\n<h1 style=\"text-align: center;\"><strong><span style=\"font-family: times new roman, times, serif; font-size: 36pt;\">Coup de gueule du Saker<\/span><\/strong><\/h1>\n<p>&nbsp;<\/p>\n<p style=\"text-align: center;\"><span style=\"font-family: times new roman, times, serif; font-size: 24pt;\">\u2026 en r\u00e9action \u00e0 la tentative des D\u00e9mocrates de destituer Trump<\/span><\/p>\n<p>&nbsp;<\/p>\n<p style=\"text-align: center;\"><span style=\"font-family: times new roman, times, serif; font-size: 18pt;\"><strong><em>The Saker.is<\/em><\/strong> \u2013 <strong>24.9.2019<\/strong><\/span><\/p>\n<p style=\"text-align: center;\"><span style=\"font-family: times new roman, times, serif; font-size: 18pt;\">Traduction\u00a0: <strong><em>Le Saker francophone<\/em><\/strong><\/span><\/p>\n<p>&nbsp;<\/p>\n<p>&nbsp;<\/p>\n<p style=\"text-align: center;\"><a href=\"http:\/\/blog.lesgrossesorchadeslesamplesthalameges.fr\/wp-content\/uploads\/2019\/10\/Saker.png\"><img loading=\"lazy\" class=\"alignnone wp-image-6797\" src=\"http:\/\/blog.lesgrossesorchadeslesamplesthalameges.fr\/wp-content\/uploads\/2019\/10\/Saker.png\" alt=\"\" width=\"360\" height=\"269\" \/><\/a><\/p>\n<p>&nbsp;<\/p>\n<p>&nbsp;<\/p>\n<p style=\"text-align: justify;\"><span style=\"font-family: tahoma, arial, helvetica, sans-serif; font-size: 14pt;\"><strong>Je pense que la plupart des lecteurs savent que je ne suis pas un fan de Trump ou du parti r\u00e9publicain. Mais je dois dire que compar\u00e9 aux D\u00e9mocrates, les gens du Parti R\u00e9publicain, le GOP, sont presque d\u00e9cents ; pas tr\u00e8s brillants et seulement presque d\u00e9cents par rapport aux D\u00e9mocrates, mais quand m\u00eame.<\/strong><\/span><\/p>\n<p>&nbsp;<\/p>\n<p style=\"text-align: justify;\"><span style=\"font-family: times new roman, times, serif; font-size: 14pt;\">J\u2019ai toujours soutenu que les n\u00e9ocons allaient essayer de destituer Trump et qu\u2019il \u00e9tait ce que j\u2019appelais un pr\u00e9sident <em>\u00abjetable\u00bb<\/em> qu\u2019ils utiliseraient comme une merde d\u2019idiot utile, par exemple pour d\u00e9placer l\u2019ambassade des \u00c9tats-Unis \u00e0 Al Qods <em>[J\u00e9rusalem]<\/em> avant de le larguer. Les Dems\u00a0ont la\u00a0<em>chutzpah<\/em>\u00a0<em>[le culot en yiddish]<\/em> de recommencer exactement le m\u00eame coup\u00a0<strong>deux fois de suite<\/strong>\u00a0!<\/span><\/p>\n<p style=\"text-align: justify;\"><span style=\"font-family: times new roman, times, serif; font-size: 14pt;\">Qu\u2019est-ce que je veux dire par l\u00e0\u00a0?<\/span><\/p>\n<p style=\"text-align: justify;\"><span style=\"font-family: times new roman, times, serif; font-size: 14pt;\">Regardez cette s\u00e9quence\u00a0:<\/span><\/p>\n<p style=\"text-align: justify;\"><span style=\"font-family: times new roman, times, serif; font-size: 14pt;\">Hillary fait une connerie, et des initi\u00e9s\u00a0font fuiter des documents du\u00a0DNC\u00a0\u2013 le <em>Comit\u00e9 national d\u00e9mocrate.<\/em> Que font les Dems\u00a0? Ils inventent toute la charade du <em>Russiagate<\/em>.<\/span><\/p>\n<p style=\"text-align: justify;\"><span style=\"font-family: times new roman, times, serif; font-size: 14pt;\">Cette fois-ci\u00a0:<\/span><\/p>\n<p style=\"text-align: justify;\"><span style=\"font-family: times new roman, times, serif; font-size: 14pt;\">Les Bidens, p\u00e8re et fils, font des conneries, et quelqu\u2019un le d\u00e9couvre. Que font les Dems\u00a0? Ils inventent un nouveau <em>Ukrainegate\u00a0<\/em>!<\/span><\/p>\n<p style=\"text-align: justify;\"><span style=\"font-family: times new roman, times, serif; font-size: 14pt;\">Exactement le m\u00eame truc. Deux fois\u00a0!<\/span><\/p>\n<p style=\"text-align: justify;\"><span style=\"font-family: times new roman, times, serif; font-size: 14pt;\">Et comme il y a des chances que le S\u00e9nat ne destituera jamais Trump, la vraie raison pour laquelle ils parlent maintenant de destitution est simplement pour aider Biden dans sa campagne pour la pr\u00e9sidence, l\u2019an prochain. En d\u2019autres termes, les Dems font exactement ce dont ils accusent Trump\u00a0: ils essaient d\u2019utiliser une puissance \u00e9trang\u00e8re pour s\u2019immiscer dans les \u00e9lections am\u00e9ricaines.<\/span><\/p>\n<p style=\"text-align: justify;\"><span style=\"font-family: times new roman, times, serif; font-size: 14pt;\">Ensuite, il y a ceci\u00a0: au moins <em>certains<\/em> r\u00e9publicains sont de vrais patriotes. Mais les Dems\u00a0? Peu leur importe\u00a0de forcer le pr\u00e9sident \u00e0 divulguer ses conversations avec des responsables \u00e9trangers, au risque de\u00a0rendre plus difficile \u00e0 l\u2019avenir la franchise de ceux-ci\u00a0lorsqu\u2019ils s\u2019adresseront au pr\u00e9sident des \u00c9tats-Unis \u2013 m\u00eame s\u2019il s\u2019agit d\u2019un pr\u00e9sident D\u00e9mocrate\u00a0!.<\/span><\/p>\n<p style=\"text-align: justify;\"><span style=\"font-family: times new roman, times, serif; font-size: 14pt;\">En outre, <strong>tous<\/strong> les services de renseignement sur la plan\u00e8te ont conclu toutes sortes d\u2019accords et d\u2019ententes entre eux. Demander des donn\u00e9es sur les activit\u00e9s ill\u00e9gales de citoyens am\u00e9ricains \u00e0 l\u2019\u00e9tranger est une tache que l\u2019ensemble des 17\u00a0<sup>sic\u00a0<\/sup>agences de renseignement am\u00e9ricaines devraient faire. Et lorsque les chefs d\u2019\u00c9tat ont \u00e0 faire avec un personnage public ou tr\u00e8s influent, il est normal qu\u2019ils soient les premiers responsables pour d\u00e9cider si un tel \u00e9change confidentiel de documents sensibles aura lieu ou pas. Enfin, la derni\u00e8re fois que je l\u2019ai v\u00e9rifi\u00e9, le vice-pr\u00e9sident ne conservait pas son immunit\u00e9 une fois parti.<\/span><\/p>\n<p style=\"text-align: justify;\"><span style=\"font-family: times new roman, times, serif; font-size: 14pt;\">D\u00e9sol\u00e9, mais pour ma part, je ne vois absolument pas ce que Trump a fait de mal.<\/span><\/p>\n<p style=\"text-align: justify;\"><span style=\"font-family: times new roman, times, serif; font-size: 14pt;\">Mais alors, le g\u00e9n\u00e9ral Flynn n\u2019avait rien fait de mal non plus, et Trump l\u2019a imm\u00e9diatement et totalement trahi en le virant, il y a une esp\u00e8ce de karma \u00e0 l\u2019\u0153uvre ici.<\/span><\/p>\n<p style=\"text-align: justify;\"><span style=\"font-family: times new roman, times, serif; font-size: 14pt;\">Ensuite, il y a ce fameux <em>lanceur d\u2019alerte.<\/em> Tout d\u2019abord, il s\u2019agit peut-\u00eatre d\u2019un <a href=\"https:\/\/en.wikipedia.org\/wiki\/Peter_Strzok\">Peter Strzok<\/a><em> bis<\/em>, attendons donc avant de supposer qu\u2019un autre Snowden est\u00a0n\u00e9.<\/span><\/p>\n<p style=\"text-align: justify;\"><span style=\"font-family: times new roman, times, serif; font-size: 14pt;\">Ensuite,\u00a0les Dems\u00a0sont nerveux car ils d\u00e9plorent\u00a0que Trump n\u2019autorise pas ce pr\u00e9tendu <em>lanceur d\u2019alerte <\/em>\u00e0 se d\u00e9voiler. D\u2019accord, peut-\u00eatre que le Donald s\u2019est tromp\u00e9 et a dit quelque chose de stupide. Mais il n\u2019a certainement pas pers\u00e9cut\u00e9 les \u00a0<em>lanceurs d\u2019alerte\u00a0<\/em> aussi cruellement que Obama l\u2019a fait\u00a0! Est-ce que ces Dems n\u2019ont aucune honte\u00a0! \u2013 pas besoin de r\u00e9ponse, la question est seulement rh\u00e9torique.<\/span><\/p>\n<p style=\"text-align: justify;\"><span style=\"font-family: times new roman, times, serif; font-size: 14pt;\">Et, pour satisfaire compl\u00e8tement mon\u00a0sentiment\u00a0naus\u00e9eux, je viens de lire <a href=\"https:\/\/www.commentarymagazine.com\/politics-ideas\/donald-trump-did-this-to-himself-impeachment\/\">l\u2019\u00e9ditorial <\/a>de John Podhoretz <em>\u00abTrump Did This to yourself\u00bb<\/em> dans les commentaires \u2013 et oui, je lis toujours la propagande de l\u2019ennemi. Techniquement, Podhoretz a raison, bien s\u00fbr, mais pas du tout dans le sens o\u00f9 il l\u2019entend.<\/span><\/p>\n<p style=\"text-align: justify;\"><span style=\"font-family: times new roman, times, serif; font-size: 14pt;\">Je suis attrist\u00e9 par tout cela. Sur les 56 ann\u00e9es qu\u2019a compt\u00e9es ma vie jusqu\u2019ici, j\u2019en ai v\u00e9cu 20 aux \u00c9tats-Unis et j\u2019aime \u00e0 la fois sa belle nature et ses nombreuses personnes de qualit\u00e9. Ce pays <strong>m\u00e9rite tellement<\/strong> mieux\u00a0! Et je vous en prie, ne m\u2019accusez pas d\u2019\u00eatre\u00a0<em>bisounours<\/em>\u00a0sur le pass\u00e9 des \u00c9tats-Unis. J\u2019ai \u00e9crit plusieurs fois sur les maux de l\u2019imp\u00e9rialisme am\u00e9ricain, du racisme et des multiples g\u00e9nocides \u2013 dont le plus grand de l\u2019histoire, celui des Am\u00e9rindiens. Mais je suis aussi conscient de toutes les belles et nobles choses que ce jeune pays a aussi connues dans sa courte histoire. En outre, ceux qui vivent aux \u00c9tats-Unis aujourd\u2019hui ne peuvent \u00eatre bl\u00e2m\u00e9s pour le pass\u00e9 \u2013 \u00e0 moins qu\u2019ils ne le blanchissent \u00e0 la chaux, bien s\u00fbr.<\/span><\/p>\n<p style=\"text-align: justify;\"><span style=\"font-family: times new roman, times, serif; font-size: 14pt;\">Il y a \u00e0 peine 30 ans, les \u00c9tats-Unis \u00e9taient un pays totalement diff\u00e9rent. La d\u00e9claration des droits comptait toujours. Le <a href=\"https:\/\/fr.wikipedia.org\/wiki\/MASH_(film)\">film<\/a> <em>M * A * S * H<\/em> \u200b\u200ba \u00e9t\u00e9 diffus\u00e9 \u00e0 la t\u00e9l\u00e9vision sans que des hordes de minorit\u00e9s offens\u00e9es ne manifestent. Les Am\u00e9ricains ne craignaient pas la police \u2013 du moins si vous n\u2019\u00e9tiez pas Noir. Il n\u2019y avait pas d\u2019ICE <em>[police aux fronti\u00e8res]<\/em> et les coll\u00e8ges am\u00e9ricains avaient une vraie diversit\u00e9 politique. D\u2019accord, les m\u00e9dias am\u00e9ricains \u00e9taient pour la plupart de la merde, mais certains journaux <em>dissidents<\/em>\u00a0pouvaient toujours \u00eatre publi\u00e9s \u2013 de nos jours, un journaliste am\u00e9ricain est, pour reprendre les termes tr\u00e8s appropri\u00e9s d\u2019Alain Soral, soit une pute, soit un ch\u00f4meur.<\/span><\/p>\n<p style=\"text-align: justify;\"><span style=\"font-family: times new roman, times, serif; font-size: 14pt;\">Ceci, et bien plus encore, a disparu maintenant.<\/span><\/p>\n<p style=\"text-align: justify;\"><span style=\"font-family: times new roman, times, serif; font-size: 14pt;\">Si la race humaine ne se d\u00e9truit pas et si nous avons encore un avenir, les historiens \u00e9tudieront cette derni\u00e8re phase de l\u2019empire am\u00e9ricain et se demanderont qui est le plus responsable. Et si le bl\u00e2me peut \u00eatre r\u00e9parti un peu partout, je pense qu\u2019il est juste de dire que <strong>les D\u00e9mocrates ont caus\u00e9 beaucoup plus de d\u00e9g\u00e2ts \u00e0 ce pays que les R\u00e9publicains<\/strong>. Bien s\u00fbr, les\u00a0vrais coupables cach\u00e9s sont les <em>n\u00e9ocons<\/em> qui ont pris le contr\u00f4le du Parti d\u00e9mocrate, sous Carter et peut-\u00eatre m\u00eame avant, et qui ont ensuite infiltr\u00e9 le GOP, sous Reagan. Dans le cas du GOP, j\u2019\u00e9tais t\u00e9moin oculaire de la fa\u00e7on dont cela\u00a0s\u2019est pass\u00e9 dans plusieurs groupes de r\u00e9flexion \u00e0 Washington entre 1988 et 1991.<\/span><\/p>\n<p style=\"text-align: justify;\"><span style=\"font-family: times new roman, times, serif; font-size: 14pt;\">\u00c0 la seule <a href=\"https:\/\/video.foxnews.com\/v\/6089016503001\/#sp=show-clips\">exception<\/a> possible de Tulsi Gabbard, je consid\u00e8re que le Parti d\u00e9mocrate est profond\u00e9ment anti-am\u00e9ricain \u2013 d\u00e9sol\u00e9, je ne peux pas utiliser le mot <em>anti-US<\/em>, qui serait plus pr\u00e9cis mais aussi maladroit. En fait, les t\u00e9moignages des derni\u00e8res d\u00e9cennies montrent que les Dems ne se soucient que d\u2019eux-m\u00eames, de leur pouvoir, de leur argent et de leur renomm\u00e9e. Ils se moquent comme d\u2019une guigne du peuple des \u00c9tats-Unis, toute leur attention pour\u00a0les minorit\u00e9s loufoques n\u2019est\u00a0qu\u2019une arnaque. <strong>Ce sont les pires supr\u00e9matistes de ce pays \u00e0 coup s\u00fbr\u00a0!<\/strong><\/span><\/p>\n<p style=\"text-align: justify;\"><span style=\"font-family: times new roman, times, serif; font-size: 14pt;\">Je pense que toute personne qui,\u00a0pour une raison ou pour une autre,\u00a0a soutenu ce parti\u00a0dans le pass\u00e9 devrait maintenant en d\u00e9missionner, publiquement si possible.<\/span><\/p>\n<p style=\"text-align: justify;\"><span style=\"font-family: times new roman, times, serif; font-size: 14pt;\">H\u00e9las, je ne retiens pas mon souffle pour \u00e7a non plus.<\/span><\/p>\n<p style=\"text-align: justify;\"><span style=\"font-family: times new roman, times, serif; font-size: 14pt;\">C\u2019est un jour triste.<\/span><\/p>\n<p>&nbsp;<\/p>\n<h1 style=\"text-align: left;\"><span style=\"font-family: times new roman, times, serif; font-size: 14pt;\">URL de cet article\u00a0: <a href=\"http:\/\/blog.lesgrossesorchadeslesamplesthalameges.fr\/index.php\/coup-de-gueule-du-saker\/\">http:\/\/blog.lesgrossesorchadeslesamplesthalameges.fr\/index.php\/coup-de-gueule-du-saker\/<\/a><br \/>\n<\/span><\/h1>\n<p><span style=\"font-family: times new roman, times, serif; font-size: 14pt;\">Source\u00a0: <a href=\"https:\/\/lesakerfrancophone.fr\/coup-de-gueule-du-saker-us\">https:\/\/lesakerfrancophone.fr\/coup-de-gueule-du-saker-us<\/a><\/span><\/p>\n<p>&nbsp;<\/p>\n<p>&nbsp;<\/p>\n<p style=\"text-align: center;\"><a href=\"http:\/\/blog.lesgrossesorchadeslesamplesthalameges.fr\/wp-content\/uploads\/2019\/10\/000.-faucille-marteau.gif\"><img loading=\"lazy\" class=\"alignnone size-full wp-image-6782\" src=\"http:\/\/blog.lesgrossesorchadeslesamplesthalameges.fr\/wp-content\/uploads\/2019\/10\/000.-faucille-marteau.gif\" alt=\"\" width=\"41\" height=\"36\" \/><\/a><\/p>\n<p>&nbsp;<\/p>\n<p>&nbsp;<\/p>\n<p style=\"text-align: right;\">Octobre 2019<\/p>\n<p>&nbsp;<\/p>\n<p>&nbsp;<\/p>\n","protected":false},"excerpt":{"rendered":"<p>&nbsp; &nbsp; &nbsp; &nbsp; &nbsp; &nbsp; Coup de gueule du Saker &nbsp; \u2026 en r\u00e9action \u00e0 la tentative des D\u00e9mocrates de destituer Trump &nbsp; The Saker.is \u2013 24.9.2019 Traduction\u00a0: Le Saker francophone &nbsp; &nbsp; &nbsp; &nbsp; Je pense que la plupart des lecteurs savent que je ne suis pas un fan de Trump ou du&#8230;<\/p>\n","protected":false},"author":1,"featured_media":0,"parent":0,"menu_order":0,"comment_status":"open","ping_status":"open","template":"","meta":[],"_links":{"self":[{"href":"https:\/\/blog.lesgrossesorchadeslesamplesthalameges.fr\/index.php\/wp-json\/wp\/v2\/pages\/6849"}],"collection":[{"href":"https:\/\/blog.lesgrossesorchadeslesamplesthalameges.fr\/index.php\/wp-json\/wp\/v2\/pages"}],"about":[{"href":"https:\/\/blog.lesgrossesorchadeslesamplesthalameges.fr\/index.php\/wp-json\/wp\/v2\/types\/page"}],"author":[{"embeddable":true,"href":"https:\/\/blog.lesgrossesorchadeslesamplesthalameges.fr\/index.php\/wp-json\/wp\/v2\/users\/1"}],"replies":[{"embeddable":true,"href":"https:\/\/blog.lesgrossesorchadeslesamplesthalameges.fr\/index.php\/wp-json\/wp\/v2\/comments?post=6849"}],"version-history":[{"count":0,"href":"https:\/\/blog.lesgrossesorchadeslesamplesthalameges.fr\/index.php\/wp-json\/wp\/v2\/pages\/6849\/revisions"}],"wp:attachment":[{"href":"https:\/\/blog.lesgrossesorchadeslesamplesthalameges.fr\/index.php\/wp-json\/wp\/v2\/media?parent=6849"}],"curies":[{"name":"wp","href":"https:\/\/api.w.org\/{rel}","templated":true}]}}