{"id":7047,"date":"2019-10-21T16:03:12","date_gmt":"2019-10-21T14:03:12","guid":{"rendered":"http:\/\/blog.lesgrossesorchadeslesamplesthalameges.fr\/?page_id=7047"},"modified":"2019-10-21T16:04:21","modified_gmt":"2019-10-21T14:04:21","slug":"manbij-liberee","status":"publish","type":"page","link":"https:\/\/blog.lesgrossesorchadeslesamplesthalameges.fr\/index.php\/manbij-liberee\/","title":{"rendered":"Manbij lib\u00e9r\u00e9e&#8230;"},"content":{"rendered":"<p>&nbsp;<\/p>\n<p>&nbsp;<\/p>\n<p>&nbsp;<\/p>\n<p>&nbsp;<\/p>\n<p>&nbsp;<\/p>\n<p>&nbsp;<\/p>\n<p style=\"text-align: center;\"><strong><span style=\"font-family: times new roman, times, serif; font-size: 36pt;\">Manbij lib\u00e9r\u00e9e par l&rsquo;Arm\u00e9e Syrienne.<\/span><\/strong><\/p>\n<p style=\"text-align: center;\"><strong><span style=\"font-family: times new roman, times, serif; font-size: 36pt;\">La patience russe l\u00e9tale pour les ambitions turques.<\/span><\/strong><\/p>\n<p style=\"text-align: center;\"><strong><span style=\"font-family: times new roman, times, serif; font-size: 36pt;\">Les Kurdes coop\u00e8rent \u00e0 contrecoeur.<\/span><\/strong><\/p>\n<p>&nbsp;<\/p>\n<p style=\"text-align: center;\"><strong><span style=\"font-family: times new roman, times, serif; font-size: 18pt;\">Ziad Fadel\u00a0 &#8211; Syrian Perspective &#8211; 18.10.2019<\/span><\/strong><\/p>\n<p>&nbsp;<\/p>\n<p>&nbsp;<\/p>\n<p>&nbsp;<\/p>\n<p style=\"text-align: center;\"><a href=\"http:\/\/blog.lesgrossesorchadeslesamplesthalameges.fr\/wp-content\/uploads\/2019\/10\/Arm\u00e9e-Syrienne-Manby.jpg\"><img loading=\"lazy\" class=\"alignnone wp-image-7009\" src=\"http:\/\/blog.lesgrossesorchadeslesamplesthalameges.fr\/wp-content\/uploads\/2019\/10\/Arm\u00e9e-Syrienne-Manby-300x200.jpg\" alt=\"\" width=\"650\" height=\"433\" srcset=\"https:\/\/blog.lesgrossesorchadeslesamplesthalameges.fr\/wp-content\/uploads\/2019\/10\/Arm\u00e9e-Syrienne-Manby-300x200.jpg 300w, https:\/\/blog.lesgrossesorchadeslesamplesthalameges.fr\/wp-content\/uploads\/2019\/10\/Arm\u00e9e-Syrienne-Manby-768x512.jpg 768w, https:\/\/blog.lesgrossesorchadeslesamplesthalameges.fr\/wp-content\/uploads\/2019\/10\/Arm\u00e9e-Syrienne-Manby-1024x683.jpg 1024w, https:\/\/blog.lesgrossesorchadeslesamplesthalameges.fr\/wp-content\/uploads\/2019\/10\/Arm\u00e9e-Syrienne-Manby.jpg 1200w\" sizes=\"(max-width: 650px) 100vw, 650px\" \/><\/a><\/p>\n<p style=\"text-align: center;\"><span style=\"font-family: times new roman, times, serif; font-size: 12pt;\"><strong><em>Des soldats syriens posent pour une photo en-dehors de Manbij, tandis que la victoire se\u00a0\u00a0 profile sans pertes humaines.<\/em><\/strong><\/span><\/p>\n<p>&nbsp;<\/p>\n<p style=\"text-align: center;\"><span style=\"font-family: times new roman, times, serif; font-size: 14pt;\"><strong><em>\u00a0<\/em><\/strong><\/span><\/p>\n<p style=\"text-align: justify;\"><span style=\"font-family: times new roman, times, serif; font-size: 14pt;\">Il a fallu deux bouffons comme Erdogan et Trump pour faire de la journ\u00e9e d\u2019aujourd\u2019hui une des plus plaisantes pour le Dr Assad. D\u2019abord, les Turcs ont envahi le nord-est de la Syrie, ostensiblement\u00a0 pour bloquer la formation d\u2019une esp\u00e8ce d\u2019enclave kurde bricol\u00e9e pour ressembler aux enjeux de marchandage habituels des USA quand ils voulaient essayer d\u2019imposer des \u00e9lections de leur cru au gouvernement syrien.<\/span><\/p>\n<p style=\"text-align: justify;\"><span style=\"font-family: times new roman, times, serif; font-size: 14pt;\">Ce que les Am\u00e9ricains n\u2019ont jamais su et toujours tu, c\u2019est le fait inconfortable que le Dr Assad est follement populaire et aurait pu battre n\u2019importe quel candidat maquereaut\u00e9 par les USA. Le stratag\u00e8me des \u00e9lections aurait \u00e9t\u00e9 un \u00e9chec s\u2019il s\u2019\u00e9tait concr\u00e9tis\u00e9.<\/span><\/p>\n<p style=\"text-align: justify;\"><span style=\"font-family: times new roman, times, serif; font-size: 14pt;\">Trump, confront\u00e9 \u00e0 un ostracisme sans pr\u00e9c\u00e9dent par son propre parti, a envoy\u00e9 ses \u00e9vang\u00e9lisateurs pr\u00e9f\u00e9r\u00e9s \u00e0 Erdogan, dans l\u2019espoir que l\u2019enquiquineur Turc pourrait \u00eatre persuad\u00e9 d\u2019arr\u00eater son invasion ill\u00e9gale de la Syrie, sous peine d\u2019avoir \u00e0 s\u2019expliquer avec les habituelles sanctions casse-pieds yankees. Pence et Pompeo, catholiques r\u00e9g\u00e9n\u00e9r\u00e9s recycl\u00e9s en \u00e9vang\u00e9lisateurs, ont annonc\u00e9 qu\u2019ils avaient r\u00e9ussi \u00e0 convaincre le Sultan de stopper son incursion pour cinq minables petits jours. Les Turcs ont r\u00e9pondu en d\u00e9clarant une \u00ab\u00a0pause\u00a0\u00bb dans les combats. Les Am\u00e9ricains ont annonc\u00e9 un \u00ab\u00a0cessez-le-feu\u00a0\u00bb.<\/span><\/p>\n<p style=\"text-align: justify;\"><span style=\"font-family: times new roman, times, serif; font-size: 14pt;\">Simultan\u00e9ment les Am\u00e9ricains truandent pour amener les Kurdes \u00e0 s\u2019\u00e9loigner de la fronti\u00e8re turque jusqu\u2019\u00e0 cr\u00e9er une zone de s\u00e9curit\u00e9 d\u2019une trentaine de kilom\u00e8tres de profondeur, o\u00f9 Ankara puisse se d\u00e9barrasser des r\u00e9fugi\u00e9s syriens \u2013 tous les 3,5 millions ! La Turquie veut qu\u2019on lui garantisse que les Kurdes ne reviendront pas, comme si la cr\u00e9ation d\u2019une enclave remplie de 3,5 millions de sunnites syriens n\u2019offrirait pas un parfait corridor aux Kurdes pour r\u00e9attaquer l\u2019Anatolie. Mais, vous savez, braves gens, moi, je n\u2019ai rien \u00e0 voir dans cette id\u00e9e d\u00e9bile.<\/span><\/p>\n<p style=\"text-align: justify;\"><span style=\"font-family: times new roman, times, serif; font-size: 14pt;\">Pendant que ce tohu-bohu se d\u00e9roule, l\u2019Arm\u00e9e Arabe Syrienne a repris Manbij, o\u00f9 elle a aussit\u00f4t \u00e9tabli une pr\u00e9sence l\u00e9gale et apport\u00e9 des m\u00e9dicaments et des denr\u00e9es de premi\u00e8re n\u00e9cessit\u00e9 \u00e0 une population affam\u00e9e presque \u00e0 mort par les nuls am\u00e9ricains. Et la Syrie a \u00e9t\u00e9 capable d\u2019accomplir tout cela en se contentant d\u2019attendre la bonne convergence des \u00e9v\u00e9nements. \u00c0 Al-Raqqa, une \u00e9norme manifestation de Syriens loyaux a r\u00e9clam\u00e9 une \u00e9radication de toute influence kurde ou turque. Les Kurdes, pendant ce temps-l\u00e0, essaient de \u00ab\u00a0n\u00e9gocier\u00a0\u00bb un petit bout d\u2019autonomie, apr\u00e8s avoir trahi l\u2019arm\u00e9e, le drapeau et le peuple syriens. D\u2019apr\u00e8s mes sources, le Dr A1ssad commence \u00e0 \u00eatre fatigu\u00e9 de leur r\u00e9pondre \u00ab\u00a0non\u00a0\u00bb.<\/span><\/p>\n<p style=\"text-align: justify;\"><span style=\"font-family: times new roman, times, serif; font-size: 14pt;\">Avec les Kurdes obs\u00e9d\u00e9s par leur survie \u00e0 la perspective d\u2019un assaut brutal des turco-sunnites syriens, l\u2019Iran s\u2019en donne \u00e0 c\u0153ur-joie, c\u2019est-\u00e0-dire envoie de vastes quantit\u00e9s de petits cadeaux \u00e0 ses alli\u00e9s pr\u00e9f\u00e9r\u00e9s. Et, avec toutes les turbulences actuelles au Liban, la chose leur devient d\u2019autant plus facile. Vous remarquerez aussi que la force a\u00e9rienne sioniste n\u2019envoie pas de drones ni d\u2019intercepteurs au-dessus de la Syrie, pour bloquer les convois iraniens. Elle ne peut pas, parce que Poutine a averti Mileikowski [<em>Netanyahou, ndt<\/em>] de la mise en train d\u2019une nouvelle politique a\u00e9rienne. Mais Mileikowski a bien plus \u00e0 redouter en ce moment que les cargaisons iraniennes envoy\u00e9es au Hezbollah. Il a du souci \u00e0 se faire pour sa propre peau.<\/span><\/p>\n<p style=\"text-align: justify;\"><span style=\"font-family: times new roman, times, serif; font-size: 14pt;\">Entr\u00e9e en piste de Jared Kushner, z\u00e9lote sioniste favori et beau-fils de Trump, mari\u00e9 \u00e0 sa <em>shiksa<\/em> de fille, Ivanka. Il conduit une autre d\u00e9l\u00e9gation am\u00e9ricaine dans l\u2019\u00e9tat d\u2019apartheid sioniste, pour voir s\u2019il ne pourrait pas r\u00e9tr\u00e9cir le foss\u00e9 qui divise les deux candidats concurrents au poste de Premier ministre. Vous comprenez, Trump a cette histoire d\u2019amour avec Mileikowski et veut qu\u2019il reste au pouvoir. C\u2019est le m\u00eame lien amoureux qu\u2019il a avec Kim Jong Un, Erdogan, Duterte, Bolsonaro,\u2026 et la liste n\u2019en finit pas de s\u2019allonger. Mais Trump a ses propres probl\u00e8mes \u00e0 r\u00e9gler. Comme Mileikowski, il a de plus en plus l\u2019air de l\u2019oie bless\u00e9e, en route vers la casserole proverbiale.<\/span><\/p>\n<p style=\"text-align: justify;\"><span style=\"font-family: times new roman, times, serif; font-size: 14pt;\">\u00c0 pr\u00e9sent, le Dr Assad doit d\u00e9cider quand frapper les Turcs pour les bouter hors de Syrie. De notori\u00e9t\u00e9 publique, la Turquie a une arm\u00e9e puissante. Elle aurait une arm\u00e9e puissante si Erdogan n\u2019avait pas destitu\u00e9 tous ses officiers. Si les apparences signifient quelque chose, les Turcs se cachent derri\u00e8re la non-existante Arm\u00e9e Syrienne Libre. Vous vous souvenez d\u2019eux\u00a0?<\/span><\/p>\n<p style=\"text-align: justify;\"><span style=\"font-family: times new roman, times, serif; font-size: 14pt;\">Tout compte fait, les choses s\u2019arrangent plut\u00f4t bien, maintenant que les \u00c9tats-Unis ob\u00e9issent aux lois internationales en se retirant de Syrie. Certains d\u2019entre vous pourraient avoir remarqu\u00e9 que les MSM <em>[\u00ab\u00a0merdias\u00a0\u00bb,ndt<\/em>] deviennent hyst\u00e9riques. Mais, cette fois, ce n\u2019est plus \u00e0 propos du gouvernement syrien. C\u2019est \u00e0 propos du merveilleux alli\u00e9 turc des USA.<\/span><\/p>\n<p>&nbsp;<\/p>\n<p style=\"text-align: left;\"><span style=\"font-family: times new roman, times, serif; font-size: 14pt;\">Source\u00a0: <a href=\"https:\/\/www.syrianperspective.com\/2019\/10\/manbij-liberated-by-syrian-army.html\">https:\/\/www.syrianperspective.com\/2019\/10\/manbij-liberated-by-syrian-army.html<\/a><\/span><\/p>\n<p style=\"text-align: justify;\"><span style=\"font-family: times new roman, times, serif; font-size: 14pt;\"><strong>URL de cet article\u00a0: <\/strong><a href=\"http:\/\/blog.lesgrossesorchadeslesamplesthalameges.fr\/index.php\/manbij-liberee\/\">http:\/\/blog.lesgrossesorchadeslesamplesthalameges.fr\/index.php\/manbij-liberee\/<\/a><strong><br \/>\n<\/strong><\/span><\/p>\n<p style=\"text-align: right;\"><span style=\"font-family: times new roman, times, serif; font-size: 14pt;\">Traduction\u00a0: c.l. pour Les Grosses Orchades<\/span><\/p>\n<p style=\"text-align: justify;\"><strong><em>\u00a0<\/em><\/strong><\/p>\n<p>&nbsp;<\/p>\n<p>&nbsp;<\/p>\n<p style=\"text-align: center;\"><a href=\"http:\/\/blog.lesgrossesorchadeslesamplesthalameges.fr\/wp-content\/uploads\/2019\/10\/2.-Syrian_armed_forces_symbol-x-1.gif\"><img loading=\"lazy\" class=\"alignnone size-full wp-image-7040\" src=\"http:\/\/blog.lesgrossesorchadeslesamplesthalameges.fr\/wp-content\/uploads\/2019\/10\/2.-Syrian_armed_forces_symbol-x-1.gif\" alt=\"\" width=\"98\" height=\"90\" \/><\/a><\/p>\n<p>&nbsp;<\/p>\n<p>&nbsp;<\/p>\n<p style=\"text-align: right;\"><span style=\"font-family: comic sans ms, sans-serif; font-size: 14pt;\">Octobre 2019<\/span><\/p>\n<p>&nbsp;<\/p>\n<p>&nbsp;<\/p>\n","protected":false},"excerpt":{"rendered":"<p>&nbsp; &nbsp; &nbsp; &nbsp; &nbsp; &nbsp; Manbij lib\u00e9r\u00e9e par l&rsquo;Arm\u00e9e Syrienne. La patience russe l\u00e9tale pour les ambitions turques. Les Kurdes coop\u00e8rent \u00e0 contrecoeur. &nbsp; Ziad Fadel\u00a0 &#8211; Syrian Perspective &#8211; 18.10.2019 &nbsp; &nbsp; &nbsp; Des soldats syriens posent pour une photo en-dehors de Manbij, tandis que la victoire se\u00a0\u00a0 profile sans pertes humaines. &nbsp;&#8230;<\/p>\n","protected":false},"author":1,"featured_media":0,"parent":0,"menu_order":0,"comment_status":"open","ping_status":"open","template":"","meta":[],"_links":{"self":[{"href":"https:\/\/blog.lesgrossesorchadeslesamplesthalameges.fr\/index.php\/wp-json\/wp\/v2\/pages\/7047"}],"collection":[{"href":"https:\/\/blog.lesgrossesorchadeslesamplesthalameges.fr\/index.php\/wp-json\/wp\/v2\/pages"}],"about":[{"href":"https:\/\/blog.lesgrossesorchadeslesamplesthalameges.fr\/index.php\/wp-json\/wp\/v2\/types\/page"}],"author":[{"embeddable":true,"href":"https:\/\/blog.lesgrossesorchadeslesamplesthalameges.fr\/index.php\/wp-json\/wp\/v2\/users\/1"}],"replies":[{"embeddable":true,"href":"https:\/\/blog.lesgrossesorchadeslesamplesthalameges.fr\/index.php\/wp-json\/wp\/v2\/comments?post=7047"}],"version-history":[{"count":0,"href":"https:\/\/blog.lesgrossesorchadeslesamplesthalameges.fr\/index.php\/wp-json\/wp\/v2\/pages\/7047\/revisions"}],"wp:attachment":[{"href":"https:\/\/blog.lesgrossesorchadeslesamplesthalameges.fr\/index.php\/wp-json\/wp\/v2\/media?parent=7047"}],"curies":[{"name":"wp","href":"https:\/\/api.w.org\/{rel}","templated":true}]}}