{"id":705,"date":"2018-11-18T19:54:20","date_gmt":"2018-11-18T18:54:20","guid":{"rendered":"http:\/\/blog.lesgrossesorchadeslesamplesthalameges.fr\/?page_id=705"},"modified":"2018-11-19T10:03:37","modified_gmt":"2018-11-19T09:03:37","slug":"congres-de-criminels-sous-larc-de-triomphe","status":"publish","type":"page","link":"https:\/\/blog.lesgrossesorchadeslesamplesthalameges.fr\/index.php\/congres-de-criminels-sous-larc-de-triomphe\/","title":{"rendered":"Congr\u00e8s de criminels sous l&rsquo;Arc de Triomphe"},"content":{"rendered":"<p>&nbsp;<\/p>\n<p>&nbsp;<\/p>\n<p>&nbsp;<\/p>\n<p>&nbsp;<\/p>\n<p style=\"text-align: center;\"><span style=\"font-family: times new roman, times, serif; font-size: 36pt;\"><strong>Ouvrez le ban\u00a0: congr\u00e8s de criminels sous l\u2019Arc de triomphe.<\/strong><\/span><\/p>\n<p style=\"text-align: center;\"><span style=\"font-family: times new roman, times, serif; font-size: 18pt;\"><strong>Jacques-Marie BOURGET \u2013 <em>Le Grand Soir<\/em><\/strong> \u2013 17.11.2018<\/span><\/p>\n<p>&nbsp;<\/p>\n<p style=\"text-align: center;\"><img loading=\"lazy\" class=\"alignnone wp-image-706\" src=\"http:\/\/blog.lesgrossesorchadeslesamplesthalameges.fr\/wp-content\/uploads\/2018\/11\/CONGR\u00c8S-DE-CRIMINELS-1-300x169.jpg\" alt=\"\" width=\"500\" height=\"281\" srcset=\"https:\/\/blog.lesgrossesorchadeslesamplesthalameges.fr\/wp-content\/uploads\/2018\/11\/CONGR\u00c8S-DE-CRIMINELS-1-300x169.jpg 300w, https:\/\/blog.lesgrossesorchadeslesamplesthalameges.fr\/wp-content\/uploads\/2018\/11\/CONGR\u00c8S-DE-CRIMINELS-1.jpg 350w\" sizes=\"(max-width: 500px) 100vw, 500px\" \/><\/p>\n<p>&nbsp;<\/p>\n<p style=\"text-align: justify;\"><span style=\"font-family: times new roman, times, serif; font-size: 14pt; color: #000000;\">\u00ab\u00a0Certes, en fin de carri\u00e8re avec son club Paris St Germain, P\u00e9tain a marqu\u00e9 bien trop de buts contre son camp. Mais, pour la partie jou\u00e9e \u00e0 Verdun, quel as\u00a0!\u00a0\u00bb. C\u2019est ce que j\u2019ai compris du commentaire pr\u00e9sidentiel, livr\u00e9 lors de l\u2019interminable procession de Macron sur le front national. Apr\u00e8s de telles louanges honteuses, il a bien fallu contrer, se battre, colmater les br\u00e8ches de l\u2019histoire, comme les sacs de sables \u00e9cartent la crue. \u00c7a prend du temps, \u00e7a \u00e9loigne l\u2019attention et c\u2019est fatigant. R\u00e9sultat, aujourd\u2019hui le souvenir du Mar\u00e9chal me voit las.<\/span><\/p>\n<p style=\"text-align: justify;\"><span style=\"font-family: times new roman, times, serif; font-size: 14pt; color: #000000;\">Et pourtant, pendant ces comm\u00e9morations nous en avons vu d\u00e9filer des monstres. Qui ont \u00e9t\u00e9 l\u00e9ch\u00e9s, embrass\u00e9s, caress\u00e9s, f\u00e9licit\u00e9s comme des vainqueurs du Tour de France. La priorit\u00e9 allant au scandale n\u00e9 de la r\u00e9habilitation d\u2019un total salaud, l\u2019urgence nous a laiss\u00e9 \u00e9chapper de beaux sp\u00e9cimens de criminels, \u00ab\u00a0contre l\u2019humanit\u00e9\u00a0\u00bb ou \u00ab\u00a0de guerre\u00a0\u00bb. Comme on veut, c\u2019est \u00e0 la carte. Celle du monde. L\u2019Arc \u00e9tait donc le triomphe du travail de bourreau. Et un soldat inconnu ventriloque aurait pu, depuis la tombe, lancer \u00e0 l\u2019intention des ma\u00eetres et ex-ma\u00eetres de monde (Hollande \u00e9tant absent pour cause de patinoire, Obama au golf et des deux Clinton \u00e0 la banque)\u00a0: \u00ab\u00a0je suis le mort inconnu libyen, syrien, afghan, malien, y\u00e9m\u00e9nite.\u00a0\u00bb La liste reste ouverte. Sans doute pas totalement fier de cette assembl\u00e9e sanglante, l\u2019Elys\u00e9e a peu \u00ab\u00a0communiqu\u00e9\u00a0\u00bb sur la liste des excellences, celles qui pourvoient les petits cimeti\u00e8res sans lune, mais avec croissants.<\/span><\/p>\n<p style=\"text-align: justify;\"><span style=\"font-family: times new roman, times, serif; font-size: 14pt; color: #000000;\">Devant l\u2019\u00e9cran de t\u00e9l\u00e9vision, c\u2019est comme au ball trap que j\u2019ai tent\u00e9 de noter quelques assassins plus assassins que les autres. Avant de citer quelques re\u00eetres et sicaires majeurs, je souhaite parler d\u2019un autre crime, celui-ci (encore) contre l\u2019histoire. Quand on connait les r\u00e8gles de la symbolique diplomatique, on sait que le chef d\u2019\u00e9tat du Zanzibar occidental doit s\u2019asseoir au fauteuil 3, alors que le ma\u00eetre du Zanzibar oriental, lui, ne vaut pas mieux que la chaise 52, si ce n\u2019est l\u2019\u00e9lectrique. Il suffit qu\u2019il ait envoy\u00e9 une carte de bonne ann\u00e9e \u00e0 Poutine pour m\u00e9riter le placard \u00e0 balais. Et l\u00e0, sous l\u2019Arc, le scandale a \u00e9t\u00e9 que Hashim Tha\u00e7i, le mafieux qui se pr\u00e9sente comme le \u00ab\u00a0pr\u00e9sident\u00a0\u00bb d\u2019un \u00e9tat qui n\u2019existe pas, le Kosovo, a \u00e9t\u00e9 assis directement dans les effluves du V\u00e9tiver d\u2019Angela Merkel. Un poil plus et il \u00e9tait au premier rang. Dommage que Pol Pot nous ait quitt\u00e9 pr\u00e9matur\u00e9ment, ici il aurait \u00e9t\u00e9 assis sur la flamme.<\/span><\/p>\n<p style=\"text-align: justify;\"><span style=\"font-family: times new roman, times, serif; font-size: 14pt; color: #000000;\">En revanche Aleksander Vuvic lui, le gar\u00e7on qui pr\u00e9side la Serbie, a \u00e9t\u00e9 rejet\u00e9 \u00e0 deux pas de la dame pipi. Poli, ce pr\u00e9sident d\u2019un vrai \u00e9tat, alli\u00e9 historique de la France, n\u2019a pas protest\u00e9. Pas m\u00eame d\u2019un propos acerbe. Je l\u2019ai d\u00e9j\u00e0 \u00e9crit, j\u2019aime Macron car il a un c\u00f4t\u00e9 Trump, c\u2019est un petit prince de l\u2019invention (rappelons que l\u2019excellent Donald, lors d\u2019une r\u00e9ception, vient de confondre les Balkans et les Etats Baltes). Avec lui pas besoin de faire gaffe, il la fait pour vous. S\u2019il est en manque, Benjamin Griveaux qui confond l\u2019h\u00e9ro\u00efque Marc Bloch avec l\u2019\u00e9pouvantable Charles Maurras, prendra le relai. Ainsi donc, Aleksandar Vucic a \u00e9t\u00e9 mis au coin.<\/span><\/p>\n<p style=\"text-align: justify;\"><span style=\"font-family: times new roman, times, serif; font-size: 14pt; color: #000000;\">Si l\u2019histoire avait eu un \u00ab\u00a0laisser passer\u00a0\u00bb l\u2019autorisant \u00e0 entrer \u00e0 l\u2019Elys\u00e9e, les petits Griveaux qui peuplent le Palais sauraient que, pendant la \u00ab\u00a0grande\u00a0\u00bb guerre, les Serbes ont perdu 130 000 soldats pour d\u00e9fendre la France, et que 135 000 autres ont \u00e9t\u00e9 bless\u00e9s. Comme la Serbie n\u2019est pas l\u2019Am\u00e9rique, le taux de ces victimes repr\u00e9sente 37% des militaires engag\u00e9s, le double de ce dont l\u2019arm\u00e9e fran\u00e7aise a souffert. Mais le mafieux criminel Tha\u00e7i \u00e9tant un prot\u00e9g\u00e9 de Kouchner, il \u00e9tait normal qu\u2019on l\u2019install\u00e2t sur un tr\u00f4ne.<\/span><\/p>\n<p style=\"text-align: justify;\"><span style=\"font-family: times new roman, times, serif; font-size: 14pt; color: #000000;\">A ce point de d\u00e9sespoir et de fatigue, de suffocation face \u00e0 l\u2019ignorance, je passe le relai \u00e0 mes amis de Wikip\u00e9dia, qui vont vous r\u00e9sumer l\u2019h\u00e9ro\u00efque \u00ab\u00a0pr\u00e9sident\u00a0\u00bb du Kosovo\u00a0:<\/span><\/p>\n<p style=\"text-align: justify;\"><span style=\"font-family: times new roman, times, serif; font-size: 14pt; color: #000000;\">\u00ab\u00a0Hashim Tha\u00e7i a \u00e9t\u00e9 accus\u00e9 d\u2019avoir financ\u00e9 les activit\u00e9s de l\u2019UCK en participant \u00e0 un trafic d\u2019h\u00e9ro\u00efne et de coca\u00efne \u00e0 destination de l\u2019Europe de l\u2019Ouest.<\/span><\/p>\n<p style=\"text-align: justify;\"><span style=\"font-family: times new roman, times, serif; font-size: 14pt; color: #000000;\">En juin 2003, il est bri\u00e8vement arr\u00eat\u00e9 \u00e0 l\u2019a\u00e9roport de Budapest, sur la base d\u2019un mandat d\u2019arr\u00eat international lanc\u00e9 par Belgrade, puis lib\u00e9r\u00e9 apr\u00e8s une intervention du minist\u00e8re des Affaires \u00e9trang\u00e8res fran\u00e7ais.<\/span><\/p>\n<p style=\"text-align: justify;\"><span style=\"font-family: times new roman, times, serif; font-size: 14pt; color: #000000;\">Selon un projet de rapport r\u00e9dig\u00e9 par Dick Marty, membre de la commission des questions juridiques et des droits de l\u2019Homme de l\u2019Assembl\u00e9e parlementaire du Conseil de l\u2019Europe, publi\u00e9 le 12 d\u00e9cembre 2010, il aurait \u00e9t\u00e9 impliqu\u00e9 \u00e0 cette \u00e9poque dans un trafic d\u2019organes pr\u00e9lev\u00e9s sur des prisonniers serbes. Ceux-ci \u00e9taient gard\u00e9s dans des camps sp\u00e9ciaux par une organisation appel\u00e9e Groupe de Drenica et tu\u00e9s pour que leurs organes soient pr\u00e9lev\u00e9s et vendus sur un march\u00e9 noir international. Bien qu\u2019on ait avanc\u00e9 que ce projet de rapport ne serait examin\u00e9 en s\u00e9ance pl\u00e9ni\u00e8re qu\u2019\u00e0 la fin du mois de janvier 2011, il a \u00e9t\u00e9 adopt\u00e9 par le Conseil de l\u2019Europe d\u00e8s le 26 d\u00e9cembre 2010. Le rapport est s\u00e9v\u00e8re pour les Nations unies et l\u2019Union europ\u00e9enne qui \u00ab\u00a0n\u2019ont pas estim\u00e9 n\u00e9cessaire de proc\u00e9der \u00e0 un examen approfondi\u00a0\u00bb de ces faits \u00ab\u00a0en d\u00e9pit des indices concrets au sujet de tels trafics au d\u00e9but de la d\u00e9cennie\u00a0\u00bb.<\/span><\/p>\n<p style=\"text-align: justify;\"><span style=\"font-family: times new roman, times, serif; font-size: 14pt; color: #000000;\">Carla Del Ponte, l\u2019ex-procureur du Tribunal p\u00e9nal international de La Haye, l\u2019a \u00e9galement accus\u00e9, dans un livre publi\u00e9 en 2008 chez Feltrinelli, de s\u2019\u00eatre livr\u00e9 \u00e0 des activit\u00e9s mafieuses, en particulier pour son implication dans un trafic international d\u2019organes pr\u00e9lev\u00e9s \u00e0 des Serbes d\u00e9port\u00e9s et tu\u00e9s. Le minist\u00e8re des Affaires \u00e9trang\u00e8res suisse (DFAE), dont d\u00e9pend actuellement Carla Del Ponte, ambassadrice \u00e0 Buenos Aires, s\u2019est distanc\u00e9 de ces accusations, ainsi que madame Florence Hartman, ancien porte-parole de madame Del Ponte, qui a ainsi fustig\u00e9 dans de nombreuses interviews \u00ab\u00a0l\u2019irresponsabilit\u00e9\u00a0\u00bb de l\u2019ancienne procureur, qui pr\u00e9senterait \u00ab\u00a0comme des faits av\u00e9r\u00e9s de simples hypoth\u00e8ses\u00a0\u00bb tandis que l\u2019organisation Human Rights Watch les a jug\u00e9es \u00ab\u00a0cr\u00e9dibles\u00a0\u00bb. Lorsqu\u2019il \u00e9tait ministre des Affaires \u00e9trang\u00e8res, Bernard Kouchner avait trait\u00e9 d\u2019\u00ab\u00a0imb\u00e9ciles\u00a0\u00bb et de \u00ab\u00a0criminels\u00a0\u00bb les journalistes qui parlaient des pr\u00e9l\u00e8vements d\u2019organes pratiqu\u00e9s sous l\u2019\u00e9gide de Tha\u00e7i. En 2010, ces accusations ont \u00e9t\u00e9 reconnues comme vraisemblables, notamment par le Conseil de l\u2019Europe, et par l\u2019OTAN. Une enqu\u00eate men\u00e9e en parall\u00e8le par la justice serbe, estime le nombre de victimes \u00e0 plusieurs centaines. La r\u00e9solution adopt\u00e9e \u00e0 l\u2019unanimit\u00e9 par la Commission de l\u2019Assembl\u00e9e parlementaire du Conseil de l\u2019Europe demande justement que des enqu\u00eates soient diligent\u00e9es pour \u00e9tablir les preuves de ce trafic d\u2019organes.<\/span><\/p>\n<p style=\"text-align: justify;\"><span style=\"font-family: times new roman, times, serif; font-size: 14pt; color: #000000;\">Tha\u00e7i pourrait \u00eatre inculp\u00e9 par un tribunal sp\u00e9cial bas\u00e9 \u00e0 La Haye (Pays-Bas) mais de droit kosovar, charg\u00e9 des crimes commis par la gu\u00e9rilla albanaise au Kosovo, dont il fut l\u2019un des commandants\u00a0\u00bb.<\/span><\/p>\n<p style=\"text-align: justify;\"><span style=\"font-family: times new roman, times, serif; font-size: 14pt; color: #000000;\">Cette punition, c\u2019est bien fait pour Aleksandar. Il n\u2019a rien compris aux nouveaux crit\u00e8res des relations internationales\u00a0: les stars et la pipolisation. Lui Vusic, il lui suffisait de d\u00e9clarer forfait et d\u2019envoyer le magnifique Novak Djokovic \u00e0 sa place\u00a0: on l\u2019aurait assis sur les genoux de Brigitte.<\/span><\/p>\n<p style=\"text-align: justify;\"><span style=\"font-family: times new roman, times, serif; font-size: 14pt; color: #000000;\">Au sujet des autres assassins, rep\u00e9r\u00e9s en vitesse, je ferai cr\u00e9dit \u00e0 Idriss D\u00e9by. Il a du p\u00e9trole et c\u2019est un agent de la DGSE, donc un ex\u00e9cuteur \u00e0 nous. Mais attardons nous sur un autre type vraiment sympa, que Macron a embrass\u00e9, un expert en morts inconnus, il se nomme Sassou-Nguesso&#8230; Certains affirment qu\u2019il est pr\u00e9sident du Congo\u00a0? N\u2019ayant pas de temps \u00e0 perde avec les sanguinaires (il faut vite stopper l\u2019h\u00e9morragie), je ne vous livre, cette fois, que quelques lignes emprunt\u00e9es \u00e0 l\u2019OBS\u00a0:<\/span><\/p>\n<p style=\"text-align: justify;\"><span style=\"font-family: times new roman, times, serif; font-size: 14pt; color: #000000;\">\u00ab\u00a0C\u2019est en lisant le journal, le 15 septembre dernier, dans son modeste pavillon de Bessancourt dans le Val-d\u2019Oise, que Ferdinand Mbaou a appris qu\u2019on voulait de nouveau l\u2019assassiner. Deux hommes, deux anciens de la DGSE, les services ext\u00e9rieurs fran\u00e7ais, de son \u00ab\u00a0service Action\u00a0\u00bb, notamment charg\u00e9 des op\u00e9rations \u00ab\u00a0homos\u00a0\u00bb, avaient \u00e9t\u00e9 mis en examen le 12 septembre \u00e0 Lyon.<\/span><\/p>\n<p style=\"text-align: justify;\"><span style=\"font-family: times new roman, times, serif; font-size: 14pt; color: #000000;\">Ils sont soup\u00e7onn\u00e9s d\u2019avoir foment\u00e9 une nouvelle tentative d\u2019assassinat, en France, contre ce pro\u00e9minent opposant au r\u00e9gime du sulfureux pr\u00e9sident du Congo-Brazzaville, Denis Sassou-Nguesso. Le g\u00e9n\u00e9ral Mbaou fut le chef de la garde pr\u00e9sidentielle, et bri\u00e8vement le chef d\u2019\u00e9tat-major, de Pascal Lissouba, chef d\u2019Etat d\u00e9mocratiquement \u00e9lu en 1992 et renvers\u00e9 par les armes en 1997 par Denis Sassou-Nguesso.<\/span><\/p>\n<p style=\"text-align: justify;\"><span style=\"font-family: times new roman, times, serif; font-size: 14pt; color: #000000;\">De la premi\u00e8re tentative de le tuer, le g\u00e9n\u00e9ral Ferdinand Mbaou, 62 ans, une femme et trois enfants de 20, 15 et 10 ans, garde un souvenir \u00e9mu et une balle fich\u00e9e pr\u00e8s du c\u0153ur, trop dangereuse \u00e0 extraire. C\u2019\u00e9tait il y a pr\u00e8s de trois ans, le 10 novembre 2015. A ce moment-l\u00e0, la tension monte \u00e0 Brazzaville, o\u00f9 le pr\u00e9sident Sassou-Nguesso fait tout pour se maintenir au pouvoir, changeant m\u00eame la Constitution, faisant, comme souvent, couler le sang\u00a0\u00bb.<\/span><\/p>\n<p style=\"text-align: justify;\"><span style=\"font-family: times new roman, times, serif; font-size: 14pt; color: #000000;\">Pour r\u00e9unir plus sereinement des criminels devenus des amis, engag\u00e9s \u00e0 construire la paix dans le monde, nos ministres de l\u2019Education ont eu raison, petit \u00e0 petit de supprimer l\u2019enseignement de l\u2019histoire. Ainsi elle ne nous emmerde plus.<\/span><\/p>\n<p style=\"text-align: justify;\"><span style=\"font-family: times new roman, times, serif; font-size: 14pt; color: #000000;\"><strong>Jacques-Marie BOURGET<\/strong><\/span><\/p>\n<p style=\"text-align: left;\"><span style=\"font-family: times new roman, times, serif; font-size: 14pt;\">Source\u00a0:\u00a0 <a href=\"https:\/\/www.legrandsoir.info\/ouvrez-le-ban-congres-de-criminels-sous-l-arc-de-triomphe.html\">https:\/\/www.legrandsoir.info\/ouvrez-le-ban-congres-de-criminels-sous-l-arc-de-triomphe.html<\/a><\/span><\/p>\n<p>&nbsp;<\/p>\n<p style=\"text-align: center;\"><span style=\"font-family: times new roman, times, serif; font-size: 14pt;\"><img loading=\"lazy\" class=\"alignnone size-full wp-image-707\" src=\"http:\/\/blog.lesgrossesorchadeslesamplesthalameges.fr\/wp-content\/uploads\/2018\/11\/Marianne-pleurant-petit-xxx-1.gif\" alt=\"\" width=\"72\" height=\"86\" \/><\/span><\/p>\n<p>&nbsp;<\/p>\n<p>&nbsp;<\/p>\n","protected":false},"excerpt":{"rendered":"<p>&nbsp; &nbsp; &nbsp; &nbsp; Ouvrez le ban\u00a0: congr\u00e8s de criminels sous l\u2019Arc de triomphe. Jacques-Marie BOURGET \u2013 Le Grand Soir \u2013 17.11.2018 &nbsp; &nbsp; \u00ab\u00a0Certes, en fin de carri\u00e8re avec son club Paris St Germain, P\u00e9tain a marqu\u00e9 bien trop de buts contre son camp. Mais, pour la partie jou\u00e9e \u00e0 Verdun, quel as\u00a0!\u00a0\u00bb. C\u2019est&#8230;<\/p>\n","protected":false},"author":1,"featured_media":0,"parent":0,"menu_order":0,"comment_status":"open","ping_status":"closed","template":"","meta":[],"_links":{"self":[{"href":"https:\/\/blog.lesgrossesorchadeslesamplesthalameges.fr\/index.php\/wp-json\/wp\/v2\/pages\/705"}],"collection":[{"href":"https:\/\/blog.lesgrossesorchadeslesamplesthalameges.fr\/index.php\/wp-json\/wp\/v2\/pages"}],"about":[{"href":"https:\/\/blog.lesgrossesorchadeslesamplesthalameges.fr\/index.php\/wp-json\/wp\/v2\/types\/page"}],"author":[{"embeddable":true,"href":"https:\/\/blog.lesgrossesorchadeslesamplesthalameges.fr\/index.php\/wp-json\/wp\/v2\/users\/1"}],"replies":[{"embeddable":true,"href":"https:\/\/blog.lesgrossesorchadeslesamplesthalameges.fr\/index.php\/wp-json\/wp\/v2\/comments?post=705"}],"version-history":[{"count":0,"href":"https:\/\/blog.lesgrossesorchadeslesamplesthalameges.fr\/index.php\/wp-json\/wp\/v2\/pages\/705\/revisions"}],"wp:attachment":[{"href":"https:\/\/blog.lesgrossesorchadeslesamplesthalameges.fr\/index.php\/wp-json\/wp\/v2\/media?parent=705"}],"curies":[{"name":"wp","href":"https:\/\/api.w.org\/{rel}","templated":true}]}}