{"id":7096,"date":"2019-10-21T18:51:55","date_gmt":"2019-10-21T16:51:55","guid":{"rendered":"http:\/\/blog.lesgrossesorchadeslesamplesthalameges.fr\/?page_id=7096"},"modified":"2019-10-21T18:53:09","modified_gmt":"2019-10-21T16:53:09","slug":"justice-pour-handke-et-la-serbie","status":"publish","type":"page","link":"https:\/\/blog.lesgrossesorchadeslesamplesthalameges.fr\/index.php\/justice-pour-handke-et-la-serbie\/","title":{"rendered":"Justice pour Handke&#8230; et la Serbie"},"content":{"rendered":"<p>&nbsp;<\/p>\n<p>&nbsp;<\/p>\n<p>&nbsp;<\/p>\n<p>&nbsp;<\/p>\n<p>&nbsp;<\/p>\n<p>&nbsp;<\/p>\n<p style=\"text-align: center;\"><span style=\"font-family: times new roman, times, serif; font-size: 36pt;\"><strong>Justice pour Handke\u2026 et la Serbie<\/strong><\/span><\/p>\n<p>&nbsp;<\/p>\n<p style=\"text-align: center;\"><span style=\"font-family: times new roman, times, serif; font-size: 18pt;\"><strong>Alexekin Rockowia \u2013 <em>TheDuran<\/em> \u2013 18.10.2019<\/strong><\/span><\/p>\n<p style=\"text-align: justify;\"><span style=\"font-family: times new roman, times, serif; font-size: 18pt;\"><strong>\u00a0<\/strong><\/span><\/p>\n<p>&nbsp;<\/p>\n<p><a href=\"http:\/\/blog.lesgrossesorchadeslesamplesthalameges.fr\/wp-content\/uploads\/2019\/10\/Handke-TheDuran.jpg\"><img loading=\"lazy\" class=\"wp-image-7070 aligncenter\" src=\"http:\/\/blog.lesgrossesorchadeslesamplesthalameges.fr\/wp-content\/uploads\/2019\/10\/Handke-TheDuran-300x200.jpg\" alt=\"\" width=\"600\" height=\"400\" srcset=\"https:\/\/blog.lesgrossesorchadeslesamplesthalameges.fr\/wp-content\/uploads\/2019\/10\/Handke-TheDuran-300x200.jpg 300w, https:\/\/blog.lesgrossesorchadeslesamplesthalameges.fr\/wp-content\/uploads\/2019\/10\/Handke-TheDuran-768x512.jpg 768w, https:\/\/blog.lesgrossesorchadeslesamplesthalameges.fr\/wp-content\/uploads\/2019\/10\/Handke-TheDuran.jpg 780w\" sizes=\"(max-width: 600px) 100vw, 600px\" \/><\/a><\/p>\n<p style=\"text-align: justify;\"><span style=\"font-family: times new roman, times, serif; font-size: 14pt;\"><strong>\u00a0<\/strong><\/span><\/p>\n<p>&nbsp;<\/p>\n<p style=\"text-align: justify;\"><span style=\"font-family: tahoma, arial, helvetica, sans-serif; font-size: 14pt;\"><strong>\u00ab\u00a0La raison de cette transparence, c\u2019est que les pr\u00e9tendus camps de concentration \u00e9taient de tr\u00e8s ordinaires camps de d\u00e9tention.\u00a0\u00bb<\/strong><\/span><\/p>\n<p style=\"text-align: justify;\"><span style=\"font-family: times new roman, times, serif; font-size: 14pt;\"><strong>\u00a0<\/strong><\/span><\/p>\n<p style=\"text-align: justify;\"><span style=\"font-family: times new roman, times, serif; font-size: 14pt;\">Dans un article publi\u00e9 le 10 octobre dans The Intercept et republi\u00e9 par, entre autres, le plus grand journal su\u00e9dois Dagens Nyheter, Peter Maass f\u00e9licitait le Comit\u00e9 Nobel d\u2019avoir \u00ab\u00a0tout simplement donn\u00e9 le Prix de Litt\u00e9rature \u00e0 un apologiste de g\u00e9nocide\u00a0\u00bb. Il y pr\u00e9tend qu\u2019il\u00a0 n\u2019y a \u00ab\u00a0pas d\u2019excuse \u00e0 la d\u00e9cision de donner le prix de cette ann\u00e9e \u00e0 Peter Handke, qui nie qu\u2019un g\u00e9nocide prouv\u00e9 ait \u00e9t\u00e9 commis par les Serbes \u00e0 l\u2019encontre des musulmans de Bosnie\u00a0\u00bb, et termine son article en disant \u00e0 Peter Handke qu\u2019il a \u00ab\u00a0le droit de croire ce qu\u2019il veut croire. Qu\u2019il peut mentir et dissimuler autant qu\u2019il le souhaite.\u00a0\u00bb. <\/span><\/p>\n<p style=\"text-align: justify;\"><span style=\"font-family: times new roman, times, serif; font-size: 14pt;\">Mais nous, nous allons maintenant jeter un coup d\u2019\u0153il \u00e0 certains faits, pour d\u00e9montrer que ces mots s\u2019appliquent bien mieux \u00e0 Maass lui-m\u00eame, tout en donnant au lecteur \u2013 contrairement \u00e0 Maass et ses v\u00e9rit\u00e9s pr\u00e9tendues \u2013 la possibilit\u00e9 de les v\u00e9rifier.<\/span><\/p>\n<p style=\"text-align: justify;\"><span style=\"font-family: times new roman, times, serif; font-size: 14pt;\">Pour faire valoir son point de vue, Maass insiste sur l\u2019existence de camps de concentration serbes, ce que Handke a proclam\u00e9 faux. Pourtant, Maass les a m\u00eame \u00ab\u00a0visit\u00e9s pendant la guerre\u00a0\u00bb qu\u2019il a \u00ab\u00a0couverte pour le Washington Post\u00a0\u00bb. Il a \u00ab\u00a0parl\u00e9 avec des prisonniers, \u00e0 l\u2019int\u00e9rieur des camps, aussi bien qu\u2019avec des survivants\u00a0\u00bb. Ceci ne devrait pas \u00eatre mis en doute, puisque les Serbes \u2013 contrairement aux musulmans et aux Croates \u2013 \u00e9taient connus pour laisser les journalistes occidentaux visiter leurs camps et m\u00eame y prendre des photos et filmer\u00a0! La raison de cette transparence, c\u2019est que les pr\u00e9tendus camps de concentration \u00e9taient de tr\u00e8s ordinaires camps de d\u00e9tention, ce que Handke a aussi expliqu\u00e9 tr\u00e8s clairement dans ses \u00e9crits.<\/span><\/p>\n<p style=\"text-align: justify;\"><span style=\"font-family: times new roman, times, serif; font-size: 14pt;\">N\u00e9anmoins Maass est cat\u00e9gorique. Il pr\u00e9tend toujours qu\u2019il n\u2019y a eu qu\u2019un nombre n\u00e9gligeable de crimes musulmans, des meurtres al\u00e9atoires, pas du tout comparables aux crimes serbes. Les Serbes, s\u2019il faut l\u2019en croire,\u00a0 perp\u00e9traient des crimes innommables, syst\u00e9matiques et de masse. Mais, l\u00e0, il ne fait que r\u00e9p\u00e9ter la propagande \u00e0 laquelle nous avons eu droit pendant la Guerre Civile de Yougoslavie, gr\u00e2ce \u00e0 laquelle le monde entier a pu \u00eatre si rapidement convaincu que les musulmans bosniaques \u00e9taient \u00ab\u00a0les bons\u00a0\u00bb et les Serbes \u00ab\u00a0les mauvais\u00a0\u00bb, comme dans un film de s\u00e9rie B en noir et blanc. Et c\u2019est plus que compr\u00e9hensible\u00a0: les journalistes occidentaux avaient pour t\u00e2che de simplifier l\u2019\u00e9tat r\u00e9el des choses. La triste v\u00e9rit\u00e9, cependant, est que les musulmans bosniaques n\u2019\u00e9taient pas meilleurs que les Serbes. En fait, ils \u00e9taient bien pires, puisque les Serbes n\u2019ont jamais ni ch\u00e2tr\u00e9, ni viol\u00e9 ni d\u00e9capit\u00e9 leurs prisonniers, comme les musulmans l\u2019ont fait partout o\u00f9 ils l\u2019ont pu (par exemple dans la \u00ab\u00a0Chambre de torture de Kamenica\u00a0\u00bb qu\u2019ils ont eux-m\u00eames film\u00e9e dans des buts de propagande).<\/span><\/p>\n<p style=\"text-align: justify;\"><span style=\"font-family: times new roman, times, serif; font-size: 14pt;\">Pour ceux qui conservent des doutes, je sugg\u00e8re qu\u2019ils fassent appel \u00e0 leur sens critique et qu\u2019ils recherchent ces vid\u00e9os\u00a0: elles sont accessibles sur Yugoslav Wars Archive (<a href=\"https:\/\/yugowarsarchive.org\/\">yugowarsarchive.org<\/a>), au chapitre <a href=\"https:\/\/yugowarsarchive.org\/index.php\/srebrenica-massacre\">Srebrenica Massacre<\/a> \u2013 des archives que je dirige et o\u00f9 vous pouvez trouver bien davantage si vous voulez\u2026 jusqu\u2019\u00e0 l\u2019ex-Secr\u00e9taire d\u2019\u00c9tat Henry Kissinger justifiant le si\u00e8ge de Sarajevo.<\/span><\/p>\n<p style=\"text-align: justify;\"><span style=\"font-family: times new roman, times, serif; font-size: 14pt;\">Ceci est une raison l\u00e9gitime et indiscutable, une \u00ab\u00a0excuse\u00a0\u00bb valable pour la d\u00e9cision de l\u2019acad\u00e9mie su\u00e9doise d\u2019avoir donn\u00e9 le prix de cette ann\u00e9e \u00e0 Peter Handke, qui n\u2019a jamais cess\u00e9 d\u2019exposer le g\u00e9nocide <strong>prouv\u00e9<\/strong>, commis par les musulmans contre les Serbes en Bosnie.<\/span><\/p>\n<p style=\"text-align: justify;\"><span style=\"font-family: times new roman, times, serif; font-size: 14pt;\">\u00a0<\/span><\/p>\n<p><span style=\"font-family: times new roman, times, serif; font-size: 14pt;\"><em>\u00a0<a href=\"http:\/\/blog.lesgrossesorchadeslesamplesthalameges.fr\/wp-content\/uploads\/2019\/10\/Alexekin-Rochowia.jpg\"><img loading=\"lazy\" class=\"alignnone wp-image-7098 size-full\" src=\"http:\/\/blog.lesgrossesorchadeslesamplesthalameges.fr\/wp-content\/uploads\/2019\/10\/Alexekin-Rochowia.jpg\" alt=\"\" width=\"225\" height=\"225\" srcset=\"https:\/\/blog.lesgrossesorchadeslesamplesthalameges.fr\/wp-content\/uploads\/2019\/10\/Alexekin-Rochowia.jpg 225w, https:\/\/blog.lesgrossesorchadeslesamplesthalameges.fr\/wp-content\/uploads\/2019\/10\/Alexekin-Rochowia-150x150.jpg 150w\" sizes=\"(max-width: 225px) 100vw, 225px\" \/><\/a><\/em><\/span><\/p>\n<p style=\"text-align: justify;\"><span style=\"font-family: times new roman, times, serif; font-size: 14pt;\"><em>Alexekin Rockowia (<\/em><a href=\"http:\/\/alexekin-rockowia.com\/\"><em>alexekin-rockowia.com<\/em><\/a><em>) vit en Su\u00e8de et est d\u2019origine serbe. Il est r\u00e9dacteur en chef de <strong>For-Serbia The Website<\/strong> (<\/em><a href=\"http:\/\/for-serbia.org\/\"><em>for-serbia.org<\/em><\/a><em>) et administrateur de <strong>Yugoslav Wars Archive<\/strong> (<\/em><a href=\"http:\/\/yugowarsarchive.org\/\"><em>yugowarsarchive.org<\/em><\/a><em>). Il est aussi l\u2019auteur de <strong>A Short Book about Nationalism<\/strong> (in\u00e9dit en fran\u00e7ais), qu\u2019on peut se procurer sur Amazon\u00a0: (<\/em><a href=\"https:\/\/amazon.com\/dp\/B07VDFLPHS\/ref=rdr_kindle_ext_tmb\"><em>amazon.com\/dp\/B07VDFLPHS\/ref=rdr_kindle_ext_tmb<\/em><\/a><em>).<\/em><\/span><\/p>\n<p style=\"text-align: justify;\"><span style=\"font-family: times new roman, times, serif; font-size: 14pt;\"><strong>\u00a0<\/strong><\/span><\/p>\n<p style=\"text-align: left;\"><span style=\"font-family: times new roman, times, serif; font-size: 14pt;\"><strong>URL de cet article\u00a0: <\/strong><a href=\"http:\/\/blog.lesgrossesorchadeslesamplesthalameges.fr\/index.php\/justice-pour-handke-et-la-serbie\/\">http:\/\/blog.lesgrossesorchadeslesamplesthalameges.fr\/index.php\/justice-pour-handke-et-la-serbie\/<\/a><strong><br \/>\n<\/strong><\/span><\/p>\n<p style=\"text-align: justify;\"><span style=\"font-family: times new roman, times, serif; font-size: 14pt;\">Source\u00a0: <a href=\"https:\/\/theduran.com\/justice-for-handke-and-serbia\/\">https:\/\/theduran.com\/justice-for-handke-and-serbia\/<\/a><\/span><\/p>\n<p>&nbsp;<\/p>\n<p style=\"text-align: right;\"><span style=\"font-family: times new roman, times, serif; font-size: 14pt;\">Traduction\u00a0: c.l. pour Les Grosses Orchades<\/span><\/p>\n<p>&nbsp;<\/p>\n<p>&nbsp;<\/p>\n<p>&nbsp;<\/p>\n<p style=\"text-align: center;\"><a href=\"http:\/\/blog.lesgrossesorchadeslesamplesthalameges.fr\/wp-content\/uploads\/2019\/10\/2.-Little-cat-writing-xX.gif\"><img loading=\"lazy\" class=\"alignnone size-full wp-image-7067\" src=\"http:\/\/blog.lesgrossesorchadeslesamplesthalameges.fr\/wp-content\/uploads\/2019\/10\/2.-Little-cat-writing-xX.gif\" alt=\"\" width=\"65\" height=\"74\" \/><\/a><\/p>\n<p>&nbsp;<\/p>\n<p>&nbsp;<\/p>\n<p style=\"text-align: right;\"><span style=\"font-family: comic sans ms, sans-serif; font-size: 14pt;\">Octobre 2019<\/span><\/p>\n<p>&nbsp;<\/p>\n<p>&nbsp;<\/p>\n<p>&nbsp;<\/p>\n","protected":false},"excerpt":{"rendered":"<p>&nbsp; &nbsp; &nbsp; &nbsp; &nbsp; &nbsp; Justice pour Handke\u2026 et la Serbie &nbsp; Alexekin Rockowia \u2013 TheDuran \u2013 18.10.2019 \u00a0 &nbsp; \u00a0 &nbsp; \u00ab\u00a0La raison de cette transparence, c\u2019est que les pr\u00e9tendus camps de concentration \u00e9taient de tr\u00e8s ordinaires camps de d\u00e9tention.\u00a0\u00bb \u00a0 Dans un article publi\u00e9 le 10 octobre dans The Intercept et republi\u00e9&#8230;<\/p>\n","protected":false},"author":1,"featured_media":0,"parent":0,"menu_order":0,"comment_status":"open","ping_status":"open","template":"","meta":[],"_links":{"self":[{"href":"https:\/\/blog.lesgrossesorchadeslesamplesthalameges.fr\/index.php\/wp-json\/wp\/v2\/pages\/7096"}],"collection":[{"href":"https:\/\/blog.lesgrossesorchadeslesamplesthalameges.fr\/index.php\/wp-json\/wp\/v2\/pages"}],"about":[{"href":"https:\/\/blog.lesgrossesorchadeslesamplesthalameges.fr\/index.php\/wp-json\/wp\/v2\/types\/page"}],"author":[{"embeddable":true,"href":"https:\/\/blog.lesgrossesorchadeslesamplesthalameges.fr\/index.php\/wp-json\/wp\/v2\/users\/1"}],"replies":[{"embeddable":true,"href":"https:\/\/blog.lesgrossesorchadeslesamplesthalameges.fr\/index.php\/wp-json\/wp\/v2\/comments?post=7096"}],"version-history":[{"count":0,"href":"https:\/\/blog.lesgrossesorchadeslesamplesthalameges.fr\/index.php\/wp-json\/wp\/v2\/pages\/7096\/revisions"}],"wp:attachment":[{"href":"https:\/\/blog.lesgrossesorchadeslesamplesthalameges.fr\/index.php\/wp-json\/wp\/v2\/media?parent=7096"}],"curies":[{"name":"wp","href":"https:\/\/api.w.org\/{rel}","templated":true}]}}