{"id":7106,"date":"2019-10-21T19:07:09","date_gmt":"2019-10-21T17:07:09","guid":{"rendered":"http:\/\/blog.lesgrossesorchadeslesamplesthalameges.fr\/?page_id=7106"},"modified":"2019-10-21T19:08:50","modified_gmt":"2019-10-21T17:08:50","slug":"peter-handke-linsaisissable","status":"publish","type":"page","link":"https:\/\/blog.lesgrossesorchadeslesamplesthalameges.fr\/index.php\/peter-handke-linsaisissable\/","title":{"rendered":"Peter Handke l&rsquo;insaisissable"},"content":{"rendered":"<p>&nbsp;<\/p>\n<p>&nbsp;<\/p>\n<p>&nbsp;<\/p>\n<p>&nbsp;<\/p>\n<p>&nbsp;<\/p>\n<p>&nbsp;<\/p>\n<p style=\"text-align: center;\"><span style=\"font-family: times new roman, times, serif; font-size: 36pt;\"><strong>Prix Nobel de litt\u00e9rature 2019 : Peter Handke l&rsquo;insaisissable<\/strong><\/span><\/p>\n<p style=\"text-align: justify;\"><span style=\"font-family: times new roman, times, serif; font-size: 18pt;\"><strong>\u00a0<\/strong><\/span><\/p>\n<p>&nbsp;<\/p>\n<p style=\"text-align: justify;\"><span style=\"font-family: tahoma, arial, helvetica, sans-serif; font-size: 18pt;\"><strong>L\u2019\u00e9crivain autrichien, 76\u00a0ans, est le laur\u00e9at 2019 de la prestigieuse r\u00e9compense. Portrait de ce romancier, sc\u00e9nariste, dramaturge, essayiste, toujours l\u00e0 o\u00f9 on ne l&rsquo;attend pas.<\/strong><\/span><\/p>\n<p style=\"text-align: justify;\"><span style=\"font-family: times new roman, times, serif; font-size: 18pt;\"><strong>\u00a0<\/strong><\/span><\/p>\n<p style=\"text-align: center;\"><span style=\"font-family: times new roman, times, serif; font-size: 18pt;\"><a href=\"http:\/\/plus.lefigaro.fr\/page\/uid\/261687\"><strong>Thierry Clermont<\/strong><\/a><strong> \u2013 <em>Le Figaro Litt\u00e9raire<\/em> \u2013 28 avril 2011<\/strong><\/span><\/p>\n<p style=\"text-align: center;\"><span style=\"font-family: times new roman, times, serif; font-size: 18pt;\"><strong>Mis \u00e0 jour le 10 octobre 2019<\/strong><\/span><\/p>\n<p style=\"text-align: center;\"><span style=\"font-family: times new roman, times, serif; font-size: 18pt;\"><strong>\u00a0<\/strong><\/span><\/p>\n<p style=\"text-align: center;\"><span style=\"font-family: times new roman, times, serif; font-size: 18pt;\"><strong>\u00a0<\/strong><\/span><\/p>\n<p><a href=\"http:\/\/blog.lesgrossesorchadeslesamplesthalameges.fr\/wp-content\/uploads\/2019\/10\/HANDKE-CLERMONT.jpg\"><img loading=\"lazy\" class=\"aligncenter wp-image-7071\" src=\"http:\/\/blog.lesgrossesorchadeslesamplesthalameges.fr\/wp-content\/uploads\/2019\/10\/HANDKE-CLERMONT-300x169.jpg\" alt=\"\" width=\"600\" height=\"337\" srcset=\"https:\/\/blog.lesgrossesorchadeslesamplesthalameges.fr\/wp-content\/uploads\/2019\/10\/HANDKE-CLERMONT-300x169.jpg 300w, https:\/\/blog.lesgrossesorchadeslesamplesthalameges.fr\/wp-content\/uploads\/2019\/10\/HANDKE-CLERMONT.jpg 767w\" sizes=\"(max-width: 600px) 100vw, 600px\" \/><\/a><\/p>\n<p style=\"text-align: center;\"><span style=\"font-family: times new roman, times, serif; font-size: 12pt;\"><strong><em>Dix ans plus t\u00f4t, Peter Handke avait \u00e9t\u00e9 un des rares intellectuels \u00e0 avoir condamn\u00e9 les bombardements de l&rsquo;OTAN sur la R\u00e9publique serbe.<\/em><\/strong><\/span><\/p>\n<p style=\"text-align: justify;\"><span style=\"font-family: times new roman, times, serif; font-size: 18pt;\"><strong><em>\u00a0<\/em><\/strong><\/span><\/p>\n<p style=\"text-align: justify;\"><span style=\"font-family: times new roman, times, serif; font-size: 18pt;\"><strong>\u00a0<\/strong><\/span><\/p>\n<p style=\"text-align: justify;\"><span style=\"font-family: times new roman, times, serif; font-size: 18pt;\"><strong><em>En 2011, apr\u00e8s cinq ann\u00e9es de silence, Peter Handke publiait coup sur coup trois ouvrages. \u00c0 l\u2019occasion de la remise du prix Nobel de litt\u00e9rature \u00e0 cet \u00e9crivain, nous vous proposons le portrait r\u00e9alis\u00e9 \u00e0 l\u2019\u00e9poque pour Le Figaro Litt\u00e9raire.<\/em><\/strong><\/span><\/p>\n<p style=\"text-align: justify;\"><span style=\"font-family: times new roman, times, serif; font-size: 14pt;\">Pour rejoindre son refuge, il faut d\u00e9passer l&rsquo;alignement des pavillons \u00e0 meuli\u00e8res ombrag\u00e9s par les lilas, emprunter une all\u00e9e assombrie plant\u00e9e de hauts thuyas, patienter devant le portail vaguement bleu. Au loin, c&rsquo;est la massive for\u00eat de Meudon, sous un premier soleil de printemps. Si Horace avait eu son Lebedos, <a href=\"http:\/\/www.evene.fr\/celebre\/biographie\/peter-handke-3365.php\">Peter Handke<\/a> a d\u00e9nich\u00e9 l\u00e0, voici une vingtaine d&rsquo;ann\u00e9es, son havre d&rsquo;\u00e9criture, apr\u00e8s avoir d\u00e9finitivement quitt\u00e9 sa Carinthie, s\u00e9par\u00e9 de Paris <em>\u00ab\u00a0par une croupe de collines bois\u00e9es\u00a0\u00bb<\/em>. Un vrac d&rsquo;objets mal identifiables, de tablettes, d&rsquo;outils, d&rsquo;autres babioles de plastique, fait du jardin prot\u00e9g\u00e9 un dr\u00f4le d&rsquo;endroit romanesque, sur lequel veille une esp\u00e8ce de haut-relief en bois repr\u00e9sentant les trois rois mages, reproduction fid\u00e8le d&rsquo;une sculpture moyen\u00e2geuse de l&rsquo;\u00e9glise de Griffen, son bourg natal. C&rsquo;est ici qu&rsquo;il a \u00e9crit la plupart de ses ouvrages, depuis <em>Essai sur la journ\u00e9e r\u00e9ussie<\/em>.<\/span><\/p>\n<p style=\"text-align: justify;\"><span style=\"font-family: times new roman, times, serif; font-size: 14pt;\">Marcheur infatigable, fl\u00e2neur attentif, Peter Handke prend parfois la fantaisie de franchir la tendre Bi\u00e8vre et de traverser champs et sentiers pour rejoindre Port-Royal-des-Champs, carnet de notes en main. D&rsquo;ailleurs, dans son <em>Don Juan (racont\u00e9 par lui-m\u00eame)<\/em>, il fait revenir le s\u00e9ducteur s\u00e9villan dans l&rsquo;ancien fief des jans\u00e9nistes. Handke ne cache pas son admiration pour ce grand suborneur d&rsquo;hommes et de femmes, consid\u00e9rant m\u00eame qu&rsquo;il <em>\u00ab\u00a0a fait du bien au monde\u00a0\u00bb,<\/em> au point de le consid\u00e9rer \u00ab\u00a0comme un v\u00e9ritable fr\u00e8re\u00a0\u00bb. Ce Don Juan tr\u00e8s personnel \u00e9tait son dernier livre traduit en fran\u00e7ais (en 2006), jusqu&rsquo;\u00e0 la sortie simultan\u00e9e de trois nouveaux ouvrages. Auparavant, il avait abord\u00e9 un autre personnage mythique de l&rsquo;Occident, <em>Don Quichotte <\/em>(dans<em> La Perte de l&rsquo;image <\/em>ou<em> Par la sierra de Gredos<\/em>).<\/span><\/p>\n<p>&nbsp;<\/p>\n<p style=\"text-align: justify;\"><span style=\"font-family: times new roman, times, serif; font-size: 18pt;\"><strong>Slobodan Milosevic et le Nobel envol\u00e9<\/strong><\/span><\/p>\n<p style=\"text-align: justify;\"><span style=\"font-family: times new roman, times, serif; font-size: 14pt;\">Handke, et c&rsquo;est l\u00e0 une de ses vertus cardinales, n&rsquo;a jamais h\u00e9sit\u00e9 \u00e0 prendre le rebours de l&rsquo;opinion commune, l&rsquo;envers des doxas bien \u00e9tablies. Quitte \u00e0 le payer, et m\u00eame tr\u00e8s cher. Il y a cinq ans, il avait suscit\u00e9 une violente pol\u00e9mique apr\u00e8s s&rsquo;\u00eatre rendu aux obs\u00e8ques du dirigeant serbe Milosevic, o\u00f9 il avait d\u00e9clar\u00e9: <em>\u00ab\u00a0Je sais ce que je ne sais pas. Je ne sais pas la v\u00e9rit\u00e9. Mais je regarde. J&rsquo;\u00e9coute. Je ressens. Je me souviens. Pour cela je suis aujourd&rsquo;hui pr\u00e9sent, pr\u00e8s de la Yougoslavie, pr\u00e8s de la Serbie, pr\u00e8s de Slobodan Milosevic.\u00a0\u00bb<\/em> Ran\u00e7on de la col\u00e8re, solde de son engagement: une de ses pi\u00e8ces est brutalement d\u00e9programm\u00e9e de la Com\u00e9die-Fran\u00e7aise. Adieu donc le prestigieux Nobel, qu&rsquo;on lui promettait peu ou prou depuis des ann\u00e9es.<\/span><\/p>\n<p style=\"text-align: justify;\"><span style=\"font-family: times new roman, times, serif; font-size: 14pt;\">Dix ans plus t\u00f4t, il avait \u00e9t\u00e9 un des rares intellectuels \u00e0 avoir condamn\u00e9 les bombardements de l&rsquo;OTAN sur la R\u00e9publique serbe, aux c\u00f4t\u00e9s de sa compatriote Elfriede Jelinek (prix Nobel de litt\u00e9rature 2004), de son ami le metteur en sc\u00e8ne Luc Bondy ou de l&rsquo;Allemand W.G. Sebald. Dans <em>Mon ann\u00e9e dans la baie de Personne<\/em>, sorte de <em>\u00ab\u00a0pri\u00e8re narrative\u00a0\u00bb,<\/em> le protagoniste, Gregor Keuschnig, ne s&rsquo;\u00e9crie-t-il pas : <em>\u00ab\u00a0Mon \u00e9poque, mon ennemie\u00a0\u00bb <\/em>? \u00c0 propos, l&rsquo;hostilit\u00e9 vis-\u00e0-vis de Handke ne date pas d&rsquo;aujourd&rsquo;hui. Au d\u00e9but des ann\u00e9es 1990, un critique fran\u00e7ais, forc\u00e9ment blas\u00e9, avait trait\u00e9 ses livres de <em>\u00ab\u00a0bl\u00eamitudes\u00a0\u00bb,<\/em> b\u00e2cl\u00e9es par un<em> \u00ab\u00a0saturnien soporifique\u00a0\u00bb<\/em>. Pas tr\u00e8s \u00e9l\u00e9gant envers celui qui quelques ann\u00e9es plus t\u00f4t avait traduit en allemand le grand Emmanuel Bove (B\u00e9con-les-Bruy\u00e8res, Mes amis\u2026), Ren\u00e9 Char, Francis Ponge, deux romans de Patrick Modiano, et m\u00eame adapt\u00e9 au cin\u00e9ma <em>La Maladie de la mort<\/em>, de Marguerite Duras.<\/span><\/p>\n<p>&nbsp;<\/p>\n<p style=\"text-align: justify;\"><span style=\"font-family: times new roman, times, serif; font-size: 18pt;\"><strong>\u00ab\u00a0Le langage devenu langage\u00a0\u00bb<\/strong><\/span><\/p>\n<p style=\"text-align: justify;\"><span style=\"font-family: times new roman, times, serif; font-size: 14pt;\">On lui doit \u00e9galement d&rsquo;avoir fait conna\u00eetre outre-Rhin un des premiers romans de Julien Green, lequel avait fait v\u0153u, au soir de sa vie, d&rsquo;\u00eatre inhum\u00e9 \u00e0 Klagenfurt, touch\u00e9 par la gr\u00e2ce d&rsquo;une effigie de la Vierge ; <em>\u00ab\u00a0une des villes les plus nazies d&rsquo;Autriche\u00a0\u00bb,<\/em> commente Handke, qui y avait pass\u00e9 deux ans, comme pensionnaire dans une institution religieuse, avant d&rsquo;en \u00eatre chass\u00e9 pour avoir lu, \u00e0 l&rsquo;\u00e2ge de quinze ans, <em>Sous le soleil de Satan<\/em> de Georges Bernanos.<em> \u00ab\u00a0D\u00e8s le plus jeune \u00e2ge, j&rsquo;ai \u00e9t\u00e9 infect\u00e9 par le sang noir du catholicisme\u00a0\u00bb,<\/em> se souvient-il, avec des accents de rage. Et de r\u00e9p\u00e9ter: <em>\u00ab\u00a0Oui, le sang noir.\u00bb<\/em> Tout cela, et davantage, le journaliste allemand Malte Herwig le rappelle dans la premi\u00e8re v\u00e9ritable biographie consacr\u00e9e \u00e0 l&rsquo;auteur de <em>La Femme gauch\u00e8re<\/em>, parue en ce d\u00e9but d&rsquo;ann\u00e9e sous le titre wagn\u00e9rien (un contresens volontaire?) <em>Le Ma\u00eetre du cr\u00e9puscule <\/em>(in\u00e9dite en fran\u00e7ais).<\/span><\/p>\n<p style=\"text-align: justify;\"><span style=\"font-family: times new roman, times, serif; font-size: 14pt;\">Le jardin fleuri de Peter Handke tremblote dans la lumi\u00e8re finissante. On pense \u00e0 quelques pages tomb\u00e9es de ses <em>Carnets<\/em>: <em>\u00ab\u00a0Les hortensias mauves du jardin. Le buis dans l&rsquo;ombre. La marche des merles dans les fourr\u00e9s. L&rsquo;arriv\u00e9e des moineaux. L&rsquo;\u00e9bullition du silence.\u00a0\u00bb<\/em> Commentaire de l&rsquo;auteur:<em> \u00ab\u00a0La litt\u00e9rature, c&rsquo;est le langage devenu langage; la langue qui s&rsquo;incarne. J&rsquo;\u00e9cris avec la respiration, pour d\u00e9couvrir le sacr\u00e9, celui de la vie. Je crois \u00eatre un romantique d\u00e9cid\u00e9, qui rend gr\u00e2ce \u00e0 la m\u00e9moire.\u00bb<\/em> Son \u00e9tat de veille est permanent. Ce qui nous vaut de nombreuses lignes lumineuses, comme : <em>\u00ab\u00a0Une forme d&rsquo;amour: avec l&rsquo;aide de l&rsquo;\u00eatre aim\u00e9 r\u00e9apprendre le mensonge, jeu pour \u00e9largir l&rsquo;existence\u00a0\u00bb,<\/em> ou encore, dans des nuances m\u00e9lancoliques : <em>\u00ab\u00a0La nuit je ne voudrais plus entendre que des voix de femmes\u00a0\u00bb,<\/em> et plus bucoliquement: <em>\u00ab\u00a0Marche, empilement de qui\u00e9tude.\u00a0\u00bb<\/em><\/span><\/p>\n<p style=\"text-align: justify;\"><span style=\"font-family: times new roman, times, serif; font-size: 14pt;\">Je suis un penseur de l&rsquo;instantan\u00e9\u00a0: je ne suis m\u00eame que cela. Narrer ne m&rsquo;int\u00e9resse pas, mes intrigues sont masqu\u00e9es, enfouies\u00a0; je pr\u00e9f\u00e8re r\u00e9aliser, au sens o\u00f9 l&rsquo;entendait C\u00e9zanne<\/span><\/p>\n<p style=\"text-align: justify;\"><span style=\"font-family: times new roman, times, serif; font-size: 14pt;\">Tonalit\u00e9s vari\u00e9es que l&rsquo;on retrouve dans <em>Hier en chemin. Carnets, novembre 1987-juillet 1990.<\/em> Et si c&rsquo;\u00e9tait l\u00e0 que se loge l&rsquo;essentiel de Peter Handke ? Non pas dans ses romans ou r\u00e9cits, ni dans son th\u00e9\u00e2tre capricieux, mais dans ses volumineuses notes amass\u00e9es jour apr\u00e8s jour, heure par heure, constituant sa substantifique moelle litt\u00e9raire. On le retrouve alors parcourant l&rsquo;Europe, de Split \u00e0 Ostende, d&rsquo;Amsterdam \u00e0 l&rsquo;Andalouse Ubeda, o\u00f9 est mort saint Jean de la Croix, s&rsquo;attardant dans l&rsquo;ombre des \u00e9glises romanes, en d\u00e9nudant les objets et les gestes quotidiens, en lan\u00e7ant des syllogismes po\u00e9tiques. Il y \u00e9voque John Keats, le romantique qui voulait une vie de sensations et non de pens\u00e9es, apr\u00e8s avoir \u00e9voqu\u00e9 Tokyo sous la neige. Il l&rsquo;avoue : <em>\u00ab\u00a0Je suis un penseur de l&rsquo;instantan\u00e9: je ne suis m\u00eame que cela. Narrer ne m&rsquo;int\u00e9resse pas, mes intrigues sont masqu\u00e9es, enfouies ; je pr\u00e9f\u00e8re r\u00e9aliser, au sens o\u00f9 l&rsquo;entendait C\u00e9zanne\u00a0\u00bb.<\/em> Parus simultan\u00e9ment en fran\u00e7ais, <em>Kali<\/em> est un roman noir d&rsquo;anticipation situ\u00e9 dans une ville domin\u00e9e par une mine de potasse, o\u00f9 survivent des migrants et une \u00e9trange cantatrice b\u00ealeuse, alors que la tourbillonnante et inclassable <em>Nuit morave nous entra\u00eene au fond des Balkans,<\/em> cette terre meurtrie et soumise \u00ab\u00a0<em>\u00e0 la dictature du temps normal et r\u00e9el\u00a0\u00bb.<\/em> Une terre revisit\u00e9e par un \u00e9crivain vieillissant auquel il ne reste que la <em>\u00ab\u00a0bravade\u00a0\u00bb<\/em> pour s&rsquo;exprimer.<\/span><\/p>\n<p style=\"text-align: justify;\"><span style=\"font-family: times new roman, times, serif; font-size: 14pt;\">La litt\u00e9rature n&rsquo;est pas tout pour Handke, bient\u00f4t \u00e2g\u00e9 de 69 ans, qui a fourbi ses premi\u00e8res armes au milieu des ann\u00e9es 1960 avec<em> Les Frelons et Le Colporteur<\/em>, avant de se faire un nom avec <em>L&rsquo;Angoisse du gardien de but avant le penalty<\/em> et le bouleversant <em>Malheur indiff\u00e9rent<\/em>, requiem d\u00e9di\u00e9 \u00e0 sa m\u00e8re d&rsquo;origine slov\u00e8ne. Le th\u00e9\u00e2tre tout comme le cin\u00e9ma occupent une place de choix dans ses activit\u00e9s. D&rsquo;ailleurs, son nom sera toujours associ\u00e9 au film de son ami Wim Wenders, <em>Les Ailes du d\u00e9sir<\/em> (1987), en qualit\u00e9 de sc\u00e9nariste, un film onirique men\u00e9 par Bruno Ganz, Peter Falk (<em>Colombo<\/em> au petit \u00e9cran) et le rocker Nick Cave.<\/span><\/p>\n<p style=\"text-align: justify;\"><span style=\"font-family: times new roman, times, serif; font-size: 14pt;\">Dans les ann\u00e9es 1960, on parlait de pop music; chez Handke, on disait \u00ab\u00a0beat musik\u00a0\u00bb. Passionn\u00e9 depuis toujours par Bob Dylan, \u00ab\u00a0le psalmiste\u00bb, les Kinks, les Stones, il avait cru dans sa jeunesse que le rock <em>\u00ab\u00a0pouvait apporter une v\u00e9ritable d\u00e9mocratie, au-del\u00e0 des r\u00eaves\u00a0\u00bb.<\/em> Depuis, le fan de Creedence a eu le temps de d\u00e9chanter pour revenir sur ses illusions, m\u00eame s&rsquo;il collabore avec le grand songwriter Van Morrison (le p\u00e8re de Gloria).<\/span><\/p>\n<p style=\"text-align: justify;\"><span style=\"font-family: times new roman, times, serif; font-size: 14pt;\">Son dernier opus, qui vient d&rsquo;\u00eatre publi\u00e9 en Allemagne, s&rsquo;intitule <em>Der grosse Fall (La Grande Chute)<\/em>: vingt-quatre heures dans la vie d&rsquo;un acteur d\u00e9s\u0153uvr\u00e9 pr\u00eat \u00e0 commettre un meurtre, et qui tombe opportun\u00e9ment amoureux d&rsquo;une femme. Un roman, pr\u00e9cise-t-il, <em>\u00ab\u00a0sur la derni\u00e8re vision des choses\u00a0\u00bb.<\/em> De son c\u00f4t\u00e9, le compositeur Philip Glass, sp\u00e9cialis\u00e9 dans la musique r\u00e9p\u00e9titive et parfois verbeusement ennuyeuse, travaille sur un op\u00e9ra inspir\u00e9 de la pi\u00e8ce de Handke, <em>Traces des \u00e9gar\u00e9s<\/em>. Le titre lui va \u00e0 merveille. Lui qui aime \u00e0 dire : <em>\u00ab\u00a0Je suis presque un d\u00e9sesp\u00e9r\u00e9\u00a0\u00bb,<\/em> et qui aurait pu chanter, comme Don Giovanni face \u00e0 Donna Anna: <em>\u00ab\u00a0Qui je suis, tu ne le sauras pas.\u00a0\u00bb<\/em><\/span><\/p>\n<p style=\"text-align: left;\"><span style=\"font-family: times new roman, times, serif; font-size: 14pt;\">Source\u00a0: <a href=\"https:\/\/www.lefigaro.fr\/livres\/2011\/04\/28\/03005-20110428ARTFIG00626-peter-handke-l-insaisissable.php\">https:\/\/www.lefigaro.fr\/livres\/2011\/04\/28\/03005-20110428ARTFIG00626-peter-handke-l-insaisissable.php<\/a><\/span><\/p>\n<p style=\"text-align: left;\"><span style=\"font-size: 14pt;\"><strong><span style=\"font-family: times new roman, times, serif;\">URL de cet article : <\/span><\/strong><a href=\"http:\/\/blog.lesgrossesorchadeslesamplesthalameges.fr\/index.php\/peter-handke-linsaisissable\/\"><span style=\"font-family: times new roman, times, serif;\">http:\/\/blog.lesgrossesorchadeslesamplesthalameges.fr\/index.php\/peter-handke-linsaisissable\/<\/span><\/a><strong><span style=\"font-family: times new roman, times, serif;\"><br \/>\n<\/span><\/strong><\/span><\/p>\n<p>&nbsp;<\/p>\n<p>&nbsp;<\/p>\n<p style=\"text-align: center;\"><a href=\"http:\/\/blog.lesgrossesorchadeslesamplesthalameges.fr\/wp-content\/uploads\/2019\/10\/2.-Little-cat-writing-xX.gif\"><img loading=\"lazy\" class=\"alignnone size-full wp-image-7067\" src=\"http:\/\/blog.lesgrossesorchadeslesamplesthalameges.fr\/wp-content\/uploads\/2019\/10\/2.-Little-cat-writing-xX.gif\" alt=\"\" width=\"65\" height=\"74\" \/><\/a><\/p>\n<p>&nbsp;<\/p>\n<p>&nbsp;<\/p>\n<p style=\"text-align: right;\"><span style=\"font-family: comic sans ms, sans-serif; font-size: 14pt;\">Octobre 2019<\/span><\/p>\n<p>&nbsp;<\/p>\n<p>&nbsp;<\/p>\n","protected":false},"excerpt":{"rendered":"<p>&nbsp; &nbsp; &nbsp; &nbsp; &nbsp; &nbsp; Prix Nobel de litt\u00e9rature 2019 : Peter Handke l&rsquo;insaisissable \u00a0 &nbsp; L\u2019\u00e9crivain autrichien, 76\u00a0ans, est le laur\u00e9at 2019 de la prestigieuse r\u00e9compense. Portrait de ce romancier, sc\u00e9nariste, dramaturge, essayiste, toujours l\u00e0 o\u00f9 on ne l&rsquo;attend pas. \u00a0 Thierry Clermont \u2013 Le Figaro Litt\u00e9raire \u2013 28 avril 2011 Mis \u00e0&#8230;<\/p>\n","protected":false},"author":1,"featured_media":0,"parent":0,"menu_order":0,"comment_status":"open","ping_status":"open","template":"","meta":[],"_links":{"self":[{"href":"https:\/\/blog.lesgrossesorchadeslesamplesthalameges.fr\/index.php\/wp-json\/wp\/v2\/pages\/7106"}],"collection":[{"href":"https:\/\/blog.lesgrossesorchadeslesamplesthalameges.fr\/index.php\/wp-json\/wp\/v2\/pages"}],"about":[{"href":"https:\/\/blog.lesgrossesorchadeslesamplesthalameges.fr\/index.php\/wp-json\/wp\/v2\/types\/page"}],"author":[{"embeddable":true,"href":"https:\/\/blog.lesgrossesorchadeslesamplesthalameges.fr\/index.php\/wp-json\/wp\/v2\/users\/1"}],"replies":[{"embeddable":true,"href":"https:\/\/blog.lesgrossesorchadeslesamplesthalameges.fr\/index.php\/wp-json\/wp\/v2\/comments?post=7106"}],"version-history":[{"count":0,"href":"https:\/\/blog.lesgrossesorchadeslesamplesthalameges.fr\/index.php\/wp-json\/wp\/v2\/pages\/7106\/revisions"}],"wp:attachment":[{"href":"https:\/\/blog.lesgrossesorchadeslesamplesthalameges.fr\/index.php\/wp-json\/wp\/v2\/media?parent=7106"}],"curies":[{"name":"wp","href":"https:\/\/api.w.org\/{rel}","templated":true}]}}