{"id":711,"date":"2018-11-18T19:56:01","date_gmt":"2018-11-18T18:56:01","guid":{"rendered":"http:\/\/blog.lesgrossesorchadeslesamplesthalameges.fr\/?page_id=711"},"modified":"2018-11-19T09:25:18","modified_gmt":"2018-11-19T08:25:18","slug":"israel-va-assurer-le-maintien-de-lordre-sur-les-cotes-europeennes","status":"publish","type":"page","link":"https:\/\/blog.lesgrossesorchadeslesamplesthalameges.fr\/index.php\/israel-va-assurer-le-maintien-de-lordre-sur-les-cotes-europeennes\/","title":{"rendered":"Isra\u00ebl va assurer le maintien de l&rsquo;ordre sur les c\u00f4tes europ\u00e9ennes"},"content":{"rendered":"<p>&nbsp;<\/p>\n<p>&nbsp;<\/p>\n<p>&nbsp;<\/p>\n<p>&nbsp;<\/p>\n<p><span style=\"font-family: times new roman, times, serif; font-size: 18pt; color: #c00000;\"><strong><em>Si c\u2019est \u00e7a l\u2019\u00ab\u00a0Arm\u00e9e Europ\u00e9enne\u00a0\u00bb dont parlent petit Micron et dame Angela, on est bien partis pour se lib\u00e9rer de l\u2019OTAN\u2026<\/em><\/strong><\/span><\/p>\n<p><span style=\"font-family: times new roman, times, serif; font-size: 14pt;\"><strong><em>\u00a0<\/em><\/strong><\/span><\/p>\n<p style=\"text-align: center;\"><span style=\"font-family: times new roman, times, serif; font-size: 36pt;\"><strong>Isra\u00ebl va assurer le maintien de l\u2019ordre sur les c\u00f4tes europ\u00e9ennes \u2013 Pour prot\u00e9ger le continent des r\u00e9fugi\u00e9s\u00a0?<\/strong><\/span><\/p>\n<p>&nbsp;<\/p>\n<p style=\"text-align: justify;\"><span style=\"font-family: arial, helvetica, sans-serif; font-size: 14pt;\"><strong>\u00ab Il faut que deux millions de Palestiniens soient \u00e0 toute force maintenus dans leur camp de concentration au grand air, continuent \u00e0 y \u00eatre tortur\u00e9s, bombard\u00e9s, affam\u00e9s et finalement \u00e9limin\u00e9s. \u00bb<\/strong><\/span><\/p>\n<p style=\"text-align: center;\"><span style=\"font-family: times new roman, times, serif; font-size: 18pt;\"><strong>Peter Koenig\u00a0 \u2013 <\/strong><strong><em>I.C.H. \u2013 <\/em><\/strong><strong>14.11.2018<\/strong><\/span><\/p>\n<p><span style=\"font-family: times new roman, times, serif; font-size: 18pt;\"><strong>\u00a0<\/strong><\/span><\/p>\n<p><span style=\"font-family: times new roman, times, serif; font-size: 18pt;\"><strong><img loading=\"lazy\" class=\"alignnone wp-image-712\" src=\"http:\/\/blog.lesgrossesorchadeslesamplesthalameges.fr\/wp-content\/uploads\/2018\/11\/gaza-consentration-camp-1.gif\" alt=\"\" width=\"600\" height=\"357\" \/><\/strong><\/span><\/p>\n<p style=\"text-align: justify;\"><span style=\"font-family: times new roman, times, serif; font-size: 14pt;\"><strong><em>\u00a0<\/em><\/strong><\/span><\/p>\n<p style=\"text-align: justify;\"><span style=\"font-family: times new roman, times, serif; font-size: 14pt;\">On dirait une mauvaise plaisanterie mais ce n\u2019en est pas une. C\u2019est la r\u00e9alit\u00e9. Un gouvernement fasciste va aider un autre gouvernement fasciste. Oui, j\u2019ai d\u00e9j\u00e0 \u00e9crit sur l\u2019Occident envahi par le fascisme, en avertissant que l\u2019Union (la non-union\u00a0!) Europ\u00e9enne \u00e9tait en train de devenir \u2013 et de le devenir de plus en plus vite \u2013une dictature fasciste, sous couleur de prot\u00e9ger la d\u00e9mocratie, en se pr\u00e9tendant une d\u00e9mocratie\u00a0; et ce, gr\u00e2ce \u00e0 ses dirigeants (sic) non-\u00e9lus de la Commission Europ\u00e9enne (CE). Les citoyens de l\u2019U.E. ont le cerveau tellement lav\u00e9 par les mensonges de la propagande n\u00e9o-lib\u00e9rale, qu\u2019ils croient vivre au c\u0153ur de la d\u00e9mocratie, qu\u2019ils sont libres et qu\u2019ils sont prot\u00e9g\u00e9s 24 heures par jour, 7 jours sur 7, par leurs arm\u00e9es et leurs polices.<\/span><\/p>\n<p style=\"text-align: justify;\"><span style=\"font-family: times new roman, times, serif; font-size: 14pt;\">En fait, on peut voir ce genre de protection \u00e0 peu pr\u00e8s \u00e0 tous les coins de rues des principales villes de France, le pays qui a eu le front d\u2019inscrire l\u2019\u00e9tat d\u2019urgence dans sa Constitution. D\u2019autres se font bien entendu un devoir d\u2019imiter l\u2019exemple de Macron. Ce n\u2019est pas surprenant\u00a0: les gouvernements des pays membres de l\u2019U.E. ont tous \u00e9t\u00e9 \u00ab\u00a0mis en place\u00a0\u00bb par des \u00e9lections bidon, avec l\u2019aide de <a href=\"https:\/\/fr.wikipedia.org\/wiki\/Cambridge_Analytica\"><em>Cambridge Analytica<\/em><\/a> \u2013 et autres arnaques de m\u00e9dias sociaux d\u00e9sormais connus de la terre enti\u00e8re \u2013 et celle des myriades de MSM (<em>= m\u00e9dias mainstream<\/em>). Ce serait vraiment par une \u00e9trange co\u00efncidence que pratiquement tous les chefs des \u00c9tats de l\u2019Union Europ\u00e9enne adoptent des doctrines n\u00e9o-lib\u00e9rales ou nazies. Il n\u2019y a entre eux que quelques d\u00e9tails qui diff\u00e8rent. Plus \u00e9vident encore\u00a0: les n\u00e9o-nazis sont qualifi\u00e9s de \u00ab\u00a0populistes\u00a0\u00bb sans se pr\u00e9occuper du fait qu\u2019un populiste est quelqu\u2019un qui est aim\u00e9 par le peuple. Est-ce que ce ne serait pas justement \u00e7a, la d\u00e9mocratie\u00a0?<\/span><\/p>\n<p style=\"text-align: justify;\"><span style=\"font-family: times new roman, times, serif; font-size: 14pt;\">Le Premier ministre de Hongrie, Viktor Orban\u00a0 et l\u2019extr\u00eame-droitier polonais Andrzej Duda, tombent dans cette cat\u00e9gorie, et bient\u00f4t, le gouvernement de l\u2019Italie, pratiquement conduit par le Vice-Premier ministre Matteo Salvini, qui m\u00e8ne le bal au d\u00e9triment du parti de t\u00eate Cinq \u00c9toiles, va les rejoindre.<\/span><\/p>\n<p style=\"text-align: justify;\"><span style=\"font-family: times new roman, times, serif; font-size: 14pt;\">Revenons-en au sujet de cet article. Un entrepreneur militaire priv\u00e9 isra\u00e9lien, <a href=\"https:\/\/fr.wikipedia.org\/wiki\/Elbit_Systems\"><strong>Elbit Systems Ltd<\/strong><\/a>, vient de se voir attribuer un contrat lui confiant la surveillance des c\u00f4tes europ\u00e9ennes, comme le rapporte le <a href=\"https:\/\/www.palestinechronicle.com\/israeli-defense-company-wins-contract-to-monitor-europes-coasts\/\"><em>Palestine Chronicle<\/em><\/a>. L\u2019entrepreneur militaire priv\u00e9 isra\u00e9lien a \u00ab\u00a0gagn\u00e9\u00a0\u00bb un contrat de deux ans, renouvelable pour deux ans, de 68 millions de dollars, pour surveiller la plupart des c\u00f4tes europ\u00e9ennes, pour le compte de Bruxelles et des autorit\u00e9s des pays concern\u00e9s. La surveillance universelle et le fascisme sont en marche, et leur marche est en train de devenir une course. Il n\u2019y a eu, dans le processus d\u2019adjudication, aucune concurrence\u00a0 parce qu\u2019il n\u2019y a eu aucun appel d\u2019offres. C\u2019est juste une main fasciste lavant la main d\u2019un autre fasciste. Oui, nous sommes tomb\u00e9s aussi bas que cela en Europe, Et les populations ne s\u2019en doutent m\u00eame pas, parce que cela ne d\u00e9range pas leur confort imm\u00e9diat de voir leur libert\u00e9, leurs droits civils et leurs droits humains se faire \u00e9roder, emporter par le flot des abus sous pr\u00e9texte de s\u00e9curit\u00e9 nationale, et, bien entendu, de leur s\u00e9curit\u00e9 \u00e0 eux. Voil\u00e0 ce que peuvent accomplir quelques attentats terroristes sous faux drapeau bien con\u00e7us\u00a0: les gens crient au secours, en appellent \u00e0 une protection de la police. Tant plus, tant mieux. Et qui est plus indiqu\u00e9 qu\u2019un \u00e9tat fasciste pour r\u00e9pondre \u00e0 ces appels d\u00e9sesp\u00e9r\u00e9s et jouer le r\u00f4le de protecteur pour rire\u00a0?<\/span><\/p>\n<p style=\"text-align: justify;\"><span style=\"font-family: times new roman, times, serif; font-size: 14pt;\">Isra\u00ebl est connu pour avoir arm\u00e9 les fascistes du gouvernement ukrainien. L\u2019objectif d\u2019Isra\u00ebl en faisant la police sur les c\u00f4tes europ\u00e9ennes est d\u2019emp\u00eacher que les prisonniers de Gaza puissent \u00e9chapper \u00e0 leur horrible, horrible sort. Il faut que deux millions de Palestiniens soient \u00e0 toute force maintenus dans leur camp de concentration \u00e0 ciel ouvert, pour s\u2019y faire torturer, bombarder, affamer et en fin de compte liquider. C\u2019est \u00e0 cela qu\u2019est occup\u00e9 l\u2019\u00e9tat sioniste d\u2019Isra\u00ebl. Et, s\u2019il vous plait, ne prenez pas ceci pour une d\u00e9claration antis\u00e9mite. Il y a des millions d\u2019Isra\u00e9liens qui ne sont pas d\u2019accord avec cette politique fasciste. Mais on les fait taire, ils n\u2019ont pas le droit de dire ce qu\u2019ils pensent. Comme les Europ\u00e9ens, ils sont, goutte \u00e0 goutte et sans cesse, endoctrin\u00e9s par les mensonges, les fausset\u00e9s et les tromperies de toutes sortes, \u00e0 croire que les Palestiniens sont un danger pour la survie d\u2019Isra\u00ebl.<\/span><\/p>\n<p style=\"text-align: justify;\"><span style=\"font-family: times new roman, times, serif; font-size: 14pt;\">Ce n\u2019est tout simplement PAS VRAI. C\u2019est un mensonge flagrant \u2013 un mensonge soutenu par les \u00c9tats-Unis, qui ont int\u00e9r\u00eat \u00e0 maintenir un conflit permanent au Moyen Orient, pour pouvoir continuer \u00e0 contr\u00f4ler \u00e0 leur seul profit les riches ressources du Moyen Orient \u2013 et Isra\u00ebl est un alli\u00e9 important \u2013\u00a0 plus qu\u2019un alli\u00e9. Gr\u00e2ce \u00e0 l\u2019afflux sans fin de l\u2019argent d\u2019Isra\u00ebl et de l\u2019AIPAC dans les poches des politiciens de Washington, c\u2019est Isra\u00ebl, dans le r\u00f4le de l\u2019officier payeur des campagnes politiques des deux bords du Parti Unique \u00e0 deux t\u00eates, qui m\u00e8ne la danse. Par Isra\u00ebl, j\u2019entends l\u2019Isra\u00ebl des sionistes, pas celui des gens simples qui ne souhaitent que la paix et une relation amicale et harmonieuse avec les Palestiniens, les Isra\u00e9liens qui sont conscients de camper sur un territoire palestinien, les Isra\u00e9liens qui ne se sont pas laiss\u00e9 aveugler par ceux qui, depuis 70 ans, falsifient l\u2019histoire, trafiquent les livres scolaires et pr\u00e9tendent que cette Terre Sainte\u00a0 est la leur et non un morceau de territoire mutuel \u00e0 partager \u00e9quitablement et avec des droits \u00e9gaux.<\/span><\/p>\n<p style=\"text-align: justify;\"><span style=\"font-family: times new roman, times, serif; font-size: 14pt;\">Ces Isra\u00e9liens, la grande majorit\u00e9, ne sont pas vis\u00e9s par cet article ni par l\u2019accusation de fascisme. C\u2019est leur gouvernement dictatorial, ce sont ceux qui marchent main dans la main avec l\u2019administration Trump n\u00e9o-fasciste et, en somme, avec ceux qui m\u00e8nent la danse \u00e0 Washington, dans tous les soi-disant <em>think-tanks<\/em> (sic) <em>[\u00ab citernes pensantes\u00a0\u00bb selon Aline de Di\u00e9guez, ndt]<\/em> o\u00f9 se fait la politique des \u00c9tats-Unis. L\u2019Isra\u00ebl n\u00e9o-liberal, <em>cum<\/em> n\u00e9onazi, veut \u00e9radiquer la Palestine, l\u2019Iran et la Syrie, et couche avec les sanglants Saoudiens, avec les assassins de dizaines de milliers d\u2019enfants y\u00e9m\u00e9nites, avec les brutes qui assassinent toute la population y\u00e9m\u00e9nite par la famine, par la destruction des ressources en eau et des syst\u00e8mes sanitaires, par le chol\u00e9ra et les myriades d\u2019autres maladies que tout cela provoque.<\/span><\/p>\n<p style=\"text-align: justify;\"><span style=\"font-family: times new roman, times, serif; font-size: 14pt;\">L\u2019entrepreneur militaire priv\u00e9 isra\u00e9lien a donc annonc\u00e9 qu\u2019il avait sign\u00e9 ce contrat de deux ans renouvelable pour deux ans avec l\u2019Agence Europ\u00e9enne pour la S\u00e9curit\u00e9 Maritime (<a href=\"https:\/\/fr.wikipedia.org\/wiki\/Agence_europ%C3%A9enne_pour_la_s%C3%A9curit%C3%A9_maritime\"><strong>AESM<\/strong><\/a>). Ses drones patrouilleront les c\u00f4tes de la M\u00e9diterran\u00e9e et de l\u2019Europe, pour informer les autorit\u00e9s europ\u00e9ennes des \u00ab\u00a0irr\u00e9gularit\u00e9s\u00a0\u00bb, des bateaux de r\u00e9fugi\u00e9s, des embarcations de la derni\u00e8re chance transportant des gens d\u00e9sesp\u00e9r\u00e9s, qui tentent de fuir la mis\u00e8re insupportable apport\u00e9e \u00e0 leurs pays par l\u2019Occident. Et le nombre des r\u00e9fugi\u00e9s palestiniens est en hausse. Ils n\u2019arrivent plus \u00e0 supporter leur sort abject sous la botte isra\u00e9lienne et ses diktats cruels. Ils cherchent refuge en Europe. Paradoxalement, ils\u00a0vont demander asile \u00e0 leur bourreau. Mais o\u00f9 iraient-ils, sinon\u00a0?<\/span><\/p>\n<p style=\"text-align: justify;\"><span style=\"font-family: times new roman, times, serif; font-size: 14pt;\">Ainsi, les avions militaires isra\u00e9liens sans pilote signaleront automatiquement \u00e0 l\u2019arm\u00e9e d\u2019Isra\u00ebl <em>[Tsahal de son pr\u00e9nom, ndt]<\/em> toute tentative d\u2019\u00e9vasion des Palestiniens. Pour qu\u2019elle puisse les ramener \u00e0 leur chambre des supplices en plein air, puisque c\u2019est ce que Gaza est devenue. Les conditions de \u00ab\u00a0terreur\u00a0\u00bb sous lesquelles vit Gaza sont devenues la \u00ab\u00a0norme\u00a0\u00bb absolue par rapport \u00e0 celle des populations occidentales, surtout europ\u00e9ennes, qui continueront beno\u00eetement \u00e0 regarder les Palestiniens se faire tellement massacrer qu&rsquo;ils en arrivent \u00e0 tenter de s\u2019enfuir co\u00fbte que co\u00fbte de leur prison \u00e0 vie.<\/span><\/p>\n<p style=\"text-align: justify;\"><span style=\"font-family: times new roman, times, serif; font-size: 14pt;\">C\u2019est cela que l\u2019Occident est devenu, ou, comme ledirait mon ami Andre Vltchek\u00a0: ils ont colonis\u00e9, r\u00e9duit en esclavage et vid\u00e9 l\u2019Asie, l\u2019Afrique et l\u2019Am\u00e9rique Latine [<em>sans compter celle du Nord, ndt] <\/em>depuis au moins mille ans \u2013 pourquoi devrait-on s\u2019attendre \u00e0 ce qu\u2019ils changent\u00a0? Ils s\u2019en sont tir\u00e9 par le fer et par le feu depuis\u00a0 si longtemps, pourquoi voudrait-on qu\u2019ils s\u2019y prennent autrement\u00a0? Ils continuent aujourd\u2019hui par des m\u00e9thodes (\u00e0 peine) diff\u00e9rentes\u00a0: leur esclavage financier. C\u2019est l\u2019\u00e9pitom\u00e9 de la n\u00e9o-colonisation criminelle sans scrupule et sans honte. Le contrat de deux \u00e0 quatre ans de l\u2019entrepreneur militaire priv\u00e9 d\u2019Isra\u00ebl ne fait que servir d\u2019interm\u00e9diaire \u00e0 la terreur, au manque de compassion et \u00e0 l\u2019inhumanit\u00e9 europ\u00e9ennes. Remarquez, les \u00c9tats-Unis ne sont jamais que l\u2019h\u00e9ritage des Europ\u00e9ens qui ont \u00e9migr\u00e9 de l\u2019autre c\u00f4t\u00e9 de l\u2019Atlantique.<\/span><\/p>\n<p style=\"text-align: justify;\"><span style=\"font-family: times new roman, times, serif; font-size: 14pt;\">La compagnie Elbit Systems Ltd fournira aux pays de l\u2019Union Europ\u00e9enne un service de patrouilles par drones et, th\u00e9oriquement, rien d\u2019autre, ce qui est bien entendu un fieff\u00e9 mensonge. Ils confisqueront, ex-contractuellement, les embarcations de r\u00e9fugi\u00e9s, si mis\u00e9rables soient-elles, et contribueront ainsi \u00e0 davantage de morts par noyade. En septembre 2018, selon l\u2019Agence des Nations Unies pour les R\u00e9fugi\u00e9s (UNHCR) les transferts de r\u00e9fugi\u00e9s en M\u00e9diterran\u00e9e ont \u00e9t\u00e9 plus meurtriers que dans tout le reste de l\u2019ann\u00e9e, avec plus de 1.600 victimes \u00e0 ce jour.<\/span><\/p>\n<p style=\"text-align: justify;\"><span style=\"font-family: times new roman, times, serif; font-size: 14pt;\"><em>Rocket News<\/em> rapporte :<\/span><\/p>\n<p style=\"text-align: justify; padding-left: 30px;\"><span style=\"font-family: times new roman, times, serif; font-size: 14pt;\">\u00ab\u00a0En octobre, les compagnies isra\u00e9liennes ont sign\u00e9 des contrats d\u2019achat avec les Nations Unies pour la fourniture d\u2019eau et de services de s\u00e9curit\u00e9 aux forces de l\u2019ONU en Afrique. Isra\u00ebl a \u00e9galement sign\u00e9 un contrat portant sur 777 millions de dollars pour des fournitures aux services de d\u00e9fense anti-missiles de l\u2019Inde, tout en se r\u00e9v\u00e9lant un exportateur majeur d\u2019\u00e9quipement servant \u00e0 espionner les populations civiles, utilis\u00e9s par les dictateurs et les gouvernements autoritaires dans le monde entier.\u00a0\u00bb<\/span><\/p>\n<p style=\"text-align: justify;\"><span style=\"font-family: times new roman, times, serif; font-size: 14pt;\">Et <em>Rocket News<\/em> continue\u00a0:<\/span><\/p>\n<p style=\"text-align: justify; padding-left: 30px;\"><span style=\"font-family: times new roman, times, serif; font-size: 14pt;\">\u00ab\u00a0Des affaires de ce genre ainsi que d\u2019autres contrats sign\u00e9s pour des multi-millions de dollars dans une grande vari\u00e9t\u00e9 d\u2019endroits ne sont pas vus que comme une source de b\u00e9n\u00e9fice pour l\u2019\u00e9conomie isra\u00e9lienne, mais aussi comme une preuve indirecte de la fiabilit\u00e9 de ses services et comme la source d\u2019une augmentation potentielle de sa cr\u00e9dibilit\u00e9 internationale.\u00a0\u00bb<\/span><\/p>\n<p style=\"text-align: justify;\"><span style=\"font-family: times new roman, times, serif; font-size: 14pt;\">Quoi que fasse le Peuple \u00c9lu, quoi que fasse l\u2019\u00c9tat sioniste d\u2019Isra\u00ebl, c\u2019est pour le bien de notre Terre-M\u00e8re, n\u2019est-ce pas\u00a0?<\/span><\/p>\n<p style=\"text-align: justify;\"><span style=\"font-family: times new roman, times, serif; font-size: 14pt;\">Combien de temps faudra-t-il encore pour que les autres habitants de notre Terre-M\u00e8re se r\u00e9veillent d&rsquo;un tel cauchemar en criant d\u2019horreur et d\u2019angoisse\u00a0? Combien de temps, avant qu\u2019ils mettent fin \u00e0 cette farce, \u00e0 cette grotesque dictature anglo-sioniste\u00a0?<\/span><\/p>\n<p><span style=\"font-family: times new roman, times, serif; font-size: 14pt;\">Source\u00a0: <a href=\"http:\/\/www.informationclearinghouse.info\/50608.htm\">http:\/\/www.informationclearinghouse.info\/50608.htm<\/a><\/span><\/p>\n<p style=\"text-align: right;\"><span style=\"font-family: times new roman, times, serif; font-size: 14pt;\">\u00a0Traduction\u00a0: c.l. pour Les Grosses Orchades<\/span><\/p>\n<p><span style=\"font-family: times new roman, times, serif; font-size: 14pt;\">______________\u00a0<\/span><\/p>\n<p>&nbsp;<\/p>\n<p style=\"padding-left: 30px;\"><span style=\"font-family: times new roman, times, serif; font-size: 14pt; color: #c00000;\"><strong><em>Petit commentaire des Grosses Orchades, qui ne censurent pas leurs auteurs, m\u00eame quand ils ne sont pas d\u2019accord, mais qui ne se privent pas de les commenter\u2026<\/em><\/strong><\/span><\/p>\n<p style=\"text-align: justify; padding-left: 30px;\"><span style=\"font-family: comic sans ms, sans-serif; font-size: 12pt;\">Les mots ayant un sens, nous nous sentons oblig\u00e9s de dire que nous ne suivons pas M. Koenig dans sa distribution des \u00e9tats \u00ab\u00a0fascistes\u00a0\u00bb et des \u00e9tats \u00ab\u00a0nazis\u00a0\u00bb. En gros, ceux qu\u2019il dit \u00ab\u00a0nazis\u00a0\u00bb \u2013 la Hongrie de M. Orban, la Pologne de M. Duda et bient\u00f4t, l\u2019Italie de M. Salvini<span style=\"font-family: times new roman, times, serif; color: #c00000;\">*<\/span> \u2013 nous les voyons plut\u00f4t \u00e0 tendance fascisto\u00efde et pas encore fascistes. Quant aux autres \u2013 les USA, Isra\u00ebl et nous (UE et Grande Bretagne) \u2013 ils sont \u00e0 classer dans les \u00ab\u00a0nazis\u00a0\u00bb dans la mesure o\u00f9, aux fruits on conna\u00eet l\u2019arbre, et o\u00f9 crimes fascistes et crimes nazis ne sont pas tout \u00e0 fait les m\u00eames.<\/span><\/p>\n<p style=\"text-align: justify; padding-left: 30px;\"><span style=\"font-family: comic sans ms, sans-serif; font-size: 12pt;\">Nous n\u2019arrivons pas \u00e0 le suivre non plus quand il voit des millions d\u2019Isra\u00e9liens pr\u00eats \u00e0 vivre en bonne harmonie avec les Palestiniens. C\u2019est s\u00fbr qu\u2019il y en a. Il y en a toujours. Surtout parmi les plus jeunes, qui n\u2019ont pas choisi de s\u2019implanter l\u00e0 mais qui y sont n\u00e9s, et qui trouvent en eux, individuellement, assez de force d\u2019\u00e2me et de conscience pour refuser le service militaire, surtout quand on sait ce que ce choix implique. On peut m\u00eame, dans leur cas, parler d\u2019h\u00e9ro\u00efsme. Mais les millions d\u2019Isra\u00e9liens de bonne volont\u00e9 victimes de M. Netanyahu, il faut vraiment fantasmer tr\u00e8s fort pour les voir. S\u2019ils existaient, c\u2019est pour le coup qu\u2019ils seraient un peuple diff\u00e9rent des autres\u00a0!<\/span><\/p>\n<p style=\"padding-left: 30px;\">\u00ad\u00ad\u00ad\u00ad\u00ad\u00ad\u00ad\u00ad\u00ad\u00ad\u00ad\u00ad\u00ad\u00ad\u00ad\u00ad\u00ad\u00ad\u00ad\u00ad\u00ad\u00ad\u00ad\u00ad________________<\/p>\n<p style=\"text-align: justify; padding-left: 30px;\"><span style=\"font-family: times new roman, times, serif; font-size: 18pt; color: #c00000;\">*<\/span> <span style=\"font-family: comic sans ms, sans-serif; color: #000000;\">M. Giordano Bruno GUERRI, un des sp\u00e9cialistes du fascisme italien historique, a d\u2019ailleurs \u00e9crit quelque part que, s\u2019il \u00e9tait vivant aujourd\u2019hui, Mussolini militerait \u00e0 Cinq \u00c9toiles.<\/span><\/p>\n<p>&nbsp;<\/p>\n<p><img loading=\"lazy\" class=\"alignnone size-full wp-image-707 aligncenter\" src=\"http:\/\/blog.lesgrossesorchadeslesamplesthalameges.fr\/wp-content\/uploads\/2018\/11\/Marianne-pleurant-petit-xxx-1.gif\" alt=\"\" width=\"72\" height=\"86\" \/><\/p>\n<p>&nbsp;<\/p>\n<p>&nbsp;<\/p>\n<p style=\"text-align: right;\"><span style=\"font-family: comic sans ms, sans-serif;\">Novembre 2018<\/span><\/p>\n","protected":false},"excerpt":{"rendered":"<p>&nbsp; &nbsp; &nbsp; &nbsp; Si c\u2019est \u00e7a l\u2019\u00ab\u00a0Arm\u00e9e Europ\u00e9enne\u00a0\u00bb dont parlent petit Micron et dame Angela, on est bien partis pour se lib\u00e9rer de l\u2019OTAN\u2026 \u00a0 Isra\u00ebl va assurer le maintien de l\u2019ordre sur les c\u00f4tes europ\u00e9ennes \u2013 Pour prot\u00e9ger le continent des r\u00e9fugi\u00e9s\u00a0? &nbsp; \u00ab Il faut que deux millions de Palestiniens soient \u00e0&#8230;<\/p>\n","protected":false},"author":1,"featured_media":0,"parent":0,"menu_order":0,"comment_status":"open","ping_status":"closed","template":"","meta":[],"_links":{"self":[{"href":"https:\/\/blog.lesgrossesorchadeslesamplesthalameges.fr\/index.php\/wp-json\/wp\/v2\/pages\/711"}],"collection":[{"href":"https:\/\/blog.lesgrossesorchadeslesamplesthalameges.fr\/index.php\/wp-json\/wp\/v2\/pages"}],"about":[{"href":"https:\/\/blog.lesgrossesorchadeslesamplesthalameges.fr\/index.php\/wp-json\/wp\/v2\/types\/page"}],"author":[{"embeddable":true,"href":"https:\/\/blog.lesgrossesorchadeslesamplesthalameges.fr\/index.php\/wp-json\/wp\/v2\/users\/1"}],"replies":[{"embeddable":true,"href":"https:\/\/blog.lesgrossesorchadeslesamplesthalameges.fr\/index.php\/wp-json\/wp\/v2\/comments?post=711"}],"version-history":[{"count":0,"href":"https:\/\/blog.lesgrossesorchadeslesamplesthalameges.fr\/index.php\/wp-json\/wp\/v2\/pages\/711\/revisions"}],"wp:attachment":[{"href":"https:\/\/blog.lesgrossesorchadeslesamplesthalameges.fr\/index.php\/wp-json\/wp\/v2\/media?parent=711"}],"curies":[{"name":"wp","href":"https:\/\/api.w.org\/{rel}","templated":true}]}}