{"id":7296,"date":"2019-11-11T19:24:28","date_gmt":"2019-11-11T18:24:28","guid":{"rendered":"http:\/\/blog.lesgrossesorchadeslesamplesthalameges.fr\/?page_id=7296"},"modified":"2019-11-11T19:24:28","modified_gmt":"2019-11-11T18:24:28","slug":"le-caporetto-de-lantiquite","status":"publish","type":"page","link":"https:\/\/blog.lesgrossesorchadeslesamplesthalameges.fr\/index.php\/le-caporetto-de-lantiquite\/","title":{"rendered":"Le Caporetto de l&rsquo;Antiquit\u00e9"},"content":{"rendered":"<p>&nbsp;<\/p>\n<p>&nbsp;<\/p>\n<p>&nbsp;<\/p>\n<p>&nbsp;<\/p>\n<p>&nbsp;<\/p>\n<p>&nbsp;<\/p>\n<p>&nbsp;<\/p>\n<p style=\"text-align: justify;\"><span style=\"font-family: times new roman, times, serif; font-size: 18pt; color: #c00000;\"><strong><em>Ce n\u2019\u00e9tait pourtant pas la premi\u00e8re fois<\/em><\/strong><\/span><\/p>\n<p>&nbsp;<\/p>\n<p style=\"text-align: justify;\"><span style=\"font-family: times new roman, times, serif; font-size: 14pt;\"><strong><em>\u00a0<\/em><\/strong><\/span><\/p>\n<p style=\"text-align: center;\"><span style=\"font-family: times new roman, times, serif; font-size: 36pt;\"><strong>Le Caporetto de l\u2019Antiquit\u00e9<\/strong><\/span><\/p>\n<p>&nbsp;<\/p>\n<p style=\"text-align: center;\"><span style=\"color: #808080;\"><strong><span style=\"font-size: 18pt; font-family: times new roman, times, serif;\">Th\u00e9roigne &#8211; Novembre 2019<\/span><\/strong><\/span><\/p>\n<p>&nbsp;<\/p>\n<p style=\"text-align: justify;\"><span style=\"color: #808080; font-family: comic sans ms, sans-serif; font-size: 14pt;\"><strong>\u00a0<\/strong><\/span><\/p>\n<p style=\"text-align: justify;\"><span style=\"font-family: comic sans ms, sans-serif; font-size: 14pt;\">L\u2019\u00c9trusque absolu qu\u2019a \u00e9t\u00e9 Curzio Malaparte (bien plus encore que l\u2019autre face de la m\u00e9daille\u00a0: Pier Paolo Pasolini) ne semble pas avoir vu (les autres non plus), dans l\u2019\u00e9v\u00e9nement qui l\u2019a marqu\u00e9 \u00e0 vie, la r\u00e9p\u00e9tition un peu cafouilleuse du Caporetto de ses anc\u00eatres toscans.<\/span><\/p>\n<p style=\"text-align: justify;\"><span style=\"font-family: comic sans ms, sans-serif; font-size: 14pt;\">Pourtant, la chute de la Dod\u00e9capole \u2013 en autant de si\u00e8ges successifs, au \u00b1 IVe si\u00e8cle avant J.-C. \u2013 n\u2019a pas \u00e9t\u00e9 une petite affaire sans cons\u00e9quences, et pourrait m\u00eame avoir \u00e9t\u00e9 une grande premi\u00e8re dans l\u2019histoire des peuples.<\/span><\/p>\n<p style=\"text-align: justify;\"><span style=\"font-family: comic sans ms, sans-serif; font-size: 14pt;\">Pour r\u00e9sumer et sch\u00e9matiser tr\u00e8s fort \u00e0 l\u2019usage des \u00e9coliers auxquels on n\u2019enseigne plus l\u2019histoire\u00a0: \u00ab\u00a0bien des si\u00e8cles\u00a0\u00bb avant notre \u00e8re (\u00b1 un mill\u00e9naire), des Lydiens venus du Moyen-Orient (tiens, d\u00e9j\u00e0) \u2026<\/span><\/p>\n<p>&nbsp;<\/p>\n<p>&nbsp;<\/p>\n<p>&nbsp;<\/p>\n<p style=\"text-align: center;\"><a href=\"http:\/\/blog.lesgrossesorchadeslesamplesthalameges.fr\/wp-content\/uploads\/2019\/11\/LYDIE.gif\"><img loading=\"lazy\" class=\"alignnone wp-image-7297\" src=\"http:\/\/blog.lesgrossesorchadeslesamplesthalameges.fr\/wp-content\/uploads\/2019\/11\/LYDIE-300x196.gif\" alt=\"\" width=\"600\" height=\"392\" \/><\/a><\/p>\n<p>&nbsp;<\/p>\n<p>&nbsp;<\/p>\n<p style=\"text-align: justify;\"><span style=\"font-family: comic sans ms, sans-serif; font-size: 14pt;\">\u00a0\u00a0<\/span><\/p>\n<p style=\"text-align: justify;\"><span style=\"font-family: comic sans ms, sans-serif; font-size: 14pt;\"><a href=\"http:\/\/andresordes.e-monsite.com\/pages\/quelques-details-a-propos-des-shardanes-par-andre-sordes.html\">s\u2019\u00e9taient \u00e9tablis en Ombrie<\/a>, r\u00e9gion riche en mines de fer de la p\u00e9ninsule italienne.<\/span><\/p>\n<p>&nbsp;<\/p>\n<p>&nbsp;<\/p>\n<p>&nbsp;<\/p>\n<p style=\"text-align: center;\"><a href=\"http:\/\/blog.lesgrossesorchadeslesamplesthalameges.fr\/wp-content\/uploads\/2019\/11\/Carte-de-lEtrrurie.png\"><img loading=\"lazy\" class=\"alignnone wp-image-7298\" src=\"http:\/\/blog.lesgrossesorchadeslesamplesthalameges.fr\/wp-content\/uploads\/2019\/11\/Carte-de-lEtrrurie-247x300.png\" alt=\"\" width=\"400\" height=\"486\" srcset=\"https:\/\/blog.lesgrossesorchadeslesamplesthalameges.fr\/wp-content\/uploads\/2019\/11\/Carte-de-lEtrrurie-247x300.png 247w, https:\/\/blog.lesgrossesorchadeslesamplesthalameges.fr\/wp-content\/uploads\/2019\/11\/Carte-de-lEtrrurie.png 330w\" sizes=\"(max-width: 400px) 100vw, 400px\" \/><\/a><\/p>\n<p>&nbsp;<\/p>\n<p>&nbsp;<\/p>\n<p>&nbsp;<\/p>\n<p style=\"text-align: justify;\"><span style=\"font-family: comic sans ms, sans-serif; font-size: 14pt;\">Un peu avant ou un peu apr\u00e8s eux (60 ans avant la Guerre de Troie, pour Graves) d\u2019autres colons venus de la Carie voisine \u2013 les futurs Romains \u2013 s\u2019\u00e9taient install\u00e9s sur le Mont Palatin.<\/span><\/p>\n<p style=\"text-align: justify;\"><span style=\"font-family: comic sans ms, sans-serif; font-size: 14pt;\">Les premiers \u00e9taient \u00e0 la t\u00eate d\u2019une civilisation d\u00e9j\u00e0 brillante, ma\u00eetrisant toutes sortes de techniques avanc\u00e9es, les seconds \u00e9taient des p\u00e9quenauds agricoles, pas encore tout \u00e0 fait sortis du matriarcat (agricole par d\u00e9finition).<\/span><\/p>\n<p style=\"text-align: justify;\"><span style=\"font-family: comic sans ms, sans-serif; font-size: 14pt;\">Les Lydiens, dits Tyrrh\u00e9niens ou Tyrs\u00e8nes \u2013 nous les appelons Toscans \u2013 avaient fond\u00e9, dans la r\u00e9gion qui nous int\u00e9resse, une f\u00e9d\u00e9ration de douze villes fortifi\u00e9es, d\u2019o\u00f9 leur nom de Dod\u00e9capole, et leur soci\u00e9t\u00e9 avait ceci de particulier qu\u2019elle \u00e9tait divis\u00e9e en deux parties parfaitement \u00e9tanches\u00a0: \u00e0 sa t\u00eate, une oligarchie qui dominait tout, la politique, la religion, l\u2019\u00e9conomie, l\u2019industrie, la guerre\u00a0; en face ou autour la pl\u00e8be des artisans et artistes de g\u00e9nie, qui avait le droit d\u2019inventer et de fabriquer des choses mais non d\u2019en disposer (elle faisait, par exemple, les plus belles chaussures du monde, qui se font toujours \u00e0 Bologne et \u00e0 Florence).<\/span><\/p>\n<p style=\"text-align: justify;\"><span style=\"font-family: comic sans ms, sans-serif; font-size: 14pt;\">\u00a0\u00c0 la t\u00eate d\u2019une flotte puissante, d\u2019une industrie de pointe et rompue \u00e0 toutes les manipulations, cette oligarchie qui a fait cadeau \u00e0 l\u2019Europe occidentale, entre autres choses, de la banque et du fascisme, a connu quelques si\u00e8cles fastes, dont les miettes retombaient sur les sans-dents et sans-droits. Mais quand la prosp\u00e9rit\u00e9 s\u2019est mise \u00e0 d\u00e9cliner (tous les empires, grands ou petits, finissent par l\u00e0), l\u2019\u00c9trurie a commenc\u00e9 \u00e0 s\u2019en prendre \u00e0 Rome, lui a envoy\u00e9 une esp\u00e8ce de Napol\u00e9on d\u2019\u00e9poque \u00e0 la t\u00eate de \u00ab\u00a0conqu\u00e9rants\u00a0\u00bb. Passons la prise de l\u2019<em>urbs<\/em>, la chute de Tarquin l\u2019Ancien et le meurtre de son meurtrier par Tarquin le Jeune et la suite.<\/span><\/p>\n<p style=\"text-align: justify;\"><span style=\"font-family: comic sans ms, sans-serif; font-size: 14pt;\">Le r\u00e9sultat des courses, c\u2019est que les Romains, tout p\u00e9quenauds qu\u2019ils \u00e9taient, ont fini par voir rouge, par s\u2019armer (les fameux fermiers-soldats) et par s\u2019en, aller mettre le si\u00e8ge devant la premi\u00e8re ville \u00e9trusque sur leur chemin. Qui est tomb\u00e9e plut\u00f4t facilement. Presque sans coup f\u00e9rir. Et apr\u00e8s elle les autres. Fin de la Dod\u00e9capole, qui dispara\u00eet corps et biens\u00a0: ce qui n\u2019\u00e9tait pas encore \u2013 et de loin \u2013 l\u2019empire romain, venait de commencer sa carri\u00e8re.<\/span><\/p>\n<p style=\"text-align: justify;\"><span style=\"font-family: comic sans ms, sans-serif; font-size: 14pt;\">Que s\u2019\u00e9tait-il pass\u00e9\u00a0?<\/span><\/p>\n<p style=\"text-align: justify;\"><span style=\"font-family: comic sans ms, sans-serif; font-size: 14pt;\">Il s\u2019\u00e9tait pass\u00e9 quelque chose qui n\u2019arrive pas souvent et qui e\u00fbt rempli d\u2019aise Vladimir Illich Oulianov\u00a0: la pl\u00e8be toscane avait d\u00e9cid\u00e9 de ne pas se battre pour ses ma\u00eetres. Elle s\u2019\u00e9tait dit \u00ab\u00a0Esclaves pour esclaves, l\u2019\u00eatre de ceux-ci ou de ceux qui arrivent, qu\u2019importe\u00a0? Qu\u2019ils se battent entre eux s\u2019ils veulent\u00a0!\u00a0\u00bb Elle avait mis la crosse en l\u2019air, donn\u00e9 les cl\u00e9s de ses villes aux assaillants et attendu son sort. Qui n\u2019avait pas tard\u00e9\u00a0: de pl\u00e8be toscane elle \u00e9tait devenue pl\u00e8be latine. Avec une diff\u00e9rence, cependant\u00a0: la brillante civilisation\u00a0 \u00e9trusque n\u2019a pas laiss\u00e9, en disparaissant, une seule page de litt\u00e9rature, au point que ce qui reste de sa langue n\u2019a pas encore \u00e9t\u00e9 d\u00e9crypt\u00e9. C\u2019est ce qui arrive quand il n\u2019y a pas communication du tout entre les composantes d\u2019une soci\u00e9t\u00e9\u00a0: pas de litt\u00e9rature. Ce n\u2019est qu\u2019apr\u00e8s avoir \u00e9t\u00e9 colonis\u00e9e par les Romains que la Toscane a pu avoir, enfin, ses Dante, ses Boccace, ses Machiavel, ses Pasolini et ses Malaparte.<\/span><\/p>\n<p style=\"text-align: justify;\"><span style=\"font-family: comic sans ms, sans-serif; font-size: 14pt;\">L\u2019oligarchie, elle, s\u2019est transport\u00e9e \u00e0 Rome avec armes, bagages et fabuleuses richesses. Elle a forg\u00e9 de toutes pi\u00e8ces des <em>Livres Sibyllins<\/em> qui lui ont permis de diriger Rome en sous-main pendant des si\u00e8cles. Oui, ce fut un AIPAC d\u2019\u00e9poque.<\/span><\/p>\n<p style=\"text-align: justify;\"><span style=\"font-family: comic sans ms, sans-serif; font-size: 14pt;\">L\u2019histoire officielle de Rome \u2013 elle existait d\u00e9j\u00e0 \u2013 a soigneusement occult\u00e9 ces int\u00e9ressants d\u00e9veloppements, car les nouveaux dominants ne se souciaient pas de donner des id\u00e9es aux domin\u00e9s qu\u2019ils allaient mater un peu partout.<\/span><\/p>\n<p style=\"text-align: justify;\"><span style=\"font-family: comic sans ms, sans-serif; font-size: 14pt;\">Mais la m\u00e9moire populaire, par transmission orale en ces temps lointains, trouve toujours le moyen de semer ses cailloux de Petit Poucet. Elle nous a laiss\u00e9 le mythe de Tarp\u00e9ia, qui vend la m\u00e8che.<\/span><\/p>\n<p style=\"text-align: justify;\"><span style=\"font-family: comic sans ms, sans-serif; font-size: 14pt;\">On sait que Rome ex\u00e9cutait certains condamn\u00e9s, principalement les tra\u00eetres, en les pr\u00e9cipitant de la \u00ab\u00a0roche tarp\u00e9ienne\u00a0\u00bb\u00a0: ancien rituel devenu obsol\u00e8te de mise \u00e0 mort sacrificielle des rois matriarcaux (encore quelque chose qu\u2019il valait mieux faire oublier). On accoucha donc, pour expliquer la chute si facile de l\u2019\u00c9trurie, de l\u2019histoire de Tarp\u00e9ia, une suppos\u00e9e jeune fille toscane qui, s\u2019\u00e9tant \u2013 ah, les femmes, qu\u2019en attendre d\u2019autre\u00a0! \u2013 amourach\u00e9e d\u2019un des assaillants romains, lui aurait donn\u00e9, avec son c\u0153ur, \u00a0les cl\u00e9s de sa ville pr\u00e9alablement subtilis\u00e9es. Rome, vertueuse comme une lady victorienne, aurait puni la tra\u00eetresse \u00e0 sa patrie qui lui avait fait ce cadeau en la pr\u00e9cipitant de la fameuse roche, dont le nom fut ainsi, du m\u00eame coup expliqu\u00e9-justifi\u00e9.<\/span><\/p>\n<p style=\"text-align: justify;\"><span style=\"font-family: comic sans ms, sans-serif; font-size: 14pt;\">\u00c9difiant comme tout. Plus encore quand c\u2019est multipli\u00e9 par douze.<\/span><\/p>\n<p>&nbsp;<\/p>\n<p>&nbsp;<\/p>\n<p>&nbsp;<\/p>\n<p style=\"text-align: center;\"><a href=\"http:\/\/blog.lesgrossesorchadeslesamplesthalameges.fr\/wp-content\/uploads\/2019\/11\/2.-Aigle-au-chapeau.gif\"><img loading=\"lazy\" class=\"alignnone size-full wp-image-7247\" src=\"http:\/\/blog.lesgrossesorchadeslesamplesthalameges.fr\/wp-content\/uploads\/2019\/11\/2.-Aigle-au-chapeau.gif\" alt=\"\" width=\"51\" height=\"75\" \/><\/a><\/p>\n<p>&nbsp;<\/p>\n<p>&nbsp;<\/p>\n<p style=\"text-align: justify; padding-left: 120px;\"><span style=\"font-family: times new roman, times, serif; font-size: 14pt;\">Malaparte\u00a0:<\/span><\/p>\n<p style=\"text-align: justify; padding-left: 120px;\"><span style=\"font-family: times new roman, times, serif; font-size: 14pt;\">\u00ab\u00a0Car les Prat\u00e9ens sont toscans \u00e0 leur mani\u00e8re et n\u2019ont rien \u00e0 faire avec Rome et les Romains (auxquels la Toscane ne pardonnera jamais le brutal esclavage, les pers\u00e9cutions f\u00e9roces, les tueries effroyables et la mort de la langue \u00e9trusque, \u00e9touff\u00e9e dans la gorge des enfants de Volterra, Fiesole, Arezzo, Cortona, Orvieto, Tarquinia, V\u00e9ies).\u00a0\u00bb<\/span><\/p>\n<p style=\"text-align: justify; padding-left: 120px;\"><span style=\"font-family: times new roman, times, serif; font-size: 14pt;\"><em>Ces Sacr\u00e9s Toscans<\/em>, Les Belles Lettres, p.69<\/span><\/p>\n<p>&nbsp;<\/p>\n<p>&nbsp;<\/p>\n<p style=\"text-align: justify;\"><span style=\"font-family: times new roman, times, serif; font-size: 14pt;\">Oufti\u00a0! On se croirait chez les Vend\u00e9ens, dont les enfants \u00e9taient interdits de breton en classe de fran\u00e7ais par la gueuze de R\u00e9publique\u00a0!<\/span><\/p>\n<p>&nbsp;<\/p>\n<p>&nbsp;<\/p>\n<p>&nbsp;<\/p>\n<p style=\"text-align: center;\"><a href=\"http:\/\/blog.lesgrossesorchadeslesamplesthalameges.fr\/wp-content\/uploads\/2019\/11\/2.-Aigle-au-chapeau.gif\"><img loading=\"lazy\" class=\"alignnone size-full wp-image-7247\" src=\"http:\/\/blog.lesgrossesorchadeslesamplesthalameges.fr\/wp-content\/uploads\/2019\/11\/2.-Aigle-au-chapeau.gif\" alt=\"\" width=\"51\" height=\"75\" \/><\/a><\/p>\n<p>&nbsp;<\/p>\n<p>&nbsp;<\/p>\n<p>&nbsp;<\/p>\n<p style=\"text-align: right;\"><span style=\"font-family: comic sans ms, sans-serif; font-size: 14pt;\">11-17 Novembre 2019<\/span><\/p>\n<p>&nbsp;<\/p>\n<p>&nbsp;<\/p>\n<p>&nbsp;<\/p>\n","protected":false},"excerpt":{"rendered":"<p>&nbsp; &nbsp; &nbsp; &nbsp; &nbsp; &nbsp; &nbsp; Ce n\u2019\u00e9tait pourtant pas la premi\u00e8re fois &nbsp; \u00a0 Le Caporetto de l\u2019Antiquit\u00e9 &nbsp; Th\u00e9roigne &#8211; Novembre 2019 &nbsp; \u00a0 L\u2019\u00c9trusque absolu qu\u2019a \u00e9t\u00e9 Curzio Malaparte (bien plus encore que l\u2019autre face de la m\u00e9daille\u00a0: Pier Paolo Pasolini) ne semble pas avoir vu (les autres non plus), dans&#8230;<\/p>\n","protected":false},"author":1,"featured_media":0,"parent":0,"menu_order":0,"comment_status":"open","ping_status":"open","template":"","meta":[],"_links":{"self":[{"href":"https:\/\/blog.lesgrossesorchadeslesamplesthalameges.fr\/index.php\/wp-json\/wp\/v2\/pages\/7296"}],"collection":[{"href":"https:\/\/blog.lesgrossesorchadeslesamplesthalameges.fr\/index.php\/wp-json\/wp\/v2\/pages"}],"about":[{"href":"https:\/\/blog.lesgrossesorchadeslesamplesthalameges.fr\/index.php\/wp-json\/wp\/v2\/types\/page"}],"author":[{"embeddable":true,"href":"https:\/\/blog.lesgrossesorchadeslesamplesthalameges.fr\/index.php\/wp-json\/wp\/v2\/users\/1"}],"replies":[{"embeddable":true,"href":"https:\/\/blog.lesgrossesorchadeslesamplesthalameges.fr\/index.php\/wp-json\/wp\/v2\/comments?post=7296"}],"version-history":[{"count":0,"href":"https:\/\/blog.lesgrossesorchadeslesamplesthalameges.fr\/index.php\/wp-json\/wp\/v2\/pages\/7296\/revisions"}],"wp:attachment":[{"href":"https:\/\/blog.lesgrossesorchadeslesamplesthalameges.fr\/index.php\/wp-json\/wp\/v2\/media?parent=7296"}],"curies":[{"name":"wp","href":"https:\/\/api.w.org\/{rel}","templated":true}]}}