{"id":7349,"date":"2019-11-11T22:06:54","date_gmt":"2019-11-11T21:06:54","guid":{"rendered":"http:\/\/blog.lesgrossesorchadeslesamplesthalameges.fr\/?page_id=7349"},"modified":"2019-11-11T22:06:54","modified_gmt":"2019-11-11T21:06:54","slug":"editeurs-italiens-et-celebrations","status":"publish","type":"page","link":"https:\/\/blog.lesgrossesorchadeslesamplesthalameges.fr\/index.php\/editeurs-italiens-et-celebrations\/","title":{"rendered":"\u00c9diteurs italiens et c\u00e9l\u00e9brations"},"content":{"rendered":"<p>&nbsp;<\/p>\n<p>&nbsp;<\/p>\n<p>&nbsp;<\/p>\n<p>&nbsp;<\/p>\n<p>&nbsp;<\/p>\n<p>&nbsp;<\/p>\n<p style=\"text-align: center;\"><span style=\"font-family: times new roman, times, serif; font-size: 48pt; color: #c00000;\">\u00c9diteurs italiens et c\u00e9l\u00e9brations<\/span><\/p>\n<p>&nbsp;<\/p>\n<p>&nbsp;<\/p>\n<p style=\"text-align: center;\"><a href=\"http:\/\/blog.lesgrossesorchadeslesamplesthalameges.fr\/wp-content\/uploads\/2019\/11\/LIVRES-GIF-XXX.gif\"><img loading=\"lazy\" class=\"alignnone size-medium wp-image-7360\" src=\"http:\/\/blog.lesgrossesorchadeslesamplesthalameges.fr\/wp-content\/uploads\/2019\/11\/LIVRES-GIF-XXX-300x300.gif\" alt=\"\" width=\"300\" height=\"300\" srcset=\"https:\/\/blog.lesgrossesorchadeslesamplesthalameges.fr\/wp-content\/uploads\/2019\/11\/LIVRES-GIF-XXX-300x300.gif 300w, https:\/\/blog.lesgrossesorchadeslesamplesthalameges.fr\/wp-content\/uploads\/2019\/11\/LIVRES-GIF-XXX-150x150.gif 150w\" sizes=\"(max-width: 300px) 100vw, 300px\" \/><\/a><\/p>\n<p>&nbsp;<\/p>\n<p>&nbsp;<\/p>\n<p style=\"text-align: center;\"><span style=\"font-family: times new roman, times, serif; font-size: 36pt;\"><strong>Galzerano Editore<\/strong><\/span><\/p>\n<p style=\"text-align: center;\"><span style=\"font-family: times new roman, times, serif; font-size: 24pt;\"><strong>(<\/strong>\u00e0 Salerna<strong>)<\/strong><\/span><\/p>\n<p style=\"text-align: center;\"><span style=\"font-family: times new roman, times, serif; font-size: 24pt;\"><strong>C\u2019est ici\u00a0:<\/strong><\/span><\/p>\n<p style=\"text-align: center;\"><a href=\"http:\/\/blog.lesgrossesorchadeslesamplesthalameges.fr\/wp-content\/uploads\/2019\/11\/0.-freccia-nera-piccola-xx.gif\"><img loading=\"lazy\" class=\"alignnone size-full wp-image-7308\" src=\"http:\/\/blog.lesgrossesorchadeslesamplesthalameges.fr\/wp-content\/uploads\/2019\/11\/0.-freccia-nera-piccola-xx.gif\" alt=\"\" width=\"46\" height=\"46\" \/><\/a><\/p>\n<p style=\"text-align: center;\"><span style=\"font-family: times new roman, times, serif; font-size: 14pt;\"><a href=\"http:\/\/galzeranoeditore.blogspot.com\/\"><strong><span style=\"font-size: 18pt;\">http:\/\/galzeranoeditore.blogspot.com\/<\/span><\/strong><\/a><\/span><\/p>\n<p style=\"text-align: center;\"><span style=\"font-family: times new roman, times, serif; font-size: 18pt;\"><strong>\u00a0<\/strong><\/span><\/p>\n<p style=\"text-align: left;\"><span style=\"font-family: times new roman, times, serif; font-size: 18pt;\"><strong>communique\u00a0:<\/strong><\/span><\/p>\n<p style=\"text-align: center;\"><span style=\"font-family: times new roman, times, serif; font-size: 14pt;\"><strong>\u00a0<\/strong><\/span><\/p>\n<p style=\"text-align: center;\"><span style=\"font-family: times new roman, times, serif; font-size: 18pt;\"><strong>A chi interessa\u00a0:<\/strong><\/span><\/p>\n<p style=\"text-align: center;\"><span style=\"font-family: times new roman, times, serif; font-size: 24pt;\"><strong>Prato 13-14 novembre 2019<\/strong><\/span><\/p>\n<p style=\"text-align: center;\"><span style=\"font-family: times new roman, times, serif; font-size: 24pt; color: #ff0000;\"><strong>GAETANO BRESCI<\/strong><\/span><\/p>\n<p style=\"text-align: center;\"><span style=\"font-family: times new roman, times, serif; font-size: 24pt; color: #ff0000;\"><strong>nel 150\u00b0 anniversario della nascita<\/strong><\/span><\/p>\n<p style=\"text-align: justify; padding-left: 270px;\"><span style=\"font-family: times new roman, times, serif; font-size: 14pt;\"><strong><br \/>\n<\/strong><span style=\"font-size: 18pt;\"><strong>13 novembre <\/strong><strong>:<\/strong><\/span><\/span><\/p>\n<p style=\"text-align: justify; padding-left: 270px;\"><span style=\"font-family: times new roman, times, serif; font-size: 14pt;\">Interventi di<\/span><\/p>\n<p style=\"text-align: justify; padding-left: 270px;\"><span style=\"font-family: times new roman, times, serif; font-size: 14pt;\"><strong>Fabio Bertini<br \/>\nGiorgio Sacchetti<br \/>\nAlessandro Affortunati<\/strong><\/span><\/p>\n<p style=\"padding-left: 270px;\"><span style=\"font-size: 18pt;\"><strong>14 novembre :<\/strong><\/span><\/p>\n<p style=\"text-align: justify; padding-left: 270px;\"><span style=\"font-family: times new roman, times, serif; font-size: 14pt;\">Interventi di<\/span><\/p>\n<p style=\"text-align: justify; padding-left: 270px;\"><span style=\"font-family: times new roman, times, serif; font-size: 14pt;\"><strong>Giuseppe Galzerano<br \/>\nAntonio Senta<br \/>\nMassimo Ortalli<\/strong><\/span><\/p>\n<p style=\"text-align: justify;\"><span style=\"font-family: times new roman, times, serif; font-size: 14pt;\"><strong>Vive cordialit\u00e0.<\/strong><\/span><\/p>\n<p style=\"text-align: justify;\"><span style=\"font-family: times new roman, times, serif; font-size: 14pt;\"><strong>Giuseppe Galzerano<\/strong><\/span><\/p>\n<p style=\"text-align: justify;\"><span style=\"font-family: times new roman, times, serif; font-size: 14pt;\"><strong>(tel. 0974.62028)<\/strong><\/span><\/p>\n<p style=\"text-align: justify;\"><span style=\"font-family: times new roman, times, serif; font-size: 14pt;\"><strong>\u00a0<\/strong><\/span><\/p>\n<p style=\"text-align: center;\"><a href=\"http:\/\/blog.lesgrossesorchadeslesamplesthalameges.fr\/wp-content\/uploads\/2019\/11\/2.-Aigle-au-chapeau.gif\"><img loading=\"lazy\" class=\"alignnone size-full wp-image-7247\" src=\"http:\/\/blog.lesgrossesorchadeslesamplesthalameges.fr\/wp-content\/uploads\/2019\/11\/2.-Aigle-au-chapeau.gif\" alt=\"\" width=\"51\" height=\"75\" \/><\/a><\/p>\n<p style=\"text-align: justify;\"><span style=\"font-family: times new roman, times, serif; font-size: 14pt;\"><strong>\u00a0<\/strong><\/span><\/p>\n<p style=\"text-align: justify;\"><span style=\"font-family: times new roman, times, serif; font-size: 14pt;\"><strong>\u00a0<\/strong><\/span><\/p>\n<p style=\"text-align: center;\"><span style=\"font-family: times new roman, times, serif; font-size: 36pt;\"><strong>Andrea CHERSI, editore<\/strong><\/span><\/p>\n<p style=\"text-align: center;\"><span style=\"font-family: times new roman, times, serif; font-size: 18pt;\"><strong>C\u2019est l\u00e0\u00a0:<\/strong><\/span><\/p>\n<p style=\"text-align: center;\"><a href=\"http:\/\/blog.lesgrossesorchadeslesamplesthalameges.fr\/wp-content\/uploads\/2019\/11\/0.-freccia-nera-piccola-xx.gif\"><img loading=\"lazy\" class=\"alignnone size-full wp-image-7308\" src=\"http:\/\/blog.lesgrossesorchadeslesamplesthalameges.fr\/wp-content\/uploads\/2019\/11\/0.-freccia-nera-piccola-xx.gif\" alt=\"\" width=\"46\" height=\"46\" \/><\/a><\/p>\n<p style=\"text-align: center;\"><span style=\"font-family: times new roman, times, serif; font-size: 14pt;\"><a href=\"http:\/\/www.chersi.it\"><strong><span style=\"font-size: 24pt;\">www.chersi.it<\/span><\/strong><\/a><\/span><span style=\"font-family: times new roman, times, serif; font-size: 14pt;\"><strong>\u00a0<\/strong><\/span><\/p>\n<p style=\"text-align: center;\"><span style=\"font-family: times new roman, times, serif; font-size: 18pt;\"><strong>Contact\u00a0:<\/strong><\/span><\/p>\n<p style=\"text-align: center;\"><span style=\"font-family: times new roman, times, serif; font-size: 18pt;\"><a href=\"mailto:akersi@hotmail.com\"><strong>akersi@hotmail.com<\/strong><\/a><\/span><\/p>\n<p style=\"text-align: justify;\"><span style=\"font-family: times new roman, times, serif; font-size: 14pt;\"><strong>\u00a0<\/strong><\/span><\/p>\n<p style=\"text-align: justify;\"><span style=\"font-family: times new roman, times, serif; font-size: 14pt;\"><strong>communique\u00a0:<\/strong><\/span><\/p>\n<p style=\"text-align: justify;\"><span style=\"font-family: times new roman, times, serif; font-size: 14pt;\"><strong>\u00a0<\/strong><\/span><\/p>\n<p style=\"text-align: justify; padding-left: 120px;\"><span style=\"font-family: times new roman, times, serif; font-size: 14pt;\"><strong><span style=\"font-family: comic sans ms, sans-serif;\">Abbiamo pubblicato di OSKAR PANIZZA: IL MAIALE<\/span> <\/strong><\/span><\/p>\n<p style=\"text-align: justify; padding-left: 120px;\"><span style=\"font-family: times new roman, times, serif; font-size: 14pt;\">Non ci tragga in inganno il titolo: qui si fa storia e cultura in una dotta cavalcata che scorre dal Rig-Veda all\u2019Edda, da Ovidio al Tristano e Isotta, dai riti nordici del Natale alle fiabe dei fratelli Grimm, dal folclore norreno alle bibliche proibizioni alimentari dei giudei in Egitto.<\/span><\/p>\n<p style=\"text-align: justify; padding-left: 120px;\"><span style=\"font-family: times new roman, times, serif; font-size: 14pt;\">In questa scorribanda orgiastica, Oskar Panizza ci guida in un mondo, di cui il prodigioso maiale occupa una posizione centrale e celeste, in quanto forza vitale che regge l\u2019intero universo, insediandosi in un ruolo divino come inizio e termine di tutte le cose.<\/span><\/p>\n<p style=\"text-align: justify; padding-left: 120px;\"><span style=\"font-family: times new roman, times, serif; font-size: 14pt;\"><strong>Voir ici\u00a0:<\/strong> <a href=\"http:\/\/www.chersi.it\/drupal\/\"><strong>http:\/\/www.chersi.it\/drupal\/<\/strong><\/a><\/span><\/p>\n<p style=\"text-align: justify;\"><span style=\"font-family: times new roman, times, serif; font-size: 14pt;\"><strong>\u00a0<\/strong><\/span><\/p>\n<p style=\"text-align: justify;\"><span style=\"font-family: times new roman, times, serif; font-size: 14pt;\"><strong>\u00a0<\/strong><\/span><\/p>\n<p style=\"text-align: center;\"><span style=\"font-family: times new roman, times, serif; font-size: 14pt;\"><strong>\u00a0<a href=\"http:\/\/blog.lesgrossesorchadeslesamplesthalameges.fr\/wp-content\/uploads\/2019\/11\/2.-Aigle-au-chapeau.gif\"><img loading=\"lazy\" class=\"alignnone size-full wp-image-7247\" src=\"http:\/\/blog.lesgrossesorchadeslesamplesthalameges.fr\/wp-content\/uploads\/2019\/11\/2.-Aigle-au-chapeau.gif\" alt=\"\" width=\"51\" height=\"75\" \/><\/a><\/strong><\/span><\/p>\n<p style=\"text-align: justify;\"><span style=\"font-family: times new roman, times, serif; font-size: 14pt;\"><strong>\u00a0<\/strong><\/span><\/p>\n<p style=\"text-align: justify;\"><span style=\"font-family: times new roman, times, serif; font-size: 24pt; color: #c00000;\"><strong><em>Leurs catalogues sont plus qu\u2019all\u00e9chants.<\/em><\/strong><\/span><\/p>\n<p style=\"text-align: justify;\"><span style=\"font-family: times new roman, times, serif; font-size: 14pt;\"><strong>\u00a0 <\/strong><\/span><\/p>\n<p style=\"text-align: justify;\"><span style=\"font-family: times new roman, times, serif; font-size: 14pt;\"><strong>\u00a0<\/strong><\/span><\/p>\n<p style=\"text-align: justify;\"><span style=\"font-family: times new roman, times, serif; font-size: 14pt;\"><strong>\u00a0<\/strong><\/span><\/p>\n<p style=\"text-align: right;\"><span style=\"font-family: comic sans ms, sans-serif; font-size: 14pt;\">11\u201317 Novembre 2019<\/span><\/p>\n<p>&nbsp;<\/p>\n<p>&nbsp;<\/p>\n","protected":false},"excerpt":{"rendered":"<p>&nbsp; &nbsp; &nbsp; &nbsp; &nbsp; &nbsp; \u00c9diteurs italiens et c\u00e9l\u00e9brations &nbsp; &nbsp; &nbsp; &nbsp; Galzerano Editore (\u00e0 Salerna) C\u2019est ici\u00a0: http:\/\/galzeranoeditore.blogspot.com\/ \u00a0 communique\u00a0: \u00a0 A chi interessa\u00a0: Prato 13-14 novembre 2019 GAETANO BRESCI nel 150\u00b0 anniversario della nascita 13 novembre : Interventi di Fabio Bertini Giorgio Sacchetti Alessandro Affortunati 14 novembre : Interventi di Giuseppe&#8230;<\/p>\n","protected":false},"author":1,"featured_media":0,"parent":0,"menu_order":0,"comment_status":"open","ping_status":"open","template":"","meta":[],"_links":{"self":[{"href":"https:\/\/blog.lesgrossesorchadeslesamplesthalameges.fr\/index.php\/wp-json\/wp\/v2\/pages\/7349"}],"collection":[{"href":"https:\/\/blog.lesgrossesorchadeslesamplesthalameges.fr\/index.php\/wp-json\/wp\/v2\/pages"}],"about":[{"href":"https:\/\/blog.lesgrossesorchadeslesamplesthalameges.fr\/index.php\/wp-json\/wp\/v2\/types\/page"}],"author":[{"embeddable":true,"href":"https:\/\/blog.lesgrossesorchadeslesamplesthalameges.fr\/index.php\/wp-json\/wp\/v2\/users\/1"}],"replies":[{"embeddable":true,"href":"https:\/\/blog.lesgrossesorchadeslesamplesthalameges.fr\/index.php\/wp-json\/wp\/v2\/comments?post=7349"}],"version-history":[{"count":0,"href":"https:\/\/blog.lesgrossesorchadeslesamplesthalameges.fr\/index.php\/wp-json\/wp\/v2\/pages\/7349\/revisions"}],"wp:attachment":[{"href":"https:\/\/blog.lesgrossesorchadeslesamplesthalameges.fr\/index.php\/wp-json\/wp\/v2\/media?parent=7349"}],"curies":[{"name":"wp","href":"https:\/\/api.w.org\/{rel}","templated":true}]}}