{"id":7423,"date":"2019-11-12T00:32:23","date_gmt":"2019-11-11T23:32:23","guid":{"rendered":"http:\/\/blog.lesgrossesorchadeslesamplesthalameges.fr\/?page_id=7423"},"modified":"2019-11-12T00:32:23","modified_gmt":"2019-11-11T23:32:23","slug":"le-bonhomme-lenine","status":"publish","type":"page","link":"https:\/\/blog.lesgrossesorchadeslesamplesthalameges.fr\/index.php\/le-bonhomme-lenine\/","title":{"rendered":"Le bonhomme L\u00e9nine"},"content":{"rendered":"<p>&nbsp;<\/p>\n<p>&nbsp;<\/p>\n<p>&nbsp;<\/p>\n<p>&nbsp;<\/p>\n<p>&nbsp;<\/p>\n<p>&nbsp;<\/p>\n<p style=\"text-align: justify;\"><span style=\"font-family: times new roman, times, serif; font-size: 24pt;\"><em>\u00ab\u2026 j\u2019ai l\u2019impression d\u2019effleurer son sourire, tant ses l\u00e8vres sont pr\u00e8s de mes doigts.\u00a0\u00bb<\/em><\/span><\/p>\n<p>&nbsp;<\/p>\n<p>&nbsp;<\/p>\n<p style=\"text-align: center;\"><span style=\"font-family: times new roman, times, serif; font-size: 36pt;\"><strong>Le bonhomme L\u00e9nine<\/strong><\/span><span style=\"font-family: times new roman, times, serif; font-size: 14pt;\"><strong>\u00a0<\/strong><\/span><\/p>\n<p style=\"text-align: center;\"><span style=\"font-family: times new roman, times, serif; font-size: 24pt;\">de Curzio Malaparte<\/span><\/p>\n<p>&nbsp;<\/p>\n<p>&nbsp;<\/p>\n<p style=\"text-align: center;\"><a href=\"http:\/\/blog.lesgrossesorchadeslesamplesthalameges.fr\/wp-content\/uploads\/2019\/11\/l\u00e9nine-2.jpg\"><img loading=\"lazy\" class=\"alignnone wp-image-7425\" src=\"http:\/\/blog.lesgrossesorchadeslesamplesthalameges.fr\/wp-content\/uploads\/2019\/11\/l\u00e9nine-2.jpg\" alt=\"\" width=\"350\" height=\"371\" \/><\/a><\/p>\n<p>&nbsp;<\/p>\n<p>&nbsp;<\/p>\n<p style=\"text-align: justify;\"><span style=\"font-family: comic sans ms, sans-serif; font-size: 14pt;\">Il faut, \u00e0 propos de ce livre, pr\u00e9ciser quelque chose\u00a0: le titre que lui avait donn\u00e9 Malaparte \u00e9tait <em>Intelligence de L\u00e9nine<\/em>, ce qui, en italien, signifiait \u00ab\u00a0Comment il faut comprendre L\u00e9nine\u00a0\u00bb. On le lui a fait changer, de peur sans doute que des lecteurs sans m\u00e9fiance aillent s\u2019imaginer que L\u00e9nine \u00e9tait intelligent. Il l\u2019a remplac\u00e9 par <em>Lenin bun\u2019anima, <\/em>expression qui lui a \u00e9t\u00e9 fournie par un de ses interlocuteurs russes, le camarade Ivanov, \u00ab\u00a0un vieil ouvrier\u00a0 d\u2019esprit inquiet et large, d\u2019intelligence claire et froide\u00a0\u00bb [\u2026] \u00ab\u00a0il avait \u00e9t\u00e9 l\u2019un des correspondants de l\u2019ancienne <em>Iskra<\/em> pour le faubourg de Wiborg et il avait pris une part active au coup d\u2019\u00c9tat d\u2019octobre 1917\u00a0\u00bb, qui\u00a0\u00a0\u00a0\u00a0 lui a dit : \u00ab\u00a0On en a fait un monstre : c\u2019\u00e9tait un\u00a0 bonhomme comme bien d\u2019autres\u00a0\u00bb. D\u2019o\u00f9 le nouveau titre retenu par Malaparte, devenu, par la gr\u00e2ce de la r\u00e9clame \u00e9ditoriale en France\u00a0: \u00ab\u00a0Tartufe devenu roi\u00a0\u00bb, car si on veut vendre on ne caresse jamais trop ceux que l\u2019on suppose imb\u00e9ciles dans le sens du poil.<\/span><\/p>\n<p style=\"text-align: justify;\"><span style=\"font-family: comic sans ms, sans-serif; font-size: 14pt;\">Qu\u2019en est-il du contenu\u00a0? Comment faut-il, d\u2019apr\u00e8s l\u2019auteur, \u00ab\u00a0comprendre L\u00e9nine\u00a0\u00bb\u00a0?<\/span><\/p>\n<p style=\"text-align: justify;\"><span style=\"font-family: comic sans ms, sans-serif; font-size: 14pt;\">Commen\u00e7ons par rappeler quelque chose\u00a0: quand quelqu\u2019un qui ne le conna\u00eet pas se met \u00e0 parler d\u2019un grand homme \u2013 c\u2019est <em>toujours<\/em> le cas avec Robespierre \u2013 on n\u2019apprend rien du tout sur le grand homme en question, mais on en apprend beaucoup sur celui qui en parle, qui livre, \u00e0 son propos, ses fantasmes les plus secrets et les plus ignor\u00e9s de lui-m\u00eame, sans se douter qu\u2019il se met \u00e0 nu. Cela ne rate pas ici.<\/span><\/p>\n<p style=\"text-align: justify;\"><span style=\"font-family: comic sans ms, sans-serif; font-size: 14pt;\">Attention\u00a0: ce n\u2019est pas un homme de parti qui parle,\u00a0 ni le promoteur d\u2019une id\u00e9ologie de rechange, c\u2019est un homme libre qui croit ce qu\u2019il dit, avec autant de conviction et d\u2019assurance que Voltaire face \u00e0 Bailly ou Ab\u00e9lard \u00e9cartant saint Bernard d\u2019une chiquenaude.<\/span><\/p>\n<p style=\"text-align: justify;\"><span style=\"font-family: comic sans ms, sans-serif; font-size: 14pt;\">Le probl\u00e8me, ce n\u2019est pas L\u00e9nine, ce sont les id\u00e9es que Malaparte se fait sur les choses, et ces id\u00e9es sont curieuses. Pour commencer, il n\u2019a jamais pardonn\u00e9 \u00e0 L\u00e9nine de n\u2019avoir pas \u00e9t\u00e9 Napol\u00e9on. Ou au moins Gengis Khan. De l\u00e0 \u00e0 pr\u00e9tendre que tout le monde voit en L\u00e9nine un Gengis Khan, alors que personne, en r\u00e9alit\u00e9, n\u2019y pense, il n\u2019y a pas loin\u00a0: juste le temps qu\u2019il faut pour coller son fantasme sur le dos des autres en l\u2019inversant.<\/span><\/p>\n<p style=\"text-align: justify;\"><span style=\"font-family: comic sans ms, sans-serif; font-size: 14pt;\">Il dit \u00ab\u00a0Les \u00e9crits dont je me suis servi sont tous de source sovi\u00e9tique\u00a0\u00bb et on peut le croire. C\u2019est d\u2019ailleurs sans importance quand on lit sur la feuille ce qu\u2019on a dans la t\u00eate. On peut dire aussi qu\u2019il cite abondamment L\u00e9nine et, plus encore peut-\u00eatre, Trotski.<\/span><\/p>\n<p style=\"text-align: justify;\"><span style=\"font-family: comic sans ms, sans-serif; font-size: 14pt;\">Pour Malaparte, L\u00e9nine, loin d\u2019\u00eatre un fl\u00e9au de Dieu (sait-il seulement monter \u00e0 cheval\u00a0?) est un petit-bourgeois et un petit-bourgeois fanatique. Ce n\u2019est pas de lui qu\u2019il faut avoir peur, c\u2019est des autres, car, depuis trois si\u00e8cles que nous cultivons l\u2019optimisme d\u00e9bilitant, les petits-bourgeois (fanatiques) pleuvent en Occident, et n\u2019importe lequel peut ou pourra faire ce qu\u2019a fait L\u00e9nine ou m\u00eame pire. Se retrouvent dans cette cat\u00e9gorie, en ordre plus ou moins chronologique\u00a0: Cromwell, Mazarin, le grand Fr\u00e9d\u00e9ric, Robespierre, MacDonald, Lloyd George (ce Mahomet gallois), Cl\u00e9menceau et, bien entendu, Karl Marx et L\u00e9nine (il y avait peut-\u00eatre un peu trop d\u2019Ivan IV en Staline pour qu\u2019il ose\u2026)\u00a0: tous des \u00ab\u00a0petits-bourgeois\u00a0\u00bb\u00a0! tous des \u00ab\u00a0fanatiques\u00a0\u00bb\u00a0! occasionnellement \u00ab\u00a0doctrinaires\u00a0\u00bb\u00a0! Cela devient un mantra aussi obsessionnel et vide de sens que \u00ab\u00a0juif, youtre, youpin\u00a0\u00bb chez C\u00e9line. Le mot petit-bourgeois revient une bonne cinquantaine de fois dans ce livre, expression presque maladive de ce qui rel\u00e8ve d\u2019une ex\u00e9cration. Alors que le petit-bourgeois, c\u2019est lui-m\u00eame. Et son idole\u2026 petit-bourgeois rapace et parvenu s\u2019il en fut.<\/span><\/p>\n<p style=\"text-align: justify;\"><span style=\"font-family: comic sans ms, sans-serif; font-size: 14pt;\">Il n\u2019y a \u00e9videmment aucune tare \u00e0 na\u00eetre dans la petite-bourgeoisie comme le fils d\u2019Erwin Suckert. La tare petite-bourgeoise, c\u2019est de voir les dominants, qu\u2019ils soient bott\u00e9s ou non, avec des yeux de merlan frit et de se laisser subjuguer par l\u2019emballage vulgaire de leurs rapines \u00e0 coups de nouvelles noblesses et de l\u00e9gions soi-disant d\u2019honneur.<\/span><\/p>\n<p style=\"text-align: justify;\"><span style=\"font-family: comic sans ms, sans-serif; font-size: 14pt;\">Pour comprendre ce que Malaparte e\u00fbt voulu que f\u00fbt L\u00e9nine, il n\u2019y a qu\u2019\u00e0 lire ce qu\u2019il a \u00e9crit de Farrakhan. Le portrait de L\u00e9nine qu\u2019il trace \u2013 en n\u2019inventant aucun fait \u2013 est un portrait en n\u00e9gatif, mais c\u2019est un portrait tout de m\u00eame, et c\u2019est celui d\u2019un titan. Mais pour savoir qui fut et ce qu\u2019a fait L\u00e9nine, <em>dans la r\u00e9alit\u00e9<\/em>, il vaut quand m\u00eame mieux lire G\u00e9rard Walter.<\/span><\/p>\n<p style=\"text-align: justify;\"><span style=\"font-family: comic sans ms, sans-serif; font-size: 14pt;\">Il y a un moment o\u00f9 Vladimir Illich trouve enfin gr\u00e2ce \u00e0 ses yeux\u00a0: c\u2019est quand il est momentan\u00e9ment forc\u00e9 de mettre de l\u2019eau dans son vin par la force des choses capitalistes.<\/span><\/p>\n<p style=\"text-align: justify;\"><span style=\"font-family: comic sans ms, sans-serif; font-size: 14pt;\">Pour finir, il va le voir, dans son cercueil, sur la place Rouge\u00a0:<\/span><\/p>\n<p style=\"text-align: justify; padding-left: 60px;\"><span style=\"font-family: times new roman, times, serif; font-size: 14pt;\">\u00c9tendu dans son cercueil de verre, il dort\u00a0: tranquille et embaum\u00e9. Sur son visage, d\u2019une blancheur de cire, sem\u00e9 de taches de rousseur, aux pommettes saillantes, la lumi\u00e8re immobile et froide des lampes \u00e9lectriques casse de violents reflets de cuivre dans sa barbiche rousse. \u00ab\u00a0Son cr\u00e2ne, remarque Wells, a la forme de celui de Balfour.\u00a0\u00bb Son \u00ab\u00a0cr\u00e2ne socratique\u00a0\u00bb dit Gorki. Je pose ma main sur le cristal du cercueil, \u00e0 la hauteur de son visage\u00a0: j\u2019ai l\u2019impression d\u2019effleurer son sourire, tant ses l\u00e8vres sont pr\u00e8s de mes doigts.<\/span><\/p>\n<p>&nbsp;<\/p>\n<p>&nbsp;<\/p>\n<p>&nbsp;<\/p>\n<p style=\"text-align: center;\"><a href=\"http:\/\/blog.lesgrossesorchadeslesamplesthalameges.fr\/wp-content\/uploads\/2019\/11\/2.-Aigle-au-chapeau-2.gif\"><img loading=\"lazy\" class=\"alignnone size-full wp-image-7426\" src=\"http:\/\/blog.lesgrossesorchadeslesamplesthalameges.fr\/wp-content\/uploads\/2019\/11\/2.-Aigle-au-chapeau-2.gif\" alt=\"\" width=\"51\" height=\"75\" \/><\/a><\/p>\n<p>&nbsp;<\/p>\n<p>&nbsp;<\/p>\n<p style=\"text-align: right;\"><span style=\"font-family: comic sans ms, sans-serif; font-size: 14pt;\">Th\u00e9roigne<\/span><\/p>\n<p style=\"text-align: right;\"><span style=\"font-family: comic sans ms, sans-serif; font-size: 14pt;\">11-17 novembre 2019<\/span><\/p>\n<p>&nbsp;<\/p>\n<p>&nbsp;<\/p>\n<p>&nbsp;<\/p>\n","protected":false},"excerpt":{"rendered":"<p>&nbsp; &nbsp; &nbsp; &nbsp; &nbsp; &nbsp; \u00ab\u2026 j\u2019ai l\u2019impression d\u2019effleurer son sourire, tant ses l\u00e8vres sont pr\u00e8s de mes doigts.\u00a0\u00bb &nbsp; &nbsp; Le bonhomme L\u00e9nine\u00a0 de Curzio Malaparte &nbsp; &nbsp; &nbsp; &nbsp; Il faut, \u00e0 propos de ce livre, pr\u00e9ciser quelque chose\u00a0: le titre que lui avait donn\u00e9 Malaparte \u00e9tait Intelligence de L\u00e9nine, ce qui,&#8230;<\/p>\n","protected":false},"author":1,"featured_media":0,"parent":0,"menu_order":0,"comment_status":"open","ping_status":"open","template":"","meta":[],"_links":{"self":[{"href":"https:\/\/blog.lesgrossesorchadeslesamplesthalameges.fr\/index.php\/wp-json\/wp\/v2\/pages\/7423"}],"collection":[{"href":"https:\/\/blog.lesgrossesorchadeslesamplesthalameges.fr\/index.php\/wp-json\/wp\/v2\/pages"}],"about":[{"href":"https:\/\/blog.lesgrossesorchadeslesamplesthalameges.fr\/index.php\/wp-json\/wp\/v2\/types\/page"}],"author":[{"embeddable":true,"href":"https:\/\/blog.lesgrossesorchadeslesamplesthalameges.fr\/index.php\/wp-json\/wp\/v2\/users\/1"}],"replies":[{"embeddable":true,"href":"https:\/\/blog.lesgrossesorchadeslesamplesthalameges.fr\/index.php\/wp-json\/wp\/v2\/comments?post=7423"}],"version-history":[{"count":0,"href":"https:\/\/blog.lesgrossesorchadeslesamplesthalameges.fr\/index.php\/wp-json\/wp\/v2\/pages\/7423\/revisions"}],"wp:attachment":[{"href":"https:\/\/blog.lesgrossesorchadeslesamplesthalameges.fr\/index.php\/wp-json\/wp\/v2\/media?parent=7423"}],"curies":[{"name":"wp","href":"https:\/\/api.w.org\/{rel}","templated":true}]}}