{"id":7433,"date":"2019-11-12T01:10:56","date_gmt":"2019-11-12T00:10:56","guid":{"rendered":"http:\/\/blog.lesgrossesorchadeslesamplesthalameges.fr\/?page_id=7433"},"modified":"2019-11-12T01:10:56","modified_gmt":"2019-11-12T00:10:56","slug":"mais-quentend-in-par-ideologie","status":"publish","type":"page","link":"https:\/\/blog.lesgrossesorchadeslesamplesthalameges.fr\/index.php\/mais-quentend-in-par-ideologie\/","title":{"rendered":"Mais qu&rsquo;entend-in par id\u00e9ologie ?"},"content":{"rendered":"<p>&nbsp;<\/p>\n<p>&nbsp;<\/p>\n<p>&nbsp;<\/p>\n<p>&nbsp;<\/p>\n<p>&nbsp;<\/p>\n<p>&nbsp;<\/p>\n<p style=\"text-align: center;\"><span style=\"font-family: times new roman, times, serif; font-size: 36pt;\"><strong>Mais qu\u2019entend-on par \u00ab\u00a0id\u00e9ologie\u00a0\u00bb\u00a0?<\/strong><\/span><\/p>\n<p>&nbsp;<\/p>\n<p>&nbsp;<\/p>\n<p style=\"text-align: justify;\"><span style=\"font-family: comic sans ms, sans-serif; font-size: 14pt;\">D\u2019un auteur qui s\u2019est pris \u2013 non sans raison d\u2019ailleurs \u2013 pour le nouveau X\u00e9nophon, le nouveau Machiavel et le nouveau Voltaire, son premier biographe,\u00a0Giordano Bruno Guerri a pu \u00e9crire\u00a0:<\/span><\/p>\n<p>&nbsp;<\/p>\n<p style=\"text-align: justify; padding-left: 90px;\"><span style=\"font-family: times new roman, times, serif; font-size: 14pt;\">Outre D\u2019Annunzio, Malaparte s\u2019est souvent compar\u00e9 \u00e0 Benvenuto Cellini, \u00e0 l\u2019Ar\u00e9tin, \u00e0 Casanova, Brummel, Byron. Bien que tout rapprochement soit un peu gros et sch\u00e9matique, on pense plut\u00f4t \u00e0 Paul Morand et \u00e0 Hemingway. C\u2019est surtout avec son contemporain am\u00e9ricain que Malaparte a des points communs\u00a0: la tendance \u00e0 l\u2019autobiographie, le vitalisme esth\u00e9tisant, <strong>mais aussi une pauvret\u00e9 id\u00e9ologique fondamentale qui les conduisit, l\u2019un et l\u2019autre \u00e0 des r\u00e9sultats confus et d\u00e9cevants chaque fois qu\u2019ils voulurent se faire les interpr\u00e8tes de l\u2019histoire et de la politique<\/strong>. [<em>C\u2019est moi qui souligne, NdA<\/em>]<\/span><\/p>\n<p style=\"padding-left: 90px; text-align: right;\"><span style=\"font-family: times new roman, times, serif; font-size: 14pt;\"><em>Malaparte,<\/em> Deno\u00ebl, p. 24<\/span><\/p>\n<p>&nbsp;<\/p>\n<p style=\"text-align: justify;\"><span style=\"font-family: comic sans ms, sans-serif; font-size: 14pt;\">Laissons de c\u00f4t\u00e9 D\u2019Annunzio et les autres. Laissons m\u00eame Hemingway. On pourrait y ajouter des correspondances bien plus r\u00e9elles avec, sur le plan du caract\u00e8re, Ab\u00e9lard, et sur celui de l\u2019imaginaire, John Cowper Powys, mais passons.<\/span><\/p>\n<p style=\"text-align: justify;\"><span style=\"font-family: comic sans ms, sans-serif; font-size: 14pt;\">Ce que dit Guerri de Malaparte et d\u2019Hemingway, on pourrait le dire \u00e9galement de C\u00e9line. Or, aucune lucidit\u00e9 n\u2019a \u00e9t\u00e9 plus hallucinante que la sienne. Comment se fait-il, alors, que lui aussi se soit aussi fort plant\u00e9, lorsqu\u2019il a voulu <em>analyser<\/em> ce qu\u2019il <em>voyait<\/em>\u00a0? Plus pr\u00e8s de nous, quelqu\u2019un d\u2019aussi intelligent et d\u2019aussi lucide s\u2019est acquis d\u2019un seul coup l&rsquo;opprobre universel avec un seul livre\u00a0: je veux parler d\u2019Oriana Fallacci, autre grand t\u00e9moin de notre temps.<\/span><\/p>\n<p style=\"text-align: justify;\"><span style=\"font-family: comic sans ms, sans-serif; font-size: 14pt;\">Mais s\u2019agit-il bien d\u2019id\u00e9ologie(s) ou d\u2019absence de\u00a0?<\/span><\/p>\n<p style=\"text-align: justify;\"><span style=\"font-family: comic sans ms, sans-serif; font-size: 14pt;\">Car, si on consid\u00e8re et si on compare Malaparte, C\u00e9line et Fallacci, on se trouve en pr\u00e9sence d\u2019\u00e9crivains surdou\u00e9s \u2013 parfois jusqu\u2019au g\u00e9nie \u2013 et de personnes \u00e0 la fois tr\u00e8s cultiv\u00e9es et tr\u00e8s intelligentes. Ce qu\u2019elles ont d\u2019autre en commun n\u2019est pas une id\u00e9ologie, c\u2019est une sensibilit\u00e9 presque anormale, qui leur fait ressentir les choses (et surtout les injustices) avec plus d\u2019intensit\u00e9 et m\u00eame de violence que le <em>vulgum pecus<\/em>. Et cependant, de ce qu\u2019ils ressentent et de ce qu\u2019ils voient, ils tirent parfois (assez souvent, presque toujours, barrez la mention inutile) des conclusions effarantes (C\u00e9line dans certains passages de ses pamphlets, Malaparte dans son <em>L\u00e9nine<\/em>, Fallacci dans <em>La rage et l\u2019orgueil<\/em>, par exemple).<\/span><\/p>\n<p style=\"text-align: justify;\"><span style=\"font-family: comic sans ms, sans-serif; font-size: 14pt;\">Je me risque \u00e0 dire que ce qui frappe le familier de leurs \u0153uvres, c\u2019est que leur intelligence et leur lucidit\u00e9 s\u2019appliquent toujours au pr\u00e9sent \u2013 <em>hic et nunc<\/em> \u2013 ou \u00e0 l\u2019avenir (visionnaires\u00a0!). Jamais au pass\u00e9.<\/span><\/p>\n<p style=\"text-align: justify;\"><span style=\"font-family: comic sans ms, sans-serif; font-size: 14pt;\">Cela signifie que, lorsqu\u2019ils d\u00e9plorent ou souffrent vraiment de ce qui se passe sous leurs yeux, ils sont incapables d&rsquo;en identifier les causes. Qui, apparemment, ne les int\u00e9ressent pas. [Soit dit en passant, il serait int\u00e9ressant de savoir comment C\u00e9line soignait ses patients, s\u2019il se contentait de diagnostiquer d\u2019apr\u00e8s les sympt\u00f4mes ou s\u2019il tentait de comprendre d\u2019o\u00f9 et comment venait le mal.]<\/span><\/p>\n<p style=\"text-align: justify;\"><span style=\"font-family: comic sans ms, sans-serif; font-size: 14pt;\">Cette c\u00e9cit\u00e9 (ou ce manque d\u2019int\u00e9r\u00eat) pour l\u2019origine des maux est particuli\u00e8rement frappante dans le<em> L\u00e9nine<\/em> de Malaparte.<\/span><\/p>\n<p style=\"text-align: justify;\"><span style=\"font-family: comic sans ms, sans-serif; font-size: 14pt;\">Chose remarquable\u00a0: \u00e0 aucun moment, dans ce livre, il n\u2019est question du point de vue de L\u00e9nine sur la Grande Guerre. Or il est le seul, absolument le seul au monde, qui l\u2019ait vue pour ce qu\u2019elle \u00e9tait, avant pendant et apr\u00e8s, et qui ait pos\u00e9 le diagnostic correct\u00a0: il ne faut pas la faire <em>pour eux<\/em>, il faut la faire <em>contre eux<\/em>. [Pardon, il y a eu L\u00e9autaud\u2026 qui n\u2019\u00e9tait pas un conducteur d\u2019hommes ni un id\u00e9ologue et qui s\u2019est content\u00e9 d\u2019\u00e9crire comme on cultive son jardin.] <\/span><\/p>\n<p style=\"text-align: justify;\"><span style=\"font-family: comic sans ms, sans-serif; font-size: 14pt;\">Or, si quelqu&rsquo;un avait \u00e9cout\u00e9 et compris L\u00e9nine, Caporetto aurait \u00e9t\u00e9 l&rsquo;autre extr\u00e9mit\u00e9 de la m\u00e8che et la r\u00e9volution russe aurait \u00e9t\u00e9 europ\u00e9enne.<br \/>\n<\/span><\/p>\n<p style=\"text-align: justify;\"><span style=\"font-family: comic sans ms, sans-serif; font-size: 14pt;\">Ce qui frappe, justement, c\u2019est que Malaparte ait \u00e9t\u00e9 incapable de \u00ab\u00a0comprendre L\u00e9nine\u00a0\u00bb, m\u00eame apr\u00e8s coup, alors que c\u2019\u00e9tait l\u00e0 son entreprise.<\/span><\/p>\n<p>&nbsp;<\/p>\n<p>&nbsp;<\/p>\n<p style=\"text-align: center;\"><a href=\"http:\/\/blog.lesgrossesorchadeslesamplesthalameges.fr\/wp-content\/uploads\/2019\/11\/lutins-40-GIF.gif\"><img loading=\"lazy\" class=\"alignnone wp-image-7435\" src=\"http:\/\/blog.lesgrossesorchadeslesamplesthalameges.fr\/wp-content\/uploads\/2019\/11\/lutins-40-GIF-300x187.gif\" alt=\"\" width=\"600\" height=\"373\" \/><\/a><\/p>\n<p>&nbsp;<\/p>\n<p>&nbsp;<\/p>\n<p style=\"text-align: justify;\"><span style=\"font-family: comic sans ms, sans-serif; font-size: 14pt;\">Ce qui frappe aussi, c&rsquo;est que son idol\u00e2trie pour Napol\u00e9on ait \u00e9t\u00e9 partag\u00e9e par C\u00e9line, qui voyait des juifs partout, y compris en Louis XIV (\u00ab\u00a0Vous avez vu son nez\u00a0?\u00a0\u00bb) mais qui ne s\u2019est jamais interrog\u00e9 sur la possible jud\u00e9it\u00e9 du Corse (qui n\u2019e\u00fbt rien chang\u00e9, c\u2019est juste pour dire\u2026), et qui, m\u00eame, a voulu voir dans les brigandages de la Grande Arm\u00e9e\u00a0: \u00ab\u00a0la derni\u00e8re grande chevauch\u00e9e aryenne\u00a0\u00bb (qui, h\u00e9las, n\u2019a pas r\u00e9ussi \u00e0 sauver l\u2019Europe,\u00a0 je cite de m\u00e9moire, c\u2019est dans <em>Bagatelles<\/em>).<\/span><\/p>\n<p style=\"text-align: justify;\"><span style=\"font-family: comic sans ms, sans-serif; font-size: 14pt;\">Donc, certes, absence d\u2019id\u00e9ologie de part et d\u2019autre, mais aussi contradiction, puisque l\u2019un et l\u2019autre admirait dans l\u2019empire, qui pourtant l\u2019a engendr\u00e9e, ce qui les a si fort r\u00e9vuls\u00e9s dans la guerre, quand ils ont eue sous le nez.<\/span><\/p>\n<p style=\"text-align: justify;\"><span style=\"font-family: comic sans ms, sans-serif; font-size: 14pt;\">C\u2019est quand on voit \u00ab\u00a0<em>qui<\/em>\u00a0\u00bb Malaparte qualifie de petits-bourgeois, en m\u00eame temps que L\u00e9nine, qu\u2019on commence \u00e0 comprendre ce qui lui a \u00e9chapp\u00e9. Pour ne retenir que Mazarin, Robespierre et Marx\u00a0: des g\u00e9ants, dont la facult\u00e9 principale a \u00e9t\u00e9 de savoir remonter aux cause premi\u00e8res\u00a0 et de ne jamais les perdre de vue, si lointain et si ardu que soit le bout de la route, de ne jamais c\u00e9der, surtout, aux \u00e9motions suscit\u00e9es par ce que le g\u00e9n\u00e9ral e\u00fbt appel\u00e9 des p\u00e9rip\u00e9ties. Non qu\u2019ils aient \u00e9t\u00e9 froids ou insensibles\u2026 c\u2019est seulement qu\u2019ils ont r\u00e9ussi \u00e0 tenir plus fort que d\u2019autres les r\u00eanes de leurs \u00e9motions.<\/span><\/p>\n<p style=\"text-align: justify;\"><span style=\"font-family: comic sans ms, sans-serif; font-size: 14pt;\">Cette facult\u00e9 a manqu\u00e9, absolument, \u00e0 Malaparte, \u00e0 C\u00e9line et \u00e0 Fallacci, quelque l\u00e9gitimes qu\u2019aient \u00e9t\u00e9 leurs aversions et leurs r\u00e9actions <em>au pr\u00e9sent<\/em>.<\/span><\/p>\n<p style=\"text-align: justify;\"><span style=\"font-family: comic sans ms, sans-serif; font-size: 14pt;\">Osera-t-on se risquer \u00e0 parler, dans leur cas, d\u2019infantilisme relatif\u00a0? De manque de maturit\u00e9 en tout cas. Question d\u2019affect, pas d\u2019intellect.<\/span><\/p>\n<p>&nbsp;<\/p>\n<p>&nbsp;<\/p>\n<p>&nbsp;<\/p>\n<p style=\"text-align: center;\"><span style=\"font-family: comic sans ms, sans-serif; font-size: 14pt;\"><strong>\u00a0<a href=\"http:\/\/blog.lesgrossesorchadeslesamplesthalameges.fr\/wp-content\/uploads\/2019\/11\/2.-Aigle-au-chapeau-2.gif\"><img loading=\"lazy\" class=\"alignnone size-full wp-image-7426\" src=\"http:\/\/blog.lesgrossesorchadeslesamplesthalameges.fr\/wp-content\/uploads\/2019\/11\/2.-Aigle-au-chapeau-2.gif\" alt=\"\" width=\"51\" height=\"75\" \/><\/a><\/strong><\/span><\/p>\n<p>&nbsp;<\/p>\n<p style=\"text-align: right;\"><strong><span style=\"font-family: comic sans ms, sans-serif; font-size: 14pt; color: #808080;\">Th\u00e9roigne<\/span><\/strong><\/p>\n<p style=\"text-align: right;\"><span style=\"font-family: comic sans ms, sans-serif; font-size: 14pt;\">11-17 novembre 2019<\/span><\/p>\n<p style=\"text-align: right;\"><span style=\"font-family: comic sans ms, sans-serif; font-size: 14pt;\"><strong>\u00a0<\/strong><\/span><\/p>\n","protected":false},"excerpt":{"rendered":"<p>&nbsp; &nbsp; &nbsp; &nbsp; &nbsp; &nbsp; Mais qu\u2019entend-on par \u00ab\u00a0id\u00e9ologie\u00a0\u00bb\u00a0? &nbsp; &nbsp; D\u2019un auteur qui s\u2019est pris \u2013 non sans raison d\u2019ailleurs \u2013 pour le nouveau X\u00e9nophon, le nouveau Machiavel et le nouveau Voltaire, son premier biographe,\u00a0Giordano Bruno Guerri a pu \u00e9crire\u00a0: &nbsp; Outre D\u2019Annunzio, Malaparte s\u2019est souvent compar\u00e9 \u00e0 Benvenuto Cellini, \u00e0 l\u2019Ar\u00e9tin, \u00e0&#8230;<\/p>\n","protected":false},"author":1,"featured_media":0,"parent":0,"menu_order":0,"comment_status":"open","ping_status":"open","template":"","meta":[],"_links":{"self":[{"href":"https:\/\/blog.lesgrossesorchadeslesamplesthalameges.fr\/index.php\/wp-json\/wp\/v2\/pages\/7433"}],"collection":[{"href":"https:\/\/blog.lesgrossesorchadeslesamplesthalameges.fr\/index.php\/wp-json\/wp\/v2\/pages"}],"about":[{"href":"https:\/\/blog.lesgrossesorchadeslesamplesthalameges.fr\/index.php\/wp-json\/wp\/v2\/types\/page"}],"author":[{"embeddable":true,"href":"https:\/\/blog.lesgrossesorchadeslesamplesthalameges.fr\/index.php\/wp-json\/wp\/v2\/users\/1"}],"replies":[{"embeddable":true,"href":"https:\/\/blog.lesgrossesorchadeslesamplesthalameges.fr\/index.php\/wp-json\/wp\/v2\/comments?post=7433"}],"version-history":[{"count":0,"href":"https:\/\/blog.lesgrossesorchadeslesamplesthalameges.fr\/index.php\/wp-json\/wp\/v2\/pages\/7433\/revisions"}],"wp:attachment":[{"href":"https:\/\/blog.lesgrossesorchadeslesamplesthalameges.fr\/index.php\/wp-json\/wp\/v2\/media?parent=7433"}],"curies":[{"name":"wp","href":"https:\/\/api.w.org\/{rel}","templated":true}]}}