{"id":7505,"date":"2019-11-23T22:41:40","date_gmt":"2019-11-23T21:41:40","guid":{"rendered":"http:\/\/blog.lesgrossesorchadeslesamplesthalameges.fr\/?page_id=7505"},"modified":"2019-11-23T22:42:53","modified_gmt":"2019-11-23T21:42:53","slug":"le-quiproquo","status":"publish","type":"page","link":"https:\/\/blog.lesgrossesorchadeslesamplesthalameges.fr\/index.php\/le-quiproquo\/","title":{"rendered":"Le quiproquo"},"content":{"rendered":"<p style=\"text-align: center;\"><span style=\"font-family: times new roman, times, serif; font-size: 14pt;\"><strong><em>\u00a0<\/em><\/strong><\/span><\/p>\n<p>&nbsp;<\/p>\n<p>&nbsp;<\/p>\n<p>&nbsp;<\/p>\n<p>&nbsp;<\/p>\n<p>&nbsp;<\/p>\n<p style=\"text-align: center;\"><strong><span style=\"font-family: times new roman, times, serif; font-size: 42pt;\">Le quiproquo<\/span><\/strong><\/p>\n<p>&nbsp;<\/p>\n<h2 style=\"text-align: center;\"><strong><span style=\"font-family: times new roman, times, serif; font-size: 18pt;\">Isra\u00ebl Adam Shamir \u2013 22.11.2019\u00ad<\/span><\/strong><\/h2>\n<h2 style=\"text-align: center;\"><strong><span style=\"font-family: times new roman, times, serif; font-size: 18pt;\"><em>Entre la plume et l\u2019enclume<\/em><\/span><\/strong><\/h2>\n<h2 style=\"text-align: center;\"><span style=\"font-family: times new roman, times, serif; font-size: 18pt;\">Traduction\u00a0: <strong>Maria Poumier<\/strong><\/span><\/h2>\n<p>&nbsp;<\/p>\n<p>&nbsp;<\/p>\n<p style=\"text-align: center;\"><a href=\"http:\/\/blog.lesgrossesorchadeslesamplesthalameges.fr\/wp-content\/uploads\/2019\/11\/TRUMP-au-mur.jpg\"><img loading=\"lazy\" class=\"alignnone wp-image-7465\" src=\"http:\/\/blog.lesgrossesorchadeslesamplesthalameges.fr\/wp-content\/uploads\/2019\/11\/TRUMP-au-mur-300x203.jpg\" alt=\"\" width=\"600\" height=\"405\" srcset=\"https:\/\/blog.lesgrossesorchadeslesamplesthalameges.fr\/wp-content\/uploads\/2019\/11\/TRUMP-au-mur-300x203.jpg 300w, https:\/\/blog.lesgrossesorchadeslesamplesthalameges.fr\/wp-content\/uploads\/2019\/11\/TRUMP-au-mur.jpg 600w\" sizes=\"(max-width: 600px) 100vw, 600px\" \/><\/a><\/p>\n<p>&nbsp;<\/p>\n<p>&nbsp;<\/p>\n<p style=\"text-align: justify;\"><span style=\"font-family: times new roman, times, serif; font-size: 14pt;\">La farce de l&rsquo;\u00ab\u00a0impeachment\u00a0\u00bb, c&rsquo;est avant tout une affaire juive, a fait remarquer le quotidien isra\u00e9lien <em>Ha&rsquo;aretz<\/em>. L&rsquo;\u00e2me et le cerveau de la proc\u00e9dure de destitution contre le pr\u00e9sident, c&rsquo;est Adam Schiff, dit \u00ab\u00a0Shifty Schiff (<em>le Sournois<\/em>)\u00a0\u00bb, dans la langue fleurie de Trump. Son nom nous ram\u00e8ne \u00e0 l&rsquo;institution bancaire juive des Schiff, le sommet de l&rsquo;aristocratie juive de l&rsquo;argent et des m\u00e9dias. Le second, dans l&rsquo;histoire, c&rsquo;est Goldman le Rapace, autrement dit Daniel Sachs Goldman, le magistrat instructeur des audiences. Sachs Goldman ou Goldman Sachs, autre nom juif d&rsquo;une banque juive \u00e9minente. Le troisi\u00e8me juif qui est au coeur de la proc\u00e9dure, c&rsquo;est l&rsquo;inf\u00e2me George Soros. <em>Haaret<\/em>z pourrait ajouter que les t\u00e9moins capitaux \u00e0 l&rsquo;origine des poursuites sont \u00e9galement des juifs, le tr\u00e8s bizarre Gordon <a href=\"https:\/\/www.theguardian.com\/us-news\/2019\/nov\/20\/gordon-sondland-trump-impeachment-ukraine-quid-pro-quo\"><strong>Sondland<\/strong><\/a>, dit \u00ab\u00a0Zelensky aime ton cul\u00a0\u00bb, ou Vindman l&rsquo;Espion. Trump n&rsquo;aurait jamais os\u00e9 s&rsquo;apercevoir de cette co\u00efncidence remarquable, conclut <a href=\"https:\/\/www.haaretz.com\/us-news\/.premium-trump-impeachment-holds-pitfalls-and-perils-for-american-jews-1.8131087\"><em><strong>Haaretz<\/strong><\/em><\/a>. Il n&rsquo;y aurait que les antis\u00e9mites pour le faire.<\/span><\/p>\n<p style=\"text-align: justify;\"><span style=\"font-family: times new roman, times, serif; font-size: 14pt;\">Au lieu de d\u00e9noncer cette conspiration flagrante et d&rsquo;appeler les Am\u00e9ricains \u00e0 sauver la R\u00e9publique, le pr\u00e9sident Trump a fait appel au sens juif de la gratitude. Il vient d&rsquo;offrir son troisi\u00e8me fantastique cadeau \u00e0 l&rsquo;\u00c9tat juif, la reconnaissance des colonies r\u00e9serv\u00e9es aux Juifs sur la terre vol\u00e9e aux Palestiniens, apr\u00e8s avoir reconnu J\u00e9rusalem et les hauteurs du Golan comme \u00e9galement propri\u00e9t\u00e9 des juifs. C&rsquo;est m\u00eame plut\u00f4t le quatri\u00e8me cadeau, si l&rsquo;on compte le retrait am\u00e9ricain de l&rsquo;accord avec l&rsquo;Iran sur le nucl\u00e9aire. Il a donc l\u00e9galis\u00e9 les colonies par une simple d\u00e9cision unilat\u00e9rale \u00a0en tant que super puissance, quelque chose que les gouvernements isra\u00e9liens n&rsquo;avaient jamais pu ou os\u00e9 faire.<\/span><\/p>\n<p style=\"text-align: justify;\"><span style=\"font-family: times new roman, times, serif; font-size: 14pt;\">Si les USA \u00e9taient omnipotents comme il y a vingt ans, ce serait la fin des Accords d&rsquo;Oslo et de Gen\u00e8ve, et pratiquement la fin de la tentative pour cr\u00e9er un \u00c9tat de Palestine aux c\u00f4t\u00e9s de l&rsquo;Isra\u00ebl, autrement dit ce que les nationalistes isra\u00e9liens ont toujours voulu. Avec les USA paralys\u00e9s dans leur guerre civile froide, cela pourrait conduire \u00e0 l&rsquo;auto-d\u00e9l\u00e9gitimation des USA, ou \u00e0 l&rsquo;effondrement du paradigme des Deux \u00c9tats. C&rsquo;est en tout cas, apparemment, un \u00e9norme cadeau \u00e0 l&rsquo;\u00c9tat juif.<\/span><\/p>\n<p style=\"text-align: justify;\"><span style=\"font-family: times new roman, times, serif; font-size: 14pt;\">Trump supposait que sa g\u00e9n\u00e9rosit\u00e9 ferait fondre les c\u0153urs juifs et qu&rsquo;ils le laisseraient gouverner en paix. Seulement voil\u00e0, les juifs acceptent tout cadeau comme un d\u00fb; c&rsquo;est l&rsquo;absence d&rsquo;un cadeau qui les \u00e9tonne et les chagrine, et qui ne s&rsquo;explique probablement que par l&rsquo;antis\u00e9mitisme. En toute bonne logique, donc, ils ont dit que cette reconnaissance fendait le c\u0153ur aux d\u00e9mocrates, et qu&rsquo;ils l&rsquo;abrogeraient aussit\u00f4t qu&rsquo;ils auraient repris la Maison blanche.<\/span><\/p>\n<p style=\"text-align: justify;\"><span style=\"font-family: times new roman, times, serif; font-size: 14pt;\">C&rsquo;est par ailleurs aussi probablement la r\u00e9action qu&rsquo;escomptait Trump, dans la mesure o\u00f9 il se soucie comme d&rsquo;une guigne de la Palestine ou d&rsquo;Isra\u00ebl. L&rsquo;\u00e9coute qu&rsquo;il vise, c&rsquo;est la communaut\u00e9 juive organis\u00e9e des USA. Trump esp\u00e9rait que les juifs qui se font plus de souci pour Isra\u00ebl que pour les USA vireraient de bord et le soutiendraient, de sorte que les D\u00e9mocrates perdraient l\u2019\u00e9lection\u00a0 et ne pourraient pas annuler la reconnaissance des colonies. Mais si l&rsquo;on en juge par les pr\u00e9c\u00e9dents, les juifs vont gagner, dans cette course \u00e0 leurs faveurs, tandis que les USA vont y perdre, et Trump avec.<\/span><\/p>\n<p style=\"text-align: justify;\"><span style=\"font-family: times new roman, times, serif; font-size: 14pt;\">En attendant, rien ne nous emp\u00eache de voir qui sont les personnalit\u00e9s juives \u00e0 l&rsquo;oeuvre dans la proc\u00e9dure de destitution. Adam Schiff, qu&rsquo;il ait une parent\u00e9 lointaine avec le banquier Jacob Schiff ou juste le m\u00eame nom, pourrait \u00eatre une r\u00e9incarnation du premier; car il a h\u00e9rit\u00e9 de la m\u00eame passion pour l&rsquo;immigration de masse et de la m\u00eame haine de la Russie. Jusqu&rsquo;\u00e0 l&rsquo;\u00e9poque de Jacob Schiff, la juiverie am\u00e9ricaine constituait une petite communaut\u00e9. Riche, certes, mais tr\u00e8s petite. Jacob Schiff, qui \u00e9tait arriv\u00e9 sur le sol am\u00e9ricain au milieu du XIX\u00b0 si\u00e8cle, avait compris qu&rsquo;il aurait besoin de grandes populations, de basculements d\u00e9mographiques de son c\u00f4t\u00e9, s&rsquo;il voulait que les juifs entrent en force dans le jeu politique. En cons\u00e9quence, il avait organis\u00e9 l&rsquo;\u00e9migration de masse de juifs russes et polonais vers les USA. \u00ab\u00a0Il avait fait du lobbying au Congr\u00e8s et aupr\u00e8s du pr\u00e9sident Grover Cleveland pour emp\u00eacher le passage d&rsquo;une loi qui aurait entrav\u00e9 cette vague massive d&rsquo;immigrants juifs russes dont descendent la plupart des juifs new-yorkais actuels\u00a0\u00bb, disent les sources juives. Des millions de juifs arriv\u00e8rent ainsi et ils finirent par transformer les USA \u00e0 leur image. Et maintenant Adam Schiff veut importer des millions de gens du Tiers monde afin de cimenter le changement inaugur\u00e9 par Jacob.<\/span><\/p>\n<p style=\"text-align: justify;\"><span style=\"font-family: times new roman, times, serif; font-size: 14pt;\">La haine de la Russie chez Jacob \u00e9tait tout \u00e0 fait extraordinaire, m\u00eame selon des standards de l&rsquo;\u00e9poque. Comme banquier tr\u00e8s en vue, il offrit au Japon un pr\u00eat afin de financer la construction de la flotte japonaise pour combattre la Russie. Puis accidentellement, voil\u00e0 que la flotte \u00e9difi\u00e9e avec l&rsquo;argent de Schiff attaqua Pearl Harbour quelques ann\u00e9es plus tard, si bien que chaque victime de la Guerre du Pacifique et ses descendants seraient en droit de poursuivre les Schiff pour leurs apports.<\/span><\/p>\n<p style=\"text-align: justify;\"><span style=\"font-family: times new roman, times, serif; font-size: 14pt;\">Bien avant l\u2019\u00e8re de Soros et la NED, Jacob Schiff avait jou\u00e9 la carte du changement de r\u00e9gime en Russie\u00a0: en finan\u00e7ant les r\u00e9volutionnaires: il contribua \u00e0 la r\u00e9volution de f\u00e9vrier 1917 et au putsch pro-occidental et lib\u00e9ral, mais les Russes le coinc\u00e8rent en montant un autre coup d&rsquo;\u00c9tat en novembre de la m\u00eame ann\u00e9e, et en portant au pouvoir les Bolcheviks; ses agents durent prendre la fuite, la Russie reprit son ind\u00e9pendance, et Schiff perdit tout ce qu&rsquo;il avait investi. Aujourd\u2019hui, Adam Schiff est un enrag\u00e9 contre la Russie, exactement comme Jacob. Il r\u00eave d&rsquo;un changement de r\u00e9gime \u00e0 Moscou, comme Jacob. Il pr\u00e9tend que c&rsquo;est une conspiration russe qui a amen\u00e9 Trump \u00e0 la Maison blanche; il a refus\u00e9 d&rsquo;accepter les r\u00e9sultats de l&rsquo;enqu\u00eate du procureur Mueller et rab\u00e2che que les Russes ont interf\u00e9r\u00e9 dans les \u00e9lections US. Ses \u00ab\u00a0preuves criantes\u00a0\u00bb de collusion avec la Russie, qui plus que \u00ab\u00a0li\u00e9es aux circonstances\u00a0\u00bb, constituent un scandale \u00ab\u00a0qui va au-del\u00e0 du Watergate\u00a0\u00bb ont empoisonn\u00e9 les relations russo-am\u00e9ricaines, et fait de la pr\u00e9sidence de Trump une cible depuis le premier jour.<\/span><\/p>\n<p style=\"text-align: justify;\"><span style=\"font-family: times new roman, times, serif; font-size: 14pt;\">Adam Schiff est tellement malhonn\u00eate que m\u00eame le <a href=\"https:\/\/www.wsj.com\/articles\/schiffs-obstruction-theory-11573776120\"><strong>WSJ<\/strong><\/a> a soulign\u00e9 son\u00a0 innovation en mati\u00e8re de droit\u00a0: est-ce que c&rsquo;est un d\u00e9lit passible de destitution, pour un pr\u00e9sident, de r\u00e9sister \u00e0 sa propre destitution\u00a0? Adam Schiff a claironn\u00e9 sur CNN la semaine derni\u00e8re que \u00ab\u00a0le refus des fonctionnaires de la Maison blanche de t\u00e9moigner dans les audiences du comit\u00e9 pour la destitution pourrait donner lieu \u00e0 une accusation d&rsquo; \u201cobstruction au Congr\u00e8s\u201d contre le pr\u00e9sident Trump\u00a0\u00bb. Peut-\u00eatre, apr\u00e8s tout, qu&rsquo;Adam Schiff est de la famille d&rsquo;un autre escroc, Irwin Schiff, celui qui\u00a0 est mort dans une prison f\u00e9d\u00e9rale en 2015, alors qu&rsquo;il purgeait une peine de 13 ans de prison pour \u00e9vasion fiscale. Ce serait probablement antis\u00e9mite de mentionner le vieux bobard selon lequel il pourrait y avoir quelques escrocs parmi les juifs, mais soyons fous, osons.<\/span><\/p>\n<p style=\"text-align: justify;\"><span style=\"font-family: times new roman, times, serif; font-size: 14pt;\">Le procureur en chef Daniel Sachs Goldman a un excellent pedigree pour un <em>macher<\/em> (affairiste) juif. Il a \u00e9t\u00e9 \u00e9l\u00e8ve \u00e0 l&rsquo;\u00e9cole qu\u2019ont fr\u00e9quent\u00e9e les filles du pr\u00e9sident Barack Obama, Sacha et Malia, de m\u00eame que Chelsea Clinton, les petits-enfants du vice-pr\u00e9sident Joe Biden, la fille de Richard Nixon Tricia et le fils de Theodor Rossevelt, Archibald. Sa femme est vice-pr\u00e9sidente de la banque Goldman Sachs \u00ab\u00a0la grande pieuvre qui s&rsquo;\u00e9tend sur la face de l&rsquo;humanit\u00e9\u00a0\u00bb, selon la c\u00e9l\u00e8bre formule de <a href=\"https:\/\/www.rollingstone.com\/politics\/politics-news\/the-great-american-bubble-machine-195229\/\"><strong>Matt Taibbi<\/strong><\/a>. Sa famille a mis en place un programme sp\u00e9cial appel\u00e9 le <em>Birthright-Tagli<\/em> : ce nom implique que chaque juif a un droit inn\u00e9 sur la terre de Palestine, contrairement aux natifs. Le programme permet \u00e0 la jeunesse juive am\u00e9ricaine de faire un voyage gratuit (gracieusement offert par le contribuable am\u00e9ricain) en Isra\u00ebl, afin d&rsquo;y rencontrer d&rsquo;autres jeunes gens juifs et de combattre les mariages mixtes en contractant des \u00e9pousailles \u00e0 l&rsquo;int\u00e9rieur de la tribu. Normal, certes, on n&rsquo;a pas le droit d&rsquo;approuver des mesures aussi racistes, mais les juifs ont le droit, parce que \u00e7a rel\u00e8ve des dons caritatifs non sujets \u00e0 l&rsquo;imp\u00f4t. La famille de Daniel Sachs Goldman est aussi \u00e0 l&rsquo;origine du Fonds pour le Nouvel Isra\u00ebl, autre oasis non imposable, qui draine les sommes aspir\u00e9es par les imp\u00f4ts US pouvant risquer d&rsquo;\u00eatre investies dans des projets goys, au lieu de servir \u00e0 des objectifs r\u00e9serv\u00e9s aux juifs.<\/span><\/p>\n<p style=\"text-align: justify;\"><span style=\"font-family: times new roman, times, serif; font-size: 14pt;\">Venons-en \u00e0 George Soros, autre \u00e9minent participant juif aux man\u0153uvres pour la destitution du pr\u00e9sident. Le vieux reptilien est si laid que notre \u00e2me (appartenant naturellement au monde wildien de l&rsquo;impudence) a l&rsquo;intuition qu&rsquo;il est semblablement immoral. Les faits sur le terrain confirment la pr\u00e9monition. Si l&rsquo;Ukraine, jadis une joyeuse contr\u00e9e typique de l&rsquo;Europe orientale, est devenue une lugubre zone de catastrophe, il en est en partie responsable.<\/span><\/p>\n<p style=\"text-align: justify;\"><span style=\"font-family: times new roman, times, serif; font-size: 14pt;\">La destitution de Trump se joue sur des soup\u00e7ons d&rsquo;ing\u00e9rence en Ukraine, mais la question de l&rsquo;ing\u00e9rence des ennemis de Trump en Ukraine est aussi publique que bloqu\u00e9e. Ils ont interf\u00e9r\u00e9 d&rsquo;une fa\u00e7on si brutale dans les affaires d&rsquo;un \u00c9tat ostensiblement souverain qu&rsquo;ils \u00e9changent une blague entre eux : \u00ab\u00a0La Convention de Vienne, c&rsquo;est un truc optionnel, pour notre \u00e9quipe \u00e0 Kiev\u00a0\u00bb. Cette Convention, c&rsquo;est l&rsquo;accord international interdisant aux diplomates de se m\u00ealer des affaires int\u00e9rieures du pays o\u00f9 ils sont mandat\u00e9s.<\/span><\/p>\n<p style=\"text-align: justify;\"><span style=\"font-family: times new roman, times, serif; font-size: 14pt;\">Une partie de cette interf\u00e9rence, on la doit \u00e0 Joe Biden, qui a soulag\u00e9 l&rsquo;\u00c9tat ukrainien de fonds rondelets; George Soros figure parmi les autres b\u00e9n\u00e9ficiaires de l&rsquo;activit\u00e9 du D\u00e9partement d&rsquo;\u00c9tat.<\/span><\/p>\n<p style=\"text-align: justify;\"><span style=\"font-family: times new roman, times, serif; font-size: 14pt;\">Il a quelques ONG dans le coin, et l&rsquo;ambassade US sous le r\u00e8gne de l&rsquo;ambassadeur Marie Yovanovitch (encore une qui veut enfoncer Trump) s&rsquo;est beaucoup investie aupr\u00e8s d&rsquo;elles. John Salomon a <a href=\"https:\/\/thehill.com\/opinion\/campaign\/435906-us-embassy-pressed-ukraine-to-drop-probe-of-george-Soros-group-during-2016\"><strong>d\u00e9couvert<\/strong><\/a>\u00a0que l&rsquo;un des t\u00e9moins auditionn\u00e9s\u00a0 sur demande du procureur, le charg\u00e9 d&rsquo;affaires \u00e0 l&rsquo;\u00e9poque George Kent (il a maintenant \u00e9t\u00e9 promu au poste confortable de secr\u00e9taire assistant d&rsquo;\u00c9tat) a exig\u00e9 des autorit\u00e9s ukrainiennes qu\u2019elles laissent tomber l&rsquo;enqu\u00eate sur l&rsquo;ONG de George Soros en propre, qui s&rsquo;appelle Centre d&rsquo;action contre la corruption (AntAC). Et en plus, le 5 mars 2019, l&rsquo;ambassadeur Yovanovitch faisait un discours demandant la r\u00e9vocation du procureur ukrainien sp\u00e9cialis\u00e9 dans la lutte contre la corruption. Et c&rsquo;est la m\u00eame femme qui ose parler d&rsquo;ing\u00e9rence dans le cas de Trump.<\/span><\/p>\n<p style=\"text-align: justify;\"><span style=\"font-family: times new roman, times, serif; font-size: 14pt;\">George Soros avait r\u00e9guli\u00e8rement acc\u00e8s au\u00a0 bureau ukrainien du D\u00e9partement d&rsquo;\u00c9tat, et \u00e0 l&rsquo;assistante du secr\u00e9taire d&rsquo;Etat Victoria (\u00ab\u00a0<em>Fuck UE\u00a0!<\/em>\u00a0\u00bb) Nuland. Il est difficile de faire le tri parmi ces siamois, car l&rsquo;AntAC avait \u00e9t\u00e9 fond\u00e9 conjointement par le D\u00e9partement d&rsquo;\u00c9tat et par George Soros. Mais George Soros est intouchable, parce que le pr\u00e9sident de l&rsquo;ADL (\u00ab\u00a0<em>AntiDeffamation League<\/em>\u00a0\u00bb) a d\u00e9j\u00e0 tranch\u00e9\u00a0: \u00ab\u00a0invoquer Soros &#8230; c&rsquo;est tomber dans l&rsquo;un des pires clich\u00e9s antis\u00e9mites\u00a0\u00bb.<\/span><\/p>\n<p style=\"text-align: justify;\"><span style=\"font-family: times new roman, times, serif; font-size: 14pt;\">Joe DiGenova, ancien procureur f\u00e9d\u00e9ral pour le District de Columbia, a bel et bien commis ce crime, en disant sur <em>Fox News<\/em> que George Soros avait tous les jours l&rsquo;occasion de dire au D\u00e9partement d&rsquo;\u00c9tat ce qu&rsquo;il fallait faire en Ukraine, par le biais de Victoria Nuland. \u00ab\u00a0C&rsquo;est Soros qui \u00e9tait aux manettes. Il a corrompu des fonctionnaires du FBI, et de hauts fonctionnaires aux affaires \u00e9trang\u00e8res. George Soros veut gouverner l&rsquo;Ukraine, et il fait tout ce qu&rsquo;il peut pour actionner chaque levier du gouvernement US, dans ce but\u00a0\u00bb.\u00a0 DiGenova n&rsquo;a pas mentionn\u00e9 la jud\u00e9it\u00e9 de Soros ou de son amie Victoria Nuland\u00a0: ce n&rsquo;\u00e9tait pas la peine. Une attaque contre George Soros est une agression contre les juifs du monde entier, comme en a conclu un\u00a0<a href=\"https:\/\/theduran.com\/digenova-calls-out-Soros-control-over-state-department-and-fbi\/\"><strong>observateur<\/strong><\/a> fort s\u00e9rieux. Joe Di Genova est indiscutablement coupable, mais de sous-estimation des faits. George Soros veut gouverner l&rsquo;Ukraine, disait-il donc. L&rsquo;Ukraine c&rsquo;est un petit morceau du monde, certes rentable, mais petit, et ses compagnons d&rsquo;armes aussi veulent commander. Les USA, c&rsquo;est le gros morceau, et en les gouvernant, ils peuvent avaler l&rsquo;Ukraine comme accompagnement. La destitution est devenue un sujet important, non pas en tant que menace pesant sur le pr\u00e9sident Trump, mais parce que cela r\u00e9v\u00e8le le <em>modus operandi<\/em> des juifs lib\u00e9raux. On pr\u00e9f\u00e9rerait, bien s\u00fbr, que leur\u00a0 t\u00eate de Turc, \u00e0 la place de Donald Trump, soit un chevalier sans peur et sans reproche sur un destrier blanc. Mais il faut faire avec ce qu&rsquo;on a. Il faudrait qu\u2019un coup d&rsquo;arr\u00eat soit donn\u00e9 \u00e0 leurs manigances, et si Trump y parvient, b\u00e9ni soit-il.<\/span><\/p>\n<p style=\"text-align: justify;\"><span style=\"font-family: times new roman, times, serif; font-size: 14pt;\">Sa tactique d&rsquo;acheter les juifs avec de riches cadeaux tir\u00e9s du patrimoine palestinien, est immorale, et je doute qu\u2019elle soit efficace. Mais il est probable que s&rsquo;il appelait \u00e0 la justice et \u00e0 l&rsquo;\u00e9galit\u00e9 pour la Palestine, il n&rsquo;aurait, pour le coup, pas l&rsquo;ombre d&rsquo;une chance de s&rsquo;en tirer. En divisant ses ennemis, entre sionistes et lib\u00e9raux, il augmente ses chances de s&rsquo;en sortir, du moins c&rsquo;est ce qu&rsquo;il pense.<\/span><\/p>\n<p style=\"text-align: justify;\"><span style=\"font-family: times new roman, times, serif; font-size: 14pt;\">Pour les gens qui, comme moi, ch\u00e9rissent la Palestine de tout c\u0153ur, le choix est difficile. Juifs de gauche (\u00ab\u00a0lib\u00e9raux\u00a0\u00bb), \u00e7a sonne mieux que juifs sionistes, et ces gens discourent contre les colonies juives dans les territoires occup\u00e9s; ils condamnent les bombardements isra\u00e9liens sur Gaza et en Syrie. Mais nous avons une longue exp\u00e9rience de leur ascendance: ils ne font strictement rien pour la Palestine, et ils laissent Isra\u00ebl commettre tous les crimes possibles et imaginables. Condamner, ce n&rsquo;est pas suffisant si l&rsquo;afflux des armes et du pognon n&rsquo;en souffre pas.<\/span><\/p>\n<p style=\"text-align: justify;\"><span style=\"font-family: times new roman, times, serif; font-size: 14pt;\">Les juifs sont habitu\u00e9s \u00e0 jouer avec les deux \u00e9quipes adverses, de fa\u00e7on \u00e0 gagner doublement. Il faut rentrer dans l&rsquo;angle mort, la zone absolument interdite, et regarder en face l&rsquo;\u00e9quipe qui veut la destitution de Trump pour ce qu&rsquo;elle est\u00a0: une \u00e9quipe juive; cela changera tout sur le terrain. Et quand la colline du Capitole se retrouvera lib\u00e9r\u00e9e de l&rsquo;occupation, le temps de la libert\u00e9 pour J\u00e9rusalem sera venu aussi.<\/span><\/p>\n<p>&nbsp;<\/p>\n<p><span style=\"font-family: times new roman, times, serif; font-size: 18pt; color: #c00000;\"><strong><em>Il va encore se faire traiter d\u2019antis\u00e9mite\u2026<\/em><\/strong><\/span><\/p>\n<p>&nbsp;<\/p>\n<p style=\"text-align: justify;\"><span style=\"font-family: times new roman, times, serif; font-size: 14pt;\"><em>Joindre Israel Shamir: <\/em><a href=\"mailto:adam@israelshamir.net\"><em><strong>adam@israelshamir.net<\/strong><\/em><\/a><\/span><\/p>\n<p style=\"text-align: justify;\"><span style=\"font-family: times new roman, times, serif; font-size: 14pt;\">Source:\u00a0<a href=\"http:\/\/www.unz.com\/ishamir\/jews-impeach-trump-trump-woos-jews\/\"><strong><em>The Unz Review<\/em><\/strong><\/a><\/span><\/p>\n<p style=\"text-align: justify;\"><span style=\"font-family: times new roman, times, serif; font-size: 14pt;\">Notre source\u00a0: <a href=\"https:\/\/plumenclume.org\/blog\/515-le-quiproquo\">https:\/\/plumenclume.org\/blog\/515-le-quiproquo<\/a><\/span><\/p>\n<p style=\"text-align: left;\"><span style=\"font-family: times new roman, times, serif; font-size: 14pt;\"><strong>URL de cet article\u00a0: <\/strong><a href=\"http:\/\/blog.lesgrossesorchadeslesamplesthalameges.fr\/index.php\/le-quiproquo\/\">http:\/\/blog.lesgrossesorchadeslesamplesthalameges.fr\/index.php\/le-quiproquo\/ <\/a><strong><br \/>\n<\/strong><\/span><\/p>\n<p style=\"text-align: justify;\"><span style=\"font-family: times new roman, times, serif; font-size: 18pt; color: #c00000;\"><strong><em>\u00a0<\/em><\/strong><\/span><\/p>\n<p style=\"text-align: justify;\"><span style=\"font-family: times new roman, times, serif; font-size: 14pt;\"><strong><em>\u00a0<\/em><\/strong><\/span><\/p>\n<p>&nbsp;<\/p>\n<p style=\"text-align: center;\"><strong><em><a href=\"http:\/\/blog.lesgrossesorchadeslesamplesthalameges.fr\/wp-content\/uploads\/2019\/11\/2.-DangerousTimes-x.gif\"><img loading=\"lazy\" class=\"alignnone size-full wp-image-7464\" src=\"http:\/\/blog.lesgrossesorchadeslesamplesthalameges.fr\/wp-content\/uploads\/2019\/11\/2.-DangerousTimes-x.gif\" alt=\"\" width=\"70\" height=\"63\" \/><\/a>\u00a0<\/em><\/strong><\/p>\n<p><strong>\u00a0<\/strong><\/p>\n<p><strong>\u00a0<\/strong><\/p>\n<p style=\"text-align: right;\"><span style=\"font-family: comic sans ms, sans-serif;\">Novembre 2019<\/span><\/p>\n<p>&nbsp;<\/p>\n<p>&nbsp;<\/p>\n<p>&nbsp;<\/p>\n","protected":false},"excerpt":{"rendered":"<p>\u00a0 &nbsp; &nbsp; &nbsp; &nbsp; &nbsp; Le quiproquo &nbsp; Isra\u00ebl Adam Shamir \u2013 22.11.2019\u00ad Entre la plume et l\u2019enclume Traduction\u00a0: Maria Poumier &nbsp; &nbsp; &nbsp; &nbsp; La farce de l&rsquo;\u00ab\u00a0impeachment\u00a0\u00bb, c&rsquo;est avant tout une affaire juive, a fait remarquer le quotidien isra\u00e9lien Ha&rsquo;aretz. L&rsquo;\u00e2me et le cerveau de la proc\u00e9dure de destitution contre le pr\u00e9sident,&#8230;<\/p>\n","protected":false},"author":1,"featured_media":0,"parent":0,"menu_order":0,"comment_status":"open","ping_status":"open","template":"","meta":[],"_links":{"self":[{"href":"https:\/\/blog.lesgrossesorchadeslesamplesthalameges.fr\/index.php\/wp-json\/wp\/v2\/pages\/7505"}],"collection":[{"href":"https:\/\/blog.lesgrossesorchadeslesamplesthalameges.fr\/index.php\/wp-json\/wp\/v2\/pages"}],"about":[{"href":"https:\/\/blog.lesgrossesorchadeslesamplesthalameges.fr\/index.php\/wp-json\/wp\/v2\/types\/page"}],"author":[{"embeddable":true,"href":"https:\/\/blog.lesgrossesorchadeslesamplesthalameges.fr\/index.php\/wp-json\/wp\/v2\/users\/1"}],"replies":[{"embeddable":true,"href":"https:\/\/blog.lesgrossesorchadeslesamplesthalameges.fr\/index.php\/wp-json\/wp\/v2\/comments?post=7505"}],"version-history":[{"count":0,"href":"https:\/\/blog.lesgrossesorchadeslesamplesthalameges.fr\/index.php\/wp-json\/wp\/v2\/pages\/7505\/revisions"}],"wp:attachment":[{"href":"https:\/\/blog.lesgrossesorchadeslesamplesthalameges.fr\/index.php\/wp-json\/wp\/v2\/media?parent=7505"}],"curies":[{"name":"wp","href":"https:\/\/api.w.org\/{rel}","templated":true}]}}