{"id":7578,"date":"2019-11-26T18:17:37","date_gmt":"2019-11-26T17:17:37","guid":{"rendered":"http:\/\/blog.lesgrossesorchadeslesamplesthalameges.fr\/?page_id=7578"},"modified":"2019-11-26T18:18:34","modified_gmt":"2019-11-26T17:18:34","slug":"bloomberg-ou-goldstein-le-simulacre-ne-tient-plus","status":"publish","type":"page","link":"https:\/\/blog.lesgrossesorchadeslesamplesthalameges.fr\/index.php\/bloomberg-ou-goldstein-le-simulacre-ne-tient-plus\/","title":{"rendered":"Bloomberg ou Goldstein, le simulacre ne tient plus"},"content":{"rendered":"<p>&nbsp;<\/p>\n<p>&nbsp;<\/p>\n<p>&nbsp;<\/p>\n<p>&nbsp;<\/p>\n<p>&nbsp;<\/p>\n<p>&nbsp;<\/p>\n<p style=\"text-align: justify;\"><span style=\"font-family: times new roman, times, serif; font-size: 18pt; color: #c00000;\"><strong><em>Prochaines pr\u00e9sidentielles US\u00a0:<\/em><\/strong><\/span><\/p>\n<p>&nbsp;<\/p>\n<p>&nbsp;<\/p>\n<p style=\"text-align: center;\"><span style=\"font-family: times new roman, times, serif; font-size: 14pt;\"><strong><em>\u00a0<\/em><span style=\"font-size: 36pt;\">Bloomberg ou Goldstein, le simulacre ne tient plus, le syst\u00e8me veut un retour \u00e0 la normale : guerres = profits<br \/>\n<\/span><\/strong><\/span><\/p>\n<p>&nbsp;<\/p>\n<p style=\"text-align: center;\"><span style=\"font-family: times new roman, times, serif; font-size: 18pt;\"><a href=\"https:\/\/strategika51.org\/\"><strong><em>Strategika 51<\/em><\/strong><\/a><strong> \u2013 25\u00a0.11.2019<\/strong><\/span><\/p>\n<p>&nbsp;<\/p>\n<p>&nbsp;<\/p>\n<p style=\"text-align: center;\"><a href=\"http:\/\/blog.lesgrossesorchadeslesamplesthalameges.fr\/wp-content\/uploads\/2019\/11\/bloomberg.jpg\"><img loading=\"lazy\" class=\"alignnone wp-image-7545 size-full\" src=\"http:\/\/blog.lesgrossesorchadeslesamplesthalameges.fr\/wp-content\/uploads\/2019\/11\/bloomberg.jpg\" alt=\"\" width=\"600\" height=\"300\" srcset=\"https:\/\/blog.lesgrossesorchadeslesamplesthalameges.fr\/wp-content\/uploads\/2019\/11\/bloomberg.jpg 600w, https:\/\/blog.lesgrossesorchadeslesamplesthalameges.fr\/wp-content\/uploads\/2019\/11\/bloomberg-300x150.jpg 300w\" sizes=\"(max-width: 600px) 100vw, 600px\" \/><\/a><\/p>\n<p>&nbsp;<\/p>\n<p>&nbsp;<\/p>\n<p style=\"text-align: justify;\"><span style=\"font-family: times new roman, times, serif; font-size: 14pt;\">Avec la candidature du milliardaire et \u00ab\u00a0philanthrope\u00a0\u00bb <a href=\"https:\/\/www.lalibre.be\/international\/amerique\/presidentielles-americaines-l-ex-maire-de-new-york-michael-bloomberg-candidat-a-l-investiture-democrate-5dda9ce1f20d5a0c46e83f37\"><strong>Michael Bloomber<\/strong>g<\/a> aux prochaines pr\u00e9sidentielles US sous les couleurs du terrible parti \u00ab\u00a0D\u00e9mocrate\u00a0\u00bb, la dystopie d\u00e9crite par George Orwell en 1948 devient une r\u00e9alit\u00e9 : le syst\u00e8me ne veut plus se risquer avec une marionnette ou un autre simulacre. L\u2019Emmanuel Goldstein de <strong><em>1984<\/em><\/strong> n\u2019est pas loin.<\/span><\/p>\n<p style=\"text-align: justify;\"><span style=\"font-family: times new roman, times, serif; font-size: 14pt;\">Les m\u00e9dias nous ont convaincus, preuves \u00e0 l\u2019appui, que 2+2=5 et que 1+1=3 m\u00eame si depuis un peu plus de deux mill\u00e9naires, on a tent\u00e9 de convaincre le monde, souvent avec un bon coup de marteau sur le cr\u00e2ne, que 3=1 ou que 1=3.<\/span><\/p>\n<p style=\"text-align: justify;\"><span style=\"font-family: times new roman, times, serif; font-size: 14pt;\">En r\u00e9alit\u00e9, George Soros aurait tr\u00e8s bien pu se pr\u00e9senter pour le parti D\u00e9mocrate am\u00e9ricain mais le vieux \u00ab\u00a0philanthrope\u00a0\u00bb n\u2019a plus l\u2019\u00e2ge. Voici donc Bloomberg TV (les programmes de ces cha\u00eenes de TV sont parmi les plus l\u00e9nifiants et les plus ennuyeux de la plan\u00e8te).<\/span><\/p>\n<p style=\"text-align: justify;\"><span style=\"font-family: times new roman, times, serif; font-size: 14pt;\">Michael Bloomberg [<em>septuag\u00e9naire quand m\u00eame, NdE<\/em>], l\u2019un des poulains <a href=\"https:\/\/fr.wikipedia.org\/wiki\/Emmanuel_Goldstein\"><strong>du vrai Emmanuel Goldstein<\/strong><\/a>, a d\u00e9clar\u00e9 publiquement que sa candidature vise \u00e0 contrecarrer celle de Donald Trump. Vaste programme.<\/span><\/p>\n<p style=\"text-align: justify;\"><span style=\"font-family: times new roman, times, serif; font-size: 14pt;\">Trump, pourtant une pure cr\u00e9ature du \u00ab\u00a0bling-bling\u00a0\u00bb, et des paillettes dor\u00e9es de la t\u00e9l\u00e9-r\u00e9alit\u00e9 la plus pouss\u00e9e, a profond\u00e9ment d\u00e9\u00e7u Emmanuel Goldstein. D\u2019o\u00f9 la fureur de la tentative de destitution.<\/span><\/p>\n<p style=\"text-align: justify;\"><span style=\"font-family: times new roman, times, serif; font-size: 14pt;\">Donald Trump avait le profil du parfait simulacre de pr\u00e9sident des \u00c9tats-Unis d\u2019Am\u00e9rique. Il s\u2019est av\u00e9r\u00e9 incontr\u00f4lable m\u00eame si c\u2019\u00e9tait initialement l\u2019effet recherch\u00e9 par le syst\u00e8me. Ses <em>Tweets<\/em> ont d\u00e9rang\u00e9 au plus haut point les Gardiens du Temple. Trump a eu beau tenter d\u2019apaiser le Moloch avec toutes les concessions morales et \u00e9thiques imaginables qu\u2019aucun pr\u00e9sident US avant lui n\u2019avait os\u00e9 faire. Il s\u2019est retrouv\u00e9 sans aucun pouvoir, sabot\u00e9 par un \u00c9tat Profond sans \u00e2me, peupl\u00e9 de bureaucrates anonymes z\u00e9l\u00e9s, non \u00e9lus.<\/span><\/p>\n<p style=\"text-align: justify;\"><span style=\"font-family: times new roman, times, serif; font-size: 14pt;\">En filigrane le syst\u00e8me reproche \u00e0 Donald Trump l\u2019absence d\u2019une vraie \u00ab\u00a0guerre\u00a0\u00bb dans la plus pure tradition hollywoodienne, avec z\u00e9ro mort et plein d\u2019effets sp\u00e9ciaux comme ceux de George Lucas et la guerre des \u00e9toiles. Une guerre o\u00f9 l\u2019ennemi sera montr\u00e9 en train de former de longues lignes de prisonniers se rendant \u00e0 la merci des soldats de la libert\u00e9 ou f\u00eatant sa lib\u00e9ration. Une guerre qui permettra plut\u00f4t aux grandes corporations de gagner des dizaines de milliards de dollars en contrats de reconstruction et au passage, faire main basse sur les r\u00e9serves d\u2019or et\/ou sur les richesses mini\u00e8res et \u00e9nerg\u00e9tiques du pays conquis par le r\u00eave hollywoodien.<\/span><\/p>\n<p style=\"text-align: justify;\"><span style=\"font-family: times new roman, times, serif; font-size: 14pt;\">Le probl\u00e8me est que \u00ab\u00a0l\u2019achat d\u2019une guerre tous packs inclus\u00a0\u00bb en pr\u00e9 et post-pay\u00e9 comme ce fut le cas lors de l\u2019invasion de l\u2019Irak est une option impossible en 2019. Le mythe de la \u00ab\u00a0guerre sans fin contre la terreur\u00a0\u00bb, typiquement Goldsteinien, a vol\u00e9 en mille \u00e9clats lors de la guerre du Levant. C\u2019est en Syrie que furent d\u00e9busqu\u00e9s un par un tous les mensonges autour d\u2019Al-Qa\u00efda, Daech et d\u2019autres effluves de chlore vert-jaune. Le mensonge ne tient plus. Cette nouvelle donne est mauvaise pour le profit universel.<\/span><\/p>\n<p style=\"text-align: justify;\"><span style=\"font-family: times new roman, times, serif; font-size: 14pt;\">Un simulacre ne doit pas outrepasser son r\u00f4le assign\u00e9. La marionnette Obama avait, certes, jou\u00e9 sa partition hypocrite et bien-pensante dans la pure tradition du politiquement correct. Obama avait lanc\u00e9 une offensive hybride g\u00e9n\u00e9ralis\u00e9e ayant emport\u00e9 des r\u00e9gimes entiers et sem\u00e9 un chaos indescriptible au Proche et au Moyen-Orient. Il a, bien s\u00fbr, envoy\u00e9 des renforts en Afghanistan, o\u00f9 se d\u00e9roule la plus longue guerre de l\u2019histoire des \u00c9tats-Unis. Il a aussi endoss\u00e9 le programme secret d\u2019assassinats cibl\u00e9s par des drones de plus en plus sophistiqu\u00e9s. Enfin, il est all\u00e9 jusqu\u2019\u00e0 d\u00e9terrer une guerre froide <em>bis<\/em> avec la Russie, une fois de plus d\u00e9sign\u00e9e comme le parfait tra\u00eetre de m\u00e9lodrame.<\/span><\/p>\n<p style=\"text-align: justify;\"><span style=\"font-family: times new roman, times, serif; font-size: 14pt;\">Trump pose manifestement probl\u00e8me avec ses <em>Tweets<\/em>. Quel meilleur rival peut-on lui opposer qu\u2019un autre milliardaire New-Yorkais ?<\/span><\/p>\n<p style=\"text-align: justify;\"><span style=\"font-family: times new roman, times, serif; font-size: 14pt;\">En r\u00e9alit\u00e9, un Michael Bloomberg \u00e0 la Maison Blanche n\u2019aura qu\u2019un seul et unique programme : la guerre = davantage de profits. C\u2019est aussi simple que cela.<\/span><\/p>\n<p style=\"text-align: justify;\"><span style=\"font-family: times new roman, times, serif; font-size: 14pt;\">L\u2019avenir n\u2019est pas pacifique. La dystopie mondiale s\u2019est bien mise en place. \u00ab\u00a0Les gens\u00a0\u00bb ou \u00ab\u00a0la populace\u00a0\u00bb ne pensent qu\u2019\u00e0 consommer dans un circuit ferm\u00e9 ou en rond comme celui d\u2019un hamster domestique. La plupart des gens se fichent pas mal de ce qui se passe autour d\u2019eux. Jusqu\u2019au jour o\u00f9 des missiles leur tomberont sur la t\u00eate. Et encore\u2026<\/span><\/p>\n<p style=\"text-align: justify;\"><span style=\"font-family: times new roman, times, serif; font-size: 14pt;\">La guerre c\u2019est la paix. \u00c7a devrait \u00eatre la devise officielle des Likudniks (la \u00ab\u00a0Gauche\u00a0\u00bb dite \u00ab\u00a0Caviar\u00a0\u00bb a toujours \u00e9t\u00e9 plus belliciste et arrogante que toute les courants de la \u00ab\u00a0Droite\u00a0\u00bb r\u00e9unies).<\/span><\/p>\n<p style=\"text-align: justify;\"><span style=\"font-family: times new roman, times, serif; font-size: 14pt;\">On y est. On est en pleine troisi\u00e8me guerre mondiale, avec ses fronts chauds, ses nouvelles lignes Maginot, ses arri\u00e8res, ses dr\u00f4les de guerres, la crise financi\u00e8re et mon\u00e9taire, ses r\u00e9volutions \u00ab\u00a0color\u00e9es\u00a0\u00bb ou pas, ses guerres hybrides, ses attaques sous faux drapeau, ses faux spectacles, la super propagande et le mensonge permanent.<\/span><\/p>\n<p style=\"text-align: justify;\"><span style=\"font-family: times new roman, times, serif; font-size: 14pt;\">Les \u00c9tats-Unis vivent une tr\u00e8s grave crise politique et \u00e9conomique, marqu\u00e9e par un conflit interne au sommet du pouvoir. Cette lutte se traduit par un coup d\u2019\u00c9tat <em>soft<\/em> en cours et une d\u00e9stabilisation de l\u2019ensemble du monde.<\/span><\/p>\n<p style=\"text-align: justify;\"><span style=\"font-family: times new roman, times, serif; font-size: 14pt;\">L\u2019Europe est en train de sombrer dans la pauvret\u00e9 et un esclavage socio-\u00e9conomique sans pr\u00e9c\u00e9dent dans l\u2019histoire, au milieu de l\u2019autosatisfaction b\u00e9ate d\u2019un exceptionnalisme europ\u00e9ocentr\u00e9 qui n\u2019a rien \u00e0 envier \u00e0 l\u2019exceptionnalisme am\u00e9ricain. Les europ\u00e9ens ont toujours \u00e9t\u00e9 pires que les Am\u00e9ricains \u00e0 cet \u00e9gard. Et \u00e0 bien y regarder de pr\u00e8s, les bureaucrates sans \u00e2me et sans cervelle de Bruxelles sont probablement pires que tout ce que vous pouvez imaginer comme dictature exotique. Isra\u00ebl est encore une fois sur la corde raide d\u2019une guerre civile latente couvant depuis son origine en 1948. Le reste du monde est en feu ou menac\u00e9 par l\u2019incendie. Ceux qui peuvent se le permettre se pr\u00e9parent \u00e0 la guerre. Les autres \u00e0 une forme plus \u00e9labor\u00e9e et plus brutale encore de servitude.<\/span><\/p>\n<p style=\"text-align: justify;\"><span style=\"font-family: times new roman, times, serif; font-size: 14pt;\">C\u2019est le r\u00e8gne de la folie universelle. On invente des diversions de plus en plus pu\u00e9riles pour d\u00e9tourner l\u2019attention des esclaves. Cela marche \u00e0 merveille. Il y aura h\u00e9las toujours des esclaves qui croient \u00eatre libres (uniquement pour s\u2019autod\u00e9truire). <em>Divide ut regnes<\/em>.<\/span><\/p>\n<p style=\"text-align: justify;\"><span style=\"font-family: times new roman, times, serif; font-size: 14pt;\">M\u00eame mort ou fictif, Emmanuel Goldstein ne cesse de ressusciter. L\u2019Ant\u00e9-Christ n\u2019est pas loin. Il va falloir serrer les sangles. La chute est vertigineuse. La science n\u2019est plus que de la propagande. La philosophie a \u00e9chou\u00e9 et les religions sont combattues.<\/span><\/p>\n<p style=\"text-align: justify;\"><span style=\"font-family: times new roman, times, serif; font-size: 14pt;\">La b\u00eatise humaine est coriace. L\u2019esprit humain est donc limit\u00e9. Ce qui explique pourquoi toutes les religions nous parlent d\u2019une sorte d\u2019ing\u00e9rence extraterrestre ayant aid\u00e9 les hommes \u00e0 \u00e9voluer. On voit le r\u00e9sultat aujourd\u2019hui, au milieu d\u2019une \u00e9ni\u00e8me \u00e8re de d\u00e9cadence: tuer son semblable pour le profit, c\u2019est le niveau z\u00e9ro de la civilisation.<\/span><\/p>\n<p style=\"text-align: justify;\"><span style=\"font-family: times new roman, times, serif; font-size: 14pt;\">Allumez la t\u00e9l\u00e9 et regardez Bloomberg TV. Vous serez heureux. A votre insu. Et sans le vouloir.<\/span><\/p>\n<p>&nbsp;<\/p>\n<p style=\"text-align: center;\"><a href=\"http:\/\/blog.lesgrossesorchadeslesamplesthalameges.fr\/wp-content\/uploads\/2019\/11\/T\u00e9l\u00e9-Bloomberg.jpg\"><img loading=\"lazy\" class=\"alignnone wp-image-7581\" src=\"http:\/\/blog.lesgrossesorchadeslesamplesthalameges.fr\/wp-content\/uploads\/2019\/11\/T\u00e9l\u00e9-Bloomberg.jpg\" alt=\"\" width=\"600\" height=\"335\" srcset=\"https:\/\/blog.lesgrossesorchadeslesamplesthalameges.fr\/wp-content\/uploads\/2019\/11\/T\u00e9l\u00e9-Bloomberg.jpg 500w, https:\/\/blog.lesgrossesorchadeslesamplesthalameges.fr\/wp-content\/uploads\/2019\/11\/T\u00e9l\u00e9-Bloomberg-300x167.jpg 300w\" sizes=\"(max-width: 600px) 100vw, 600px\" \/><\/a><\/p>\n<p>&nbsp;<\/p>\n<p style=\"text-align: left;\"><span style=\"font-family: times new roman, times, serif; font-size: 14pt;\">Source\u00a0: <a href=\"https:\/\/strategika51.org\/2019\/11\/25\/bloomberg-ou-goldstein-le-simulacre-ne-tient-plus-le-systeme-veut-le-retour-a-la-normale-guerres-profits\/\">https:\/\/strategika51.org\/2019\/11\/25\/bloomberg-ou-goldstein-le-simulacre-ne-tient-plus-le-systeme-veut-le-retour-a-la-normale-guerres-profits\/<\/a><\/span><\/p>\n<p style=\"text-align: justify;\"><span style=\"font-family: times new roman, times, serif; font-size: 14pt;\"><strong>\u00a0<\/strong><\/span><\/p>\n<p style=\"text-align: left;\"><span style=\"font-family: times new roman, times, serif; font-size: 14pt;\"><strong>URL de cet article\u00a0: <\/strong><a href=\"http:\/\/blog.lesgrossesorchadeslesamplesthalameges.fr\/index.php\/bloomberg-ou-goldstein-le-simulacre-ne-tient-plus\/\">http:\/\/blog.lesgrossesorchadeslesamplesthalameges.fr\/index.php\/bloomberg-ou-goldstein-le-simulacre-ne-tient-plus\/<\/a><strong><br \/>\n<\/strong><\/span><\/p>\n<p>&nbsp;<\/p>\n<p style=\"text-align: left;\"><span style=\"font-family: times new roman, times, serif; font-size: 18pt; color: #c00000;\"><strong><em>Nous laisserons \u00e0 Strategika son Ant\u00e9christ et essayerons de suivre avec quelque int\u00e9r\u00eat la phase \u00ab\u00a0\u00e9lection 2020\u00a0\u00bb de la guerre civile zunienne en cours.<\/em><\/strong><\/span><\/p>\n<p style=\"text-align: justify;\"><span style=\"font-family: times new roman, times, serif; font-size: 14pt;\"><strong><em>\u00a0<\/em><\/strong><\/span><\/p>\n<p>&nbsp;<\/p>\n<p style=\"text-align: center;\"><strong><em>\u00a0<a href=\"http:\/\/blog.lesgrossesorchadeslesamplesthalameges.fr\/wp-content\/uploads\/2019\/11\/2.-DangerousTimes-x-1.gif\"><img loading=\"lazy\" class=\"alignnone size-full wp-image-7535\" src=\"http:\/\/blog.lesgrossesorchadeslesamplesthalameges.fr\/wp-content\/uploads\/2019\/11\/2.-DangerousTimes-x-1.gif\" alt=\"\" width=\"70\" height=\"63\" \/><\/a><\/em><\/strong><\/p>\n<p><strong><em>\u00a0<\/em><\/strong><\/p>\n<p>&nbsp;<\/p>\n<p style=\"text-align: right;\"><span style=\"font-family: comic sans ms, sans-serif; font-size: 14pt;\">Novembre 2019<\/span><\/p>\n<p>&nbsp;<\/p>\n<p>&nbsp;<\/p>\n","protected":false},"excerpt":{"rendered":"<p>&nbsp; &nbsp; &nbsp; &nbsp; &nbsp; &nbsp; Prochaines pr\u00e9sidentielles US\u00a0: &nbsp; &nbsp; \u00a0Bloomberg ou Goldstein, le simulacre ne tient plus, le syst\u00e8me veut un retour \u00e0 la normale : guerres = profits &nbsp; Strategika 51 \u2013 25\u00a0.11.2019 &nbsp; &nbsp; &nbsp; &nbsp; Avec la candidature du milliardaire et \u00ab\u00a0philanthrope\u00a0\u00bb Michael Bloomberg aux prochaines pr\u00e9sidentielles US sous les&#8230;<\/p>\n","protected":false},"author":1,"featured_media":0,"parent":0,"menu_order":0,"comment_status":"open","ping_status":"open","template":"","meta":[],"_links":{"self":[{"href":"https:\/\/blog.lesgrossesorchadeslesamplesthalameges.fr\/index.php\/wp-json\/wp\/v2\/pages\/7578"}],"collection":[{"href":"https:\/\/blog.lesgrossesorchadeslesamplesthalameges.fr\/index.php\/wp-json\/wp\/v2\/pages"}],"about":[{"href":"https:\/\/blog.lesgrossesorchadeslesamplesthalameges.fr\/index.php\/wp-json\/wp\/v2\/types\/page"}],"author":[{"embeddable":true,"href":"https:\/\/blog.lesgrossesorchadeslesamplesthalameges.fr\/index.php\/wp-json\/wp\/v2\/users\/1"}],"replies":[{"embeddable":true,"href":"https:\/\/blog.lesgrossesorchadeslesamplesthalameges.fr\/index.php\/wp-json\/wp\/v2\/comments?post=7578"}],"version-history":[{"count":0,"href":"https:\/\/blog.lesgrossesorchadeslesamplesthalameges.fr\/index.php\/wp-json\/wp\/v2\/pages\/7578\/revisions"}],"wp:attachment":[{"href":"https:\/\/blog.lesgrossesorchadeslesamplesthalameges.fr\/index.php\/wp-json\/wp\/v2\/media?parent=7578"}],"curies":[{"name":"wp","href":"https:\/\/api.w.org\/{rel}","templated":true}]}}