{"id":7597,"date":"2019-11-26T21:47:51","date_gmt":"2019-11-26T20:47:51","guid":{"rendered":"http:\/\/blog.lesgrossesorchadeslesamplesthalameges.fr\/?page_id=7597"},"modified":"2019-11-26T21:50:53","modified_gmt":"2019-11-26T20:50:53","slug":"ce-nest-pas-quon-veuille-opposer","status":"publish","type":"page","link":"https:\/\/blog.lesgrossesorchadeslesamplesthalameges.fr\/index.php\/ce-nest-pas-quon-veuille-opposer\/","title":{"rendered":"Ce n&rsquo;est pas qu&rsquo;on veuille opposer&#8230;"},"content":{"rendered":"<p>&nbsp;<\/p>\n<p>&nbsp;<\/p>\n<p>&nbsp;<\/p>\n<p>&nbsp;<\/p>\n<p>&nbsp;<\/p>\n<p>&nbsp;<\/p>\n<p>&nbsp;<\/p>\n<p style=\"text-align: center;\"><span style=\"font-size: 36pt; font-family: times new roman, times, serif;\"><strong>Ce n\u2019est pas qu\u2019on veuille opposer Bruno Guigue \u00e0 Antoine Manessis ni d\u00e9fendre un point de vue plut\u00f4t qu\u2019un autre, mais\u2026<\/strong><\/span><span style=\"font-size: 36pt; font-family: times new roman, times, serif;\"><strong>\u00a0<\/strong><\/span><\/p>\n<p>&nbsp;<\/p>\n<p style=\"text-align: center;\"><span style=\"font-family: times new roman, times, serif; font-size: 18pt;\"><strong>Th\u00e9roigne \u2013 <em>LGO <\/em>\u2013 26.11.2019<\/strong><\/span><\/p>\n<p>&nbsp;<\/p>\n<p>&nbsp;<\/p>\n<p style=\"text-align: center;\"><a href=\"http:\/\/blog.lesgrossesorchadeslesamplesthalameges.fr\/wp-content\/uploads\/2019\/11\/Alx-dessin-chacun-dans-sa-bulle-gilets-jaunes-eded3-f06cd.jpg\"><img loading=\"lazy\" class=\"alignnone wp-image-7540 size-full\" src=\"http:\/\/blog.lesgrossesorchadeslesamplesthalameges.fr\/wp-content\/uploads\/2019\/11\/Alx-dessin-chacun-dans-sa-bulle-gilets-jaunes-eded3-f06cd.jpg\" alt=\"\" width=\"600\" height=\"424\" srcset=\"https:\/\/blog.lesgrossesorchadeslesamplesthalameges.fr\/wp-content\/uploads\/2019\/11\/Alx-dessin-chacun-dans-sa-bulle-gilets-jaunes-eded3-f06cd.jpg 600w, https:\/\/blog.lesgrossesorchadeslesamplesthalameges.fr\/wp-content\/uploads\/2019\/11\/Alx-dessin-chacun-dans-sa-bulle-gilets-jaunes-eded3-f06cd-300x212.jpg 300w\" sizes=\"(max-width: 600px) 100vw, 600px\" \/><\/a><\/p>\n<p>&nbsp;<\/p>\n<p>&nbsp;<\/p>\n<p style=\"text-align: justify;\"><span style=\"font-family: comic sans ms, sans-serif; font-size: 14pt;\">Des responsabilit\u00e9s dans les d\u00e9faites des peuples, il y en a beaucoup, et M. Manessis en \u00e9num\u00e8re quelques-unes historiquement prouv\u00e9es. Mais cela veut-il dire qu\u2019un peuple seulement arm\u00e9 de sa masse et de sa repr\u00e9sentativit\u00e9 puisse s\u2019en tirer sans armes\u00a0? Cela reste \u00e0 mon humble avis, sujet \u00e0 discussion.<\/span><\/p>\n<p style=\"text-align: justify;\"><span style=\"font-family: comic sans ms, sans-serif; font-size: 14pt;\">Certes, pour ne retenir que cet exemple, le peuple espagnol \u00e9tait arm\u00e9 et il a \u00e9t\u00e9 vaincu. \u00ab\u00a0C\u2019est le choix de classe des gouvernements britanniques et fran\u00e7ais (plut\u00f4t Franco que le <em>frente Popular<\/em>) et non la d\u00e9mocratie parlementaire qui est responsable de la d\u00e9faite\u00a0\u00bb dit M. Manessis. Peut-on se permettre de dire qu\u2019on n\u2019est pas vraiment d\u2019accord. Croit-on que les gouvernements \u2013 britannique, fran\u00e7ais ou autres \u2013 vont un jour se comporter autrement\u00a0? Le peuple espagnol n\u2019avait, lui, d\u2019autre choix que de les affronter dans des conditions d\u2019in\u00e9galit\u00e9 meurtri\u00e8res et il l\u2019a fait. Mais les peuples britannique et fran\u00e7ais avaient, eux, le choix (oserais-je dire le devoir\u00a0?) de prendre les armes contre leurs gouvernements respectifs pour les emp\u00eacher de nuire, puisqu\u2019ils ne pouvaient les en emp\u00eacher par les urnes (cela se saurait si c\u2019\u00e9tait possible\u00a0!). Ce n\u2019\u00e9tait pas seulement un devoir de solidarit\u00e9 envers les Espagnols, c\u2019\u00e9tait un imp\u00e9ratif en mati\u00e8re de morale publique. C\u2019\u00e9tait aussi leur int\u00e9r\u00eat. Non pas une prise d\u2019armes t\u00eate de pipe par t\u00eate de pipe dans des brigades internationales, quels qu\u2019aient \u00e9t\u00e9 leur h\u00e9ro\u00efsme et leur fraternit\u00e9, mais par une v\u00e9ritable entr\u00e9e en guerre CONTRE leurs propres classes dominantes \u00e0 l\u2019int\u00e9rieur de chez eux. Accepter l\u2019esclavage pour soi ne serait-il plus l\u2019imposer aux autres\u00a0? Ce ne sont donc pas les Espagnols qui ont eu tort de choisir le fusil, ce sont les autres qui ont commis le p\u00e9ch\u00e9 mortel, y compris \u00e0 leurs propres d\u00e9pens, de ne pas les imiter.<\/span><\/p>\n<p style=\"text-align: justify;\"><span style=\"font-family: comic sans ms, sans-serif; font-size: 14pt;\">On a l\u2019impression \u00e0 la fois de rab\u00e2cher et d\u2019enfoncer des portes ouvertes en r\u00e9p\u00e9tant cela, mais en aura-t-on jamais fini de citer L\u00e9nine sans jamais joindre le geste \u00e0 la parole\u00a0?<\/span><\/p>\n<p style=\"text-align: justify;\"><span style=\"font-family: comic sans ms, sans-serif; font-size: 14pt;\">Ce n\u2019est pourtant pas sorcier\u00a0: d\u00e9j\u00e0 C\u00e9line \u2013 pas vraiment un homme \u00ab\u00a0de gauche\u00a0\u00bb \u2013 ne disait-il pas, dans <em>Bagatelles pour un massacre <\/em>(1937), que, de la prochaine, ceux qui avaient \u00e9t\u00e9 viande \u00e0 canon seraient spectateurs, et ce, quelques d\u00e9cennies avant Debord\u00a0? Le \u00ab\u00a0spectacle\u00a0\u00bb a commenc\u00e9 bien des ann\u00e9es avant l\u2019ouverture des soi-disant hostilit\u00e9s, et il s\u2019est poursuivi apr\u00e8s la IIe, par l\u2019admiration (prudemment de loin) des luttes r\u00e9volutionnaires d\u2019ailleurs, que, nulle part en Europe, on n\u2019a eu l\u2019id\u00e9e d\u2019imiter si peu que ce soit. On a pu r\u00eaver d\u2019un R\u00e9gis Debray se payant De Gaulle, Pasqua, les SAC et la Fran\u00e7afrique, au lieu d\u2019aller \u00ab\u00a0soutenir\u00a0\u00bb platoniquement Che Guevera. Mais, hein\u2026<\/span><\/p>\n<p style=\"text-align: justify;\"><span style=\"font-family: comic sans ms, sans-serif; font-size: 14pt;\">Quand, bien avant celle de 1914, L\u00e9nine en exil la voyant venir sans oser y croire, ne cessait de r\u00e9p\u00e9ter aux \u00ab\u00a0gauches\u00a0\u00bb de tout poil \u2013 socialistes, marxistes, pacifistes \u2013 \u00ab\u00a0cette guerre, il faut la faire non <em>pour eux<\/em> mais <em>contre eux<\/em>. Qui l\u2019a \u00e9cout\u00e9\u00a0? Pas un seul. Pas un\u00a0! Jaur\u00e8s\u00a0? N\u2019a jamais pr\u00e9conis\u00e9 la guerre int\u00e9rieure. Et on sait ce qui lui est arriv\u00e9, la c\u00e9l\u00e9rit\u00e9 qu\u2019ont mise les bergers du peuple de gauche \u00e0 voter les cr\u00e9dits militaires, et les frais du proc\u00e8s contre l\u2019assassin qu\u2019a d\u00fb payer la veuve dans un consensus g\u00e9n\u00e9ral.<\/span><\/p>\n<p style=\"text-align: justify;\"><span style=\"font-family: comic sans ms, sans-serif; font-size: 14pt;\">Pourquoi L\u00e9nine esp\u00e9rait-il cette guerre tout en la redoutant\u00a0? Parce que <em>le peuple n\u2019est jamais arm\u00e9 qu\u2019en temps de guerre<\/em>, des armes qu\u2019on lui confie pour qu\u2019il aille trucider ses semblables au profit de ses ma\u00eetres. Il a eu beau le dire et le r\u00e9p\u00e9ter, il s\u2019est adress\u00e9 \u00e0 des murs. De gauche.<\/span><\/p>\n<p style=\"text-align: justify;\"><span style=\"font-family: comic sans ms, sans-serif; font-size: 14pt;\">Pourquoi, quand en 1917 la premi\u00e8re et seule h\u00e9las grande mutinerie occidentale (<a href=\"http:\/\/blog.lesgrossesorchadeslesamplesthalameges.fr\/index.php\/2019\/11\/11\/armistice-ii-v-viva-caporetto\/\">Caporetto<\/a>) a pr\u00e9c\u00e9d\u00e9 celles de Russie, a-t-elle fini par aller s\u2019enliser dans les sables du fascisme au lieu de se transformer en r\u00e9volution\u00a0? Parce que L\u00e9nine n\u2019avait jamais trouv\u00e9 \u00e0 qui parler, parce qu\u2019il n\u2019y avait pas, en Europe occidentale, un seul homme de sa trempe, capable d\u2019\u00e9clairer (de <em>convaincre<\/em>, \u00f4 Maximilien), de \u00a0canaliser les peuples autrement que dans le sillage d\u2019aventuriers corses.<\/span><\/p>\n<p style=\"text-align: justify;\"><span style=\"font-family: comic sans ms, sans-serif; font-size: 14pt;\">Parce que Robespierre \u00e9tait mort, Bonaparte a pu prosp\u00e9rer. Il a fait, d\u2019un peuple qui \u00e9tait devenu le phare de l\u2019humanit\u00e9, un ramassis de brigands pillards. Qui pille encore et toujours. C\u2019est de lui \u2013 \u00ab\u00a0petit caporal\u00a0\u00bb aux mains crochues \u2013 que date la conscription obligatoire des classes populaires et leur utilisation dans les guerres de rapines de leurs ma\u00eetres.<\/span><\/p>\n<p style=\"text-align: justify;\"><span style=\"font-family: comic sans ms, sans-serif; font-size: 14pt;\">Qui, \u00e0 gauche \u2013 \u00e0 supposer qu\u2019il en reste \u2013 a jamais pris la peine de tirer la le\u00e7on de la suppression de la conscription et du retour au mercenariat tous-azimuts <em>imm\u00e9diatement apr\u00e8s la r\u00e9volution des \u0153illets <\/em>? Certes, les bidasses portugais n\u2019ont pas su tirer parti de leur victoire (par manque de t\u00eates pensantes id\u00e9ologiques l\u00e0 o\u00f9 il en aurait fallu) mais ils n\u2019en ont pas moins fait foutrement peur. Assez pour que les classes dominantes, et pas seulement portugaises, prennent, comme d\u2019habitude, une longueur d\u2019avance, en recourant pr\u00e9emptivement au mercenariat.<\/span><\/p>\n<p style=\"text-align: justify;\"><span style=\"font-family: comic sans ms, sans-serif; font-size: 14pt;\">La parenth\u00e8se Bonaparte\u2013IIe Guerre mondiale est referm\u00e9e. Jamais plus les peuples ne seront arm\u00e9s par leurs ma\u00eetres. L\u2019occasion de se servir des armes des esclavagistes contre eux-m\u00eames n\u2019a \u00e9t\u00e9 saisie qu\u2019une seule et unique fois dans l\u2019histoire. (Et un petit peu \u00e0 la fin de la guerre du Vietnam par les GI\u2019s.)<\/span><\/p>\n<p style=\"text-align: justify;\"><span style=\"font-family: comic sans ms, sans-serif; font-size: 14pt;\">Cela veut-il dire, comme M. Manessis semble le croire, que les peuples seront jamais en \u00e9tat, par leur seul nombre et par le jeu truqu\u00e9 des urnes, de faire changer <em>durablement<\/em> la donne\u00a0? \u00ab\u00a0Rien n\u2019est jamais acquis \u00e0 l\u2019homme\u2026\u00a0\u00bb, ce n\u2019est pas moi qui le dis. Il n\u2019y a, au contraire, pas d\u2019exemple d\u2019une exp\u00e9rience majeure \u2013 hormis celles obtenues <em>et consolid\u00e9es<\/em> par les armes \u2013 qui n\u2019ait pu \u00eatre renvers\u00e9e ou pervertie. Sans m\u00eame invoquer l\u2019effondrement de l\u2019URSS, il n\u2019y a qu\u2019\u00e0 voir l\u2019\u00e9tat actuel des d\u00e9mocraties scandinaves.<\/span><\/p>\n<p style=\"text-align: justify;\"><span style=\"font-family: comic sans ms, sans-serif; font-size: 14pt;\">Donc, les peuples occidentaux n\u2019ont plus les moyens de s\u2019armer. Mais ce qui leur manque par-dessus tout, ce ne sont pas des armes, c\u2019est de la d\u00e9termination, de l\u2019ing\u00e9niosit\u00e9, du courage et, plus que tout, des principes, de ces principes qui ont fait accomplir \u00e0 nos a\u00efeux les miracles que nous avons laiss\u00e9 tomber en quenouille sans m\u00eame savoir comment les ramasser dans la fange.<\/span><\/p>\n<p style=\"text-align: justify;\"><span style=\"font-family: comic sans ms, sans-serif; font-size: 14pt;\">On en est donc l\u00e0\u00a0: les peuples ont r\u00e9gress\u00e9 non pas d\u2019un si\u00e8cle comme le d\u00e9plorait Saint-Just mais d\u2019un mill\u00e9naire au moins. Nous nageons en plein Bas-Empire. Sur qui peuvent-ils compter pour les \u00e9clairer et les aider \u00e0 remonter la pente\u00a0? Sur personne. Les appareils de partis socialistes ou communistes n\u2019ont rien \u00e0 envier \u00e0 la d\u00e9mocratie chr\u00e9tienne en mati\u00e8re d\u2019inanit\u00e9 et de corruption. Il faut repartir de z\u00e9ro, peut-\u00eatre m\u00eame en repassant par les temps pr\u00e9historiques\u2026 Hauts les c\u0153urs.<\/span><\/p>\n<p>&nbsp;<\/p>\n<p style=\"text-align: justify;\"><span style=\"font-family: comic sans ms, sans-serif; font-size: 14pt;\">Je me permets d\u2019\u00e9voquer ici, en passant une exp\u00e9rience belge dont les jeunes g\u00e9n\u00e9rations ne savent s\u00fbrement rien\u00a0: dans les ann\u00e9es 70, une poign\u00e9e de militants des CCC (\u00ab\u00a0Cellules Communistes Combattantes\u00a0\u00bb) a tent\u00e9 une exp\u00e9rience audacieuse. C\u2019\u00e9tait l\u2019\u00e9poque o\u00f9 l\u2019installation en Europe de bombes nucl\u00e9aires US faisait sortir dans la rue un million de manifestants (\u00e0 Bruxelles) et m\u00eame davantage (\u00e0 Rome). Ces militants s\u2019\u00e9taient dit que le moment \u00e9tait venu de passer \u00e0 la vitesse sup\u00e9rieure, de s\u2019en prendre offensivement au syst\u00e8me au lieu de lui chanter des slogans. Et ils se sont mis \u00e0 faire sauter des endroits particuli\u00e8rement significatifs\u00a0: le si\u00e8ge du patronat belge, celui de certaines banques, le pipe-line de l\u2019OTAN, etc\u2026 Sans qu\u2019il y ait jamais de victimes. Le public \u00e9tait pr\u00e9venu \u00e0 temps d\u2019avoir \u00e0 s\u2019\u00e9carter. Ce qu\u2019ils escomptaient\u00a0? Que \u00ab\u00a0la masse\u00a0\u00bb (des manifestants) se radicalise un peu, qu\u2019elle s\u2019en prenne aux vrais responsables, r\u00e9fl\u00e9chisse \u00e0 ce qu\u2019elle faisait, identifie bien ses ennemis et passe des paroles aux actes\u2026 Ils se faisaient des illusions. La classe au pouvoir est partout rompue \u00e0 faire face \u00e0 ce genre de situation\u00a0: elle a organis\u00e9 un \u00ab\u00a0faux drapeau\u00a0\u00bb o\u00f9 il y a eu mort d\u2019homme. Oh, pas un militaire ni un policier, juste un pompier\u00a0! Et les quatre (ils \u00e9taient quatre), qui \u00e9taient dans le collimateur depuis toujours, ont \u00e9t\u00e9 arr\u00eat\u00e9s et accus\u00e9s du crime. Rien de bien diff\u00e9rent de la mani\u00e8re dont Georges Ibrahim Abdallah a \u00e9t\u00e9 fait aux pattes (voir ce qu\u2019en dit l\u2019article en fin de <em>post<\/em>).<\/span><\/p>\n<p style=\"text-align: justify;\"><span style=\"font-family: comic sans ms, sans-serif; font-size: 14pt;\">Lorsque, lib\u00e9r\u00e9 apr\u00e8s 17 ans de r\u00e9clusion, Pierre Carette a \u00e9t\u00e9 un jour invit\u00e9 \u00e0 plancher par des militants communistes de la banlieue \u00ab\u00a0rouge\u00a0\u00bb de Seraing, il a \u00e9t\u00e9 stup\u00e9fait et constern\u00e9 par leur absence totale d\u2019\u00e9ducation et, disons le mot, de conscience politique. \u00ab\u00a0Mais qu\u2019est-ce que le parti a appris \u00e0 ses militants pendant toutes ces ann\u00e9es\u00a0?\u00a0\u00bb La r\u00e9ponse \u00e9tait pourtant simple\u00a0: rien. Et ceci n\u2019est pas valable que pour le PC belge mais tout autant pour le PCF, le PCI et les autres formations qui se disent (et se croient peut-\u00eatre) de gauche.<\/span><\/p>\n<p style=\"text-align: justify;\"><span style=\"font-family: comic sans ms, sans-serif; font-size: 14pt;\">Au cours d\u2019une longue vie et d\u2019exp\u00e9riences diverses, je n\u2019ai jamais vu qu\u2019un seul endroit o\u00f9 les militants eussent \u00e9t\u00e9 fermement pri\u00e9s de lire, de r\u00e9fl\u00e9chir et de discuter id\u00e9ologiquement\u00a0: la JCR de Krivine dans les ann\u00e9es 1960. Certes, ils \u00e9taient trotskistes, personne n\u2019est parfait, mais o\u00f9 sont les autres\u00a0? Qui fera comprendre aux Gilets Jaunes que s\u2019obstiner \u00e0 aller s\u2019offrir aux balles et aux gaz toxiques ne les m\u00e8nera nulle part, qu\u2019il faut s\u2019asseoir et r\u00e9fl\u00e9chir, d\u00e9cider quels risques valent la peine d\u2019\u00eatre pris, lesquels sont possibles <em>et les prendre<\/em>\u00a0?<\/span><\/p>\n<p style=\"text-align: justify;\"><span style=\"font-family: comic sans ms, sans-serif; font-size: 14pt;\">M. Manessis a raison de consid\u00e9rer comme d\u00e9finitivement nuls et non avenus les \u00ab\u00a0partis\u00a0\u00bb y compris communistes traditionnels, du pass\u00e9 faisons table rase, mais il ne sert \u00e0 rien de pr\u00e9coniser \u00ab un projet progressiste alternatif \u00bb : il n\u2019y a personne pour l\u2019\u00e9laborer, personne pour le mettre en \u0153uvre. Ils sont seuls et ils ne savent rien. Ce n\u2019est pas gai, c\u2019est la r\u00e9alit\u00e9. La regarder en face ou se mettre la t\u00eate dans le sable\u00a0? Ou continuer \u00e0 ergoter dans le vide (tout plut\u00f4t qu\u2019agir\u00a0!)\u00a0?<\/span><\/p>\n<p style=\"text-align: justify;\"><span style=\"font-family: comic sans ms, sans-serif; font-size: 14pt;\">Les pseudo-historiens r\u00e9visionnistes petites mains de l&rsquo;oligarchie ont beau se donner un mal de chien pour d\u00e9consid\u00e9rer la R\u00e9sistance. Quoi qu\u2019ils en disent, et m\u00eame si on sait que le Reich nazi a \u00e9t\u00e9 vaincu par le Petit P\u00e8re des Peuples et ses 25 millions d\u2019auto-sacrifi\u00e9s, elle n\u2019a pas fait que de la figuration. Elle \u00e9tait arm\u00e9e et elle s\u2019est servie de ses armes contre un envahisseur beaucoup plus arm\u00e9 qu\u2019elle. D\u2019o\u00f9 vient que, personne, aujourd\u2019hui, ne les imite contre l\u2019envahisseur du dedans\u00a0?<\/span><\/p>\n<p>&nbsp;<\/p>\n<p style=\"text-align: justify;\"><span style=\"font-family: comic sans ms, sans-serif; font-size: 14pt;\">Ma modeste proposition de vieillarde impotente aux GJ reste qu\u2019ils feraient bien de lire, de se passer, de discuter aux ronds-points, le <em>L\u00e9nine<\/em> de G\u00e9rard Walter. Non pas pour mettre leurs pas dans ceux de Vladimir Ilitch (encore que\u2026), ni pour l\u2019imiter servilement (encore faudrait-il\u2026), mais pour savoir au moins ce qui les attend, <em>dont rien ne leur sera \u00e9pargn\u00e9<\/em>, donc ce qu\u2019il leur faudra vaincre. \u00c0 moins qu\u2019ils pr\u00e9f\u00e8rent se coucher dans le caniveau pour attendre la mort.<\/span><\/p>\n<p><span style=\"font-family: comic sans ms, sans-serif; font-size: 14pt;\">Avec le fusil seul\u00a0? Non, certes. Mais sans le fusil\u00a0? Y croie qui veut.<\/span><\/p>\n<p>&nbsp;<\/p>\n<p style=\"text-align: left;\"><strong><span style=\"font-family: times new roman, times, serif; font-size: 14pt;\">URL de cet article : <\/span><\/strong><a href=\"http:\/\/blog.lesgrossesorchadeslesamplesthalameges.fr\/index.php\/ce-nest-pas-quon-veuille-opposer\/\"><span style=\"font-family: times new roman, times, serif; font-size: 14pt;\">http:\/\/blog.lesgrossesorchadeslesamplesthalameges.fr\/index.php\/ce-nest-pas-quon-veuille-opposer\/<\/span><\/a><\/p>\n<p>&nbsp;<\/p>\n<p>&nbsp;<\/p>\n<p style=\"text-align: center;\"><a href=\"http:\/\/blog.lesgrossesorchadeslesamplesthalameges.fr\/wp-content\/uploads\/2019\/11\/2.-DangerousTimes-x-1.gif\"><img loading=\"lazy\" class=\"alignnone size-full wp-image-7535\" src=\"http:\/\/blog.lesgrossesorchadeslesamplesthalameges.fr\/wp-content\/uploads\/2019\/11\/2.-DangerousTimes-x-1.gif\" alt=\"\" width=\"70\" height=\"63\" \/><\/a><\/p>\n<p>&nbsp;<\/p>\n<p>&nbsp;<\/p>\n<p style=\"text-align: right;\"><span style=\"font-family: comic sans ms, sans-serif; font-size: 14pt;\">Novembre 2019<\/span><\/p>\n<p>&nbsp;<\/p>\n<p>&nbsp;<\/p>\n<p>&nbsp;<\/p>\n<p>&nbsp;<\/p>\n<p style=\"text-align: right;\"><span style=\"font-family: comic sans ms, sans-serif; font-size: 14pt;\">\u00a0<\/span><\/p>\n","protected":false},"excerpt":{"rendered":"<p>&nbsp; &nbsp; &nbsp; &nbsp; &nbsp; &nbsp; &nbsp; Ce n\u2019est pas qu\u2019on veuille opposer Bruno Guigue \u00e0 Antoine Manessis ni d\u00e9fendre un point de vue plut\u00f4t qu\u2019un autre, mais\u2026\u00a0 &nbsp; Th\u00e9roigne \u2013 LGO \u2013 26.11.2019 &nbsp; &nbsp; &nbsp; &nbsp; Des responsabilit\u00e9s dans les d\u00e9faites des peuples, il y en a beaucoup, et M. Manessis en \u00e9num\u00e8re&#8230;<\/p>\n","protected":false},"author":1,"featured_media":0,"parent":0,"menu_order":0,"comment_status":"open","ping_status":"open","template":"","meta":[],"_links":{"self":[{"href":"https:\/\/blog.lesgrossesorchadeslesamplesthalameges.fr\/index.php\/wp-json\/wp\/v2\/pages\/7597"}],"collection":[{"href":"https:\/\/blog.lesgrossesorchadeslesamplesthalameges.fr\/index.php\/wp-json\/wp\/v2\/pages"}],"about":[{"href":"https:\/\/blog.lesgrossesorchadeslesamplesthalameges.fr\/index.php\/wp-json\/wp\/v2\/types\/page"}],"author":[{"embeddable":true,"href":"https:\/\/blog.lesgrossesorchadeslesamplesthalameges.fr\/index.php\/wp-json\/wp\/v2\/users\/1"}],"replies":[{"embeddable":true,"href":"https:\/\/blog.lesgrossesorchadeslesamplesthalameges.fr\/index.php\/wp-json\/wp\/v2\/comments?post=7597"}],"version-history":[{"count":0,"href":"https:\/\/blog.lesgrossesorchadeslesamplesthalameges.fr\/index.php\/wp-json\/wp\/v2\/pages\/7597\/revisions"}],"wp:attachment":[{"href":"https:\/\/blog.lesgrossesorchadeslesamplesthalameges.fr\/index.php\/wp-json\/wp\/v2\/media?parent=7597"}],"curies":[{"name":"wp","href":"https:\/\/api.w.org\/{rel}","templated":true}]}}