{"id":7898,"date":"2019-12-30T21:24:42","date_gmt":"2019-12-30T20:24:42","guid":{"rendered":"http:\/\/blog.lesgrossesorchadeslesamplesthalameges.fr\/?page_id=7898"},"modified":"2019-12-30T21:27:55","modified_gmt":"2019-12-30T20:27:55","slug":"7898-2","status":"publish","type":"page","link":"https:\/\/blog.lesgrossesorchadeslesamplesthalameges.fr\/index.php\/7898-2\/","title":{"rendered":"Emir Kusturiuca : Je passe pour un imb\u00e9cile romantique parce que je rejette la guerre"},"content":{"rendered":"<p>&nbsp;<\/p>\n<p>&nbsp;<\/p>\n<p>&nbsp;<\/p>\n<p>&nbsp;<\/p>\n<p>&nbsp;<\/p>\n<p>&nbsp;<\/p>\n<p style=\"text-align: center;\"><span style=\"font-family: times new roman, times, serif; font-size: 36pt;\"><strong>Emir Kusturica : \u00ab Je passe pour un imb\u00e9cile romantique parce que je rejette la guerre\u00a0\u00bb<\/strong><\/span><\/p>\n<p>&nbsp;<\/p>\n<p style=\"text-align: center;\"><span style=\"font-family: times new roman, times, serif; font-size: 18pt;\"><strong>Michel Collon \u2013 <em>Investig\u2019Action <\/em>\u00a0\u2013 30.12.2019<\/strong><\/span><\/p>\n<p><span style=\"font-family: times new roman, times, serif; font-size: 14pt;\"><strong>\u00a0<\/strong><\/span><\/p>\n<p>&nbsp;<\/p>\n<p style=\"text-align: center;\"><a href=\"http:\/\/blog.lesgrossesorchadeslesamplesthalameges.fr\/wp-content\/uploads\/2019\/12\/COLLON-KUSTU.png\"><img loading=\"lazy\" class=\"alignnone wp-image-7901\" src=\"http:\/\/blog.lesgrossesorchadeslesamplesthalameges.fr\/wp-content\/uploads\/2019\/12\/COLLON-KUSTU-300x151.png\" alt=\"\" width=\"700\" height=\"352\" srcset=\"https:\/\/blog.lesgrossesorchadeslesamplesthalameges.fr\/wp-content\/uploads\/2019\/12\/COLLON-KUSTU-300x151.png 300w, https:\/\/blog.lesgrossesorchadeslesamplesthalameges.fr\/wp-content\/uploads\/2019\/12\/COLLON-KUSTU.png 700w\" sizes=\"(max-width: 700px) 100vw, 700px\" \/><\/a><\/p>\n<p>&nbsp;<\/p>\n<p>&nbsp;<\/p>\n<p style=\"text-align: justify;\"><span style=\"font-family: times new roman, times, serif; font-size: 14pt;\"><strong><span style=\"font-family: tahoma, arial, helvetica, sans-serif;\">\u00ab La guerre fait partie int\u00e9grante d\u2019un syst\u00e8me de valeurs : de la guerre vers le capital jusqu\u2019au profit, tout tourne dans les m\u00eames cercles. \u00bb<\/span> <\/strong><\/span><\/p>\n<p>&nbsp;<\/p>\n<p style=\"text-align: justify;\"><span style=\"font-family: times new roman, times, serif; font-size: 14pt;\">Le c\u00e9l\u00e8bre cin\u00e9aste \u00e9voque son film \u00ab Underground \u00bb (Palme d\u2019Or \u00e0 Cannes en 1995) comme un extraordinaire r\u00e9v\u00e9lateur du monde contemporain. Dans cet entretien, Emir Kusturica analyse ce que l\u2019Occident, dans les coulisses et les m\u00e9diamensonges, a fait de son pays, la Yougoslavie. Mais il \u00e9largit son propos \u00e0 toute la plan\u00e8te : Pancho Villa, Am\u00e9rique latine, sa rencontre avec Hugo Chavez, complotisme, <em>fake news<\/em>, Bernard-Henri L\u00e9vy, \u00e9lections, promesses, utilisation du terrorisme en Irak, Libye, Syrie\u2026 Son humour et sa volont\u00e9 d\u2019analyser avec une profondeur critique : un regard diff\u00e9rent qui nous change du tout-venant. Film\u00e9 et mont\u00e9 par Marko Mormil, l\u2019entretien fut r\u00e9alis\u00e9 avant l\u2019attribution du prix Nobel \u00e0 Peter Handke.<\/span><\/p>\n<p style=\"text-align: justify;\"><span style=\"font-family: times new roman, times, serif; font-size: 14pt;\">Collon demande \u00e0 Kusturica\u00a0: \u00a0\u00ab\u00a0Vous pensez que l\u2019Occident est pr\u00eat \u00e0 de vrais d\u00e9bats\u00a0? \u00bb Toute la question est l\u00e0.<\/span><\/p>\n<p>&nbsp;<\/p>\n<p>&nbsp;<\/p>\n<p style=\"text-align: center;\"><iframe loading=\"lazy\" src=\"\/\/www.youtube.com\/embed\/MvhhO_vlaGk\" width=\"560\" height=\"315\" frameborder=\"0\" allowfullscreen=\"allowfullscreen\"><\/iframe><\/p>\n<p>&nbsp;<\/p>\n<p>&nbsp;<\/p>\n<p><span style=\"font-family: times new roman, times, serif; font-size: 14pt;\">Source\u00a0: <\/span><a href=\"https:\/\/www.investigaction.net\/fr\/emir-kusturica-je-passe-pour-un-imbecile-romantique-parce-que-je-rejette-la-guerre\/\"><span style=\"font-family: times new roman, times, serif; font-size: 14pt;\">https:\/\/www.investigaction.net\/fr\/emir-kusturica-je-passe-pour-un-imbecile-romantique-parce-que-je-rejette-la-guerre\/<\/span><\/a><\/p>\n<p><strong>\u00a0URL de cet article\u00a0: <\/strong><a href=\"http:\/\/blog.lesgrossesorchadeslesamplesthalameges.fr\/index.php\/7898-2\/\"><span style=\"font-size: 14pt;\">http:\/\/blog.lesgrossesorchadeslesamplesthalameges.fr\/index.php\/7898-2\/<\/span><\/a><strong><br \/>\n<\/strong><\/p>\n<p><strong>\u00a0<\/strong><\/p>\n<p>&nbsp;<\/p>\n<p style=\"text-align: center;\"><strong>\u00a0<a href=\"http:\/\/blog.lesgrossesorchadeslesamplesthalameges.fr\/wp-content\/uploads\/2019\/12\/PIGEON-EN-VOL-GIF.gif\"><img loading=\"lazy\" class=\"alignnone size-full wp-image-7881\" src=\"http:\/\/blog.lesgrossesorchadeslesamplesthalameges.fr\/wp-content\/uploads\/2019\/12\/PIGEON-EN-VOL-GIF.gif\" alt=\"\" width=\"150\" height=\"107\" \/><\/a><\/strong><\/p>\n<p><strong>\u00a0<\/strong><\/p>\n<p>&nbsp;<\/p>\n<p style=\"text-align: right;\"><span style=\"font-family: comic sans ms, sans-serif; font-size: 14pt;\">D\u00e9cembre 2019<\/span><\/p>\n<p>&nbsp;<\/p>\n<p>&nbsp;<\/p>\n<p>&nbsp;<\/p>\n","protected":false},"excerpt":{"rendered":"<p>&nbsp; &nbsp; &nbsp; &nbsp; &nbsp; &nbsp; Emir Kusturica : \u00ab Je passe pour un imb\u00e9cile romantique parce que je rejette la guerre\u00a0\u00bb &nbsp; Michel Collon \u2013 Investig\u2019Action \u00a0\u2013 30.12.2019 \u00a0 &nbsp; &nbsp; &nbsp; \u00ab La guerre fait partie int\u00e9grante d\u2019un syst\u00e8me de valeurs : de la guerre vers le capital jusqu\u2019au profit, tout tourne dans&#8230;<\/p>\n","protected":false},"author":1,"featured_media":0,"parent":0,"menu_order":0,"comment_status":"open","ping_status":"open","template":"","meta":[],"_links":{"self":[{"href":"https:\/\/blog.lesgrossesorchadeslesamplesthalameges.fr\/index.php\/wp-json\/wp\/v2\/pages\/7898"}],"collection":[{"href":"https:\/\/blog.lesgrossesorchadeslesamplesthalameges.fr\/index.php\/wp-json\/wp\/v2\/pages"}],"about":[{"href":"https:\/\/blog.lesgrossesorchadeslesamplesthalameges.fr\/index.php\/wp-json\/wp\/v2\/types\/page"}],"author":[{"embeddable":true,"href":"https:\/\/blog.lesgrossesorchadeslesamplesthalameges.fr\/index.php\/wp-json\/wp\/v2\/users\/1"}],"replies":[{"embeddable":true,"href":"https:\/\/blog.lesgrossesorchadeslesamplesthalameges.fr\/index.php\/wp-json\/wp\/v2\/comments?post=7898"}],"version-history":[{"count":0,"href":"https:\/\/blog.lesgrossesorchadeslesamplesthalameges.fr\/index.php\/wp-json\/wp\/v2\/pages\/7898\/revisions"}],"wp:attachment":[{"href":"https:\/\/blog.lesgrossesorchadeslesamplesthalameges.fr\/index.php\/wp-json\/wp\/v2\/media?parent=7898"}],"curies":[{"name":"wp","href":"https:\/\/api.w.org\/{rel}","templated":true}]}}