{"id":8089,"date":"2020-01-24T16:52:19","date_gmt":"2020-01-24T15:52:19","guid":{"rendered":"http:\/\/blog.lesgrossesorchadeslesamplesthalameges.fr\/?page_id=8089"},"modified":"2020-01-24T16:53:27","modified_gmt":"2020-01-24T15:53:27","slug":"x-les-chiens-de-la-nuit","status":"publish","type":"page","link":"https:\/\/blog.lesgrossesorchadeslesamplesthalameges.fr\/index.php\/x-les-chiens-de-la-nuit\/","title":{"rendered":"X. Les chiens de la nuit"},"content":{"rendered":"<p>&nbsp;<\/p>\n<p>&nbsp;<\/p>\n<p>&nbsp;<\/p>\n<p>&nbsp;<\/p>\n<p>&nbsp;<\/p>\n<p>&nbsp;<\/p>\n<p style=\"text-align: center;\"><a href=\"http:\/\/blog.lesgrossesorchadeslesamplesthalameges.fr\/wp-content\/uploads\/2020\/01\/Lempereur-D\u00e8ce-ordonnant-lemmurement-des-Sept-Dormants.-Dapr\u00e8s-un-manuscrit-du-XIVe-si\u00e8cle..jpg\"><img loading=\"lazy\" class=\"alignnone wp-image-8050\" src=\"http:\/\/blog.lesgrossesorchadeslesamplesthalameges.fr\/wp-content\/uploads\/2020\/01\/Lempereur-D\u00e8ce-ordonnant-lemmurement-des-Sept-Dormants.-Dapr\u00e8s-un-manuscrit-du-XIVe-si\u00e8cle.-300x163.jpg\" alt=\"\" width=\"750\" height=\"408\" srcset=\"https:\/\/blog.lesgrossesorchadeslesamplesthalameges.fr\/wp-content\/uploads\/2020\/01\/Lempereur-D\u00e8ce-ordonnant-lemmurement-des-Sept-Dormants.-Dapr\u00e8s-un-manuscrit-du-XIVe-si\u00e8cle.-300x163.jpg 300w, https:\/\/blog.lesgrossesorchadeslesamplesthalameges.fr\/wp-content\/uploads\/2020\/01\/Lempereur-D\u00e8ce-ordonnant-lemmurement-des-Sept-Dormants.-Dapr\u00e8s-un-manuscrit-du-XIVe-si\u00e8cle..jpg 600w\" sizes=\"(max-width: 750px) 100vw, 750px\" \/><\/a><\/p>\n<p style=\"text-align: center;\"><span style=\"font-family: times new roman, times, serif; font-size: 12pt;\"><strong><em>L\u2019empereur D\u00e8ce ordonnant l\u2019emmurement des Sept Dormants \u2013 Manuscrit du XIVe si\u00e8cle<\/em><\/strong><\/span><\/p>\n<p style=\"text-align: justify;\"><span style=\"font-family: times new roman, times, serif; font-size: 14pt;\"><strong>\u00a0<\/strong><\/span><\/p>\n<p>&nbsp;<\/p>\n<p style=\"text-align: center;\"><span style=\"font-family: times new roman, times, serif; font-size: 48pt; color: #c00000;\"><strong>Angu Roquet chien du Vexin<\/strong><\/span><\/p>\n<p>&nbsp;<\/p>\n<p style=\"text-align: center;\"><span style=\"font-family: times new roman, times, serif; font-size: 18pt;\"><strong>Extrait\u00a0:<\/strong><\/span><\/p>\n<p style=\"text-align: justify;\"><span style=\"font-family: times new roman, times, serif; font-size: 14pt;\"><strong>\u00a0<\/strong><\/span><\/p>\n<p style=\"text-align: center;\"><strong><span style=\"font-size: 36pt;\">X. Les chiens de la nuit<\/span><\/strong><\/p>\n<p>&nbsp;<\/p>\n<p>&nbsp;<\/p>\n<p style=\"text-align: justify;\"><span style=\"font-family: times new roman, times, serif; font-size: 14pt;\">Mais j\u2019y songe, je ne vous ai pas pr\u00e9sent\u00e9 mes amis M\u00e2chefer et Reniflard. M\u00e2chefer \u00e9tait un taiseux. Il aimait baver doucement et grommeler tout bas. C\u2019est sur la route des Cr\u00eates, \u00e0 l\u2019entr\u00e9e de Ch\u00e9rence, l\u00e0 o\u00f9 il y a beaucoup de grottes bien commodes pour s\u2019abriter qu\u2019on s\u2019\u00e9tait retrouv\u00e9s, quelques jours plus tard. Reniflard, lui, venait de Villers-en-Arthies, o\u00f9 il avait souvent accompagn\u00e9 un certain Renan, qui partageait avec lui un temp\u00e9rament col\u00e9reux.<\/span><\/p>\n<p style=\"text-align: justify;\"><span style=\"font-family: times new roman, times, serif; font-size: 14pt;\">Peu apr\u00e8s la nuit m\u00e9morable de Saint-Clair-sur-Epte, nous admirions la vo\u00fbte \u00e9toil\u00e9e au-dessus des champs fra\u00eechement moissonn\u00e9s, les grillons s\u2019\u00e9gosillaient, nous ne pouvions pas dormir et nous sentions comme les chiens de garde des \u00e9toiles, astreints au service des astres et dociles \u00e0 leur magn\u00e9tisme\u00a0: il n\u2019\u00e9tait pas question pour nous de fermer l\u2019\u0153il, jusqu\u2019\u00e0 ce que les coqs aient pris le relais et appel\u00e9 le soleil \u00e0 la rescousse pour remettre de l\u2019ordre dans la nature que le firmament attirait comme un aimant, arrachant hommes et b\u00eates, comme des \u00e9pis m\u00fbrs, pour les lancer dans l\u2019\u00e9paisseur des songes les plus touffus. La Voie lact\u00e9e nous \u00e9merveillait, nous tenant encha\u00een\u00e9s, comme suspendus \u00e0 son \u00e9clat, en attente d\u2019un sourire pour nous faire briller dans son sillage. Vous dites que je d\u00e9lire\u00a0? Oui, nous les chiens, nous aimons la nuit, nous lui adressons nos plaintes et nos chants, parce qu\u2019elle \u00e9l\u00e8ve notre go\u00fbt du service, du sacrifice pour ce qui est plus grand que nous, je veux dire vous, mes lecteurs pr\u00e9f\u00e9r\u00e9s, et nous autres, les b\u00eates, comme vous dites. C\u2019est comme \u00e7a, la vo\u00fbte \u00e9toil\u00e9e nous abaisse, nous rend humbles, et nous \u00e9l\u00e8ve d\u2019autant, et nous rend heureux.<\/span><\/p>\n<p style=\"text-align: justify;\"><span style=\"font-family: times new roman, times, serif; font-size: 14pt;\">Nous \u00e9tions dans un grand dilemme, car Reniflard \u00e9tait malade, se sentait d\u00e9faillir, plus efflanqu\u00e9 que jamais, tandis que M\u00e2chefer avait \u00e9t\u00e9 rattrap\u00e9 par son ma\u00eetre et restait tristement \u00e0 la cha\u00eene, apr\u00e8s avoir \u00e9t\u00e9 rou\u00e9 de coups. Reniflard et moi \u00e9tions fort ind\u00e9cis, r\u00eavant de prendre la poudre d\u2019escampette \u00e0 nouveau, mais au d\u00e9sespoir \u00e0 l\u2019id\u00e9e de quitter M\u00e2chefer encha\u00een\u00e9. C\u2019est alors que le sage M\u00e2chefer nous dit\u00a0:<\/span><\/p>\n<p style=\"text-align: justify;\"><span style=\"font-family: times new roman, times, serif; font-size: 14pt;\">&#8211; Mes amis, je vous vois bien afflig\u00e9s, si vous suiviez l\u2019exemple du chien de la caverne, vous ne vous feriez pas tant de souci.<\/span><\/p>\n<p style=\"text-align: justify;\"><span style=\"font-family: times new roman, times, serif; font-size: 14pt;\">Nous \u00e9tions bien \u00e9tonn\u00e9s de l\u2019entendre ainsi parler, il parlait si rarement.<\/span><\/p>\n<p style=\"text-align: justify;\"><span style=\"font-family: times new roman, times, serif; font-size: 14pt;\">&#8211; De quoi veux-tu parler, M\u00e2chefer Qu\u2019est-ce que c\u2019est que cette histoire de caverne\u00a0?<\/span><\/p>\n<p style=\"text-align: justify;\"><span style=\"font-family: times new roman, times, serif; font-size: 14pt;\">&#8211; C\u2019est l\u2019histoire du chien qui est dans la sourate <strong>18<\/strong> avec les Sept Dormants.<\/span><\/p>\n<p style=\"text-align: justify;\"><span style=\"font-family: times new roman, times, serif; font-size: 14pt;\">&#8211; M\u00e2chefer, tu as lu le Coran\u00a0? Ne me dis pas que tu as voyag\u00e9 jusqu\u2019en terre d\u2019Islam, au diable vauvert\u00a0!<\/span><\/p>\n<p style=\"text-align: justify;\"><span style=\"font-family: times new roman, times, serif; font-size: 14pt;\">&#8211; Roquet, je suis malade et mes jours sont compt\u00e9s, n\u2019importe quelle histoire qui puisse me distraire de la gale qui me tourmente sera pour moi un baume. Parle, M\u00e2chefer, nous t\u2019\u00e9coutons, r\u00e9pondit Reniflard en se grattant de toutes ses forces.<\/span><\/p>\n<p style=\"text-align: justify;\"><span style=\"font-family: times new roman, times, serif; font-size: 14pt;\"><strong>\u00a0<\/strong><\/span><\/p>\n<p style=\"text-align: justify;\"><span style=\"font-family: times new roman, times, serif; font-size: 24pt;\"><strong>M\u00e2chefer et les Sept Dormants<\/strong><\/span><\/p>\n<p style=\"text-align: justify;\"><span style=\"font-family: times new roman, times, serif; font-size: 14pt;\">Je rench\u00e9ris, me calmant entre les pattes du grand M\u00e2chefer. Notre bon ami commen\u00e7a son r\u00e9cit comme suit\u00a0:<\/span><\/p>\n<p style=\"text-align: justify;\"><span style=\"font-family: times new roman, times, serif; font-size: 14pt;\">\u00ab\u00a0C\u2019\u00e9tait il y a tr\u00e8s longtemps en M\u00e9sopotamie. Tous les ans les p\u00e8lerins affluaient \u00e0 Kerbala, encore aujourd\u2019hui. Ils arrivent en groupes de partout, de l\u2019Iran, de l\u2019Arabie, de la Syrie, de Palestine et m\u00eame de Chine, de l\u2019Espagne et de France, et du Maroc aussi. Et puis un jour arriva un groupe insolite. Ils ne portaient pas le costume traditionnel, ni turban ni robe longue, ils venaient visiblement d\u2019un autre monde. Mais ils n\u2019\u00e9taient pas arriv\u00e9s par hasard.<\/span><\/p>\n<p style=\"text-align: justify;\"><span style=\"font-family: times new roman, times, serif; font-size: 14pt;\">Le plus vieux, tr\u00e8s maigre, sec et racorni, \u00e9tait couleur de terre, avait le visage aussi creus\u00e9 qu\u2019une momie, le jarret durci, les pieds extr\u00eamement tordus, et il se retenait \u00e0 son b\u00e2ton de vieillesse pour ne pas tomber. Le deuxi\u00e8me \u00e9tait un enfant bistre qui \u00e9tait sourd, mais qui chantait merveilleusement les louanges de Dieu et des proph\u00e8tes. Le troisi\u00e8me \u00e9tait rose et breton, avec des yeux qui semblaient des miettes des stalactites innombrables qui pendent aux entr\u00e9es de la mosqu\u00e9e magnifique de ces lieux, une mosqu\u00e9e enti\u00e8rement recouverte de fa\u00efence bleue, domin\u00e9e par des minarets en or. Ce gar\u00e7on aimait battre des records, mais il n\u2019\u00e9tait pas heureux. Il avait fait plus de trois mille kilom\u00e8tres depuis Pornic, sans cesser de rousp\u00e9ter et de critiquer tout ce qu\u2019il voyait.<\/span><\/p>\n<p style=\"text-align: justify;\"><span style=\"font-family: times new roman, times, serif; font-size: 14pt;\">&#8211; Oui, j\u2019ai d\u00e9j\u00e0 eu un ma\u00eetre comme \u00e7a, qui avait la bougeotte et qui n\u2019\u00e9tait jamais content. Les Fran\u00e7ais sont souvent comme \u00e7a, observai-je.<\/span><\/p>\n<p style=\"text-align: justify;\"><span style=\"font-family: times new roman, times, serif; font-size: 14pt;\">&#8211; Non, nous les Bretons, on est juste plus exigeants, et on vous met tous KO, si on nous cherche.<\/span><\/p>\n<p style=\"text-align: justify;\"><span style=\"font-family: times new roman, times, serif; font-size: 14pt;\">&#8211; Il y en avait un quatri\u00e8me, immense et noir, qui les suivait comme leur ombre, et qui fermait la marche, songeur, \u00e9clatant de rire parfois, mais souvent triste \u00e0 pleurer. Et il y avait deux jumeaux aveugles qui avaient toujours l\u2019air perdus, et devant, une vieille sorci\u00e8re qui tenait fermement un gourdin, frappant le sol pour voir les serpents s\u2019y enrouler, ou frappant \u00e0 l\u2019occasion ses compagnons, pour s\u2019assurer qu\u2019ils filaient doux. Bref, ils \u00e9taient sept. Le plus vieux s\u2019arr\u00eata et leur dit\u00a0: \u00ab\u00a0Mes amis, vous voici \u00e0 l\u2019endroit le plus saint de la plan\u00e8te, tous les proph\u00e8tes sont venus ici pleurer\u00a0\u00bb.<\/span><\/p>\n<p style=\"text-align: justify;\"><span style=\"font-family: times new roman, times, serif; font-size: 14pt;\">&#8211; Pleurer\u00a0? Mais c\u2019est indigne d\u2019un proph\u00e8te, dit le jeune homme aux yeux de pluie. Et comment peux-tu affirmer que tous les proph\u00e8tes sont vraiment venus ici\u00a0?<\/span><\/p>\n<p style=\"text-align: justify;\"><span style=\"font-family: times new roman, times, serif; font-size: 14pt;\">\u00c0 ces mots, le grand g\u00e9nie noir s\u2019assombrit et poussa un immense soupir de fatigue. Le vieux regarda fixement le jeune dadais et dit\u00a0:<\/span><\/p>\n<p style=\"text-align: justify;\"><span style=\"font-family: times new roman, times, serif; font-size: 14pt;\">&#8211; Jeune homme, il faut pleurer pour aimer Dieu.<\/span><\/p>\n<p style=\"text-align: justify;\"><span style=\"font-family: times new roman, times, serif; font-size: 14pt;\">\u00c0 ces mots, l\u2019enfant sourd sembla retrouver l\u2019ou\u00efe, et s\u2019\u00e9cria\u00a0:<\/span><\/p>\n<p style=\"text-align: justify;\"><span style=\"font-family: times new roman, times, serif; font-size: 14pt;\">&#8211; Gloire \u00e0 Dieu au plus haut des cieux\u00a0! Et paix sur la terre aux hommes qu\u2019il aime, gloire \u00e0 Dieu au plus haut des cieux, gloire, gloire, gloire \u00e0 Dieu\u00a0!<\/span><\/p>\n<p style=\"text-align: justify;\"><span style=\"font-family: times new roman, times, serif; font-size: 14pt;\">&#8211; Oui, jeune homme soup\u00e7onneux, je te le dis\u00a0: depuis Adam jusqu\u2019\u00e0 J\u00e9sus et puis Bouddha et Mahomet (que la paix soit sur lui), tous les proph\u00e8tes sont venus ici adorer Dieu.<\/span><\/p>\n<p style=\"text-align: justify;\"><span style=\"font-family: times new roman, times, serif; font-size: 14pt;\">Reniflard, tourment\u00e9 par ses plaies, se grattait de plus belle.<\/span><\/p>\n<p style=\"text-align: justify;\"><span style=\"font-family: times new roman, times, serif; font-size: 14pt;\">&#8211; Arr\u00eate, M\u00e2chefer, de parler comme un sage de l\u00e0-bas\u00a0! Tu n\u2019es qu\u2019un pauvre chien dans la nuit comme nous, que peux-tu savoir de la vie de l\u2019esprit\u00a0?<\/span><\/p>\n<p style=\"text-align: justify;\"><span style=\"font-family: times new roman, times, serif; font-size: 14pt;\">Mais je le fis taire d\u2019un coup de queue amical.<\/span><\/p>\n<p style=\"text-align: justify;\"><span style=\"font-family: times new roman, times, serif; font-size: 14pt;\">&#8211; La suite, M\u00e2chefer, on veut savoir comment \u00e7a finit, ton histoire\u00a0!<\/span><\/p>\n<p style=\"text-align: justify;\"><span style=\"font-family: times new roman, times, serif; font-size: 14pt;\">&#8211; Saint-Fran\u00e7ois aussi est all\u00e9 faire le p\u00e8lerinage l\u00e0-bas, dans le d\u00e9sert, c\u2019est l\u00e0-bas qu\u2019il a appris \u00e0 parler le langage des animaux. Il parlait chien comme vous et moi.<\/span><\/p>\n<p style=\"text-align: justify;\"><span style=\"font-family: times new roman, times, serif; font-size: 14pt;\">&#8211; Ne me dis pas, M\u00e2chefer, que tu as connu saint Fran\u00e7ois\u00a0!<\/span><\/p>\n<p style=\"text-align: justify;\"><span style=\"font-family: times new roman, times, serif; font-size: 14pt;\">&#8211; Non, c\u2019est le grand noir qui me l\u2019a dit, il savait tout et il ne parlait \u00e0 personne, sauf \u00e0 moi, parce que je suis tout noir comme lui.<\/span><\/p>\n<p style=\"text-align: justify;\"><span style=\"font-family: times new roman, times, serif; font-size: 14pt;\">Reniflard se regrattait comme un fou, \u00e7a lui faisait un mal de chien, il n\u2019en pouvait plus.<\/span><\/p>\n<p style=\"text-align: justify;\"><span style=\"font-family: times new roman, times, serif; font-size: 14pt;\">&#8211; Tu la finis, ton histoire\u00a0? Il faut que j\u2019aille me tremper dans l\u2019eau glac\u00e9e du r\u00fb le plus proche, c\u2019est la seule chose qui me soulagera.<\/span><\/p>\n<p style=\"text-align: justify;\"><span style=\"font-family: times new roman, times, serif; font-size: 14pt;\">&#8211; Eh bien mes sept compagnons n\u2019\u00e9taient jamais d\u2019accord sur rien. La sorci\u00e8re en avait assez des disputes constantes que provoquait le petit scribouillard, elle s\u2019est retourn\u00e9e \u00e0 un moment et leur a dit\u00a0:<\/span><\/p>\n<p style=\"text-align: justify;\"><span style=\"font-family: times new roman, times, serif; font-size: 14pt;\">&#8211; Nom d\u2019un chien\u00a0! Tant de lieues \u00e0 voyager ensemble ne vous ont pas appris la concorde\u00a0? Vous allez encore vous disputer et vous mordre entre vous, bande de goys enrag\u00e9s\u00a0? \u00c7a suffit, vous n\u2019irez pas plus loin\u00a0! Elle a tap\u00e9 du pied et du gourdin, et soudain, ils se sont retrouv\u00e9s enferm\u00e9s dans une caverne et dans l\u2019obscurit\u00e9. Quand les six se retrouv\u00e8rent l\u00e0, pi\u00e9g\u00e9s, comme dans un frigo, brusquement ils eurent tr\u00e8s peur et ils dirent\u00a0: \u00ab\u00a0\u00d4 notre Seigneur, donne-nous de Ta part un peu de mis\u00e9ricorde\u00a0; et assure-nous la droiture dans tout ce qui nous concerne\u00a0\u00bb.<\/span><\/p>\n<p style=\"text-align: justify;\"><span style=\"font-family: times new roman, times, serif; font-size: 14pt;\">&#8211; Allons, bon, mais qu\u2019est-ce que tu faisais avec cette bande de cingl\u00e9s, M\u00e2chefer\u00a0?<\/span><\/p>\n<p style=\"text-align: justify;\"><span style=\"font-family: times new roman, times, serif; font-size: 14pt;\">&#8211; La sourate 18 r\u00e9pond \u00e0 ta question\u00a0: \u00ab\u00a0<strong>18<\/strong>. Et tu les aurais crus \u00e9veill\u00e9s, alors qu\u2019ils dorment. Et Nous les tournons sur le c\u00f4t\u00e9 droit et sur le c\u00f4t\u00e9 gauche, tandis que leur chien est \u00e0 l\u2019entr\u00e9e, pattes \u00e9tendues.\u00a0\u00bb.<\/span><\/p>\n<p style=\"text-align: justify;\"><span style=\"font-family: times new roman, times, serif; font-size: 14pt;\">&#8211; Mais qu\u2019est-ce que \u00e7a veut dire, cr\u00e9 nom d\u2019un quoi, tout \u00e7a\u00a0? Tu racontes n\u2019importe quoi, M\u00e2chefer\u00a0! Mon ma\u00eetre Renan me disait toujours\u2026<\/span><\/p>\n<p style=\"text-align: justify;\"><span style=\"font-family: times new roman, times, serif; font-size: 14pt;\">(Moi en tout cas\u2026 les Bretons\u2026 je grommelle tout bas\u2026)<\/span><\/p>\n<p style=\"text-align: justify;\"><span style=\"font-family: times new roman, times, serif; font-size: 14pt;\">&#8211; Tais-toi, Reniflard, et toi aussi, Roquet, je t\u2019entends\u00a0! \u00c7a veut dire qu\u2019ils sont devenus doux et ont baiss\u00e9 la t\u00eate comme des moutons, ils se sont endormis dans la confiance en Dieu.<\/span><\/p>\n<p style=\"text-align: justify;\"><span style=\"font-family: times new roman, times, serif; font-size: 14pt;\">Avec M\u00e2chefer, les histoires finissaient toujours en quenouille, on ne comprenait jamais o\u00f9 il voulait en venir vraiment.<\/span><\/p>\n<p style=\"text-align: justify;\"><span style=\"font-family: times new roman, times, serif; font-size: 14pt;\">&#8211; Et, donc, ils ont \u00e9t\u00e9 transform\u00e9s en moutons, et toi le clebs qui passait par l\u00e0 tu es devenu leur berger\u00a0?<\/span><\/p>\n<p style=\"text-align: justify;\"><span style=\"font-family: times new roman, times, serif; font-size: 14pt;\">&#8211; Moi aussi, dit Reniflard, j\u2019aime bien les moutons, surtout en gigot. Mais en m\u00e9choui aussi, \u00e7a se tient (il en bavait d\u2019envie). Cr\u00e9 nom de sorci\u00e8re\u00a0!<\/span><\/p>\n<p style=\"text-align: justify;\"><span style=\"font-family: times new roman, times, serif; font-size: 14pt;\">&#8211; Non, ils \u00e9taient paralys\u00e9s et b\u00eates comme des moutons, mais clou\u00e9s au sol, comme des statues. Et la sorci\u00e8re aussi s\u2019est retrouv\u00e9e prise au pi\u00e8ge, et s\u2019est mise \u00e0 changer. Elle avait endormi tout le monde d\u2019un coup de b\u00e2ton magique, mais elle aussi se retrouvait bloqu\u00e9e, comme chang\u00e9e en lourde pierre.<\/span><\/p>\n<p style=\"text-align: justify;\"><span style=\"font-family: times new roman, times, serif; font-size: 14pt;\">Moi, en fait, j\u2019adorais les histoires bizarres de M\u00e2chefer, j\u2019en redemandais\u00a0:<\/span><\/p>\n<p style=\"text-align: justify;\"><span style=\"font-family: times new roman, times, serif; font-size: 14pt;\">&#8211; Mais, M\u00e2chefer, ils en sont ressortis de leur caverne dont tu gardais l\u2019entr\u00e9e\u00a0?<\/span><\/p>\n<p style=\"text-align: justify;\"><span style=\"font-family: times new roman, times, serif; font-size: 14pt;\">&#8211; La caverne\u00a0? \u00c7a me revenait, parce que nous en avons tellement, ici, des trous, des terriers, des carri\u00e8res et des cav\u00e9es, dans le calcaire le long de la Seine. Oui, vous avez devin\u00e9, le chien en question que mentionne le Coran, c\u2019\u00e9tait bien moi, le huiti\u00e8me avec les Sept Dormants, qui ont dormi trois cents ans, avant de comprendre qu\u2019il faut glorifier Dieu toujours et partout.. En arabe, mon nom c\u2019est Kitmir. Et je retourne l\u00e0-bas quand je peux pour accompagner les p\u00e8lerins depuis ce temps-l\u00e0. L\u2019histoire se r\u00e9p\u00e8te, les miracles \u00e7a revient r\u00e9guli\u00e8rement, et les r\u00e9surrections, c\u2019est tous les jours.<\/span><\/p>\n<p style=\"text-align: justify;\"><span style=\"font-family: times new roman, times, serif; font-size: 14pt;\">Mais Reniflard s\u2019\u00e9nervait\u00a0:<\/span><\/p>\n<p style=\"text-align: justify;\"><span style=\"font-family: times new roman, times, serif; font-size: 14pt;\">&#8211; D\u00e9sol\u00e9, moi je suis un chien fran\u00e7ais, je n\u2019aime pas les histoires \u00e0 dormir debout, j\u2019aime que les histoires se tiennent. Et mon ma\u00eetre Ernest Renan disait tr\u00e8s justement\u00a0: \u00ab\u00a0La b\u00eatise humaine est la seule chose qui donne une id\u00e9e de l\u2019infini\u00a0\u00bb\u2026\u00a0sans vouloir t\u2019offenser, M\u00e2chefer, toi qui parles comme un humain.<\/span><\/p>\n<p style=\"text-align: justify;\"><span style=\"font-family: times new roman, times, serif; font-size: 14pt;\">&#8211; Ne l\u2019\u00e9coute pas, M\u00e2chefer. Donc tu\u00a0as dormi encore une fois trois cents ans aussi, avec les sept humains transform\u00e9s en b\u00ealants dormants\u00a0?<\/span><\/p>\n<p style=\"text-align: justify;\"><span style=\"font-family: times new roman, times, serif; font-size: 14pt;\">&#8211; Oui, mais, nous ne dormions que d\u2019un \u0153il, nous autres, et je les ai prot\u00e9g\u00e9s des chacals. Et ce n\u2019est pas fini\u00a0! Vous savez que les Arabes n\u2019aiment pas du tout les chiens, ils traitent tout le monde de \u00ab\u00a0chien d\u2019infid\u00e8le\u00a0\u00bb, et pourtant, il y a un saint de l\u00e0-bas, qui s\u2019appelait l\u2019imam Hussein, et qui a dit qu\u2019il aurait voulu \u00eatre le chien qui avait gard\u00e9 les Sept Dormants pendant trois cents ans. Je pense qu\u2019il faut \u00eatre tr\u00e8s saint et tr\u00e8s chien, pour avoir envie de mener une vie de chien pendant tout ce temps-l\u00e0. C\u2019est \u00e7a l\u2019Orient, et on n\u2019apprend ces choses-l\u00e0 que dans le d\u00e9sert.<\/span><\/p>\n<p style=\"text-align: justify;\"><span style=\"font-family: times new roman, times, serif; font-size: 14pt;\">Reniflard s\u2019\u00e9tait endormi, fatigu\u00e9 par cette histoire qui n\u2019avait ni queue ni t\u00eate, d\u2019apr\u00e8s lui. Moi, j\u2019\u00e9tais troubl\u00e9. Le sage M\u00e2chefer et l\u2019imam Hussein, le J\u00e9sus des chi\u2019ites, en somme, \u00e9taient tout proches, alors, par le c\u0153ur, et ils continuent \u00e0 se parler tout bas quand les simples mortels sont endormis\u2026\u00a0?<\/span><\/p>\n<p style=\"text-align: right;\"><span style=\"font-family: times new roman, times, serif; font-size: 14pt;\"><strong><em>Angu Roquet, chien du Vexin<\/em><\/strong> \u2013 pp. 66-71<\/span><\/p>\n<p>&nbsp;<\/p>\n<p style=\"text-align: left;\"><span style=\"font-family: times new roman, times, serif; font-size: 14pt;\"><strong>URL de cet article\u00a0:<\/strong> <a href=\"http:\/\/blog.lesgrossesorchadeslesamplesthalameges.fr\/index.php\/x-les-chiens-de-la-nuit\/\">http:\/\/blog.lesgrossesorchadeslesamplesthalameges.fr\/index.php\/x-les-chiens-de-la-nuit\/<\/a> <strong><br \/>\n<\/strong><\/span><\/p>\n<p>&nbsp;<\/p>\n<p>&nbsp;<\/p>\n<p style=\"text-align: center;\"><a href=\"http:\/\/blog.lesgrossesorchadeslesamplesthalameges.fr\/wp-content\/uploads\/2020\/01\/Roquet-GIF.gif\"><img loading=\"lazy\" class=\"alignnone wp-image-8048\" src=\"http:\/\/blog.lesgrossesorchadeslesamplesthalameges.fr\/wp-content\/uploads\/2020\/01\/Roquet-GIF.gif\" alt=\"\" width=\"75\" height=\"75\" \/><\/a><\/p>\n<p>&nbsp;<\/p>\n<p>&nbsp;<\/p>\n<p style=\"text-align: right;\"><span style=\"font-family: comic sans ms, sans-serif; font-size: 14pt;\">Janvier 2020<\/span><\/p>\n<p>&nbsp;<\/p>\n<p>&nbsp;<\/p>\n","protected":false},"excerpt":{"rendered":"<p>&nbsp; &nbsp; &nbsp; &nbsp; &nbsp; &nbsp; L\u2019empereur D\u00e8ce ordonnant l\u2019emmurement des Sept Dormants \u2013 Manuscrit du XIVe si\u00e8cle \u00a0 &nbsp; Angu Roquet chien du Vexin &nbsp; Extrait\u00a0: \u00a0 X. Les chiens de la nuit &nbsp; &nbsp; Mais j\u2019y songe, je ne vous ai pas pr\u00e9sent\u00e9 mes amis M\u00e2chefer et Reniflard. M\u00e2chefer \u00e9tait un taiseux. Il&#8230;<\/p>\n","protected":false},"author":1,"featured_media":0,"parent":0,"menu_order":0,"comment_status":"open","ping_status":"open","template":"","meta":[],"_links":{"self":[{"href":"https:\/\/blog.lesgrossesorchadeslesamplesthalameges.fr\/index.php\/wp-json\/wp\/v2\/pages\/8089"}],"collection":[{"href":"https:\/\/blog.lesgrossesorchadeslesamplesthalameges.fr\/index.php\/wp-json\/wp\/v2\/pages"}],"about":[{"href":"https:\/\/blog.lesgrossesorchadeslesamplesthalameges.fr\/index.php\/wp-json\/wp\/v2\/types\/page"}],"author":[{"embeddable":true,"href":"https:\/\/blog.lesgrossesorchadeslesamplesthalameges.fr\/index.php\/wp-json\/wp\/v2\/users\/1"}],"replies":[{"embeddable":true,"href":"https:\/\/blog.lesgrossesorchadeslesamplesthalameges.fr\/index.php\/wp-json\/wp\/v2\/comments?post=8089"}],"version-history":[{"count":0,"href":"https:\/\/blog.lesgrossesorchadeslesamplesthalameges.fr\/index.php\/wp-json\/wp\/v2\/pages\/8089\/revisions"}],"wp:attachment":[{"href":"https:\/\/blog.lesgrossesorchadeslesamplesthalameges.fr\/index.php\/wp-json\/wp\/v2\/media?parent=8089"}],"curies":[{"name":"wp","href":"https:\/\/api.w.org\/{rel}","templated":true}]}}