{"id":8112,"date":"2020-01-24T17:22:04","date_gmt":"2020-01-24T16:22:04","guid":{"rendered":"http:\/\/blog.lesgrossesorchadeslesamplesthalameges.fr\/?page_id=8112"},"modified":"2020-01-24T17:22:59","modified_gmt":"2020-01-24T16:22:59","slug":"du-viol-considere-comme-un-des-beaux-arts","status":"publish","type":"page","link":"https:\/\/blog.lesgrossesorchadeslesamplesthalameges.fr\/index.php\/du-viol-considere-comme-un-des-beaux-arts\/","title":{"rendered":"Du viol consid\u00e9r\u00e9 comme un des beaux-arts"},"content":{"rendered":"<p>&nbsp;<\/p>\n<p>&nbsp;<\/p>\n<p>&nbsp;<\/p>\n<p>&nbsp;<\/p>\n<p>&nbsp;<\/p>\n<p>&nbsp;<\/p>\n<p>&nbsp;<\/p>\n<p style=\"text-align: center;\"><span style=\"font-family: times new roman, times, serif; font-size: 48pt; color: #ff0000;\"><strong><em>Du viol consid\u00e9r\u00e9 comme un des beaux-arts<\/em><\/strong><\/span><\/p>\n<p style=\"text-align: center;\"><span style=\"font-family: times new roman, times, serif; font-size: 14pt;\"><strong><em>\u00a0<\/em><\/strong><\/span><\/p>\n<p style=\"text-align: center;\"><span style=\"font-family: times new roman, times, serif; font-size: 18pt;\"><strong>Anatole Atlas \u2013 <em>spherisme.be<\/em> \u2013 10.1.2029<\/strong><\/span><\/p>\n<p style=\"text-align: center;\"><span style=\"font-family: times new roman, times, serif; font-size: 18pt;\"><strong>\u00a0<\/strong><\/span><\/p>\n<p>&nbsp;<\/p>\n<p style=\"text-align: right;\"><span style=\"font-family: times new roman, times, serif; font-size: 14pt; color: #000000;\">\u00ab\u00a0<em>I was damned if I did, and also damned if I didn\u2019t<\/em>.\u00a0\u00bb<\/span><\/p>\n<p style=\"text-align: right;\"><span style=\"font-family: times new roman, times, serif; font-size: 14pt; color: #000000;\">Pirozka Nagy, \u00e9conomiste au FMI harcel\u00e9e par DSK<\/span><\/p>\n<p>&nbsp;<\/p>\n<p>&nbsp;<\/p>\n<p style=\"text-align: justify;\"><span style=\"font-family: times new roman, times, serif; font-size: 24pt; color: #ff0000;\">(&#8230;)<\/span><\/p>\n<p style=\"text-align: justify;\"><span style=\"font-family: times new roman, times, serif; font-size: 14pt;\">L\u2019heure est venue de le divulguer pour la militante f\u00e9ministe que je suis, tant pleuvent sur la sc\u00e8ne m\u00e9diatique les accusations de viols et de harc\u00e8lements sexuels, de pr\u00e9f\u00e9rence contre des potentats du cin\u00e9ma \u2013 milieu fond\u00e9 plus que tout autre sur une prostitution g\u00e9n\u00e9ralis\u00e9e\u2026<\/span><\/p>\n<p style=\"text-align: justify;\"><span style=\"font-family: times new roman, times, serif; font-size: 14pt; color: #ff0000;\">(Toute star de la cam\u00e9ra, s&rsquo;il appartient \u00e0 la race \u00e9lue, peut \u2014 sous couvert de l&rsquo;Histoire \u2014 violer en criant \u00a0\u00bb\u00a0<em>J&rsquo;accuse !<\/em>\u00a0\u00a0\u00bb pour imposer silence \u00e0 une damn\u00e9e marqu\u00e9e au fer. Mais l&rsquo;Histoire jud\u00e9o-chr\u00e9tienne enti\u00e8re ne se confond-elle pas \u00e0 celle du viol depuis Canaan ?)<\/span><\/p>\n<p style=\"text-align: justify;\"><span style=\"font-family: times new roman, times, serif; font-size: 14pt;\">Pour que ne soit jamais mise en question la culture d\u2019acquiescement au viol n\u00e9cessaire \u00e0 l\u2019ensemble d\u2019un syst\u00e8me \u00e9conomique et politique, doit p\u00e9riodiquement exploser un scandale faisant \u00e9cran \u00e0 cette r\u00e9alit\u00e9. Des t\u00eates quelquefois tombent, qui expient toutes les turpitudes, afin d\u2019enrichir une mythologie sulfureuse et d\u2019aviver les fantasmes faisant prosp\u00e9rer une telle industrie. Ces \u00e9clairages brutaux d\u2019un monde plac\u00e9 sous la loi des projecteurs, servent \u00e0 ce que ne soit pas mis en lumi\u00e8re le rapport sadomasochiste entre winners et losers, o\u00f9 le consentement \u00e0 la soumission vaut approbation, sans quoi n\u2019existerait pas Kapitotal. Ceux dont un Baby Mac disait qu\u2019ils ne sont rien, ceux dont un Killer Donald (Big Mac) se pr\u00e9sentait comme le souteneur, sont contraints pour survivre de mimer chaque jour une jouissance \u00e0 la violence qu\u2019ils subissent. Arrive-t-il qu&rsquo;ils se r\u00e9voltent ? Ce n&rsquo;est pas tant contre leur servitude, qu&rsquo;en raison d&rsquo;une aggravation telle des conditions de celle-ci qu&rsquo;ils se sentent trahis dans l&rsquo;acc\u00e8s aux volupt\u00e9s promises\u2026\u00a0<\/span><\/p>\n<p style=\"text-align: justify;\"><span style=\"font-family: times new roman, times, serif; font-size: 14pt;\"><span style=\"color: #ff0000;\">(Il fallait une puissance de d\u00e9sint\u00e9gration mentale sans \u00e9quivalent dans l&rsquo;histoire des id\u00e9ologies, pour persuader des milliards d&rsquo;humains survivant \u00e0 grand peine dans l&rsquo;angoisse des mis\u00e8res et des guerres, des pestes et des famines, des cataclysmes et des paroxysmes de barbarie promis \u00e0 leurs enfants, qu&rsquo;heureusement pour eux prit fin avec l&rsquo;Union sovi\u00e9tique ce goulag totalitaire assurant un emploi digne pour tous, l&rsquo;acc\u00e8s gratuit \u00e0 l&rsquo;instruction publique et aux soins de sant\u00e9, le d\u00e9veloppement par un tr\u00e8s haut niveau de culture dans un syst\u00e8me plus handicap\u00e9 que dop\u00e9 par la guerre, et que gr\u00e2ce \u00e0 la sagesse \u00e9clair\u00e9e des propri\u00e9taires de la d\u00e9mocratie lib\u00e9rale de march\u00e9, les 250.000 milliards de dettes offertes aux g\u00e9n\u00e9rations futures sont d\u00e9j\u00e0 les graines d&rsquo;opulentes floraisons \u00e0 venir.)<\/span><\/span><\/p>\n<p style=\"text-align: justify;\"><span style=\"font-family: times new roman, times, serif; font-size: 14pt;\">N\u2019est-ce pas l\u2019autorit\u00e9 de la puissance qui leur promet l\u2019\u00e9mancipation s\u2019ils acceptent le\u00a0<em>modus moriendi<\/em>\u00a0impos\u00e9\u00a0? N\u2019est-ce pas l\u2019impuissance des victimes qui entretient leur esclavage\u00a0? La force de travail n\u2019est-elle pas tout enti\u00e8re, corps et \u00e2me, une viande \u00e0 l\u2019\u00e9tal d\u2019un march\u00e9 o\u00f9 la balance p\u00e8se plus-values des uns, survie des autres\u00a0? Et n\u2019est-ce pas le d\u00e9sir de ceux-ci pour la s\u00e9duction de ceux-l\u00e0 qui interdit la mise en question de ce rapport\u00a0? La victime doit donc refouler son d\u00e9go\u00fbt sous peine de mort, et se f\u00e9liciter de son sort. Imagine-t-on une prise de parole, quand les propri\u00e9taires de la parole appartiennent au camp des plus forts\u00a0? Codifi\u00e9 en devoir par le quotidien, le jeu de r\u00f4les entre insiders et outsiders fait du plaisir \u00e9prouv\u00e9 dans la consommation de pacotilles, l\u2019instrument magique de cette mise en sc\u00e8ne&#8230;<\/span><\/p>\n<p style=\"text-align: justify;\"><span style=\"font-family: times new roman, times, serif; font-size: 14pt; color: #ff0000;\">(\u00a0\u00bb\u00a0<em>Violez ! Violez ! Violez ! Je dis aux hommes : violez les femmes !\u00a0<\/em>\u00ab\u00a0, clame Finkielkraut \u00e0 l&rsquo;une des innombrables tribunes m\u00e9diatiques offertes aux porte-voix de la nouvelle extr\u00eame-droite par la tour Panoptic. Cette injonction \u00e0 violer, consubstantielle \u00e0 celle de ne pas se voiler, est le dernier commandement de la loi mosa\u00efque&#8230; Le m\u00eame id\u00e9ologue ajoute au micro, pour l\u00e9gitimer l&rsquo;abjection : \u00ab\u00a0<em>En un mot, je pr\u00e9f\u00e8re Elisabeth Badinter \u00e0 Caroline De Haas<\/em>\u00ab\u00a0.)\u00a0 \u00a0<strong>\u00a0<\/strong><\/span><\/p>\n<p style=\"text-align: justify;\"><span style=\"font-family: times new roman, times, serif; font-size: 14pt;\">Une continuelle inversion dans les repr\u00e9sentations doit brouiller sans cesse le sens de cette soumission dite lib\u00e9ratrice. Toujours la lame du salut feint de trancher le n\u0153ud du servage, mais entaille les chairs plus inexorablement.\u00a0<\/span><\/p>\n<p style=\"text-align: justify;\"><span style=\"font-family: times new roman, times, serif; font-size: 14pt; color: #ff0000;\"><strong>(\u00a0<\/strong>Pascal Bruckner assimile \u00e0 un\u00a0<em>maccarthysme n\u00e9o-f\u00e9ministe<\/em>, comparable aux pers\u00e9cutions staliniennes et nazies, les plaintes pour viols et s\u00e9vices formul\u00e9es contre Polanski, celui-ci rev\u00eatant l&rsquo;uniforme de Dreyfus et la toge morale de Zola pour fustiger des accusatrices l&rsquo;ayant condamn\u00e9 \u00e0 rel\u00e9gation sur l&rsquo;\u00cele du Diable.)<\/span><\/p>\n<p style=\"text-align: justify;\"><span style=\"font-family: times new roman, times, serif; font-size: 14pt;\">La strat\u00e9gie mise en \u0153uvre emp\u00eache toute issue, d\u00e8s lors que l\u2019hypoth\u00e8se d\u2019une issue au capitalisme a \u00e9t\u00e9 abolie. Pri\u00e8re de communier aux c\u00e9l\u00e9brations de la libert\u00e9 retrouv\u00e9e en novembre 1989.\u00a0<\/span><\/p>\n<p style=\"text-align: justify;\"><span style=\"font-family: times new roman, times, serif; font-size: 14pt; color: #ff0000;\">(Sus au drapeau rouge, voil\u00e0 l&rsquo;ennemi !)<\/span><\/p>\n<p style=\"text-align: justify;\"><span style=\"font-family: times new roman, times, serif; font-size: 14pt;\">Hier vint un souteneur bonhomme osant affirmer que son adversaire \u00e9tait la finance. Pass\u00e9 la gal\u00e9jade, surgit un nouveau ma\u00eetre au prestige olympien s\u2019affirmant Jupiter. Baby Mac s\u2019imposa comme un amant au charme \u00e9quivoque, unissant la fougue de Mars \u00e0 la gr\u00e2ce d\u2019Apollon. Plus que jamais les damn\u00e9s d\u00e9sireraient leurs \u00e9lus, plus que jamais les victimes seraient consentantes. L\u2019\u00e9lu des \u00e9lus n\u2019avait-il pas annonc\u00e9 la r\u00e9volution\u00a0? C\u2019est dans un tel contexte que certains viols s\u00e9lectionn\u00e9s parmi les rangs de l&rsquo;\u00e9lite peuvent d\u00e9tourner l\u2019attention publique des s\u00e9vices et harc\u00e8lements de masse, promus au rang des beaux-arts par les ma\u00eetres de ce rapport social\u2026<\/span><\/p>\n<p style=\"text-align: justify;\"><span style=\"font-family: times new roman, times, serif; font-size: 14pt;\">Ainsi des foules aveugles partout sur la plan\u00e8te beuglent, ruent, s\u2019emp\u00eatrent les cornes sur des muletas dans les plis desquelles se dissimule une \u00e9p\u00e9e pr\u00eate pour l\u2019estocade : ce corps mugissant peut-il -\u2014 veut-il \u2014 d\u00e9jouer feintes et ruses de la tour Panoptic au service de Kapitotal ?\u2026<\/span><\/p>\n<p style=\"text-align: justify;\"><span style=\"font-family: times new roman, times, serif; font-size: 14pt; color: #ff0000;\">(Nos taureaux babyloniens sont bien plac\u00e9s pour savoir les cons\u00e9quences de foncer sans penser. Mais ils ont besoin d&rsquo;un enclos mental. Demain, leurs cris transform\u00e9s en voix \u00e9lectorales, ils voteront encore pour chacune des branches de la m\u00e2choire du Moloch !)<\/span><\/p>\n<p style=\"text-align: justify;\"><span style=\"font-family: times new roman, times, serif; font-size: 14pt;\">L\u2019urgence de cette confession m\u2019est venue d\u2019une rencontre mythique avec le couple form\u00e9 d\u2019Ishtar et de Gilgamesh, \u00e0 qui je rends gr\u00e2ce de m\u2019avoir fait acc\u00e9der \u00e0 la<em>\u00a0Sph\u00e8re.<\/em><\/span><\/p>\n<p style=\"text-align: justify;\"><span style=\"font-family: times new roman, times, serif; font-size: 14pt;\"><em>\u00a0<\/em><\/span><\/p>\n<p style=\"text-align: justify;\"><span style=\"font-family: times new roman, times, serif; font-size: 14pt;\">Elisabeth B.\u00a0(18 novembre 2019)<\/span><\/p>\n<p style=\"text-align: justify;\"><span style=\"font-family: times new roman, times, serif; font-size: 14pt; color: #ff0000;\">(Qui croirait voir une personne r\u00e9elle en cette \u00a0\u00bb Elisabeth B \u00a0\u00bb pourrait fort se tromper, car il n&rsquo;est pas exclu qu&rsquo;il s&rsquo;agisse d&rsquo;une affabulation de Gilgamesh lui-m\u00eame.)<\/span><\/p>\n<p>&nbsp;<\/p>\n<p>&nbsp;<\/p>\n<p style=\"text-align: center;\"><a href=\"http:\/\/blog.lesgrossesorchadeslesamplesthalameges.fr\/wp-content\/uploads\/2020\/01\/Eris_badinter-441a6-3c2d8.jpg\"><img loading=\"lazy\" class=\"alignnone wp-image-8052\" src=\"http:\/\/blog.lesgrossesorchadeslesamplesthalameges.fr\/wp-content\/uploads\/2020\/01\/Eris_badinter-441a6-3c2d8-300x247.jpg\" alt=\"\" width=\"500\" height=\"412\" srcset=\"https:\/\/blog.lesgrossesorchadeslesamplesthalameges.fr\/wp-content\/uploads\/2020\/01\/Eris_badinter-441a6-3c2d8-300x247.jpg 300w, https:\/\/blog.lesgrossesorchadeslesamplesthalameges.fr\/wp-content\/uploads\/2020\/01\/Eris_badinter-441a6-3c2d8.jpg 600w\" sizes=\"(max-width: 500px) 100vw, 500px\" \/><\/a><\/p>\n<p>&nbsp;<\/p>\n<p>&nbsp;<\/p>\n<p><span style=\"font-size: 14pt;\"><a href=\"http:\/\/www.spherisme.be\">www.spherisme.be<\/a><\/span><\/p>\n<p style=\"text-align: left;\"><strong>URL de cet article\u00a0: <\/strong><a href=\"http:\/\/blog.lesgrossesorchadeslesamplesthalameges.fr\/index.php\/du-viol-considere-comme-un-des-beaux-arts\/\">http:\/\/blog.lesgrossesorchadeslesamplesthalameges.fr\/index.php\/du-viol-considere-comme-un-des-beaux-arts\/<\/a><strong><br \/>\n<\/strong><\/p>\n<p><strong>\u00a0<\/strong><\/p>\n<p>&nbsp;<\/p>\n<p style=\"text-align: center;\"><strong>\u00a0<a href=\"http:\/\/blog.lesgrossesorchadeslesamplesthalameges.fr\/wp-content\/uploads\/2020\/01\/Roquet-GIF.gif\"><img loading=\"lazy\" class=\"alignnone wp-image-8048\" src=\"http:\/\/blog.lesgrossesorchadeslesamplesthalameges.fr\/wp-content\/uploads\/2020\/01\/Roquet-GIF.gif\" alt=\"\" width=\"75\" height=\"75\" \/><\/a><\/strong><\/p>\n<p><strong>\u00a0<\/strong><\/p>\n<p>&nbsp;<\/p>\n<p style=\"text-align: right;\"><span style=\"font-family: comic sans ms, sans-serif; font-size: 14pt;\">Janvier 2020<\/span><\/p>\n<p>&nbsp;<\/p>\n<p>&nbsp;<\/p>\n","protected":false},"excerpt":{"rendered":"<p>&nbsp; &nbsp; &nbsp; &nbsp; &nbsp; &nbsp; &nbsp; Du viol consid\u00e9r\u00e9 comme un des beaux-arts \u00a0 Anatole Atlas \u2013 spherisme.be \u2013 10.1.2029 \u00a0 &nbsp; \u00ab\u00a0I was damned if I did, and also damned if I didn\u2019t.\u00a0\u00bb Pirozka Nagy, \u00e9conomiste au FMI harcel\u00e9e par DSK &nbsp; &nbsp; (&#8230;) L\u2019heure est venue de le divulguer pour la militante&#8230;<\/p>\n","protected":false},"author":1,"featured_media":0,"parent":0,"menu_order":0,"comment_status":"open","ping_status":"open","template":"","meta":[],"_links":{"self":[{"href":"https:\/\/blog.lesgrossesorchadeslesamplesthalameges.fr\/index.php\/wp-json\/wp\/v2\/pages\/8112"}],"collection":[{"href":"https:\/\/blog.lesgrossesorchadeslesamplesthalameges.fr\/index.php\/wp-json\/wp\/v2\/pages"}],"about":[{"href":"https:\/\/blog.lesgrossesorchadeslesamplesthalameges.fr\/index.php\/wp-json\/wp\/v2\/types\/page"}],"author":[{"embeddable":true,"href":"https:\/\/blog.lesgrossesorchadeslesamplesthalameges.fr\/index.php\/wp-json\/wp\/v2\/users\/1"}],"replies":[{"embeddable":true,"href":"https:\/\/blog.lesgrossesorchadeslesamplesthalameges.fr\/index.php\/wp-json\/wp\/v2\/comments?post=8112"}],"version-history":[{"count":0,"href":"https:\/\/blog.lesgrossesorchadeslesamplesthalameges.fr\/index.php\/wp-json\/wp\/v2\/pages\/8112\/revisions"}],"wp:attachment":[{"href":"https:\/\/blog.lesgrossesorchadeslesamplesthalameges.fr\/index.php\/wp-json\/wp\/v2\/media?parent=8112"}],"curies":[{"name":"wp","href":"https:\/\/api.w.org\/{rel}","templated":true}]}}