{"id":8328,"date":"2020-02-05T22:55:25","date_gmt":"2020-02-05T21:55:25","guid":{"rendered":"http:\/\/blog.lesgrossesorchadeslesamplesthalameges.fr\/?page_id=8328"},"modified":"2020-02-05T22:57:14","modified_gmt":"2020-02-05T21:57:14","slug":"plus-lies-encore-au-pentagone-avec-guerini","status":"publish","type":"page","link":"https:\/\/blog.lesgrossesorchadeslesamplesthalameges.fr\/index.php\/plus-lies-encore-au-pentagone-avec-guerini\/","title":{"rendered":"Plus li\u00e9s encore au Pentagone avec Guerini"},"content":{"rendered":"<p>&nbsp;<\/p>\n<p>&nbsp;<\/p>\n<p>&nbsp;<\/p>\n<p>&nbsp;<\/p>\n<p>&nbsp;<\/p>\n<p>&nbsp;<\/p>\n<p style=\"text-align: center;\"><span style=\"font-family: times new roman, times, serif; font-size: 14pt; color: #c00000;\"><strong>L\u2019art de la guerre<\/strong><\/span><\/p>\n<p style=\"text-align: center;\"><span style=\"font-family: times new roman, times, serif; font-size: 36pt;\"><strong>Plus li\u00e9s encore au Pentagone avec Guerini<\/strong><\/span><\/p>\n<p>&nbsp;<\/p>\n<p style=\"text-align: center;\"><span style=\"font-family: times new roman, times, serif; font-size: 18pt;\"><strong>Manlio Dinucci \u2013 <\/strong><a href=\"https:\/\/ilmanifesto.it\/con-guerini-ancora-piu-legati-al-pentagono\/\"><strong><em>il manifesto<\/em><\/strong><\/a><strong> \u2013 4.2.2020<\/strong><\/span><\/p>\n<p>&nbsp;<\/p>\n<p>&nbsp;<\/p>\n<p style=\"text-align: center;\"><a href=\"http:\/\/blog.lesgrossesorchadeslesamplesthalameges.fr\/wp-content\/uploads\/2020\/02\/Lorenzo-Guerini-.jpg\"><img loading=\"lazy\" class=\"alignnone wp-image-8282 size-full\" src=\"http:\/\/blog.lesgrossesorchadeslesamplesthalameges.fr\/wp-content\/uploads\/2020\/02\/Lorenzo-Guerini-.jpg\" alt=\"\" width=\"600\" height=\"400\" srcset=\"https:\/\/blog.lesgrossesorchadeslesamplesthalameges.fr\/wp-content\/uploads\/2020\/02\/Lorenzo-Guerini-.jpg 600w, https:\/\/blog.lesgrossesorchadeslesamplesthalameges.fr\/wp-content\/uploads\/2020\/02\/Lorenzo-Guerini--300x200.jpg 300w\" sizes=\"(max-width: 600px) 100vw, 600px\" \/><\/a><\/p>\n<p style=\"text-align: center;\"><span style=\"font-family: times new roman, times, serif; font-size: 14pt;\"><a href=\"https:\/\/formiche.net\/2020\/01\/guerini-esper-telefonata\/\"><strong><em><span style=\"font-size: 12pt;\">Ecco il jolly italiano per l\u2019Iraq. <\/span><\/em><\/strong><span style=\"font-size: 12pt;\"><strong><em>Il colloquio tra Guerini e il capo del Pentagono<\/em><\/strong><\/span><\/a><\/span><\/p>\n<p>&nbsp;<\/p>\n<p>&nbsp;<\/p>\n<p style=\"text-align: justify;\"><span style=\"font-family: times new roman, times, serif; font-size: 14pt;\">\u00ab\u00a0Relation historiquement privil\u00e9gi\u00e9e, qu\u2019il faut renforcer le plus possible\u00a0\u00bb\u00a0: ainsi, dans sa visite \u00e0 Washington (29-31 janvier), le ministre de la D\u00e9fense Lorenzo Guerini (Pd) a d\u00e9fini le lien de l\u2019Italie avec les \u00c9tats-Unis. Le secr\u00e9taire US \u00e0 la D\u00e9fense Mark Esper a qualifi\u00e9 l\u2019Italie de \u00ab\u00a0solide alli\u00e9 OTAN\u00a0\u00bb qui, en h\u00e9bergeant plus de 34.000 militaires et autres personnels du Pentagone, \u00ab\u00a0joue un r\u00f4le vital dans notre projection de force en Europe, dans la M\u00e9diterran\u00e9e et en Afrique du Nord\u00a0\u00bb.<\/span><\/p>\n<p style=\"text-align: justify;\"><span style=\"font-family: times new roman, times, serif; font-size: 14pt;\">Le r\u00f4le de l\u2019Italie est plus important que ne le dit m\u00eame Esper. Le Pentagone peut lancer de notre territoire, \u00e0 travers les commandements et les bases USA\/OTAN, des op\u00e9rations militaires dans une aire qui de l\u2019Atlantique s\u2019\u00e9tend \u00e0 la Russie et, au sud, \u00e0 toute l\u2019Afrique et au Moyen-Orient. Toujours avec l\u2019accord et la collaboration de l\u2019\u00c9tat italien. \u00ab\u00a0Les deux pays -souligne le communiqu\u00e9 officiel du Pentagone- reconnaissent l\u2019influence d\u00e9stabilisante de l\u2019Iran au Moyen-Orient et s\u2019accordent pour continuer \u00e0 op\u00e9rer ensemble afin de contenir les activit\u00e9s iraniennes de plus en plus perturbatrices\u00a0\u00bb.<\/span><\/p>\n<p style=\"text-align: justify;\"><span style=\"font-family: times new roman, times, serif; font-size: 14pt;\">Ainsi est effac\u00e9e la position formelle assum\u00e9e par le Gouvernement italien (et donc par Guerini aussi) qui, apr\u00e8s le meurtre de Soleimani ordonn\u00e9 par Trump et la r\u00e9action iranienne, avait soulign\u00e9 la n\u00e9cessit\u00e9 d\u2019\u00ab\u00a0\u00e9viter une escalade ult\u00e9rieure et favoriser un apaisement de la tension par la diplomatie\u00a0\u00bb. Confirmant que c\u2019est Washington qui d\u00e9cide et non pas Rome, Guerini a d\u00e9clar\u00e9, dans la conf\u00e9rence de presse au Pentagone, que l\u2019\u00ab\u00a0Italie a d\u00e9cid\u00e9 de rester en Irak apr\u00e8s une conversation t\u00e9l\u00e9phonique avec le secr\u00e9taire Esper\u00a0\u00bb. Guerini \u2013 informe le minist\u00e8re de la D\u00e9fense \u2013 a \u00e9t\u00e9 re\u00e7u aussi par le conseiller du pr\u00e9sident Trump, Jared Kushner, \u00ab\u00a0promoteur du r\u00e9cent plan de paix pour le Moyen-Orient\u00a0\u00bb, c\u2019est-\u00e0-dire du plan de cr\u00e9er un \u00ab\u00a0\u00c9tat palestinien\u00a0\u00bb sur le mod\u00e8le des \u00ab\u00a0r\u00e9serves indiennes\u00a0\u00bb cr\u00e9\u00e9es par les USA au 19<sup>\u00e8me<\/sup> si\u00e8cle.\u00a0<\/span><\/p>\n<p style=\"text-align: justify;\"><span style=\"font-family: times new roman, times, serif; font-size: 14pt;\">Le ministre Guerini s\u2019est aussi fait un peu tirer les oreilles par Esper : l\u2019Italie doit davantage s\u2019engager pour porter sa d\u00e9pense militaire (environ 70 millions d\u2019euros par jour) \u00e0 au moins 2% du PIB (environ 100 millions d\u2019euros par jour) ; elle doit en outre limiter ou bannir l\u2019usage de technologie chinoise 5G, notamment Huawei, qui \u00ab\u00a0compromet la s\u00e9curit\u00e9 de l\u2019Alliance\u00a0\u00bb.<\/span><\/p>\n<p style=\"text-align: justify;\"><span style=\"font-family: times new roman, times, serif; font-size: 14pt;\">Mais imm\u00e9diatement apr\u00e8s, le ministre Guerini a eu sa plus grande satisfaction : le chef du Pentagone l\u2019a remerci\u00e9 d\u2019\u00ab\u00a0avoir renforc\u00e9 le r\u00f4le de l\u2019Italie comme partenaire fondamental des \u00c9tats-Unis dans l\u2019industrie de la D\u00e9fense, et de son fort soutien au programme du chasseur F-35 dans lequel l\u2019Italie, partenaire de second niveau, a fait d\u2019importants investissements en recherche et d\u00e9veloppement\u00a0\u00bb.<\/span><\/p>\n<p style=\"text-align: justify;\"><span style=\"font-family: times new roman, times, serif; font-size: 14pt;\">\u00c0 Washington, lit-on dans un communiqu\u00e9 publi\u00e9 \u00e0 Rome, le ministre Guerini a rencontr\u00e9 des \u00ab\u00a0repr\u00e9sentants de l\u2019industrie italienne de la D\u00e9fense et les principaux <em>think tank<\/em> du secteur\u00a0\u00bb. Au premier rang, certainement, les dirigeants de la soci\u00e9t\u00e9 Leonardo \u2013 la plus grande industrie militaire italienne, dont le Minist\u00e8re de l\u2019\u00e9conomie et des finances est le principal actionnaire \u2013 qui, aux \u00c9tats-Unis, fournit des produits et services aux forces arm\u00e9es et aux agences de renseignement, et en Italie g\u00e8re le site de Cameri des chasseurs F-35 de Lockheed Martin.<\/span><\/p>\n<p style=\"text-align: justify;\"><span style=\"font-family: times new roman, times, serif; font-size: 14pt;\">Guerini a aussi rencontr\u00e9 \u00e0 Washington les dirigeants de Fincantieri, contr\u00f4l\u00e9e \u00e0 plus de 70% par le Minist\u00e8re de l\u2019\u00e9conomie et des finances. Aux USA le Fincantieri Marine Group construit des navires de combat littoral pour l\u2019US Navy. Quatre navires du m\u00eame type sont maintenant construits par cette soci\u00e9t\u00e9 Fincantieri pour l\u2019Arabie Saoudite sur la base d\u2019un contrat de 2 milliards de dollars stipul\u00e9 par Lockheed Martin.\u00a0<\/span><\/p>\n<p style=\"text-align: justify;\"><span style=\"font-family: times new roman, times, serif; font-size: 14pt;\">En 2019, tandis que Fincantieri, contr\u00f4l\u00e9e par le Gouvernement, signait le contrat de construction des navires de guerre pour l\u2019Arabie Saoudite, la Chambre approuvait une motion, pr\u00e9sent\u00e9e par la majorit\u00e9 de gouvernement, qui demandait l\u2019embargo sur la vente d\u2019armements \u00e0 l\u2019Arabie Saoudite.<\/span><\/p>\n<p style=\"text-align: justify;\"><span style=\"font-family: times new roman, times, serif; font-size: 14pt;\">\u00c9dition de mardi 4 f\u00e9vrier 2020 de <em>il manifesto<\/em><\/span><\/p>\n<p style=\"text-align: justify;\"><span style=\"font-family: times new roman, times, serif; font-size: 14pt;\"><a href=\"https:\/\/ilmanifesto.it\/con-guerini-ancora-piu-legati-al-pentagono\/\">https:\/\/ilmanifesto.it\/con-guerini-ancora-piu-legati-al-pentagono\/<\/a><em>\u00a0<\/em><\/span><\/p>\n<p style=\"text-align: left;\"><span style=\"font-family: times new roman, times, serif; font-size: 14pt;\"><strong>URL de cet article\u00a0: <\/strong>http:\/\/blog.lesgrossesorchadeslesamplesthalameges.fr\/index.php\/plus-lies-encore-au-pentagone-avec-guerini\/<strong><br \/>\n<\/strong><\/span><\/p>\n<p>&nbsp;<\/p>\n<p><strong><em>\u00a0<\/em><\/strong><\/p>\n<p style=\"text-align: center;\"><strong><em>\u00a0<a href=\"http:\/\/blog.lesgrossesorchadeslesamplesthalameges.fr\/wp-content\/uploads\/2020\/02\/DOVE-GIF.gif\"><img loading=\"lazy\" class=\"alignnone wp-image-8276\" src=\"http:\/\/blog.lesgrossesorchadeslesamplesthalameges.fr\/wp-content\/uploads\/2020\/02\/DOVE-GIF.gif\" alt=\"\" width=\"200\" height=\"161\" \/><\/a><\/em><\/strong><\/p>\n<p>&nbsp;<\/p>\n<p>&nbsp;<\/p>\n<p style=\"text-align: right;\"><span style=\"font-family: comic sans ms, sans-serif; font-size: 14pt;\">F\u00e9vrier 2020<\/span><\/p>\n<p>&nbsp;<\/p>\n<p>&nbsp;<\/p>\n","protected":false},"excerpt":{"rendered":"<p>&nbsp; &nbsp; &nbsp; &nbsp; &nbsp; &nbsp; L\u2019art de la guerre Plus li\u00e9s encore au Pentagone avec Guerini &nbsp; Manlio Dinucci \u2013 il manifesto \u2013 4.2.2020 &nbsp; &nbsp; Ecco il jolly italiano per l\u2019Iraq. Il colloquio tra Guerini e il capo del Pentagono &nbsp; &nbsp; \u00ab\u00a0Relation historiquement privil\u00e9gi\u00e9e, qu\u2019il faut renforcer le plus possible\u00a0\u00bb\u00a0: ainsi, dans&#8230;<\/p>\n","protected":false},"author":1,"featured_media":0,"parent":0,"menu_order":0,"comment_status":"closed","ping_status":"closed","template":"","meta":[],"_links":{"self":[{"href":"https:\/\/blog.lesgrossesorchadeslesamplesthalameges.fr\/index.php\/wp-json\/wp\/v2\/pages\/8328"}],"collection":[{"href":"https:\/\/blog.lesgrossesorchadeslesamplesthalameges.fr\/index.php\/wp-json\/wp\/v2\/pages"}],"about":[{"href":"https:\/\/blog.lesgrossesorchadeslesamplesthalameges.fr\/index.php\/wp-json\/wp\/v2\/types\/page"}],"author":[{"embeddable":true,"href":"https:\/\/blog.lesgrossesorchadeslesamplesthalameges.fr\/index.php\/wp-json\/wp\/v2\/users\/1"}],"replies":[{"embeddable":true,"href":"https:\/\/blog.lesgrossesorchadeslesamplesthalameges.fr\/index.php\/wp-json\/wp\/v2\/comments?post=8328"}],"version-history":[{"count":0,"href":"https:\/\/blog.lesgrossesorchadeslesamplesthalameges.fr\/index.php\/wp-json\/wp\/v2\/pages\/8328\/revisions"}],"wp:attachment":[{"href":"https:\/\/blog.lesgrossesorchadeslesamplesthalameges.fr\/index.php\/wp-json\/wp\/v2\/media?parent=8328"}],"curies":[{"name":"wp","href":"https:\/\/api.w.org\/{rel}","templated":true}]}}