{"id":8493,"date":"2020-02-25T22:25:58","date_gmt":"2020-02-25T21:25:58","guid":{"rendered":"http:\/\/blog.lesgrossesorchadeslesamplesthalameges.fr\/?page_id=8493"},"modified":"2020-02-25T22:26:58","modified_gmt":"2020-02-25T21:26:58","slug":"larmee-francaise-doit-quitter-lafrique-sahelienne","status":"publish","type":"page","link":"https:\/\/blog.lesgrossesorchadeslesamplesthalameges.fr\/index.php\/larmee-francaise-doit-quitter-lafrique-sahelienne\/","title":{"rendered":"L&rsquo;arm\u00e9e fran\u00e7aise doit quitter l&rsquo;Afrique sah\u00e9lienne"},"content":{"rendered":"<p>&nbsp;<\/p>\n<p>&nbsp;<\/p>\n<p>&nbsp;<\/p>\n<p>&nbsp;<\/p>\n<p>&nbsp;<\/p>\n<p>&nbsp;<\/p>\n<p>&nbsp;<\/p>\n<p style=\"text-align: center;\"><a href=\"http:\/\/blog.lesgrossesorchadeslesamplesthalameges.fr\/wp-content\/uploads\/2020\/02\/POLEX-GIF-1.gif\"><img loading=\"lazy\" class=\"alignnone wp-image-8495\" src=\"http:\/\/blog.lesgrossesorchadeslesamplesthalameges.fr\/wp-content\/uploads\/2020\/02\/POLEX-GIF-1.gif\" alt=\"\" width=\"600\" height=\"197\" \/><\/a><\/p>\n<p>&nbsp;<\/p>\n<p>&nbsp;<\/p>\n<p style=\"text-align: center;\"><span style=\"font-family: times new roman, times, serif; font-size: 36pt;\"><strong>L&rsquo;ARM\u00c9E FRAN\u00c7AISE DOIT QUITTER L&rsquo;AFRIQUE SAH\u00c9LIENNE !<\/strong><\/span><\/p>\n<p style=\"text-align: center;\"><span style=\"font-family: times new roman, times, serif; font-size: 14pt;\"><strong>\u00a0<\/strong><\/span><\/p>\n<p style=\"text-align: center;\"><span style=\"font-family: times new roman, times, serif; font-size: 24pt; color: #c00000;\"><strong>PAS D&rsquo;ING\u00c9RENCES IMP\u00c9RIALISTES EN NOTRE NOM !<\/strong><\/span><\/p>\n<p style=\"text-align: center;\"><span style=\"font-family: times new roman, times, serif; font-size: 14pt;\"><strong>\u00a0<\/strong><\/span><\/p>\n<p style=\"text-align: center;\"><span style=\"font-family: times new roman, times, serif; font-size: 14pt;\"><a href=\"https:\/\/www.socialgerie.net\/spip.php?breve808\"><strong><em><span style=\"font-size: 18pt;\">Collectif communiste Polex<\/span><\/em><\/strong><\/a><span style=\"font-size: 18pt;\"><strong> \u2013 20.2.2020<\/strong><\/span><\/span><\/p>\n<p style=\"text-align: center;\"><span style=\"font-family: times new roman, times, serif; font-size: 14pt;\"><strong>\u00a0<\/strong><\/span><\/p>\n<p style=\"text-align: justify;\"><span style=\"font-family: times new roman, times, serif; font-size: 14pt;\"><strong>\u00a0<\/strong><\/span><\/p>\n<p style=\"text-align: center;\"><span style=\"font-family: times new roman, times, serif; font-size: 14pt;\"><strong>\u00a0<a href=\"http:\/\/blog.lesgrossesorchadeslesamplesthalameges.fr\/wp-content\/uploads\/2020\/02\/Arm\u00e9e-au-Sahel-1.jpg\"><img loading=\"lazy\" class=\"alignnone wp-image-8496 size-full\" src=\"http:\/\/blog.lesgrossesorchadeslesamplesthalameges.fr\/wp-content\/uploads\/2020\/02\/Arm\u00e9e-au-Sahel-1.jpg\" alt=\"\" width=\"600\" height=\"300\" srcset=\"https:\/\/blog.lesgrossesorchadeslesamplesthalameges.fr\/wp-content\/uploads\/2020\/02\/Arm\u00e9e-au-Sahel-1.jpg 600w, https:\/\/blog.lesgrossesorchadeslesamplesthalameges.fr\/wp-content\/uploads\/2020\/02\/Arm\u00e9e-au-Sahel-1-300x150.jpg 300w\" sizes=\"(max-width: 600px) 100vw, 600px\" \/><\/a><\/strong><\/span><\/p>\n<p>&nbsp;<\/p>\n<p>&nbsp;<\/p>\n<p style=\"text-align: justify;\"><span style=\"font-family: times new roman, times, serif; font-size: 14pt;\">L&rsquo;ensemble du Sahel africain, de la Mauritanie au Niger, du Mali au Burkina Faso, du d\u00e9sert aux fleuves, est parcouru par des troupes \u00e9trang\u00e8res, notamment fran\u00e7aises. Le Pr\u00e9sident Macron affirme qu&rsquo;elles sont n\u00e9cessaires pour combattre les \u00a0\u00bb djihadistes \u00ab\u00a0, les int\u00e9gristes-islamistes, \u00e0 la demande des peuples africains. .En fait, elles sont de plus en plus ressenties par ces peuples du Sahel comme des troupes occidentales d&rsquo;occupation, inutiles ou n\u00e9fastes, et ce discours \u00ab\u00a0humaniste\u00a0\u00bb des dirigeants fran\u00e7ais se r\u00e9v\u00e8le chaque jour davantage un mensonge.<\/span><\/p>\n<p style=\"text-align: justify;\"><span style=\"font-family: times new roman, times, serif; font-size: 14pt;\"><strong>\u00a0\u00a0\u00a0\u00a0\u00a0\u00a0\u00a0\u00a0\u00a0 1\/<\/strong> D&rsquo;abord parce que le bilan de cette pr\u00e9sence militaire \u00e9trang\u00e8re massive (12.000 soldats sous le drapeau de l&rsquo;ONU dits MINUSMA, 5 000 environ de \u00ab\u00a0l&rsquo;OPEX\u00a0\u00bb fran\u00e7aise Barkhane, qui sillonnent le d\u00e9sert malien avec l&rsquo;aide de drones US) s&rsquo;enlise en op\u00e9rations inefficaces depuis des ann\u00e9es : l&rsquo;arm\u00e9e fran\u00e7aise a eu quelques tu\u00e9s, ce qui est fort regrettable. Mais ces pertes sont minimes \u00e0 c\u00f4t\u00e9 de cons\u00e9quences, chaque ann\u00e9e plus dramatiques, pour les Africains:<\/span><\/p>\n<p style=\"text-align: justify;\"><span style=\"font-family: times new roman, times, serif; font-size: 14pt;\">Les morts maliens, nig\u00e9riens, et burkinab\u00e9s, soldats et paysans, hommes, femmes et enfants, depuis le d\u00e9but de la pr\u00e9sence militaire \u00e9trang\u00e8re, se comptent en milliers, et des dizaines de milliers de civils ont d\u00fb fuir leurs villages au nord du Mali et \u00e0 l&rsquo;ouest du Burkina. Il se dit de plus en plus, de Bamako \u00e0 Niamey, que les soldats fran\u00e7ais et autres ne sont l\u00e0 que pour prot\u00e9ger les soci\u00e9t\u00e9s mini\u00e8res occidentales, Areva qui exploite au Niger le minerai d&rsquo;uranium N\u00c9CESSAIRE aux centrales nucl\u00e9aires fran\u00e7aises, et celles qui tirent de la r\u00e9gion p\u00e9trole, or, ou voudraient bien le faire.<\/span><\/p>\n<p style=\"text-align: justify;\"><span style=\"font-family: times new roman, times, serif; font-size: 14pt;\"><strong>\u00a0\u00a0\u00a0\u00a0\u00a0\u00a0\u00a0\u00a0 2\/ <\/strong>Tous ces pays du Sahel, au sud du d\u00e9sert saharien, sont d&rsquo;anciennes colonies de la France, \u00e0 qui De Gaulle a octroy\u00e9 l&rsquo;ind\u00e9pendance en 1960, \u00e0 condition qu&rsquo;ils signent des trait\u00e9s qui assurent depuis leur suj\u00e9tion \u00e9conomique (franc CFA, exploitation pr\u00e9f\u00e9rentielle des richesses), <\/span><span style=\"font-family: times new roman, times, serif; font-size: 14pt;\">militaire (plus de 50 interventions arm\u00e9es de la France en un demi-si\u00e8cle), et politique : ils n&rsquo;ont de ce fait que tr\u00e8s peu d&rsquo;industries, et un \u00c9tat souvent corrompu et d\u00e9ficient, incapable d&rsquo;assurer la s\u00e9curit\u00e9 gr\u00e2ce \u00e0 la police et l&rsquo;arm\u00e9e nationales, et un emploi aux jeunes : des milliers de dipl\u00f4m\u00e9s ne survivent qu&rsquo;en vendant ce qu&rsquo;ils peuvent dans la rue. Ils sont une proie facile pour les passeurs de migrants, et les recruteurs de groupes arm\u00e9s clandestins, qui leur offrent un salaire comme ils n&rsquo;en ont jamais eu (5 \u00e0 6 fois le revenu moyen au Mali), et des armes leur permettant d&rsquo;imposer leur volont\u00e9 \u00e0 la population.<\/span><\/p>\n<p style=\"text-align: justify;\"><span style=\"font-family: times new roman, times, serif; font-size: 14pt;\"><strong>\u00a0\u00a0\u00a0\u00a0\u00a0\u00a0\u00a0\u00a0\u00a0\u00a0\u00a0 3\/<\/strong> Les groupes arm\u00e9s, s\u00e9paratistes ou trafiquants plus que religieux, sont toujours plus pr\u00e9sents et dangereux. Et le fanatisme islamiste-djihadiste, financ\u00e9 dans toute la sous-r\u00e9gion par les monarchies p\u00e9troli\u00e8res du Golfe Arabique, alli\u00e9es de l&rsquo;Occident (USA et Isra\u00ebl) ne manque pas de moyens pour recruter des gens r\u00e9duits \u00e0 la mis\u00e8re et au ch\u00f4mage.<\/span><\/p>\n<p style=\"text-align: justify;\"><span style=\"font-family: times new roman, times, serif; font-size: 14pt;\"><strong>\u00a0\u00a0\u00a0\u00a0\u00a0\u00a0\u00a0\u00a0\u00a0\u00a0\u00a0 4\/<\/strong> La pr\u00e9sence des soldats \u00e9trangers s&rsquo;est traduite en quelques ann\u00e9es par la croissance du fanatisme religieux et de la x\u00e9nophobie dans des pays comme le Mali ou le Burkina, dont l&rsquo;Islam majoritaire \u00e9tait il y a 10 ans extr\u00eamement tol\u00e9rant. Dans tout ce secteur, les tueries \u00e0 pr\u00e9textes ethnicistes (entre Touaregs, Peuls, Dogons, etc.) se sont multipli\u00e9es depuis un an, faisant craindre les pires d\u00e9rives.<\/span><\/p>\n<p style=\"text-align: justify;\"><span style=\"font-family: times new roman, times, serif; font-size: 14pt;\">\u00ad____________________<\/span><\/p>\n<p style=\"text-align: justify;\"><span style=\"font-family: times new roman, times, serif; font-size: 14pt;\">\u00c0 l&rsquo;inverse des discours claironnants d&rsquo;Emmanuel Macron, la pr\u00e9sence de troupes fran\u00e7aises au Sahel, dans la mesure o\u00f9 elle ajoute au discr\u00e9dit et \u00e0 l&rsquo;impuissance des \u00c9tats africains, n&rsquo;est pas le moyen d&rsquo;\u00e9radiquer le djihadisme, l&rsquo;ins\u00e9curit\u00e9 et la pauvret\u00e9 qui contraint par milliers chaque ann\u00e9e des Africains \u00e0 migrer au p\u00e9ril de leur vie. <strong><em>Elle en est m\u00eame une cause essentielle<\/em><\/strong><em>.<\/em><\/span><\/p>\n<p style=\"text-align: justify;\"><span style=\"font-family: times new roman, times, serif; font-size: 14pt;\"><em>\u00a0<\/em><\/span><\/p>\n<p>&nbsp;<\/p>\n<p style=\"text-align: center;\"><a href=\"http:\/\/blog.lesgrossesorchadeslesamplesthalameges.fr\/wp-content\/uploads\/2020\/02\/R\u00e9fugi\u00e9.png\"><img loading=\"lazy\" class=\"alignnone wp-image-8450 size-full\" src=\"http:\/\/blog.lesgrossesorchadeslesamplesthalameges.fr\/wp-content\/uploads\/2020\/02\/R\u00e9fugi\u00e9.png\" alt=\"\" width=\"600\" height=\"361\" srcset=\"https:\/\/blog.lesgrossesorchadeslesamplesthalameges.fr\/wp-content\/uploads\/2020\/02\/R\u00e9fugi\u00e9.png 600w, https:\/\/blog.lesgrossesorchadeslesamplesthalameges.fr\/wp-content\/uploads\/2020\/02\/R\u00e9fugi\u00e9-300x181.png 300w\" sizes=\"(max-width: 600px) 100vw, 600px\" \/><\/a><\/p>\n<p>&nbsp;<\/p>\n<p style=\"text-align: center;\"><span style=\"font-family: times new roman, times, serif; font-size: 14pt;\"><strong>IL EST TEMPS D&rsquo;EXIGER DES DIRIGEANTS FRANCAIS ET OCCIDENTAUX LE RETRAIT DU SAHEL DES TROUPES \u00c9TRANG\u00c8RES ET NOTAMMENT FRANCAISES.<\/strong><\/span><\/p>\n<p style=\"text-align: center;\"><span style=\"font-family: times new roman, times, serif; font-size: 14pt;\"><strong>\u00a0<\/strong><\/span><\/p>\n<p style=\"text-align: center;\"><span style=\"font-family: times new roman, times, serif; font-size: 14pt;\"><strong>LES INT\u00c9R\u00caTS DES ACTIONNAIRES D&rsquo;<em>AREVA<\/em> OU DE <em>TOTAL<\/em> NE PEUVENT JUSTIFIER DES MORTS OU DES D\u00c9PLAC\u00c9S\u00a0 EN AFRIQUE, QU&rsquo;ILS SOIENT FRANCAIS, MALIENS, BURKINAB\u00c9S OU NIG\u00c9RIENS<\/strong>.<\/span><\/p>\n<p>&nbsp;<\/p>\n<p style=\"text-align: center;\"><a href=\"http:\/\/blog.lesgrossesorchadeslesamplesthalameges.fr\/wp-content\/uploads\/2020\/02\/r\u00e9fugi\u00e9-se-noyant.jpg\"><img loading=\"lazy\" class=\"alignnone wp-image-8451 size-full\" src=\"http:\/\/blog.lesgrossesorchadeslesamplesthalameges.fr\/wp-content\/uploads\/2020\/02\/r\u00e9fugi\u00e9-se-noyant.jpg\" alt=\"\" width=\"600\" height=\"292\" srcset=\"https:\/\/blog.lesgrossesorchadeslesamplesthalameges.fr\/wp-content\/uploads\/2020\/02\/r\u00e9fugi\u00e9-se-noyant.jpg 600w, https:\/\/blog.lesgrossesorchadeslesamplesthalameges.fr\/wp-content\/uploads\/2020\/02\/r\u00e9fugi\u00e9-se-noyant-300x146.jpg 300w\" sizes=\"(max-width: 600px) 100vw, 600px\" \/><\/a><\/p>\n<p>&nbsp;<\/p>\n<p style=\"text-align: justify;\"><span style=\"font-family: times new roman, times, serif; font-size: 14pt;\"><strong>Visiter le site\u00a0:\u00a0<\/strong> <\/span><span style=\"font-family: times new roman, times, serif; font-size: 14pt;\"><a href=\"http:\/\/www.collectif-communiste-polex.org\/\"><strong>http:\/\/www.collectif-communiste-polex.org\/<\/strong><\/a><\/span><\/p>\n<p style=\"text-align: justify;\"><span style=\"font-family: times new roman, times, serif; font-size: 14pt;\"><strong>Courriel\u00a0: <\/strong><a href=\"mailto:contact.polex@orange.fr\"><strong>contact.polex@orange.fr<\/strong><\/a><\/span><\/p>\n<p style=\"text-align: left;\"><span style=\"font-family: times new roman, times, serif; font-size: 14pt;\"><strong>URL de cet article\u00a0: <\/strong><a href=\"http:\/\/blog.lesgrossesorchadeslesamplesthalameges.fr\/index.php\/larmee-francaise-doit-quitter-lafrique-sahelienne\/\">http:\/\/blog.lesgrossesorchadeslesamplesthalameges.fr\/index.php\/larmee-francaise-doit-quitter-lafrique-sahelienne\/<\/a><\/span><\/p>\n<p>&nbsp;<\/p>\n<p>&nbsp;<\/p>\n<p style=\"text-align: right;\"><span style=\"font-family: comic sans ms, sans-serif; font-size: 14pt;\">F\u00e9vrier 2020<\/span><\/p>\n<p>&nbsp;<\/p>\n<p>&nbsp;<\/p>\n","protected":false},"excerpt":{"rendered":"<p>&nbsp; &nbsp; &nbsp; &nbsp; &nbsp; &nbsp; &nbsp; &nbsp; &nbsp; L&rsquo;ARM\u00c9E FRAN\u00c7AISE DOIT QUITTER L&rsquo;AFRIQUE SAH\u00c9LIENNE ! \u00a0 PAS D&rsquo;ING\u00c9RENCES IMP\u00c9RIALISTES EN NOTRE NOM ! \u00a0 Collectif communiste Polex \u2013 20.2.2020 \u00a0 \u00a0 \u00a0 &nbsp; &nbsp; L&rsquo;ensemble du Sahel africain, de la Mauritanie au Niger, du Mali au Burkina Faso, du d\u00e9sert aux fleuves, est parcouru&#8230;<\/p>\n","protected":false},"author":1,"featured_media":0,"parent":0,"menu_order":0,"comment_status":"open","ping_status":"open","template":"","meta":[],"_links":{"self":[{"href":"https:\/\/blog.lesgrossesorchadeslesamplesthalameges.fr\/index.php\/wp-json\/wp\/v2\/pages\/8493"}],"collection":[{"href":"https:\/\/blog.lesgrossesorchadeslesamplesthalameges.fr\/index.php\/wp-json\/wp\/v2\/pages"}],"about":[{"href":"https:\/\/blog.lesgrossesorchadeslesamplesthalameges.fr\/index.php\/wp-json\/wp\/v2\/types\/page"}],"author":[{"embeddable":true,"href":"https:\/\/blog.lesgrossesorchadeslesamplesthalameges.fr\/index.php\/wp-json\/wp\/v2\/users\/1"}],"replies":[{"embeddable":true,"href":"https:\/\/blog.lesgrossesorchadeslesamplesthalameges.fr\/index.php\/wp-json\/wp\/v2\/comments?post=8493"}],"version-history":[{"count":0,"href":"https:\/\/blog.lesgrossesorchadeslesamplesthalameges.fr\/index.php\/wp-json\/wp\/v2\/pages\/8493\/revisions"}],"wp:attachment":[{"href":"https:\/\/blog.lesgrossesorchadeslesamplesthalameges.fr\/index.php\/wp-json\/wp\/v2\/media?parent=8493"}],"curies":[{"name":"wp","href":"https:\/\/api.w.org\/{rel}","templated":true}]}}